{"id":9822,"date":"2025-09-03T09:08:43","date_gmt":"2025-09-03T07:08:43","guid":{"rendered":"https:\/\/rutana.webdemo.lt\/?post_type=product&#038;p=9822"},"modified":"2025-10-13T15:35:18","modified_gmt":"2025-10-13T13:35:18","slug":"lipni-dvipuse-montavimo-juosta-19mm-x-1-5m-scotch-4496w-1915-p","status":"publish","type":"product","link":"https:\/\/rutana.lt\/en\/product\/lipni-dvipuse-montavimo-juosta-19mm-x-1-5m-scotch-4496w-1915-p\/","title":{"rendered":"Lipni dvipus\u0117 montavimo juosta 19mm x 1.5m Scotch 4496W-1915-P"},"content":{"rendered":"<p>Scotch-Fix\u2122 veidrodin\u0117 dvipus\u0117 montavimo juosta idealiai tinka nuolatiniam veidrod\u017ei\u0173 ir kit\u0173 daikt\u0173 tvirtinimui dr\u0117gnose vidaus patalpose. \u0160i pritaikyta dvipus\u0117 put\u0173 juosta u\u017etikrina greit\u0105 ir nuolatin\u012f vidini\u0173 pavir\u0161i\u0173, \u012fskaitant da\u017eytas sienas, metal\u0105, plyteles, keramik\u0105 ir daugum\u0105 plastik\u0173, sukibim\u0105. D\u0117l auk\u0161\u010diausios kokyb\u0117s 3M\u2122 pramonini\u0173 klij\u0173, jo tvirtas sukibimas atlaiko iki 5 kg svor\u012f be vini\u0173 ar plaktuko. \u0160i juosta yra atspari dr\u0117gmei, idealiai tinka diskreti\u0161kai montuoti veidrod\u017eius ( \u012fskaitant ber\u0117m\u0117s metalines veidrodines plyteles ) ir kitus objektus dr\u0117gnose vidaus patalpose, pavyzd\u017eiui, vonios kambariuose ir virtuv\u0117se. Atspari temperat\u016brai nuo 0\u00b0C iki 70\u00b0C.<\/p>\n<p>Juostos plotis: 19 mm<\/p>\n<p>Juostos ilgis: 1.5 m<\/p>\n<p>Tvirtumas: iki 5 kg<\/p>\n<p>Kilm\u0117s \u0161alis: JAV<\/p>\n<\/p>\n<p><\/p>","protected":false},"excerpt":{"rendered":"<p>Scotch-Fix\u2122 veidrodin\u0117 dvipus\u0117 montavimo juosta idealiai tinka nuolatiniam veidrod\u017ei\u0173 ir kit\u0173 daikt\u0173 tvirtinimui dr\u0117gnose vidaus patalpose. \u0160i pritaikyta dvipus\u0117 put\u0173 juosta u\u017etikrina greit\u0105 ir nuolatin\u012f vidini\u0173 pavir\u0161i\u0173, \u012fskaitant da\u017eytas sienas, metal\u0105, plyteles, keramik\u0105 ir daugum\u0105 plastik\u0173, sukibim\u0105. D\u0117l auk\u0161\u010diausios kokyb\u0117s 3M\u2122 pramonini\u0173 klij\u0173, jo tvirtas sukibimas atlaiko iki 5 kg svor\u012f be vini\u0173 ar plaktuko. [&hellip;]<\/p>","protected":false},"featured_media":26931,"comment_status":"open","ping_status":"closed","template":"","meta":{"_season_start":"","_season_end":"","_season_days":"","_season_months":"","_season_auto_visibility":""},"product_brand":[242],"product_cat":[1602,1601],"product_tag":[],"class_list":{"0":"post-9822","1":"product","2":"type-product","3":"status-publish","4":"has-post-thumbnail","6":"product_brand-3m","7":"product_cat-juostos-pakavimui","8":"product_cat-lipnios-juosteles-ir-laikikliai","10":"first","11":"instock","12":"taxable","13":"shipping-taxable","14":"purchasable","15":"product-type-simple"},"yoast_head":"<!-- This site is optimized with the Yoast SEO plugin v27.4 - https:\/\/yoast.com\/product\/yoast-seo-wordpress\/ -->\n<title>Lipni dvipus\u0117 montavimo juosta 19mm x 1.5m Scotch 4496W-1915-P - Rutana - Ra\u0161tin\u0117s reikmenys<\/title>\n<meta name=\"robots\" content=\"index, follow, max-snippet:-1, max-image-preview:large, max-video-preview:-1\" \/>\n<link rel=\"canonical\" href=\"https:\/\/rutana.lt\/en\/product\/lipni-dvipuse-montavimo-juosta-19mm-x-1-5m-scotch-4496w-1915-p\/\" \/>\n<meta property=\"og:locale\" content=\"en_US\" \/>\n<meta property=\"og:type\" content=\"article\" \/>\n<meta property=\"og:title\" content=\"Lipni dvipus\u0117 montavimo juosta 19mm x 1.5m Scotch 4496W-1915-P - Rutana - Ra\u0161tin\u0117s reikmenys\" \/>\n<meta property=\"og:description\" content=\"Scotch-Fix\u2122 veidrodin\u0117 dvipus\u0117 montavimo juosta idealiai tinka nuolatiniam veidrod\u017ei\u0173 ir kit\u0173 daikt\u0173 tvirtinimui dr\u0117gnose vidaus patalpose. \u0160i pritaikyta dvipus\u0117 put\u0173 juosta u\u017etikrina greit\u0105 ir nuolatin\u012f vidini\u0173 pavir\u0161i\u0173, \u012fskaitant da\u017eytas sienas, metal\u0105, plyteles, keramik\u0105 ir daugum\u0105 plastik\u0173, sukibim\u0105. D\u0117l auk\u0161\u010diausios kokyb\u0117s 3M\u2122 pramonini\u0173 klij\u0173, jo tvirtas sukibimas atlaiko iki 5 kg svor\u012f be vini\u0173 ar plaktuko. [&hellip;]\" \/>\n<meta property=\"og:url\" content=\"https:\/\/rutana.lt\/en\/product\/lipni-dvipuse-montavimo-juosta-19mm-x-1-5m-scotch-4496w-1915-p\/\" \/>\n<meta property=\"og:site_name\" content=\"Rutana - Ra\u0161tin\u0117s reikmenys\" \/>\n<meta property=\"article:publisher\" content=\"https:\/\/www.facebook.com\/RutanaKanceliarinesPrekes\/\" \/>\n<meta property=\"article:modified_time\" content=\"2025-10-13T13:35:18+00:00\" \/>\n<meta property=\"og:image\" content=\"https:\/\/rutana.lt\/wp-content\/uploads\/2025\/09\/B013-941-1.jpg\" \/>\n\t<meta property=\"og:image:width\" content=\"489\" \/>\n\t<meta property=\"og:image:height\" content=\"559\" \/>\n\t<meta property=\"og:image:type\" content=\"image\/jpeg\" \/>\n<meta name=\"twitter:card\" content=\"summary_large_image\" \/>\n<meta name=\"twitter:label1\" content=\"Est. reading time\" \/>\n\t<meta name=\"twitter:data1\" content=\"1 minute\" \/>\n<script type=\"application\/ld+json\" class=\"yoast-schema-graph\">{\"@context\":\"https:\\\/\\\/schema.org\",\"@graph\":[{\"@type\":\"WebPage\",\"@id\":\"https:\\\/\\\/rutana.lt\\\/produktas\\\/lipni-dvipuse-montavimo-juosta-19mm-x-1-5m-scotch-4496w-1915-p\\\/\",\"url\":\"https:\\\/\\\/rutana.lt\\\/produktas\\\/lipni-dvipuse-montavimo-juosta-19mm-x-1-5m-scotch-4496w-1915-p\\\/\",\"name\":\"Lipni dvipus\u0117 montavimo juosta 19mm x 1.5m Scotch 4496W-1915-P - Rutana - Ra\u0161tin\u0117s reikmenys\",\"isPartOf\":{\"@id\":\"https:\\\/\\\/rutana.lt\\\/#website\"},\"primaryImageOfPage\":{\"@id\":\"https:\\\/\\\/rutana.lt\\\/produktas\\\/lipni-dvipuse-montavimo-juosta-19mm-x-1-5m-scotch-4496w-1915-p\\\/#primaryimage\"},\"image\":{\"@id\":\"https:\\\/\\\/rutana.lt\\\/produktas\\\/lipni-dvipuse-montavimo-juosta-19mm-x-1-5m-scotch-4496w-1915-p\\\/#primaryimage\"},\"thumbnailUrl\":\"https:\\\/\\\/rutana.lt\\\/wp-content\\\/uploads\\\/2025\\\/09\\\/B013-941-1-1.jpg?v=1763620611\",\"datePublished\":\"2025-09-03T07:08:43+00:00\",\"dateModified\":\"2025-10-13T13:35:18+00:00\",\"breadcrumb\":{\"@id\":\"https:\\\/\\\/rutana.lt\\\/produktas\\\/lipni-dvipuse-montavimo-juosta-19mm-x-1-5m-scotch-4496w-1915-p\\\/#breadcrumb\"},\"inLanguage\":\"en-US\",\"potentialAction\":[{\"@type\":\"ReadAction\",\"target\":[\"https:\\\/\\\/rutana.lt\\\/produktas\\\/lipni-dvipuse-montavimo-juosta-19mm-x-1-5m-scotch-4496w-1915-p\\\/\"]}]},{\"@type\":\"ImageObject\",\"inLanguage\":\"en-US\",\"@id\":\"https:\\\/\\\/rutana.lt\\\/produktas\\\/lipni-dvipuse-montavimo-juosta-19mm-x-1-5m-scotch-4496w-1915-p\\\/#primaryimage\",\"url\":\"https:\\\/\\\/rutana.lt\\\/wp-content\\\/uploads\\\/2025\\\/09\\\/B013-941-1-1.jpg?v=1763620611\",\"contentUrl\":\"https:\\\/\\\/rutana.lt\\\/wp-content\\\/uploads\\\/2025\\\/09\\\/B013-941-1-1.jpg?v=1763620611\",\"width\":489,\"height\":559},{\"@type\":\"BreadcrumbList\",\"@id\":\"https:\\\/\\\/rutana.lt\\\/produktas\\\/lipni-dvipuse-montavimo-juosta-19mm-x-1-5m-scotch-4496w-1915-p\\\/#breadcrumb\",\"itemListElement\":[{\"@type\":\"ListItem\",\"position\":1,\"name\":\"Home\",\"item\":\"https:\\\/\\\/rutana.lt\\\/\"},{\"@type\":\"ListItem\",\"position\":2,\"name\":\"Parduotuv\u0117\",\"item\":\"https:\\\/\\\/rutana.lt\\\/parduotuve\\\/\"},{\"@type\":\"ListItem\",\"position\":3,\"name\":\"Lipni dvipus\u0117 montavimo juosta 19mm x 1.5m Scotch 4496W-1915-P\"}]},{\"@type\":\"WebSite\",\"@id\":\"https:\\\/\\\/rutana.lt\\\/#website\",\"url\":\"https:\\\/\\\/rutana.lt\\\/\",\"name\":\"Rutana - Ra\u0161tin\u0117s reikmenys\",\"description\":\"Prekiaujame pasaulin\u0117je rinkoje pripa\u017eintomis, kokybi\u0161komis biuro prek\u0117mis toki\u0173  gamintoj\u0173 kaip: Schneider, Esselte, Novus, 3M, Faber-Castell, Citizen, Milan, Leitz, Colop, Zebra, Staedtler, Durable, Tork, Parker, Waterman ir kt.\",\"publisher\":{\"@id\":\"https:\\\/\\\/rutana.lt\\\/#organization\"},\"potentialAction\":[{\"@type\":\"SearchAction\",\"target\":{\"@type\":\"EntryPoint\",\"urlTemplate\":\"https:\\\/\\\/rutana.lt\\\/?s={search_term_string}\"},\"query-input\":{\"@type\":\"PropertyValueSpecification\",\"valueRequired\":true,\"valueName\":\"search_term_string\"}}],\"inLanguage\":\"en-US\"},{\"@type\":\"Organization\",\"@id\":\"https:\\\/\\\/rutana.lt\\\/#organization\",\"name\":\"Rutana - Ra\u0161tin\u0117s reikmenys\",\"url\":\"https:\\\/\\\/rutana.lt\\\/\",\"logo\":{\"@type\":\"ImageObject\",\"inLanguage\":\"en-US\",\"@id\":\"https:\\\/\\\/rutana.lt\\\/#\\\/schema\\\/logo\\\/image\\\/\",\"url\":\"https:\\\/\\\/rutana.lt\\\/wp-content\\\/uploads\\\/2025\\\/10\\\/Asset-32.png\",\"contentUrl\":\"https:\\\/\\\/rutana.lt\\\/wp-content\\\/uploads\\\/2025\\\/10\\\/Asset-32.png\",\"width\":433,\"height\":119,\"caption\":\"Rutana - Ra\u0161tin\u0117s reikmenys\"},\"image\":{\"@id\":\"https:\\\/\\\/rutana.lt\\\/#\\\/schema\\\/logo\\\/image\\\/\"},\"sameAs\":[\"https:\\\/\\\/www.facebook.com\\\/RutanaKanceliarinesPrekes\\\/\"]}]}<\/script>\n<!-- \/ Yoast SEO plugin. -->","yoast_head_json":{"title":"Lipni dvipus\u0117 montavimo juosta 19mm x 1.5m Scotch 4496W-1915-P - Rutana - Ra\u0161tin\u0117s reikmenys","robots":{"index":"index","follow":"follow","max-snippet":"max-snippet:-1","max-image-preview":"max-image-preview:large","max-video-preview":"max-video-preview:-1"},"canonical":"https:\/\/rutana.lt\/en\/product\/lipni-dvipuse-montavimo-juosta-19mm-x-1-5m-scotch-4496w-1915-p\/","og_locale":"en_US","og_type":"article","og_title":"Lipni dvipus\u0117 montavimo juosta 19mm x 1.5m Scotch 4496W-1915-P - Rutana - Ra\u0161tin\u0117s reikmenys","og_description":"Scotch-Fix\u2122 veidrodin\u0117 dvipus\u0117 montavimo juosta idealiai tinka nuolatiniam veidrod\u017ei\u0173 ir kit\u0173 daikt\u0173 tvirtinimui dr\u0117gnose vidaus patalpose. \u0160i pritaikyta dvipus\u0117 put\u0173 juosta u\u017etikrina greit\u0105 ir nuolatin\u012f vidini\u0173 pavir\u0161i\u0173, \u012fskaitant da\u017eytas sienas, metal\u0105, plyteles, keramik\u0105 ir daugum\u0105 plastik\u0173, sukibim\u0105. D\u0117l auk\u0161\u010diausios kokyb\u0117s 3M\u2122 pramonini\u0173 klij\u0173, jo tvirtas sukibimas atlaiko iki 5 kg svor\u012f be vini\u0173 ar plaktuko. [&hellip;]","og_url":"https:\/\/rutana.lt\/en\/product\/lipni-dvipuse-montavimo-juosta-19mm-x-1-5m-scotch-4496w-1915-p\/","og_site_name":"Rutana - Ra\u0161tin\u0117s reikmenys","article_publisher":"https:\/\/www.facebook.com\/RutanaKanceliarinesPrekes\/","article_modified_time":"2025-10-13T13:35:18+00:00","og_image":[{"width":489,"height":559,"url":"https:\/\/rutana.lt\/wp-content\/uploads\/2025\/09\/B013-941-1.jpg","type":"image\/jpeg"}],"twitter_card":"summary_large_image","twitter_misc":{"Est. reading time":"1 minute"},"schema":{"@context":"https:\/\/schema.org","@graph":[{"@type":"WebPage","@id":"https:\/\/rutana.lt\/produktas\/lipni-dvipuse-montavimo-juosta-19mm-x-1-5m-scotch-4496w-1915-p\/","url":"https:\/\/rutana.lt\/produktas\/lipni-dvipuse-montavimo-juosta-19mm-x-1-5m-scotch-4496w-1915-p\/","name":"Lipni dvipus\u0117 montavimo juosta 19mm x 1.5m Scotch 4496W-1915-P - Rutana - Ra\u0161tin\u0117s reikmenys","isPartOf":{"@id":"https:\/\/rutana.lt\/#website"},"primaryImageOfPage":{"@id":"https:\/\/rutana.lt\/produktas\/lipni-dvipuse-montavimo-juosta-19mm-x-1-5m-scotch-4496w-1915-p\/#primaryimage"},"image":{"@id":"https:\/\/rutana.lt\/produktas\/lipni-dvipuse-montavimo-juosta-19mm-x-1-5m-scotch-4496w-1915-p\/#primaryimage"},"thumbnailUrl":"https:\/\/rutana.lt\/wp-content\/uploads\/2025\/09\/B013-941-1-1.jpg?v=1763620611","datePublished":"2025-09-03T07:08:43+00:00","dateModified":"2025-10-13T13:35:18+00:00","breadcrumb":{"@id":"https:\/\/rutana.lt\/produktas\/lipni-dvipuse-montavimo-juosta-19mm-x-1-5m-scotch-4496w-1915-p\/#breadcrumb"},"inLanguage":"en-US","potentialAction":[{"@type":"ReadAction","target":["https:\/\/rutana.lt\/produktas\/lipni-dvipuse-montavimo-juosta-19mm-x-1-5m-scotch-4496w-1915-p\/"]}]},{"@type":"ImageObject","inLanguage":"en-US","@id":"https:\/\/rutana.lt\/produktas\/lipni-dvipuse-montavimo-juosta-19mm-x-1-5m-scotch-4496w-1915-p\/#primaryimage","url":"https:\/\/rutana.lt\/wp-content\/uploads\/2025\/09\/B013-941-1-1.jpg?v=1763620611","contentUrl":"https:\/\/rutana.lt\/wp-content\/uploads\/2025\/09\/B013-941-1-1.jpg?v=1763620611","width":489,"height":559},{"@type":"BreadcrumbList","@id":"https:\/\/rutana.lt\/produktas\/lipni-dvipuse-montavimo-juosta-19mm-x-1-5m-scotch-4496w-1915-p\/#breadcrumb","itemListElement":[{"@type":"ListItem","position":1,"name":"Home","item":"https:\/\/rutana.lt\/"},{"@type":"ListItem","position":2,"name":"Parduotuv\u0117","item":"https:\/\/rutana.lt\/parduotuve\/"},{"@type":"ListItem","position":3,"name":"Lipni dvipus\u0117 montavimo juosta 19mm x 1.5m Scotch 4496W-1915-P"}]},{"@type":"WebSite","@id":"https:\/\/rutana.lt\/#website","url":"https:\/\/rutana.lt\/","name":"Rutana - Ra\u0161tin\u0117s reikmenys","description":"Prekiaujame pasaulin\u0117je rinkoje pripa\u017eintomis, kokybi\u0161komis biuro prek\u0117mis toki\u0173  gamintoj\u0173 kaip: Schneider, Esselte, Novus, 3M, Faber-Castell, Citizen, Milan, Leitz, Colop, Zebra, Staedtler, Durable, Tork, Parker, Waterman ir kt.","publisher":{"@id":"https:\/\/rutana.lt\/#organization"},"potentialAction":[{"@type":"SearchAction","target":{"@type":"EntryPoint","urlTemplate":"https:\/\/rutana.lt\/?s={search_term_string}"},"query-input":{"@type":"PropertyValueSpecification","valueRequired":true,"valueName":"search_term_string"}}],"inLanguage":"en-US"},{"@type":"Organization","@id":"https:\/\/rutana.lt\/#organization","name":"Rutana - Ra\u0161tin\u0117s reikmenys","url":"https:\/\/rutana.lt\/","logo":{"@type":"ImageObject","inLanguage":"en-US","@id":"https:\/\/rutana.lt\/#\/schema\/logo\/image\/","url":"https:\/\/rutana.lt\/wp-content\/uploads\/2025\/10\/Asset-32.png","contentUrl":"https:\/\/rutana.lt\/wp-content\/uploads\/2025\/10\/Asset-32.png","width":433,"height":119,"caption":"Rutana - Ra\u0161tin\u0117s reikmenys"},"image":{"@id":"https:\/\/rutana.lt\/#\/schema\/logo\/image\/"},"sameAs":["https:\/\/www.facebook.com\/RutanaKanceliarinesPrekes\/"]}]}},"_links":{"self":[{"href":"https:\/\/rutana.lt\/en\/wp-json\/wp\/v2\/product\/9822","targetHints":{"allow":["GET"]}}],"collection":[{"href":"https:\/\/rutana.lt\/en\/wp-json\/wp\/v2\/product"}],"about":[{"href":"https:\/\/rutana.lt\/en\/wp-json\/wp\/v2\/types\/product"}],"replies":[{"embeddable":true,"href":"https:\/\/rutana.lt\/en\/wp-json\/wp\/v2\/comments?post=9822"}],"version-history":[{"count":1,"href":"https:\/\/rutana.lt\/en\/wp-json\/wp\/v2\/product\/9822\/revisions"}],"predecessor-version":[{"id":9860,"href":"https:\/\/rutana.lt\/en\/wp-json\/wp\/v2\/product\/9822\/revisions\/9860"}],"wp:featuredmedia":[{"embeddable":true,"href":"https:\/\/rutana.lt\/en\/wp-json\/wp\/v2\/media\/26931"}],"wp:attachment":[{"href":"https:\/\/rutana.lt\/en\/wp-json\/wp\/v2\/media?parent=9822"}],"wp:term":[{"taxonomy":"product_brand","embeddable":true,"href":"https:\/\/rutana.lt\/en\/wp-json\/wp\/v2\/product_brand?post=9822"},{"taxonomy":"product_cat","embeddable":true,"href":"https:\/\/rutana.lt\/en\/wp-json\/wp\/v2\/product_cat?post=9822"},{"taxonomy":"product_tag","embeddable":true,"href":"https:\/\/rutana.lt\/en\/wp-json\/wp\/v2\/product_tag?post=9822"}],"curies":[{"name":"wp","href":"https:\/\/api.w.org\/{rel}","templated":true}]}}