{"id":9757,"date":"2025-09-03T09:08:19","date_gmt":"2025-09-03T07:08:19","guid":{"rendered":"https:\/\/rutana.webdemo.lt\/?post_type=product&#038;p=9757"},"modified":"2025-10-13T15:54:03","modified_gmt":"2025-10-13T13:54:03","slug":"arbatu-rinkinys-lietuvos-regionai-60-vnt-zolynelis-10136","status":"publish","type":"product","link":"https:\/\/rutana.lt\/en\/product\/arbatu-rinkinys-lietuvos-regionai-60-vnt-zolynelis-10136\/","title":{"rendered":"Arbat\u0173 rinkinys &#8222;Lietuvos regionai&#8221; 60 vnt. \u017dolyn\u0117lis 10136"},"content":{"rendered":"<p class=\"MsoNormal\"><span lang=\"EN-GB\">Keturi\u0173 Lietuvos region\u0173 arbatos rinkinys. <\/span>Puikus rinkinys dovanai. Rinkin\u012f sudaro po 15 pakeli\u0173 keturi\u0173 region\u0173 \u017eoleli\u0173 arbat\u0173: &#8222;\u017demaitiu erbeta&#8221; ( pipirm\u0117\u010di\u0173 lapai, raudon\u0117li\u0173 \u017eol\u0117, \u017eemuogi\u0173 lapai ), &#8222;Auk\u0161tai\u010di\u0173 arbota&#8221; ( er\u0161k\u0117\u010di\u0173 vaisiai, ramun\u0117li\u0173 \u017eiedai, aronij\u0173 vaisiai ), &#8222;Cikra dz\u016bk\u0173 arbata&#8221; ( \u010diobreli\u0173 \u017eol\u0117, avie\u010di\u0173 lapai, avie\u010di\u0173 vaisiai ), &#8222;Suvalkie\u010di\u0173 arbata&#8221; ( kmyn\u0173 vaisiai, obuoli\u0173 vaisiai, ramun\u0117li\u0173 \u017eiedai ).<\/p>\n<p class=\"MsoNormal\">Rinkinyje: 60 mai\u0161eli\u0173<\/p>\n<p class=\"MsoNormal\" style=\"line-height:normal\"><span lang=\"EN-GB\">Arbatos kiekis mai\u0161elyje: iki 2 g<\/span><\/p>\n<p class=\"MsoNormal\" style=\"line-height:normal\"><span lang=\"EN-GB\"> <o:p><\/o:p><\/span><\/p>\n<\/p>\n<p class=\"MsoNormal\" style=\"line-height:normal\"><span lang=\"EN-GB\">Kilm\u0117s \u0161alis: Lietuva<\/span><\/p>\n<p class=\"MsoNormal\" style=\"line-height:normal\"><span lang=\"EN-GB\"><o:p><br \/><\/o:p><\/span><\/p>\n<p class=\"MsoNormal\" style=\"line-height:normal\"><\/p>","protected":false},"excerpt":{"rendered":"<p>Keturi\u0173 Lietuvos region\u0173 arbatos rinkinys. Puikus rinkinys dovanai. Rinkin\u012f sudaro po 15 pakeli\u0173 keturi\u0173 region\u0173 \u017eoleli\u0173 arbat\u0173: &#8222;\u017demaitiu erbeta&#8221; ( pipirm\u0117\u010di\u0173 lapai, raudon\u0117li\u0173 \u017eol\u0117, \u017eemuogi\u0173 lapai ), &#8222;Auk\u0161tai\u010di\u0173 arbota&#8221; ( er\u0161k\u0117\u010di\u0173 vaisiai, ramun\u0117li\u0173 \u017eiedai, aronij\u0173 vaisiai ), &#8222;Cikra dz\u016bk\u0173 arbata&#8221; ( \u010diobreli\u0173 \u017eol\u0117, avie\u010di\u0173 lapai, avie\u010di\u0173 vaisiai ), &#8222;Suvalkie\u010di\u0173 arbata&#8221; ( kmyn\u0173 vaisiai, obuoli\u0173 vaisiai, [&hellip;]<\/p>","protected":false},"featured_media":29420,"comment_status":"open","ping_status":"closed","template":"","meta":{"_season_start":"","_season_end":"","_season_days":"","_season_months":"","_season_auto_visibility":""},"product_brand":[695],"product_cat":[1835],"product_tag":[],"class_list":{"0":"post-9757","1":"product","2":"type-product","3":"status-publish","4":"has-post-thumbnail","6":"product_brand-acorus-calamus","7":"product_cat-plikoma-arbata","9":"first","10":"instock","11":"taxable","12":"shipping-taxable","13":"purchasable","14":"product-type-simple"},"yoast_head":"<!-- This site is optimized with the Yoast SEO plugin v27.4 - https:\/\/yoast.com\/product\/yoast-seo-wordpress\/ -->\n<title>Arbat\u0173 rinkinys &quot;Lietuvos regionai&quot; 60 vnt. \u017dolyn\u0117lis 10136 - Rutana - Ra\u0161tin\u0117s reikmenys<\/title>\n<meta name=\"robots\" content=\"index, follow, max-snippet:-1, max-image-preview:large, max-video-preview:-1\" \/>\n<link rel=\"canonical\" href=\"https:\/\/rutana.lt\/en\/product\/arbatu-rinkinys-lietuvos-regionai-60-vnt-zolynelis-10136\/\" \/>\n<meta property=\"og:locale\" content=\"en_US\" \/>\n<meta property=\"og:type\" content=\"article\" \/>\n<meta property=\"og:title\" content=\"Arbat\u0173 rinkinys &quot;Lietuvos regionai&quot; 60 vnt. \u017dolyn\u0117lis 10136 - Rutana - Ra\u0161tin\u0117s reikmenys\" \/>\n<meta property=\"og:description\" content=\"Keturi\u0173 Lietuvos region\u0173 arbatos rinkinys. Puikus rinkinys dovanai. Rinkin\u012f sudaro po 15 pakeli\u0173 keturi\u0173 region\u0173 \u017eoleli\u0173 arbat\u0173: &#8222;\u017demaitiu erbeta&#8221; ( pipirm\u0117\u010di\u0173 lapai, raudon\u0117li\u0173 \u017eol\u0117, \u017eemuogi\u0173 lapai ), &#8222;Auk\u0161tai\u010di\u0173 arbota&#8221; ( er\u0161k\u0117\u010di\u0173 vaisiai, ramun\u0117li\u0173 \u017eiedai, aronij\u0173 vaisiai ), &#8222;Cikra dz\u016bk\u0173 arbata&#8221; ( \u010diobreli\u0173 \u017eol\u0117, avie\u010di\u0173 lapai, avie\u010di\u0173 vaisiai ), &#8222;Suvalkie\u010di\u0173 arbata&#8221; ( kmyn\u0173 vaisiai, obuoli\u0173 vaisiai, [&hellip;]\" \/>\n<meta property=\"og:url\" content=\"https:\/\/rutana.lt\/en\/product\/arbatu-rinkinys-lietuvos-regionai-60-vnt-zolynelis-10136\/\" \/>\n<meta property=\"og:site_name\" content=\"Rutana - Ra\u0161tin\u0117s reikmenys\" \/>\n<meta property=\"article:publisher\" content=\"https:\/\/www.facebook.com\/RutanaKanceliarinesPrekes\/\" \/>\n<meta property=\"article:modified_time\" content=\"2025-10-13T13:54:03+00:00\" \/>\n<meta property=\"og:image\" content=\"https:\/\/rutana.lt\/wp-content\/uploads\/2025\/09\/B090-240.jpg\" \/>\n\t<meta property=\"og:image:width\" content=\"600\" \/>\n\t<meta property=\"og:image:height\" content=\"408\" \/>\n\t<meta property=\"og:image:type\" content=\"image\/jpeg\" \/>\n<meta name=\"twitter:card\" content=\"summary_large_image\" \/>\n<script type=\"application\/ld+json\" class=\"yoast-schema-graph\">{\"@context\":\"https:\\\/\\\/schema.org\",\"@graph\":[{\"@type\":\"WebPage\",\"@id\":\"https:\\\/\\\/rutana.lt\\\/produktas\\\/arbatu-rinkinys-lietuvos-regionai-60-vnt-zolynelis-10136\\\/\",\"url\":\"https:\\\/\\\/rutana.lt\\\/produktas\\\/arbatu-rinkinys-lietuvos-regionai-60-vnt-zolynelis-10136\\\/\",\"name\":\"Arbat\u0173 rinkinys \\\"Lietuvos regionai\\\" 60 vnt. \u017dolyn\u0117lis 10136 - Rutana - Ra\u0161tin\u0117s reikmenys\",\"isPartOf\":{\"@id\":\"https:\\\/\\\/rutana.lt\\\/#website\"},\"primaryImageOfPage\":{\"@id\":\"https:\\\/\\\/rutana.lt\\\/produktas\\\/arbatu-rinkinys-lietuvos-regionai-60-vnt-zolynelis-10136\\\/#primaryimage\"},\"image\":{\"@id\":\"https:\\\/\\\/rutana.lt\\\/produktas\\\/arbatu-rinkinys-lietuvos-regionai-60-vnt-zolynelis-10136\\\/#primaryimage\"},\"thumbnailUrl\":\"https:\\\/\\\/rutana.lt\\\/wp-content\\\/uploads\\\/2025\\\/09\\\/B090-240N-1.jpg?v=1763564765\",\"datePublished\":\"2025-09-03T07:08:19+00:00\",\"dateModified\":\"2025-10-13T13:54:03+00:00\",\"breadcrumb\":{\"@id\":\"https:\\\/\\\/rutana.lt\\\/produktas\\\/arbatu-rinkinys-lietuvos-regionai-60-vnt-zolynelis-10136\\\/#breadcrumb\"},\"inLanguage\":\"en-US\",\"potentialAction\":[{\"@type\":\"ReadAction\",\"target\":[\"https:\\\/\\\/rutana.lt\\\/produktas\\\/arbatu-rinkinys-lietuvos-regionai-60-vnt-zolynelis-10136\\\/\"]}]},{\"@type\":\"ImageObject\",\"inLanguage\":\"en-US\",\"@id\":\"https:\\\/\\\/rutana.lt\\\/produktas\\\/arbatu-rinkinys-lietuvos-regionai-60-vnt-zolynelis-10136\\\/#primaryimage\",\"url\":\"https:\\\/\\\/rutana.lt\\\/wp-content\\\/uploads\\\/2025\\\/09\\\/B090-240N-1.jpg?v=1763564765\",\"contentUrl\":\"https:\\\/\\\/rutana.lt\\\/wp-content\\\/uploads\\\/2025\\\/09\\\/B090-240N-1.jpg?v=1763564765\",\"width\":944,\"height\":1000},{\"@type\":\"BreadcrumbList\",\"@id\":\"https:\\\/\\\/rutana.lt\\\/produktas\\\/arbatu-rinkinys-lietuvos-regionai-60-vnt-zolynelis-10136\\\/#breadcrumb\",\"itemListElement\":[{\"@type\":\"ListItem\",\"position\":1,\"name\":\"Home\",\"item\":\"https:\\\/\\\/rutana.lt\\\/\"},{\"@type\":\"ListItem\",\"position\":2,\"name\":\"Parduotuv\u0117\",\"item\":\"https:\\\/\\\/rutana.lt\\\/parduotuve\\\/\"},{\"@type\":\"ListItem\",\"position\":3,\"name\":\"Arbat\u0173 rinkinys &#8222;Lietuvos regionai&#8221; 60 vnt. \u017dolyn\u0117lis 10136\"}]},{\"@type\":\"WebSite\",\"@id\":\"https:\\\/\\\/rutana.lt\\\/#website\",\"url\":\"https:\\\/\\\/rutana.lt\\\/\",\"name\":\"Rutana - Ra\u0161tin\u0117s reikmenys\",\"description\":\"Prekiaujame pasaulin\u0117je rinkoje pripa\u017eintomis, kokybi\u0161komis biuro prek\u0117mis toki\u0173  gamintoj\u0173 kaip: Schneider, Esselte, Novus, 3M, Faber-Castell, Citizen, Milan, Leitz, Colop, Zebra, Staedtler, Durable, Tork, Parker, Waterman ir kt.\",\"publisher\":{\"@id\":\"https:\\\/\\\/rutana.lt\\\/#organization\"},\"potentialAction\":[{\"@type\":\"SearchAction\",\"target\":{\"@type\":\"EntryPoint\",\"urlTemplate\":\"https:\\\/\\\/rutana.lt\\\/?s={search_term_string}\"},\"query-input\":{\"@type\":\"PropertyValueSpecification\",\"valueRequired\":true,\"valueName\":\"search_term_string\"}}],\"inLanguage\":\"en-US\"},{\"@type\":\"Organization\",\"@id\":\"https:\\\/\\\/rutana.lt\\\/#organization\",\"name\":\"Rutana - Ra\u0161tin\u0117s reikmenys\",\"url\":\"https:\\\/\\\/rutana.lt\\\/\",\"logo\":{\"@type\":\"ImageObject\",\"inLanguage\":\"en-US\",\"@id\":\"https:\\\/\\\/rutana.lt\\\/#\\\/schema\\\/logo\\\/image\\\/\",\"url\":\"https:\\\/\\\/rutana.lt\\\/wp-content\\\/uploads\\\/2025\\\/10\\\/Asset-32.png\",\"contentUrl\":\"https:\\\/\\\/rutana.lt\\\/wp-content\\\/uploads\\\/2025\\\/10\\\/Asset-32.png\",\"width\":433,\"height\":119,\"caption\":\"Rutana - Ra\u0161tin\u0117s reikmenys\"},\"image\":{\"@id\":\"https:\\\/\\\/rutana.lt\\\/#\\\/schema\\\/logo\\\/image\\\/\"},\"sameAs\":[\"https:\\\/\\\/www.facebook.com\\\/RutanaKanceliarinesPrekes\\\/\"]}]}<\/script>\n<!-- \/ Yoast SEO plugin. -->","yoast_head_json":{"title":"Arbat\u0173 rinkinys \"Lietuvos regionai\" 60 vnt. \u017dolyn\u0117lis 10136 - Rutana - Ra\u0161tin\u0117s reikmenys","robots":{"index":"index","follow":"follow","max-snippet":"max-snippet:-1","max-image-preview":"max-image-preview:large","max-video-preview":"max-video-preview:-1"},"canonical":"https:\/\/rutana.lt\/en\/product\/arbatu-rinkinys-lietuvos-regionai-60-vnt-zolynelis-10136\/","og_locale":"en_US","og_type":"article","og_title":"Arbat\u0173 rinkinys \"Lietuvos regionai\" 60 vnt. \u017dolyn\u0117lis 10136 - Rutana - Ra\u0161tin\u0117s reikmenys","og_description":"Keturi\u0173 Lietuvos region\u0173 arbatos rinkinys. Puikus rinkinys dovanai. Rinkin\u012f sudaro po 15 pakeli\u0173 keturi\u0173 region\u0173 \u017eoleli\u0173 arbat\u0173: &#8222;\u017demaitiu erbeta&#8221; ( pipirm\u0117\u010di\u0173 lapai, raudon\u0117li\u0173 \u017eol\u0117, \u017eemuogi\u0173 lapai ), &#8222;Auk\u0161tai\u010di\u0173 arbota&#8221; ( er\u0161k\u0117\u010di\u0173 vaisiai, ramun\u0117li\u0173 \u017eiedai, aronij\u0173 vaisiai ), &#8222;Cikra dz\u016bk\u0173 arbata&#8221; ( \u010diobreli\u0173 \u017eol\u0117, avie\u010di\u0173 lapai, avie\u010di\u0173 vaisiai ), &#8222;Suvalkie\u010di\u0173 arbata&#8221; ( kmyn\u0173 vaisiai, obuoli\u0173 vaisiai, [&hellip;]","og_url":"https:\/\/rutana.lt\/en\/product\/arbatu-rinkinys-lietuvos-regionai-60-vnt-zolynelis-10136\/","og_site_name":"Rutana - Ra\u0161tin\u0117s reikmenys","article_publisher":"https:\/\/www.facebook.com\/RutanaKanceliarinesPrekes\/","article_modified_time":"2025-10-13T13:54:03+00:00","og_image":[{"width":600,"height":408,"url":"https:\/\/rutana.lt\/wp-content\/uploads\/2025\/09\/B090-240.jpg","type":"image\/jpeg"}],"twitter_card":"summary_large_image","schema":{"@context":"https:\/\/schema.org","@graph":[{"@type":"WebPage","@id":"https:\/\/rutana.lt\/produktas\/arbatu-rinkinys-lietuvos-regionai-60-vnt-zolynelis-10136\/","url":"https:\/\/rutana.lt\/produktas\/arbatu-rinkinys-lietuvos-regionai-60-vnt-zolynelis-10136\/","name":"Arbat\u0173 rinkinys \"Lietuvos regionai\" 60 vnt. \u017dolyn\u0117lis 10136 - Rutana - Ra\u0161tin\u0117s reikmenys","isPartOf":{"@id":"https:\/\/rutana.lt\/#website"},"primaryImageOfPage":{"@id":"https:\/\/rutana.lt\/produktas\/arbatu-rinkinys-lietuvos-regionai-60-vnt-zolynelis-10136\/#primaryimage"},"image":{"@id":"https:\/\/rutana.lt\/produktas\/arbatu-rinkinys-lietuvos-regionai-60-vnt-zolynelis-10136\/#primaryimage"},"thumbnailUrl":"https:\/\/rutana.lt\/wp-content\/uploads\/2025\/09\/B090-240N-1.jpg?v=1763564765","datePublished":"2025-09-03T07:08:19+00:00","dateModified":"2025-10-13T13:54:03+00:00","breadcrumb":{"@id":"https:\/\/rutana.lt\/produktas\/arbatu-rinkinys-lietuvos-regionai-60-vnt-zolynelis-10136\/#breadcrumb"},"inLanguage":"en-US","potentialAction":[{"@type":"ReadAction","target":["https:\/\/rutana.lt\/produktas\/arbatu-rinkinys-lietuvos-regionai-60-vnt-zolynelis-10136\/"]}]},{"@type":"ImageObject","inLanguage":"en-US","@id":"https:\/\/rutana.lt\/produktas\/arbatu-rinkinys-lietuvos-regionai-60-vnt-zolynelis-10136\/#primaryimage","url":"https:\/\/rutana.lt\/wp-content\/uploads\/2025\/09\/B090-240N-1.jpg?v=1763564765","contentUrl":"https:\/\/rutana.lt\/wp-content\/uploads\/2025\/09\/B090-240N-1.jpg?v=1763564765","width":944,"height":1000},{"@type":"BreadcrumbList","@id":"https:\/\/rutana.lt\/produktas\/arbatu-rinkinys-lietuvos-regionai-60-vnt-zolynelis-10136\/#breadcrumb","itemListElement":[{"@type":"ListItem","position":1,"name":"Home","item":"https:\/\/rutana.lt\/"},{"@type":"ListItem","position":2,"name":"Parduotuv\u0117","item":"https:\/\/rutana.lt\/parduotuve\/"},{"@type":"ListItem","position":3,"name":"Arbat\u0173 rinkinys &#8222;Lietuvos regionai&#8221; 60 vnt. \u017dolyn\u0117lis 10136"}]},{"@type":"WebSite","@id":"https:\/\/rutana.lt\/#website","url":"https:\/\/rutana.lt\/","name":"Rutana - Ra\u0161tin\u0117s reikmenys","description":"Prekiaujame pasaulin\u0117je rinkoje pripa\u017eintomis, kokybi\u0161komis biuro prek\u0117mis toki\u0173  gamintoj\u0173 kaip: Schneider, Esselte, Novus, 3M, Faber-Castell, Citizen, Milan, Leitz, Colop, Zebra, Staedtler, Durable, Tork, Parker, Waterman ir kt.","publisher":{"@id":"https:\/\/rutana.lt\/#organization"},"potentialAction":[{"@type":"SearchAction","target":{"@type":"EntryPoint","urlTemplate":"https:\/\/rutana.lt\/?s={search_term_string}"},"query-input":{"@type":"PropertyValueSpecification","valueRequired":true,"valueName":"search_term_string"}}],"inLanguage":"en-US"},{"@type":"Organization","@id":"https:\/\/rutana.lt\/#organization","name":"Rutana - Ra\u0161tin\u0117s reikmenys","url":"https:\/\/rutana.lt\/","logo":{"@type":"ImageObject","inLanguage":"en-US","@id":"https:\/\/rutana.lt\/#\/schema\/logo\/image\/","url":"https:\/\/rutana.lt\/wp-content\/uploads\/2025\/10\/Asset-32.png","contentUrl":"https:\/\/rutana.lt\/wp-content\/uploads\/2025\/10\/Asset-32.png","width":433,"height":119,"caption":"Rutana - Ra\u0161tin\u0117s reikmenys"},"image":{"@id":"https:\/\/rutana.lt\/#\/schema\/logo\/image\/"},"sameAs":["https:\/\/www.facebook.com\/RutanaKanceliarinesPrekes\/"]}]}},"_links":{"self":[{"href":"https:\/\/rutana.lt\/en\/wp-json\/wp\/v2\/product\/9757","targetHints":{"allow":["GET"]}}],"collection":[{"href":"https:\/\/rutana.lt\/en\/wp-json\/wp\/v2\/product"}],"about":[{"href":"https:\/\/rutana.lt\/en\/wp-json\/wp\/v2\/types\/product"}],"replies":[{"embeddable":true,"href":"https:\/\/rutana.lt\/en\/wp-json\/wp\/v2\/comments?post=9757"}],"version-history":[{"count":2,"href":"https:\/\/rutana.lt\/en\/wp-json\/wp\/v2\/product\/9757\/revisions"}],"predecessor-version":[{"id":31542,"href":"https:\/\/rutana.lt\/en\/wp-json\/wp\/v2\/product\/9757\/revisions\/31542"}],"wp:featuredmedia":[{"embeddable":true,"href":"https:\/\/rutana.lt\/en\/wp-json\/wp\/v2\/media\/29420"}],"wp:attachment":[{"href":"https:\/\/rutana.lt\/en\/wp-json\/wp\/v2\/media?parent=9757"}],"wp:term":[{"taxonomy":"product_brand","embeddable":true,"href":"https:\/\/rutana.lt\/en\/wp-json\/wp\/v2\/product_brand?post=9757"},{"taxonomy":"product_cat","embeddable":true,"href":"https:\/\/rutana.lt\/en\/wp-json\/wp\/v2\/product_cat?post=9757"},{"taxonomy":"product_tag","embeddable":true,"href":"https:\/\/rutana.lt\/en\/wp-json\/wp\/v2\/product_tag?post=9757"}],"curies":[{"name":"wp","href":"https:\/\/api.w.org\/{rel}","templated":true}]}}