{"id":9684,"date":"2025-09-03T09:07:55","date_gmt":"2025-09-03T07:07:55","guid":{"rendered":"https:\/\/rutana.webdemo.lt\/?post_type=product&#038;p=9684"},"modified":"2025-10-13T15:35:09","modified_gmt":"2025-10-13T13:35:09","slug":"skystas-ranku-muilas-sunny-garden-i-dozatoriu-500-ml-katrin-47505","status":"publish","type":"product","link":"https:\/\/rutana.lt\/en\/product\/skystas-ranku-muilas-sunny-garden-i-dozatoriu-500-ml-katrin-47505\/","title":{"rendered":"Skystas rank\u0173 muilas Sunny Garden \u012f dozatori\u0173 500 ml Katrin 47505"},"content":{"rendered":"<p>Auk\u0161tos kokyb\u0117s, efektyvus, \u0161velnus ir ekologi\u0161kas skystas rank\u0173 muilas. Labai malonus odai ir kvepiantis g\u0117li\u0173 pieva, suteiks vartotojui gaivi\u0105 rank\u0173 plovimo patirt\u012f. Dermatolog\u0173 patikrintas ir patvirtintas. Suteikti ISO9001 ir ISO14001 standartai. Tinkamas naudoti \u012f Katrin muilo dozatorius: 90205, 92186, 90229 ir 92209.<\/p>\n<p>Talpa: 500 ml<\/p>\n<p>Aromatas: Sunny Garden \/ Saul\u0117tas sodas<\/p>\n<p>Muilo spalva: ro\u017ein\u0117<\/p>\n<p>Talpos matmenys: 90 x 65 x 150 mm ( auk\u0161tis x plotis x gylis ) <\/p>","protected":false},"excerpt":{"rendered":"<p>Auk\u0161tos kokyb\u0117s, efektyvus, \u0161velnus ir ekologi\u0161kas skystas rank\u0173 muilas. Labai malonus odai ir kvepiantis g\u0117li\u0173 pieva, suteiks vartotojui gaivi\u0105 rank\u0173 plovimo patirt\u012f. Dermatolog\u0173 patikrintas ir patvirtintas. Suteikti ISO9001 ir ISO14001 standartai. Tinkamas naudoti \u012f Katrin muilo dozatorius: 90205, 92186, 90229 ir 92209. Talpa: 500 ml Aromatas: Sunny Garden \/ Saul\u0117tas sodas Muilo spalva: ro\u017ein\u0117 Talpos [&hellip;]<\/p>","protected":false},"featured_media":26893,"comment_status":"open","ping_status":"closed","template":"","meta":{"_season_start":"","_season_end":"","_season_days":"","_season_months":"","_season_auto_visibility":""},"product_brand":[686],"product_cat":[1696],"product_tag":[],"class_list":{"0":"post-9684","1":"product","2":"type-product","3":"status-publish","4":"has-post-thumbnail","6":"product_brand-katrin","7":"product_cat-muilas-ir-laikikliai","9":"first","10":"instock","11":"taxable","12":"shipping-taxable","13":"purchasable","14":"product-type-simple"},"yoast_head":"<!-- This site is optimized with the Yoast SEO plugin v26.1.1 - https:\/\/yoast.com\/wordpress\/plugins\/seo\/ -->\n<title>Skystas rank\u0173 muilas Sunny Garden \u012f dozatori\u0173 500 ml Katrin 47505 - Rutana - Ra\u0161tin\u0117s reikmenys<\/title>\n<meta name=\"robots\" content=\"index, follow, max-snippet:-1, max-image-preview:large, max-video-preview:-1\" \/>\n<link rel=\"canonical\" href=\"https:\/\/rutana.lt\/en\/product\/skystas-ranku-muilas-sunny-garden-i-dozatoriu-500-ml-katrin-47505\/\" \/>\n<meta property=\"og:locale\" content=\"en_US\" \/>\n<meta property=\"og:type\" content=\"article\" \/>\n<meta property=\"og:title\" content=\"Skystas rank\u0173 muilas Sunny Garden \u012f dozatori\u0173 500 ml Katrin 47505 - Rutana - Ra\u0161tin\u0117s reikmenys\" \/>\n<meta property=\"og:description\" content=\"Auk\u0161tos kokyb\u0117s, efektyvus, \u0161velnus ir ekologi\u0161kas skystas rank\u0173 muilas. Labai malonus odai ir kvepiantis g\u0117li\u0173 pieva, suteiks vartotojui gaivi\u0105 rank\u0173 plovimo patirt\u012f. Dermatolog\u0173 patikrintas ir patvirtintas. Suteikti ISO9001 ir ISO14001 standartai. Tinkamas naudoti \u012f Katrin muilo dozatorius: 90205, 92186, 90229 ir 92209. Talpa: 500 ml Aromatas: Sunny Garden \/ Saul\u0117tas sodas Muilo spalva: ro\u017ein\u0117 Talpos [&hellip;]\" \/>\n<meta property=\"og:url\" content=\"https:\/\/rutana.lt\/en\/product\/skystas-ranku-muilas-sunny-garden-i-dozatoriu-500-ml-katrin-47505\/\" \/>\n<meta property=\"og:site_name\" content=\"Rutana - Ra\u0161tin\u0117s reikmenys\" \/>\n<meta property=\"article:publisher\" content=\"https:\/\/www.facebook.com\/RutanaKanceliarinesPrekes\/\" \/>\n<meta property=\"article:modified_time\" content=\"2025-10-13T13:35:09+00:00\" \/>\n<meta property=\"og:image\" content=\"https:\/\/rutana.lt\/wp-content\/uploads\/2025\/09\/B095-481.jpg\" \/>\n\t<meta property=\"og:image:width\" content=\"500\" \/>\n\t<meta property=\"og:image:height\" content=\"600\" \/>\n\t<meta property=\"og:image:type\" content=\"image\/jpeg\" \/>\n<meta name=\"twitter:card\" content=\"summary_large_image\" \/>\n<script type=\"application\/ld+json\" class=\"yoast-schema-graph\">{\"@context\":\"https:\/\/schema.org\",\"@graph\":[{\"@type\":\"WebPage\",\"@id\":\"https:\/\/rutana.lt\/produktas\/skystas-ranku-muilas-sunny-garden-i-dozatoriu-500-ml-katrin-47505\/\",\"url\":\"https:\/\/rutana.lt\/produktas\/skystas-ranku-muilas-sunny-garden-i-dozatoriu-500-ml-katrin-47505\/\",\"name\":\"Skystas rank\u0173 muilas Sunny Garden \u012f dozatori\u0173 500 ml Katrin 47505 - Rutana - Ra\u0161tin\u0117s reikmenys\",\"isPartOf\":{\"@id\":\"https:\/\/rutana.lt\/#website\"},\"primaryImageOfPage\":{\"@id\":\"https:\/\/rutana.lt\/produktas\/skystas-ranku-muilas-sunny-garden-i-dozatoriu-500-ml-katrin-47505\/#primaryimage\"},\"image\":{\"@id\":\"https:\/\/rutana.lt\/produktas\/skystas-ranku-muilas-sunny-garden-i-dozatoriu-500-ml-katrin-47505\/#primaryimage\"},\"thumbnailUrl\":\"https:\/\/rutana.lt\/wp-content\/uploads\/2025\/09\/B095-481-1.jpg?v=1763620656\",\"datePublished\":\"2025-09-03T07:07:55+00:00\",\"dateModified\":\"2025-10-13T13:35:09+00:00\",\"breadcrumb\":{\"@id\":\"https:\/\/rutana.lt\/produktas\/skystas-ranku-muilas-sunny-garden-i-dozatoriu-500-ml-katrin-47505\/#breadcrumb\"},\"inLanguage\":\"en-US\",\"potentialAction\":[{\"@type\":\"ReadAction\",\"target\":[\"https:\/\/rutana.lt\/produktas\/skystas-ranku-muilas-sunny-garden-i-dozatoriu-500-ml-katrin-47505\/\"]}]},{\"@type\":\"ImageObject\",\"inLanguage\":\"en-US\",\"@id\":\"https:\/\/rutana.lt\/produktas\/skystas-ranku-muilas-sunny-garden-i-dozatoriu-500-ml-katrin-47505\/#primaryimage\",\"url\":\"https:\/\/rutana.lt\/wp-content\/uploads\/2025\/09\/B095-481-1.jpg?v=1763620656\",\"contentUrl\":\"https:\/\/rutana.lt\/wp-content\/uploads\/2025\/09\/B095-481-1.jpg?v=1763620656\",\"width\":500,\"height\":600},{\"@type\":\"BreadcrumbList\",\"@id\":\"https:\/\/rutana.lt\/produktas\/skystas-ranku-muilas-sunny-garden-i-dozatoriu-500-ml-katrin-47505\/#breadcrumb\",\"itemListElement\":[{\"@type\":\"ListItem\",\"position\":1,\"name\":\"Home\",\"item\":\"https:\/\/rutana.lt\/\"},{\"@type\":\"ListItem\",\"position\":2,\"name\":\"Parduotuv\u0117\",\"item\":\"https:\/\/rutana.lt\/parduotuve\/\"},{\"@type\":\"ListItem\",\"position\":3,\"name\":\"Skystas rank\u0173 muilas Sunny Garden \u012f dozatori\u0173 500 ml Katrin 47505\"}]},{\"@type\":\"WebSite\",\"@id\":\"https:\/\/rutana.lt\/#website\",\"url\":\"https:\/\/rutana.lt\/\",\"name\":\"Rutana - Ra\u0161tin\u0117s reikmenys\",\"description\":\"Prekiaujame pasaulin\u0117je rinkoje pripa\u017eintomis, kokybi\u0161komis biuro prek\u0117mis toki\u0173  gamintoj\u0173 kaip: Schneider, Esselte, Novus, 3M, Faber-Castell, Citizen, Milan, Leitz, Colop, Zebra, Staedtler, Durable, Tork, Parker, Waterman ir kt.\",\"publisher\":{\"@id\":\"https:\/\/rutana.lt\/#organization\"},\"potentialAction\":[{\"@type\":\"SearchAction\",\"target\":{\"@type\":\"EntryPoint\",\"urlTemplate\":\"https:\/\/rutana.lt\/?s={search_term_string}\"},\"query-input\":{\"@type\":\"PropertyValueSpecification\",\"valueRequired\":true,\"valueName\":\"search_term_string\"}}],\"inLanguage\":\"en-US\"},{\"@type\":\"Organization\",\"@id\":\"https:\/\/rutana.lt\/#organization\",\"name\":\"Rutana - Ra\u0161tin\u0117s reikmenys\",\"url\":\"https:\/\/rutana.lt\/\",\"logo\":{\"@type\":\"ImageObject\",\"inLanguage\":\"en-US\",\"@id\":\"https:\/\/rutana.lt\/#\/schema\/logo\/image\/\",\"url\":\"https:\/\/rutana.lt\/wp-content\/uploads\/2025\/10\/Asset-32.png\",\"contentUrl\":\"https:\/\/rutana.lt\/wp-content\/uploads\/2025\/10\/Asset-32.png\",\"width\":433,\"height\":119,\"caption\":\"Rutana - Ra\u0161tin\u0117s reikmenys\"},\"image\":{\"@id\":\"https:\/\/rutana.lt\/#\/schema\/logo\/image\/\"},\"sameAs\":[\"https:\/\/www.facebook.com\/RutanaKanceliarinesPrekes\/\"]}]}<\/script>\n<!-- \/ Yoast SEO plugin. -->","yoast_head_json":{"title":"Skystas rank\u0173 muilas Sunny Garden \u012f dozatori\u0173 500 ml Katrin 47505 - Rutana - Ra\u0161tin\u0117s reikmenys","robots":{"index":"index","follow":"follow","max-snippet":"max-snippet:-1","max-image-preview":"max-image-preview:large","max-video-preview":"max-video-preview:-1"},"canonical":"https:\/\/rutana.lt\/en\/product\/skystas-ranku-muilas-sunny-garden-i-dozatoriu-500-ml-katrin-47505\/","og_locale":"en_US","og_type":"article","og_title":"Skystas rank\u0173 muilas Sunny Garden \u012f dozatori\u0173 500 ml Katrin 47505 - Rutana - Ra\u0161tin\u0117s reikmenys","og_description":"Auk\u0161tos kokyb\u0117s, efektyvus, \u0161velnus ir ekologi\u0161kas skystas rank\u0173 muilas. Labai malonus odai ir kvepiantis g\u0117li\u0173 pieva, suteiks vartotojui gaivi\u0105 rank\u0173 plovimo patirt\u012f. Dermatolog\u0173 patikrintas ir patvirtintas. Suteikti ISO9001 ir ISO14001 standartai. Tinkamas naudoti \u012f Katrin muilo dozatorius: 90205, 92186, 90229 ir 92209. Talpa: 500 ml Aromatas: Sunny Garden \/ Saul\u0117tas sodas Muilo spalva: ro\u017ein\u0117 Talpos [&hellip;]","og_url":"https:\/\/rutana.lt\/en\/product\/skystas-ranku-muilas-sunny-garden-i-dozatoriu-500-ml-katrin-47505\/","og_site_name":"Rutana - Ra\u0161tin\u0117s reikmenys","article_publisher":"https:\/\/www.facebook.com\/RutanaKanceliarinesPrekes\/","article_modified_time":"2025-10-13T13:35:09+00:00","og_image":[{"width":500,"height":600,"url":"https:\/\/rutana.lt\/wp-content\/uploads\/2025\/09\/B095-481.jpg","type":"image\/jpeg"}],"twitter_card":"summary_large_image","schema":{"@context":"https:\/\/schema.org","@graph":[{"@type":"WebPage","@id":"https:\/\/rutana.lt\/produktas\/skystas-ranku-muilas-sunny-garden-i-dozatoriu-500-ml-katrin-47505\/","url":"https:\/\/rutana.lt\/produktas\/skystas-ranku-muilas-sunny-garden-i-dozatoriu-500-ml-katrin-47505\/","name":"Skystas rank\u0173 muilas Sunny Garden \u012f dozatori\u0173 500 ml Katrin 47505 - Rutana - Ra\u0161tin\u0117s reikmenys","isPartOf":{"@id":"https:\/\/rutana.lt\/#website"},"primaryImageOfPage":{"@id":"https:\/\/rutana.lt\/produktas\/skystas-ranku-muilas-sunny-garden-i-dozatoriu-500-ml-katrin-47505\/#primaryimage"},"image":{"@id":"https:\/\/rutana.lt\/produktas\/skystas-ranku-muilas-sunny-garden-i-dozatoriu-500-ml-katrin-47505\/#primaryimage"},"thumbnailUrl":"https:\/\/rutana.lt\/wp-content\/uploads\/2025\/09\/B095-481-1.jpg?v=1763620656","datePublished":"2025-09-03T07:07:55+00:00","dateModified":"2025-10-13T13:35:09+00:00","breadcrumb":{"@id":"https:\/\/rutana.lt\/produktas\/skystas-ranku-muilas-sunny-garden-i-dozatoriu-500-ml-katrin-47505\/#breadcrumb"},"inLanguage":"en-US","potentialAction":[{"@type":"ReadAction","target":["https:\/\/rutana.lt\/produktas\/skystas-ranku-muilas-sunny-garden-i-dozatoriu-500-ml-katrin-47505\/"]}]},{"@type":"ImageObject","inLanguage":"en-US","@id":"https:\/\/rutana.lt\/produktas\/skystas-ranku-muilas-sunny-garden-i-dozatoriu-500-ml-katrin-47505\/#primaryimage","url":"https:\/\/rutana.lt\/wp-content\/uploads\/2025\/09\/B095-481-1.jpg?v=1763620656","contentUrl":"https:\/\/rutana.lt\/wp-content\/uploads\/2025\/09\/B095-481-1.jpg?v=1763620656","width":500,"height":600},{"@type":"BreadcrumbList","@id":"https:\/\/rutana.lt\/produktas\/skystas-ranku-muilas-sunny-garden-i-dozatoriu-500-ml-katrin-47505\/#breadcrumb","itemListElement":[{"@type":"ListItem","position":1,"name":"Home","item":"https:\/\/rutana.lt\/"},{"@type":"ListItem","position":2,"name":"Parduotuv\u0117","item":"https:\/\/rutana.lt\/parduotuve\/"},{"@type":"ListItem","position":3,"name":"Skystas rank\u0173 muilas Sunny Garden \u012f dozatori\u0173 500 ml Katrin 47505"}]},{"@type":"WebSite","@id":"https:\/\/rutana.lt\/#website","url":"https:\/\/rutana.lt\/","name":"Rutana - Ra\u0161tin\u0117s reikmenys","description":"Prekiaujame pasaulin\u0117je rinkoje pripa\u017eintomis, kokybi\u0161komis biuro prek\u0117mis toki\u0173  gamintoj\u0173 kaip: Schneider, Esselte, Novus, 3M, Faber-Castell, Citizen, Milan, Leitz, Colop, Zebra, Staedtler, Durable, Tork, Parker, Waterman ir kt.","publisher":{"@id":"https:\/\/rutana.lt\/#organization"},"potentialAction":[{"@type":"SearchAction","target":{"@type":"EntryPoint","urlTemplate":"https:\/\/rutana.lt\/?s={search_term_string}"},"query-input":{"@type":"PropertyValueSpecification","valueRequired":true,"valueName":"search_term_string"}}],"inLanguage":"en-US"},{"@type":"Organization","@id":"https:\/\/rutana.lt\/#organization","name":"Rutana - Ra\u0161tin\u0117s reikmenys","url":"https:\/\/rutana.lt\/","logo":{"@type":"ImageObject","inLanguage":"en-US","@id":"https:\/\/rutana.lt\/#\/schema\/logo\/image\/","url":"https:\/\/rutana.lt\/wp-content\/uploads\/2025\/10\/Asset-32.png","contentUrl":"https:\/\/rutana.lt\/wp-content\/uploads\/2025\/10\/Asset-32.png","width":433,"height":119,"caption":"Rutana - Ra\u0161tin\u0117s reikmenys"},"image":{"@id":"https:\/\/rutana.lt\/#\/schema\/logo\/image\/"},"sameAs":["https:\/\/www.facebook.com\/RutanaKanceliarinesPrekes\/"]}]}},"_links":{"self":[{"href":"https:\/\/rutana.lt\/en\/wp-json\/wp\/v2\/product\/9684","targetHints":{"allow":["GET"]}}],"collection":[{"href":"https:\/\/rutana.lt\/en\/wp-json\/wp\/v2\/product"}],"about":[{"href":"https:\/\/rutana.lt\/en\/wp-json\/wp\/v2\/types\/product"}],"replies":[{"embeddable":true,"href":"https:\/\/rutana.lt\/en\/wp-json\/wp\/v2\/comments?post=9684"}],"version-history":[{"count":1,"href":"https:\/\/rutana.lt\/en\/wp-json\/wp\/v2\/product\/9684\/revisions"}],"predecessor-version":[{"id":9734,"href":"https:\/\/rutana.lt\/en\/wp-json\/wp\/v2\/product\/9684\/revisions\/9734"}],"wp:featuredmedia":[{"embeddable":true,"href":"https:\/\/rutana.lt\/en\/wp-json\/wp\/v2\/media\/26893"}],"wp:attachment":[{"href":"https:\/\/rutana.lt\/en\/wp-json\/wp\/v2\/media?parent=9684"}],"wp:term":[{"taxonomy":"product_brand","embeddable":true,"href":"https:\/\/rutana.lt\/en\/wp-json\/wp\/v2\/product_brand?post=9684"},{"taxonomy":"product_cat","embeddable":true,"href":"https:\/\/rutana.lt\/en\/wp-json\/wp\/v2\/product_cat?post=9684"},{"taxonomy":"product_tag","embeddable":true,"href":"https:\/\/rutana.lt\/en\/wp-json\/wp\/v2\/product_tag?post=9684"}],"curies":[{"name":"wp","href":"https:\/\/api.w.org\/{rel}","templated":true}]}}