{"id":9683,"date":"2025-09-03T09:07:55","date_gmt":"2025-09-03T07:07:55","guid":{"rendered":"https:\/\/rutana.webdemo.lt\/?post_type=product&#038;p=9683"},"modified":"2025-10-13T15:35:08","modified_gmt":"2025-10-13T13:35:08","slug":"popierinis-ranksluostis-plus-roll-s2-baltas-katrin-2634","status":"publish","type":"product","link":"https:\/\/rutana.lt\/en\/product\/popierinis-ranksluostis-plus-roll-s2-baltas-katrin-2634\/","title":{"rendered":"Popierinis rank\u0161luostis Plus Roll S2 baltas Katrin 2634"},"content":{"rendered":"<p>Auk\u0161tos kokyb\u0117s popierinis rank\u0161luostis ritinyje yra ypatingai mink\u0161tas ir stiprus, skirtas rank\u0173 nusausinimui. Lengvai traukiamas i\u0161 vidaus. Suteikti ISO9001 ir ISO14001 standartai. Dermatolog\u0173 patikrintas ir patvirtintas. Tinkamas naudoti Katrin popieriaus laikikliuose: 90106 ir 92100.<\/p>\n<p>Ritinio ilgis: 60 m<\/p>\n<p>Ritinio plotis: 20.5 cm<\/p>\n<p>Ritinio skersmuo: 14 cm<\/p>\n<p>\u0160erdies vidinis skersmuo: 6.1 cm<\/p>\n<p>Lapelio ilgis: 23 cm<\/p>\n<p>Lapeli\u0173 kiekis: 261<\/p>\n<p>Sluoksniai: 2<\/p>\n<p>Spalva: balta<\/p>\n<p>Spauda: ne<\/p>\n<p>Popieriaus storis: 2 x 18 g \/ m<span style=\"vertical-align: super;\">2<\/span><\/p>\n<p><\/p>\n<p><\/p>\n<p><\/p>","protected":false},"excerpt":{"rendered":"<p>Auk\u0161tos kokyb\u0117s popierinis rank\u0161luostis ritinyje yra ypatingai mink\u0161tas ir stiprus, skirtas rank\u0173 nusausinimui. Lengvai traukiamas i\u0161 vidaus. Suteikti ISO9001 ir ISO14001 standartai. Dermatolog\u0173 patikrintas ir patvirtintas. Tinkamas naudoti Katrin popieriaus laikikliuose: 90106 ir 92100. Ritinio ilgis: 60 m Ritinio plotis: 20.5 cm Ritinio skersmuo: 14 cm \u0160erdies vidinis skersmuo: 6.1 cm Lapelio ilgis: 23 cm [&hellip;]<\/p>","protected":false},"featured_media":26892,"comment_status":"open","ping_status":"closed","template":"","meta":{"_season_start":"","_season_end":"","_season_days":"","_season_months":"","_season_auto_visibility":""},"product_brand":[686],"product_cat":[1620],"product_tag":[],"class_list":{"0":"post-9683","1":"product","2":"type-product","3":"status-publish","4":"has-post-thumbnail","6":"product_brand-katrin","7":"product_cat-popieriniai-ranksluosciai","9":"first","10":"instock","11":"taxable","12":"shipping-taxable","13":"purchasable","14":"product-type-simple"},"yoast_head":"<!-- This site is optimized with the Yoast SEO plugin v26.1.1 - https:\/\/yoast.com\/wordpress\/plugins\/seo\/ -->\n<title>Popierinis rank\u0161luostis Plus Roll S2 baltas Katrin 2634 - Rutana - Ra\u0161tin\u0117s reikmenys<\/title>\n<meta name=\"robots\" content=\"index, follow, max-snippet:-1, max-image-preview:large, max-video-preview:-1\" \/>\n<link rel=\"canonical\" href=\"https:\/\/rutana.lt\/en\/product\/popierinis-ranksluostis-plus-roll-s2-baltas-katrin-2634\/\" \/>\n<meta property=\"og:locale\" content=\"en_US\" \/>\n<meta property=\"og:type\" content=\"article\" \/>\n<meta property=\"og:title\" content=\"Popierinis rank\u0161luostis Plus Roll S2 baltas Katrin 2634 - Rutana - Ra\u0161tin\u0117s reikmenys\" \/>\n<meta property=\"og:description\" content=\"Auk\u0161tos kokyb\u0117s popierinis rank\u0161luostis ritinyje yra ypatingai mink\u0161tas ir stiprus, skirtas rank\u0173 nusausinimui. Lengvai traukiamas i\u0161 vidaus. Suteikti ISO9001 ir ISO14001 standartai. Dermatolog\u0173 patikrintas ir patvirtintas. Tinkamas naudoti Katrin popieriaus laikikliuose: 90106 ir 92100. Ritinio ilgis: 60 m Ritinio plotis: 20.5 cm Ritinio skersmuo: 14 cm \u0160erdies vidinis skersmuo: 6.1 cm Lapelio ilgis: 23 cm [&hellip;]\" \/>\n<meta property=\"og:url\" content=\"https:\/\/rutana.lt\/en\/product\/popierinis-ranksluostis-plus-roll-s2-baltas-katrin-2634\/\" \/>\n<meta property=\"og:site_name\" content=\"Rutana - Ra\u0161tin\u0117s reikmenys\" \/>\n<meta property=\"article:publisher\" content=\"https:\/\/www.facebook.com\/RutanaKanceliarinesPrekes\/\" \/>\n<meta property=\"article:modified_time\" content=\"2025-10-13T13:35:08+00:00\" \/>\n<meta property=\"og:image\" content=\"https:\/\/rutana.lt\/wp-content\/uploads\/2025\/09\/A082-631.jpg\" \/>\n\t<meta property=\"og:image:width\" content=\"501\" \/>\n\t<meta property=\"og:image:height\" content=\"600\" \/>\n\t<meta property=\"og:image:type\" content=\"image\/jpeg\" \/>\n<meta name=\"twitter:card\" content=\"summary_large_image\" \/>\n<script type=\"application\/ld+json\" class=\"yoast-schema-graph\">{\"@context\":\"https:\/\/schema.org\",\"@graph\":[{\"@type\":\"WebPage\",\"@id\":\"https:\/\/rutana.lt\/produktas\/popierinis-ranksluostis-plus-roll-s2-baltas-katrin-2634\/\",\"url\":\"https:\/\/rutana.lt\/produktas\/popierinis-ranksluostis-plus-roll-s2-baltas-katrin-2634\/\",\"name\":\"Popierinis rank\u0161luostis Plus Roll S2 baltas Katrin 2634 - Rutana - Ra\u0161tin\u0117s reikmenys\",\"isPartOf\":{\"@id\":\"https:\/\/rutana.lt\/#website\"},\"primaryImageOfPage\":{\"@id\":\"https:\/\/rutana.lt\/produktas\/popierinis-ranksluostis-plus-roll-s2-baltas-katrin-2634\/#primaryimage\"},\"image\":{\"@id\":\"https:\/\/rutana.lt\/produktas\/popierinis-ranksluostis-plus-roll-s2-baltas-katrin-2634\/#primaryimage\"},\"thumbnailUrl\":\"https:\/\/rutana.lt\/wp-content\/uploads\/2025\/09\/A082-631-3.jpg?v=1763620659\",\"datePublished\":\"2025-09-03T07:07:55+00:00\",\"dateModified\":\"2025-10-13T13:35:08+00:00\",\"breadcrumb\":{\"@id\":\"https:\/\/rutana.lt\/produktas\/popierinis-ranksluostis-plus-roll-s2-baltas-katrin-2634\/#breadcrumb\"},\"inLanguage\":\"en-US\",\"potentialAction\":[{\"@type\":\"ReadAction\",\"target\":[\"https:\/\/rutana.lt\/produktas\/popierinis-ranksluostis-plus-roll-s2-baltas-katrin-2634\/\"]}]},{\"@type\":\"ImageObject\",\"inLanguage\":\"en-US\",\"@id\":\"https:\/\/rutana.lt\/produktas\/popierinis-ranksluostis-plus-roll-s2-baltas-katrin-2634\/#primaryimage\",\"url\":\"https:\/\/rutana.lt\/wp-content\/uploads\/2025\/09\/A082-631-3.jpg?v=1763620659\",\"contentUrl\":\"https:\/\/rutana.lt\/wp-content\/uploads\/2025\/09\/A082-631-3.jpg?v=1763620659\",\"width\":501,\"height\":600},{\"@type\":\"BreadcrumbList\",\"@id\":\"https:\/\/rutana.lt\/produktas\/popierinis-ranksluostis-plus-roll-s2-baltas-katrin-2634\/#breadcrumb\",\"itemListElement\":[{\"@type\":\"ListItem\",\"position\":1,\"name\":\"Home\",\"item\":\"https:\/\/rutana.lt\/\"},{\"@type\":\"ListItem\",\"position\":2,\"name\":\"Parduotuv\u0117\",\"item\":\"https:\/\/rutana.lt\/parduotuve\/\"},{\"@type\":\"ListItem\",\"position\":3,\"name\":\"Popierinis rank\u0161luostis Plus Roll S2 baltas Katrin 2634\"}]},{\"@type\":\"WebSite\",\"@id\":\"https:\/\/rutana.lt\/#website\",\"url\":\"https:\/\/rutana.lt\/\",\"name\":\"Rutana - Ra\u0161tin\u0117s reikmenys\",\"description\":\"Prekiaujame pasaulin\u0117je rinkoje pripa\u017eintomis, kokybi\u0161komis biuro prek\u0117mis toki\u0173  gamintoj\u0173 kaip: Schneider, Esselte, Novus, 3M, Faber-Castell, Citizen, Milan, Leitz, Colop, Zebra, Staedtler, Durable, Tork, Parker, Waterman ir kt.\",\"publisher\":{\"@id\":\"https:\/\/rutana.lt\/#organization\"},\"potentialAction\":[{\"@type\":\"SearchAction\",\"target\":{\"@type\":\"EntryPoint\",\"urlTemplate\":\"https:\/\/rutana.lt\/?s={search_term_string}\"},\"query-input\":{\"@type\":\"PropertyValueSpecification\",\"valueRequired\":true,\"valueName\":\"search_term_string\"}}],\"inLanguage\":\"en-US\"},{\"@type\":\"Organization\",\"@id\":\"https:\/\/rutana.lt\/#organization\",\"name\":\"Rutana - Ra\u0161tin\u0117s reikmenys\",\"url\":\"https:\/\/rutana.lt\/\",\"logo\":{\"@type\":\"ImageObject\",\"inLanguage\":\"en-US\",\"@id\":\"https:\/\/rutana.lt\/#\/schema\/logo\/image\/\",\"url\":\"https:\/\/rutana.lt\/wp-content\/uploads\/2025\/10\/Asset-32.png\",\"contentUrl\":\"https:\/\/rutana.lt\/wp-content\/uploads\/2025\/10\/Asset-32.png\",\"width\":433,\"height\":119,\"caption\":\"Rutana - Ra\u0161tin\u0117s reikmenys\"},\"image\":{\"@id\":\"https:\/\/rutana.lt\/#\/schema\/logo\/image\/\"},\"sameAs\":[\"https:\/\/www.facebook.com\/RutanaKanceliarinesPrekes\/\"]}]}<\/script>\n<!-- \/ Yoast SEO plugin. -->","yoast_head_json":{"title":"Popierinis rank\u0161luostis Plus Roll S2 baltas Katrin 2634 - Rutana - Ra\u0161tin\u0117s reikmenys","robots":{"index":"index","follow":"follow","max-snippet":"max-snippet:-1","max-image-preview":"max-image-preview:large","max-video-preview":"max-video-preview:-1"},"canonical":"https:\/\/rutana.lt\/en\/product\/popierinis-ranksluostis-plus-roll-s2-baltas-katrin-2634\/","og_locale":"en_US","og_type":"article","og_title":"Popierinis rank\u0161luostis Plus Roll S2 baltas Katrin 2634 - Rutana - Ra\u0161tin\u0117s reikmenys","og_description":"Auk\u0161tos kokyb\u0117s popierinis rank\u0161luostis ritinyje yra ypatingai mink\u0161tas ir stiprus, skirtas rank\u0173 nusausinimui. Lengvai traukiamas i\u0161 vidaus. Suteikti ISO9001 ir ISO14001 standartai. Dermatolog\u0173 patikrintas ir patvirtintas. Tinkamas naudoti Katrin popieriaus laikikliuose: 90106 ir 92100. Ritinio ilgis: 60 m Ritinio plotis: 20.5 cm Ritinio skersmuo: 14 cm \u0160erdies vidinis skersmuo: 6.1 cm Lapelio ilgis: 23 cm [&hellip;]","og_url":"https:\/\/rutana.lt\/en\/product\/popierinis-ranksluostis-plus-roll-s2-baltas-katrin-2634\/","og_site_name":"Rutana - Ra\u0161tin\u0117s reikmenys","article_publisher":"https:\/\/www.facebook.com\/RutanaKanceliarinesPrekes\/","article_modified_time":"2025-10-13T13:35:08+00:00","og_image":[{"width":501,"height":600,"url":"https:\/\/rutana.lt\/wp-content\/uploads\/2025\/09\/A082-631.jpg","type":"image\/jpeg"}],"twitter_card":"summary_large_image","schema":{"@context":"https:\/\/schema.org","@graph":[{"@type":"WebPage","@id":"https:\/\/rutana.lt\/produktas\/popierinis-ranksluostis-plus-roll-s2-baltas-katrin-2634\/","url":"https:\/\/rutana.lt\/produktas\/popierinis-ranksluostis-plus-roll-s2-baltas-katrin-2634\/","name":"Popierinis rank\u0161luostis Plus Roll S2 baltas Katrin 2634 - Rutana - Ra\u0161tin\u0117s reikmenys","isPartOf":{"@id":"https:\/\/rutana.lt\/#website"},"primaryImageOfPage":{"@id":"https:\/\/rutana.lt\/produktas\/popierinis-ranksluostis-plus-roll-s2-baltas-katrin-2634\/#primaryimage"},"image":{"@id":"https:\/\/rutana.lt\/produktas\/popierinis-ranksluostis-plus-roll-s2-baltas-katrin-2634\/#primaryimage"},"thumbnailUrl":"https:\/\/rutana.lt\/wp-content\/uploads\/2025\/09\/A082-631-3.jpg?v=1763620659","datePublished":"2025-09-03T07:07:55+00:00","dateModified":"2025-10-13T13:35:08+00:00","breadcrumb":{"@id":"https:\/\/rutana.lt\/produktas\/popierinis-ranksluostis-plus-roll-s2-baltas-katrin-2634\/#breadcrumb"},"inLanguage":"en-US","potentialAction":[{"@type":"ReadAction","target":["https:\/\/rutana.lt\/produktas\/popierinis-ranksluostis-plus-roll-s2-baltas-katrin-2634\/"]}]},{"@type":"ImageObject","inLanguage":"en-US","@id":"https:\/\/rutana.lt\/produktas\/popierinis-ranksluostis-plus-roll-s2-baltas-katrin-2634\/#primaryimage","url":"https:\/\/rutana.lt\/wp-content\/uploads\/2025\/09\/A082-631-3.jpg?v=1763620659","contentUrl":"https:\/\/rutana.lt\/wp-content\/uploads\/2025\/09\/A082-631-3.jpg?v=1763620659","width":501,"height":600},{"@type":"BreadcrumbList","@id":"https:\/\/rutana.lt\/produktas\/popierinis-ranksluostis-plus-roll-s2-baltas-katrin-2634\/#breadcrumb","itemListElement":[{"@type":"ListItem","position":1,"name":"Home","item":"https:\/\/rutana.lt\/"},{"@type":"ListItem","position":2,"name":"Parduotuv\u0117","item":"https:\/\/rutana.lt\/parduotuve\/"},{"@type":"ListItem","position":3,"name":"Popierinis rank\u0161luostis Plus Roll S2 baltas Katrin 2634"}]},{"@type":"WebSite","@id":"https:\/\/rutana.lt\/#website","url":"https:\/\/rutana.lt\/","name":"Rutana - Ra\u0161tin\u0117s reikmenys","description":"Prekiaujame pasaulin\u0117je rinkoje pripa\u017eintomis, kokybi\u0161komis biuro prek\u0117mis toki\u0173  gamintoj\u0173 kaip: Schneider, Esselte, Novus, 3M, Faber-Castell, Citizen, Milan, Leitz, Colop, Zebra, Staedtler, Durable, Tork, Parker, Waterman ir kt.","publisher":{"@id":"https:\/\/rutana.lt\/#organization"},"potentialAction":[{"@type":"SearchAction","target":{"@type":"EntryPoint","urlTemplate":"https:\/\/rutana.lt\/?s={search_term_string}"},"query-input":{"@type":"PropertyValueSpecification","valueRequired":true,"valueName":"search_term_string"}}],"inLanguage":"en-US"},{"@type":"Organization","@id":"https:\/\/rutana.lt\/#organization","name":"Rutana - Ra\u0161tin\u0117s reikmenys","url":"https:\/\/rutana.lt\/","logo":{"@type":"ImageObject","inLanguage":"en-US","@id":"https:\/\/rutana.lt\/#\/schema\/logo\/image\/","url":"https:\/\/rutana.lt\/wp-content\/uploads\/2025\/10\/Asset-32.png","contentUrl":"https:\/\/rutana.lt\/wp-content\/uploads\/2025\/10\/Asset-32.png","width":433,"height":119,"caption":"Rutana - Ra\u0161tin\u0117s reikmenys"},"image":{"@id":"https:\/\/rutana.lt\/#\/schema\/logo\/image\/"},"sameAs":["https:\/\/www.facebook.com\/RutanaKanceliarinesPrekes\/"]}]}},"_links":{"self":[{"href":"https:\/\/rutana.lt\/en\/wp-json\/wp\/v2\/product\/9683","targetHints":{"allow":["GET"]}}],"collection":[{"href":"https:\/\/rutana.lt\/en\/wp-json\/wp\/v2\/product"}],"about":[{"href":"https:\/\/rutana.lt\/en\/wp-json\/wp\/v2\/types\/product"}],"replies":[{"embeddable":true,"href":"https:\/\/rutana.lt\/en\/wp-json\/wp\/v2\/comments?post=9683"}],"version-history":[{"count":1,"href":"https:\/\/rutana.lt\/en\/wp-json\/wp\/v2\/product\/9683\/revisions"}],"predecessor-version":[{"id":9732,"href":"https:\/\/rutana.lt\/en\/wp-json\/wp\/v2\/product\/9683\/revisions\/9732"}],"wp:featuredmedia":[{"embeddable":true,"href":"https:\/\/rutana.lt\/en\/wp-json\/wp\/v2\/media\/26892"}],"wp:attachment":[{"href":"https:\/\/rutana.lt\/en\/wp-json\/wp\/v2\/media?parent=9683"}],"wp:term":[{"taxonomy":"product_brand","embeddable":true,"href":"https:\/\/rutana.lt\/en\/wp-json\/wp\/v2\/product_brand?post=9683"},{"taxonomy":"product_cat","embeddable":true,"href":"https:\/\/rutana.lt\/en\/wp-json\/wp\/v2\/product_cat?post=9683"},{"taxonomy":"product_tag","embeddable":true,"href":"https:\/\/rutana.lt\/en\/wp-json\/wp\/v2\/product_tag?post=9683"}],"curies":[{"name":"wp","href":"https:\/\/api.w.org\/{rel}","templated":true}]}}