{"id":9605,"date":"2025-09-03T09:07:32","date_gmt":"2025-09-03T07:07:32","guid":{"rendered":"https:\/\/rutana.webdemo.lt\/?post_type=product&#038;p=9605"},"modified":"2025-10-13T15:34:57","modified_gmt":"2025-10-13T13:34:57","slug":"korektorius-piestukinis-8-ml-uni-clp-300","status":"publish","type":"product","link":"https:\/\/rutana.lt\/en\/product\/korektorius-piestukinis-8-ml-uni-clp-300\/","title":{"rendered":"Korektorius pie\u0161tukinis 8 ml Uni CLP-300"},"content":{"rendered":"<p>Ekologi\u0161kas pie\u0161tukinis korektorius metaline galvute, tinkantis labai tiksliam koregavimui. Greitai d\u017ei\u016bstantis, nei\u0161siliejantis, netir\u0161t\u0117jantis koregavimo skystis. Prie\u0161 naudojant korektori\u0173 reikia truputi suplakti.<\/p>\n<p>Koreguojamos linijos storis: 1.2 mm<\/p>\n<p>Korektoriaus talpa: 8 ml<\/p>\n<p>Kilm\u0117s \u0161alis: Japonija<\/p>\n<\/p>\n<p><\/p>","protected":false},"excerpt":{"rendered":"<p>Ekologi\u0161kas pie\u0161tukinis korektorius metaline galvute, tinkantis labai tiksliam koregavimui. Greitai d\u017ei\u016bstantis, nei\u0161siliejantis, netir\u0161t\u0117jantis koregavimo skystis. Prie\u0161 naudojant korektori\u0173 reikia truputi suplakti. Koreguojamos linijos storis: 1.2 mm Korektoriaus talpa: 8 ml Kilm\u0117s \u0161alis: Japonija<\/p>","protected":false},"featured_media":26870,"comment_status":"open","ping_status":"closed","template":"","meta":{"_season_start":"","_season_end":"","_season_days":"","_season_months":"","_season_auto_visibility":""},"product_brand":[91],"product_cat":[1764],"product_tag":[],"class_list":{"0":"post-9605","1":"product","2":"type-product","3":"status-publish","4":"has-post-thumbnail","6":"product_brand-uni-mitsubishi-pencil","7":"product_cat-piestukiniai-korektoriai","9":"first","10":"instock","11":"taxable","12":"shipping-taxable","13":"purchasable","14":"product-type-simple"},"yoast_head":"<!-- This site is optimized with the Yoast SEO plugin v26.1.1 - https:\/\/yoast.com\/wordpress\/plugins\/seo\/ -->\n<title>Korektorius pie\u0161tukinis 8 ml Uni CLP-300 - Rutana - Ra\u0161tin\u0117s reikmenys<\/title>\n<meta name=\"robots\" content=\"index, follow, max-snippet:-1, max-image-preview:large, max-video-preview:-1\" \/>\n<link rel=\"canonical\" href=\"https:\/\/rutana.lt\/en\/product\/korektorius-piestukinis-8-ml-uni-clp-300\/\" \/>\n<meta property=\"og:locale\" content=\"en_US\" \/>\n<meta property=\"og:type\" content=\"article\" \/>\n<meta property=\"og:title\" content=\"Korektorius pie\u0161tukinis 8 ml Uni CLP-300 - Rutana - Ra\u0161tin\u0117s reikmenys\" \/>\n<meta property=\"og:description\" content=\"Ekologi\u0161kas pie\u0161tukinis korektorius metaline galvute, tinkantis labai tiksliam koregavimui. Greitai d\u017ei\u016bstantis, nei\u0161siliejantis, netir\u0161t\u0117jantis koregavimo skystis. Prie\u0161 naudojant korektori\u0173 reikia truputi suplakti. Koreguojamos linijos storis: 1.2 mm Korektoriaus talpa: 8 ml Kilm\u0117s \u0161alis: Japonija\" \/>\n<meta property=\"og:url\" content=\"https:\/\/rutana.lt\/en\/product\/korektorius-piestukinis-8-ml-uni-clp-300\/\" \/>\n<meta property=\"og:site_name\" content=\"Rutana - Ra\u0161tin\u0117s reikmenys\" \/>\n<meta property=\"article:publisher\" content=\"https:\/\/www.facebook.com\/RutanaKanceliarinesPrekes\/\" \/>\n<meta property=\"article:modified_time\" content=\"2025-10-13T13:34:57+00:00\" \/>\n<meta property=\"og:image\" content=\"https:\/\/rutana.lt\/wp-content\/uploads\/2025\/09\/B011-221.jpg\" \/>\n\t<meta property=\"og:image:width\" content=\"506\" \/>\n\t<meta property=\"og:image:height\" content=\"460\" \/>\n\t<meta property=\"og:image:type\" content=\"image\/jpeg\" \/>\n<meta name=\"twitter:card\" content=\"summary_large_image\" \/>\n<script type=\"application\/ld+json\" class=\"yoast-schema-graph\">{\"@context\":\"https:\/\/schema.org\",\"@graph\":[{\"@type\":\"WebPage\",\"@id\":\"https:\/\/rutana.lt\/produktas\/korektorius-piestukinis-8-ml-uni-clp-300\/\",\"url\":\"https:\/\/rutana.lt\/produktas\/korektorius-piestukinis-8-ml-uni-clp-300\/\",\"name\":\"Korektorius pie\u0161tukinis 8 ml Uni CLP-300 - Rutana - Ra\u0161tin\u0117s reikmenys\",\"isPartOf\":{\"@id\":\"https:\/\/rutana.lt\/#website\"},\"primaryImageOfPage\":{\"@id\":\"https:\/\/rutana.lt\/produktas\/korektorius-piestukinis-8-ml-uni-clp-300\/#primaryimage\"},\"image\":{\"@id\":\"https:\/\/rutana.lt\/produktas\/korektorius-piestukinis-8-ml-uni-clp-300\/#primaryimage\"},\"thumbnailUrl\":\"https:\/\/rutana.lt\/wp-content\/uploads\/2025\/09\/B011-221-1.jpg?v=1763620685\",\"datePublished\":\"2025-09-03T07:07:32+00:00\",\"dateModified\":\"2025-10-13T13:34:57+00:00\",\"breadcrumb\":{\"@id\":\"https:\/\/rutana.lt\/produktas\/korektorius-piestukinis-8-ml-uni-clp-300\/#breadcrumb\"},\"inLanguage\":\"en-US\",\"potentialAction\":[{\"@type\":\"ReadAction\",\"target\":[\"https:\/\/rutana.lt\/produktas\/korektorius-piestukinis-8-ml-uni-clp-300\/\"]}]},{\"@type\":\"ImageObject\",\"inLanguage\":\"en-US\",\"@id\":\"https:\/\/rutana.lt\/produktas\/korektorius-piestukinis-8-ml-uni-clp-300\/#primaryimage\",\"url\":\"https:\/\/rutana.lt\/wp-content\/uploads\/2025\/09\/B011-221-1.jpg?v=1763620685\",\"contentUrl\":\"https:\/\/rutana.lt\/wp-content\/uploads\/2025\/09\/B011-221-1.jpg?v=1763620685\",\"width\":506,\"height\":460},{\"@type\":\"BreadcrumbList\",\"@id\":\"https:\/\/rutana.lt\/produktas\/korektorius-piestukinis-8-ml-uni-clp-300\/#breadcrumb\",\"itemListElement\":[{\"@type\":\"ListItem\",\"position\":1,\"name\":\"Home\",\"item\":\"https:\/\/rutana.lt\/\"},{\"@type\":\"ListItem\",\"position\":2,\"name\":\"Parduotuv\u0117\",\"item\":\"https:\/\/rutana.lt\/parduotuve\/\"},{\"@type\":\"ListItem\",\"position\":3,\"name\":\"Korektorius pie\u0161tukinis 8 ml Uni CLP-300\"}]},{\"@type\":\"WebSite\",\"@id\":\"https:\/\/rutana.lt\/#website\",\"url\":\"https:\/\/rutana.lt\/\",\"name\":\"Rutana - Ra\u0161tin\u0117s reikmenys\",\"description\":\"Prekiaujame pasaulin\u0117je rinkoje pripa\u017eintomis, kokybi\u0161komis biuro prek\u0117mis toki\u0173  gamintoj\u0173 kaip: Schneider, Esselte, Novus, 3M, Faber-Castell, Citizen, Milan, Leitz, Colop, Zebra, Staedtler, Durable, Tork, Parker, Waterman ir kt.\",\"publisher\":{\"@id\":\"https:\/\/rutana.lt\/#organization\"},\"potentialAction\":[{\"@type\":\"SearchAction\",\"target\":{\"@type\":\"EntryPoint\",\"urlTemplate\":\"https:\/\/rutana.lt\/?s={search_term_string}\"},\"query-input\":{\"@type\":\"PropertyValueSpecification\",\"valueRequired\":true,\"valueName\":\"search_term_string\"}}],\"inLanguage\":\"en-US\"},{\"@type\":\"Organization\",\"@id\":\"https:\/\/rutana.lt\/#organization\",\"name\":\"Rutana - Ra\u0161tin\u0117s reikmenys\",\"url\":\"https:\/\/rutana.lt\/\",\"logo\":{\"@type\":\"ImageObject\",\"inLanguage\":\"en-US\",\"@id\":\"https:\/\/rutana.lt\/#\/schema\/logo\/image\/\",\"url\":\"https:\/\/rutana.lt\/wp-content\/uploads\/2025\/10\/Asset-32.png\",\"contentUrl\":\"https:\/\/rutana.lt\/wp-content\/uploads\/2025\/10\/Asset-32.png\",\"width\":433,\"height\":119,\"caption\":\"Rutana - Ra\u0161tin\u0117s reikmenys\"},\"image\":{\"@id\":\"https:\/\/rutana.lt\/#\/schema\/logo\/image\/\"},\"sameAs\":[\"https:\/\/www.facebook.com\/RutanaKanceliarinesPrekes\/\"]}]}<\/script>\n<!-- \/ Yoast SEO plugin. -->","yoast_head_json":{"title":"Korektorius pie\u0161tukinis 8 ml Uni CLP-300 - Rutana - Ra\u0161tin\u0117s reikmenys","robots":{"index":"index","follow":"follow","max-snippet":"max-snippet:-1","max-image-preview":"max-image-preview:large","max-video-preview":"max-video-preview:-1"},"canonical":"https:\/\/rutana.lt\/en\/product\/korektorius-piestukinis-8-ml-uni-clp-300\/","og_locale":"en_US","og_type":"article","og_title":"Korektorius pie\u0161tukinis 8 ml Uni CLP-300 - Rutana - Ra\u0161tin\u0117s reikmenys","og_description":"Ekologi\u0161kas pie\u0161tukinis korektorius metaline galvute, tinkantis labai tiksliam koregavimui. Greitai d\u017ei\u016bstantis, nei\u0161siliejantis, netir\u0161t\u0117jantis koregavimo skystis. Prie\u0161 naudojant korektori\u0173 reikia truputi suplakti. Koreguojamos linijos storis: 1.2 mm Korektoriaus talpa: 8 ml Kilm\u0117s \u0161alis: Japonija","og_url":"https:\/\/rutana.lt\/en\/product\/korektorius-piestukinis-8-ml-uni-clp-300\/","og_site_name":"Rutana - Ra\u0161tin\u0117s reikmenys","article_publisher":"https:\/\/www.facebook.com\/RutanaKanceliarinesPrekes\/","article_modified_time":"2025-10-13T13:34:57+00:00","og_image":[{"width":506,"height":460,"url":"https:\/\/rutana.lt\/wp-content\/uploads\/2025\/09\/B011-221.jpg","type":"image\/jpeg"}],"twitter_card":"summary_large_image","schema":{"@context":"https:\/\/schema.org","@graph":[{"@type":"WebPage","@id":"https:\/\/rutana.lt\/produktas\/korektorius-piestukinis-8-ml-uni-clp-300\/","url":"https:\/\/rutana.lt\/produktas\/korektorius-piestukinis-8-ml-uni-clp-300\/","name":"Korektorius pie\u0161tukinis 8 ml Uni CLP-300 - Rutana - Ra\u0161tin\u0117s reikmenys","isPartOf":{"@id":"https:\/\/rutana.lt\/#website"},"primaryImageOfPage":{"@id":"https:\/\/rutana.lt\/produktas\/korektorius-piestukinis-8-ml-uni-clp-300\/#primaryimage"},"image":{"@id":"https:\/\/rutana.lt\/produktas\/korektorius-piestukinis-8-ml-uni-clp-300\/#primaryimage"},"thumbnailUrl":"https:\/\/rutana.lt\/wp-content\/uploads\/2025\/09\/B011-221-1.jpg?v=1763620685","datePublished":"2025-09-03T07:07:32+00:00","dateModified":"2025-10-13T13:34:57+00:00","breadcrumb":{"@id":"https:\/\/rutana.lt\/produktas\/korektorius-piestukinis-8-ml-uni-clp-300\/#breadcrumb"},"inLanguage":"en-US","potentialAction":[{"@type":"ReadAction","target":["https:\/\/rutana.lt\/produktas\/korektorius-piestukinis-8-ml-uni-clp-300\/"]}]},{"@type":"ImageObject","inLanguage":"en-US","@id":"https:\/\/rutana.lt\/produktas\/korektorius-piestukinis-8-ml-uni-clp-300\/#primaryimage","url":"https:\/\/rutana.lt\/wp-content\/uploads\/2025\/09\/B011-221-1.jpg?v=1763620685","contentUrl":"https:\/\/rutana.lt\/wp-content\/uploads\/2025\/09\/B011-221-1.jpg?v=1763620685","width":506,"height":460},{"@type":"BreadcrumbList","@id":"https:\/\/rutana.lt\/produktas\/korektorius-piestukinis-8-ml-uni-clp-300\/#breadcrumb","itemListElement":[{"@type":"ListItem","position":1,"name":"Home","item":"https:\/\/rutana.lt\/"},{"@type":"ListItem","position":2,"name":"Parduotuv\u0117","item":"https:\/\/rutana.lt\/parduotuve\/"},{"@type":"ListItem","position":3,"name":"Korektorius pie\u0161tukinis 8 ml Uni CLP-300"}]},{"@type":"WebSite","@id":"https:\/\/rutana.lt\/#website","url":"https:\/\/rutana.lt\/","name":"Rutana - Ra\u0161tin\u0117s reikmenys","description":"Prekiaujame pasaulin\u0117je rinkoje pripa\u017eintomis, kokybi\u0161komis biuro prek\u0117mis toki\u0173  gamintoj\u0173 kaip: Schneider, Esselte, Novus, 3M, Faber-Castell, Citizen, Milan, Leitz, Colop, Zebra, Staedtler, Durable, Tork, Parker, Waterman ir kt.","publisher":{"@id":"https:\/\/rutana.lt\/#organization"},"potentialAction":[{"@type":"SearchAction","target":{"@type":"EntryPoint","urlTemplate":"https:\/\/rutana.lt\/?s={search_term_string}"},"query-input":{"@type":"PropertyValueSpecification","valueRequired":true,"valueName":"search_term_string"}}],"inLanguage":"en-US"},{"@type":"Organization","@id":"https:\/\/rutana.lt\/#organization","name":"Rutana - Ra\u0161tin\u0117s reikmenys","url":"https:\/\/rutana.lt\/","logo":{"@type":"ImageObject","inLanguage":"en-US","@id":"https:\/\/rutana.lt\/#\/schema\/logo\/image\/","url":"https:\/\/rutana.lt\/wp-content\/uploads\/2025\/10\/Asset-32.png","contentUrl":"https:\/\/rutana.lt\/wp-content\/uploads\/2025\/10\/Asset-32.png","width":433,"height":119,"caption":"Rutana - Ra\u0161tin\u0117s reikmenys"},"image":{"@id":"https:\/\/rutana.lt\/#\/schema\/logo\/image\/"},"sameAs":["https:\/\/www.facebook.com\/RutanaKanceliarinesPrekes\/"]}]}},"_links":{"self":[{"href":"https:\/\/rutana.lt\/en\/wp-json\/wp\/v2\/product\/9605","targetHints":{"allow":["GET"]}}],"collection":[{"href":"https:\/\/rutana.lt\/en\/wp-json\/wp\/v2\/product"}],"about":[{"href":"https:\/\/rutana.lt\/en\/wp-json\/wp\/v2\/types\/product"}],"replies":[{"embeddable":true,"href":"https:\/\/rutana.lt\/en\/wp-json\/wp\/v2\/comments?post=9605"}],"version-history":[{"count":1,"href":"https:\/\/rutana.lt\/en\/wp-json\/wp\/v2\/product\/9605\/revisions"}],"predecessor-version":[{"id":9660,"href":"https:\/\/rutana.lt\/en\/wp-json\/wp\/v2\/product\/9605\/revisions\/9660"}],"wp:featuredmedia":[{"embeddable":true,"href":"https:\/\/rutana.lt\/en\/wp-json\/wp\/v2\/media\/26870"}],"wp:attachment":[{"href":"https:\/\/rutana.lt\/en\/wp-json\/wp\/v2\/media?parent=9605"}],"wp:term":[{"taxonomy":"product_brand","embeddable":true,"href":"https:\/\/rutana.lt\/en\/wp-json\/wp\/v2\/product_brand?post=9605"},{"taxonomy":"product_cat","embeddable":true,"href":"https:\/\/rutana.lt\/en\/wp-json\/wp\/v2\/product_cat?post=9605"},{"taxonomy":"product_tag","embeddable":true,"href":"https:\/\/rutana.lt\/en\/wp-json\/wp\/v2\/product_tag?post=9605"}],"curies":[{"name":"wp","href":"https:\/\/api.w.org\/{rel}","templated":true}]}}