{"id":9585,"date":"2025-09-03T09:07:29","date_gmt":"2025-09-03T07:07:29","guid":{"rendered":"https:\/\/rutana.webdemo.lt\/?post_type=product&#038;p=9585"},"modified":"2025-10-13T15:34:52","modified_gmt":"2025-10-13T13:34:52","slug":"nerafinuotas-cukranendriu-cukrus-rudas-750-g-dan-sukker","status":"publish","type":"product","link":"https:\/\/rutana.lt\/en\/product\/nerafinuotas-cukranendriu-cukrus-rudas-750-g-dan-sukker\/","title":{"rendered":"Nerafinuotas cukranendri\u0173 cukrus rudas 750 g Dan Sukker"},"content":{"rendered":"<p style=\"margin-bottom: 10px;\">Nerafinuotas cukranendri\u0173 cukrus yra gaminamas i\u0161 atogr\u0105\u017e\u0173 klimate auginam\u0173 cukranendri\u0173. I\u0161 cukranendri\u0173 i\u0161gautos sultys yra filtruojamos ir kristalizuojamos. Nerafinuotam cukranendri\u0173 cukrui b\u016bdingas skonis ir auksin\u0117 rusva spalva atsiranda d\u0117l cukranendri\u0173 melasos, kuri yra nat\u016brali cukranendri\u0173 cukraus dalis. Nerafinuotu cukranendri\u0173 cukrumi gardinkite g\u0117rimus, kokteilius, desertus, pada\u017eus, kepam\u0105 m\u0117s\u0105 ir dar\u017eoves.<\/p>\n<p>Spalva: ruda<\/p>\n<p>Kiekis: 750 g <\/p>\n<p>Pakuot\u0117: polietilenas<\/p>\n<p>Kilm\u0117s \u0161alis: Lietuva<\/p>","protected":false},"excerpt":{"rendered":"<p>Nerafinuotas cukranendri\u0173 cukrus yra gaminamas i\u0161 atogr\u0105\u017e\u0173 klimate auginam\u0173 cukranendri\u0173. I\u0161 cukranendri\u0173 i\u0161gautos sultys yra filtruojamos ir kristalizuojamos. Nerafinuotam cukranendri\u0173 cukrui b\u016bdingas skonis ir auksin\u0117 rusva spalva atsiranda d\u0117l cukranendri\u0173 melasos, kuri yra nat\u016brali cukranendri\u0173 cukraus dalis. Nerafinuotu cukranendri\u0173 cukrumi gardinkite g\u0117rimus, kokteilius, desertus, pada\u017eus, kepam\u0105 m\u0117s\u0105 ir dar\u017eoves. Spalva: ruda Kiekis: 750 g Pakuot\u0117: [&hellip;]<\/p>","protected":false},"featured_media":26850,"comment_status":"open","ping_status":"closed","template":"","meta":{"_season_start":"","_season_end":"","_season_days":"","_season_months":"","_season_auto_visibility":""},"product_brand":[681],"product_cat":[1873],"product_tag":[],"class_list":{"0":"post-9585","1":"product","2":"type-product","3":"status-publish","4":"has-post-thumbnail","6":"product_brand-dan-sukker","7":"product_cat-cukrus","9":"first","10":"instock","11":"taxable","12":"shipping-taxable","13":"purchasable","14":"product-type-simple"},"yoast_head":"<!-- This site is optimized with the Yoast SEO plugin v27.4 - https:\/\/yoast.com\/product\/yoast-seo-wordpress\/ -->\n<title>Nerafinuotas cukranendri\u0173 cukrus rudas 750 g Dan Sukker - Rutana - Ra\u0161tin\u0117s reikmenys<\/title>\n<meta name=\"robots\" content=\"index, follow, max-snippet:-1, max-image-preview:large, max-video-preview:-1\" \/>\n<link rel=\"canonical\" href=\"https:\/\/rutana.lt\/en\/product\/nerafinuotas-cukranendriu-cukrus-rudas-750-g-dan-sukker\/\" \/>\n<meta property=\"og:locale\" content=\"en_US\" \/>\n<meta property=\"og:type\" content=\"article\" \/>\n<meta property=\"og:title\" content=\"Nerafinuotas cukranendri\u0173 cukrus rudas 750 g Dan Sukker - Rutana - Ra\u0161tin\u0117s reikmenys\" \/>\n<meta property=\"og:description\" content=\"Nerafinuotas cukranendri\u0173 cukrus yra gaminamas i\u0161 atogr\u0105\u017e\u0173 klimate auginam\u0173 cukranendri\u0173. I\u0161 cukranendri\u0173 i\u0161gautos sultys yra filtruojamos ir kristalizuojamos. Nerafinuotam cukranendri\u0173 cukrui b\u016bdingas skonis ir auksin\u0117 rusva spalva atsiranda d\u0117l cukranendri\u0173 melasos, kuri yra nat\u016brali cukranendri\u0173 cukraus dalis. Nerafinuotu cukranendri\u0173 cukrumi gardinkite g\u0117rimus, kokteilius, desertus, pada\u017eus, kepam\u0105 m\u0117s\u0105 ir dar\u017eoves. Spalva: ruda Kiekis: 750 g Pakuot\u0117: [&hellip;]\" \/>\n<meta property=\"og:url\" content=\"https:\/\/rutana.lt\/en\/product\/nerafinuotas-cukranendriu-cukrus-rudas-750-g-dan-sukker\/\" \/>\n<meta property=\"og:site_name\" content=\"Rutana - Ra\u0161tin\u0117s reikmenys\" \/>\n<meta property=\"article:publisher\" content=\"https:\/\/www.facebook.com\/RutanaKanceliarinesPrekes\/\" \/>\n<meta property=\"article:modified_time\" content=\"2025-10-13T13:34:52+00:00\" \/>\n<meta property=\"og:image\" content=\"https:\/\/rutana.lt\/wp-content\/uploads\/2025\/09\/B091-303.jpg\" \/>\n\t<meta property=\"og:image:width\" content=\"500\" \/>\n\t<meta property=\"og:image:height\" content=\"500\" \/>\n\t<meta property=\"og:image:type\" content=\"image\/jpeg\" \/>\n<meta name=\"twitter:card\" content=\"summary_large_image\" \/>\n<script type=\"application\/ld+json\" class=\"yoast-schema-graph\">{\"@context\":\"https:\\\/\\\/schema.org\",\"@graph\":[{\"@type\":\"WebPage\",\"@id\":\"https:\\\/\\\/rutana.lt\\\/produktas\\\/nerafinuotas-cukranendriu-cukrus-rudas-750-g-dan-sukker\\\/\",\"url\":\"https:\\\/\\\/rutana.lt\\\/produktas\\\/nerafinuotas-cukranendriu-cukrus-rudas-750-g-dan-sukker\\\/\",\"name\":\"Nerafinuotas cukranendri\u0173 cukrus rudas 750 g Dan Sukker - Rutana - Ra\u0161tin\u0117s reikmenys\",\"isPartOf\":{\"@id\":\"https:\\\/\\\/rutana.lt\\\/#website\"},\"primaryImageOfPage\":{\"@id\":\"https:\\\/\\\/rutana.lt\\\/produktas\\\/nerafinuotas-cukranendriu-cukrus-rudas-750-g-dan-sukker\\\/#primaryimage\"},\"image\":{\"@id\":\"https:\\\/\\\/rutana.lt\\\/produktas\\\/nerafinuotas-cukranendriu-cukrus-rudas-750-g-dan-sukker\\\/#primaryimage\"},\"thumbnailUrl\":\"https:\\\/\\\/rutana.lt\\\/wp-content\\\/uploads\\\/2025\\\/09\\\/B091-303-1.jpg?v=1763620707\",\"datePublished\":\"2025-09-03T07:07:29+00:00\",\"dateModified\":\"2025-10-13T13:34:52+00:00\",\"breadcrumb\":{\"@id\":\"https:\\\/\\\/rutana.lt\\\/produktas\\\/nerafinuotas-cukranendriu-cukrus-rudas-750-g-dan-sukker\\\/#breadcrumb\"},\"inLanguage\":\"en-US\",\"potentialAction\":[{\"@type\":\"ReadAction\",\"target\":[\"https:\\\/\\\/rutana.lt\\\/produktas\\\/nerafinuotas-cukranendriu-cukrus-rudas-750-g-dan-sukker\\\/\"]}]},{\"@type\":\"ImageObject\",\"inLanguage\":\"en-US\",\"@id\":\"https:\\\/\\\/rutana.lt\\\/produktas\\\/nerafinuotas-cukranendriu-cukrus-rudas-750-g-dan-sukker\\\/#primaryimage\",\"url\":\"https:\\\/\\\/rutana.lt\\\/wp-content\\\/uploads\\\/2025\\\/09\\\/B091-303-1.jpg?v=1763620707\",\"contentUrl\":\"https:\\\/\\\/rutana.lt\\\/wp-content\\\/uploads\\\/2025\\\/09\\\/B091-303-1.jpg?v=1763620707\",\"width\":500,\"height\":500},{\"@type\":\"BreadcrumbList\",\"@id\":\"https:\\\/\\\/rutana.lt\\\/produktas\\\/nerafinuotas-cukranendriu-cukrus-rudas-750-g-dan-sukker\\\/#breadcrumb\",\"itemListElement\":[{\"@type\":\"ListItem\",\"position\":1,\"name\":\"Home\",\"item\":\"https:\\\/\\\/rutana.lt\\\/\"},{\"@type\":\"ListItem\",\"position\":2,\"name\":\"Parduotuv\u0117\",\"item\":\"https:\\\/\\\/rutana.lt\\\/parduotuve\\\/\"},{\"@type\":\"ListItem\",\"position\":3,\"name\":\"Nerafinuotas cukranendri\u0173 cukrus rudas 750 g Dan Sukker\"}]},{\"@type\":\"WebSite\",\"@id\":\"https:\\\/\\\/rutana.lt\\\/#website\",\"url\":\"https:\\\/\\\/rutana.lt\\\/\",\"name\":\"Rutana - Ra\u0161tin\u0117s reikmenys\",\"description\":\"Prekiaujame pasaulin\u0117je rinkoje pripa\u017eintomis, kokybi\u0161komis biuro prek\u0117mis toki\u0173  gamintoj\u0173 kaip: Schneider, Esselte, Novus, 3M, Faber-Castell, Citizen, Milan, Leitz, Colop, Zebra, Staedtler, Durable, Tork, Parker, Waterman ir kt.\",\"publisher\":{\"@id\":\"https:\\\/\\\/rutana.lt\\\/#organization\"},\"potentialAction\":[{\"@type\":\"SearchAction\",\"target\":{\"@type\":\"EntryPoint\",\"urlTemplate\":\"https:\\\/\\\/rutana.lt\\\/?s={search_term_string}\"},\"query-input\":{\"@type\":\"PropertyValueSpecification\",\"valueRequired\":true,\"valueName\":\"search_term_string\"}}],\"inLanguage\":\"en-US\"},{\"@type\":\"Organization\",\"@id\":\"https:\\\/\\\/rutana.lt\\\/#organization\",\"name\":\"Rutana - Ra\u0161tin\u0117s reikmenys\",\"url\":\"https:\\\/\\\/rutana.lt\\\/\",\"logo\":{\"@type\":\"ImageObject\",\"inLanguage\":\"en-US\",\"@id\":\"https:\\\/\\\/rutana.lt\\\/#\\\/schema\\\/logo\\\/image\\\/\",\"url\":\"https:\\\/\\\/rutana.lt\\\/wp-content\\\/uploads\\\/2025\\\/10\\\/Asset-32.png\",\"contentUrl\":\"https:\\\/\\\/rutana.lt\\\/wp-content\\\/uploads\\\/2025\\\/10\\\/Asset-32.png\",\"width\":433,\"height\":119,\"caption\":\"Rutana - Ra\u0161tin\u0117s reikmenys\"},\"image\":{\"@id\":\"https:\\\/\\\/rutana.lt\\\/#\\\/schema\\\/logo\\\/image\\\/\"},\"sameAs\":[\"https:\\\/\\\/www.facebook.com\\\/RutanaKanceliarinesPrekes\\\/\"]}]}<\/script>\n<!-- \/ Yoast SEO plugin. -->","yoast_head_json":{"title":"Nerafinuotas cukranendri\u0173 cukrus rudas 750 g Dan Sukker - Rutana - Ra\u0161tin\u0117s reikmenys","robots":{"index":"index","follow":"follow","max-snippet":"max-snippet:-1","max-image-preview":"max-image-preview:large","max-video-preview":"max-video-preview:-1"},"canonical":"https:\/\/rutana.lt\/en\/product\/nerafinuotas-cukranendriu-cukrus-rudas-750-g-dan-sukker\/","og_locale":"en_US","og_type":"article","og_title":"Nerafinuotas cukranendri\u0173 cukrus rudas 750 g Dan Sukker - Rutana - Ra\u0161tin\u0117s reikmenys","og_description":"Nerafinuotas cukranendri\u0173 cukrus yra gaminamas i\u0161 atogr\u0105\u017e\u0173 klimate auginam\u0173 cukranendri\u0173. I\u0161 cukranendri\u0173 i\u0161gautos sultys yra filtruojamos ir kristalizuojamos. Nerafinuotam cukranendri\u0173 cukrui b\u016bdingas skonis ir auksin\u0117 rusva spalva atsiranda d\u0117l cukranendri\u0173 melasos, kuri yra nat\u016brali cukranendri\u0173 cukraus dalis. Nerafinuotu cukranendri\u0173 cukrumi gardinkite g\u0117rimus, kokteilius, desertus, pada\u017eus, kepam\u0105 m\u0117s\u0105 ir dar\u017eoves. Spalva: ruda Kiekis: 750 g Pakuot\u0117: [&hellip;]","og_url":"https:\/\/rutana.lt\/en\/product\/nerafinuotas-cukranendriu-cukrus-rudas-750-g-dan-sukker\/","og_site_name":"Rutana - Ra\u0161tin\u0117s reikmenys","article_publisher":"https:\/\/www.facebook.com\/RutanaKanceliarinesPrekes\/","article_modified_time":"2025-10-13T13:34:52+00:00","og_image":[{"width":500,"height":500,"url":"https:\/\/rutana.lt\/wp-content\/uploads\/2025\/09\/B091-303.jpg","type":"image\/jpeg"}],"twitter_card":"summary_large_image","schema":{"@context":"https:\/\/schema.org","@graph":[{"@type":"WebPage","@id":"https:\/\/rutana.lt\/produktas\/nerafinuotas-cukranendriu-cukrus-rudas-750-g-dan-sukker\/","url":"https:\/\/rutana.lt\/produktas\/nerafinuotas-cukranendriu-cukrus-rudas-750-g-dan-sukker\/","name":"Nerafinuotas cukranendri\u0173 cukrus rudas 750 g Dan Sukker - Rutana - Ra\u0161tin\u0117s reikmenys","isPartOf":{"@id":"https:\/\/rutana.lt\/#website"},"primaryImageOfPage":{"@id":"https:\/\/rutana.lt\/produktas\/nerafinuotas-cukranendriu-cukrus-rudas-750-g-dan-sukker\/#primaryimage"},"image":{"@id":"https:\/\/rutana.lt\/produktas\/nerafinuotas-cukranendriu-cukrus-rudas-750-g-dan-sukker\/#primaryimage"},"thumbnailUrl":"https:\/\/rutana.lt\/wp-content\/uploads\/2025\/09\/B091-303-1.jpg?v=1763620707","datePublished":"2025-09-03T07:07:29+00:00","dateModified":"2025-10-13T13:34:52+00:00","breadcrumb":{"@id":"https:\/\/rutana.lt\/produktas\/nerafinuotas-cukranendriu-cukrus-rudas-750-g-dan-sukker\/#breadcrumb"},"inLanguage":"en-US","potentialAction":[{"@type":"ReadAction","target":["https:\/\/rutana.lt\/produktas\/nerafinuotas-cukranendriu-cukrus-rudas-750-g-dan-sukker\/"]}]},{"@type":"ImageObject","inLanguage":"en-US","@id":"https:\/\/rutana.lt\/produktas\/nerafinuotas-cukranendriu-cukrus-rudas-750-g-dan-sukker\/#primaryimage","url":"https:\/\/rutana.lt\/wp-content\/uploads\/2025\/09\/B091-303-1.jpg?v=1763620707","contentUrl":"https:\/\/rutana.lt\/wp-content\/uploads\/2025\/09\/B091-303-1.jpg?v=1763620707","width":500,"height":500},{"@type":"BreadcrumbList","@id":"https:\/\/rutana.lt\/produktas\/nerafinuotas-cukranendriu-cukrus-rudas-750-g-dan-sukker\/#breadcrumb","itemListElement":[{"@type":"ListItem","position":1,"name":"Home","item":"https:\/\/rutana.lt\/"},{"@type":"ListItem","position":2,"name":"Parduotuv\u0117","item":"https:\/\/rutana.lt\/parduotuve\/"},{"@type":"ListItem","position":3,"name":"Nerafinuotas cukranendri\u0173 cukrus rudas 750 g Dan Sukker"}]},{"@type":"WebSite","@id":"https:\/\/rutana.lt\/#website","url":"https:\/\/rutana.lt\/","name":"Rutana - Ra\u0161tin\u0117s reikmenys","description":"Prekiaujame pasaulin\u0117je rinkoje pripa\u017eintomis, kokybi\u0161komis biuro prek\u0117mis toki\u0173  gamintoj\u0173 kaip: Schneider, Esselte, Novus, 3M, Faber-Castell, Citizen, Milan, Leitz, Colop, Zebra, Staedtler, Durable, Tork, Parker, Waterman ir kt.","publisher":{"@id":"https:\/\/rutana.lt\/#organization"},"potentialAction":[{"@type":"SearchAction","target":{"@type":"EntryPoint","urlTemplate":"https:\/\/rutana.lt\/?s={search_term_string}"},"query-input":{"@type":"PropertyValueSpecification","valueRequired":true,"valueName":"search_term_string"}}],"inLanguage":"en-US"},{"@type":"Organization","@id":"https:\/\/rutana.lt\/#organization","name":"Rutana - Ra\u0161tin\u0117s reikmenys","url":"https:\/\/rutana.lt\/","logo":{"@type":"ImageObject","inLanguage":"en-US","@id":"https:\/\/rutana.lt\/#\/schema\/logo\/image\/","url":"https:\/\/rutana.lt\/wp-content\/uploads\/2025\/10\/Asset-32.png","contentUrl":"https:\/\/rutana.lt\/wp-content\/uploads\/2025\/10\/Asset-32.png","width":433,"height":119,"caption":"Rutana - Ra\u0161tin\u0117s reikmenys"},"image":{"@id":"https:\/\/rutana.lt\/#\/schema\/logo\/image\/"},"sameAs":["https:\/\/www.facebook.com\/RutanaKanceliarinesPrekes\/"]}]}},"_links":{"self":[{"href":"https:\/\/rutana.lt\/en\/wp-json\/wp\/v2\/product\/9585","targetHints":{"allow":["GET"]}}],"collection":[{"href":"https:\/\/rutana.lt\/en\/wp-json\/wp\/v2\/product"}],"about":[{"href":"https:\/\/rutana.lt\/en\/wp-json\/wp\/v2\/types\/product"}],"replies":[{"embeddable":true,"href":"https:\/\/rutana.lt\/en\/wp-json\/wp\/v2\/comments?post=9585"}],"version-history":[{"count":1,"href":"https:\/\/rutana.lt\/en\/wp-json\/wp\/v2\/product\/9585\/revisions"}],"predecessor-version":[{"id":9620,"href":"https:\/\/rutana.lt\/en\/wp-json\/wp\/v2\/product\/9585\/revisions\/9620"}],"wp:featuredmedia":[{"embeddable":true,"href":"https:\/\/rutana.lt\/en\/wp-json\/wp\/v2\/media\/26850"}],"wp:attachment":[{"href":"https:\/\/rutana.lt\/en\/wp-json\/wp\/v2\/media?parent=9585"}],"wp:term":[{"taxonomy":"product_brand","embeddable":true,"href":"https:\/\/rutana.lt\/en\/wp-json\/wp\/v2\/product_brand?post=9585"},{"taxonomy":"product_cat","embeddable":true,"href":"https:\/\/rutana.lt\/en\/wp-json\/wp\/v2\/product_cat?post=9585"},{"taxonomy":"product_tag","embeddable":true,"href":"https:\/\/rutana.lt\/en\/wp-json\/wp\/v2\/product_tag?post=9585"}],"curies":[{"name":"wp","href":"https:\/\/api.w.org\/{rel}","templated":true}]}}