{"id":9506,"date":"2025-09-03T09:07:05","date_gmt":"2025-09-03T07:07:05","guid":{"rendered":"https:\/\/rutana.webdemo.lt\/?post_type=product&#038;p=9506"},"modified":"2025-10-13T15:34:43","modified_gmt":"2025-10-13T13:34:43","slug":"popieriniai-ranksluosciai-multi-fun-6-vnt-balti-paloma","status":"publish","type":"product","link":"https:\/\/rutana.lt\/en\/product\/popieriniai-ranksluosciai-multi-fun-6-vnt-balti-paloma\/","title":{"rendered":"Popieriniai rank\u0161luos\u010diai Multi Fun 6 vnt. balti Paloma"},"content":{"rendered":"<p>Ypa\u010d gerai sugeriantys ir stipr\u016bs popieriniai rank\u0161luos\u010diai ritiniuose pagaminti i\u0161 100 % celiulioz\u0117s. Tinka kasdien\u0117ms valymo reikm\u0117ms virtuv\u0117je ir ne tik: pavir\u0161iams valyti, vandeniui bei aliejui sugerti ar maisto liku\u010diams nuvalyti, rank\u0173 nusausinimui.<\/p>\n<p>Ritinio ilgis: 12 m<\/p>\n<p>Ritinio plotis: 26 cm<\/p>\n<p>Ritinio skersmuo: 9.7 cm<\/p>\n<p>\u0160erdies vidinis skersmuo: 4.5 cm<\/p>\n<p>Lapelio ilgis: 23.5 cm<\/p>\n<p>Lapeli\u0173 kiekis: 51<\/p>\n<p>Sluoksniai: 3<\/p>\n<p>Spalva: balta<\/p>\n<p>Spauda: ne<\/p>\n<p>Reljefinis: taip<\/p>\n<p>Pakelyje: 6 vnt. ( kaina nurodyta u\u017e 6 vnt. )<\/p>\n<p>Kilm\u0117s \u0161alis: Slov\u0117nija<\/p>\n<p><\/p>\n<p><\/p>","protected":false},"excerpt":{"rendered":"<p>Ypa\u010d gerai sugeriantys ir stipr\u016bs popieriniai rank\u0161luos\u010diai ritiniuose pagaminti i\u0161 100 % celiulioz\u0117s. Tinka kasdien\u0117ms valymo reikm\u0117ms virtuv\u0117je ir ne tik: pavir\u0161iams valyti, vandeniui bei aliejui sugerti ar maisto liku\u010diams nuvalyti, rank\u0173 nusausinimui. Ritinio ilgis: 12 m Ritinio plotis: 26 cm Ritinio skersmuo: 9.7 cm \u0160erdies vidinis skersmuo: 4.5 cm Lapelio ilgis: 23.5 cm Lapeli\u0173 [&hellip;]<\/p>","protected":false},"featured_media":26827,"comment_status":"open","ping_status":"closed","template":"","meta":{"_season_start":"","_season_end":"","_season_days":"","_season_months":"","_season_auto_visibility":""},"product_brand":[235],"product_cat":[1620],"product_tag":[],"class_list":{"0":"post-9506","1":"product","2":"type-product","3":"status-publish","4":"has-post-thumbnail","6":"product_brand-paloma","7":"product_cat-popieriniai-ranksluosciai","9":"first","10":"instock","11":"taxable","12":"shipping-taxable","13":"purchasable","14":"product-type-simple"},"yoast_head":"<!-- This site is optimized with the Yoast SEO plugin v26.1.1 - https:\/\/yoast.com\/wordpress\/plugins\/seo\/ -->\n<title>Popieriniai rank\u0161luos\u010diai Multi Fun 6 vnt. balti Paloma - Rutana - Ra\u0161tin\u0117s reikmenys<\/title>\n<meta name=\"robots\" content=\"index, follow, max-snippet:-1, max-image-preview:large, max-video-preview:-1\" \/>\n<link rel=\"canonical\" href=\"https:\/\/rutana.lt\/en\/product\/popieriniai-ranksluosciai-multi-fun-6-vnt-balti-paloma\/\" \/>\n<meta property=\"og:locale\" content=\"en_US\" \/>\n<meta property=\"og:type\" content=\"article\" \/>\n<meta property=\"og:title\" content=\"Popieriniai rank\u0161luos\u010diai Multi Fun 6 vnt. balti Paloma - Rutana - Ra\u0161tin\u0117s reikmenys\" \/>\n<meta property=\"og:description\" content=\"Ypa\u010d gerai sugeriantys ir stipr\u016bs popieriniai rank\u0161luos\u010diai ritiniuose pagaminti i\u0161 100 % celiulioz\u0117s. Tinka kasdien\u0117ms valymo reikm\u0117ms virtuv\u0117je ir ne tik: pavir\u0161iams valyti, vandeniui bei aliejui sugerti ar maisto liku\u010diams nuvalyti, rank\u0173 nusausinimui. Ritinio ilgis: 12 m Ritinio plotis: 26 cm Ritinio skersmuo: 9.7 cm \u0160erdies vidinis skersmuo: 4.5 cm Lapelio ilgis: 23.5 cm Lapeli\u0173 [&hellip;]\" \/>\n<meta property=\"og:url\" content=\"https:\/\/rutana.lt\/en\/product\/popieriniai-ranksluosciai-multi-fun-6-vnt-balti-paloma\/\" \/>\n<meta property=\"og:site_name\" content=\"Rutana - Ra\u0161tin\u0117s reikmenys\" \/>\n<meta property=\"article:publisher\" content=\"https:\/\/www.facebook.com\/RutanaKanceliarinesPrekes\/\" \/>\n<meta property=\"article:modified_time\" content=\"2025-10-13T13:34:43+00:00\" \/>\n<meta property=\"og:image\" content=\"https:\/\/rutana.lt\/wp-content\/uploads\/2025\/09\/A082-208.jpg\" \/>\n\t<meta property=\"og:image:width\" content=\"501\" \/>\n\t<meta property=\"og:image:height\" content=\"502\" \/>\n\t<meta property=\"og:image:type\" content=\"image\/jpeg\" \/>\n<meta name=\"twitter:card\" content=\"summary_large_image\" \/>\n<script type=\"application\/ld+json\" class=\"yoast-schema-graph\">{\"@context\":\"https:\/\/schema.org\",\"@graph\":[{\"@type\":\"WebPage\",\"@id\":\"https:\/\/rutana.lt\/produktas\/popieriniai-ranksluosciai-multi-fun-6-vnt-balti-paloma\/\",\"url\":\"https:\/\/rutana.lt\/produktas\/popieriniai-ranksluosciai-multi-fun-6-vnt-balti-paloma\/\",\"name\":\"Popieriniai rank\u0161luos\u010diai Multi Fun 6 vnt. balti Paloma - Rutana - Ra\u0161tin\u0117s reikmenys\",\"isPartOf\":{\"@id\":\"https:\/\/rutana.lt\/#website\"},\"primaryImageOfPage\":{\"@id\":\"https:\/\/rutana.lt\/produktas\/popieriniai-ranksluosciai-multi-fun-6-vnt-balti-paloma\/#primaryimage\"},\"image\":{\"@id\":\"https:\/\/rutana.lt\/produktas\/popieriniai-ranksluosciai-multi-fun-6-vnt-balti-paloma\/#primaryimage\"},\"thumbnailUrl\":\"https:\/\/rutana.lt\/wp-content\/uploads\/2025\/09\/A082-208-1.jpg?v=1763620736\",\"datePublished\":\"2025-09-03T07:07:05+00:00\",\"dateModified\":\"2025-10-13T13:34:43+00:00\",\"breadcrumb\":{\"@id\":\"https:\/\/rutana.lt\/produktas\/popieriniai-ranksluosciai-multi-fun-6-vnt-balti-paloma\/#breadcrumb\"},\"inLanguage\":\"en-US\",\"potentialAction\":[{\"@type\":\"ReadAction\",\"target\":[\"https:\/\/rutana.lt\/produktas\/popieriniai-ranksluosciai-multi-fun-6-vnt-balti-paloma\/\"]}]},{\"@type\":\"ImageObject\",\"inLanguage\":\"en-US\",\"@id\":\"https:\/\/rutana.lt\/produktas\/popieriniai-ranksluosciai-multi-fun-6-vnt-balti-paloma\/#primaryimage\",\"url\":\"https:\/\/rutana.lt\/wp-content\/uploads\/2025\/09\/A082-208-1.jpg?v=1763620736\",\"contentUrl\":\"https:\/\/rutana.lt\/wp-content\/uploads\/2025\/09\/A082-208-1.jpg?v=1763620736\",\"width\":501,\"height\":502},{\"@type\":\"BreadcrumbList\",\"@id\":\"https:\/\/rutana.lt\/produktas\/popieriniai-ranksluosciai-multi-fun-6-vnt-balti-paloma\/#breadcrumb\",\"itemListElement\":[{\"@type\":\"ListItem\",\"position\":1,\"name\":\"Home\",\"item\":\"https:\/\/rutana.lt\/\"},{\"@type\":\"ListItem\",\"position\":2,\"name\":\"Parduotuv\u0117\",\"item\":\"https:\/\/rutana.lt\/parduotuve\/\"},{\"@type\":\"ListItem\",\"position\":3,\"name\":\"Popieriniai rank\u0161luos\u010diai Multi Fun 6 vnt. balti Paloma\"}]},{\"@type\":\"WebSite\",\"@id\":\"https:\/\/rutana.lt\/#website\",\"url\":\"https:\/\/rutana.lt\/\",\"name\":\"Rutana - Ra\u0161tin\u0117s reikmenys\",\"description\":\"Prekiaujame pasaulin\u0117je rinkoje pripa\u017eintomis, kokybi\u0161komis biuro prek\u0117mis toki\u0173  gamintoj\u0173 kaip: Schneider, Esselte, Novus, 3M, Faber-Castell, Citizen, Milan, Leitz, Colop, Zebra, Staedtler, Durable, Tork, Parker, Waterman ir kt.\",\"publisher\":{\"@id\":\"https:\/\/rutana.lt\/#organization\"},\"potentialAction\":[{\"@type\":\"SearchAction\",\"target\":{\"@type\":\"EntryPoint\",\"urlTemplate\":\"https:\/\/rutana.lt\/?s={search_term_string}\"},\"query-input\":{\"@type\":\"PropertyValueSpecification\",\"valueRequired\":true,\"valueName\":\"search_term_string\"}}],\"inLanguage\":\"en-US\"},{\"@type\":\"Organization\",\"@id\":\"https:\/\/rutana.lt\/#organization\",\"name\":\"Rutana - Ra\u0161tin\u0117s reikmenys\",\"url\":\"https:\/\/rutana.lt\/\",\"logo\":{\"@type\":\"ImageObject\",\"inLanguage\":\"en-US\",\"@id\":\"https:\/\/rutana.lt\/#\/schema\/logo\/image\/\",\"url\":\"https:\/\/rutana.lt\/wp-content\/uploads\/2025\/10\/Asset-32.png\",\"contentUrl\":\"https:\/\/rutana.lt\/wp-content\/uploads\/2025\/10\/Asset-32.png\",\"width\":433,\"height\":119,\"caption\":\"Rutana - Ra\u0161tin\u0117s reikmenys\"},\"image\":{\"@id\":\"https:\/\/rutana.lt\/#\/schema\/logo\/image\/\"},\"sameAs\":[\"https:\/\/www.facebook.com\/RutanaKanceliarinesPrekes\/\"]}]}<\/script>\n<!-- \/ Yoast SEO plugin. -->","yoast_head_json":{"title":"Popieriniai rank\u0161luos\u010diai Multi Fun 6 vnt. balti Paloma - Rutana - Ra\u0161tin\u0117s reikmenys","robots":{"index":"index","follow":"follow","max-snippet":"max-snippet:-1","max-image-preview":"max-image-preview:large","max-video-preview":"max-video-preview:-1"},"canonical":"https:\/\/rutana.lt\/en\/product\/popieriniai-ranksluosciai-multi-fun-6-vnt-balti-paloma\/","og_locale":"en_US","og_type":"article","og_title":"Popieriniai rank\u0161luos\u010diai Multi Fun 6 vnt. balti Paloma - Rutana - Ra\u0161tin\u0117s reikmenys","og_description":"Ypa\u010d gerai sugeriantys ir stipr\u016bs popieriniai rank\u0161luos\u010diai ritiniuose pagaminti i\u0161 100 % celiulioz\u0117s. Tinka kasdien\u0117ms valymo reikm\u0117ms virtuv\u0117je ir ne tik: pavir\u0161iams valyti, vandeniui bei aliejui sugerti ar maisto liku\u010diams nuvalyti, rank\u0173 nusausinimui. Ritinio ilgis: 12 m Ritinio plotis: 26 cm Ritinio skersmuo: 9.7 cm \u0160erdies vidinis skersmuo: 4.5 cm Lapelio ilgis: 23.5 cm Lapeli\u0173 [&hellip;]","og_url":"https:\/\/rutana.lt\/en\/product\/popieriniai-ranksluosciai-multi-fun-6-vnt-balti-paloma\/","og_site_name":"Rutana - Ra\u0161tin\u0117s reikmenys","article_publisher":"https:\/\/www.facebook.com\/RutanaKanceliarinesPrekes\/","article_modified_time":"2025-10-13T13:34:43+00:00","og_image":[{"width":501,"height":502,"url":"https:\/\/rutana.lt\/wp-content\/uploads\/2025\/09\/A082-208.jpg","type":"image\/jpeg"}],"twitter_card":"summary_large_image","schema":{"@context":"https:\/\/schema.org","@graph":[{"@type":"WebPage","@id":"https:\/\/rutana.lt\/produktas\/popieriniai-ranksluosciai-multi-fun-6-vnt-balti-paloma\/","url":"https:\/\/rutana.lt\/produktas\/popieriniai-ranksluosciai-multi-fun-6-vnt-balti-paloma\/","name":"Popieriniai rank\u0161luos\u010diai Multi Fun 6 vnt. balti Paloma - Rutana - Ra\u0161tin\u0117s reikmenys","isPartOf":{"@id":"https:\/\/rutana.lt\/#website"},"primaryImageOfPage":{"@id":"https:\/\/rutana.lt\/produktas\/popieriniai-ranksluosciai-multi-fun-6-vnt-balti-paloma\/#primaryimage"},"image":{"@id":"https:\/\/rutana.lt\/produktas\/popieriniai-ranksluosciai-multi-fun-6-vnt-balti-paloma\/#primaryimage"},"thumbnailUrl":"https:\/\/rutana.lt\/wp-content\/uploads\/2025\/09\/A082-208-1.jpg?v=1763620736","datePublished":"2025-09-03T07:07:05+00:00","dateModified":"2025-10-13T13:34:43+00:00","breadcrumb":{"@id":"https:\/\/rutana.lt\/produktas\/popieriniai-ranksluosciai-multi-fun-6-vnt-balti-paloma\/#breadcrumb"},"inLanguage":"en-US","potentialAction":[{"@type":"ReadAction","target":["https:\/\/rutana.lt\/produktas\/popieriniai-ranksluosciai-multi-fun-6-vnt-balti-paloma\/"]}]},{"@type":"ImageObject","inLanguage":"en-US","@id":"https:\/\/rutana.lt\/produktas\/popieriniai-ranksluosciai-multi-fun-6-vnt-balti-paloma\/#primaryimage","url":"https:\/\/rutana.lt\/wp-content\/uploads\/2025\/09\/A082-208-1.jpg?v=1763620736","contentUrl":"https:\/\/rutana.lt\/wp-content\/uploads\/2025\/09\/A082-208-1.jpg?v=1763620736","width":501,"height":502},{"@type":"BreadcrumbList","@id":"https:\/\/rutana.lt\/produktas\/popieriniai-ranksluosciai-multi-fun-6-vnt-balti-paloma\/#breadcrumb","itemListElement":[{"@type":"ListItem","position":1,"name":"Home","item":"https:\/\/rutana.lt\/"},{"@type":"ListItem","position":2,"name":"Parduotuv\u0117","item":"https:\/\/rutana.lt\/parduotuve\/"},{"@type":"ListItem","position":3,"name":"Popieriniai rank\u0161luos\u010diai Multi Fun 6 vnt. balti Paloma"}]},{"@type":"WebSite","@id":"https:\/\/rutana.lt\/#website","url":"https:\/\/rutana.lt\/","name":"Rutana - Ra\u0161tin\u0117s reikmenys","description":"Prekiaujame pasaulin\u0117je rinkoje pripa\u017eintomis, kokybi\u0161komis biuro prek\u0117mis toki\u0173  gamintoj\u0173 kaip: Schneider, Esselte, Novus, 3M, Faber-Castell, Citizen, Milan, Leitz, Colop, Zebra, Staedtler, Durable, Tork, Parker, Waterman ir kt.","publisher":{"@id":"https:\/\/rutana.lt\/#organization"},"potentialAction":[{"@type":"SearchAction","target":{"@type":"EntryPoint","urlTemplate":"https:\/\/rutana.lt\/?s={search_term_string}"},"query-input":{"@type":"PropertyValueSpecification","valueRequired":true,"valueName":"search_term_string"}}],"inLanguage":"en-US"},{"@type":"Organization","@id":"https:\/\/rutana.lt\/#organization","name":"Rutana - Ra\u0161tin\u0117s reikmenys","url":"https:\/\/rutana.lt\/","logo":{"@type":"ImageObject","inLanguage":"en-US","@id":"https:\/\/rutana.lt\/#\/schema\/logo\/image\/","url":"https:\/\/rutana.lt\/wp-content\/uploads\/2025\/10\/Asset-32.png","contentUrl":"https:\/\/rutana.lt\/wp-content\/uploads\/2025\/10\/Asset-32.png","width":433,"height":119,"caption":"Rutana - Ra\u0161tin\u0117s reikmenys"},"image":{"@id":"https:\/\/rutana.lt\/#\/schema\/logo\/image\/"},"sameAs":["https:\/\/www.facebook.com\/RutanaKanceliarinesPrekes\/"]}]}},"_links":{"self":[{"href":"https:\/\/rutana.lt\/en\/wp-json\/wp\/v2\/product\/9506","targetHints":{"allow":["GET"]}}],"collection":[{"href":"https:\/\/rutana.lt\/en\/wp-json\/wp\/v2\/product"}],"about":[{"href":"https:\/\/rutana.lt\/en\/wp-json\/wp\/v2\/types\/product"}],"replies":[{"embeddable":true,"href":"https:\/\/rutana.lt\/en\/wp-json\/wp\/v2\/comments?post=9506"}],"version-history":[{"count":1,"href":"https:\/\/rutana.lt\/en\/wp-json\/wp\/v2\/product\/9506\/revisions"}],"predecessor-version":[{"id":9546,"href":"https:\/\/rutana.lt\/en\/wp-json\/wp\/v2\/product\/9506\/revisions\/9546"}],"wp:featuredmedia":[{"embeddable":true,"href":"https:\/\/rutana.lt\/en\/wp-json\/wp\/v2\/media\/26827"}],"wp:attachment":[{"href":"https:\/\/rutana.lt\/en\/wp-json\/wp\/v2\/media?parent=9506"}],"wp:term":[{"taxonomy":"product_brand","embeddable":true,"href":"https:\/\/rutana.lt\/en\/wp-json\/wp\/v2\/product_brand?post=9506"},{"taxonomy":"product_cat","embeddable":true,"href":"https:\/\/rutana.lt\/en\/wp-json\/wp\/v2\/product_cat?post=9506"},{"taxonomy":"product_tag","embeddable":true,"href":"https:\/\/rutana.lt\/en\/wp-json\/wp\/v2\/product_tag?post=9506"}],"curies":[{"name":"wp","href":"https:\/\/api.w.org\/{rel}","templated":true}]}}