{"id":9440,"date":"2025-09-03T09:06:42","date_gmt":"2025-09-03T07:06:42","guid":{"rendered":"https:\/\/rutana.webdemo.lt\/?post_type=product&#038;p=9440"},"modified":"2025-10-13T15:34:41","modified_gmt":"2025-10-13T13:34:41","slug":"serveteles-38-x-38-cm-44-vnt-melynos-papernet-415221","status":"publish","type":"product","link":"https:\/\/rutana.lt\/en\/product\/serveteles-38-x-38-cm-44-vnt-melynos-papernet-415221\/","title":{"rendered":"Servet\u0117l\u0117s 38 x 38 cm 44 vnt. m\u0117lynos Papernet 415221"},"content":{"rendered":"<p>Itin auk\u0161tos kokyb\u0117s servet\u0117l\u0117s pagamintos i\u0161 grynos celiulioz\u0117s. Skirtos stalo serviravimui, tinkamos s\u0105ly\u010diui su maistu.<\/p>\n<p>Spalva: m\u0117lyna<\/p>\n<p>Visos servet\u0117l\u0117s dydis: 38 x 38 cm<\/p>\n<p>Sulankstytos servet\u0117l\u0117s dydis: 19 x 19 cm<\/p>\n<p>Servet\u0117l\u0117s sluoksniai: 2<\/p>\n<p>Skaistumas: 85<\/p>\n<p>Gramat\u016bra: 17 g \/ m<span style=\"vertical-align: super;\">2<\/span><\/p>\n<p><span style=\"vertical-align: super;\">Servet\u0117li\u0173 kiekis pakelyje: 44 vnt.<\/span><\/p>\n<p><span style=\"vertical-align: super;\">Kilm\u0117s \u0161alis: Italija<\/span><\/p>","protected":false},"excerpt":{"rendered":"<p>Itin auk\u0161tos kokyb\u0117s servet\u0117l\u0117s pagamintos i\u0161 grynos celiulioz\u0117s. Skirtos stalo serviravimui, tinkamos s\u0105ly\u010diui su maistu. Spalva: m\u0117lyna Visos servet\u0117l\u0117s dydis: 38 x 38 cm Sulankstytos servet\u0117l\u0117s dydis: 19 x 19 cm Servet\u0117l\u0117s sluoksniai: 2 Skaistumas: 85 Gramat\u016bra: 17 g \/ m2 Servet\u0117li\u0173 kiekis pakelyje: 44 vnt. Kilm\u0117s \u0161alis: Italija<\/p>","protected":false},"featured_media":26817,"comment_status":"open","ping_status":"closed","template":"","meta":{"_season_start":"","_season_end":"","_season_days":"","_season_months":"","_season_auto_visibility":""},"product_brand":[238],"product_cat":[1691],"product_tag":[],"class_list":{"0":"post-9440","1":"product","2":"type-product","3":"status-publish","4":"has-post-thumbnail","6":"product_brand-papernet","7":"product_cat-popierines-serveteles","9":"first","10":"instock","11":"taxable","12":"shipping-taxable","13":"purchasable","14":"product-type-simple"},"yoast_head":"<!-- This site is optimized with the Yoast SEO plugin v26.1.1 - https:\/\/yoast.com\/wordpress\/plugins\/seo\/ -->\n<title>Servet\u0117l\u0117s 38 x 38 cm 44 vnt. m\u0117lynos Papernet 415221 - Rutana - Ra\u0161tin\u0117s reikmenys<\/title>\n<meta name=\"robots\" content=\"index, follow, max-snippet:-1, max-image-preview:large, max-video-preview:-1\" \/>\n<link rel=\"canonical\" href=\"https:\/\/rutana.lt\/en\/product\/serveteles-38-x-38-cm-44-vnt-melynos-papernet-415221\/\" \/>\n<meta property=\"og:locale\" content=\"en_US\" \/>\n<meta property=\"og:type\" content=\"article\" \/>\n<meta property=\"og:title\" content=\"Servet\u0117l\u0117s 38 x 38 cm 44 vnt. m\u0117lynos Papernet 415221 - Rutana - Ra\u0161tin\u0117s reikmenys\" \/>\n<meta property=\"og:description\" content=\"Itin auk\u0161tos kokyb\u0117s servet\u0117l\u0117s pagamintos i\u0161 grynos celiulioz\u0117s. Skirtos stalo serviravimui, tinkamos s\u0105ly\u010diui su maistu. Spalva: m\u0117lyna Visos servet\u0117l\u0117s dydis: 38 x 38 cm Sulankstytos servet\u0117l\u0117s dydis: 19 x 19 cm Servet\u0117l\u0117s sluoksniai: 2 Skaistumas: 85 Gramat\u016bra: 17 g \/ m2 Servet\u0117li\u0173 kiekis pakelyje: 44 vnt. Kilm\u0117s \u0161alis: Italija\" \/>\n<meta property=\"og:url\" content=\"https:\/\/rutana.lt\/en\/product\/serveteles-38-x-38-cm-44-vnt-melynos-papernet-415221\/\" \/>\n<meta property=\"og:site_name\" content=\"Rutana - Ra\u0161tin\u0117s reikmenys\" \/>\n<meta property=\"article:publisher\" content=\"https:\/\/www.facebook.com\/RutanaKanceliarinesPrekes\/\" \/>\n<meta property=\"article:modified_time\" content=\"2025-10-13T13:34:41+00:00\" \/>\n<meta property=\"og:image\" content=\"https:\/\/rutana.lt\/wp-content\/uploads\/2025\/09\/A083-126.jpg\" \/>\n\t<meta property=\"og:image:width\" content=\"500\" \/>\n\t<meta property=\"og:image:height\" content=\"509\" \/>\n\t<meta property=\"og:image:type\" content=\"image\/jpeg\" \/>\n<meta name=\"twitter:card\" content=\"summary_large_image\" \/>\n<script type=\"application\/ld+json\" class=\"yoast-schema-graph\">{\"@context\":\"https:\/\/schema.org\",\"@graph\":[{\"@type\":\"WebPage\",\"@id\":\"https:\/\/rutana.lt\/produktas\/serveteles-38-x-38-cm-44-vnt-melynos-papernet-415221\/\",\"url\":\"https:\/\/rutana.lt\/produktas\/serveteles-38-x-38-cm-44-vnt-melynos-papernet-415221\/\",\"name\":\"Servet\u0117l\u0117s 38 x 38 cm 44 vnt. m\u0117lynos Papernet 415221 - Rutana - Ra\u0161tin\u0117s reikmenys\",\"isPartOf\":{\"@id\":\"https:\/\/rutana.lt\/#website\"},\"primaryImageOfPage\":{\"@id\":\"https:\/\/rutana.lt\/produktas\/serveteles-38-x-38-cm-44-vnt-melynos-papernet-415221\/#primaryimage\"},\"image\":{\"@id\":\"https:\/\/rutana.lt\/produktas\/serveteles-38-x-38-cm-44-vnt-melynos-papernet-415221\/#primaryimage\"},\"thumbnailUrl\":\"https:\/\/rutana.lt\/wp-content\/uploads\/2025\/09\/A083-126-1.jpg?v=1763620748\",\"datePublished\":\"2025-09-03T07:06:42+00:00\",\"dateModified\":\"2025-10-13T13:34:41+00:00\",\"breadcrumb\":{\"@id\":\"https:\/\/rutana.lt\/produktas\/serveteles-38-x-38-cm-44-vnt-melynos-papernet-415221\/#breadcrumb\"},\"inLanguage\":\"en-US\",\"potentialAction\":[{\"@type\":\"ReadAction\",\"target\":[\"https:\/\/rutana.lt\/produktas\/serveteles-38-x-38-cm-44-vnt-melynos-papernet-415221\/\"]}]},{\"@type\":\"ImageObject\",\"inLanguage\":\"en-US\",\"@id\":\"https:\/\/rutana.lt\/produktas\/serveteles-38-x-38-cm-44-vnt-melynos-papernet-415221\/#primaryimage\",\"url\":\"https:\/\/rutana.lt\/wp-content\/uploads\/2025\/09\/A083-126-1.jpg?v=1763620748\",\"contentUrl\":\"https:\/\/rutana.lt\/wp-content\/uploads\/2025\/09\/A083-126-1.jpg?v=1763620748\",\"width\":500,\"height\":509},{\"@type\":\"BreadcrumbList\",\"@id\":\"https:\/\/rutana.lt\/produktas\/serveteles-38-x-38-cm-44-vnt-melynos-papernet-415221\/#breadcrumb\",\"itemListElement\":[{\"@type\":\"ListItem\",\"position\":1,\"name\":\"Home\",\"item\":\"https:\/\/rutana.lt\/\"},{\"@type\":\"ListItem\",\"position\":2,\"name\":\"Parduotuv\u0117\",\"item\":\"https:\/\/rutana.lt\/parduotuve\/\"},{\"@type\":\"ListItem\",\"position\":3,\"name\":\"Servet\u0117l\u0117s 38 x 38 cm 44 vnt. m\u0117lynos Papernet 415221\"}]},{\"@type\":\"WebSite\",\"@id\":\"https:\/\/rutana.lt\/#website\",\"url\":\"https:\/\/rutana.lt\/\",\"name\":\"Rutana - Ra\u0161tin\u0117s reikmenys\",\"description\":\"Prekiaujame pasaulin\u0117je rinkoje pripa\u017eintomis, kokybi\u0161komis biuro prek\u0117mis toki\u0173  gamintoj\u0173 kaip: Schneider, Esselte, Novus, 3M, Faber-Castell, Citizen, Milan, Leitz, Colop, Zebra, Staedtler, Durable, Tork, Parker, Waterman ir kt.\",\"publisher\":{\"@id\":\"https:\/\/rutana.lt\/#organization\"},\"potentialAction\":[{\"@type\":\"SearchAction\",\"target\":{\"@type\":\"EntryPoint\",\"urlTemplate\":\"https:\/\/rutana.lt\/?s={search_term_string}\"},\"query-input\":{\"@type\":\"PropertyValueSpecification\",\"valueRequired\":true,\"valueName\":\"search_term_string\"}}],\"inLanguage\":\"en-US\"},{\"@type\":\"Organization\",\"@id\":\"https:\/\/rutana.lt\/#organization\",\"name\":\"Rutana - Ra\u0161tin\u0117s reikmenys\",\"url\":\"https:\/\/rutana.lt\/\",\"logo\":{\"@type\":\"ImageObject\",\"inLanguage\":\"en-US\",\"@id\":\"https:\/\/rutana.lt\/#\/schema\/logo\/image\/\",\"url\":\"https:\/\/rutana.lt\/wp-content\/uploads\/2025\/10\/Asset-32.png\",\"contentUrl\":\"https:\/\/rutana.lt\/wp-content\/uploads\/2025\/10\/Asset-32.png\",\"width\":433,\"height\":119,\"caption\":\"Rutana - Ra\u0161tin\u0117s reikmenys\"},\"image\":{\"@id\":\"https:\/\/rutana.lt\/#\/schema\/logo\/image\/\"},\"sameAs\":[\"https:\/\/www.facebook.com\/RutanaKanceliarinesPrekes\/\"]}]}<\/script>\n<!-- \/ Yoast SEO plugin. -->","yoast_head_json":{"title":"Servet\u0117l\u0117s 38 x 38 cm 44 vnt. m\u0117lynos Papernet 415221 - Rutana - Ra\u0161tin\u0117s reikmenys","robots":{"index":"index","follow":"follow","max-snippet":"max-snippet:-1","max-image-preview":"max-image-preview:large","max-video-preview":"max-video-preview:-1"},"canonical":"https:\/\/rutana.lt\/en\/product\/serveteles-38-x-38-cm-44-vnt-melynos-papernet-415221\/","og_locale":"en_US","og_type":"article","og_title":"Servet\u0117l\u0117s 38 x 38 cm 44 vnt. m\u0117lynos Papernet 415221 - Rutana - Ra\u0161tin\u0117s reikmenys","og_description":"Itin auk\u0161tos kokyb\u0117s servet\u0117l\u0117s pagamintos i\u0161 grynos celiulioz\u0117s. Skirtos stalo serviravimui, tinkamos s\u0105ly\u010diui su maistu. Spalva: m\u0117lyna Visos servet\u0117l\u0117s dydis: 38 x 38 cm Sulankstytos servet\u0117l\u0117s dydis: 19 x 19 cm Servet\u0117l\u0117s sluoksniai: 2 Skaistumas: 85 Gramat\u016bra: 17 g \/ m2 Servet\u0117li\u0173 kiekis pakelyje: 44 vnt. Kilm\u0117s \u0161alis: Italija","og_url":"https:\/\/rutana.lt\/en\/product\/serveteles-38-x-38-cm-44-vnt-melynos-papernet-415221\/","og_site_name":"Rutana - Ra\u0161tin\u0117s reikmenys","article_publisher":"https:\/\/www.facebook.com\/RutanaKanceliarinesPrekes\/","article_modified_time":"2025-10-13T13:34:41+00:00","og_image":[{"width":500,"height":509,"url":"https:\/\/rutana.lt\/wp-content\/uploads\/2025\/09\/A083-126.jpg","type":"image\/jpeg"}],"twitter_card":"summary_large_image","schema":{"@context":"https:\/\/schema.org","@graph":[{"@type":"WebPage","@id":"https:\/\/rutana.lt\/produktas\/serveteles-38-x-38-cm-44-vnt-melynos-papernet-415221\/","url":"https:\/\/rutana.lt\/produktas\/serveteles-38-x-38-cm-44-vnt-melynos-papernet-415221\/","name":"Servet\u0117l\u0117s 38 x 38 cm 44 vnt. m\u0117lynos Papernet 415221 - Rutana - Ra\u0161tin\u0117s reikmenys","isPartOf":{"@id":"https:\/\/rutana.lt\/#website"},"primaryImageOfPage":{"@id":"https:\/\/rutana.lt\/produktas\/serveteles-38-x-38-cm-44-vnt-melynos-papernet-415221\/#primaryimage"},"image":{"@id":"https:\/\/rutana.lt\/produktas\/serveteles-38-x-38-cm-44-vnt-melynos-papernet-415221\/#primaryimage"},"thumbnailUrl":"https:\/\/rutana.lt\/wp-content\/uploads\/2025\/09\/A083-126-1.jpg?v=1763620748","datePublished":"2025-09-03T07:06:42+00:00","dateModified":"2025-10-13T13:34:41+00:00","breadcrumb":{"@id":"https:\/\/rutana.lt\/produktas\/serveteles-38-x-38-cm-44-vnt-melynos-papernet-415221\/#breadcrumb"},"inLanguage":"en-US","potentialAction":[{"@type":"ReadAction","target":["https:\/\/rutana.lt\/produktas\/serveteles-38-x-38-cm-44-vnt-melynos-papernet-415221\/"]}]},{"@type":"ImageObject","inLanguage":"en-US","@id":"https:\/\/rutana.lt\/produktas\/serveteles-38-x-38-cm-44-vnt-melynos-papernet-415221\/#primaryimage","url":"https:\/\/rutana.lt\/wp-content\/uploads\/2025\/09\/A083-126-1.jpg?v=1763620748","contentUrl":"https:\/\/rutana.lt\/wp-content\/uploads\/2025\/09\/A083-126-1.jpg?v=1763620748","width":500,"height":509},{"@type":"BreadcrumbList","@id":"https:\/\/rutana.lt\/produktas\/serveteles-38-x-38-cm-44-vnt-melynos-papernet-415221\/#breadcrumb","itemListElement":[{"@type":"ListItem","position":1,"name":"Home","item":"https:\/\/rutana.lt\/"},{"@type":"ListItem","position":2,"name":"Parduotuv\u0117","item":"https:\/\/rutana.lt\/parduotuve\/"},{"@type":"ListItem","position":3,"name":"Servet\u0117l\u0117s 38 x 38 cm 44 vnt. m\u0117lynos Papernet 415221"}]},{"@type":"WebSite","@id":"https:\/\/rutana.lt\/#website","url":"https:\/\/rutana.lt\/","name":"Rutana - Ra\u0161tin\u0117s reikmenys","description":"Prekiaujame pasaulin\u0117je rinkoje pripa\u017eintomis, kokybi\u0161komis biuro prek\u0117mis toki\u0173  gamintoj\u0173 kaip: Schneider, Esselte, Novus, 3M, Faber-Castell, Citizen, Milan, Leitz, Colop, Zebra, Staedtler, Durable, Tork, Parker, Waterman ir kt.","publisher":{"@id":"https:\/\/rutana.lt\/#organization"},"potentialAction":[{"@type":"SearchAction","target":{"@type":"EntryPoint","urlTemplate":"https:\/\/rutana.lt\/?s={search_term_string}"},"query-input":{"@type":"PropertyValueSpecification","valueRequired":true,"valueName":"search_term_string"}}],"inLanguage":"en-US"},{"@type":"Organization","@id":"https:\/\/rutana.lt\/#organization","name":"Rutana - Ra\u0161tin\u0117s reikmenys","url":"https:\/\/rutana.lt\/","logo":{"@type":"ImageObject","inLanguage":"en-US","@id":"https:\/\/rutana.lt\/#\/schema\/logo\/image\/","url":"https:\/\/rutana.lt\/wp-content\/uploads\/2025\/10\/Asset-32.png","contentUrl":"https:\/\/rutana.lt\/wp-content\/uploads\/2025\/10\/Asset-32.png","width":433,"height":119,"caption":"Rutana - Ra\u0161tin\u0117s reikmenys"},"image":{"@id":"https:\/\/rutana.lt\/#\/schema\/logo\/image\/"},"sameAs":["https:\/\/www.facebook.com\/RutanaKanceliarinesPrekes\/"]}]}},"_links":{"self":[{"href":"https:\/\/rutana.lt\/en\/wp-json\/wp\/v2\/product\/9440","targetHints":{"allow":["GET"]}}],"collection":[{"href":"https:\/\/rutana.lt\/en\/wp-json\/wp\/v2\/product"}],"about":[{"href":"https:\/\/rutana.lt\/en\/wp-json\/wp\/v2\/types\/product"}],"replies":[{"embeddable":true,"href":"https:\/\/rutana.lt\/en\/wp-json\/wp\/v2\/comments?post=9440"}],"version-history":[{"count":1,"href":"https:\/\/rutana.lt\/en\/wp-json\/wp\/v2\/product\/9440\/revisions"}],"predecessor-version":[{"id":9498,"href":"https:\/\/rutana.lt\/en\/wp-json\/wp\/v2\/product\/9440\/revisions\/9498"}],"wp:featuredmedia":[{"embeddable":true,"href":"https:\/\/rutana.lt\/en\/wp-json\/wp\/v2\/media\/26817"}],"wp:attachment":[{"href":"https:\/\/rutana.lt\/en\/wp-json\/wp\/v2\/media?parent=9440"}],"wp:term":[{"taxonomy":"product_brand","embeddable":true,"href":"https:\/\/rutana.lt\/en\/wp-json\/wp\/v2\/product_brand?post=9440"},{"taxonomy":"product_cat","embeddable":true,"href":"https:\/\/rutana.lt\/en\/wp-json\/wp\/v2\/product_cat?post=9440"},{"taxonomy":"product_tag","embeddable":true,"href":"https:\/\/rutana.lt\/en\/wp-json\/wp\/v2\/product_tag?post=9440"}],"curies":[{"name":"wp","href":"https:\/\/api.w.org\/{rel}","templated":true}]}}