{"id":9423,"date":"2025-09-03T09:06:41","date_gmt":"2025-09-03T07:06:41","guid":{"rendered":"https:\/\/rutana.webdemo.lt\/?post_type=product&#038;p=9423"},"modified":"2025-10-13T15:34:33","modified_gmt":"2025-10-13T13:34:33","slug":"kasos-juosta-dvisluoksne-76mm-x-20m-x-65mm-offsc-767012x1sc","status":"publish","type":"product","link":"https:\/\/rutana.lt\/en\/product\/kasos-juosta-dvisluoksne-76mm-x-20m-x-65mm-offsc-767012x1sc\/","title":{"rendered":"Kasos juosta dvisluoksn\u0117 76mm x 20m x 65mm OFF+SC 767012x1SC"},"content":{"rendered":"<p>Dvisluoksn\u0117 kasos juosta. Pirmas sluoksnis atspausdinamas su da\u017ean\u010di\u0105ja juostele, o antras sluoksnis yra kopijuojantis.<\/p>\n<p>Juostos plotis: 76 mm<\/p>\n<p>Juostos ilgis: 20 m<\/p>\n<p>\u012evor\u0117: 12 mm<\/p>\n<p>Maksimalus rulono diametras: 65 mm<\/p>","protected":false},"excerpt":{"rendered":"<p>Dvisluoksn\u0117 kasos juosta. Pirmas sluoksnis atspausdinamas su da\u017ean\u010di\u0105ja juostele, o antras sluoksnis yra kopijuojantis. Juostos plotis: 76 mm Juostos ilgis: 20 m \u012evor\u0117: 12 mm Maksimalus rulono diametras: 65 mm<\/p>","protected":false},"featured_media":26800,"comment_status":"open","ping_status":"closed","template":"","meta":{"_season_start":"","_season_end":"","_season_days":"","_season_months":"","_season_auto_visibility":""},"product_brand":[83],"product_cat":[1690],"product_tag":[],"class_list":{"0":"post-9423","1":"product","2":"type-product","3":"status-publish","4":"has-post-thumbnail","6":"product_brand-null","7":"product_cat-kasos-juostos","9":"first","10":"instock","11":"taxable","12":"shipping-taxable","13":"purchasable","14":"product-type-simple"},"yoast_head":"<!-- This site is optimized with the Yoast SEO plugin v27.4 - https:\/\/yoast.com\/product\/yoast-seo-wordpress\/ -->\n<title>Kasos juosta dvisluoksn\u0117 76mm x 20m x 65mm OFF+SC 767012x1SC - Rutana - Ra\u0161tin\u0117s reikmenys<\/title>\n<meta name=\"robots\" content=\"index, follow, max-snippet:-1, max-image-preview:large, max-video-preview:-1\" \/>\n<link rel=\"canonical\" href=\"https:\/\/rutana.lt\/en\/product\/kasos-juosta-dvisluoksne-76mm-x-20m-x-65mm-offsc-767012x1sc\/\" \/>\n<meta property=\"og:locale\" content=\"en_US\" \/>\n<meta property=\"og:type\" content=\"article\" \/>\n<meta property=\"og:title\" content=\"Kasos juosta dvisluoksn\u0117 76mm x 20m x 65mm OFF+SC 767012x1SC - Rutana - Ra\u0161tin\u0117s reikmenys\" \/>\n<meta property=\"og:description\" content=\"Dvisluoksn\u0117 kasos juosta. Pirmas sluoksnis atspausdinamas su da\u017ean\u010di\u0105ja juostele, o antras sluoksnis yra kopijuojantis. Juostos plotis: 76 mm Juostos ilgis: 20 m \u012evor\u0117: 12 mm Maksimalus rulono diametras: 65 mm\" \/>\n<meta property=\"og:url\" content=\"https:\/\/rutana.lt\/en\/product\/kasos-juosta-dvisluoksne-76mm-x-20m-x-65mm-offsc-767012x1sc\/\" \/>\n<meta property=\"og:site_name\" content=\"Rutana - Ra\u0161tin\u0117s reikmenys\" \/>\n<meta property=\"article:publisher\" content=\"https:\/\/www.facebook.com\/RutanaKanceliarinesPrekes\/\" \/>\n<meta property=\"article:modified_time\" content=\"2025-10-13T13:34:33+00:00\" \/>\n<meta property=\"og:image\" content=\"https:\/\/rutana.lt\/wp-content\/uploads\/2025\/09\/A111-101.jpg\" \/>\n\t<meta property=\"og:image:width\" content=\"500\" \/>\n\t<meta property=\"og:image:height\" content=\"499\" \/>\n\t<meta property=\"og:image:type\" content=\"image\/jpeg\" \/>\n<meta name=\"twitter:card\" content=\"summary_large_image\" \/>\n<script type=\"application\/ld+json\" class=\"yoast-schema-graph\">{\"@context\":\"https:\\\/\\\/schema.org\",\"@graph\":[{\"@type\":\"WebPage\",\"@id\":\"https:\\\/\\\/rutana.lt\\\/produktas\\\/kasos-juosta-dvisluoksne-76mm-x-20m-x-65mm-offsc-767012x1sc\\\/\",\"url\":\"https:\\\/\\\/rutana.lt\\\/produktas\\\/kasos-juosta-dvisluoksne-76mm-x-20m-x-65mm-offsc-767012x1sc\\\/\",\"name\":\"Kasos juosta dvisluoksn\u0117 76mm x 20m x 65mm OFF+SC 767012x1SC - Rutana - Ra\u0161tin\u0117s reikmenys\",\"isPartOf\":{\"@id\":\"https:\\\/\\\/rutana.lt\\\/#website\"},\"primaryImageOfPage\":{\"@id\":\"https:\\\/\\\/rutana.lt\\\/produktas\\\/kasos-juosta-dvisluoksne-76mm-x-20m-x-65mm-offsc-767012x1sc\\\/#primaryimage\"},\"image\":{\"@id\":\"https:\\\/\\\/rutana.lt\\\/produktas\\\/kasos-juosta-dvisluoksne-76mm-x-20m-x-65mm-offsc-767012x1sc\\\/#primaryimage\"},\"thumbnailUrl\":\"https:\\\/\\\/rutana.lt\\\/wp-content\\\/uploads\\\/2025\\\/09\\\/A111-101-1.jpg?v=1763620769\",\"datePublished\":\"2025-09-03T07:06:41+00:00\",\"dateModified\":\"2025-10-13T13:34:33+00:00\",\"breadcrumb\":{\"@id\":\"https:\\\/\\\/rutana.lt\\\/produktas\\\/kasos-juosta-dvisluoksne-76mm-x-20m-x-65mm-offsc-767012x1sc\\\/#breadcrumb\"},\"inLanguage\":\"en-US\",\"potentialAction\":[{\"@type\":\"ReadAction\",\"target\":[\"https:\\\/\\\/rutana.lt\\\/produktas\\\/kasos-juosta-dvisluoksne-76mm-x-20m-x-65mm-offsc-767012x1sc\\\/\"]}]},{\"@type\":\"ImageObject\",\"inLanguage\":\"en-US\",\"@id\":\"https:\\\/\\\/rutana.lt\\\/produktas\\\/kasos-juosta-dvisluoksne-76mm-x-20m-x-65mm-offsc-767012x1sc\\\/#primaryimage\",\"url\":\"https:\\\/\\\/rutana.lt\\\/wp-content\\\/uploads\\\/2025\\\/09\\\/A111-101-1.jpg?v=1763620769\",\"contentUrl\":\"https:\\\/\\\/rutana.lt\\\/wp-content\\\/uploads\\\/2025\\\/09\\\/A111-101-1.jpg?v=1763620769\",\"width\":500,\"height\":499},{\"@type\":\"BreadcrumbList\",\"@id\":\"https:\\\/\\\/rutana.lt\\\/produktas\\\/kasos-juosta-dvisluoksne-76mm-x-20m-x-65mm-offsc-767012x1sc\\\/#breadcrumb\",\"itemListElement\":[{\"@type\":\"ListItem\",\"position\":1,\"name\":\"Home\",\"item\":\"https:\\\/\\\/rutana.lt\\\/\"},{\"@type\":\"ListItem\",\"position\":2,\"name\":\"Parduotuv\u0117\",\"item\":\"https:\\\/\\\/rutana.lt\\\/parduotuve\\\/\"},{\"@type\":\"ListItem\",\"position\":3,\"name\":\"Kasos juosta dvisluoksn\u0117 76mm x 20m x 65mm OFF+SC 767012x1SC\"}]},{\"@type\":\"WebSite\",\"@id\":\"https:\\\/\\\/rutana.lt\\\/#website\",\"url\":\"https:\\\/\\\/rutana.lt\\\/\",\"name\":\"Rutana - Ra\u0161tin\u0117s reikmenys\",\"description\":\"Prekiaujame pasaulin\u0117je rinkoje pripa\u017eintomis, kokybi\u0161komis biuro prek\u0117mis toki\u0173  gamintoj\u0173 kaip: Schneider, Esselte, Novus, 3M, Faber-Castell, Citizen, Milan, Leitz, Colop, Zebra, Staedtler, Durable, Tork, Parker, Waterman ir kt.\",\"publisher\":{\"@id\":\"https:\\\/\\\/rutana.lt\\\/#organization\"},\"potentialAction\":[{\"@type\":\"SearchAction\",\"target\":{\"@type\":\"EntryPoint\",\"urlTemplate\":\"https:\\\/\\\/rutana.lt\\\/?s={search_term_string}\"},\"query-input\":{\"@type\":\"PropertyValueSpecification\",\"valueRequired\":true,\"valueName\":\"search_term_string\"}}],\"inLanguage\":\"en-US\"},{\"@type\":\"Organization\",\"@id\":\"https:\\\/\\\/rutana.lt\\\/#organization\",\"name\":\"Rutana - Ra\u0161tin\u0117s reikmenys\",\"url\":\"https:\\\/\\\/rutana.lt\\\/\",\"logo\":{\"@type\":\"ImageObject\",\"inLanguage\":\"en-US\",\"@id\":\"https:\\\/\\\/rutana.lt\\\/#\\\/schema\\\/logo\\\/image\\\/\",\"url\":\"https:\\\/\\\/rutana.lt\\\/wp-content\\\/uploads\\\/2025\\\/10\\\/Asset-32.png\",\"contentUrl\":\"https:\\\/\\\/rutana.lt\\\/wp-content\\\/uploads\\\/2025\\\/10\\\/Asset-32.png\",\"width\":433,\"height\":119,\"caption\":\"Rutana - Ra\u0161tin\u0117s reikmenys\"},\"image\":{\"@id\":\"https:\\\/\\\/rutana.lt\\\/#\\\/schema\\\/logo\\\/image\\\/\"},\"sameAs\":[\"https:\\\/\\\/www.facebook.com\\\/RutanaKanceliarinesPrekes\\\/\"]}]}<\/script>\n<!-- \/ Yoast SEO plugin. -->","yoast_head_json":{"title":"Kasos juosta dvisluoksn\u0117 76mm x 20m x 65mm OFF+SC 767012x1SC - Rutana - Ra\u0161tin\u0117s reikmenys","robots":{"index":"index","follow":"follow","max-snippet":"max-snippet:-1","max-image-preview":"max-image-preview:large","max-video-preview":"max-video-preview:-1"},"canonical":"https:\/\/rutana.lt\/en\/product\/kasos-juosta-dvisluoksne-76mm-x-20m-x-65mm-offsc-767012x1sc\/","og_locale":"en_US","og_type":"article","og_title":"Kasos juosta dvisluoksn\u0117 76mm x 20m x 65mm OFF+SC 767012x1SC - Rutana - Ra\u0161tin\u0117s reikmenys","og_description":"Dvisluoksn\u0117 kasos juosta. Pirmas sluoksnis atspausdinamas su da\u017ean\u010di\u0105ja juostele, o antras sluoksnis yra kopijuojantis. Juostos plotis: 76 mm Juostos ilgis: 20 m \u012evor\u0117: 12 mm Maksimalus rulono diametras: 65 mm","og_url":"https:\/\/rutana.lt\/en\/product\/kasos-juosta-dvisluoksne-76mm-x-20m-x-65mm-offsc-767012x1sc\/","og_site_name":"Rutana - Ra\u0161tin\u0117s reikmenys","article_publisher":"https:\/\/www.facebook.com\/RutanaKanceliarinesPrekes\/","article_modified_time":"2025-10-13T13:34:33+00:00","og_image":[{"width":500,"height":499,"url":"https:\/\/rutana.lt\/wp-content\/uploads\/2025\/09\/A111-101.jpg","type":"image\/jpeg"}],"twitter_card":"summary_large_image","schema":{"@context":"https:\/\/schema.org","@graph":[{"@type":"WebPage","@id":"https:\/\/rutana.lt\/produktas\/kasos-juosta-dvisluoksne-76mm-x-20m-x-65mm-offsc-767012x1sc\/","url":"https:\/\/rutana.lt\/produktas\/kasos-juosta-dvisluoksne-76mm-x-20m-x-65mm-offsc-767012x1sc\/","name":"Kasos juosta dvisluoksn\u0117 76mm x 20m x 65mm OFF+SC 767012x1SC - Rutana - Ra\u0161tin\u0117s reikmenys","isPartOf":{"@id":"https:\/\/rutana.lt\/#website"},"primaryImageOfPage":{"@id":"https:\/\/rutana.lt\/produktas\/kasos-juosta-dvisluoksne-76mm-x-20m-x-65mm-offsc-767012x1sc\/#primaryimage"},"image":{"@id":"https:\/\/rutana.lt\/produktas\/kasos-juosta-dvisluoksne-76mm-x-20m-x-65mm-offsc-767012x1sc\/#primaryimage"},"thumbnailUrl":"https:\/\/rutana.lt\/wp-content\/uploads\/2025\/09\/A111-101-1.jpg?v=1763620769","datePublished":"2025-09-03T07:06:41+00:00","dateModified":"2025-10-13T13:34:33+00:00","breadcrumb":{"@id":"https:\/\/rutana.lt\/produktas\/kasos-juosta-dvisluoksne-76mm-x-20m-x-65mm-offsc-767012x1sc\/#breadcrumb"},"inLanguage":"en-US","potentialAction":[{"@type":"ReadAction","target":["https:\/\/rutana.lt\/produktas\/kasos-juosta-dvisluoksne-76mm-x-20m-x-65mm-offsc-767012x1sc\/"]}]},{"@type":"ImageObject","inLanguage":"en-US","@id":"https:\/\/rutana.lt\/produktas\/kasos-juosta-dvisluoksne-76mm-x-20m-x-65mm-offsc-767012x1sc\/#primaryimage","url":"https:\/\/rutana.lt\/wp-content\/uploads\/2025\/09\/A111-101-1.jpg?v=1763620769","contentUrl":"https:\/\/rutana.lt\/wp-content\/uploads\/2025\/09\/A111-101-1.jpg?v=1763620769","width":500,"height":499},{"@type":"BreadcrumbList","@id":"https:\/\/rutana.lt\/produktas\/kasos-juosta-dvisluoksne-76mm-x-20m-x-65mm-offsc-767012x1sc\/#breadcrumb","itemListElement":[{"@type":"ListItem","position":1,"name":"Home","item":"https:\/\/rutana.lt\/"},{"@type":"ListItem","position":2,"name":"Parduotuv\u0117","item":"https:\/\/rutana.lt\/parduotuve\/"},{"@type":"ListItem","position":3,"name":"Kasos juosta dvisluoksn\u0117 76mm x 20m x 65mm OFF+SC 767012x1SC"}]},{"@type":"WebSite","@id":"https:\/\/rutana.lt\/#website","url":"https:\/\/rutana.lt\/","name":"Rutana - Ra\u0161tin\u0117s reikmenys","description":"Prekiaujame pasaulin\u0117je rinkoje pripa\u017eintomis, kokybi\u0161komis biuro prek\u0117mis toki\u0173  gamintoj\u0173 kaip: Schneider, Esselte, Novus, 3M, Faber-Castell, Citizen, Milan, Leitz, Colop, Zebra, Staedtler, Durable, Tork, Parker, Waterman ir kt.","publisher":{"@id":"https:\/\/rutana.lt\/#organization"},"potentialAction":[{"@type":"SearchAction","target":{"@type":"EntryPoint","urlTemplate":"https:\/\/rutana.lt\/?s={search_term_string}"},"query-input":{"@type":"PropertyValueSpecification","valueRequired":true,"valueName":"search_term_string"}}],"inLanguage":"en-US"},{"@type":"Organization","@id":"https:\/\/rutana.lt\/#organization","name":"Rutana - Ra\u0161tin\u0117s reikmenys","url":"https:\/\/rutana.lt\/","logo":{"@type":"ImageObject","inLanguage":"en-US","@id":"https:\/\/rutana.lt\/#\/schema\/logo\/image\/","url":"https:\/\/rutana.lt\/wp-content\/uploads\/2025\/10\/Asset-32.png","contentUrl":"https:\/\/rutana.lt\/wp-content\/uploads\/2025\/10\/Asset-32.png","width":433,"height":119,"caption":"Rutana - Ra\u0161tin\u0117s reikmenys"},"image":{"@id":"https:\/\/rutana.lt\/#\/schema\/logo\/image\/"},"sameAs":["https:\/\/www.facebook.com\/RutanaKanceliarinesPrekes\/"]}]}},"_links":{"self":[{"href":"https:\/\/rutana.lt\/en\/wp-json\/wp\/v2\/product\/9423","targetHints":{"allow":["GET"]}}],"collection":[{"href":"https:\/\/rutana.lt\/en\/wp-json\/wp\/v2\/product"}],"about":[{"href":"https:\/\/rutana.lt\/en\/wp-json\/wp\/v2\/types\/product"}],"replies":[{"embeddable":true,"href":"https:\/\/rutana.lt\/en\/wp-json\/wp\/v2\/comments?post=9423"}],"version-history":[{"count":1,"href":"https:\/\/rutana.lt\/en\/wp-json\/wp\/v2\/product\/9423\/revisions"}],"predecessor-version":[{"id":9464,"href":"https:\/\/rutana.lt\/en\/wp-json\/wp\/v2\/product\/9423\/revisions\/9464"}],"wp:featuredmedia":[{"embeddable":true,"href":"https:\/\/rutana.lt\/en\/wp-json\/wp\/v2\/media\/26800"}],"wp:attachment":[{"href":"https:\/\/rutana.lt\/en\/wp-json\/wp\/v2\/media?parent=9423"}],"wp:term":[{"taxonomy":"product_brand","embeddable":true,"href":"https:\/\/rutana.lt\/en\/wp-json\/wp\/v2\/product_brand?post=9423"},{"taxonomy":"product_cat","embeddable":true,"href":"https:\/\/rutana.lt\/en\/wp-json\/wp\/v2\/product_cat?post=9423"},{"taxonomy":"product_tag","embeddable":true,"href":"https:\/\/rutana.lt\/en\/wp-json\/wp\/v2\/product_tag?post=9423"}],"curies":[{"name":"wp","href":"https:\/\/api.w.org\/{rel}","templated":true}]}}