{"id":9348,"date":"2025-09-03T09:06:18","date_gmt":"2025-09-03T07:06:18","guid":{"rendered":"https:\/\/rutana.webdemo.lt\/?post_type=product&#038;p=9348"},"modified":"2025-12-30T20:41:24","modified_gmt":"2025-12-30T18:41:24","slug":"lipnios-etiketes-atsparios-a4-210-x-297-mm-20-lapu-skaidrios-apli-01225","status":"publish","type":"product","link":"https:\/\/rutana.lt\/en\/product\/lipnios-etiketes-atsparios-a4-210-x-297-mm-20-lapu-skaidrios-apli-01225\/","title":{"rendered":"Lipnios etiket\u0117s atsparios A4\/210 x 297 mm 20 lap\u0173 skaidrios Apli 01225"},"content":{"rendered":"<p>Lipni etiket\u0117 su vandeniui atspariais klijais, pagaminta i\u0161 poliesterio, tinkama naudojimui lazeriniu spausdintuvu ar kopijavimo aparatu. Labiau tinkama klijuoti ne patalpoje, nes yra atspari \u012fvairioms oro s\u0105lygoms bei temperat\u016brai, vandeniui, purvui ir tepalui. Idealiai tinkama naudoti ant stiklini\u0173, metalini\u0173, plastikini\u0173 ir poliruot\u0173 pavir\u0161i\u0173.<\/p>\n<p>Etike\u010di\u0173 kiekis A4 lape: 1 vnt.<\/p>\n<p>Etike\u010di\u0173 kiekis d\u0117\u017eut\u0117je: 20 vnt.<\/p>\n<p>Etiket\u0117s matmenys: 210 x 297 mm<\/p>\n<p>Etiket\u0117s spalva: skaidri<\/p>\n<p>Lap\u0173 kiekis d\u0117\u017eut\u0117je: 20 vnt.<\/p>\n<p>Kilm\u0117s \u0161alis: Ispanija<\/p>\n<p>&nbsp;<\/p>","protected":false},"excerpt":{"rendered":"<p>Lipni etiket\u0117 su vandeniui atspariais klijais, pagaminta i\u0161 poliesterio, tinkama naudojimui lazeriniu spausdintuvu ar kopijavimo aparatu.<\/p>","protected":false},"featured_media":34271,"comment_status":"open","ping_status":"closed","template":"","meta":{"_season_start":"","_season_end":"","_season_days":"","_season_months":"","_season_auto_visibility":"1"},"product_brand":[621],"product_cat":[1796],"product_tag":[],"class_list":{"0":"post-9348","1":"product","2":"type-product","3":"status-publish","4":"has-post-thumbnail","6":"product_brand-apli","7":"product_cat-lipnios-etiketes","9":"first","10":"instock","11":"taxable","12":"shipping-taxable","13":"purchasable","14":"product-type-simple"},"yoast_head":"<!-- This site is optimized with the Yoast SEO plugin v27.4 - https:\/\/yoast.com\/product\/yoast-seo-wordpress\/ -->\n<title>Lipnios etiket\u0117s atsparios A4\/210 x 297 mm 20 lap\u0173 skaidrios Apli 01225 - Rutana - Ra\u0161tin\u0117s reikmenys<\/title>\n<meta name=\"robots\" content=\"index, follow, max-snippet:-1, max-image-preview:large, max-video-preview:-1\" \/>\n<link rel=\"canonical\" href=\"https:\/\/rutana.lt\/en\/product\/lipnios-etiketes-atsparios-a4-210-x-297-mm-20-lapu-skaidrios-apli-01225\/\" \/>\n<meta property=\"og:locale\" content=\"en_US\" \/>\n<meta property=\"og:type\" content=\"article\" \/>\n<meta property=\"og:title\" content=\"Lipnios etiket\u0117s atsparios A4\/210 x 297 mm 20 lap\u0173 skaidrios Apli 01225 - Rutana - Ra\u0161tin\u0117s reikmenys\" \/>\n<meta property=\"og:description\" content=\"Lipni etiket\u0117 su vandeniui atspariais klijais, pagaminta i\u0161 poliesterio, tinkama naudojimui lazeriniu spausdintuvu ar kopijavimo aparatu.\" \/>\n<meta property=\"og:url\" content=\"https:\/\/rutana.lt\/en\/product\/lipnios-etiketes-atsparios-a4-210-x-297-mm-20-lapu-skaidrios-apli-01225\/\" \/>\n<meta property=\"og:site_name\" content=\"Rutana - Ra\u0161tin\u0117s reikmenys\" \/>\n<meta property=\"article:publisher\" content=\"https:\/\/www.facebook.com\/RutanaKanceliarinesPrekes\/\" \/>\n<meta property=\"article:modified_time\" content=\"2025-12-30T18:41:24+00:00\" \/>\n<meta property=\"og:image\" content=\"https:\/\/rutana.lt\/wp-content\/uploads\/2025\/09\/A113-299.jpg\" \/>\n\t<meta property=\"og:image:width\" content=\"1200\" \/>\n\t<meta property=\"og:image:height\" content=\"1200\" \/>\n\t<meta property=\"og:image:type\" content=\"image\/jpeg\" \/>\n<meta name=\"twitter:card\" content=\"summary_large_image\" \/>\n<meta name=\"twitter:label1\" content=\"Est. reading time\" \/>\n\t<meta name=\"twitter:data1\" content=\"1 minute\" \/>\n<script type=\"application\/ld+json\" class=\"yoast-schema-graph\">{\"@context\":\"https:\\\/\\\/schema.org\",\"@graph\":[{\"@type\":\"WebPage\",\"@id\":\"https:\\\/\\\/rutana.lt\\\/produktas\\\/lipnios-etiketes-atsparios-a4-210-x-297-mm-20-lapu-skaidrios-apli-01225\\\/\",\"url\":\"https:\\\/\\\/rutana.lt\\\/produktas\\\/lipnios-etiketes-atsparios-a4-210-x-297-mm-20-lapu-skaidrios-apli-01225\\\/\",\"name\":\"Lipnios etiket\u0117s atsparios A4\\\/210 x 297 mm 20 lap\u0173 skaidrios Apli 01225 - Rutana - Ra\u0161tin\u0117s reikmenys\",\"isPartOf\":{\"@id\":\"https:\\\/\\\/rutana.lt\\\/#website\"},\"primaryImageOfPage\":{\"@id\":\"https:\\\/\\\/rutana.lt\\\/produktas\\\/lipnios-etiketes-atsparios-a4-210-x-297-mm-20-lapu-skaidrios-apli-01225\\\/#primaryimage\"},\"image\":{\"@id\":\"https:\\\/\\\/rutana.lt\\\/produktas\\\/lipnios-etiketes-atsparios-a4-210-x-297-mm-20-lapu-skaidrios-apli-01225\\\/#primaryimage\"},\"thumbnailUrl\":\"https:\\\/\\\/rutana.lt\\\/wp-content\\\/uploads\\\/2025\\\/09\\\/A113-299.jpg\",\"datePublished\":\"2025-09-03T07:06:18+00:00\",\"dateModified\":\"2025-12-30T18:41:24+00:00\",\"breadcrumb\":{\"@id\":\"https:\\\/\\\/rutana.lt\\\/produktas\\\/lipnios-etiketes-atsparios-a4-210-x-297-mm-20-lapu-skaidrios-apli-01225\\\/#breadcrumb\"},\"inLanguage\":\"en-US\",\"potentialAction\":[{\"@type\":\"ReadAction\",\"target\":[\"https:\\\/\\\/rutana.lt\\\/produktas\\\/lipnios-etiketes-atsparios-a4-210-x-297-mm-20-lapu-skaidrios-apli-01225\\\/\"]}]},{\"@type\":\"ImageObject\",\"inLanguage\":\"en-US\",\"@id\":\"https:\\\/\\\/rutana.lt\\\/produktas\\\/lipnios-etiketes-atsparios-a4-210-x-297-mm-20-lapu-skaidrios-apli-01225\\\/#primaryimage\",\"url\":\"https:\\\/\\\/rutana.lt\\\/wp-content\\\/uploads\\\/2025\\\/09\\\/A113-299.jpg\",\"contentUrl\":\"https:\\\/\\\/rutana.lt\\\/wp-content\\\/uploads\\\/2025\\\/09\\\/A113-299.jpg\",\"width\":1200,\"height\":1200},{\"@type\":\"BreadcrumbList\",\"@id\":\"https:\\\/\\\/rutana.lt\\\/produktas\\\/lipnios-etiketes-atsparios-a4-210-x-297-mm-20-lapu-skaidrios-apli-01225\\\/#breadcrumb\",\"itemListElement\":[{\"@type\":\"ListItem\",\"position\":1,\"name\":\"Home\",\"item\":\"https:\\\/\\\/rutana.lt\\\/\"},{\"@type\":\"ListItem\",\"position\":2,\"name\":\"Parduotuv\u0117\",\"item\":\"https:\\\/\\\/rutana.lt\\\/parduotuve\\\/\"},{\"@type\":\"ListItem\",\"position\":3,\"name\":\"Lipnios etiket\u0117s atsparios A4\\\/210 x 297 mm 20 lap\u0173 skaidrios Apli 01225\"}]},{\"@type\":\"WebSite\",\"@id\":\"https:\\\/\\\/rutana.lt\\\/#website\",\"url\":\"https:\\\/\\\/rutana.lt\\\/\",\"name\":\"Rutana - Ra\u0161tin\u0117s reikmenys\",\"description\":\"Prekiaujame pasaulin\u0117je rinkoje pripa\u017eintomis, kokybi\u0161komis biuro prek\u0117mis toki\u0173  gamintoj\u0173 kaip: Schneider, Esselte, Novus, 3M, Faber-Castell, Citizen, Milan, Leitz, Colop, Zebra, Staedtler, Durable, Tork, Parker, Waterman ir kt.\",\"publisher\":{\"@id\":\"https:\\\/\\\/rutana.lt\\\/#organization\"},\"potentialAction\":[{\"@type\":\"SearchAction\",\"target\":{\"@type\":\"EntryPoint\",\"urlTemplate\":\"https:\\\/\\\/rutana.lt\\\/?s={search_term_string}\"},\"query-input\":{\"@type\":\"PropertyValueSpecification\",\"valueRequired\":true,\"valueName\":\"search_term_string\"}}],\"inLanguage\":\"en-US\"},{\"@type\":\"Organization\",\"@id\":\"https:\\\/\\\/rutana.lt\\\/#organization\",\"name\":\"Rutana - Ra\u0161tin\u0117s reikmenys\",\"url\":\"https:\\\/\\\/rutana.lt\\\/\",\"logo\":{\"@type\":\"ImageObject\",\"inLanguage\":\"en-US\",\"@id\":\"https:\\\/\\\/rutana.lt\\\/#\\\/schema\\\/logo\\\/image\\\/\",\"url\":\"https:\\\/\\\/rutana.lt\\\/wp-content\\\/uploads\\\/2025\\\/10\\\/Asset-32.png\",\"contentUrl\":\"https:\\\/\\\/rutana.lt\\\/wp-content\\\/uploads\\\/2025\\\/10\\\/Asset-32.png\",\"width\":433,\"height\":119,\"caption\":\"Rutana - Ra\u0161tin\u0117s reikmenys\"},\"image\":{\"@id\":\"https:\\\/\\\/rutana.lt\\\/#\\\/schema\\\/logo\\\/image\\\/\"},\"sameAs\":[\"https:\\\/\\\/www.facebook.com\\\/RutanaKanceliarinesPrekes\\\/\"]}]}<\/script>\n<!-- \/ Yoast SEO plugin. -->","yoast_head_json":{"title":"Lipnios etiket\u0117s atsparios A4\/210 x 297 mm 20 lap\u0173 skaidrios Apli 01225 - Rutana - Ra\u0161tin\u0117s reikmenys","robots":{"index":"index","follow":"follow","max-snippet":"max-snippet:-1","max-image-preview":"max-image-preview:large","max-video-preview":"max-video-preview:-1"},"canonical":"https:\/\/rutana.lt\/en\/product\/lipnios-etiketes-atsparios-a4-210-x-297-mm-20-lapu-skaidrios-apli-01225\/","og_locale":"en_US","og_type":"article","og_title":"Lipnios etiket\u0117s atsparios A4\/210 x 297 mm 20 lap\u0173 skaidrios Apli 01225 - Rutana - Ra\u0161tin\u0117s reikmenys","og_description":"Lipni etiket\u0117 su vandeniui atspariais klijais, pagaminta i\u0161 poliesterio, tinkama naudojimui lazeriniu spausdintuvu ar kopijavimo aparatu.","og_url":"https:\/\/rutana.lt\/en\/product\/lipnios-etiketes-atsparios-a4-210-x-297-mm-20-lapu-skaidrios-apli-01225\/","og_site_name":"Rutana - Ra\u0161tin\u0117s reikmenys","article_publisher":"https:\/\/www.facebook.com\/RutanaKanceliarinesPrekes\/","article_modified_time":"2025-12-30T18:41:24+00:00","og_image":[{"width":1200,"height":1200,"url":"https:\/\/rutana.lt\/wp-content\/uploads\/2025\/09\/A113-299.jpg","type":"image\/jpeg"}],"twitter_card":"summary_large_image","twitter_misc":{"Est. reading time":"1 minute"},"schema":{"@context":"https:\/\/schema.org","@graph":[{"@type":"WebPage","@id":"https:\/\/rutana.lt\/produktas\/lipnios-etiketes-atsparios-a4-210-x-297-mm-20-lapu-skaidrios-apli-01225\/","url":"https:\/\/rutana.lt\/produktas\/lipnios-etiketes-atsparios-a4-210-x-297-mm-20-lapu-skaidrios-apli-01225\/","name":"Lipnios etiket\u0117s atsparios A4\/210 x 297 mm 20 lap\u0173 skaidrios Apli 01225 - Rutana - Ra\u0161tin\u0117s reikmenys","isPartOf":{"@id":"https:\/\/rutana.lt\/#website"},"primaryImageOfPage":{"@id":"https:\/\/rutana.lt\/produktas\/lipnios-etiketes-atsparios-a4-210-x-297-mm-20-lapu-skaidrios-apli-01225\/#primaryimage"},"image":{"@id":"https:\/\/rutana.lt\/produktas\/lipnios-etiketes-atsparios-a4-210-x-297-mm-20-lapu-skaidrios-apli-01225\/#primaryimage"},"thumbnailUrl":"https:\/\/rutana.lt\/wp-content\/uploads\/2025\/09\/A113-299.jpg","datePublished":"2025-09-03T07:06:18+00:00","dateModified":"2025-12-30T18:41:24+00:00","breadcrumb":{"@id":"https:\/\/rutana.lt\/produktas\/lipnios-etiketes-atsparios-a4-210-x-297-mm-20-lapu-skaidrios-apli-01225\/#breadcrumb"},"inLanguage":"en-US","potentialAction":[{"@type":"ReadAction","target":["https:\/\/rutana.lt\/produktas\/lipnios-etiketes-atsparios-a4-210-x-297-mm-20-lapu-skaidrios-apli-01225\/"]}]},{"@type":"ImageObject","inLanguage":"en-US","@id":"https:\/\/rutana.lt\/produktas\/lipnios-etiketes-atsparios-a4-210-x-297-mm-20-lapu-skaidrios-apli-01225\/#primaryimage","url":"https:\/\/rutana.lt\/wp-content\/uploads\/2025\/09\/A113-299.jpg","contentUrl":"https:\/\/rutana.lt\/wp-content\/uploads\/2025\/09\/A113-299.jpg","width":1200,"height":1200},{"@type":"BreadcrumbList","@id":"https:\/\/rutana.lt\/produktas\/lipnios-etiketes-atsparios-a4-210-x-297-mm-20-lapu-skaidrios-apli-01225\/#breadcrumb","itemListElement":[{"@type":"ListItem","position":1,"name":"Home","item":"https:\/\/rutana.lt\/"},{"@type":"ListItem","position":2,"name":"Parduotuv\u0117","item":"https:\/\/rutana.lt\/parduotuve\/"},{"@type":"ListItem","position":3,"name":"Lipnios etiket\u0117s atsparios A4\/210 x 297 mm 20 lap\u0173 skaidrios Apli 01225"}]},{"@type":"WebSite","@id":"https:\/\/rutana.lt\/#website","url":"https:\/\/rutana.lt\/","name":"Rutana - Ra\u0161tin\u0117s reikmenys","description":"Prekiaujame pasaulin\u0117je rinkoje pripa\u017eintomis, kokybi\u0161komis biuro prek\u0117mis toki\u0173  gamintoj\u0173 kaip: Schneider, Esselte, Novus, 3M, Faber-Castell, Citizen, Milan, Leitz, Colop, Zebra, Staedtler, Durable, Tork, Parker, Waterman ir kt.","publisher":{"@id":"https:\/\/rutana.lt\/#organization"},"potentialAction":[{"@type":"SearchAction","target":{"@type":"EntryPoint","urlTemplate":"https:\/\/rutana.lt\/?s={search_term_string}"},"query-input":{"@type":"PropertyValueSpecification","valueRequired":true,"valueName":"search_term_string"}}],"inLanguage":"en-US"},{"@type":"Organization","@id":"https:\/\/rutana.lt\/#organization","name":"Rutana - Ra\u0161tin\u0117s reikmenys","url":"https:\/\/rutana.lt\/","logo":{"@type":"ImageObject","inLanguage":"en-US","@id":"https:\/\/rutana.lt\/#\/schema\/logo\/image\/","url":"https:\/\/rutana.lt\/wp-content\/uploads\/2025\/10\/Asset-32.png","contentUrl":"https:\/\/rutana.lt\/wp-content\/uploads\/2025\/10\/Asset-32.png","width":433,"height":119,"caption":"Rutana - Ra\u0161tin\u0117s reikmenys"},"image":{"@id":"https:\/\/rutana.lt\/#\/schema\/logo\/image\/"},"sameAs":["https:\/\/www.facebook.com\/RutanaKanceliarinesPrekes\/"]}]}},"_links":{"self":[{"href":"https:\/\/rutana.lt\/en\/wp-json\/wp\/v2\/product\/9348","targetHints":{"allow":["GET"]}}],"collection":[{"href":"https:\/\/rutana.lt\/en\/wp-json\/wp\/v2\/product"}],"about":[{"href":"https:\/\/rutana.lt\/en\/wp-json\/wp\/v2\/types\/product"}],"replies":[{"embeddable":true,"href":"https:\/\/rutana.lt\/en\/wp-json\/wp\/v2\/comments?post=9348"}],"version-history":[{"count":3,"href":"https:\/\/rutana.lt\/en\/wp-json\/wp\/v2\/product\/9348\/revisions"}],"predecessor-version":[{"id":34273,"href":"https:\/\/rutana.lt\/en\/wp-json\/wp\/v2\/product\/9348\/revisions\/34273"}],"wp:featuredmedia":[{"embeddable":true,"href":"https:\/\/rutana.lt\/en\/wp-json\/wp\/v2\/media\/34271"}],"wp:attachment":[{"href":"https:\/\/rutana.lt\/en\/wp-json\/wp\/v2\/media?parent=9348"}],"wp:term":[{"taxonomy":"product_brand","embeddable":true,"href":"https:\/\/rutana.lt\/en\/wp-json\/wp\/v2\/product_brand?post=9348"},{"taxonomy":"product_cat","embeddable":true,"href":"https:\/\/rutana.lt\/en\/wp-json\/wp\/v2\/product_cat?post=9348"},{"taxonomy":"product_tag","embeddable":true,"href":"https:\/\/rutana.lt\/en\/wp-json\/wp\/v2\/product_tag?post=9348"}],"curies":[{"name":"wp","href":"https:\/\/api.w.org\/{rel}","templated":true}]}}