{"id":9345,"date":"2025-09-03T09:06:18","date_gmt":"2025-09-03T07:06:18","guid":{"rendered":"https:\/\/rutana.webdemo.lt\/?post_type=product&#038;p=9345"},"modified":"2025-10-13T15:34:23","modified_gmt":"2025-10-13T13:34:23","slug":"lipnios-etiketes-a4-70-x-42-4-mm-100-lapu-apli-03136","status":"publish","type":"product","link":"https:\/\/rutana.lt\/en\/product\/lipnios-etiketes-a4-70-x-42-4-mm-100-lapu-apli-03136\/","title":{"rendered":"Lipnios etiket\u0117s A4\/70 x 42.4 mm 100 lap\u0173 Apli 03136"},"content":{"rendered":"<p>Lipnios etiket\u0117s su vandeniui atspariais klijais, skirtos klijavimui ant vok\u0173, siuntini\u0173 ar kit\u0173 daikt\u0173, kad pabr\u0117\u017etum\u0117t informacijos svarbum\u0105. Galima atspausdinti informacij\u0105 tiek spalvotu ra\u0161aliniu spausdintuvu, tiek lazeriniu spausdintuvu arba kopijavimo aparatu. <\/p>\n<p>Etike\u010di\u0173 kiekis A4 lape: 21 vnt.<\/p>\n<p>Etike\u010di\u0173 kiekis d\u0117\u017eut\u0117je: 2100 vnt.<\/p>\n<p>Etiket\u0117s matmenys: 70 x 42.4 mm <\/p>\n<p>Etiket\u0117s spalva: balta <\/p>\n<p>Lap\u0173 kiekis d\u0117\u017eut\u0117je: 100 vnt.<\/p>\n<p>Kilm\u0117s \u0161alis: Ispanija<\/p>\n<\/p>\n<p><\/p>","protected":false},"excerpt":{"rendered":"<p>Lipnios etiket\u0117s su vandeniui atspariais klijais, skirtos klijavimui ant vok\u0173, siuntini\u0173 ar kit\u0173 daikt\u0173, kad pabr\u0117\u017etum\u0117t informacijos svarbum\u0105. Galima atspausdinti informacij\u0105 tiek spalvotu ra\u0161aliniu spausdintuvu, tiek lazeriniu spausdintuvu arba kopijavimo aparatu. Etike\u010di\u0173 kiekis A4 lape: 21 vnt. Etike\u010di\u0173 kiekis d\u0117\u017eut\u0117je: 2100 vnt. Etiket\u0117s matmenys: 70 x 42.4 mm Etiket\u0117s spalva: balta Lap\u0173 kiekis d\u0117\u017eut\u0117je: 100 [&hellip;]<\/p>","protected":false},"featured_media":26777,"comment_status":"open","ping_status":"closed","template":"","meta":{"_season_start":"","_season_end":"","_season_days":"","_season_months":"","_season_auto_visibility":""},"product_brand":[621],"product_cat":[1796],"product_tag":[],"class_list":{"0":"post-9345","1":"product","2":"type-product","3":"status-publish","4":"has-post-thumbnail","6":"product_brand-apli","7":"product_cat-lipnios-etiketes","9":"first","10":"instock","11":"taxable","12":"shipping-taxable","13":"purchasable","14":"product-type-simple"},"yoast_head":"<!-- This site is optimized with the Yoast SEO plugin v27.4 - https:\/\/yoast.com\/product\/yoast-seo-wordpress\/ -->\n<title>Lipnios etiket\u0117s A4\/70 x 42.4 mm 100 lap\u0173 Apli 03136 - Rutana - Ra\u0161tin\u0117s reikmenys<\/title>\n<meta name=\"robots\" content=\"index, follow, max-snippet:-1, max-image-preview:large, max-video-preview:-1\" \/>\n<link rel=\"canonical\" href=\"https:\/\/rutana.lt\/en\/product\/lipnios-etiketes-a4-70-x-42-4-mm-100-lapu-apli-03136\/\" \/>\n<meta property=\"og:locale\" content=\"en_US\" \/>\n<meta property=\"og:type\" content=\"article\" \/>\n<meta property=\"og:title\" content=\"Lipnios etiket\u0117s A4\/70 x 42.4 mm 100 lap\u0173 Apli 03136 - Rutana - Ra\u0161tin\u0117s reikmenys\" \/>\n<meta property=\"og:description\" content=\"Lipnios etiket\u0117s su vandeniui atspariais klijais, skirtos klijavimui ant vok\u0173, siuntini\u0173 ar kit\u0173 daikt\u0173, kad pabr\u0117\u017etum\u0117t informacijos svarbum\u0105. Galima atspausdinti informacij\u0105 tiek spalvotu ra\u0161aliniu spausdintuvu, tiek lazeriniu spausdintuvu arba kopijavimo aparatu. Etike\u010di\u0173 kiekis A4 lape: 21 vnt. Etike\u010di\u0173 kiekis d\u0117\u017eut\u0117je: 2100 vnt. Etiket\u0117s matmenys: 70 x 42.4 mm Etiket\u0117s spalva: balta Lap\u0173 kiekis d\u0117\u017eut\u0117je: 100 [&hellip;]\" \/>\n<meta property=\"og:url\" content=\"https:\/\/rutana.lt\/en\/product\/lipnios-etiketes-a4-70-x-42-4-mm-100-lapu-apli-03136\/\" \/>\n<meta property=\"og:site_name\" content=\"Rutana - Ra\u0161tin\u0117s reikmenys\" \/>\n<meta property=\"article:publisher\" content=\"https:\/\/www.facebook.com\/RutanaKanceliarinesPrekes\/\" \/>\n<meta property=\"article:modified_time\" content=\"2025-10-13T13:34:23+00:00\" \/>\n<meta property=\"og:image\" content=\"https:\/\/rutana.lt\/wp-content\/uploads\/2025\/09\/A113-412.jpg\" \/>\n\t<meta property=\"og:image:width\" content=\"500\" \/>\n\t<meta property=\"og:image:height\" content=\"501\" \/>\n\t<meta property=\"og:image:type\" content=\"image\/jpeg\" \/>\n<meta name=\"twitter:card\" content=\"summary_large_image\" \/>\n<script type=\"application\/ld+json\" class=\"yoast-schema-graph\">{\"@context\":\"https:\\\/\\\/schema.org\",\"@graph\":[{\"@type\":\"WebPage\",\"@id\":\"https:\\\/\\\/rutana.lt\\\/produktas\\\/lipnios-etiketes-a4-70-x-42-4-mm-100-lapu-apli-03136\\\/\",\"url\":\"https:\\\/\\\/rutana.lt\\\/produktas\\\/lipnios-etiketes-a4-70-x-42-4-mm-100-lapu-apli-03136\\\/\",\"name\":\"Lipnios etiket\u0117s A4\\\/70 x 42.4 mm 100 lap\u0173 Apli 03136 - Rutana - Ra\u0161tin\u0117s reikmenys\",\"isPartOf\":{\"@id\":\"https:\\\/\\\/rutana.lt\\\/#website\"},\"primaryImageOfPage\":{\"@id\":\"https:\\\/\\\/rutana.lt\\\/produktas\\\/lipnios-etiketes-a4-70-x-42-4-mm-100-lapu-apli-03136\\\/#primaryimage\"},\"image\":{\"@id\":\"https:\\\/\\\/rutana.lt\\\/produktas\\\/lipnios-etiketes-a4-70-x-42-4-mm-100-lapu-apli-03136\\\/#primaryimage\"},\"thumbnailUrl\":\"https:\\\/\\\/rutana.lt\\\/wp-content\\\/uploads\\\/2025\\\/09\\\/A113-412-1.jpg?v=1763620799\",\"datePublished\":\"2025-09-03T07:06:18+00:00\",\"dateModified\":\"2025-10-13T13:34:23+00:00\",\"breadcrumb\":{\"@id\":\"https:\\\/\\\/rutana.lt\\\/produktas\\\/lipnios-etiketes-a4-70-x-42-4-mm-100-lapu-apli-03136\\\/#breadcrumb\"},\"inLanguage\":\"en-US\",\"potentialAction\":[{\"@type\":\"ReadAction\",\"target\":[\"https:\\\/\\\/rutana.lt\\\/produktas\\\/lipnios-etiketes-a4-70-x-42-4-mm-100-lapu-apli-03136\\\/\"]}]},{\"@type\":\"ImageObject\",\"inLanguage\":\"en-US\",\"@id\":\"https:\\\/\\\/rutana.lt\\\/produktas\\\/lipnios-etiketes-a4-70-x-42-4-mm-100-lapu-apli-03136\\\/#primaryimage\",\"url\":\"https:\\\/\\\/rutana.lt\\\/wp-content\\\/uploads\\\/2025\\\/09\\\/A113-412-1.jpg?v=1763620799\",\"contentUrl\":\"https:\\\/\\\/rutana.lt\\\/wp-content\\\/uploads\\\/2025\\\/09\\\/A113-412-1.jpg?v=1763620799\",\"width\":500,\"height\":501},{\"@type\":\"BreadcrumbList\",\"@id\":\"https:\\\/\\\/rutana.lt\\\/produktas\\\/lipnios-etiketes-a4-70-x-42-4-mm-100-lapu-apli-03136\\\/#breadcrumb\",\"itemListElement\":[{\"@type\":\"ListItem\",\"position\":1,\"name\":\"Home\",\"item\":\"https:\\\/\\\/rutana.lt\\\/\"},{\"@type\":\"ListItem\",\"position\":2,\"name\":\"Parduotuv\u0117\",\"item\":\"https:\\\/\\\/rutana.lt\\\/parduotuve\\\/\"},{\"@type\":\"ListItem\",\"position\":3,\"name\":\"Lipnios etiket\u0117s A4\\\/70 x 42.4 mm 100 lap\u0173 Apli 03136\"}]},{\"@type\":\"WebSite\",\"@id\":\"https:\\\/\\\/rutana.lt\\\/#website\",\"url\":\"https:\\\/\\\/rutana.lt\\\/\",\"name\":\"Rutana - Ra\u0161tin\u0117s reikmenys\",\"description\":\"Prekiaujame pasaulin\u0117je rinkoje pripa\u017eintomis, kokybi\u0161komis biuro prek\u0117mis toki\u0173  gamintoj\u0173 kaip: Schneider, Esselte, Novus, 3M, Faber-Castell, Citizen, Milan, Leitz, Colop, Zebra, Staedtler, Durable, Tork, Parker, Waterman ir kt.\",\"publisher\":{\"@id\":\"https:\\\/\\\/rutana.lt\\\/#organization\"},\"potentialAction\":[{\"@type\":\"SearchAction\",\"target\":{\"@type\":\"EntryPoint\",\"urlTemplate\":\"https:\\\/\\\/rutana.lt\\\/?s={search_term_string}\"},\"query-input\":{\"@type\":\"PropertyValueSpecification\",\"valueRequired\":true,\"valueName\":\"search_term_string\"}}],\"inLanguage\":\"en-US\"},{\"@type\":\"Organization\",\"@id\":\"https:\\\/\\\/rutana.lt\\\/#organization\",\"name\":\"Rutana - Ra\u0161tin\u0117s reikmenys\",\"url\":\"https:\\\/\\\/rutana.lt\\\/\",\"logo\":{\"@type\":\"ImageObject\",\"inLanguage\":\"en-US\",\"@id\":\"https:\\\/\\\/rutana.lt\\\/#\\\/schema\\\/logo\\\/image\\\/\",\"url\":\"https:\\\/\\\/rutana.lt\\\/wp-content\\\/uploads\\\/2025\\\/10\\\/Asset-32.png\",\"contentUrl\":\"https:\\\/\\\/rutana.lt\\\/wp-content\\\/uploads\\\/2025\\\/10\\\/Asset-32.png\",\"width\":433,\"height\":119,\"caption\":\"Rutana - Ra\u0161tin\u0117s reikmenys\"},\"image\":{\"@id\":\"https:\\\/\\\/rutana.lt\\\/#\\\/schema\\\/logo\\\/image\\\/\"},\"sameAs\":[\"https:\\\/\\\/www.facebook.com\\\/RutanaKanceliarinesPrekes\\\/\"]}]}<\/script>\n<!-- \/ Yoast SEO plugin. -->","yoast_head_json":{"title":"Lipnios etiket\u0117s A4\/70 x 42.4 mm 100 lap\u0173 Apli 03136 - Rutana - Ra\u0161tin\u0117s reikmenys","robots":{"index":"index","follow":"follow","max-snippet":"max-snippet:-1","max-image-preview":"max-image-preview:large","max-video-preview":"max-video-preview:-1"},"canonical":"https:\/\/rutana.lt\/en\/product\/lipnios-etiketes-a4-70-x-42-4-mm-100-lapu-apli-03136\/","og_locale":"en_US","og_type":"article","og_title":"Lipnios etiket\u0117s A4\/70 x 42.4 mm 100 lap\u0173 Apli 03136 - Rutana - Ra\u0161tin\u0117s reikmenys","og_description":"Lipnios etiket\u0117s su vandeniui atspariais klijais, skirtos klijavimui ant vok\u0173, siuntini\u0173 ar kit\u0173 daikt\u0173, kad pabr\u0117\u017etum\u0117t informacijos svarbum\u0105. Galima atspausdinti informacij\u0105 tiek spalvotu ra\u0161aliniu spausdintuvu, tiek lazeriniu spausdintuvu arba kopijavimo aparatu. Etike\u010di\u0173 kiekis A4 lape: 21 vnt. Etike\u010di\u0173 kiekis d\u0117\u017eut\u0117je: 2100 vnt. Etiket\u0117s matmenys: 70 x 42.4 mm Etiket\u0117s spalva: balta Lap\u0173 kiekis d\u0117\u017eut\u0117je: 100 [&hellip;]","og_url":"https:\/\/rutana.lt\/en\/product\/lipnios-etiketes-a4-70-x-42-4-mm-100-lapu-apli-03136\/","og_site_name":"Rutana - Ra\u0161tin\u0117s reikmenys","article_publisher":"https:\/\/www.facebook.com\/RutanaKanceliarinesPrekes\/","article_modified_time":"2025-10-13T13:34:23+00:00","og_image":[{"width":500,"height":501,"url":"https:\/\/rutana.lt\/wp-content\/uploads\/2025\/09\/A113-412.jpg","type":"image\/jpeg"}],"twitter_card":"summary_large_image","schema":{"@context":"https:\/\/schema.org","@graph":[{"@type":"WebPage","@id":"https:\/\/rutana.lt\/produktas\/lipnios-etiketes-a4-70-x-42-4-mm-100-lapu-apli-03136\/","url":"https:\/\/rutana.lt\/produktas\/lipnios-etiketes-a4-70-x-42-4-mm-100-lapu-apli-03136\/","name":"Lipnios etiket\u0117s A4\/70 x 42.4 mm 100 lap\u0173 Apli 03136 - Rutana - Ra\u0161tin\u0117s reikmenys","isPartOf":{"@id":"https:\/\/rutana.lt\/#website"},"primaryImageOfPage":{"@id":"https:\/\/rutana.lt\/produktas\/lipnios-etiketes-a4-70-x-42-4-mm-100-lapu-apli-03136\/#primaryimage"},"image":{"@id":"https:\/\/rutana.lt\/produktas\/lipnios-etiketes-a4-70-x-42-4-mm-100-lapu-apli-03136\/#primaryimage"},"thumbnailUrl":"https:\/\/rutana.lt\/wp-content\/uploads\/2025\/09\/A113-412-1.jpg?v=1763620799","datePublished":"2025-09-03T07:06:18+00:00","dateModified":"2025-10-13T13:34:23+00:00","breadcrumb":{"@id":"https:\/\/rutana.lt\/produktas\/lipnios-etiketes-a4-70-x-42-4-mm-100-lapu-apli-03136\/#breadcrumb"},"inLanguage":"en-US","potentialAction":[{"@type":"ReadAction","target":["https:\/\/rutana.lt\/produktas\/lipnios-etiketes-a4-70-x-42-4-mm-100-lapu-apli-03136\/"]}]},{"@type":"ImageObject","inLanguage":"en-US","@id":"https:\/\/rutana.lt\/produktas\/lipnios-etiketes-a4-70-x-42-4-mm-100-lapu-apli-03136\/#primaryimage","url":"https:\/\/rutana.lt\/wp-content\/uploads\/2025\/09\/A113-412-1.jpg?v=1763620799","contentUrl":"https:\/\/rutana.lt\/wp-content\/uploads\/2025\/09\/A113-412-1.jpg?v=1763620799","width":500,"height":501},{"@type":"BreadcrumbList","@id":"https:\/\/rutana.lt\/produktas\/lipnios-etiketes-a4-70-x-42-4-mm-100-lapu-apli-03136\/#breadcrumb","itemListElement":[{"@type":"ListItem","position":1,"name":"Home","item":"https:\/\/rutana.lt\/"},{"@type":"ListItem","position":2,"name":"Parduotuv\u0117","item":"https:\/\/rutana.lt\/parduotuve\/"},{"@type":"ListItem","position":3,"name":"Lipnios etiket\u0117s A4\/70 x 42.4 mm 100 lap\u0173 Apli 03136"}]},{"@type":"WebSite","@id":"https:\/\/rutana.lt\/#website","url":"https:\/\/rutana.lt\/","name":"Rutana - Ra\u0161tin\u0117s reikmenys","description":"Prekiaujame pasaulin\u0117je rinkoje pripa\u017eintomis, kokybi\u0161komis biuro prek\u0117mis toki\u0173  gamintoj\u0173 kaip: Schneider, Esselte, Novus, 3M, Faber-Castell, Citizen, Milan, Leitz, Colop, Zebra, Staedtler, Durable, Tork, Parker, Waterman ir kt.","publisher":{"@id":"https:\/\/rutana.lt\/#organization"},"potentialAction":[{"@type":"SearchAction","target":{"@type":"EntryPoint","urlTemplate":"https:\/\/rutana.lt\/?s={search_term_string}"},"query-input":{"@type":"PropertyValueSpecification","valueRequired":true,"valueName":"search_term_string"}}],"inLanguage":"en-US"},{"@type":"Organization","@id":"https:\/\/rutana.lt\/#organization","name":"Rutana - Ra\u0161tin\u0117s reikmenys","url":"https:\/\/rutana.lt\/","logo":{"@type":"ImageObject","inLanguage":"en-US","@id":"https:\/\/rutana.lt\/#\/schema\/logo\/image\/","url":"https:\/\/rutana.lt\/wp-content\/uploads\/2025\/10\/Asset-32.png","contentUrl":"https:\/\/rutana.lt\/wp-content\/uploads\/2025\/10\/Asset-32.png","width":433,"height":119,"caption":"Rutana - Ra\u0161tin\u0117s reikmenys"},"image":{"@id":"https:\/\/rutana.lt\/#\/schema\/logo\/image\/"},"sameAs":["https:\/\/www.facebook.com\/RutanaKanceliarinesPrekes\/"]}]}},"_links":{"self":[{"href":"https:\/\/rutana.lt\/en\/wp-json\/wp\/v2\/product\/9345","targetHints":{"allow":["GET"]}}],"collection":[{"href":"https:\/\/rutana.lt\/en\/wp-json\/wp\/v2\/product"}],"about":[{"href":"https:\/\/rutana.lt\/en\/wp-json\/wp\/v2\/types\/product"}],"replies":[{"embeddable":true,"href":"https:\/\/rutana.lt\/en\/wp-json\/wp\/v2\/comments?post=9345"}],"version-history":[{"count":1,"href":"https:\/\/rutana.lt\/en\/wp-json\/wp\/v2\/product\/9345\/revisions"}],"predecessor-version":[{"id":9389,"href":"https:\/\/rutana.lt\/en\/wp-json\/wp\/v2\/product\/9345\/revisions\/9389"}],"wp:featuredmedia":[{"embeddable":true,"href":"https:\/\/rutana.lt\/en\/wp-json\/wp\/v2\/media\/26777"}],"wp:attachment":[{"href":"https:\/\/rutana.lt\/en\/wp-json\/wp\/v2\/media?parent=9345"}],"wp:term":[{"taxonomy":"product_brand","embeddable":true,"href":"https:\/\/rutana.lt\/en\/wp-json\/wp\/v2\/product_brand?post=9345"},{"taxonomy":"product_cat","embeddable":true,"href":"https:\/\/rutana.lt\/en\/wp-json\/wp\/v2\/product_cat?post=9345"},{"taxonomy":"product_tag","embeddable":true,"href":"https:\/\/rutana.lt\/en\/wp-json\/wp\/v2\/product_tag?post=9345"}],"curies":[{"name":"wp","href":"https:\/\/api.w.org\/{rel}","templated":true}]}}