{"id":9276,"date":"2025-09-03T09:05:54","date_gmt":"2025-09-03T07:05:54","guid":{"rendered":"https:\/\/rutana.webdemo.lt\/?post_type=product&#038;p=9276"},"modified":"2025-10-13T15:34:12","modified_gmt":"2025-10-13T13:34:12","slug":"informacinis-stovas-menu-a4-sidabro-sp","status":"publish","type":"product","link":"https:\/\/rutana.lt\/en\/product\/informacinis-stovas-menu-a4-sidabro-sp\/","title":{"rendered":"Informacinis stovas Menu A4 sidabro sp."},"content":{"rendered":"<p>Auk\u0161tos kokyb\u0117s, tvirtas informacinis stovas pagamintas i\u0161 aliuminio. Plakato r\u0117mai yra click sistemos, 25 mm plo\u010dio. Informacin\u012f plakat\u0105 saugo UV antirefleksinis plastikas. Stabilus laminuotos med\u017eio dro\u017eli\u0173 plok\u0161t\u0117s padas. Plakato r\u0117mas gali b\u016bti tvirtinamas horizontaliai arba vertikaliai.<\/p>\n<p>Formatas: A4 ( 210 x 297 mm )<\/p>\n<p>Matoma plakato dalis: 190 x 277 mm<\/p>\n<p>Stovo matmenys: 300 x 1080 x 292 mm<\/p>\n<p>Stovo spalva: sidabrin\u0117<\/p>","protected":false},"excerpt":{"rendered":"<p>Auk\u0161tos kokyb\u0117s, tvirtas informacinis stovas pagamintas i\u0161 aliuminio. Plakato r\u0117mai yra click sistemos, 25 mm plo\u010dio. Informacin\u012f plakat\u0105 saugo UV antirefleksinis plastikas. Stabilus laminuotos med\u017eio dro\u017eli\u0173 plok\u0161t\u0117s padas. Plakato r\u0117mas gali b\u016bti tvirtinamas horizontaliai arba vertikaliai. Formatas: A4 ( 210 x 297 mm ) Matoma plakato dalis: 190 x 277 mm Stovo matmenys: 300 x [&hellip;]<\/p>","protected":false},"featured_media":26761,"comment_status":"open","ping_status":"closed","template":"","meta":{"_season_start":"","_season_end":"","_season_days":"","_season_months":"","_season_auto_visibility":""},"product_brand":[83],"product_cat":[1654,1655,1653],"product_tag":[],"class_list":{"0":"post-9276","1":"product","2":"type-product","3":"status-publish","4":"has-post-thumbnail","6":"product_brand-null","7":"product_cat-brosiuru-deklai","8":"product_cat-informacines-lentynos","9":"product_cat-informaciniai-stovai","11":"first","12":"instock","13":"taxable","14":"shipping-taxable","15":"purchasable","16":"product-type-simple"},"yoast_head":"<!-- This site is optimized with the Yoast SEO plugin v27.4 - https:\/\/yoast.com\/product\/yoast-seo-wordpress\/ -->\n<title>Informacinis stovas Menu A4 sidabro sp. - Rutana - Ra\u0161tin\u0117s reikmenys<\/title>\n<meta name=\"robots\" content=\"index, follow, max-snippet:-1, max-image-preview:large, max-video-preview:-1\" \/>\n<link rel=\"canonical\" href=\"https:\/\/rutana.lt\/en\/product\/informacinis-stovas-menu-a4-sidabro-sp\/\" \/>\n<meta property=\"og:locale\" content=\"en_US\" \/>\n<meta property=\"og:type\" content=\"article\" \/>\n<meta property=\"og:title\" content=\"Informacinis stovas Menu A4 sidabro sp. - Rutana - Ra\u0161tin\u0117s reikmenys\" \/>\n<meta property=\"og:description\" content=\"Auk\u0161tos kokyb\u0117s, tvirtas informacinis stovas pagamintas i\u0161 aliuminio. Plakato r\u0117mai yra click sistemos, 25 mm plo\u010dio. Informacin\u012f plakat\u0105 saugo UV antirefleksinis plastikas. Stabilus laminuotos med\u017eio dro\u017eli\u0173 plok\u0161t\u0117s padas. Plakato r\u0117mas gali b\u016bti tvirtinamas horizontaliai arba vertikaliai. Formatas: A4 ( 210 x 297 mm ) Matoma plakato dalis: 190 x 277 mm Stovo matmenys: 300 x [&hellip;]\" \/>\n<meta property=\"og:url\" content=\"https:\/\/rutana.lt\/en\/product\/informacinis-stovas-menu-a4-sidabro-sp\/\" \/>\n<meta property=\"og:site_name\" content=\"Rutana - Ra\u0161tin\u0117s reikmenys\" \/>\n<meta property=\"article:publisher\" content=\"https:\/\/www.facebook.com\/RutanaKanceliarinesPrekes\/\" \/>\n<meta property=\"article:modified_time\" content=\"2025-10-13T13:34:12+00:00\" \/>\n<meta property=\"og:image\" content=\"https:\/\/rutana.lt\/wp-content\/uploads\/2025\/09\/B043-179.jpg\" \/>\n\t<meta property=\"og:image:width\" content=\"501\" \/>\n\t<meta property=\"og:image:height\" content=\"600\" \/>\n\t<meta property=\"og:image:type\" content=\"image\/jpeg\" \/>\n<meta name=\"twitter:card\" content=\"summary_large_image\" \/>\n<script type=\"application\/ld+json\" class=\"yoast-schema-graph\">{\"@context\":\"https:\\\/\\\/schema.org\",\"@graph\":[{\"@type\":\"WebPage\",\"@id\":\"https:\\\/\\\/rutana.lt\\\/produktas\\\/informacinis-stovas-menu-a4-sidabro-sp\\\/\",\"url\":\"https:\\\/\\\/rutana.lt\\\/produktas\\\/informacinis-stovas-menu-a4-sidabro-sp\\\/\",\"name\":\"Informacinis stovas Menu A4 sidabro sp. - Rutana - Ra\u0161tin\u0117s reikmenys\",\"isPartOf\":{\"@id\":\"https:\\\/\\\/rutana.lt\\\/#website\"},\"primaryImageOfPage\":{\"@id\":\"https:\\\/\\\/rutana.lt\\\/produktas\\\/informacinis-stovas-menu-a4-sidabro-sp\\\/#primaryimage\"},\"image\":{\"@id\":\"https:\\\/\\\/rutana.lt\\\/produktas\\\/informacinis-stovas-menu-a4-sidabro-sp\\\/#primaryimage\"},\"thumbnailUrl\":\"https:\\\/\\\/rutana.lt\\\/wp-content\\\/uploads\\\/2025\\\/09\\\/B043-179-1.jpg?v=1763620817\",\"datePublished\":\"2025-09-03T07:05:54+00:00\",\"dateModified\":\"2025-10-13T13:34:12+00:00\",\"breadcrumb\":{\"@id\":\"https:\\\/\\\/rutana.lt\\\/produktas\\\/informacinis-stovas-menu-a4-sidabro-sp\\\/#breadcrumb\"},\"inLanguage\":\"en-US\",\"potentialAction\":[{\"@type\":\"ReadAction\",\"target\":[\"https:\\\/\\\/rutana.lt\\\/produktas\\\/informacinis-stovas-menu-a4-sidabro-sp\\\/\"]}]},{\"@type\":\"ImageObject\",\"inLanguage\":\"en-US\",\"@id\":\"https:\\\/\\\/rutana.lt\\\/produktas\\\/informacinis-stovas-menu-a4-sidabro-sp\\\/#primaryimage\",\"url\":\"https:\\\/\\\/rutana.lt\\\/wp-content\\\/uploads\\\/2025\\\/09\\\/B043-179-1.jpg?v=1763620817\",\"contentUrl\":\"https:\\\/\\\/rutana.lt\\\/wp-content\\\/uploads\\\/2025\\\/09\\\/B043-179-1.jpg?v=1763620817\",\"width\":501,\"height\":600},{\"@type\":\"BreadcrumbList\",\"@id\":\"https:\\\/\\\/rutana.lt\\\/produktas\\\/informacinis-stovas-menu-a4-sidabro-sp\\\/#breadcrumb\",\"itemListElement\":[{\"@type\":\"ListItem\",\"position\":1,\"name\":\"Home\",\"item\":\"https:\\\/\\\/rutana.lt\\\/\"},{\"@type\":\"ListItem\",\"position\":2,\"name\":\"Parduotuv\u0117\",\"item\":\"https:\\\/\\\/rutana.lt\\\/parduotuve\\\/\"},{\"@type\":\"ListItem\",\"position\":3,\"name\":\"Informacinis stovas Menu A4 sidabro sp.\"}]},{\"@type\":\"WebSite\",\"@id\":\"https:\\\/\\\/rutana.lt\\\/#website\",\"url\":\"https:\\\/\\\/rutana.lt\\\/\",\"name\":\"Rutana - Ra\u0161tin\u0117s reikmenys\",\"description\":\"Prekiaujame pasaulin\u0117je rinkoje pripa\u017eintomis, kokybi\u0161komis biuro prek\u0117mis toki\u0173  gamintoj\u0173 kaip: Schneider, Esselte, Novus, 3M, Faber-Castell, Citizen, Milan, Leitz, Colop, Zebra, Staedtler, Durable, Tork, Parker, Waterman ir kt.\",\"publisher\":{\"@id\":\"https:\\\/\\\/rutana.lt\\\/#organization\"},\"potentialAction\":[{\"@type\":\"SearchAction\",\"target\":{\"@type\":\"EntryPoint\",\"urlTemplate\":\"https:\\\/\\\/rutana.lt\\\/?s={search_term_string}\"},\"query-input\":{\"@type\":\"PropertyValueSpecification\",\"valueRequired\":true,\"valueName\":\"search_term_string\"}}],\"inLanguage\":\"en-US\"},{\"@type\":\"Organization\",\"@id\":\"https:\\\/\\\/rutana.lt\\\/#organization\",\"name\":\"Rutana - Ra\u0161tin\u0117s reikmenys\",\"url\":\"https:\\\/\\\/rutana.lt\\\/\",\"logo\":{\"@type\":\"ImageObject\",\"inLanguage\":\"en-US\",\"@id\":\"https:\\\/\\\/rutana.lt\\\/#\\\/schema\\\/logo\\\/image\\\/\",\"url\":\"https:\\\/\\\/rutana.lt\\\/wp-content\\\/uploads\\\/2025\\\/10\\\/Asset-32.png\",\"contentUrl\":\"https:\\\/\\\/rutana.lt\\\/wp-content\\\/uploads\\\/2025\\\/10\\\/Asset-32.png\",\"width\":433,\"height\":119,\"caption\":\"Rutana - Ra\u0161tin\u0117s reikmenys\"},\"image\":{\"@id\":\"https:\\\/\\\/rutana.lt\\\/#\\\/schema\\\/logo\\\/image\\\/\"},\"sameAs\":[\"https:\\\/\\\/www.facebook.com\\\/RutanaKanceliarinesPrekes\\\/\"]}]}<\/script>\n<!-- \/ Yoast SEO plugin. -->","yoast_head_json":{"title":"Informacinis stovas Menu A4 sidabro sp. - Rutana - Ra\u0161tin\u0117s reikmenys","robots":{"index":"index","follow":"follow","max-snippet":"max-snippet:-1","max-image-preview":"max-image-preview:large","max-video-preview":"max-video-preview:-1"},"canonical":"https:\/\/rutana.lt\/en\/product\/informacinis-stovas-menu-a4-sidabro-sp\/","og_locale":"en_US","og_type":"article","og_title":"Informacinis stovas Menu A4 sidabro sp. - Rutana - Ra\u0161tin\u0117s reikmenys","og_description":"Auk\u0161tos kokyb\u0117s, tvirtas informacinis stovas pagamintas i\u0161 aliuminio. Plakato r\u0117mai yra click sistemos, 25 mm plo\u010dio. Informacin\u012f plakat\u0105 saugo UV antirefleksinis plastikas. Stabilus laminuotos med\u017eio dro\u017eli\u0173 plok\u0161t\u0117s padas. Plakato r\u0117mas gali b\u016bti tvirtinamas horizontaliai arba vertikaliai. Formatas: A4 ( 210 x 297 mm ) Matoma plakato dalis: 190 x 277 mm Stovo matmenys: 300 x [&hellip;]","og_url":"https:\/\/rutana.lt\/en\/product\/informacinis-stovas-menu-a4-sidabro-sp\/","og_site_name":"Rutana - Ra\u0161tin\u0117s reikmenys","article_publisher":"https:\/\/www.facebook.com\/RutanaKanceliarinesPrekes\/","article_modified_time":"2025-10-13T13:34:12+00:00","og_image":[{"width":501,"height":600,"url":"https:\/\/rutana.lt\/wp-content\/uploads\/2025\/09\/B043-179.jpg","type":"image\/jpeg"}],"twitter_card":"summary_large_image","schema":{"@context":"https:\/\/schema.org","@graph":[{"@type":"WebPage","@id":"https:\/\/rutana.lt\/produktas\/informacinis-stovas-menu-a4-sidabro-sp\/","url":"https:\/\/rutana.lt\/produktas\/informacinis-stovas-menu-a4-sidabro-sp\/","name":"Informacinis stovas Menu A4 sidabro sp. - Rutana - Ra\u0161tin\u0117s reikmenys","isPartOf":{"@id":"https:\/\/rutana.lt\/#website"},"primaryImageOfPage":{"@id":"https:\/\/rutana.lt\/produktas\/informacinis-stovas-menu-a4-sidabro-sp\/#primaryimage"},"image":{"@id":"https:\/\/rutana.lt\/produktas\/informacinis-stovas-menu-a4-sidabro-sp\/#primaryimage"},"thumbnailUrl":"https:\/\/rutana.lt\/wp-content\/uploads\/2025\/09\/B043-179-1.jpg?v=1763620817","datePublished":"2025-09-03T07:05:54+00:00","dateModified":"2025-10-13T13:34:12+00:00","breadcrumb":{"@id":"https:\/\/rutana.lt\/produktas\/informacinis-stovas-menu-a4-sidabro-sp\/#breadcrumb"},"inLanguage":"en-US","potentialAction":[{"@type":"ReadAction","target":["https:\/\/rutana.lt\/produktas\/informacinis-stovas-menu-a4-sidabro-sp\/"]}]},{"@type":"ImageObject","inLanguage":"en-US","@id":"https:\/\/rutana.lt\/produktas\/informacinis-stovas-menu-a4-sidabro-sp\/#primaryimage","url":"https:\/\/rutana.lt\/wp-content\/uploads\/2025\/09\/B043-179-1.jpg?v=1763620817","contentUrl":"https:\/\/rutana.lt\/wp-content\/uploads\/2025\/09\/B043-179-1.jpg?v=1763620817","width":501,"height":600},{"@type":"BreadcrumbList","@id":"https:\/\/rutana.lt\/produktas\/informacinis-stovas-menu-a4-sidabro-sp\/#breadcrumb","itemListElement":[{"@type":"ListItem","position":1,"name":"Home","item":"https:\/\/rutana.lt\/"},{"@type":"ListItem","position":2,"name":"Parduotuv\u0117","item":"https:\/\/rutana.lt\/parduotuve\/"},{"@type":"ListItem","position":3,"name":"Informacinis stovas Menu A4 sidabro sp."}]},{"@type":"WebSite","@id":"https:\/\/rutana.lt\/#website","url":"https:\/\/rutana.lt\/","name":"Rutana - Ra\u0161tin\u0117s reikmenys","description":"Prekiaujame pasaulin\u0117je rinkoje pripa\u017eintomis, kokybi\u0161komis biuro prek\u0117mis toki\u0173  gamintoj\u0173 kaip: Schneider, Esselte, Novus, 3M, Faber-Castell, Citizen, Milan, Leitz, Colop, Zebra, Staedtler, Durable, Tork, Parker, Waterman ir kt.","publisher":{"@id":"https:\/\/rutana.lt\/#organization"},"potentialAction":[{"@type":"SearchAction","target":{"@type":"EntryPoint","urlTemplate":"https:\/\/rutana.lt\/?s={search_term_string}"},"query-input":{"@type":"PropertyValueSpecification","valueRequired":true,"valueName":"search_term_string"}}],"inLanguage":"en-US"},{"@type":"Organization","@id":"https:\/\/rutana.lt\/#organization","name":"Rutana - Ra\u0161tin\u0117s reikmenys","url":"https:\/\/rutana.lt\/","logo":{"@type":"ImageObject","inLanguage":"en-US","@id":"https:\/\/rutana.lt\/#\/schema\/logo\/image\/","url":"https:\/\/rutana.lt\/wp-content\/uploads\/2025\/10\/Asset-32.png","contentUrl":"https:\/\/rutana.lt\/wp-content\/uploads\/2025\/10\/Asset-32.png","width":433,"height":119,"caption":"Rutana - Ra\u0161tin\u0117s reikmenys"},"image":{"@id":"https:\/\/rutana.lt\/#\/schema\/logo\/image\/"},"sameAs":["https:\/\/www.facebook.com\/RutanaKanceliarinesPrekes\/"]}]}},"_links":{"self":[{"href":"https:\/\/rutana.lt\/en\/wp-json\/wp\/v2\/product\/9276","targetHints":{"allow":["GET"]}}],"collection":[{"href":"https:\/\/rutana.lt\/en\/wp-json\/wp\/v2\/product"}],"about":[{"href":"https:\/\/rutana.lt\/en\/wp-json\/wp\/v2\/types\/product"}],"replies":[{"embeddable":true,"href":"https:\/\/rutana.lt\/en\/wp-json\/wp\/v2\/comments?post=9276"}],"version-history":[{"count":1,"href":"https:\/\/rutana.lt\/en\/wp-json\/wp\/v2\/product\/9276\/revisions"}],"predecessor-version":[{"id":9330,"href":"https:\/\/rutana.lt\/en\/wp-json\/wp\/v2\/product\/9276\/revisions\/9330"}],"wp:featuredmedia":[{"embeddable":true,"href":"https:\/\/rutana.lt\/en\/wp-json\/wp\/v2\/media\/26761"}],"wp:attachment":[{"href":"https:\/\/rutana.lt\/en\/wp-json\/wp\/v2\/media?parent=9276"}],"wp:term":[{"taxonomy":"product_brand","embeddable":true,"href":"https:\/\/rutana.lt\/en\/wp-json\/wp\/v2\/product_brand?post=9276"},{"taxonomy":"product_cat","embeddable":true,"href":"https:\/\/rutana.lt\/en\/wp-json\/wp\/v2\/product_cat?post=9276"},{"taxonomy":"product_tag","embeddable":true,"href":"https:\/\/rutana.lt\/en\/wp-json\/wp\/v2\/product_tag?post=9276"}],"curies":[{"name":"wp","href":"https:\/\/api.w.org\/{rel}","templated":true}]}}