{"id":9260,"date":"2025-09-03T09:05:54","date_gmt":"2025-09-03T07:05:54","guid":{"rendered":"https:\/\/rutana.webdemo.lt\/?post_type=product&#038;p=9260"},"modified":"2025-10-13T15:34:05","modified_gmt":"2025-10-13T13:34:05","slug":"lipni-juostele-19-mm-x-7-5-m-su-laikikliu-scotch-6-1975d","status":"publish","type":"product","link":"https:\/\/rutana.lt\/en\/product\/lipni-juostele-19-mm-x-7-5-m-su-laikikliu-scotch-6-1975d\/","title":{"rendered":"Lipni juostel\u0117 19 mm x 7.5 m su laikikliu Scotch 6-1975D"},"content":{"rendered":"<p>Idealiai skaidri Scotch juostel\u0117, tinkanti atlikti \u012fvairiems darbams biure, mokykloje ar namie.  Ilgaam\u017e\u0117, neprarandanti savo lipnumo savybi\u0173 ir nepageltonuoja laikui b\u0117gant. Parduodama su laikikliu, kurio pagalba patogu ir lengva juostel\u0119 karpyti.<\/p>\n<p>Juostel\u0117s spalva: skaidri<\/p>\n<p>Juostel\u0117s plotis: 19 mm<\/p>\n<p>Juostel\u0117s ilgis: 7.5 m<\/p>\n<p>Kilm\u0117s \u0161alis: JAV<\/p>\n<\/p>\n<p><\/p>","protected":false},"excerpt":{"rendered":"<p>Idealiai skaidri Scotch juostel\u0117, tinkanti atlikti \u012fvairiems darbams biure, mokykloje ar namie. Ilgaam\u017e\u0117, neprarandanti savo lipnumo savybi\u0173 ir nepageltonuoja laikui b\u0117gant. Parduodama su laikikliu, kurio pagalba patogu ir lengva juostel\u0119 karpyti. Juostel\u0117s spalva: skaidri Juostel\u0117s plotis: 19 mm Juostel\u0117s ilgis: 7.5 m Kilm\u0117s \u0161alis: JAV<\/p>","protected":false},"featured_media":26745,"comment_status":"open","ping_status":"closed","template":"","meta":{"_season_start":"","_season_end":"","_season_days":"","_season_months":"","_season_auto_visibility":""},"product_brand":[242],"product_cat":[1602,1601],"product_tag":[],"class_list":{"0":"post-9260","1":"product","2":"type-product","3":"status-publish","4":"has-post-thumbnail","6":"product_brand-3m","7":"product_cat-juostos-pakavimui","8":"product_cat-lipnios-juosteles-ir-laikikliai","10":"first","11":"instock","12":"taxable","13":"shipping-taxable","14":"purchasable","15":"product-type-simple"},"yoast_head":"<!-- This site is optimized with the Yoast SEO plugin v27.4 - https:\/\/yoast.com\/product\/yoast-seo-wordpress\/ -->\n<title>Lipni juostel\u0117 19 mm x 7.5 m su laikikliu Scotch 6-1975D - Rutana - Ra\u0161tin\u0117s reikmenys<\/title>\n<meta name=\"robots\" content=\"index, follow, max-snippet:-1, max-image-preview:large, max-video-preview:-1\" \/>\n<link rel=\"canonical\" href=\"https:\/\/rutana.lt\/en\/product\/lipni-juostele-19-mm-x-7-5-m-su-laikikliu-scotch-6-1975d\/\" \/>\n<meta property=\"og:locale\" content=\"en_US\" \/>\n<meta property=\"og:type\" content=\"article\" \/>\n<meta property=\"og:title\" content=\"Lipni juostel\u0117 19 mm x 7.5 m su laikikliu Scotch 6-1975D - Rutana - Ra\u0161tin\u0117s reikmenys\" \/>\n<meta property=\"og:description\" content=\"Idealiai skaidri Scotch juostel\u0117, tinkanti atlikti \u012fvairiems darbams biure, mokykloje ar namie. Ilgaam\u017e\u0117, neprarandanti savo lipnumo savybi\u0173 ir nepageltonuoja laikui b\u0117gant. Parduodama su laikikliu, kurio pagalba patogu ir lengva juostel\u0119 karpyti. Juostel\u0117s spalva: skaidri Juostel\u0117s plotis: 19 mm Juostel\u0117s ilgis: 7.5 m Kilm\u0117s \u0161alis: JAV\" \/>\n<meta property=\"og:url\" content=\"https:\/\/rutana.lt\/en\/product\/lipni-juostele-19-mm-x-7-5-m-su-laikikliu-scotch-6-1975d\/\" \/>\n<meta property=\"og:site_name\" content=\"Rutana - Ra\u0161tin\u0117s reikmenys\" \/>\n<meta property=\"article:publisher\" content=\"https:\/\/www.facebook.com\/RutanaKanceliarinesPrekes\/\" \/>\n<meta property=\"article:modified_time\" content=\"2025-10-13T13:34:05+00:00\" \/>\n<meta property=\"og:image\" content=\"https:\/\/rutana.lt\/wp-content\/uploads\/2025\/09\/B013-206.jpg\" \/>\n\t<meta property=\"og:image:width\" content=\"500\" \/>\n\t<meta property=\"og:image:height\" content=\"500\" \/>\n\t<meta property=\"og:image:type\" content=\"image\/jpeg\" \/>\n<meta name=\"twitter:card\" content=\"summary_large_image\" \/>\n<script type=\"application\/ld+json\" class=\"yoast-schema-graph\">{\"@context\":\"https:\\\/\\\/schema.org\",\"@graph\":[{\"@type\":\"WebPage\",\"@id\":\"https:\\\/\\\/rutana.lt\\\/produktas\\\/lipni-juostele-19-mm-x-7-5-m-su-laikikliu-scotch-6-1975d\\\/\",\"url\":\"https:\\\/\\\/rutana.lt\\\/produktas\\\/lipni-juostele-19-mm-x-7-5-m-su-laikikliu-scotch-6-1975d\\\/\",\"name\":\"Lipni juostel\u0117 19 mm x 7.5 m su laikikliu Scotch 6-1975D - Rutana - Ra\u0161tin\u0117s reikmenys\",\"isPartOf\":{\"@id\":\"https:\\\/\\\/rutana.lt\\\/#website\"},\"primaryImageOfPage\":{\"@id\":\"https:\\\/\\\/rutana.lt\\\/produktas\\\/lipni-juostele-19-mm-x-7-5-m-su-laikikliu-scotch-6-1975d\\\/#primaryimage\"},\"image\":{\"@id\":\"https:\\\/\\\/rutana.lt\\\/produktas\\\/lipni-juostele-19-mm-x-7-5-m-su-laikikliu-scotch-6-1975d\\\/#primaryimage\"},\"thumbnailUrl\":\"https:\\\/\\\/rutana.lt\\\/wp-content\\\/uploads\\\/2025\\\/09\\\/B013-206-1.jpg?v=1763620836\",\"datePublished\":\"2025-09-03T07:05:54+00:00\",\"dateModified\":\"2025-10-13T13:34:05+00:00\",\"breadcrumb\":{\"@id\":\"https:\\\/\\\/rutana.lt\\\/produktas\\\/lipni-juostele-19-mm-x-7-5-m-su-laikikliu-scotch-6-1975d\\\/#breadcrumb\"},\"inLanguage\":\"en-US\",\"potentialAction\":[{\"@type\":\"ReadAction\",\"target\":[\"https:\\\/\\\/rutana.lt\\\/produktas\\\/lipni-juostele-19-mm-x-7-5-m-su-laikikliu-scotch-6-1975d\\\/\"]}]},{\"@type\":\"ImageObject\",\"inLanguage\":\"en-US\",\"@id\":\"https:\\\/\\\/rutana.lt\\\/produktas\\\/lipni-juostele-19-mm-x-7-5-m-su-laikikliu-scotch-6-1975d\\\/#primaryimage\",\"url\":\"https:\\\/\\\/rutana.lt\\\/wp-content\\\/uploads\\\/2025\\\/09\\\/B013-206-1.jpg?v=1763620836\",\"contentUrl\":\"https:\\\/\\\/rutana.lt\\\/wp-content\\\/uploads\\\/2025\\\/09\\\/B013-206-1.jpg?v=1763620836\",\"width\":500,\"height\":500},{\"@type\":\"BreadcrumbList\",\"@id\":\"https:\\\/\\\/rutana.lt\\\/produktas\\\/lipni-juostele-19-mm-x-7-5-m-su-laikikliu-scotch-6-1975d\\\/#breadcrumb\",\"itemListElement\":[{\"@type\":\"ListItem\",\"position\":1,\"name\":\"Home\",\"item\":\"https:\\\/\\\/rutana.lt\\\/\"},{\"@type\":\"ListItem\",\"position\":2,\"name\":\"Parduotuv\u0117\",\"item\":\"https:\\\/\\\/rutana.lt\\\/parduotuve\\\/\"},{\"@type\":\"ListItem\",\"position\":3,\"name\":\"Lipni juostel\u0117 19 mm x 7.5 m su laikikliu Scotch 6-1975D\"}]},{\"@type\":\"WebSite\",\"@id\":\"https:\\\/\\\/rutana.lt\\\/#website\",\"url\":\"https:\\\/\\\/rutana.lt\\\/\",\"name\":\"Rutana - Ra\u0161tin\u0117s reikmenys\",\"description\":\"Prekiaujame pasaulin\u0117je rinkoje pripa\u017eintomis, kokybi\u0161komis biuro prek\u0117mis toki\u0173  gamintoj\u0173 kaip: Schneider, Esselte, Novus, 3M, Faber-Castell, Citizen, Milan, Leitz, Colop, Zebra, Staedtler, Durable, Tork, Parker, Waterman ir kt.\",\"publisher\":{\"@id\":\"https:\\\/\\\/rutana.lt\\\/#organization\"},\"potentialAction\":[{\"@type\":\"SearchAction\",\"target\":{\"@type\":\"EntryPoint\",\"urlTemplate\":\"https:\\\/\\\/rutana.lt\\\/?s={search_term_string}\"},\"query-input\":{\"@type\":\"PropertyValueSpecification\",\"valueRequired\":true,\"valueName\":\"search_term_string\"}}],\"inLanguage\":\"en-US\"},{\"@type\":\"Organization\",\"@id\":\"https:\\\/\\\/rutana.lt\\\/#organization\",\"name\":\"Rutana - Ra\u0161tin\u0117s reikmenys\",\"url\":\"https:\\\/\\\/rutana.lt\\\/\",\"logo\":{\"@type\":\"ImageObject\",\"inLanguage\":\"en-US\",\"@id\":\"https:\\\/\\\/rutana.lt\\\/#\\\/schema\\\/logo\\\/image\\\/\",\"url\":\"https:\\\/\\\/rutana.lt\\\/wp-content\\\/uploads\\\/2025\\\/10\\\/Asset-32.png\",\"contentUrl\":\"https:\\\/\\\/rutana.lt\\\/wp-content\\\/uploads\\\/2025\\\/10\\\/Asset-32.png\",\"width\":433,\"height\":119,\"caption\":\"Rutana - Ra\u0161tin\u0117s reikmenys\"},\"image\":{\"@id\":\"https:\\\/\\\/rutana.lt\\\/#\\\/schema\\\/logo\\\/image\\\/\"},\"sameAs\":[\"https:\\\/\\\/www.facebook.com\\\/RutanaKanceliarinesPrekes\\\/\"]}]}<\/script>\n<!-- \/ Yoast SEO plugin. -->","yoast_head_json":{"title":"Lipni juostel\u0117 19 mm x 7.5 m su laikikliu Scotch 6-1975D - Rutana - Ra\u0161tin\u0117s reikmenys","robots":{"index":"index","follow":"follow","max-snippet":"max-snippet:-1","max-image-preview":"max-image-preview:large","max-video-preview":"max-video-preview:-1"},"canonical":"https:\/\/rutana.lt\/en\/product\/lipni-juostele-19-mm-x-7-5-m-su-laikikliu-scotch-6-1975d\/","og_locale":"en_US","og_type":"article","og_title":"Lipni juostel\u0117 19 mm x 7.5 m su laikikliu Scotch 6-1975D - Rutana - Ra\u0161tin\u0117s reikmenys","og_description":"Idealiai skaidri Scotch juostel\u0117, tinkanti atlikti \u012fvairiems darbams biure, mokykloje ar namie. Ilgaam\u017e\u0117, neprarandanti savo lipnumo savybi\u0173 ir nepageltonuoja laikui b\u0117gant. Parduodama su laikikliu, kurio pagalba patogu ir lengva juostel\u0119 karpyti. Juostel\u0117s spalva: skaidri Juostel\u0117s plotis: 19 mm Juostel\u0117s ilgis: 7.5 m Kilm\u0117s \u0161alis: JAV","og_url":"https:\/\/rutana.lt\/en\/product\/lipni-juostele-19-mm-x-7-5-m-su-laikikliu-scotch-6-1975d\/","og_site_name":"Rutana - Ra\u0161tin\u0117s reikmenys","article_publisher":"https:\/\/www.facebook.com\/RutanaKanceliarinesPrekes\/","article_modified_time":"2025-10-13T13:34:05+00:00","og_image":[{"width":500,"height":500,"url":"https:\/\/rutana.lt\/wp-content\/uploads\/2025\/09\/B013-206.jpg","type":"image\/jpeg"}],"twitter_card":"summary_large_image","schema":{"@context":"https:\/\/schema.org","@graph":[{"@type":"WebPage","@id":"https:\/\/rutana.lt\/produktas\/lipni-juostele-19-mm-x-7-5-m-su-laikikliu-scotch-6-1975d\/","url":"https:\/\/rutana.lt\/produktas\/lipni-juostele-19-mm-x-7-5-m-su-laikikliu-scotch-6-1975d\/","name":"Lipni juostel\u0117 19 mm x 7.5 m su laikikliu Scotch 6-1975D - Rutana - Ra\u0161tin\u0117s reikmenys","isPartOf":{"@id":"https:\/\/rutana.lt\/#website"},"primaryImageOfPage":{"@id":"https:\/\/rutana.lt\/produktas\/lipni-juostele-19-mm-x-7-5-m-su-laikikliu-scotch-6-1975d\/#primaryimage"},"image":{"@id":"https:\/\/rutana.lt\/produktas\/lipni-juostele-19-mm-x-7-5-m-su-laikikliu-scotch-6-1975d\/#primaryimage"},"thumbnailUrl":"https:\/\/rutana.lt\/wp-content\/uploads\/2025\/09\/B013-206-1.jpg?v=1763620836","datePublished":"2025-09-03T07:05:54+00:00","dateModified":"2025-10-13T13:34:05+00:00","breadcrumb":{"@id":"https:\/\/rutana.lt\/produktas\/lipni-juostele-19-mm-x-7-5-m-su-laikikliu-scotch-6-1975d\/#breadcrumb"},"inLanguage":"en-US","potentialAction":[{"@type":"ReadAction","target":["https:\/\/rutana.lt\/produktas\/lipni-juostele-19-mm-x-7-5-m-su-laikikliu-scotch-6-1975d\/"]}]},{"@type":"ImageObject","inLanguage":"en-US","@id":"https:\/\/rutana.lt\/produktas\/lipni-juostele-19-mm-x-7-5-m-su-laikikliu-scotch-6-1975d\/#primaryimage","url":"https:\/\/rutana.lt\/wp-content\/uploads\/2025\/09\/B013-206-1.jpg?v=1763620836","contentUrl":"https:\/\/rutana.lt\/wp-content\/uploads\/2025\/09\/B013-206-1.jpg?v=1763620836","width":500,"height":500},{"@type":"BreadcrumbList","@id":"https:\/\/rutana.lt\/produktas\/lipni-juostele-19-mm-x-7-5-m-su-laikikliu-scotch-6-1975d\/#breadcrumb","itemListElement":[{"@type":"ListItem","position":1,"name":"Home","item":"https:\/\/rutana.lt\/"},{"@type":"ListItem","position":2,"name":"Parduotuv\u0117","item":"https:\/\/rutana.lt\/parduotuve\/"},{"@type":"ListItem","position":3,"name":"Lipni juostel\u0117 19 mm x 7.5 m su laikikliu Scotch 6-1975D"}]},{"@type":"WebSite","@id":"https:\/\/rutana.lt\/#website","url":"https:\/\/rutana.lt\/","name":"Rutana - Ra\u0161tin\u0117s reikmenys","description":"Prekiaujame pasaulin\u0117je rinkoje pripa\u017eintomis, kokybi\u0161komis biuro prek\u0117mis toki\u0173  gamintoj\u0173 kaip: Schneider, Esselte, Novus, 3M, Faber-Castell, Citizen, Milan, Leitz, Colop, Zebra, Staedtler, Durable, Tork, Parker, Waterman ir kt.","publisher":{"@id":"https:\/\/rutana.lt\/#organization"},"potentialAction":[{"@type":"SearchAction","target":{"@type":"EntryPoint","urlTemplate":"https:\/\/rutana.lt\/?s={search_term_string}"},"query-input":{"@type":"PropertyValueSpecification","valueRequired":true,"valueName":"search_term_string"}}],"inLanguage":"en-US"},{"@type":"Organization","@id":"https:\/\/rutana.lt\/#organization","name":"Rutana - Ra\u0161tin\u0117s reikmenys","url":"https:\/\/rutana.lt\/","logo":{"@type":"ImageObject","inLanguage":"en-US","@id":"https:\/\/rutana.lt\/#\/schema\/logo\/image\/","url":"https:\/\/rutana.lt\/wp-content\/uploads\/2025\/10\/Asset-32.png","contentUrl":"https:\/\/rutana.lt\/wp-content\/uploads\/2025\/10\/Asset-32.png","width":433,"height":119,"caption":"Rutana - Ra\u0161tin\u0117s reikmenys"},"image":{"@id":"https:\/\/rutana.lt\/#\/schema\/logo\/image\/"},"sameAs":["https:\/\/www.facebook.com\/RutanaKanceliarinesPrekes\/"]}]}},"_links":{"self":[{"href":"https:\/\/rutana.lt\/en\/wp-json\/wp\/v2\/product\/9260","targetHints":{"allow":["GET"]}}],"collection":[{"href":"https:\/\/rutana.lt\/en\/wp-json\/wp\/v2\/product"}],"about":[{"href":"https:\/\/rutana.lt\/en\/wp-json\/wp\/v2\/types\/product"}],"replies":[{"embeddable":true,"href":"https:\/\/rutana.lt\/en\/wp-json\/wp\/v2\/comments?post=9260"}],"version-history":[{"count":1,"href":"https:\/\/rutana.lt\/en\/wp-json\/wp\/v2\/product\/9260\/revisions"}],"predecessor-version":[{"id":9298,"href":"https:\/\/rutana.lt\/en\/wp-json\/wp\/v2\/product\/9260\/revisions\/9298"}],"wp:featuredmedia":[{"embeddable":true,"href":"https:\/\/rutana.lt\/en\/wp-json\/wp\/v2\/media\/26745"}],"wp:attachment":[{"href":"https:\/\/rutana.lt\/en\/wp-json\/wp\/v2\/media?parent=9260"}],"wp:term":[{"taxonomy":"product_brand","embeddable":true,"href":"https:\/\/rutana.lt\/en\/wp-json\/wp\/v2\/product_brand?post=9260"},{"taxonomy":"product_cat","embeddable":true,"href":"https:\/\/rutana.lt\/en\/wp-json\/wp\/v2\/product_cat?post=9260"},{"taxonomy":"product_tag","embeddable":true,"href":"https:\/\/rutana.lt\/en\/wp-json\/wp\/v2\/product_tag?post=9260"}],"curies":[{"name":"wp","href":"https:\/\/api.w.org\/{rel}","templated":true}]}}