{"id":9190,"date":"2025-09-03T09:05:31","date_gmt":"2025-09-03T07:05:31","guid":{"rendered":"https:\/\/rutana.webdemo.lt\/?post_type=product&#038;p=9190"},"modified":"2026-05-14T00:08:26","modified_gmt":"2026-05-13T22:08:26","slug":"vamzdynu-kamsciu-salinimo-priemone-weslim-2kg-vijusa","status":"publish","type":"product","link":"https:\/\/rutana.lt\/en\/product\/vamzdynu-kamsciu-salinimo-priemone-weslim-2kg-vijusa\/","title":{"rendered":"Vamzdyn\u0173 kam\u0161\u010di\u0173 \u0161alinimo priemon\u0117 Weslim 2kg Vijusa"},"content":{"rendered":"<div class=\"otQkpb\" role=\"heading\" aria-level=\"3\" data-animation-nesting=\"\" data-sfc-cp=\"\" data-sfc-root=\"c\" data-sfc-cb=\"\" data-complete=\"true\" data-processed=\"true\" data-sae=\"\">WESLIM \u2013 Profesionalus sm\u016bgis vamzd\u017ei\u0173 kam\u0161\u010diams<\/div>\n<div class=\"Y3BBE\" data-sfc-cp=\"\" data-sfc-root=\"c\" data-sfc-cb=\"\" data-hveid=\"CAEIAxAA\" data-complete=\"true\" data-processed=\"true\">Kai \u012fprastos priemon\u0117s bej\u0117g\u0117s, \u012f pagalb\u0105 ateina\u00a0<strong class=\"Yjhzub\" data-sfc-root=\"c\" data-sfc-cb=\"\" data-complete=\"true\" data-processed=\"true\">WESLIM<\/strong>\u00a0\u2013 itin stipri, pramoninio lygio kam\u0161\u010di\u0173 \u0161alinimo priemon\u0117. Tai sprendimas, sukurtas greitai ir be gailes\u010dio \u012fveikti net sud\u0117tingiausias blokadas, atkuriant nepriekai\u0161ting\u0105 pralaidum\u0105 J\u016bs\u0173 sistemoje.<\/div>\n<div class=\"Fsg96\" data-sfc-cp=\"\" data-sfc-root=\"c\" data-sfc-cb=\"\" data-complete=\"true\" data-processed=\"true\"><\/div>\n<div class=\"otQkpb\" role=\"heading\" aria-level=\"3\" data-animation-nesting=\"\" data-sfc-cp=\"\" data-sfc-root=\"c\" data-sfc-cb=\"\" data-complete=\"true\" data-processed=\"true\" data-sae=\"\">Kod\u0117l WESLIM yra nepakei\u010diamas pasirinkimas?<\/div>\n<ul class=\"KsbFXc U6u95\" data-sfc-root=\"c\" data-sfc-cb=\"\" data-complete=\"true\" data-processed=\"true\">\n<li class=\"dF3vjf\" data-sfc-root=\"c\" data-sfc-cb=\"\" data-hveid=\"CAEIBBAA\" data-complete=\"true\" data-sae=\"\"><span class=\"T286Pc\" data-sfc-cp=\"\" data-sfc-root=\"c\" data-sfc-cb=\"\" data-complete=\"true\"><strong class=\"Yjhzub\" data-sfc-root=\"c\" data-sfc-cb=\"\" data-complete=\"true\">Ekstremali galia:<\/strong>\u00a0Akimirksniu skaido tiek\u00a0<strong class=\"Yjhzub\" data-sfc-root=\"c\" data-sfc-cb=\"\" data-complete=\"true\">organines<\/strong>\u00a0(plaukus, riebalus, maisto liku\u010dius, popieri\u0173), tiek\u00a0<strong class=\"Yjhzub\" data-sfc-root=\"c\" data-sfc-cb=\"\" data-complete=\"true\">neorganines<\/strong>\u00a0nuos\u0117das.<\/span><\/li>\n<li class=\"dF3vjf\" data-sfc-root=\"c\" data-sfc-cb=\"\" data-hveid=\"CAEIBBAB\" data-complete=\"true\" data-sae=\"\"><span class=\"T286Pc\" data-sfc-cp=\"\" data-sfc-root=\"c\" data-sfc-cb=\"\" data-complete=\"true\"><strong class=\"Yjhzub\" data-sfc-root=\"c\" data-sfc-cb=\"\" data-complete=\"true\">\u017daibi\u0161kas veikimas:<\/strong>\u00a0Pamir\u0161kite ilg\u0105 laukim\u0105 \u2013 aktyvi formul\u0117 pradeda veikti vos patekusi \u012f vamzdyn\u0105.<\/span><\/li>\n<li class=\"dF3vjf\" data-sfc-root=\"c\" data-sfc-cb=\"\" data-hveid=\"CAEIBBAC\" data-complete=\"true\" data-sae=\"\"><span class=\"T286Pc\" data-sfc-cp=\"\" data-sfc-root=\"c\" data-sfc-cb=\"\" data-complete=\"true\"><strong class=\"Yjhzub\" data-sfc-root=\"c\" data-sfc-cb=\"\" data-complete=\"true\">Profesional\u0173 standartas:<\/strong>\u00a0Sukurta specialiai pramon\u0117s, vie\u0161bu\u010di\u0173, restoran\u0173 ir kit\u0173 objekt\u0173 prie\u017ei\u016brai, kur laikas ir rezultatas yra kriti\u0161kai svarb\u016bs.<\/span><\/li>\n<li class=\"dF3vjf\" data-sfc-root=\"c\" data-sfc-cb=\"\" data-hveid=\"CAEIBBAD\" data-complete=\"true\" data-sae=\"\"><span class=\"T286Pc\" data-sfc-cp=\"\" data-sfc-root=\"c\" data-sfc-cb=\"\" data-complete=\"true\"><strong class=\"Yjhzub\" data-sfc-root=\"c\" data-sfc-cb=\"\" data-complete=\"true\">Saugumas sistemai:<\/strong>\u00a0Tinkamai naudojant, priemon\u0117 efektyviai pa\u0161alina problem\u0105 nepa\u017eeisdama vamzdyno infrastrukt\u016bros.<\/span><\/li>\n<\/ul>\n<div class=\"Fsg96\" data-sfc-cp=\"\" data-sfc-root=\"c\" data-sfc-cb=\"\" data-complete=\"true\" data-processed=\"true\"><\/div>\n<div class=\"otQkpb\" role=\"heading\" aria-level=\"3\" data-animation-nesting=\"\" data-sfc-cp=\"\" data-sfc-root=\"c\" data-sfc-cb=\"\" data-complete=\"true\" data-processed=\"true\" data-sae=\"\">Naudojimas<\/div>\n<div class=\"Y3BBE\" data-sfc-cp=\"\" data-sfc-root=\"c\" data-sfc-cb=\"\" data-hveid=\"CAEIBRAA\" data-complete=\"true\" data-processed=\"true\">\u0160is produktas yra\u00a0<strong class=\"Yjhzub\" data-sfc-root=\"c\" data-sfc-cb=\"\" data-complete=\"true\" data-processed=\"true\">skirtas tik profesionaliam naudojimui<\/strong>. D\u0117l itin stiprios koncentracijos b\u016btina grie\u017etai laikytis saugos reikalavim\u0173 ir naudoti asmenines apsaugos priemones.<\/div>\n<div class=\"Y3BBE\" data-sfc-cp=\"\" data-sfc-root=\"c\" data-sfc-cb=\"\" data-hveid=\"CAEIBhAA\" data-complete=\"true\" data-processed=\"true\"><strong class=\"Yjhzub\" data-sfc-root=\"c\" data-sfc-cb=\"\" data-complete=\"true\" data-processed=\"true\">WESLIM \u2013 maksimali galia tiems, kurie neturi laiko kompromisams.<\/strong><\/div>\n<p>Svoris: 2 kg<\/p>\n<p>pH al 10 % &lt; 1<\/p>\n<p>Kilm\u0117s \u0161alis: Ispanija<\/p>","protected":false},"excerpt":{"rendered":"<p>WESLIM \u2013 maksimali galia tiems, kurie neturi laiko kompromisams.<\/p>","protected":false},"featured_media":26725,"comment_status":"open","ping_status":"closed","template":"","meta":{"_season_start":"","_season_end":"","_season_days":"","_season_months":"","_season_auto_visibility":"1"},"product_brand":[664],"product_cat":[1686],"product_tag":[],"class_list":{"0":"post-9190","1":"product","2":"type-product","3":"status-publish","4":"has-post-thumbnail","6":"product_brand-vijusa","7":"product_cat-kiti-valikliai-ir-plovikliai","9":"first","10":"instock","11":"taxable","12":"shipping-taxable","13":"purchasable","14":"product-type-simple"},"yoast_head":"<!-- This site is optimized with the Yoast SEO plugin v27.4 - https:\/\/yoast.com\/product\/yoast-seo-wordpress\/ -->\n<title>Vamzdyn\u0173 kam\u0161\u010di\u0173 \u0161alinimo priemon\u0117 Weslim 2kg Vijusa - Rutana - Ra\u0161tin\u0117s reikmenys<\/title>\n<meta name=\"robots\" content=\"index, follow, max-snippet:-1, max-image-preview:large, max-video-preview:-1\" \/>\n<link rel=\"canonical\" href=\"https:\/\/rutana.lt\/en\/product\/vamzdynu-kamsciu-salinimo-priemone-weslim-2kg-vijusa\/\" \/>\n<meta property=\"og:locale\" content=\"en_US\" \/>\n<meta property=\"og:type\" content=\"article\" \/>\n<meta property=\"og:title\" content=\"Vamzdyn\u0173 kam\u0161\u010di\u0173 \u0161alinimo priemon\u0117 Weslim 2kg Vijusa - Rutana - Ra\u0161tin\u0117s reikmenys\" \/>\n<meta property=\"og:description\" content=\"WESLIM \u2013 maksimali galia tiems, kurie neturi laiko kompromisams.\" \/>\n<meta property=\"og:url\" content=\"https:\/\/rutana.lt\/en\/product\/vamzdynu-kamsciu-salinimo-priemone-weslim-2kg-vijusa\/\" \/>\n<meta property=\"og:site_name\" content=\"Rutana - Ra\u0161tin\u0117s reikmenys\" \/>\n<meta property=\"article:publisher\" content=\"https:\/\/www.facebook.com\/RutanaKanceliarinesPrekes\/\" \/>\n<meta property=\"article:modified_time\" content=\"2026-05-13T22:08:26+00:00\" \/>\n<meta property=\"og:image\" content=\"https:\/\/rutana.lt\/wp-content\/uploads\/2025\/09\/B194-108-1.jpg?v=1763620863\" \/>\n\t<meta property=\"og:image:width\" content=\"500\" \/>\n\t<meta property=\"og:image:height\" content=\"500\" \/>\n\t<meta property=\"og:image:type\" content=\"image\/jpeg\" \/>\n<meta name=\"twitter:card\" content=\"summary_large_image\" \/>\n<meta name=\"twitter:label1\" content=\"Est. reading time\" \/>\n\t<meta name=\"twitter:data1\" content=\"1 minute\" \/>\n<script type=\"application\/ld+json\" class=\"yoast-schema-graph\">{\"@context\":\"https:\\\/\\\/schema.org\",\"@graph\":[{\"@type\":\"WebPage\",\"@id\":\"https:\\\/\\\/rutana.lt\\\/produktas\\\/vamzdynu-kamsciu-salinimo-priemone-weslim-2kg-vijusa\\\/\",\"url\":\"https:\\\/\\\/rutana.lt\\\/produktas\\\/vamzdynu-kamsciu-salinimo-priemone-weslim-2kg-vijusa\\\/\",\"name\":\"Vamzdyn\u0173 kam\u0161\u010di\u0173 \u0161alinimo priemon\u0117 Weslim 2kg Vijusa - Rutana - Ra\u0161tin\u0117s reikmenys\",\"isPartOf\":{\"@id\":\"https:\\\/\\\/rutana.lt\\\/#website\"},\"primaryImageOfPage\":{\"@id\":\"https:\\\/\\\/rutana.lt\\\/produktas\\\/vamzdynu-kamsciu-salinimo-priemone-weslim-2kg-vijusa\\\/#primaryimage\"},\"image\":{\"@id\":\"https:\\\/\\\/rutana.lt\\\/produktas\\\/vamzdynu-kamsciu-salinimo-priemone-weslim-2kg-vijusa\\\/#primaryimage\"},\"thumbnailUrl\":\"https:\\\/\\\/rutana.lt\\\/wp-content\\\/uploads\\\/2025\\\/09\\\/B194-108-1.jpg?v=1763620863\",\"datePublished\":\"2025-09-03T07:05:31+00:00\",\"dateModified\":\"2026-05-13T22:08:26+00:00\",\"breadcrumb\":{\"@id\":\"https:\\\/\\\/rutana.lt\\\/produktas\\\/vamzdynu-kamsciu-salinimo-priemone-weslim-2kg-vijusa\\\/#breadcrumb\"},\"inLanguage\":\"en-US\",\"potentialAction\":[{\"@type\":\"ReadAction\",\"target\":[\"https:\\\/\\\/rutana.lt\\\/produktas\\\/vamzdynu-kamsciu-salinimo-priemone-weslim-2kg-vijusa\\\/\"]}]},{\"@type\":\"ImageObject\",\"inLanguage\":\"en-US\",\"@id\":\"https:\\\/\\\/rutana.lt\\\/produktas\\\/vamzdynu-kamsciu-salinimo-priemone-weslim-2kg-vijusa\\\/#primaryimage\",\"url\":\"https:\\\/\\\/rutana.lt\\\/wp-content\\\/uploads\\\/2025\\\/09\\\/B194-108-1.jpg?v=1763620863\",\"contentUrl\":\"https:\\\/\\\/rutana.lt\\\/wp-content\\\/uploads\\\/2025\\\/09\\\/B194-108-1.jpg?v=1763620863\",\"width\":500,\"height\":500},{\"@type\":\"BreadcrumbList\",\"@id\":\"https:\\\/\\\/rutana.lt\\\/produktas\\\/vamzdynu-kamsciu-salinimo-priemone-weslim-2kg-vijusa\\\/#breadcrumb\",\"itemListElement\":[{\"@type\":\"ListItem\",\"position\":1,\"name\":\"Home\",\"item\":\"https:\\\/\\\/rutana.lt\\\/\"},{\"@type\":\"ListItem\",\"position\":2,\"name\":\"Parduotuv\u0117\",\"item\":\"https:\\\/\\\/rutana.lt\\\/parduotuve\\\/\"},{\"@type\":\"ListItem\",\"position\":3,\"name\":\"Vamzdyn\u0173 kam\u0161\u010di\u0173 \u0161alinimo priemon\u0117 Weslim 2kg Vijusa\"}]},{\"@type\":\"WebSite\",\"@id\":\"https:\\\/\\\/rutana.lt\\\/#website\",\"url\":\"https:\\\/\\\/rutana.lt\\\/\",\"name\":\"Rutana - Ra\u0161tin\u0117s reikmenys\",\"description\":\"Prekiaujame pasaulin\u0117je rinkoje pripa\u017eintomis, kokybi\u0161komis biuro prek\u0117mis toki\u0173  gamintoj\u0173 kaip: Schneider, Esselte, Novus, 3M, Faber-Castell, Citizen, Milan, Leitz, Colop, Zebra, Staedtler, Durable, Tork, Parker, Waterman ir kt.\",\"publisher\":{\"@id\":\"https:\\\/\\\/rutana.lt\\\/#organization\"},\"potentialAction\":[{\"@type\":\"SearchAction\",\"target\":{\"@type\":\"EntryPoint\",\"urlTemplate\":\"https:\\\/\\\/rutana.lt\\\/?s={search_term_string}\"},\"query-input\":{\"@type\":\"PropertyValueSpecification\",\"valueRequired\":true,\"valueName\":\"search_term_string\"}}],\"inLanguage\":\"en-US\"},{\"@type\":\"Organization\",\"@id\":\"https:\\\/\\\/rutana.lt\\\/#organization\",\"name\":\"Rutana - Ra\u0161tin\u0117s reikmenys\",\"url\":\"https:\\\/\\\/rutana.lt\\\/\",\"logo\":{\"@type\":\"ImageObject\",\"inLanguage\":\"en-US\",\"@id\":\"https:\\\/\\\/rutana.lt\\\/#\\\/schema\\\/logo\\\/image\\\/\",\"url\":\"https:\\\/\\\/rutana.lt\\\/wp-content\\\/uploads\\\/2025\\\/10\\\/Asset-32.png\",\"contentUrl\":\"https:\\\/\\\/rutana.lt\\\/wp-content\\\/uploads\\\/2025\\\/10\\\/Asset-32.png\",\"width\":433,\"height\":119,\"caption\":\"Rutana - Ra\u0161tin\u0117s reikmenys\"},\"image\":{\"@id\":\"https:\\\/\\\/rutana.lt\\\/#\\\/schema\\\/logo\\\/image\\\/\"},\"sameAs\":[\"https:\\\/\\\/www.facebook.com\\\/RutanaKanceliarinesPrekes\\\/\"]}]}<\/script>\n<!-- \/ Yoast SEO plugin. -->","yoast_head_json":{"title":"Vamzdyn\u0173 kam\u0161\u010di\u0173 \u0161alinimo priemon\u0117 Weslim 2kg Vijusa - Rutana - Ra\u0161tin\u0117s reikmenys","robots":{"index":"index","follow":"follow","max-snippet":"max-snippet:-1","max-image-preview":"max-image-preview:large","max-video-preview":"max-video-preview:-1"},"canonical":"https:\/\/rutana.lt\/en\/product\/vamzdynu-kamsciu-salinimo-priemone-weslim-2kg-vijusa\/","og_locale":"en_US","og_type":"article","og_title":"Vamzdyn\u0173 kam\u0161\u010di\u0173 \u0161alinimo priemon\u0117 Weslim 2kg Vijusa - Rutana - Ra\u0161tin\u0117s reikmenys","og_description":"WESLIM \u2013 maksimali galia tiems, kurie neturi laiko kompromisams.","og_url":"https:\/\/rutana.lt\/en\/product\/vamzdynu-kamsciu-salinimo-priemone-weslim-2kg-vijusa\/","og_site_name":"Rutana - Ra\u0161tin\u0117s reikmenys","article_publisher":"https:\/\/www.facebook.com\/RutanaKanceliarinesPrekes\/","article_modified_time":"2026-05-13T22:08:26+00:00","og_image":[{"width":500,"height":500,"url":"https:\/\/rutana.lt\/wp-content\/uploads\/2025\/09\/B194-108-1.jpg?v=1763620863","type":"image\/jpeg"}],"twitter_card":"summary_large_image","twitter_misc":{"Est. reading time":"1 minute"},"schema":{"@context":"https:\/\/schema.org","@graph":[{"@type":"WebPage","@id":"https:\/\/rutana.lt\/produktas\/vamzdynu-kamsciu-salinimo-priemone-weslim-2kg-vijusa\/","url":"https:\/\/rutana.lt\/produktas\/vamzdynu-kamsciu-salinimo-priemone-weslim-2kg-vijusa\/","name":"Vamzdyn\u0173 kam\u0161\u010di\u0173 \u0161alinimo priemon\u0117 Weslim 2kg Vijusa - Rutana - Ra\u0161tin\u0117s reikmenys","isPartOf":{"@id":"https:\/\/rutana.lt\/#website"},"primaryImageOfPage":{"@id":"https:\/\/rutana.lt\/produktas\/vamzdynu-kamsciu-salinimo-priemone-weslim-2kg-vijusa\/#primaryimage"},"image":{"@id":"https:\/\/rutana.lt\/produktas\/vamzdynu-kamsciu-salinimo-priemone-weslim-2kg-vijusa\/#primaryimage"},"thumbnailUrl":"https:\/\/rutana.lt\/wp-content\/uploads\/2025\/09\/B194-108-1.jpg?v=1763620863","datePublished":"2025-09-03T07:05:31+00:00","dateModified":"2026-05-13T22:08:26+00:00","breadcrumb":{"@id":"https:\/\/rutana.lt\/produktas\/vamzdynu-kamsciu-salinimo-priemone-weslim-2kg-vijusa\/#breadcrumb"},"inLanguage":"en-US","potentialAction":[{"@type":"ReadAction","target":["https:\/\/rutana.lt\/produktas\/vamzdynu-kamsciu-salinimo-priemone-weslim-2kg-vijusa\/"]}]},{"@type":"ImageObject","inLanguage":"en-US","@id":"https:\/\/rutana.lt\/produktas\/vamzdynu-kamsciu-salinimo-priemone-weslim-2kg-vijusa\/#primaryimage","url":"https:\/\/rutana.lt\/wp-content\/uploads\/2025\/09\/B194-108-1.jpg?v=1763620863","contentUrl":"https:\/\/rutana.lt\/wp-content\/uploads\/2025\/09\/B194-108-1.jpg?v=1763620863","width":500,"height":500},{"@type":"BreadcrumbList","@id":"https:\/\/rutana.lt\/produktas\/vamzdynu-kamsciu-salinimo-priemone-weslim-2kg-vijusa\/#breadcrumb","itemListElement":[{"@type":"ListItem","position":1,"name":"Home","item":"https:\/\/rutana.lt\/"},{"@type":"ListItem","position":2,"name":"Parduotuv\u0117","item":"https:\/\/rutana.lt\/parduotuve\/"},{"@type":"ListItem","position":3,"name":"Vamzdyn\u0173 kam\u0161\u010di\u0173 \u0161alinimo priemon\u0117 Weslim 2kg Vijusa"}]},{"@type":"WebSite","@id":"https:\/\/rutana.lt\/#website","url":"https:\/\/rutana.lt\/","name":"Rutana - Ra\u0161tin\u0117s reikmenys","description":"Prekiaujame pasaulin\u0117je rinkoje pripa\u017eintomis, kokybi\u0161komis biuro prek\u0117mis toki\u0173  gamintoj\u0173 kaip: Schneider, Esselte, Novus, 3M, Faber-Castell, Citizen, Milan, Leitz, Colop, Zebra, Staedtler, Durable, Tork, Parker, Waterman ir kt.","publisher":{"@id":"https:\/\/rutana.lt\/#organization"},"potentialAction":[{"@type":"SearchAction","target":{"@type":"EntryPoint","urlTemplate":"https:\/\/rutana.lt\/?s={search_term_string}"},"query-input":{"@type":"PropertyValueSpecification","valueRequired":true,"valueName":"search_term_string"}}],"inLanguage":"en-US"},{"@type":"Organization","@id":"https:\/\/rutana.lt\/#organization","name":"Rutana - Ra\u0161tin\u0117s reikmenys","url":"https:\/\/rutana.lt\/","logo":{"@type":"ImageObject","inLanguage":"en-US","@id":"https:\/\/rutana.lt\/#\/schema\/logo\/image\/","url":"https:\/\/rutana.lt\/wp-content\/uploads\/2025\/10\/Asset-32.png","contentUrl":"https:\/\/rutana.lt\/wp-content\/uploads\/2025\/10\/Asset-32.png","width":433,"height":119,"caption":"Rutana - Ra\u0161tin\u0117s reikmenys"},"image":{"@id":"https:\/\/rutana.lt\/#\/schema\/logo\/image\/"},"sameAs":["https:\/\/www.facebook.com\/RutanaKanceliarinesPrekes\/"]}]}},"_links":{"self":[{"href":"https:\/\/rutana.lt\/en\/wp-json\/wp\/v2\/product\/9190","targetHints":{"allow":["GET"]}}],"collection":[{"href":"https:\/\/rutana.lt\/en\/wp-json\/wp\/v2\/product"}],"about":[{"href":"https:\/\/rutana.lt\/en\/wp-json\/wp\/v2\/types\/product"}],"replies":[{"embeddable":true,"href":"https:\/\/rutana.lt\/en\/wp-json\/wp\/v2\/comments?post=9190"}],"version-history":[{"count":4,"href":"https:\/\/rutana.lt\/en\/wp-json\/wp\/v2\/product\/9190\/revisions"}],"predecessor-version":[{"id":35637,"href":"https:\/\/rutana.lt\/en\/wp-json\/wp\/v2\/product\/9190\/revisions\/35637"}],"wp:featuredmedia":[{"embeddable":true,"href":"https:\/\/rutana.lt\/en\/wp-json\/wp\/v2\/media\/26725"}],"wp:attachment":[{"href":"https:\/\/rutana.lt\/en\/wp-json\/wp\/v2\/media?parent=9190"}],"wp:term":[{"taxonomy":"product_brand","embeddable":true,"href":"https:\/\/rutana.lt\/en\/wp-json\/wp\/v2\/product_brand?post=9190"},{"taxonomy":"product_cat","embeddable":true,"href":"https:\/\/rutana.lt\/en\/wp-json\/wp\/v2\/product_cat?post=9190"},{"taxonomy":"product_tag","embeddable":true,"href":"https:\/\/rutana.lt\/en\/wp-json\/wp\/v2\/product_tag?post=9190"}],"curies":[{"name":"wp","href":"https:\/\/api.w.org\/{rel}","templated":true}]}}