{"id":9127,"date":"2025-09-03T09:05:06","date_gmt":"2025-09-03T07:05:06","guid":{"rendered":"https:\/\/rutana.webdemo.lt\/?post_type=product&#038;p=9127"},"modified":"2026-01-10T23:49:02","modified_gmt":"2026-01-10T21:49:02","slug":"tualetinis-popierius-estrela-amoos-jumbo-621233","status":"publish","type":"product","link":"https:\/\/rutana.lt\/en\/product\/tualetinis-popierius-estrela-amoos-jumbo-621233\/","title":{"rendered":"Tualetinis popierius T2 Jumbo Professional 180m Amoos 621287.3"},"content":{"rendered":"<p>\u201eAMOOS Jumbo\u201c \u2013 tai i\u0161manus pasirinkimas, ie\u0161kant profesionali\u0173 komercini\u0173 tualetinio popieriaus ritin\u0117li\u0173, kurie pasi\u017eymi ilgaam\u017ei\u0161kumu ir auk\u0161\u010diausio lygio komfortu. \u0160ie dideli ritin\u0117liai, pasi\u017eym\u0117j\u0119 dvisluoksne konstrukcija, yra mink\u0161ti, gerai sugeria dr\u0117gm\u0119 ir tvirti \u2013 puikiai tinka da\u017enai lankomoms vietoms, tokioms kaip biurai, restoranai, ligonin\u0117s ir \u0161vietimo \u012fstaigos.<\/p>\n<p style=\"margin-bottom: 10px;\">Ritinio skersmuo: 20 cm<\/p>\n<p>Ritinio ilgis: 180 m<\/p>\n<p style=\"margin-bottom: 10px;\">Vidinis \u0161erdies skersmuo: 7.6 cm<\/p>\n<p style=\"margin-bottom: 10px;\">Lapeli\u0173 kiekis ritinyje: 514<\/p>\n<p style=\"margin-bottom: 10px;\">Sluoksniai: 2<\/p>\n<p style=\"margin-bottom: 10px;\">Spalva: balta<\/p>\n<p style=\"margin-bottom: 10px;\">Spauda: ne<\/p>\n<p style=\"margin-bottom: 10px;\">Kilm\u0117s \u0161alis: Portugalija<\/p>\n<p style=\"margin-bottom: 10px;\">\n<p style=\"margin-bottom: 10px;\">","protected":false},"excerpt":{"rendered":"<p>\u201eAMOOS Jumbo\u201c \u2013 tai i\u0161manus pasirinkimas, ie\u0161kant profesionali\u0173 komercini\u0173 tualetinio popieriaus ritin\u0117li\u0173, kurie pasi\u017eymi ilgaam\u017ei\u0161kumu ir auk\u0161\u010diausio lygio komfortu.<\/p>","protected":false},"featured_media":34343,"comment_status":"open","ping_status":"closed","template":"","meta":{"_season_start":"","_season_end":"","_season_days":"","_season_months":"","_season_auto_visibility":"1"},"product_brand":[1935],"product_cat":[1622],"product_tag":[],"class_list":{"0":"post-9127","1":"product","2":"type-product","3":"status-publish","4":"has-post-thumbnail","6":"product_brand-amoos","7":"product_cat-tualetinis-popierius","9":"first","10":"instock","11":"taxable","12":"shipping-taxable","13":"purchasable","14":"product-type-simple"},"yoast_head":"<!-- This site is optimized with the Yoast SEO plugin v26.1.1 - https:\/\/yoast.com\/wordpress\/plugins\/seo\/ -->\n<title>Tualetinis popierius T2 Jumbo Professional 180m Amoos 621287.3 - Rutana - Ra\u0161tin\u0117s reikmenys<\/title>\n<meta name=\"robots\" content=\"index, follow, max-snippet:-1, max-image-preview:large, max-video-preview:-1\" \/>\n<link rel=\"canonical\" href=\"https:\/\/rutana.lt\/en\/product\/tualetinis-popierius-estrela-amoos-jumbo-621233\/\" \/>\n<meta property=\"og:locale\" content=\"en_US\" \/>\n<meta property=\"og:type\" content=\"article\" \/>\n<meta property=\"og:title\" content=\"Tualetinis popierius T2 Jumbo Professional 180m Amoos 621287.3 - Rutana - Ra\u0161tin\u0117s reikmenys\" \/>\n<meta property=\"og:description\" content=\"\u201eAMOOS Jumbo\u201c \u2013 tai i\u0161manus pasirinkimas, ie\u0161kant profesionali\u0173 komercini\u0173 tualetinio popieriaus ritin\u0117li\u0173, kurie pasi\u017eymi ilgaam\u017ei\u0161kumu ir auk\u0161\u010diausio lygio komfortu.\" \/>\n<meta property=\"og:url\" content=\"https:\/\/rutana.lt\/en\/product\/tualetinis-popierius-estrela-amoos-jumbo-621233\/\" \/>\n<meta property=\"og:site_name\" content=\"Rutana - Ra\u0161tin\u0117s reikmenys\" \/>\n<meta property=\"article:publisher\" content=\"https:\/\/www.facebook.com\/RutanaKanceliarinesPrekes\/\" \/>\n<meta property=\"article:modified_time\" content=\"2026-01-10T21:49:02+00:00\" \/>\n<meta property=\"og:image\" content=\"https:\/\/rutana.lt\/wp-content\/uploads\/2025\/09\/A081-561N.jpg\" \/>\n\t<meta property=\"og:image:width\" content=\"1200\" \/>\n\t<meta property=\"og:image:height\" content=\"1200\" \/>\n\t<meta property=\"og:image:type\" content=\"image\/jpeg\" \/>\n<meta name=\"twitter:card\" content=\"summary_large_image\" \/>\n<meta name=\"twitter:label1\" content=\"Est. reading time\" \/>\n\t<meta name=\"twitter:data1\" content=\"1 minute\" \/>\n<script type=\"application\/ld+json\" class=\"yoast-schema-graph\">{\"@context\":\"https:\/\/schema.org\",\"@graph\":[{\"@type\":\"WebPage\",\"@id\":\"https:\/\/rutana.lt\/produktas\/tualetinis-popierius-estrela-amoos-jumbo-621233\/\",\"url\":\"https:\/\/rutana.lt\/produktas\/tualetinis-popierius-estrela-amoos-jumbo-621233\/\",\"name\":\"Tualetinis popierius T2 Jumbo Professional 180m Amoos 621287.3 - Rutana - Ra\u0161tin\u0117s reikmenys\",\"isPartOf\":{\"@id\":\"https:\/\/rutana.lt\/#website\"},\"primaryImageOfPage\":{\"@id\":\"https:\/\/rutana.lt\/produktas\/tualetinis-popierius-estrela-amoos-jumbo-621233\/#primaryimage\"},\"image\":{\"@id\":\"https:\/\/rutana.lt\/produktas\/tualetinis-popierius-estrela-amoos-jumbo-621233\/#primaryimage\"},\"thumbnailUrl\":\"https:\/\/rutana.lt\/wp-content\/uploads\/2025\/09\/A081-561N.jpg\",\"datePublished\":\"2025-09-03T07:05:06+00:00\",\"dateModified\":\"2026-01-10T21:49:02+00:00\",\"breadcrumb\":{\"@id\":\"https:\/\/rutana.lt\/produktas\/tualetinis-popierius-estrela-amoos-jumbo-621233\/#breadcrumb\"},\"inLanguage\":\"en-US\",\"potentialAction\":[{\"@type\":\"ReadAction\",\"target\":[\"https:\/\/rutana.lt\/produktas\/tualetinis-popierius-estrela-amoos-jumbo-621233\/\"]}]},{\"@type\":\"ImageObject\",\"inLanguage\":\"en-US\",\"@id\":\"https:\/\/rutana.lt\/produktas\/tualetinis-popierius-estrela-amoos-jumbo-621233\/#primaryimage\",\"url\":\"https:\/\/rutana.lt\/wp-content\/uploads\/2025\/09\/A081-561N.jpg\",\"contentUrl\":\"https:\/\/rutana.lt\/wp-content\/uploads\/2025\/09\/A081-561N.jpg\",\"width\":1200,\"height\":1200},{\"@type\":\"BreadcrumbList\",\"@id\":\"https:\/\/rutana.lt\/produktas\/tualetinis-popierius-estrela-amoos-jumbo-621233\/#breadcrumb\",\"itemListElement\":[{\"@type\":\"ListItem\",\"position\":1,\"name\":\"Home\",\"item\":\"https:\/\/rutana.lt\/\"},{\"@type\":\"ListItem\",\"position\":2,\"name\":\"Parduotuv\u0117\",\"item\":\"https:\/\/rutana.lt\/parduotuve\/\"},{\"@type\":\"ListItem\",\"position\":3,\"name\":\"Tualetinis popierius T2 Jumbo Professional 180m Amoos 621287.3\"}]},{\"@type\":\"WebSite\",\"@id\":\"https:\/\/rutana.lt\/#website\",\"url\":\"https:\/\/rutana.lt\/\",\"name\":\"Rutana - Ra\u0161tin\u0117s reikmenys\",\"description\":\"Prekiaujame pasaulin\u0117je rinkoje pripa\u017eintomis, kokybi\u0161komis biuro prek\u0117mis toki\u0173  gamintoj\u0173 kaip: Schneider, Esselte, Novus, 3M, Faber-Castell, Citizen, Milan, Leitz, Colop, Zebra, Staedtler, Durable, Tork, Parker, Waterman ir kt.\",\"publisher\":{\"@id\":\"https:\/\/rutana.lt\/#organization\"},\"potentialAction\":[{\"@type\":\"SearchAction\",\"target\":{\"@type\":\"EntryPoint\",\"urlTemplate\":\"https:\/\/rutana.lt\/?s={search_term_string}\"},\"query-input\":{\"@type\":\"PropertyValueSpecification\",\"valueRequired\":true,\"valueName\":\"search_term_string\"}}],\"inLanguage\":\"en-US\"},{\"@type\":\"Organization\",\"@id\":\"https:\/\/rutana.lt\/#organization\",\"name\":\"Rutana - Ra\u0161tin\u0117s reikmenys\",\"url\":\"https:\/\/rutana.lt\/\",\"logo\":{\"@type\":\"ImageObject\",\"inLanguage\":\"en-US\",\"@id\":\"https:\/\/rutana.lt\/#\/schema\/logo\/image\/\",\"url\":\"https:\/\/rutana.lt\/wp-content\/uploads\/2025\/10\/Asset-32.png\",\"contentUrl\":\"https:\/\/rutana.lt\/wp-content\/uploads\/2025\/10\/Asset-32.png\",\"width\":433,\"height\":119,\"caption\":\"Rutana - Ra\u0161tin\u0117s reikmenys\"},\"image\":{\"@id\":\"https:\/\/rutana.lt\/#\/schema\/logo\/image\/\"},\"sameAs\":[\"https:\/\/www.facebook.com\/RutanaKanceliarinesPrekes\/\"]}]}<\/script>\n<!-- \/ Yoast SEO plugin. -->","yoast_head_json":{"title":"Tualetinis popierius T2 Jumbo Professional 180m Amoos 621287.3 - Rutana - Ra\u0161tin\u0117s reikmenys","robots":{"index":"index","follow":"follow","max-snippet":"max-snippet:-1","max-image-preview":"max-image-preview:large","max-video-preview":"max-video-preview:-1"},"canonical":"https:\/\/rutana.lt\/en\/product\/tualetinis-popierius-estrela-amoos-jumbo-621233\/","og_locale":"en_US","og_type":"article","og_title":"Tualetinis popierius T2 Jumbo Professional 180m Amoos 621287.3 - Rutana - Ra\u0161tin\u0117s reikmenys","og_description":"\u201eAMOOS Jumbo\u201c \u2013 tai i\u0161manus pasirinkimas, ie\u0161kant profesionali\u0173 komercini\u0173 tualetinio popieriaus ritin\u0117li\u0173, kurie pasi\u017eymi ilgaam\u017ei\u0161kumu ir auk\u0161\u010diausio lygio komfortu.","og_url":"https:\/\/rutana.lt\/en\/product\/tualetinis-popierius-estrela-amoos-jumbo-621233\/","og_site_name":"Rutana - Ra\u0161tin\u0117s reikmenys","article_publisher":"https:\/\/www.facebook.com\/RutanaKanceliarinesPrekes\/","article_modified_time":"2026-01-10T21:49:02+00:00","og_image":[{"width":1200,"height":1200,"url":"https:\/\/rutana.lt\/wp-content\/uploads\/2025\/09\/A081-561N.jpg","type":"image\/jpeg"}],"twitter_card":"summary_large_image","twitter_misc":{"Est. reading time":"1 minute"},"schema":{"@context":"https:\/\/schema.org","@graph":[{"@type":"WebPage","@id":"https:\/\/rutana.lt\/produktas\/tualetinis-popierius-estrela-amoos-jumbo-621233\/","url":"https:\/\/rutana.lt\/produktas\/tualetinis-popierius-estrela-amoos-jumbo-621233\/","name":"Tualetinis popierius T2 Jumbo Professional 180m Amoos 621287.3 - Rutana - Ra\u0161tin\u0117s reikmenys","isPartOf":{"@id":"https:\/\/rutana.lt\/#website"},"primaryImageOfPage":{"@id":"https:\/\/rutana.lt\/produktas\/tualetinis-popierius-estrela-amoos-jumbo-621233\/#primaryimage"},"image":{"@id":"https:\/\/rutana.lt\/produktas\/tualetinis-popierius-estrela-amoos-jumbo-621233\/#primaryimage"},"thumbnailUrl":"https:\/\/rutana.lt\/wp-content\/uploads\/2025\/09\/A081-561N.jpg","datePublished":"2025-09-03T07:05:06+00:00","dateModified":"2026-01-10T21:49:02+00:00","breadcrumb":{"@id":"https:\/\/rutana.lt\/produktas\/tualetinis-popierius-estrela-amoos-jumbo-621233\/#breadcrumb"},"inLanguage":"en-US","potentialAction":[{"@type":"ReadAction","target":["https:\/\/rutana.lt\/produktas\/tualetinis-popierius-estrela-amoos-jumbo-621233\/"]}]},{"@type":"ImageObject","inLanguage":"en-US","@id":"https:\/\/rutana.lt\/produktas\/tualetinis-popierius-estrela-amoos-jumbo-621233\/#primaryimage","url":"https:\/\/rutana.lt\/wp-content\/uploads\/2025\/09\/A081-561N.jpg","contentUrl":"https:\/\/rutana.lt\/wp-content\/uploads\/2025\/09\/A081-561N.jpg","width":1200,"height":1200},{"@type":"BreadcrumbList","@id":"https:\/\/rutana.lt\/produktas\/tualetinis-popierius-estrela-amoos-jumbo-621233\/#breadcrumb","itemListElement":[{"@type":"ListItem","position":1,"name":"Home","item":"https:\/\/rutana.lt\/"},{"@type":"ListItem","position":2,"name":"Parduotuv\u0117","item":"https:\/\/rutana.lt\/parduotuve\/"},{"@type":"ListItem","position":3,"name":"Tualetinis popierius T2 Jumbo Professional 180m Amoos 621287.3"}]},{"@type":"WebSite","@id":"https:\/\/rutana.lt\/#website","url":"https:\/\/rutana.lt\/","name":"Rutana - Ra\u0161tin\u0117s reikmenys","description":"Prekiaujame pasaulin\u0117je rinkoje pripa\u017eintomis, kokybi\u0161komis biuro prek\u0117mis toki\u0173  gamintoj\u0173 kaip: Schneider, Esselte, Novus, 3M, Faber-Castell, Citizen, Milan, Leitz, Colop, Zebra, Staedtler, Durable, Tork, Parker, Waterman ir kt.","publisher":{"@id":"https:\/\/rutana.lt\/#organization"},"potentialAction":[{"@type":"SearchAction","target":{"@type":"EntryPoint","urlTemplate":"https:\/\/rutana.lt\/?s={search_term_string}"},"query-input":{"@type":"PropertyValueSpecification","valueRequired":true,"valueName":"search_term_string"}}],"inLanguage":"en-US"},{"@type":"Organization","@id":"https:\/\/rutana.lt\/#organization","name":"Rutana - Ra\u0161tin\u0117s reikmenys","url":"https:\/\/rutana.lt\/","logo":{"@type":"ImageObject","inLanguage":"en-US","@id":"https:\/\/rutana.lt\/#\/schema\/logo\/image\/","url":"https:\/\/rutana.lt\/wp-content\/uploads\/2025\/10\/Asset-32.png","contentUrl":"https:\/\/rutana.lt\/wp-content\/uploads\/2025\/10\/Asset-32.png","width":433,"height":119,"caption":"Rutana - Ra\u0161tin\u0117s reikmenys"},"image":{"@id":"https:\/\/rutana.lt\/#\/schema\/logo\/image\/"},"sameAs":["https:\/\/www.facebook.com\/RutanaKanceliarinesPrekes\/"]}]}},"_links":{"self":[{"href":"https:\/\/rutana.lt\/en\/wp-json\/wp\/v2\/product\/9127","targetHints":{"allow":["GET"]}}],"collection":[{"href":"https:\/\/rutana.lt\/en\/wp-json\/wp\/v2\/product"}],"about":[{"href":"https:\/\/rutana.lt\/en\/wp-json\/wp\/v2\/types\/product"}],"replies":[{"embeddable":true,"href":"https:\/\/rutana.lt\/en\/wp-json\/wp\/v2\/comments?post=9127"}],"version-history":[{"count":4,"href":"https:\/\/rutana.lt\/en\/wp-json\/wp\/v2\/product\/9127\/revisions"}],"predecessor-version":[{"id":34345,"href":"https:\/\/rutana.lt\/en\/wp-json\/wp\/v2\/product\/9127\/revisions\/34345"}],"wp:featuredmedia":[{"embeddable":true,"href":"https:\/\/rutana.lt\/en\/wp-json\/wp\/v2\/media\/34343"}],"wp:attachment":[{"href":"https:\/\/rutana.lt\/en\/wp-json\/wp\/v2\/media?parent=9127"}],"wp:term":[{"taxonomy":"product_brand","embeddable":true,"href":"https:\/\/rutana.lt\/en\/wp-json\/wp\/v2\/product_brand?post=9127"},{"taxonomy":"product_cat","embeddable":true,"href":"https:\/\/rutana.lt\/en\/wp-json\/wp\/v2\/product_cat?post=9127"},{"taxonomy":"product_tag","embeddable":true,"href":"https:\/\/rutana.lt\/en\/wp-json\/wp\/v2\/product_tag?post=9127"}],"curies":[{"name":"wp","href":"https:\/\/api.w.org\/{rel}","templated":true}]}}