{"id":8815,"date":"2025-09-03T09:03:33","date_gmt":"2025-09-03T07:03:33","guid":{"rendered":"https:\/\/rutana.webdemo.lt\/?post_type=product&#038;p=8815"},"modified":"2025-10-13T15:33:02","modified_gmt":"2025-10-13T13:33:02","slug":"spalvoti-piestukai-artberry-6-spalvu-erichkrause-32877","status":"publish","type":"product","link":"https:\/\/rutana.lt\/en\/product\/spalvoti-piestukai-artberry-6-spalvu-erichkrause-32877\/","title":{"rendered":"Spalvoti pie\u0161tukai ArtBerry 6 spalv\u0173 ErichKrause 32877"},"content":{"rendered":"<p>Klasikiniai, \u0161e\u0161iakampio formos spalvoti pie\u0161tukai pagaminti i\u0161 auk\u0161tos kokyb\u0117s medienos. Specialus medienos padengimas ir grafito \u012fklijavimas u\u017etikrina pie\u0161tuk\u0173 atsparum\u0105 sm\u016bgiams, kritimui. Pie\u0161tukai lengvai ir taupiai dro\u017eiami. Europinis sertifikatas patvirtina, kad pie\u0161tukai buvo pagaminti be toksi\u0161k\u0173 med\u017eiag\u0173.<\/p>\n<p>Spalv\u0173 kiekis: 6<\/p>\n<p>Pie\u0161tuko ilgis: 175 mm<\/p>\n<p>Grafito storis: 3 mm<\/p>\n<p>Padro\u017eti: taip<\/p>\n<p>Kilm\u0117s \u0161alis: Vokietija<\/p>\n<\/p>\n<p><\/p>","protected":false},"excerpt":{"rendered":"<p>Klasikiniai, \u0161e\u0161iakampio formos spalvoti pie\u0161tukai pagaminti i\u0161 auk\u0161tos kokyb\u0117s medienos. Specialus medienos padengimas ir grafito \u012fklijavimas u\u017etikrina pie\u0161tuk\u0173 atsparum\u0105 sm\u016bgiams, kritimui. Pie\u0161tukai lengvai ir taupiai dro\u017eiami. Europinis sertifikatas patvirtina, kad pie\u0161tukai buvo pagaminti be toksi\u0161k\u0173 med\u017eiag\u0173. Spalv\u0173 kiekis: 6 Pie\u0161tuko ilgis: 175 mm Grafito storis: 3 mm Padro\u017eti: taip Kilm\u0117s \u0161alis: Vokietija<\/p>","protected":false},"featured_media":26601,"comment_status":"open","ping_status":"closed","template":"","meta":{"_season_start":"","_season_end":"","_season_days":"","_season_months":"","_season_auto_visibility":""},"product_brand":[648],"product_cat":[1809],"product_tag":[],"class_list":{"0":"post-8815","1":"product","2":"type-product","3":"status-publish","4":"has-post-thumbnail","6":"product_brand-erichkrause","7":"product_cat-spalvoti-piestukai","9":"first","10":"instock","11":"taxable","12":"shipping-taxable","13":"purchasable","14":"product-type-simple"},"yoast_head":"<!-- This site is optimized with the Yoast SEO plugin v27.4 - https:\/\/yoast.com\/product\/yoast-seo-wordpress\/ -->\n<title>Spalvoti pie\u0161tukai ArtBerry 6 spalv\u0173 ErichKrause 32877 - Rutana - Ra\u0161tin\u0117s reikmenys<\/title>\n<meta name=\"robots\" content=\"index, follow, max-snippet:-1, max-image-preview:large, max-video-preview:-1\" \/>\n<link rel=\"canonical\" href=\"https:\/\/rutana.lt\/en\/product\/spalvoti-piestukai-artberry-6-spalvu-erichkrause-32877\/\" \/>\n<meta property=\"og:locale\" content=\"en_US\" \/>\n<meta property=\"og:type\" content=\"article\" \/>\n<meta property=\"og:title\" content=\"Spalvoti pie\u0161tukai ArtBerry 6 spalv\u0173 ErichKrause 32877 - Rutana - Ra\u0161tin\u0117s reikmenys\" \/>\n<meta property=\"og:description\" content=\"Klasikiniai, \u0161e\u0161iakampio formos spalvoti pie\u0161tukai pagaminti i\u0161 auk\u0161tos kokyb\u0117s medienos. Specialus medienos padengimas ir grafito \u012fklijavimas u\u017etikrina pie\u0161tuk\u0173 atsparum\u0105 sm\u016bgiams, kritimui. Pie\u0161tukai lengvai ir taupiai dro\u017eiami. Europinis sertifikatas patvirtina, kad pie\u0161tukai buvo pagaminti be toksi\u0161k\u0173 med\u017eiag\u0173. Spalv\u0173 kiekis: 6 Pie\u0161tuko ilgis: 175 mm Grafito storis: 3 mm Padro\u017eti: taip Kilm\u0117s \u0161alis: Vokietija\" \/>\n<meta property=\"og:url\" content=\"https:\/\/rutana.lt\/en\/product\/spalvoti-piestukai-artberry-6-spalvu-erichkrause-32877\/\" \/>\n<meta property=\"og:site_name\" content=\"Rutana - Ra\u0161tin\u0117s reikmenys\" \/>\n<meta property=\"article:publisher\" content=\"https:\/\/www.facebook.com\/RutanaKanceliarinesPrekes\/\" \/>\n<meta property=\"article:modified_time\" content=\"2025-10-13T13:33:02+00:00\" \/>\n<meta property=\"og:image\" content=\"https:\/\/rutana.lt\/wp-content\/uploads\/2025\/09\/C084-002.jpg\" \/>\n\t<meta property=\"og:image:width\" content=\"500\" \/>\n\t<meta property=\"og:image:height\" content=\"500\" \/>\n\t<meta property=\"og:image:type\" content=\"image\/jpeg\" \/>\n<meta name=\"twitter:card\" content=\"summary_large_image\" \/>\n<script type=\"application\/ld+json\" class=\"yoast-schema-graph\">{\"@context\":\"https:\\\/\\\/schema.org\",\"@graph\":[{\"@type\":\"WebPage\",\"@id\":\"https:\\\/\\\/rutana.lt\\\/produktas\\\/spalvoti-piestukai-artberry-6-spalvu-erichkrause-32877\\\/\",\"url\":\"https:\\\/\\\/rutana.lt\\\/produktas\\\/spalvoti-piestukai-artberry-6-spalvu-erichkrause-32877\\\/\",\"name\":\"Spalvoti pie\u0161tukai ArtBerry 6 spalv\u0173 ErichKrause 32877 - Rutana - Ra\u0161tin\u0117s reikmenys\",\"isPartOf\":{\"@id\":\"https:\\\/\\\/rutana.lt\\\/#website\"},\"primaryImageOfPage\":{\"@id\":\"https:\\\/\\\/rutana.lt\\\/produktas\\\/spalvoti-piestukai-artberry-6-spalvu-erichkrause-32877\\\/#primaryimage\"},\"image\":{\"@id\":\"https:\\\/\\\/rutana.lt\\\/produktas\\\/spalvoti-piestukai-artberry-6-spalvu-erichkrause-32877\\\/#primaryimage\"},\"thumbnailUrl\":\"https:\\\/\\\/rutana.lt\\\/wp-content\\\/uploads\\\/2025\\\/09\\\/C084-002-1.jpg?v=1763621019\",\"datePublished\":\"2025-09-03T07:03:33+00:00\",\"dateModified\":\"2025-10-13T13:33:02+00:00\",\"breadcrumb\":{\"@id\":\"https:\\\/\\\/rutana.lt\\\/produktas\\\/spalvoti-piestukai-artberry-6-spalvu-erichkrause-32877\\\/#breadcrumb\"},\"inLanguage\":\"en-US\",\"potentialAction\":[{\"@type\":\"ReadAction\",\"target\":[\"https:\\\/\\\/rutana.lt\\\/produktas\\\/spalvoti-piestukai-artberry-6-spalvu-erichkrause-32877\\\/\"]}]},{\"@type\":\"ImageObject\",\"inLanguage\":\"en-US\",\"@id\":\"https:\\\/\\\/rutana.lt\\\/produktas\\\/spalvoti-piestukai-artberry-6-spalvu-erichkrause-32877\\\/#primaryimage\",\"url\":\"https:\\\/\\\/rutana.lt\\\/wp-content\\\/uploads\\\/2025\\\/09\\\/C084-002-1.jpg?v=1763621019\",\"contentUrl\":\"https:\\\/\\\/rutana.lt\\\/wp-content\\\/uploads\\\/2025\\\/09\\\/C084-002-1.jpg?v=1763621019\",\"width\":500,\"height\":500},{\"@type\":\"BreadcrumbList\",\"@id\":\"https:\\\/\\\/rutana.lt\\\/produktas\\\/spalvoti-piestukai-artberry-6-spalvu-erichkrause-32877\\\/#breadcrumb\",\"itemListElement\":[{\"@type\":\"ListItem\",\"position\":1,\"name\":\"Home\",\"item\":\"https:\\\/\\\/rutana.lt\\\/\"},{\"@type\":\"ListItem\",\"position\":2,\"name\":\"Parduotuv\u0117\",\"item\":\"https:\\\/\\\/rutana.lt\\\/parduotuve\\\/\"},{\"@type\":\"ListItem\",\"position\":3,\"name\":\"Spalvoti pie\u0161tukai ArtBerry 6 spalv\u0173 ErichKrause 32877\"}]},{\"@type\":\"WebSite\",\"@id\":\"https:\\\/\\\/rutana.lt\\\/#website\",\"url\":\"https:\\\/\\\/rutana.lt\\\/\",\"name\":\"Rutana - Ra\u0161tin\u0117s reikmenys\",\"description\":\"Prekiaujame pasaulin\u0117je rinkoje pripa\u017eintomis, kokybi\u0161komis biuro prek\u0117mis toki\u0173  gamintoj\u0173 kaip: Schneider, Esselte, Novus, 3M, Faber-Castell, Citizen, Milan, Leitz, Colop, Zebra, Staedtler, Durable, Tork, Parker, Waterman ir kt.\",\"publisher\":{\"@id\":\"https:\\\/\\\/rutana.lt\\\/#organization\"},\"potentialAction\":[{\"@type\":\"SearchAction\",\"target\":{\"@type\":\"EntryPoint\",\"urlTemplate\":\"https:\\\/\\\/rutana.lt\\\/?s={search_term_string}\"},\"query-input\":{\"@type\":\"PropertyValueSpecification\",\"valueRequired\":true,\"valueName\":\"search_term_string\"}}],\"inLanguage\":\"en-US\"},{\"@type\":\"Organization\",\"@id\":\"https:\\\/\\\/rutana.lt\\\/#organization\",\"name\":\"Rutana - Ra\u0161tin\u0117s reikmenys\",\"url\":\"https:\\\/\\\/rutana.lt\\\/\",\"logo\":{\"@type\":\"ImageObject\",\"inLanguage\":\"en-US\",\"@id\":\"https:\\\/\\\/rutana.lt\\\/#\\\/schema\\\/logo\\\/image\\\/\",\"url\":\"https:\\\/\\\/rutana.lt\\\/wp-content\\\/uploads\\\/2025\\\/10\\\/Asset-32.png\",\"contentUrl\":\"https:\\\/\\\/rutana.lt\\\/wp-content\\\/uploads\\\/2025\\\/10\\\/Asset-32.png\",\"width\":433,\"height\":119,\"caption\":\"Rutana - Ra\u0161tin\u0117s reikmenys\"},\"image\":{\"@id\":\"https:\\\/\\\/rutana.lt\\\/#\\\/schema\\\/logo\\\/image\\\/\"},\"sameAs\":[\"https:\\\/\\\/www.facebook.com\\\/RutanaKanceliarinesPrekes\\\/\"]}]}<\/script>\n<!-- \/ Yoast SEO plugin. -->","yoast_head_json":{"title":"Spalvoti pie\u0161tukai ArtBerry 6 spalv\u0173 ErichKrause 32877 - Rutana - Ra\u0161tin\u0117s reikmenys","robots":{"index":"index","follow":"follow","max-snippet":"max-snippet:-1","max-image-preview":"max-image-preview:large","max-video-preview":"max-video-preview:-1"},"canonical":"https:\/\/rutana.lt\/en\/product\/spalvoti-piestukai-artberry-6-spalvu-erichkrause-32877\/","og_locale":"en_US","og_type":"article","og_title":"Spalvoti pie\u0161tukai ArtBerry 6 spalv\u0173 ErichKrause 32877 - Rutana - Ra\u0161tin\u0117s reikmenys","og_description":"Klasikiniai, \u0161e\u0161iakampio formos spalvoti pie\u0161tukai pagaminti i\u0161 auk\u0161tos kokyb\u0117s medienos. Specialus medienos padengimas ir grafito \u012fklijavimas u\u017etikrina pie\u0161tuk\u0173 atsparum\u0105 sm\u016bgiams, kritimui. Pie\u0161tukai lengvai ir taupiai dro\u017eiami. Europinis sertifikatas patvirtina, kad pie\u0161tukai buvo pagaminti be toksi\u0161k\u0173 med\u017eiag\u0173. Spalv\u0173 kiekis: 6 Pie\u0161tuko ilgis: 175 mm Grafito storis: 3 mm Padro\u017eti: taip Kilm\u0117s \u0161alis: Vokietija","og_url":"https:\/\/rutana.lt\/en\/product\/spalvoti-piestukai-artberry-6-spalvu-erichkrause-32877\/","og_site_name":"Rutana - Ra\u0161tin\u0117s reikmenys","article_publisher":"https:\/\/www.facebook.com\/RutanaKanceliarinesPrekes\/","article_modified_time":"2025-10-13T13:33:02+00:00","og_image":[{"width":500,"height":500,"url":"https:\/\/rutana.lt\/wp-content\/uploads\/2025\/09\/C084-002.jpg","type":"image\/jpeg"}],"twitter_card":"summary_large_image","schema":{"@context":"https:\/\/schema.org","@graph":[{"@type":"WebPage","@id":"https:\/\/rutana.lt\/produktas\/spalvoti-piestukai-artberry-6-spalvu-erichkrause-32877\/","url":"https:\/\/rutana.lt\/produktas\/spalvoti-piestukai-artberry-6-spalvu-erichkrause-32877\/","name":"Spalvoti pie\u0161tukai ArtBerry 6 spalv\u0173 ErichKrause 32877 - Rutana - Ra\u0161tin\u0117s reikmenys","isPartOf":{"@id":"https:\/\/rutana.lt\/#website"},"primaryImageOfPage":{"@id":"https:\/\/rutana.lt\/produktas\/spalvoti-piestukai-artberry-6-spalvu-erichkrause-32877\/#primaryimage"},"image":{"@id":"https:\/\/rutana.lt\/produktas\/spalvoti-piestukai-artberry-6-spalvu-erichkrause-32877\/#primaryimage"},"thumbnailUrl":"https:\/\/rutana.lt\/wp-content\/uploads\/2025\/09\/C084-002-1.jpg?v=1763621019","datePublished":"2025-09-03T07:03:33+00:00","dateModified":"2025-10-13T13:33:02+00:00","breadcrumb":{"@id":"https:\/\/rutana.lt\/produktas\/spalvoti-piestukai-artberry-6-spalvu-erichkrause-32877\/#breadcrumb"},"inLanguage":"en-US","potentialAction":[{"@type":"ReadAction","target":["https:\/\/rutana.lt\/produktas\/spalvoti-piestukai-artberry-6-spalvu-erichkrause-32877\/"]}]},{"@type":"ImageObject","inLanguage":"en-US","@id":"https:\/\/rutana.lt\/produktas\/spalvoti-piestukai-artberry-6-spalvu-erichkrause-32877\/#primaryimage","url":"https:\/\/rutana.lt\/wp-content\/uploads\/2025\/09\/C084-002-1.jpg?v=1763621019","contentUrl":"https:\/\/rutana.lt\/wp-content\/uploads\/2025\/09\/C084-002-1.jpg?v=1763621019","width":500,"height":500},{"@type":"BreadcrumbList","@id":"https:\/\/rutana.lt\/produktas\/spalvoti-piestukai-artberry-6-spalvu-erichkrause-32877\/#breadcrumb","itemListElement":[{"@type":"ListItem","position":1,"name":"Home","item":"https:\/\/rutana.lt\/"},{"@type":"ListItem","position":2,"name":"Parduotuv\u0117","item":"https:\/\/rutana.lt\/parduotuve\/"},{"@type":"ListItem","position":3,"name":"Spalvoti pie\u0161tukai ArtBerry 6 spalv\u0173 ErichKrause 32877"}]},{"@type":"WebSite","@id":"https:\/\/rutana.lt\/#website","url":"https:\/\/rutana.lt\/","name":"Rutana - Ra\u0161tin\u0117s reikmenys","description":"Prekiaujame pasaulin\u0117je rinkoje pripa\u017eintomis, kokybi\u0161komis biuro prek\u0117mis toki\u0173  gamintoj\u0173 kaip: Schneider, Esselte, Novus, 3M, Faber-Castell, Citizen, Milan, Leitz, Colop, Zebra, Staedtler, Durable, Tork, Parker, Waterman ir kt.","publisher":{"@id":"https:\/\/rutana.lt\/#organization"},"potentialAction":[{"@type":"SearchAction","target":{"@type":"EntryPoint","urlTemplate":"https:\/\/rutana.lt\/?s={search_term_string}"},"query-input":{"@type":"PropertyValueSpecification","valueRequired":true,"valueName":"search_term_string"}}],"inLanguage":"en-US"},{"@type":"Organization","@id":"https:\/\/rutana.lt\/#organization","name":"Rutana - Ra\u0161tin\u0117s reikmenys","url":"https:\/\/rutana.lt\/","logo":{"@type":"ImageObject","inLanguage":"en-US","@id":"https:\/\/rutana.lt\/#\/schema\/logo\/image\/","url":"https:\/\/rutana.lt\/wp-content\/uploads\/2025\/10\/Asset-32.png","contentUrl":"https:\/\/rutana.lt\/wp-content\/uploads\/2025\/10\/Asset-32.png","width":433,"height":119,"caption":"Rutana - Ra\u0161tin\u0117s reikmenys"},"image":{"@id":"https:\/\/rutana.lt\/#\/schema\/logo\/image\/"},"sameAs":["https:\/\/www.facebook.com\/RutanaKanceliarinesPrekes\/"]}]}},"_links":{"self":[{"href":"https:\/\/rutana.lt\/en\/wp-json\/wp\/v2\/product\/8815","targetHints":{"allow":["GET"]}}],"collection":[{"href":"https:\/\/rutana.lt\/en\/wp-json\/wp\/v2\/product"}],"about":[{"href":"https:\/\/rutana.lt\/en\/wp-json\/wp\/v2\/types\/product"}],"replies":[{"embeddable":true,"href":"https:\/\/rutana.lt\/en\/wp-json\/wp\/v2\/comments?post=8815"}],"version-history":[{"count":1,"href":"https:\/\/rutana.lt\/en\/wp-json\/wp\/v2\/product\/8815\/revisions"}],"predecessor-version":[{"id":8859,"href":"https:\/\/rutana.lt\/en\/wp-json\/wp\/v2\/product\/8815\/revisions\/8859"}],"wp:featuredmedia":[{"embeddable":true,"href":"https:\/\/rutana.lt\/en\/wp-json\/wp\/v2\/media\/26601"}],"wp:attachment":[{"href":"https:\/\/rutana.lt\/en\/wp-json\/wp\/v2\/media?parent=8815"}],"wp:term":[{"taxonomy":"product_brand","embeddable":true,"href":"https:\/\/rutana.lt\/en\/wp-json\/wp\/v2\/product_brand?post=8815"},{"taxonomy":"product_cat","embeddable":true,"href":"https:\/\/rutana.lt\/en\/wp-json\/wp\/v2\/product_cat?post=8815"},{"taxonomy":"product_tag","embeddable":true,"href":"https:\/\/rutana.lt\/en\/wp-json\/wp\/v2\/product_tag?post=8815"}],"curies":[{"name":"wp","href":"https:\/\/api.w.org\/{rel}","templated":true}]}}