{"id":8692,"date":"2025-09-03T09:02:46","date_gmt":"2025-09-03T07:02:46","guid":{"rendered":"https:\/\/rutana.webdemo.lt\/?post_type=product&#038;p=8692"},"modified":"2025-10-13T15:32:28","modified_gmt":"2025-10-13T13:32:28","slug":"gelinis-rasiklis-spaudas-juodas-su-sidabro-sp-heri-8521","status":"publish","type":"product","link":"https:\/\/rutana.lt\/en\/product\/gelinis-rasiklis-spaudas-juodas-su-sidabro-sp-heri-8521\/","title":{"rendered":"Gelinis ra\u0161iklis &#8211; spaudas juodas su sidabro sp. Heri 8521"},"content":{"rendered":"<p>I\u0161laikytos klasikos bei elegancijos ra\u0161ymo priemon\u0117, kurios korpusas yra pagamintas i\u0161 nikeliuoto plieno ir juodos spalvos metalo, sujungia savyje prakti\u0161k\u0105 bei precizi\u017ek\u0105 antspaud\u0105. Ypa\u010d tinkamas dovanai, nes parduodamas solid\u017eios i\u0161vaizdos d\u0117\u017eut\u0117je. Galima u\u017esakyti pageidaujam\u0105 tekst\u0105 spaudui. Ra\u0161iklis yra tik su juodos spalvos pagalv\u0117le ( Self-ink ). <\/p>\n<p>Spaudo dydis: 8 x 35 mm<\/p>\n<p>Eilu\u010di\u0173 skai\u010dius: 3<\/p>\n<p>Kilm\u0117s \u0161alis: Vokietija<\/p>\n<p><\/p>\n<p>*Ra\u0161iklio kaina nurodyta be spaudo gamybos ( spaudo kaina 9.00 \u20ac su PVM )<\/p>","protected":false},"excerpt":{"rendered":"<p>I\u0161laikytos klasikos bei elegancijos ra\u0161ymo priemon\u0117, kurios korpusas yra pagamintas i\u0161 nikeliuoto plieno ir juodos spalvos metalo, sujungia savyje prakti\u0161k\u0105 bei precizi\u017ek\u0105 antspaud\u0105. Ypa\u010d tinkamas dovanai, nes parduodamas solid\u017eios i\u0161vaizdos d\u0117\u017eut\u0117je. Galima u\u017esakyti pageidaujam\u0105 tekst\u0105 spaudui. Ra\u0161iklis yra tik su juodos spalvos pagalv\u0117le ( Self-ink ). Spaudo dydis: 8 x 35 mm Eilu\u010di\u0173 skai\u010dius: 3 [&hellip;]<\/p>","protected":false},"featured_media":26569,"comment_status":"open","ping_status":"closed","template":"","meta":{"_season_start":"","_season_end":"","_season_days":"","_season_months":"","_season_auto_visibility":""},"product_brand":[618],"product_cat":[1863],"product_tag":[],"class_list":{"0":"post-8692","1":"product","2":"type-product","3":"status-publish","4":"has-post-thumbnail","6":"product_brand-heri","7":"product_cat-rasikliai-su-antspaudu","9":"first","10":"instock","11":"taxable","12":"shipping-taxable","13":"purchasable","14":"product-type-simple"},"yoast_head":"<!-- This site is optimized with the Yoast SEO plugin v27.4 - https:\/\/yoast.com\/product\/yoast-seo-wordpress\/ -->\n<title>Gelinis ra\u0161iklis - spaudas juodas su sidabro sp. Heri 8521 - Rutana - Ra\u0161tin\u0117s reikmenys<\/title>\n<meta name=\"robots\" content=\"index, follow, max-snippet:-1, max-image-preview:large, max-video-preview:-1\" \/>\n<link rel=\"canonical\" href=\"https:\/\/rutana.lt\/en\/product\/gelinis-rasiklis-spaudas-juodas-su-sidabro-sp-heri-8521\/\" \/>\n<meta property=\"og:locale\" content=\"en_US\" \/>\n<meta property=\"og:type\" content=\"article\" \/>\n<meta property=\"og:title\" content=\"Gelinis ra\u0161iklis - spaudas juodas su sidabro sp. Heri 8521 - Rutana - Ra\u0161tin\u0117s reikmenys\" \/>\n<meta property=\"og:description\" content=\"I\u0161laikytos klasikos bei elegancijos ra\u0161ymo priemon\u0117, kurios korpusas yra pagamintas i\u0161 nikeliuoto plieno ir juodos spalvos metalo, sujungia savyje prakti\u0161k\u0105 bei precizi\u017ek\u0105 antspaud\u0105. Ypa\u010d tinkamas dovanai, nes parduodamas solid\u017eios i\u0161vaizdos d\u0117\u017eut\u0117je. Galima u\u017esakyti pageidaujam\u0105 tekst\u0105 spaudui. Ra\u0161iklis yra tik su juodos spalvos pagalv\u0117le ( Self-ink ). Spaudo dydis: 8 x 35 mm Eilu\u010di\u0173 skai\u010dius: 3 [&hellip;]\" \/>\n<meta property=\"og:url\" content=\"https:\/\/rutana.lt\/en\/product\/gelinis-rasiklis-spaudas-juodas-su-sidabro-sp-heri-8521\/\" \/>\n<meta property=\"og:site_name\" content=\"Rutana - Ra\u0161tin\u0117s reikmenys\" \/>\n<meta property=\"article:publisher\" content=\"https:\/\/www.facebook.com\/RutanaKanceliarinesPrekes\/\" \/>\n<meta property=\"article:modified_time\" content=\"2025-10-13T13:32:28+00:00\" \/>\n<meta property=\"og:image\" content=\"https:\/\/rutana.lt\/wp-content\/uploads\/2025\/09\/B051-529.jpg\" \/>\n\t<meta property=\"og:image:width\" content=\"500\" \/>\n\t<meta property=\"og:image:height\" content=\"500\" \/>\n\t<meta property=\"og:image:type\" content=\"image\/jpeg\" \/>\n<meta name=\"twitter:card\" content=\"summary_large_image\" \/>\n<script type=\"application\/ld+json\" class=\"yoast-schema-graph\">{\"@context\":\"https:\\\/\\\/schema.org\",\"@graph\":[{\"@type\":\"WebPage\",\"@id\":\"https:\\\/\\\/rutana.lt\\\/produktas\\\/gelinis-rasiklis-spaudas-juodas-su-sidabro-sp-heri-8521\\\/\",\"url\":\"https:\\\/\\\/rutana.lt\\\/produktas\\\/gelinis-rasiklis-spaudas-juodas-su-sidabro-sp-heri-8521\\\/\",\"name\":\"Gelinis ra\u0161iklis - spaudas juodas su sidabro sp. Heri 8521 - Rutana - Ra\u0161tin\u0117s reikmenys\",\"isPartOf\":{\"@id\":\"https:\\\/\\\/rutana.lt\\\/#website\"},\"primaryImageOfPage\":{\"@id\":\"https:\\\/\\\/rutana.lt\\\/produktas\\\/gelinis-rasiklis-spaudas-juodas-su-sidabro-sp-heri-8521\\\/#primaryimage\"},\"image\":{\"@id\":\"https:\\\/\\\/rutana.lt\\\/produktas\\\/gelinis-rasiklis-spaudas-juodas-su-sidabro-sp-heri-8521\\\/#primaryimage\"},\"thumbnailUrl\":\"https:\\\/\\\/rutana.lt\\\/wp-content\\\/uploads\\\/2025\\\/09\\\/B051-529-1.jpg?v=1763621056\",\"datePublished\":\"2025-09-03T07:02:46+00:00\",\"dateModified\":\"2025-10-13T13:32:28+00:00\",\"breadcrumb\":{\"@id\":\"https:\\\/\\\/rutana.lt\\\/produktas\\\/gelinis-rasiklis-spaudas-juodas-su-sidabro-sp-heri-8521\\\/#breadcrumb\"},\"inLanguage\":\"en-US\",\"potentialAction\":[{\"@type\":\"ReadAction\",\"target\":[\"https:\\\/\\\/rutana.lt\\\/produktas\\\/gelinis-rasiklis-spaudas-juodas-su-sidabro-sp-heri-8521\\\/\"]}]},{\"@type\":\"ImageObject\",\"inLanguage\":\"en-US\",\"@id\":\"https:\\\/\\\/rutana.lt\\\/produktas\\\/gelinis-rasiklis-spaudas-juodas-su-sidabro-sp-heri-8521\\\/#primaryimage\",\"url\":\"https:\\\/\\\/rutana.lt\\\/wp-content\\\/uploads\\\/2025\\\/09\\\/B051-529-1.jpg?v=1763621056\",\"contentUrl\":\"https:\\\/\\\/rutana.lt\\\/wp-content\\\/uploads\\\/2025\\\/09\\\/B051-529-1.jpg?v=1763621056\",\"width\":500,\"height\":500},{\"@type\":\"BreadcrumbList\",\"@id\":\"https:\\\/\\\/rutana.lt\\\/produktas\\\/gelinis-rasiklis-spaudas-juodas-su-sidabro-sp-heri-8521\\\/#breadcrumb\",\"itemListElement\":[{\"@type\":\"ListItem\",\"position\":1,\"name\":\"Home\",\"item\":\"https:\\\/\\\/rutana.lt\\\/\"},{\"@type\":\"ListItem\",\"position\":2,\"name\":\"Parduotuv\u0117\",\"item\":\"https:\\\/\\\/rutana.lt\\\/parduotuve\\\/\"},{\"@type\":\"ListItem\",\"position\":3,\"name\":\"Gelinis ra\u0161iklis &#8211; spaudas juodas su sidabro sp. Heri 8521\"}]},{\"@type\":\"WebSite\",\"@id\":\"https:\\\/\\\/rutana.lt\\\/#website\",\"url\":\"https:\\\/\\\/rutana.lt\\\/\",\"name\":\"Rutana - Ra\u0161tin\u0117s reikmenys\",\"description\":\"Prekiaujame pasaulin\u0117je rinkoje pripa\u017eintomis, kokybi\u0161komis biuro prek\u0117mis toki\u0173  gamintoj\u0173 kaip: Schneider, Esselte, Novus, 3M, Faber-Castell, Citizen, Milan, Leitz, Colop, Zebra, Staedtler, Durable, Tork, Parker, Waterman ir kt.\",\"publisher\":{\"@id\":\"https:\\\/\\\/rutana.lt\\\/#organization\"},\"potentialAction\":[{\"@type\":\"SearchAction\",\"target\":{\"@type\":\"EntryPoint\",\"urlTemplate\":\"https:\\\/\\\/rutana.lt\\\/?s={search_term_string}\"},\"query-input\":{\"@type\":\"PropertyValueSpecification\",\"valueRequired\":true,\"valueName\":\"search_term_string\"}}],\"inLanguage\":\"en-US\"},{\"@type\":\"Organization\",\"@id\":\"https:\\\/\\\/rutana.lt\\\/#organization\",\"name\":\"Rutana - Ra\u0161tin\u0117s reikmenys\",\"url\":\"https:\\\/\\\/rutana.lt\\\/\",\"logo\":{\"@type\":\"ImageObject\",\"inLanguage\":\"en-US\",\"@id\":\"https:\\\/\\\/rutana.lt\\\/#\\\/schema\\\/logo\\\/image\\\/\",\"url\":\"https:\\\/\\\/rutana.lt\\\/wp-content\\\/uploads\\\/2025\\\/10\\\/Asset-32.png\",\"contentUrl\":\"https:\\\/\\\/rutana.lt\\\/wp-content\\\/uploads\\\/2025\\\/10\\\/Asset-32.png\",\"width\":433,\"height\":119,\"caption\":\"Rutana - Ra\u0161tin\u0117s reikmenys\"},\"image\":{\"@id\":\"https:\\\/\\\/rutana.lt\\\/#\\\/schema\\\/logo\\\/image\\\/\"},\"sameAs\":[\"https:\\\/\\\/www.facebook.com\\\/RutanaKanceliarinesPrekes\\\/\"]}]}<\/script>\n<!-- \/ Yoast SEO plugin. -->","yoast_head_json":{"title":"Gelinis ra\u0161iklis - spaudas juodas su sidabro sp. Heri 8521 - Rutana - Ra\u0161tin\u0117s reikmenys","robots":{"index":"index","follow":"follow","max-snippet":"max-snippet:-1","max-image-preview":"max-image-preview:large","max-video-preview":"max-video-preview:-1"},"canonical":"https:\/\/rutana.lt\/en\/product\/gelinis-rasiklis-spaudas-juodas-su-sidabro-sp-heri-8521\/","og_locale":"en_US","og_type":"article","og_title":"Gelinis ra\u0161iklis - spaudas juodas su sidabro sp. Heri 8521 - Rutana - Ra\u0161tin\u0117s reikmenys","og_description":"I\u0161laikytos klasikos bei elegancijos ra\u0161ymo priemon\u0117, kurios korpusas yra pagamintas i\u0161 nikeliuoto plieno ir juodos spalvos metalo, sujungia savyje prakti\u0161k\u0105 bei precizi\u017ek\u0105 antspaud\u0105. Ypa\u010d tinkamas dovanai, nes parduodamas solid\u017eios i\u0161vaizdos d\u0117\u017eut\u0117je. Galima u\u017esakyti pageidaujam\u0105 tekst\u0105 spaudui. Ra\u0161iklis yra tik su juodos spalvos pagalv\u0117le ( Self-ink ). Spaudo dydis: 8 x 35 mm Eilu\u010di\u0173 skai\u010dius: 3 [&hellip;]","og_url":"https:\/\/rutana.lt\/en\/product\/gelinis-rasiklis-spaudas-juodas-su-sidabro-sp-heri-8521\/","og_site_name":"Rutana - Ra\u0161tin\u0117s reikmenys","article_publisher":"https:\/\/www.facebook.com\/RutanaKanceliarinesPrekes\/","article_modified_time":"2025-10-13T13:32:28+00:00","og_image":[{"width":500,"height":500,"url":"https:\/\/rutana.lt\/wp-content\/uploads\/2025\/09\/B051-529.jpg","type":"image\/jpeg"}],"twitter_card":"summary_large_image","schema":{"@context":"https:\/\/schema.org","@graph":[{"@type":"WebPage","@id":"https:\/\/rutana.lt\/produktas\/gelinis-rasiklis-spaudas-juodas-su-sidabro-sp-heri-8521\/","url":"https:\/\/rutana.lt\/produktas\/gelinis-rasiklis-spaudas-juodas-su-sidabro-sp-heri-8521\/","name":"Gelinis ra\u0161iklis - spaudas juodas su sidabro sp. Heri 8521 - Rutana - Ra\u0161tin\u0117s reikmenys","isPartOf":{"@id":"https:\/\/rutana.lt\/#website"},"primaryImageOfPage":{"@id":"https:\/\/rutana.lt\/produktas\/gelinis-rasiklis-spaudas-juodas-su-sidabro-sp-heri-8521\/#primaryimage"},"image":{"@id":"https:\/\/rutana.lt\/produktas\/gelinis-rasiklis-spaudas-juodas-su-sidabro-sp-heri-8521\/#primaryimage"},"thumbnailUrl":"https:\/\/rutana.lt\/wp-content\/uploads\/2025\/09\/B051-529-1.jpg?v=1763621056","datePublished":"2025-09-03T07:02:46+00:00","dateModified":"2025-10-13T13:32:28+00:00","breadcrumb":{"@id":"https:\/\/rutana.lt\/produktas\/gelinis-rasiklis-spaudas-juodas-su-sidabro-sp-heri-8521\/#breadcrumb"},"inLanguage":"en-US","potentialAction":[{"@type":"ReadAction","target":["https:\/\/rutana.lt\/produktas\/gelinis-rasiklis-spaudas-juodas-su-sidabro-sp-heri-8521\/"]}]},{"@type":"ImageObject","inLanguage":"en-US","@id":"https:\/\/rutana.lt\/produktas\/gelinis-rasiklis-spaudas-juodas-su-sidabro-sp-heri-8521\/#primaryimage","url":"https:\/\/rutana.lt\/wp-content\/uploads\/2025\/09\/B051-529-1.jpg?v=1763621056","contentUrl":"https:\/\/rutana.lt\/wp-content\/uploads\/2025\/09\/B051-529-1.jpg?v=1763621056","width":500,"height":500},{"@type":"BreadcrumbList","@id":"https:\/\/rutana.lt\/produktas\/gelinis-rasiklis-spaudas-juodas-su-sidabro-sp-heri-8521\/#breadcrumb","itemListElement":[{"@type":"ListItem","position":1,"name":"Home","item":"https:\/\/rutana.lt\/"},{"@type":"ListItem","position":2,"name":"Parduotuv\u0117","item":"https:\/\/rutana.lt\/parduotuve\/"},{"@type":"ListItem","position":3,"name":"Gelinis ra\u0161iklis &#8211; spaudas juodas su sidabro sp. Heri 8521"}]},{"@type":"WebSite","@id":"https:\/\/rutana.lt\/#website","url":"https:\/\/rutana.lt\/","name":"Rutana - Ra\u0161tin\u0117s reikmenys","description":"Prekiaujame pasaulin\u0117je rinkoje pripa\u017eintomis, kokybi\u0161komis biuro prek\u0117mis toki\u0173  gamintoj\u0173 kaip: Schneider, Esselte, Novus, 3M, Faber-Castell, Citizen, Milan, Leitz, Colop, Zebra, Staedtler, Durable, Tork, Parker, Waterman ir kt.","publisher":{"@id":"https:\/\/rutana.lt\/#organization"},"potentialAction":[{"@type":"SearchAction","target":{"@type":"EntryPoint","urlTemplate":"https:\/\/rutana.lt\/?s={search_term_string}"},"query-input":{"@type":"PropertyValueSpecification","valueRequired":true,"valueName":"search_term_string"}}],"inLanguage":"en-US"},{"@type":"Organization","@id":"https:\/\/rutana.lt\/#organization","name":"Rutana - Ra\u0161tin\u0117s reikmenys","url":"https:\/\/rutana.lt\/","logo":{"@type":"ImageObject","inLanguage":"en-US","@id":"https:\/\/rutana.lt\/#\/schema\/logo\/image\/","url":"https:\/\/rutana.lt\/wp-content\/uploads\/2025\/10\/Asset-32.png","contentUrl":"https:\/\/rutana.lt\/wp-content\/uploads\/2025\/10\/Asset-32.png","width":433,"height":119,"caption":"Rutana - Ra\u0161tin\u0117s reikmenys"},"image":{"@id":"https:\/\/rutana.lt\/#\/schema\/logo\/image\/"},"sameAs":["https:\/\/www.facebook.com\/RutanaKanceliarinesPrekes\/"]}]}},"_links":{"self":[{"href":"https:\/\/rutana.lt\/en\/wp-json\/wp\/v2\/product\/8692","targetHints":{"allow":["GET"]}}],"collection":[{"href":"https:\/\/rutana.lt\/en\/wp-json\/wp\/v2\/product"}],"about":[{"href":"https:\/\/rutana.lt\/en\/wp-json\/wp\/v2\/types\/product"}],"replies":[{"embeddable":true,"href":"https:\/\/rutana.lt\/en\/wp-json\/wp\/v2\/comments?post=8692"}],"version-history":[{"count":1,"href":"https:\/\/rutana.lt\/en\/wp-json\/wp\/v2\/product\/8692\/revisions"}],"predecessor-version":[{"id":8772,"href":"https:\/\/rutana.lt\/en\/wp-json\/wp\/v2\/product\/8692\/revisions\/8772"}],"wp:featuredmedia":[{"embeddable":true,"href":"https:\/\/rutana.lt\/en\/wp-json\/wp\/v2\/media\/26569"}],"wp:attachment":[{"href":"https:\/\/rutana.lt\/en\/wp-json\/wp\/v2\/media?parent=8692"}],"wp:term":[{"taxonomy":"product_brand","embeddable":true,"href":"https:\/\/rutana.lt\/en\/wp-json\/wp\/v2\/product_brand?post=8692"},{"taxonomy":"product_cat","embeddable":true,"href":"https:\/\/rutana.lt\/en\/wp-json\/wp\/v2\/product_cat?post=8692"},{"taxonomy":"product_tag","embeddable":true,"href":"https:\/\/rutana.lt\/en\/wp-json\/wp\/v2\/product_tag?post=8692"}],"curies":[{"name":"wp","href":"https:\/\/api.w.org\/{rel}","templated":true}]}}