{"id":8685,"date":"2025-09-03T09:02:46","date_gmt":"2025-09-03T07:02:46","guid":{"rendered":"https:\/\/rutana.webdemo.lt\/?post_type=product&#038;p=8685"},"modified":"2025-10-13T15:32:18","modified_gmt":"2025-10-13T13:32:18","slug":"rasiklis-spaudas-stamptouch-3in1-melynos-sp-heri-3303","status":"publish","type":"product","link":"https:\/\/rutana.lt\/en\/product\/rasiklis-spaudas-stamptouch-3in1-melynos-sp-heri-3303\/","title":{"rendered":"Ra\u0161iklis &#8211; spaudas Stamp&#038;Touch 3IN1 m\u0117lynos sp. Heri 3303"},"content":{"rendered":"<p>Ra\u0161iklis &#8211; spaudas metaliniu korpusu, padengtas nikeliu ir m\u0117lyna spalva, su mink\u0161ta gumele, skirta lie\u010diamiems ekranams liesti. Ypa\u010d tinkamas dovanai, nes parduodamas solid\u017eios i\u0161vaizdos d\u0117\u017eut\u0117je. Galima u\u017esakyti pageidaujam\u0105 tekst\u0105 spaudui. Ra\u0161iklis gali b\u016bti su mikroporiniu spaudu ( Pre-ink) arba juodos spalvos pagalv\u0117le ( Self-ink ). Mikroporinio antspaudo spalvos: m\u0117lyna, violetin\u0117, \u017ealia, raudona, juoda.<\/p>\n<p>Spaudo dydis: 8 x 35 mm<\/p>\n<p>Eilu\u010di\u0173 skai\u010dius: 3<\/p>\n<p>Kilm\u0117s \u0161alis: Vokietija<\/p>\n<p><\/p>\n<p>*Ra\u0161iklio kaina nurodyta be spaudo gamybos ( spaudo kaina 9.00 \u20ac su PVM )<\/p>","protected":false},"excerpt":{"rendered":"<p>Ra\u0161iklis &#8211; spaudas metaliniu korpusu, padengtas nikeliu ir m\u0117lyna spalva, su mink\u0161ta gumele, skirta lie\u010diamiems ekranams liesti. Ypa\u010d tinkamas dovanai, nes parduodamas solid\u017eios i\u0161vaizdos d\u0117\u017eut\u0117je. Galima u\u017esakyti pageidaujam\u0105 tekst\u0105 spaudui. Ra\u0161iklis gali b\u016bti su mikroporiniu spaudu ( Pre-ink) arba juodos spalvos pagalv\u0117le ( Self-ink ). Mikroporinio antspaudo spalvos: m\u0117lyna, violetin\u0117, \u017ealia, raudona, juoda. Spaudo dydis: [&hellip;]<\/p>","protected":false},"featured_media":26562,"comment_status":"open","ping_status":"closed","template":"","meta":{"_season_start":"","_season_end":"","_season_days":"","_season_months":"","_season_auto_visibility":""},"product_brand":[618],"product_cat":[1863],"product_tag":[],"class_list":{"0":"post-8685","1":"product","2":"type-product","3":"status-publish","4":"has-post-thumbnail","6":"product_brand-heri","7":"product_cat-rasikliai-su-antspaudu","9":"first","10":"instock","11":"taxable","12":"shipping-taxable","13":"purchasable","14":"product-type-simple"},"yoast_head":"<!-- This site is optimized with the Yoast SEO plugin v27.4 - https:\/\/yoast.com\/product\/yoast-seo-wordpress\/ -->\n<title>Ra\u0161iklis - spaudas Stamp&amp;Touch 3IN1 m\u0117lynos sp. Heri 3303 - Rutana - Ra\u0161tin\u0117s reikmenys<\/title>\n<meta name=\"robots\" content=\"index, follow, max-snippet:-1, max-image-preview:large, max-video-preview:-1\" \/>\n<link rel=\"canonical\" href=\"https:\/\/rutana.lt\/en\/product\/rasiklis-spaudas-stamptouch-3in1-melynos-sp-heri-3303\/\" \/>\n<meta property=\"og:locale\" content=\"en_US\" \/>\n<meta property=\"og:type\" content=\"article\" \/>\n<meta property=\"og:title\" content=\"Ra\u0161iklis - spaudas Stamp&amp;Touch 3IN1 m\u0117lynos sp. Heri 3303 - Rutana - Ra\u0161tin\u0117s reikmenys\" \/>\n<meta property=\"og:description\" content=\"Ra\u0161iklis &#8211; spaudas metaliniu korpusu, padengtas nikeliu ir m\u0117lyna spalva, su mink\u0161ta gumele, skirta lie\u010diamiems ekranams liesti. Ypa\u010d tinkamas dovanai, nes parduodamas solid\u017eios i\u0161vaizdos d\u0117\u017eut\u0117je. Galima u\u017esakyti pageidaujam\u0105 tekst\u0105 spaudui. Ra\u0161iklis gali b\u016bti su mikroporiniu spaudu ( Pre-ink) arba juodos spalvos pagalv\u0117le ( Self-ink ). Mikroporinio antspaudo spalvos: m\u0117lyna, violetin\u0117, \u017ealia, raudona, juoda. Spaudo dydis: [&hellip;]\" \/>\n<meta property=\"og:url\" content=\"https:\/\/rutana.lt\/en\/product\/rasiklis-spaudas-stamptouch-3in1-melynos-sp-heri-3303\/\" \/>\n<meta property=\"og:site_name\" content=\"Rutana - Ra\u0161tin\u0117s reikmenys\" \/>\n<meta property=\"article:publisher\" content=\"https:\/\/www.facebook.com\/RutanaKanceliarinesPrekes\/\" \/>\n<meta property=\"article:modified_time\" content=\"2025-10-13T13:32:18+00:00\" \/>\n<meta property=\"og:image\" content=\"https:\/\/rutana.lt\/wp-content\/uploads\/2025\/09\/B051-563.jpg\" \/>\n\t<meta property=\"og:image:width\" content=\"500\" \/>\n\t<meta property=\"og:image:height\" content=\"500\" \/>\n\t<meta property=\"og:image:type\" content=\"image\/jpeg\" \/>\n<meta name=\"twitter:card\" content=\"summary_large_image\" \/>\n<script type=\"application\/ld+json\" class=\"yoast-schema-graph\">{\"@context\":\"https:\\\/\\\/schema.org\",\"@graph\":[{\"@type\":\"WebPage\",\"@id\":\"https:\\\/\\\/rutana.lt\\\/produktas\\\/rasiklis-spaudas-stamptouch-3in1-melynos-sp-heri-3303\\\/\",\"url\":\"https:\\\/\\\/rutana.lt\\\/produktas\\\/rasiklis-spaudas-stamptouch-3in1-melynos-sp-heri-3303\\\/\",\"name\":\"Ra\u0161iklis - spaudas Stamp&Touch 3IN1 m\u0117lynos sp. Heri 3303 - Rutana - Ra\u0161tin\u0117s reikmenys\",\"isPartOf\":{\"@id\":\"https:\\\/\\\/rutana.lt\\\/#website\"},\"primaryImageOfPage\":{\"@id\":\"https:\\\/\\\/rutana.lt\\\/produktas\\\/rasiklis-spaudas-stamptouch-3in1-melynos-sp-heri-3303\\\/#primaryimage\"},\"image\":{\"@id\":\"https:\\\/\\\/rutana.lt\\\/produktas\\\/rasiklis-spaudas-stamptouch-3in1-melynos-sp-heri-3303\\\/#primaryimage\"},\"thumbnailUrl\":\"https:\\\/\\\/rutana.lt\\\/wp-content\\\/uploads\\\/2025\\\/09\\\/B051-563-1.jpg?v=1763621065\",\"datePublished\":\"2025-09-03T07:02:46+00:00\",\"dateModified\":\"2025-10-13T13:32:18+00:00\",\"breadcrumb\":{\"@id\":\"https:\\\/\\\/rutana.lt\\\/produktas\\\/rasiklis-spaudas-stamptouch-3in1-melynos-sp-heri-3303\\\/#breadcrumb\"},\"inLanguage\":\"en-US\",\"potentialAction\":[{\"@type\":\"ReadAction\",\"target\":[\"https:\\\/\\\/rutana.lt\\\/produktas\\\/rasiklis-spaudas-stamptouch-3in1-melynos-sp-heri-3303\\\/\"]}]},{\"@type\":\"ImageObject\",\"inLanguage\":\"en-US\",\"@id\":\"https:\\\/\\\/rutana.lt\\\/produktas\\\/rasiklis-spaudas-stamptouch-3in1-melynos-sp-heri-3303\\\/#primaryimage\",\"url\":\"https:\\\/\\\/rutana.lt\\\/wp-content\\\/uploads\\\/2025\\\/09\\\/B051-563-1.jpg?v=1763621065\",\"contentUrl\":\"https:\\\/\\\/rutana.lt\\\/wp-content\\\/uploads\\\/2025\\\/09\\\/B051-563-1.jpg?v=1763621065\",\"width\":500,\"height\":500},{\"@type\":\"BreadcrumbList\",\"@id\":\"https:\\\/\\\/rutana.lt\\\/produktas\\\/rasiklis-spaudas-stamptouch-3in1-melynos-sp-heri-3303\\\/#breadcrumb\",\"itemListElement\":[{\"@type\":\"ListItem\",\"position\":1,\"name\":\"Home\",\"item\":\"https:\\\/\\\/rutana.lt\\\/\"},{\"@type\":\"ListItem\",\"position\":2,\"name\":\"Parduotuv\u0117\",\"item\":\"https:\\\/\\\/rutana.lt\\\/parduotuve\\\/\"},{\"@type\":\"ListItem\",\"position\":3,\"name\":\"Ra\u0161iklis &#8211; spaudas Stamp&#038;Touch 3IN1 m\u0117lynos sp. Heri 3303\"}]},{\"@type\":\"WebSite\",\"@id\":\"https:\\\/\\\/rutana.lt\\\/#website\",\"url\":\"https:\\\/\\\/rutana.lt\\\/\",\"name\":\"Rutana - Ra\u0161tin\u0117s reikmenys\",\"description\":\"Prekiaujame pasaulin\u0117je rinkoje pripa\u017eintomis, kokybi\u0161komis biuro prek\u0117mis toki\u0173  gamintoj\u0173 kaip: Schneider, Esselte, Novus, 3M, Faber-Castell, Citizen, Milan, Leitz, Colop, Zebra, Staedtler, Durable, Tork, Parker, Waterman ir kt.\",\"publisher\":{\"@id\":\"https:\\\/\\\/rutana.lt\\\/#organization\"},\"potentialAction\":[{\"@type\":\"SearchAction\",\"target\":{\"@type\":\"EntryPoint\",\"urlTemplate\":\"https:\\\/\\\/rutana.lt\\\/?s={search_term_string}\"},\"query-input\":{\"@type\":\"PropertyValueSpecification\",\"valueRequired\":true,\"valueName\":\"search_term_string\"}}],\"inLanguage\":\"en-US\"},{\"@type\":\"Organization\",\"@id\":\"https:\\\/\\\/rutana.lt\\\/#organization\",\"name\":\"Rutana - Ra\u0161tin\u0117s reikmenys\",\"url\":\"https:\\\/\\\/rutana.lt\\\/\",\"logo\":{\"@type\":\"ImageObject\",\"inLanguage\":\"en-US\",\"@id\":\"https:\\\/\\\/rutana.lt\\\/#\\\/schema\\\/logo\\\/image\\\/\",\"url\":\"https:\\\/\\\/rutana.lt\\\/wp-content\\\/uploads\\\/2025\\\/10\\\/Asset-32.png\",\"contentUrl\":\"https:\\\/\\\/rutana.lt\\\/wp-content\\\/uploads\\\/2025\\\/10\\\/Asset-32.png\",\"width\":433,\"height\":119,\"caption\":\"Rutana - Ra\u0161tin\u0117s reikmenys\"},\"image\":{\"@id\":\"https:\\\/\\\/rutana.lt\\\/#\\\/schema\\\/logo\\\/image\\\/\"},\"sameAs\":[\"https:\\\/\\\/www.facebook.com\\\/RutanaKanceliarinesPrekes\\\/\"]}]}<\/script>\n<!-- \/ Yoast SEO plugin. -->","yoast_head_json":{"title":"Ra\u0161iklis - spaudas Stamp&Touch 3IN1 m\u0117lynos sp. Heri 3303 - Rutana - Ra\u0161tin\u0117s reikmenys","robots":{"index":"index","follow":"follow","max-snippet":"max-snippet:-1","max-image-preview":"max-image-preview:large","max-video-preview":"max-video-preview:-1"},"canonical":"https:\/\/rutana.lt\/en\/product\/rasiklis-spaudas-stamptouch-3in1-melynos-sp-heri-3303\/","og_locale":"en_US","og_type":"article","og_title":"Ra\u0161iklis - spaudas Stamp&Touch 3IN1 m\u0117lynos sp. Heri 3303 - Rutana - Ra\u0161tin\u0117s reikmenys","og_description":"Ra\u0161iklis &#8211; spaudas metaliniu korpusu, padengtas nikeliu ir m\u0117lyna spalva, su mink\u0161ta gumele, skirta lie\u010diamiems ekranams liesti. Ypa\u010d tinkamas dovanai, nes parduodamas solid\u017eios i\u0161vaizdos d\u0117\u017eut\u0117je. Galima u\u017esakyti pageidaujam\u0105 tekst\u0105 spaudui. Ra\u0161iklis gali b\u016bti su mikroporiniu spaudu ( Pre-ink) arba juodos spalvos pagalv\u0117le ( Self-ink ). Mikroporinio antspaudo spalvos: m\u0117lyna, violetin\u0117, \u017ealia, raudona, juoda. Spaudo dydis: [&hellip;]","og_url":"https:\/\/rutana.lt\/en\/product\/rasiklis-spaudas-stamptouch-3in1-melynos-sp-heri-3303\/","og_site_name":"Rutana - Ra\u0161tin\u0117s reikmenys","article_publisher":"https:\/\/www.facebook.com\/RutanaKanceliarinesPrekes\/","article_modified_time":"2025-10-13T13:32:18+00:00","og_image":[{"width":500,"height":500,"url":"https:\/\/rutana.lt\/wp-content\/uploads\/2025\/09\/B051-563.jpg","type":"image\/jpeg"}],"twitter_card":"summary_large_image","schema":{"@context":"https:\/\/schema.org","@graph":[{"@type":"WebPage","@id":"https:\/\/rutana.lt\/produktas\/rasiklis-spaudas-stamptouch-3in1-melynos-sp-heri-3303\/","url":"https:\/\/rutana.lt\/produktas\/rasiklis-spaudas-stamptouch-3in1-melynos-sp-heri-3303\/","name":"Ra\u0161iklis - spaudas Stamp&Touch 3IN1 m\u0117lynos sp. Heri 3303 - Rutana - Ra\u0161tin\u0117s reikmenys","isPartOf":{"@id":"https:\/\/rutana.lt\/#website"},"primaryImageOfPage":{"@id":"https:\/\/rutana.lt\/produktas\/rasiklis-spaudas-stamptouch-3in1-melynos-sp-heri-3303\/#primaryimage"},"image":{"@id":"https:\/\/rutana.lt\/produktas\/rasiklis-spaudas-stamptouch-3in1-melynos-sp-heri-3303\/#primaryimage"},"thumbnailUrl":"https:\/\/rutana.lt\/wp-content\/uploads\/2025\/09\/B051-563-1.jpg?v=1763621065","datePublished":"2025-09-03T07:02:46+00:00","dateModified":"2025-10-13T13:32:18+00:00","breadcrumb":{"@id":"https:\/\/rutana.lt\/produktas\/rasiklis-spaudas-stamptouch-3in1-melynos-sp-heri-3303\/#breadcrumb"},"inLanguage":"en-US","potentialAction":[{"@type":"ReadAction","target":["https:\/\/rutana.lt\/produktas\/rasiklis-spaudas-stamptouch-3in1-melynos-sp-heri-3303\/"]}]},{"@type":"ImageObject","inLanguage":"en-US","@id":"https:\/\/rutana.lt\/produktas\/rasiklis-spaudas-stamptouch-3in1-melynos-sp-heri-3303\/#primaryimage","url":"https:\/\/rutana.lt\/wp-content\/uploads\/2025\/09\/B051-563-1.jpg?v=1763621065","contentUrl":"https:\/\/rutana.lt\/wp-content\/uploads\/2025\/09\/B051-563-1.jpg?v=1763621065","width":500,"height":500},{"@type":"BreadcrumbList","@id":"https:\/\/rutana.lt\/produktas\/rasiklis-spaudas-stamptouch-3in1-melynos-sp-heri-3303\/#breadcrumb","itemListElement":[{"@type":"ListItem","position":1,"name":"Home","item":"https:\/\/rutana.lt\/"},{"@type":"ListItem","position":2,"name":"Parduotuv\u0117","item":"https:\/\/rutana.lt\/parduotuve\/"},{"@type":"ListItem","position":3,"name":"Ra\u0161iklis &#8211; spaudas Stamp&#038;Touch 3IN1 m\u0117lynos sp. Heri 3303"}]},{"@type":"WebSite","@id":"https:\/\/rutana.lt\/#website","url":"https:\/\/rutana.lt\/","name":"Rutana - Ra\u0161tin\u0117s reikmenys","description":"Prekiaujame pasaulin\u0117je rinkoje pripa\u017eintomis, kokybi\u0161komis biuro prek\u0117mis toki\u0173  gamintoj\u0173 kaip: Schneider, Esselte, Novus, 3M, Faber-Castell, Citizen, Milan, Leitz, Colop, Zebra, Staedtler, Durable, Tork, Parker, Waterman ir kt.","publisher":{"@id":"https:\/\/rutana.lt\/#organization"},"potentialAction":[{"@type":"SearchAction","target":{"@type":"EntryPoint","urlTemplate":"https:\/\/rutana.lt\/?s={search_term_string}"},"query-input":{"@type":"PropertyValueSpecification","valueRequired":true,"valueName":"search_term_string"}}],"inLanguage":"en-US"},{"@type":"Organization","@id":"https:\/\/rutana.lt\/#organization","name":"Rutana - Ra\u0161tin\u0117s reikmenys","url":"https:\/\/rutana.lt\/","logo":{"@type":"ImageObject","inLanguage":"en-US","@id":"https:\/\/rutana.lt\/#\/schema\/logo\/image\/","url":"https:\/\/rutana.lt\/wp-content\/uploads\/2025\/10\/Asset-32.png","contentUrl":"https:\/\/rutana.lt\/wp-content\/uploads\/2025\/10\/Asset-32.png","width":433,"height":119,"caption":"Rutana - Ra\u0161tin\u0117s reikmenys"},"image":{"@id":"https:\/\/rutana.lt\/#\/schema\/logo\/image\/"},"sameAs":["https:\/\/www.facebook.com\/RutanaKanceliarinesPrekes\/"]}]}},"_links":{"self":[{"href":"https:\/\/rutana.lt\/en\/wp-json\/wp\/v2\/product\/8685","targetHints":{"allow":["GET"]}}],"collection":[{"href":"https:\/\/rutana.lt\/en\/wp-json\/wp\/v2\/product"}],"about":[{"href":"https:\/\/rutana.lt\/en\/wp-json\/wp\/v2\/types\/product"}],"replies":[{"embeddable":true,"href":"https:\/\/rutana.lt\/en\/wp-json\/wp\/v2\/comments?post=8685"}],"version-history":[{"count":1,"href":"https:\/\/rutana.lt\/en\/wp-json\/wp\/v2\/product\/8685\/revisions"}],"predecessor-version":[{"id":8735,"href":"https:\/\/rutana.lt\/en\/wp-json\/wp\/v2\/product\/8685\/revisions\/8735"}],"wp:featuredmedia":[{"embeddable":true,"href":"https:\/\/rutana.lt\/en\/wp-json\/wp\/v2\/media\/26562"}],"wp:attachment":[{"href":"https:\/\/rutana.lt\/en\/wp-json\/wp\/v2\/media?parent=8685"}],"wp:term":[{"taxonomy":"product_brand","embeddable":true,"href":"https:\/\/rutana.lt\/en\/wp-json\/wp\/v2\/product_brand?post=8685"},{"taxonomy":"product_cat","embeddable":true,"href":"https:\/\/rutana.lt\/en\/wp-json\/wp\/v2\/product_cat?post=8685"},{"taxonomy":"product_tag","embeddable":true,"href":"https:\/\/rutana.lt\/en\/wp-json\/wp\/v2\/product_tag?post=8685"}],"curies":[{"name":"wp","href":"https:\/\/api.w.org\/{rel}","templated":true}]}}