{"id":8422,"date":"2025-09-03T09:01:04","date_gmt":"2025-09-03T07:01:04","guid":{"rendered":"https:\/\/rutana.webdemo.lt\/?post_type=product&#038;p=8422"},"modified":"2025-10-13T15:31:22","modified_gmt":"2025-10-13T13:31:22","slug":"automatinis-tusinukas-jotter-premium-bond-street-black-ct-parker-1953195","status":"publish","type":"product","link":"https:\/\/rutana.lt\/en\/product\/automatinis-tusinukas-jotter-premium-bond-street-black-ct-parker-1953195\/","title":{"rendered":"Automatinis tu\u0161inukas Jotter Premium Bond Street Black CT Parker 1953195"},"content":{"rendered":"<p>I\u0161kart pastebimas tu\u0161inukas lakuotu plastikiniu korpusu su i\u0161graviruota apdaila ant ner\u016bdijan\u010dio plieno dangtelio. &#8222;Quinkflow&#8221; technologija u\u017etikrina sklandesn\u012f, \u0161varesn\u012f ir nuoseklesn\u012f ra\u0161ymo na\u0161um\u0105 ir tai geriausias Parker kompanijos pasiekimas tu\u0161inuk\u0173 gamyboje. Solidi dovana tinkanti ne tik Kal\u0117d\u0173 ar gimtadienio \u0161ventei, bet ir verslo partneriams. Parduodamas dovan\u0173 d\u0117\u017eut\u0117je. Kei\u010diama \u0161erdel\u0117.<\/p>\n<p>Br\u0117\u017eio storis: M ( medium, vidutinis )<\/p>\n<p>Korpuso spalva: juoda \/ sidabro<\/p>\n<p>Kilm\u0117s \u0161alis: Pranc\u016bzija<\/p>","protected":false},"excerpt":{"rendered":"<p>I\u0161kart pastebimas tu\u0161inukas lakuotu plastikiniu korpusu su i\u0161graviruota apdaila ant ner\u016bdijan\u010dio plieno dangtelio. &#8222;Quinkflow&#8221; technologija u\u017etikrina sklandesn\u012f, \u0161varesn\u012f ir nuoseklesn\u012f ra\u0161ymo na\u0161um\u0105 ir tai geriausias Parker kompanijos pasiekimas tu\u0161inuk\u0173 gamyboje. Solidi dovana tinkanti ne tik Kal\u0117d\u0173 ar gimtadienio \u0161ventei, bet ir verslo partneriams. Parduodamas dovan\u0173 d\u0117\u017eut\u0117je. Kei\u010diama \u0161erdel\u0117. Br\u0117\u017eio storis: M ( medium, vidutinis ) [&hellip;]<\/p>","protected":false},"featured_media":26475,"comment_status":"open","ping_status":"closed","template":"","meta":{"_season_start":"","_season_end":"","_season_days":"","_season_months":"","_season_auto_visibility":""},"product_brand":[559],"product_cat":[1673],"product_tag":[],"class_list":{"0":"post-8422","1":"product","2":"type-product","3":"status-publish","4":"has-post-thumbnail","6":"product_brand-parker","7":"product_cat-prabangus-tusinukai","9":"first","10":"instock","11":"taxable","12":"shipping-taxable","13":"purchasable","14":"product-type-simple"},"yoast_head":"<!-- This site is optimized with the Yoast SEO plugin v27.4 - https:\/\/yoast.com\/product\/yoast-seo-wordpress\/ -->\n<title>Automatinis tu\u0161inukas Jotter Premium Bond Street Black CT Parker 1953195 - Rutana - Ra\u0161tin\u0117s reikmenys<\/title>\n<meta name=\"robots\" content=\"index, follow, max-snippet:-1, max-image-preview:large, max-video-preview:-1\" \/>\n<link rel=\"canonical\" href=\"https:\/\/rutana.lt\/en\/product\/automatinis-tusinukas-jotter-premium-bond-street-black-ct-parker-1953195\/\" \/>\n<meta property=\"og:locale\" content=\"en_US\" \/>\n<meta property=\"og:type\" content=\"article\" \/>\n<meta property=\"og:title\" content=\"Automatinis tu\u0161inukas Jotter Premium Bond Street Black CT Parker 1953195 - Rutana - Ra\u0161tin\u0117s reikmenys\" \/>\n<meta property=\"og:description\" content=\"I\u0161kart pastebimas tu\u0161inukas lakuotu plastikiniu korpusu su i\u0161graviruota apdaila ant ner\u016bdijan\u010dio plieno dangtelio. &#8222;Quinkflow&#8221; technologija u\u017etikrina sklandesn\u012f, \u0161varesn\u012f ir nuoseklesn\u012f ra\u0161ymo na\u0161um\u0105 ir tai geriausias Parker kompanijos pasiekimas tu\u0161inuk\u0173 gamyboje. Solidi dovana tinkanti ne tik Kal\u0117d\u0173 ar gimtadienio \u0161ventei, bet ir verslo partneriams. Parduodamas dovan\u0173 d\u0117\u017eut\u0117je. Kei\u010diama \u0161erdel\u0117. Br\u0117\u017eio storis: M ( medium, vidutinis ) [&hellip;]\" \/>\n<meta property=\"og:url\" content=\"https:\/\/rutana.lt\/en\/product\/automatinis-tusinukas-jotter-premium-bond-street-black-ct-parker-1953195\/\" \/>\n<meta property=\"og:site_name\" content=\"Rutana - Ra\u0161tin\u0117s reikmenys\" \/>\n<meta property=\"article:publisher\" content=\"https:\/\/www.facebook.com\/RutanaKanceliarinesPrekes\/\" \/>\n<meta property=\"article:modified_time\" content=\"2025-10-13T13:31:22+00:00\" \/>\n<meta property=\"og:image\" content=\"https:\/\/rutana.lt\/wp-content\/uploads\/2025\/09\/C033-806.jpg\" \/>\n\t<meta property=\"og:image:width\" content=\"503\" \/>\n\t<meta property=\"og:image:height\" content=\"501\" \/>\n\t<meta property=\"og:image:type\" content=\"image\/jpeg\" \/>\n<meta name=\"twitter:card\" content=\"summary_large_image\" \/>\n<script type=\"application\/ld+json\" class=\"yoast-schema-graph\">{\"@context\":\"https:\\\/\\\/schema.org\",\"@graph\":[{\"@type\":\"WebPage\",\"@id\":\"https:\\\/\\\/rutana.lt\\\/produktas\\\/automatinis-tusinukas-jotter-premium-bond-street-black-ct-parker-1953195\\\/\",\"url\":\"https:\\\/\\\/rutana.lt\\\/produktas\\\/automatinis-tusinukas-jotter-premium-bond-street-black-ct-parker-1953195\\\/\",\"name\":\"Automatinis tu\u0161inukas Jotter Premium Bond Street Black CT Parker 1953195 - Rutana - Ra\u0161tin\u0117s reikmenys\",\"isPartOf\":{\"@id\":\"https:\\\/\\\/rutana.lt\\\/#website\"},\"primaryImageOfPage\":{\"@id\":\"https:\\\/\\\/rutana.lt\\\/produktas\\\/automatinis-tusinukas-jotter-premium-bond-street-black-ct-parker-1953195\\\/#primaryimage\"},\"image\":{\"@id\":\"https:\\\/\\\/rutana.lt\\\/produktas\\\/automatinis-tusinukas-jotter-premium-bond-street-black-ct-parker-1953195\\\/#primaryimage\"},\"thumbnailUrl\":\"https:\\\/\\\/rutana.lt\\\/wp-content\\\/uploads\\\/2025\\\/09\\\/C033-806-1.jpg?v=1763621176\",\"datePublished\":\"2025-09-03T07:01:04+00:00\",\"dateModified\":\"2025-10-13T13:31:22+00:00\",\"breadcrumb\":{\"@id\":\"https:\\\/\\\/rutana.lt\\\/produktas\\\/automatinis-tusinukas-jotter-premium-bond-street-black-ct-parker-1953195\\\/#breadcrumb\"},\"inLanguage\":\"en-US\",\"potentialAction\":[{\"@type\":\"ReadAction\",\"target\":[\"https:\\\/\\\/rutana.lt\\\/produktas\\\/automatinis-tusinukas-jotter-premium-bond-street-black-ct-parker-1953195\\\/\"]}]},{\"@type\":\"ImageObject\",\"inLanguage\":\"en-US\",\"@id\":\"https:\\\/\\\/rutana.lt\\\/produktas\\\/automatinis-tusinukas-jotter-premium-bond-street-black-ct-parker-1953195\\\/#primaryimage\",\"url\":\"https:\\\/\\\/rutana.lt\\\/wp-content\\\/uploads\\\/2025\\\/09\\\/C033-806-1.jpg?v=1763621176\",\"contentUrl\":\"https:\\\/\\\/rutana.lt\\\/wp-content\\\/uploads\\\/2025\\\/09\\\/C033-806-1.jpg?v=1763621176\",\"width\":503,\"height\":501},{\"@type\":\"BreadcrumbList\",\"@id\":\"https:\\\/\\\/rutana.lt\\\/produktas\\\/automatinis-tusinukas-jotter-premium-bond-street-black-ct-parker-1953195\\\/#breadcrumb\",\"itemListElement\":[{\"@type\":\"ListItem\",\"position\":1,\"name\":\"Home\",\"item\":\"https:\\\/\\\/rutana.lt\\\/\"},{\"@type\":\"ListItem\",\"position\":2,\"name\":\"Parduotuv\u0117\",\"item\":\"https:\\\/\\\/rutana.lt\\\/parduotuve\\\/\"},{\"@type\":\"ListItem\",\"position\":3,\"name\":\"Automatinis tu\u0161inukas Jotter Premium Bond Street Black CT Parker 1953195\"}]},{\"@type\":\"WebSite\",\"@id\":\"https:\\\/\\\/rutana.lt\\\/#website\",\"url\":\"https:\\\/\\\/rutana.lt\\\/\",\"name\":\"Rutana - Ra\u0161tin\u0117s reikmenys\",\"description\":\"Prekiaujame pasaulin\u0117je rinkoje pripa\u017eintomis, kokybi\u0161komis biuro prek\u0117mis toki\u0173  gamintoj\u0173 kaip: Schneider, Esselte, Novus, 3M, Faber-Castell, Citizen, Milan, Leitz, Colop, Zebra, Staedtler, Durable, Tork, Parker, Waterman ir kt.\",\"publisher\":{\"@id\":\"https:\\\/\\\/rutana.lt\\\/#organization\"},\"potentialAction\":[{\"@type\":\"SearchAction\",\"target\":{\"@type\":\"EntryPoint\",\"urlTemplate\":\"https:\\\/\\\/rutana.lt\\\/?s={search_term_string}\"},\"query-input\":{\"@type\":\"PropertyValueSpecification\",\"valueRequired\":true,\"valueName\":\"search_term_string\"}}],\"inLanguage\":\"en-US\"},{\"@type\":\"Organization\",\"@id\":\"https:\\\/\\\/rutana.lt\\\/#organization\",\"name\":\"Rutana - Ra\u0161tin\u0117s reikmenys\",\"url\":\"https:\\\/\\\/rutana.lt\\\/\",\"logo\":{\"@type\":\"ImageObject\",\"inLanguage\":\"en-US\",\"@id\":\"https:\\\/\\\/rutana.lt\\\/#\\\/schema\\\/logo\\\/image\\\/\",\"url\":\"https:\\\/\\\/rutana.lt\\\/wp-content\\\/uploads\\\/2025\\\/10\\\/Asset-32.png\",\"contentUrl\":\"https:\\\/\\\/rutana.lt\\\/wp-content\\\/uploads\\\/2025\\\/10\\\/Asset-32.png\",\"width\":433,\"height\":119,\"caption\":\"Rutana - Ra\u0161tin\u0117s reikmenys\"},\"image\":{\"@id\":\"https:\\\/\\\/rutana.lt\\\/#\\\/schema\\\/logo\\\/image\\\/\"},\"sameAs\":[\"https:\\\/\\\/www.facebook.com\\\/RutanaKanceliarinesPrekes\\\/\"]}]}<\/script>\n<!-- \/ Yoast SEO plugin. -->","yoast_head_json":{"title":"Automatinis tu\u0161inukas Jotter Premium Bond Street Black CT Parker 1953195 - Rutana - Ra\u0161tin\u0117s reikmenys","robots":{"index":"index","follow":"follow","max-snippet":"max-snippet:-1","max-image-preview":"max-image-preview:large","max-video-preview":"max-video-preview:-1"},"canonical":"https:\/\/rutana.lt\/en\/product\/automatinis-tusinukas-jotter-premium-bond-street-black-ct-parker-1953195\/","og_locale":"en_US","og_type":"article","og_title":"Automatinis tu\u0161inukas Jotter Premium Bond Street Black CT Parker 1953195 - Rutana - Ra\u0161tin\u0117s reikmenys","og_description":"I\u0161kart pastebimas tu\u0161inukas lakuotu plastikiniu korpusu su i\u0161graviruota apdaila ant ner\u016bdijan\u010dio plieno dangtelio. &#8222;Quinkflow&#8221; technologija u\u017etikrina sklandesn\u012f, \u0161varesn\u012f ir nuoseklesn\u012f ra\u0161ymo na\u0161um\u0105 ir tai geriausias Parker kompanijos pasiekimas tu\u0161inuk\u0173 gamyboje. Solidi dovana tinkanti ne tik Kal\u0117d\u0173 ar gimtadienio \u0161ventei, bet ir verslo partneriams. Parduodamas dovan\u0173 d\u0117\u017eut\u0117je. Kei\u010diama \u0161erdel\u0117. Br\u0117\u017eio storis: M ( medium, vidutinis ) [&hellip;]","og_url":"https:\/\/rutana.lt\/en\/product\/automatinis-tusinukas-jotter-premium-bond-street-black-ct-parker-1953195\/","og_site_name":"Rutana - Ra\u0161tin\u0117s reikmenys","article_publisher":"https:\/\/www.facebook.com\/RutanaKanceliarinesPrekes\/","article_modified_time":"2025-10-13T13:31:22+00:00","og_image":[{"width":503,"height":501,"url":"https:\/\/rutana.lt\/wp-content\/uploads\/2025\/09\/C033-806.jpg","type":"image\/jpeg"}],"twitter_card":"summary_large_image","schema":{"@context":"https:\/\/schema.org","@graph":[{"@type":"WebPage","@id":"https:\/\/rutana.lt\/produktas\/automatinis-tusinukas-jotter-premium-bond-street-black-ct-parker-1953195\/","url":"https:\/\/rutana.lt\/produktas\/automatinis-tusinukas-jotter-premium-bond-street-black-ct-parker-1953195\/","name":"Automatinis tu\u0161inukas Jotter Premium Bond Street Black CT Parker 1953195 - Rutana - Ra\u0161tin\u0117s reikmenys","isPartOf":{"@id":"https:\/\/rutana.lt\/#website"},"primaryImageOfPage":{"@id":"https:\/\/rutana.lt\/produktas\/automatinis-tusinukas-jotter-premium-bond-street-black-ct-parker-1953195\/#primaryimage"},"image":{"@id":"https:\/\/rutana.lt\/produktas\/automatinis-tusinukas-jotter-premium-bond-street-black-ct-parker-1953195\/#primaryimage"},"thumbnailUrl":"https:\/\/rutana.lt\/wp-content\/uploads\/2025\/09\/C033-806-1.jpg?v=1763621176","datePublished":"2025-09-03T07:01:04+00:00","dateModified":"2025-10-13T13:31:22+00:00","breadcrumb":{"@id":"https:\/\/rutana.lt\/produktas\/automatinis-tusinukas-jotter-premium-bond-street-black-ct-parker-1953195\/#breadcrumb"},"inLanguage":"en-US","potentialAction":[{"@type":"ReadAction","target":["https:\/\/rutana.lt\/produktas\/automatinis-tusinukas-jotter-premium-bond-street-black-ct-parker-1953195\/"]}]},{"@type":"ImageObject","inLanguage":"en-US","@id":"https:\/\/rutana.lt\/produktas\/automatinis-tusinukas-jotter-premium-bond-street-black-ct-parker-1953195\/#primaryimage","url":"https:\/\/rutana.lt\/wp-content\/uploads\/2025\/09\/C033-806-1.jpg?v=1763621176","contentUrl":"https:\/\/rutana.lt\/wp-content\/uploads\/2025\/09\/C033-806-1.jpg?v=1763621176","width":503,"height":501},{"@type":"BreadcrumbList","@id":"https:\/\/rutana.lt\/produktas\/automatinis-tusinukas-jotter-premium-bond-street-black-ct-parker-1953195\/#breadcrumb","itemListElement":[{"@type":"ListItem","position":1,"name":"Home","item":"https:\/\/rutana.lt\/"},{"@type":"ListItem","position":2,"name":"Parduotuv\u0117","item":"https:\/\/rutana.lt\/parduotuve\/"},{"@type":"ListItem","position":3,"name":"Automatinis tu\u0161inukas Jotter Premium Bond Street Black CT Parker 1953195"}]},{"@type":"WebSite","@id":"https:\/\/rutana.lt\/#website","url":"https:\/\/rutana.lt\/","name":"Rutana - Ra\u0161tin\u0117s reikmenys","description":"Prekiaujame pasaulin\u0117je rinkoje pripa\u017eintomis, kokybi\u0161komis biuro prek\u0117mis toki\u0173  gamintoj\u0173 kaip: Schneider, Esselte, Novus, 3M, Faber-Castell, Citizen, Milan, Leitz, Colop, Zebra, Staedtler, Durable, Tork, Parker, Waterman ir kt.","publisher":{"@id":"https:\/\/rutana.lt\/#organization"},"potentialAction":[{"@type":"SearchAction","target":{"@type":"EntryPoint","urlTemplate":"https:\/\/rutana.lt\/?s={search_term_string}"},"query-input":{"@type":"PropertyValueSpecification","valueRequired":true,"valueName":"search_term_string"}}],"inLanguage":"en-US"},{"@type":"Organization","@id":"https:\/\/rutana.lt\/#organization","name":"Rutana - Ra\u0161tin\u0117s reikmenys","url":"https:\/\/rutana.lt\/","logo":{"@type":"ImageObject","inLanguage":"en-US","@id":"https:\/\/rutana.lt\/#\/schema\/logo\/image\/","url":"https:\/\/rutana.lt\/wp-content\/uploads\/2025\/10\/Asset-32.png","contentUrl":"https:\/\/rutana.lt\/wp-content\/uploads\/2025\/10\/Asset-32.png","width":433,"height":119,"caption":"Rutana - Ra\u0161tin\u0117s reikmenys"},"image":{"@id":"https:\/\/rutana.lt\/#\/schema\/logo\/image\/"},"sameAs":["https:\/\/www.facebook.com\/RutanaKanceliarinesPrekes\/"]}]}},"_links":{"self":[{"href":"https:\/\/rutana.lt\/en\/wp-json\/wp\/v2\/product\/8422","targetHints":{"allow":["GET"]}}],"collection":[{"href":"https:\/\/rutana.lt\/en\/wp-json\/wp\/v2\/product"}],"about":[{"href":"https:\/\/rutana.lt\/en\/wp-json\/wp\/v2\/types\/product"}],"replies":[{"embeddable":true,"href":"https:\/\/rutana.lt\/en\/wp-json\/wp\/v2\/comments?post=8422"}],"version-history":[{"count":1,"href":"https:\/\/rutana.lt\/en\/wp-json\/wp\/v2\/product\/8422\/revisions"}],"predecessor-version":[{"id":8473,"href":"https:\/\/rutana.lt\/en\/wp-json\/wp\/v2\/product\/8422\/revisions\/8473"}],"wp:featuredmedia":[{"embeddable":true,"href":"https:\/\/rutana.lt\/en\/wp-json\/wp\/v2\/media\/26475"}],"wp:attachment":[{"href":"https:\/\/rutana.lt\/en\/wp-json\/wp\/v2\/media?parent=8422"}],"wp:term":[{"taxonomy":"product_brand","embeddable":true,"href":"https:\/\/rutana.lt\/en\/wp-json\/wp\/v2\/product_brand?post=8422"},{"taxonomy":"product_cat","embeddable":true,"href":"https:\/\/rutana.lt\/en\/wp-json\/wp\/v2\/product_cat?post=8422"},{"taxonomy":"product_tag","embeddable":true,"href":"https:\/\/rutana.lt\/en\/wp-json\/wp\/v2\/product_tag?post=8422"}],"curies":[{"name":"wp","href":"https:\/\/api.w.org\/{rel}","templated":true}]}}