{"id":8219,"date":"2025-09-03T08:59:55","date_gmt":"2025-09-03T06:59:55","guid":{"rendered":"https:\/\/rutana.webdemo.lt\/?post_type=product&#038;p=8219"},"modified":"2025-10-13T15:30:43","modified_gmt":"2025-10-13T13:30:43","slug":"automatinis-tusinukas-slider-xite-xb-melynas-schneider-133203","status":"publish","type":"product","link":"https:\/\/rutana.lt\/en\/product\/automatinis-tusinukas-slider-xite-xb-melynas-schneider-133203\/","title":{"rendered":"Automatinis tu\u0161inukas Slider Xite XB m\u0117lynas Schneider 133203"},"content":{"rendered":"<p>Automatinis tu\u0161inukas su Viscoglide technologija, kuri skirta i\u0161skirtinai lygiam, skland\u017eiam ra\u0161ymui. Tu\u0161inuko 90% korpuso pagaminta i\u0161 bioplastiko. Atsparus tu\u0161inuko ner\u016bdijan\u010dio plieno galiukas garantuoja maksimal\u0173 ir nepriekai\u0161ting\u0105 tu\u0161o panaudojim\u0105. Greitai d\u017ei\u016bstantis tu\u0161as ir nesitepantis kai v\u0117liau ant jo norime pa\u017eym\u0117ti teksto \u017eymekliu. Vandeniui atsparus tu\u0161as, turintis ISO standart\u0105 12757-2. Metalin\u0117 \u012fseg\u0117l\u0117 ir antgalis. Kei\u010diama \u0161erdel\u0117 Schneider Slider 710 XB. Tu\u0161inukas pagamintas be CO<span style=\"vertical-align: sub;\">2<\/span>.<\/p>\n<p>Br\u0117\u017eiamos linijos storis: XB ( Extra broad, labai stora )<\/p>\n<p>Tu\u0161o spalva: m\u0117lyna<\/p>\n<p>Kilm\u0117s \u0161alis: Vokietija<\/p>\n<p><\/p>\n<p><\/p>","protected":false},"excerpt":{"rendered":"<p>Automatinis tu\u0161inukas su Viscoglide technologija, kuri skirta i\u0161skirtinai lygiam, skland\u017eiam ra\u0161ymui. Tu\u0161inuko 90% korpuso pagaminta i\u0161 bioplastiko. Atsparus tu\u0161inuko ner\u016bdijan\u010dio plieno galiukas garantuoja maksimal\u0173 ir nepriekai\u0161ting\u0105 tu\u0161o panaudojim\u0105. Greitai d\u017ei\u016bstantis tu\u0161as ir nesitepantis kai v\u0117liau ant jo norime pa\u017eym\u0117ti teksto \u017eymekliu. Vandeniui atsparus tu\u0161as, turintis ISO standart\u0105 12757-2. Metalin\u0117 \u012fseg\u0117l\u0117 ir antgalis. Kei\u010diama \u0161erdel\u0117 Schneider [&hellip;]<\/p>","protected":false},"featured_media":26404,"comment_status":"open","ping_status":"closed","template":"","meta":{"_season_start":"","_season_end":"","_season_days":"","_season_months":"","_season_auto_visibility":""},"product_brand":[202],"product_cat":[1750],"product_tag":[],"class_list":{"0":"post-8219","1":"product","2":"type-product","3":"status-publish","4":"has-post-thumbnail","6":"product_brand-schneider","7":"product_cat-tusinukai","9":"first","10":"instock","11":"taxable","12":"shipping-taxable","13":"purchasable","14":"product-type-simple"},"yoast_head":"<!-- This site is optimized with the Yoast SEO plugin v26.1.1 - https:\/\/yoast.com\/wordpress\/plugins\/seo\/ -->\n<title>Automatinis tu\u0161inukas Slider Xite XB m\u0117lynas Schneider 133203 - Rutana - Ra\u0161tin\u0117s reikmenys<\/title>\n<meta name=\"robots\" content=\"index, follow, max-snippet:-1, max-image-preview:large, max-video-preview:-1\" \/>\n<link rel=\"canonical\" href=\"https:\/\/rutana.lt\/en\/product\/automatinis-tusinukas-slider-xite-xb-melynas-schneider-133203\/\" \/>\n<meta property=\"og:locale\" content=\"en_US\" \/>\n<meta property=\"og:type\" content=\"article\" \/>\n<meta property=\"og:title\" content=\"Automatinis tu\u0161inukas Slider Xite XB m\u0117lynas Schneider 133203 - Rutana - Ra\u0161tin\u0117s reikmenys\" \/>\n<meta property=\"og:description\" content=\"Automatinis tu\u0161inukas su Viscoglide technologija, kuri skirta i\u0161skirtinai lygiam, skland\u017eiam ra\u0161ymui. Tu\u0161inuko 90% korpuso pagaminta i\u0161 bioplastiko. Atsparus tu\u0161inuko ner\u016bdijan\u010dio plieno galiukas garantuoja maksimal\u0173 ir nepriekai\u0161ting\u0105 tu\u0161o panaudojim\u0105. Greitai d\u017ei\u016bstantis tu\u0161as ir nesitepantis kai v\u0117liau ant jo norime pa\u017eym\u0117ti teksto \u017eymekliu. Vandeniui atsparus tu\u0161as, turintis ISO standart\u0105 12757-2. Metalin\u0117 \u012fseg\u0117l\u0117 ir antgalis. Kei\u010diama \u0161erdel\u0117 Schneider [&hellip;]\" \/>\n<meta property=\"og:url\" content=\"https:\/\/rutana.lt\/en\/product\/automatinis-tusinukas-slider-xite-xb-melynas-schneider-133203\/\" \/>\n<meta property=\"og:site_name\" content=\"Rutana - Ra\u0161tin\u0117s reikmenys\" \/>\n<meta property=\"article:publisher\" content=\"https:\/\/www.facebook.com\/RutanaKanceliarinesPrekes\/\" \/>\n<meta property=\"article:modified_time\" content=\"2025-10-13T13:30:43+00:00\" \/>\n<meta property=\"og:image\" content=\"https:\/\/rutana.lt\/wp-content\/uploads\/2025\/09\/C133-096.jpg\" \/>\n\t<meta property=\"og:image:width\" content=\"500\" \/>\n\t<meta property=\"og:image:height\" content=\"500\" \/>\n\t<meta property=\"og:image:type\" content=\"image\/jpeg\" \/>\n<meta name=\"twitter:card\" content=\"summary_large_image\" \/>\n<script type=\"application\/ld+json\" class=\"yoast-schema-graph\">{\"@context\":\"https:\/\/schema.org\",\"@graph\":[{\"@type\":\"WebPage\",\"@id\":\"https:\/\/rutana.lt\/produktas\/automatinis-tusinukas-slider-xite-xb-melynas-schneider-133203\/\",\"url\":\"https:\/\/rutana.lt\/produktas\/automatinis-tusinukas-slider-xite-xb-melynas-schneider-133203\/\",\"name\":\"Automatinis tu\u0161inukas Slider Xite XB m\u0117lynas Schneider 133203 - Rutana - Ra\u0161tin\u0117s reikmenys\",\"isPartOf\":{\"@id\":\"https:\/\/rutana.lt\/#website\"},\"primaryImageOfPage\":{\"@id\":\"https:\/\/rutana.lt\/produktas\/automatinis-tusinukas-slider-xite-xb-melynas-schneider-133203\/#primaryimage\"},\"image\":{\"@id\":\"https:\/\/rutana.lt\/produktas\/automatinis-tusinukas-slider-xite-xb-melynas-schneider-133203\/#primaryimage\"},\"thumbnailUrl\":\"https:\/\/rutana.lt\/wp-content\/uploads\/2025\/09\/C133-096-1.jpg?v=1763621262\",\"datePublished\":\"2025-09-03T06:59:55+00:00\",\"dateModified\":\"2025-10-13T13:30:43+00:00\",\"breadcrumb\":{\"@id\":\"https:\/\/rutana.lt\/produktas\/automatinis-tusinukas-slider-xite-xb-melynas-schneider-133203\/#breadcrumb\"},\"inLanguage\":\"en-US\",\"potentialAction\":[{\"@type\":\"ReadAction\",\"target\":[\"https:\/\/rutana.lt\/produktas\/automatinis-tusinukas-slider-xite-xb-melynas-schneider-133203\/\"]}]},{\"@type\":\"ImageObject\",\"inLanguage\":\"en-US\",\"@id\":\"https:\/\/rutana.lt\/produktas\/automatinis-tusinukas-slider-xite-xb-melynas-schneider-133203\/#primaryimage\",\"url\":\"https:\/\/rutana.lt\/wp-content\/uploads\/2025\/09\/C133-096-1.jpg?v=1763621262\",\"contentUrl\":\"https:\/\/rutana.lt\/wp-content\/uploads\/2025\/09\/C133-096-1.jpg?v=1763621262\",\"width\":500,\"height\":500},{\"@type\":\"BreadcrumbList\",\"@id\":\"https:\/\/rutana.lt\/produktas\/automatinis-tusinukas-slider-xite-xb-melynas-schneider-133203\/#breadcrumb\",\"itemListElement\":[{\"@type\":\"ListItem\",\"position\":1,\"name\":\"Home\",\"item\":\"https:\/\/rutana.lt\/\"},{\"@type\":\"ListItem\",\"position\":2,\"name\":\"Parduotuv\u0117\",\"item\":\"https:\/\/rutana.lt\/parduotuve\/\"},{\"@type\":\"ListItem\",\"position\":3,\"name\":\"Automatinis tu\u0161inukas Slider Xite XB m\u0117lynas Schneider 133203\"}]},{\"@type\":\"WebSite\",\"@id\":\"https:\/\/rutana.lt\/#website\",\"url\":\"https:\/\/rutana.lt\/\",\"name\":\"Rutana - Ra\u0161tin\u0117s reikmenys\",\"description\":\"Prekiaujame pasaulin\u0117je rinkoje pripa\u017eintomis, kokybi\u0161komis biuro prek\u0117mis toki\u0173  gamintoj\u0173 kaip: Schneider, Esselte, Novus, 3M, Faber-Castell, Citizen, Milan, Leitz, Colop, Zebra, Staedtler, Durable, Tork, Parker, Waterman ir kt.\",\"publisher\":{\"@id\":\"https:\/\/rutana.lt\/#organization\"},\"potentialAction\":[{\"@type\":\"SearchAction\",\"target\":{\"@type\":\"EntryPoint\",\"urlTemplate\":\"https:\/\/rutana.lt\/?s={search_term_string}\"},\"query-input\":{\"@type\":\"PropertyValueSpecification\",\"valueRequired\":true,\"valueName\":\"search_term_string\"}}],\"inLanguage\":\"en-US\"},{\"@type\":\"Organization\",\"@id\":\"https:\/\/rutana.lt\/#organization\",\"name\":\"Rutana - Ra\u0161tin\u0117s reikmenys\",\"url\":\"https:\/\/rutana.lt\/\",\"logo\":{\"@type\":\"ImageObject\",\"inLanguage\":\"en-US\",\"@id\":\"https:\/\/rutana.lt\/#\/schema\/logo\/image\/\",\"url\":\"https:\/\/rutana.lt\/wp-content\/uploads\/2025\/10\/Asset-32.png\",\"contentUrl\":\"https:\/\/rutana.lt\/wp-content\/uploads\/2025\/10\/Asset-32.png\",\"width\":433,\"height\":119,\"caption\":\"Rutana - Ra\u0161tin\u0117s reikmenys\"},\"image\":{\"@id\":\"https:\/\/rutana.lt\/#\/schema\/logo\/image\/\"},\"sameAs\":[\"https:\/\/www.facebook.com\/RutanaKanceliarinesPrekes\/\"]}]}<\/script>\n<!-- \/ Yoast SEO plugin. -->","yoast_head_json":{"title":"Automatinis tu\u0161inukas Slider Xite XB m\u0117lynas Schneider 133203 - Rutana - Ra\u0161tin\u0117s reikmenys","robots":{"index":"index","follow":"follow","max-snippet":"max-snippet:-1","max-image-preview":"max-image-preview:large","max-video-preview":"max-video-preview:-1"},"canonical":"https:\/\/rutana.lt\/en\/product\/automatinis-tusinukas-slider-xite-xb-melynas-schneider-133203\/","og_locale":"en_US","og_type":"article","og_title":"Automatinis tu\u0161inukas Slider Xite XB m\u0117lynas Schneider 133203 - Rutana - Ra\u0161tin\u0117s reikmenys","og_description":"Automatinis tu\u0161inukas su Viscoglide technologija, kuri skirta i\u0161skirtinai lygiam, skland\u017eiam ra\u0161ymui. Tu\u0161inuko 90% korpuso pagaminta i\u0161 bioplastiko. Atsparus tu\u0161inuko ner\u016bdijan\u010dio plieno galiukas garantuoja maksimal\u0173 ir nepriekai\u0161ting\u0105 tu\u0161o panaudojim\u0105. Greitai d\u017ei\u016bstantis tu\u0161as ir nesitepantis kai v\u0117liau ant jo norime pa\u017eym\u0117ti teksto \u017eymekliu. Vandeniui atsparus tu\u0161as, turintis ISO standart\u0105 12757-2. Metalin\u0117 \u012fseg\u0117l\u0117 ir antgalis. Kei\u010diama \u0161erdel\u0117 Schneider [&hellip;]","og_url":"https:\/\/rutana.lt\/en\/product\/automatinis-tusinukas-slider-xite-xb-melynas-schneider-133203\/","og_site_name":"Rutana - Ra\u0161tin\u0117s reikmenys","article_publisher":"https:\/\/www.facebook.com\/RutanaKanceliarinesPrekes\/","article_modified_time":"2025-10-13T13:30:43+00:00","og_image":[{"width":500,"height":500,"url":"https:\/\/rutana.lt\/wp-content\/uploads\/2025\/09\/C133-096.jpg","type":"image\/jpeg"}],"twitter_card":"summary_large_image","schema":{"@context":"https:\/\/schema.org","@graph":[{"@type":"WebPage","@id":"https:\/\/rutana.lt\/produktas\/automatinis-tusinukas-slider-xite-xb-melynas-schneider-133203\/","url":"https:\/\/rutana.lt\/produktas\/automatinis-tusinukas-slider-xite-xb-melynas-schneider-133203\/","name":"Automatinis tu\u0161inukas Slider Xite XB m\u0117lynas Schneider 133203 - Rutana - Ra\u0161tin\u0117s reikmenys","isPartOf":{"@id":"https:\/\/rutana.lt\/#website"},"primaryImageOfPage":{"@id":"https:\/\/rutana.lt\/produktas\/automatinis-tusinukas-slider-xite-xb-melynas-schneider-133203\/#primaryimage"},"image":{"@id":"https:\/\/rutana.lt\/produktas\/automatinis-tusinukas-slider-xite-xb-melynas-schneider-133203\/#primaryimage"},"thumbnailUrl":"https:\/\/rutana.lt\/wp-content\/uploads\/2025\/09\/C133-096-1.jpg?v=1763621262","datePublished":"2025-09-03T06:59:55+00:00","dateModified":"2025-10-13T13:30:43+00:00","breadcrumb":{"@id":"https:\/\/rutana.lt\/produktas\/automatinis-tusinukas-slider-xite-xb-melynas-schneider-133203\/#breadcrumb"},"inLanguage":"en-US","potentialAction":[{"@type":"ReadAction","target":["https:\/\/rutana.lt\/produktas\/automatinis-tusinukas-slider-xite-xb-melynas-schneider-133203\/"]}]},{"@type":"ImageObject","inLanguage":"en-US","@id":"https:\/\/rutana.lt\/produktas\/automatinis-tusinukas-slider-xite-xb-melynas-schneider-133203\/#primaryimage","url":"https:\/\/rutana.lt\/wp-content\/uploads\/2025\/09\/C133-096-1.jpg?v=1763621262","contentUrl":"https:\/\/rutana.lt\/wp-content\/uploads\/2025\/09\/C133-096-1.jpg?v=1763621262","width":500,"height":500},{"@type":"BreadcrumbList","@id":"https:\/\/rutana.lt\/produktas\/automatinis-tusinukas-slider-xite-xb-melynas-schneider-133203\/#breadcrumb","itemListElement":[{"@type":"ListItem","position":1,"name":"Home","item":"https:\/\/rutana.lt\/"},{"@type":"ListItem","position":2,"name":"Parduotuv\u0117","item":"https:\/\/rutana.lt\/parduotuve\/"},{"@type":"ListItem","position":3,"name":"Automatinis tu\u0161inukas Slider Xite XB m\u0117lynas Schneider 133203"}]},{"@type":"WebSite","@id":"https:\/\/rutana.lt\/#website","url":"https:\/\/rutana.lt\/","name":"Rutana - Ra\u0161tin\u0117s reikmenys","description":"Prekiaujame pasaulin\u0117je rinkoje pripa\u017eintomis, kokybi\u0161komis biuro prek\u0117mis toki\u0173  gamintoj\u0173 kaip: Schneider, Esselte, Novus, 3M, Faber-Castell, Citizen, Milan, Leitz, Colop, Zebra, Staedtler, Durable, Tork, Parker, Waterman ir kt.","publisher":{"@id":"https:\/\/rutana.lt\/#organization"},"potentialAction":[{"@type":"SearchAction","target":{"@type":"EntryPoint","urlTemplate":"https:\/\/rutana.lt\/?s={search_term_string}"},"query-input":{"@type":"PropertyValueSpecification","valueRequired":true,"valueName":"search_term_string"}}],"inLanguage":"en-US"},{"@type":"Organization","@id":"https:\/\/rutana.lt\/#organization","name":"Rutana - Ra\u0161tin\u0117s reikmenys","url":"https:\/\/rutana.lt\/","logo":{"@type":"ImageObject","inLanguage":"en-US","@id":"https:\/\/rutana.lt\/#\/schema\/logo\/image\/","url":"https:\/\/rutana.lt\/wp-content\/uploads\/2025\/10\/Asset-32.png","contentUrl":"https:\/\/rutana.lt\/wp-content\/uploads\/2025\/10\/Asset-32.png","width":433,"height":119,"caption":"Rutana - Ra\u0161tin\u0117s reikmenys"},"image":{"@id":"https:\/\/rutana.lt\/#\/schema\/logo\/image\/"},"sameAs":["https:\/\/www.facebook.com\/RutanaKanceliarinesPrekes\/"]}]}},"_links":{"self":[{"href":"https:\/\/rutana.lt\/en\/wp-json\/wp\/v2\/product\/8219","targetHints":{"allow":["GET"]}}],"collection":[{"href":"https:\/\/rutana.lt\/en\/wp-json\/wp\/v2\/product"}],"about":[{"href":"https:\/\/rutana.lt\/en\/wp-json\/wp\/v2\/types\/product"}],"replies":[{"embeddable":true,"href":"https:\/\/rutana.lt\/en\/wp-json\/wp\/v2\/comments?post=8219"}],"version-history":[{"count":1,"href":"https:\/\/rutana.lt\/en\/wp-json\/wp\/v2\/product\/8219\/revisions"}],"predecessor-version":[{"id":8265,"href":"https:\/\/rutana.lt\/en\/wp-json\/wp\/v2\/product\/8219\/revisions\/8265"}],"wp:featuredmedia":[{"embeddable":true,"href":"https:\/\/rutana.lt\/en\/wp-json\/wp\/v2\/media\/26404"}],"wp:attachment":[{"href":"https:\/\/rutana.lt\/en\/wp-json\/wp\/v2\/media?parent=8219"}],"wp:term":[{"taxonomy":"product_brand","embeddable":true,"href":"https:\/\/rutana.lt\/en\/wp-json\/wp\/v2\/product_brand?post=8219"},{"taxonomy":"product_cat","embeddable":true,"href":"https:\/\/rutana.lt\/en\/wp-json\/wp\/v2\/product_cat?post=8219"},{"taxonomy":"product_tag","embeddable":true,"href":"https:\/\/rutana.lt\/en\/wp-json\/wp\/v2\/product_tag?post=8219"}],"curies":[{"name":"wp","href":"https:\/\/api.w.org\/{rel}","templated":true}]}}