{"id":8214,"date":"2025-09-03T08:59:53","date_gmt":"2025-09-03T06:59:53","guid":{"rendered":"https:\/\/rutana.webdemo.lt\/?post_type=product&#038;p=8214"},"modified":"2025-10-13T15:30:41","modified_gmt":"2025-10-13T13:30:41","slug":"magnetines-kempineles-ir-4-sp-zymekliu-lentai-maxx-eco-110-rinkinys-schneider-111098","status":"publish","type":"product","link":"https:\/\/rutana.lt\/en\/product\/magnetines-kempineles-ir-4-sp-zymekliu-lentai-maxx-eco-110-rinkinys-schneider-111098\/","title":{"rendered":"Magnetin\u0117s kempin\u0117l\u0117s ir 4 sp. \u017eymekli\u0173 lentai Maxx Eco 110 rinkinys Schneider 111098"},"content":{"rendered":"<p>\u017dymekliai skirti ra\u0161yti ant magnetin\u0117s lentos ir popierini\u0173 bloknot\u0173. Pasibaigus ra\u0161alui \u017eymeklyje, lengvai galima pakeisti nauja ra\u0161alo kapsule Maxx Eco 655 ir \u017eymeklis v\u0117l bus paruo\u0161tas darbui. U\u017era\u0161us nuo lentos galima nuvalyti komplekte esan\u010dia kempin\u0117le, kuri nuvalo labai \u0161variai ir nepalieka \u017eymeklio liku\u010di\u0173. \u017dymeklis gali b\u016bti paliktas neu\u017edarytas kam\u0161teliu 2 &#8211; 3 dienas ir ra\u0161alas jame nei\u0161garuos. \u017dymeklio tu\u0161as yra bekvapis ir sud\u0117tyje neturi ksilolio ir tuololo. \u017dymeklio kam\u0161tukas yra pritaikytas tvirtai u\u017ed\u0117ti ant korpuso galo.<\/p>\n<p>\u017dymekli\u0173 spalvos: juoda, m\u0117lyna, raudona, \u017ealia<\/p>\n<p>\u017dymekli\u0173 galvu\u010di\u0173 tipas: apvalios<\/p>\n<p>Br\u0117\u017eio storis: 1 &#8211; 3 mm<\/p>\n<p>Kilm\u0117s \u0161alis: Vokietija<\/p>\n<p><\/p>","protected":false},"excerpt":{"rendered":"<p>\u017dymekliai skirti ra\u0161yti ant magnetin\u0117s lentos ir popierini\u0173 bloknot\u0173. Pasibaigus ra\u0161alui \u017eymeklyje, lengvai galima pakeisti nauja ra\u0161alo kapsule Maxx Eco 655 ir \u017eymeklis v\u0117l bus paruo\u0161tas darbui. U\u017era\u0161us nuo lentos galima nuvalyti komplekte esan\u010dia kempin\u0117le, kuri nuvalo labai \u0161variai ir nepalieka \u017eymeklio liku\u010di\u0173. \u017dymeklis gali b\u016bti paliktas neu\u017edarytas kam\u0161teliu 2 &#8211; 3 dienas ir ra\u0161alas [&hellip;]<\/p>","protected":false},"featured_media":26399,"comment_status":"open","ping_status":"closed","template":"","meta":{"_season_start":"","_season_end":"","_season_days":"","_season_months":"","_season_auto_visibility":""},"product_brand":[202],"product_cat":[1794],"product_tag":[],"class_list":{"0":"post-8214","1":"product","2":"type-product","3":"status-publish","4":"has-post-thumbnail","6":"product_brand-schneider","7":"product_cat-lentu-valymo-priemones","9":"first","10":"instock","11":"taxable","12":"shipping-taxable","13":"purchasable","14":"product-type-simple"},"yoast_head":"<!-- This site is optimized with the Yoast SEO plugin v26.1.1 - https:\/\/yoast.com\/wordpress\/plugins\/seo\/ -->\n<title>Magnetin\u0117s kempin\u0117l\u0117s ir 4 sp. \u017eymekli\u0173 lentai Maxx Eco 110 rinkinys Schneider 111098 - Rutana - Ra\u0161tin\u0117s reikmenys<\/title>\n<meta name=\"robots\" content=\"index, follow, max-snippet:-1, max-image-preview:large, max-video-preview:-1\" \/>\n<link rel=\"canonical\" href=\"https:\/\/rutana.lt\/en\/product\/magnetines-kempineles-ir-4-sp-zymekliu-lentai-maxx-eco-110-rinkinys-schneider-111098\/\" \/>\n<meta property=\"og:locale\" content=\"en_US\" \/>\n<meta property=\"og:type\" content=\"article\" \/>\n<meta property=\"og:title\" content=\"Magnetin\u0117s kempin\u0117l\u0117s ir 4 sp. \u017eymekli\u0173 lentai Maxx Eco 110 rinkinys Schneider 111098 - Rutana - Ra\u0161tin\u0117s reikmenys\" \/>\n<meta property=\"og:description\" content=\"\u017dymekliai skirti ra\u0161yti ant magnetin\u0117s lentos ir popierini\u0173 bloknot\u0173. Pasibaigus ra\u0161alui \u017eymeklyje, lengvai galima pakeisti nauja ra\u0161alo kapsule Maxx Eco 655 ir \u017eymeklis v\u0117l bus paruo\u0161tas darbui. U\u017era\u0161us nuo lentos galima nuvalyti komplekte esan\u010dia kempin\u0117le, kuri nuvalo labai \u0161variai ir nepalieka \u017eymeklio liku\u010di\u0173. \u017dymeklis gali b\u016bti paliktas neu\u017edarytas kam\u0161teliu 2 &#8211; 3 dienas ir ra\u0161alas [&hellip;]\" \/>\n<meta property=\"og:url\" content=\"https:\/\/rutana.lt\/en\/product\/magnetines-kempineles-ir-4-sp-zymekliu-lentai-maxx-eco-110-rinkinys-schneider-111098\/\" \/>\n<meta property=\"og:site_name\" content=\"Rutana - Ra\u0161tin\u0117s reikmenys\" \/>\n<meta property=\"article:publisher\" content=\"https:\/\/www.facebook.com\/RutanaKanceliarinesPrekes\/\" \/>\n<meta property=\"article:modified_time\" content=\"2025-10-13T13:30:41+00:00\" \/>\n<meta property=\"og:image\" content=\"https:\/\/rutana.lt\/wp-content\/uploads\/2025\/09\/B062-923.jpg\" \/>\n\t<meta property=\"og:image:width\" content=\"500\" \/>\n\t<meta property=\"og:image:height\" content=\"500\" \/>\n\t<meta property=\"og:image:type\" content=\"image\/jpeg\" \/>\n<meta name=\"twitter:card\" content=\"summary_large_image\" \/>\n<meta name=\"twitter:label1\" content=\"Est. reading time\" \/>\n\t<meta name=\"twitter:data1\" content=\"1 minute\" \/>\n<script type=\"application\/ld+json\" class=\"yoast-schema-graph\">{\"@context\":\"https:\/\/schema.org\",\"@graph\":[{\"@type\":\"WebPage\",\"@id\":\"https:\/\/rutana.lt\/produktas\/magnetines-kempineles-ir-4-sp-zymekliu-lentai-maxx-eco-110-rinkinys-schneider-111098\/\",\"url\":\"https:\/\/rutana.lt\/produktas\/magnetines-kempineles-ir-4-sp-zymekliu-lentai-maxx-eco-110-rinkinys-schneider-111098\/\",\"name\":\"Magnetin\u0117s kempin\u0117l\u0117s ir 4 sp. \u017eymekli\u0173 lentai Maxx Eco 110 rinkinys Schneider 111098 - Rutana - Ra\u0161tin\u0117s reikmenys\",\"isPartOf\":{\"@id\":\"https:\/\/rutana.lt\/#website\"},\"primaryImageOfPage\":{\"@id\":\"https:\/\/rutana.lt\/produktas\/magnetines-kempineles-ir-4-sp-zymekliu-lentai-maxx-eco-110-rinkinys-schneider-111098\/#primaryimage\"},\"image\":{\"@id\":\"https:\/\/rutana.lt\/produktas\/magnetines-kempineles-ir-4-sp-zymekliu-lentai-maxx-eco-110-rinkinys-schneider-111098\/#primaryimage\"},\"thumbnailUrl\":\"https:\/\/rutana.lt\/wp-content\/uploads\/2025\/09\/B062-923-1.jpg?v=1763621268\",\"datePublished\":\"2025-09-03T06:59:53+00:00\",\"dateModified\":\"2025-10-13T13:30:41+00:00\",\"breadcrumb\":{\"@id\":\"https:\/\/rutana.lt\/produktas\/magnetines-kempineles-ir-4-sp-zymekliu-lentai-maxx-eco-110-rinkinys-schneider-111098\/#breadcrumb\"},\"inLanguage\":\"en-US\",\"potentialAction\":[{\"@type\":\"ReadAction\",\"target\":[\"https:\/\/rutana.lt\/produktas\/magnetines-kempineles-ir-4-sp-zymekliu-lentai-maxx-eco-110-rinkinys-schneider-111098\/\"]}]},{\"@type\":\"ImageObject\",\"inLanguage\":\"en-US\",\"@id\":\"https:\/\/rutana.lt\/produktas\/magnetines-kempineles-ir-4-sp-zymekliu-lentai-maxx-eco-110-rinkinys-schneider-111098\/#primaryimage\",\"url\":\"https:\/\/rutana.lt\/wp-content\/uploads\/2025\/09\/B062-923-1.jpg?v=1763621268\",\"contentUrl\":\"https:\/\/rutana.lt\/wp-content\/uploads\/2025\/09\/B062-923-1.jpg?v=1763621268\",\"width\":500,\"height\":500},{\"@type\":\"BreadcrumbList\",\"@id\":\"https:\/\/rutana.lt\/produktas\/magnetines-kempineles-ir-4-sp-zymekliu-lentai-maxx-eco-110-rinkinys-schneider-111098\/#breadcrumb\",\"itemListElement\":[{\"@type\":\"ListItem\",\"position\":1,\"name\":\"Home\",\"item\":\"https:\/\/rutana.lt\/\"},{\"@type\":\"ListItem\",\"position\":2,\"name\":\"Parduotuv\u0117\",\"item\":\"https:\/\/rutana.lt\/parduotuve\/\"},{\"@type\":\"ListItem\",\"position\":3,\"name\":\"Magnetin\u0117s kempin\u0117l\u0117s ir 4 sp. \u017eymekli\u0173 lentai Maxx Eco 110 rinkinys Schneider 111098\"}]},{\"@type\":\"WebSite\",\"@id\":\"https:\/\/rutana.lt\/#website\",\"url\":\"https:\/\/rutana.lt\/\",\"name\":\"Rutana - Ra\u0161tin\u0117s reikmenys\",\"description\":\"Prekiaujame pasaulin\u0117je rinkoje pripa\u017eintomis, kokybi\u0161komis biuro prek\u0117mis toki\u0173  gamintoj\u0173 kaip: Schneider, Esselte, Novus, 3M, Faber-Castell, Citizen, Milan, Leitz, Colop, Zebra, Staedtler, Durable, Tork, Parker, Waterman ir kt.\",\"publisher\":{\"@id\":\"https:\/\/rutana.lt\/#organization\"},\"potentialAction\":[{\"@type\":\"SearchAction\",\"target\":{\"@type\":\"EntryPoint\",\"urlTemplate\":\"https:\/\/rutana.lt\/?s={search_term_string}\"},\"query-input\":{\"@type\":\"PropertyValueSpecification\",\"valueRequired\":true,\"valueName\":\"search_term_string\"}}],\"inLanguage\":\"en-US\"},{\"@type\":\"Organization\",\"@id\":\"https:\/\/rutana.lt\/#organization\",\"name\":\"Rutana - Ra\u0161tin\u0117s reikmenys\",\"url\":\"https:\/\/rutana.lt\/\",\"logo\":{\"@type\":\"ImageObject\",\"inLanguage\":\"en-US\",\"@id\":\"https:\/\/rutana.lt\/#\/schema\/logo\/image\/\",\"url\":\"https:\/\/rutana.lt\/wp-content\/uploads\/2025\/10\/Asset-32.png\",\"contentUrl\":\"https:\/\/rutana.lt\/wp-content\/uploads\/2025\/10\/Asset-32.png\",\"width\":433,\"height\":119,\"caption\":\"Rutana - Ra\u0161tin\u0117s reikmenys\"},\"image\":{\"@id\":\"https:\/\/rutana.lt\/#\/schema\/logo\/image\/\"},\"sameAs\":[\"https:\/\/www.facebook.com\/RutanaKanceliarinesPrekes\/\"]}]}<\/script>\n<!-- \/ Yoast SEO plugin. -->","yoast_head_json":{"title":"Magnetin\u0117s kempin\u0117l\u0117s ir 4 sp. \u017eymekli\u0173 lentai Maxx Eco 110 rinkinys Schneider 111098 - Rutana - Ra\u0161tin\u0117s reikmenys","robots":{"index":"index","follow":"follow","max-snippet":"max-snippet:-1","max-image-preview":"max-image-preview:large","max-video-preview":"max-video-preview:-1"},"canonical":"https:\/\/rutana.lt\/en\/product\/magnetines-kempineles-ir-4-sp-zymekliu-lentai-maxx-eco-110-rinkinys-schneider-111098\/","og_locale":"en_US","og_type":"article","og_title":"Magnetin\u0117s kempin\u0117l\u0117s ir 4 sp. \u017eymekli\u0173 lentai Maxx Eco 110 rinkinys Schneider 111098 - Rutana - Ra\u0161tin\u0117s reikmenys","og_description":"\u017dymekliai skirti ra\u0161yti ant magnetin\u0117s lentos ir popierini\u0173 bloknot\u0173. Pasibaigus ra\u0161alui \u017eymeklyje, lengvai galima pakeisti nauja ra\u0161alo kapsule Maxx Eco 655 ir \u017eymeklis v\u0117l bus paruo\u0161tas darbui. U\u017era\u0161us nuo lentos galima nuvalyti komplekte esan\u010dia kempin\u0117le, kuri nuvalo labai \u0161variai ir nepalieka \u017eymeklio liku\u010di\u0173. \u017dymeklis gali b\u016bti paliktas neu\u017edarytas kam\u0161teliu 2 &#8211; 3 dienas ir ra\u0161alas [&hellip;]","og_url":"https:\/\/rutana.lt\/en\/product\/magnetines-kempineles-ir-4-sp-zymekliu-lentai-maxx-eco-110-rinkinys-schneider-111098\/","og_site_name":"Rutana - Ra\u0161tin\u0117s reikmenys","article_publisher":"https:\/\/www.facebook.com\/RutanaKanceliarinesPrekes\/","article_modified_time":"2025-10-13T13:30:41+00:00","og_image":[{"width":500,"height":500,"url":"https:\/\/rutana.lt\/wp-content\/uploads\/2025\/09\/B062-923.jpg","type":"image\/jpeg"}],"twitter_card":"summary_large_image","twitter_misc":{"Est. reading time":"1 minute"},"schema":{"@context":"https:\/\/schema.org","@graph":[{"@type":"WebPage","@id":"https:\/\/rutana.lt\/produktas\/magnetines-kempineles-ir-4-sp-zymekliu-lentai-maxx-eco-110-rinkinys-schneider-111098\/","url":"https:\/\/rutana.lt\/produktas\/magnetines-kempineles-ir-4-sp-zymekliu-lentai-maxx-eco-110-rinkinys-schneider-111098\/","name":"Magnetin\u0117s kempin\u0117l\u0117s ir 4 sp. \u017eymekli\u0173 lentai Maxx Eco 110 rinkinys Schneider 111098 - Rutana - Ra\u0161tin\u0117s reikmenys","isPartOf":{"@id":"https:\/\/rutana.lt\/#website"},"primaryImageOfPage":{"@id":"https:\/\/rutana.lt\/produktas\/magnetines-kempineles-ir-4-sp-zymekliu-lentai-maxx-eco-110-rinkinys-schneider-111098\/#primaryimage"},"image":{"@id":"https:\/\/rutana.lt\/produktas\/magnetines-kempineles-ir-4-sp-zymekliu-lentai-maxx-eco-110-rinkinys-schneider-111098\/#primaryimage"},"thumbnailUrl":"https:\/\/rutana.lt\/wp-content\/uploads\/2025\/09\/B062-923-1.jpg?v=1763621268","datePublished":"2025-09-03T06:59:53+00:00","dateModified":"2025-10-13T13:30:41+00:00","breadcrumb":{"@id":"https:\/\/rutana.lt\/produktas\/magnetines-kempineles-ir-4-sp-zymekliu-lentai-maxx-eco-110-rinkinys-schneider-111098\/#breadcrumb"},"inLanguage":"en-US","potentialAction":[{"@type":"ReadAction","target":["https:\/\/rutana.lt\/produktas\/magnetines-kempineles-ir-4-sp-zymekliu-lentai-maxx-eco-110-rinkinys-schneider-111098\/"]}]},{"@type":"ImageObject","inLanguage":"en-US","@id":"https:\/\/rutana.lt\/produktas\/magnetines-kempineles-ir-4-sp-zymekliu-lentai-maxx-eco-110-rinkinys-schneider-111098\/#primaryimage","url":"https:\/\/rutana.lt\/wp-content\/uploads\/2025\/09\/B062-923-1.jpg?v=1763621268","contentUrl":"https:\/\/rutana.lt\/wp-content\/uploads\/2025\/09\/B062-923-1.jpg?v=1763621268","width":500,"height":500},{"@type":"BreadcrumbList","@id":"https:\/\/rutana.lt\/produktas\/magnetines-kempineles-ir-4-sp-zymekliu-lentai-maxx-eco-110-rinkinys-schneider-111098\/#breadcrumb","itemListElement":[{"@type":"ListItem","position":1,"name":"Home","item":"https:\/\/rutana.lt\/"},{"@type":"ListItem","position":2,"name":"Parduotuv\u0117","item":"https:\/\/rutana.lt\/parduotuve\/"},{"@type":"ListItem","position":3,"name":"Magnetin\u0117s kempin\u0117l\u0117s ir 4 sp. \u017eymekli\u0173 lentai Maxx Eco 110 rinkinys Schneider 111098"}]},{"@type":"WebSite","@id":"https:\/\/rutana.lt\/#website","url":"https:\/\/rutana.lt\/","name":"Rutana - Ra\u0161tin\u0117s reikmenys","description":"Prekiaujame pasaulin\u0117je rinkoje pripa\u017eintomis, kokybi\u0161komis biuro prek\u0117mis toki\u0173  gamintoj\u0173 kaip: Schneider, Esselte, Novus, 3M, Faber-Castell, Citizen, Milan, Leitz, Colop, Zebra, Staedtler, Durable, Tork, Parker, Waterman ir kt.","publisher":{"@id":"https:\/\/rutana.lt\/#organization"},"potentialAction":[{"@type":"SearchAction","target":{"@type":"EntryPoint","urlTemplate":"https:\/\/rutana.lt\/?s={search_term_string}"},"query-input":{"@type":"PropertyValueSpecification","valueRequired":true,"valueName":"search_term_string"}}],"inLanguage":"en-US"},{"@type":"Organization","@id":"https:\/\/rutana.lt\/#organization","name":"Rutana - Ra\u0161tin\u0117s reikmenys","url":"https:\/\/rutana.lt\/","logo":{"@type":"ImageObject","inLanguage":"en-US","@id":"https:\/\/rutana.lt\/#\/schema\/logo\/image\/","url":"https:\/\/rutana.lt\/wp-content\/uploads\/2025\/10\/Asset-32.png","contentUrl":"https:\/\/rutana.lt\/wp-content\/uploads\/2025\/10\/Asset-32.png","width":433,"height":119,"caption":"Rutana - Ra\u0161tin\u0117s reikmenys"},"image":{"@id":"https:\/\/rutana.lt\/#\/schema\/logo\/image\/"},"sameAs":["https:\/\/www.facebook.com\/RutanaKanceliarinesPrekes\/"]}]}},"_links":{"self":[{"href":"https:\/\/rutana.lt\/en\/wp-json\/wp\/v2\/product\/8214","targetHints":{"allow":["GET"]}}],"collection":[{"href":"https:\/\/rutana.lt\/en\/wp-json\/wp\/v2\/product"}],"about":[{"href":"https:\/\/rutana.lt\/en\/wp-json\/wp\/v2\/types\/product"}],"replies":[{"embeddable":true,"href":"https:\/\/rutana.lt\/en\/wp-json\/wp\/v2\/comments?post=8214"}],"version-history":[{"count":1,"href":"https:\/\/rutana.lt\/en\/wp-json\/wp\/v2\/product\/8214\/revisions"}],"predecessor-version":[{"id":8255,"href":"https:\/\/rutana.lt\/en\/wp-json\/wp\/v2\/product\/8214\/revisions\/8255"}],"wp:featuredmedia":[{"embeddable":true,"href":"https:\/\/rutana.lt\/en\/wp-json\/wp\/v2\/media\/26399"}],"wp:attachment":[{"href":"https:\/\/rutana.lt\/en\/wp-json\/wp\/v2\/media?parent=8214"}],"wp:term":[{"taxonomy":"product_brand","embeddable":true,"href":"https:\/\/rutana.lt\/en\/wp-json\/wp\/v2\/product_brand?post=8214"},{"taxonomy":"product_cat","embeddable":true,"href":"https:\/\/rutana.lt\/en\/wp-json\/wp\/v2\/product_cat?post=8214"},{"taxonomy":"product_tag","embeddable":true,"href":"https:\/\/rutana.lt\/en\/wp-json\/wp\/v2\/product_tag?post=8214"}],"curies":[{"name":"wp","href":"https:\/\/api.w.org\/{rel}","templated":true}]}}