{"id":8212,"date":"2025-09-03T08:59:53","date_gmt":"2025-09-03T06:59:53","guid":{"rendered":"https:\/\/rutana.webdemo.lt\/?post_type=product&#038;p=8212"},"modified":"2025-10-13T15:30:40","modified_gmt":"2025-10-13T13:30:40","slug":"nepermanentinis-zymeklis-ohp-maxx-225-m-1-0-mm-juodas-schneider-1211","status":"publish","type":"product","link":"https:\/\/rutana.lt\/en\/product\/nepermanentinis-zymeklis-ohp-maxx-225-m-1-0-mm-juodas-schneider-1211\/","title":{"rendered":"Nepermanentinis \u017eymeklis OHP Maxx 225 M 1.0 mm juodas Schneider 1211"},"content":{"rendered":"<p>Universalus nepermanentinis \u017eymeklis skirtas ra\u0161yti ant OHP pl\u0117vel\u0117s, stiklo, metalo, popieriaus, plastiko ir kit\u0173 \u012fvairi\u0173 pavir\u0161i\u0173. \u017dymeklio ra\u0161alas greitai d\u017ei\u016bsta, bet yra lengvai nuvalomas dr\u0117gna \u0161luoste. \u017dymeklio tu\u0161as yra bekvapis ir sud\u0117tyje neturi ksilolio ir tuololo. Apvali galvut\u0117.<\/p>\n<p>Br\u0117\u017eio storis: 1.0 mm<\/p>\n<p>Ra\u0161alo spalva: juoda<\/p>\n<p>Kilm\u0117s \u0161alis: Vokietija<\/p>\n<p><\/p>\n<p><\/p>","protected":false},"excerpt":{"rendered":"<p>Universalus nepermanentinis \u017eymeklis skirtas ra\u0161yti ant OHP pl\u0117vel\u0117s, stiklo, metalo, popieriaus, plastiko ir kit\u0173 \u012fvairi\u0173 pavir\u0161i\u0173. \u017dymeklio ra\u0161alas greitai d\u017ei\u016bsta, bet yra lengvai nuvalomas dr\u0117gna \u0161luoste. \u017dymeklio tu\u0161as yra bekvapis ir sud\u0117tyje neturi ksilolio ir tuololo. Apvali galvut\u0117. Br\u0117\u017eio storis: 1.0 mm Ra\u0161alo spalva: juoda Kilm\u0117s \u0161alis: Vokietija<\/p>","protected":false},"featured_media":26397,"comment_status":"open","ping_status":"closed","template":"","meta":{"_season_start":"","_season_end":"","_season_days":"","_season_months":"","_season_auto_visibility":""},"product_brand":[202],"product_cat":[1838],"product_tag":[],"class_list":{"0":"post-8212","1":"product","2":"type-product","3":"status-publish","4":"has-post-thumbnail","6":"product_brand-schneider","7":"product_cat-ohp-zymekliai","9":"first","10":"instock","11":"taxable","12":"shipping-taxable","13":"purchasable","14":"product-type-simple"},"yoast_head":"<!-- This site is optimized with the Yoast SEO plugin v27.4 - https:\/\/yoast.com\/product\/yoast-seo-wordpress\/ -->\n<title>Nepermanentinis \u017eymeklis OHP Maxx 225 M 1.0 mm juodas Schneider 1211 - Rutana - Ra\u0161tin\u0117s reikmenys<\/title>\n<meta name=\"robots\" content=\"index, follow, max-snippet:-1, max-image-preview:large, max-video-preview:-1\" \/>\n<link rel=\"canonical\" href=\"https:\/\/rutana.lt\/en\/product\/nepermanentinis-zymeklis-ohp-maxx-225-m-1-0-mm-juodas-schneider-1211\/\" \/>\n<meta property=\"og:locale\" content=\"en_US\" \/>\n<meta property=\"og:type\" content=\"article\" \/>\n<meta property=\"og:title\" content=\"Nepermanentinis \u017eymeklis OHP Maxx 225 M 1.0 mm juodas Schneider 1211 - Rutana - Ra\u0161tin\u0117s reikmenys\" \/>\n<meta property=\"og:description\" content=\"Universalus nepermanentinis \u017eymeklis skirtas ra\u0161yti ant OHP pl\u0117vel\u0117s, stiklo, metalo, popieriaus, plastiko ir kit\u0173 \u012fvairi\u0173 pavir\u0161i\u0173. \u017dymeklio ra\u0161alas greitai d\u017ei\u016bsta, bet yra lengvai nuvalomas dr\u0117gna \u0161luoste. \u017dymeklio tu\u0161as yra bekvapis ir sud\u0117tyje neturi ksilolio ir tuololo. Apvali galvut\u0117. Br\u0117\u017eio storis: 1.0 mm Ra\u0161alo spalva: juoda Kilm\u0117s \u0161alis: Vokietija\" \/>\n<meta property=\"og:url\" content=\"https:\/\/rutana.lt\/en\/product\/nepermanentinis-zymeklis-ohp-maxx-225-m-1-0-mm-juodas-schneider-1211\/\" \/>\n<meta property=\"og:site_name\" content=\"Rutana - Ra\u0161tin\u0117s reikmenys\" \/>\n<meta property=\"article:publisher\" content=\"https:\/\/www.facebook.com\/RutanaKanceliarinesPrekes\/\" \/>\n<meta property=\"article:modified_time\" content=\"2025-10-13T13:30:40+00:00\" \/>\n<meta property=\"og:image\" content=\"https:\/\/rutana.lt\/wp-content\/uploads\/2025\/09\/C107-107.jpg\" \/>\n\t<meta property=\"og:image:width\" content=\"500\" \/>\n\t<meta property=\"og:image:height\" content=\"500\" \/>\n\t<meta property=\"og:image:type\" content=\"image\/jpeg\" \/>\n<meta name=\"twitter:card\" content=\"summary_large_image\" \/>\n<script type=\"application\/ld+json\" class=\"yoast-schema-graph\">{\"@context\":\"https:\\\/\\\/schema.org\",\"@graph\":[{\"@type\":\"WebPage\",\"@id\":\"https:\\\/\\\/rutana.lt\\\/produktas\\\/nepermanentinis-zymeklis-ohp-maxx-225-m-1-0-mm-juodas-schneider-1211\\\/\",\"url\":\"https:\\\/\\\/rutana.lt\\\/produktas\\\/nepermanentinis-zymeklis-ohp-maxx-225-m-1-0-mm-juodas-schneider-1211\\\/\",\"name\":\"Nepermanentinis \u017eymeklis OHP Maxx 225 M 1.0 mm juodas Schneider 1211 - Rutana - Ra\u0161tin\u0117s reikmenys\",\"isPartOf\":{\"@id\":\"https:\\\/\\\/rutana.lt\\\/#website\"},\"primaryImageOfPage\":{\"@id\":\"https:\\\/\\\/rutana.lt\\\/produktas\\\/nepermanentinis-zymeklis-ohp-maxx-225-m-1-0-mm-juodas-schneider-1211\\\/#primaryimage\"},\"image\":{\"@id\":\"https:\\\/\\\/rutana.lt\\\/produktas\\\/nepermanentinis-zymeklis-ohp-maxx-225-m-1-0-mm-juodas-schneider-1211\\\/#primaryimage\"},\"thumbnailUrl\":\"https:\\\/\\\/rutana.lt\\\/wp-content\\\/uploads\\\/2025\\\/09\\\/C107-107-1.jpg?v=1763621271\",\"datePublished\":\"2025-09-03T06:59:53+00:00\",\"dateModified\":\"2025-10-13T13:30:40+00:00\",\"breadcrumb\":{\"@id\":\"https:\\\/\\\/rutana.lt\\\/produktas\\\/nepermanentinis-zymeklis-ohp-maxx-225-m-1-0-mm-juodas-schneider-1211\\\/#breadcrumb\"},\"inLanguage\":\"en-US\",\"potentialAction\":[{\"@type\":\"ReadAction\",\"target\":[\"https:\\\/\\\/rutana.lt\\\/produktas\\\/nepermanentinis-zymeklis-ohp-maxx-225-m-1-0-mm-juodas-schneider-1211\\\/\"]}]},{\"@type\":\"ImageObject\",\"inLanguage\":\"en-US\",\"@id\":\"https:\\\/\\\/rutana.lt\\\/produktas\\\/nepermanentinis-zymeklis-ohp-maxx-225-m-1-0-mm-juodas-schneider-1211\\\/#primaryimage\",\"url\":\"https:\\\/\\\/rutana.lt\\\/wp-content\\\/uploads\\\/2025\\\/09\\\/C107-107-1.jpg?v=1763621271\",\"contentUrl\":\"https:\\\/\\\/rutana.lt\\\/wp-content\\\/uploads\\\/2025\\\/09\\\/C107-107-1.jpg?v=1763621271\",\"width\":500,\"height\":500},{\"@type\":\"BreadcrumbList\",\"@id\":\"https:\\\/\\\/rutana.lt\\\/produktas\\\/nepermanentinis-zymeklis-ohp-maxx-225-m-1-0-mm-juodas-schneider-1211\\\/#breadcrumb\",\"itemListElement\":[{\"@type\":\"ListItem\",\"position\":1,\"name\":\"Home\",\"item\":\"https:\\\/\\\/rutana.lt\\\/\"},{\"@type\":\"ListItem\",\"position\":2,\"name\":\"Parduotuv\u0117\",\"item\":\"https:\\\/\\\/rutana.lt\\\/parduotuve\\\/\"},{\"@type\":\"ListItem\",\"position\":3,\"name\":\"Nepermanentinis \u017eymeklis OHP Maxx 225 M 1.0 mm juodas Schneider 1211\"}]},{\"@type\":\"WebSite\",\"@id\":\"https:\\\/\\\/rutana.lt\\\/#website\",\"url\":\"https:\\\/\\\/rutana.lt\\\/\",\"name\":\"Rutana - Ra\u0161tin\u0117s reikmenys\",\"description\":\"Prekiaujame pasaulin\u0117je rinkoje pripa\u017eintomis, kokybi\u0161komis biuro prek\u0117mis toki\u0173  gamintoj\u0173 kaip: Schneider, Esselte, Novus, 3M, Faber-Castell, Citizen, Milan, Leitz, Colop, Zebra, Staedtler, Durable, Tork, Parker, Waterman ir kt.\",\"publisher\":{\"@id\":\"https:\\\/\\\/rutana.lt\\\/#organization\"},\"potentialAction\":[{\"@type\":\"SearchAction\",\"target\":{\"@type\":\"EntryPoint\",\"urlTemplate\":\"https:\\\/\\\/rutana.lt\\\/?s={search_term_string}\"},\"query-input\":{\"@type\":\"PropertyValueSpecification\",\"valueRequired\":true,\"valueName\":\"search_term_string\"}}],\"inLanguage\":\"en-US\"},{\"@type\":\"Organization\",\"@id\":\"https:\\\/\\\/rutana.lt\\\/#organization\",\"name\":\"Rutana - Ra\u0161tin\u0117s reikmenys\",\"url\":\"https:\\\/\\\/rutana.lt\\\/\",\"logo\":{\"@type\":\"ImageObject\",\"inLanguage\":\"en-US\",\"@id\":\"https:\\\/\\\/rutana.lt\\\/#\\\/schema\\\/logo\\\/image\\\/\",\"url\":\"https:\\\/\\\/rutana.lt\\\/wp-content\\\/uploads\\\/2025\\\/10\\\/Asset-32.png\",\"contentUrl\":\"https:\\\/\\\/rutana.lt\\\/wp-content\\\/uploads\\\/2025\\\/10\\\/Asset-32.png\",\"width\":433,\"height\":119,\"caption\":\"Rutana - Ra\u0161tin\u0117s reikmenys\"},\"image\":{\"@id\":\"https:\\\/\\\/rutana.lt\\\/#\\\/schema\\\/logo\\\/image\\\/\"},\"sameAs\":[\"https:\\\/\\\/www.facebook.com\\\/RutanaKanceliarinesPrekes\\\/\"]}]}<\/script>\n<!-- \/ Yoast SEO plugin. -->","yoast_head_json":{"title":"Nepermanentinis \u017eymeklis OHP Maxx 225 M 1.0 mm juodas Schneider 1211 - Rutana - Ra\u0161tin\u0117s reikmenys","robots":{"index":"index","follow":"follow","max-snippet":"max-snippet:-1","max-image-preview":"max-image-preview:large","max-video-preview":"max-video-preview:-1"},"canonical":"https:\/\/rutana.lt\/en\/product\/nepermanentinis-zymeklis-ohp-maxx-225-m-1-0-mm-juodas-schneider-1211\/","og_locale":"en_US","og_type":"article","og_title":"Nepermanentinis \u017eymeklis OHP Maxx 225 M 1.0 mm juodas Schneider 1211 - Rutana - Ra\u0161tin\u0117s reikmenys","og_description":"Universalus nepermanentinis \u017eymeklis skirtas ra\u0161yti ant OHP pl\u0117vel\u0117s, stiklo, metalo, popieriaus, plastiko ir kit\u0173 \u012fvairi\u0173 pavir\u0161i\u0173. \u017dymeklio ra\u0161alas greitai d\u017ei\u016bsta, bet yra lengvai nuvalomas dr\u0117gna \u0161luoste. \u017dymeklio tu\u0161as yra bekvapis ir sud\u0117tyje neturi ksilolio ir tuololo. Apvali galvut\u0117. Br\u0117\u017eio storis: 1.0 mm Ra\u0161alo spalva: juoda Kilm\u0117s \u0161alis: Vokietija","og_url":"https:\/\/rutana.lt\/en\/product\/nepermanentinis-zymeklis-ohp-maxx-225-m-1-0-mm-juodas-schneider-1211\/","og_site_name":"Rutana - Ra\u0161tin\u0117s reikmenys","article_publisher":"https:\/\/www.facebook.com\/RutanaKanceliarinesPrekes\/","article_modified_time":"2025-10-13T13:30:40+00:00","og_image":[{"width":500,"height":500,"url":"https:\/\/rutana.lt\/wp-content\/uploads\/2025\/09\/C107-107.jpg","type":"image\/jpeg"}],"twitter_card":"summary_large_image","schema":{"@context":"https:\/\/schema.org","@graph":[{"@type":"WebPage","@id":"https:\/\/rutana.lt\/produktas\/nepermanentinis-zymeklis-ohp-maxx-225-m-1-0-mm-juodas-schneider-1211\/","url":"https:\/\/rutana.lt\/produktas\/nepermanentinis-zymeklis-ohp-maxx-225-m-1-0-mm-juodas-schneider-1211\/","name":"Nepermanentinis \u017eymeklis OHP Maxx 225 M 1.0 mm juodas Schneider 1211 - Rutana - Ra\u0161tin\u0117s reikmenys","isPartOf":{"@id":"https:\/\/rutana.lt\/#website"},"primaryImageOfPage":{"@id":"https:\/\/rutana.lt\/produktas\/nepermanentinis-zymeklis-ohp-maxx-225-m-1-0-mm-juodas-schneider-1211\/#primaryimage"},"image":{"@id":"https:\/\/rutana.lt\/produktas\/nepermanentinis-zymeklis-ohp-maxx-225-m-1-0-mm-juodas-schneider-1211\/#primaryimage"},"thumbnailUrl":"https:\/\/rutana.lt\/wp-content\/uploads\/2025\/09\/C107-107-1.jpg?v=1763621271","datePublished":"2025-09-03T06:59:53+00:00","dateModified":"2025-10-13T13:30:40+00:00","breadcrumb":{"@id":"https:\/\/rutana.lt\/produktas\/nepermanentinis-zymeklis-ohp-maxx-225-m-1-0-mm-juodas-schneider-1211\/#breadcrumb"},"inLanguage":"en-US","potentialAction":[{"@type":"ReadAction","target":["https:\/\/rutana.lt\/produktas\/nepermanentinis-zymeklis-ohp-maxx-225-m-1-0-mm-juodas-schneider-1211\/"]}]},{"@type":"ImageObject","inLanguage":"en-US","@id":"https:\/\/rutana.lt\/produktas\/nepermanentinis-zymeklis-ohp-maxx-225-m-1-0-mm-juodas-schneider-1211\/#primaryimage","url":"https:\/\/rutana.lt\/wp-content\/uploads\/2025\/09\/C107-107-1.jpg?v=1763621271","contentUrl":"https:\/\/rutana.lt\/wp-content\/uploads\/2025\/09\/C107-107-1.jpg?v=1763621271","width":500,"height":500},{"@type":"BreadcrumbList","@id":"https:\/\/rutana.lt\/produktas\/nepermanentinis-zymeklis-ohp-maxx-225-m-1-0-mm-juodas-schneider-1211\/#breadcrumb","itemListElement":[{"@type":"ListItem","position":1,"name":"Home","item":"https:\/\/rutana.lt\/"},{"@type":"ListItem","position":2,"name":"Parduotuv\u0117","item":"https:\/\/rutana.lt\/parduotuve\/"},{"@type":"ListItem","position":3,"name":"Nepermanentinis \u017eymeklis OHP Maxx 225 M 1.0 mm juodas Schneider 1211"}]},{"@type":"WebSite","@id":"https:\/\/rutana.lt\/#website","url":"https:\/\/rutana.lt\/","name":"Rutana - Ra\u0161tin\u0117s reikmenys","description":"Prekiaujame pasaulin\u0117je rinkoje pripa\u017eintomis, kokybi\u0161komis biuro prek\u0117mis toki\u0173  gamintoj\u0173 kaip: Schneider, Esselte, Novus, 3M, Faber-Castell, Citizen, Milan, Leitz, Colop, Zebra, Staedtler, Durable, Tork, Parker, Waterman ir kt.","publisher":{"@id":"https:\/\/rutana.lt\/#organization"},"potentialAction":[{"@type":"SearchAction","target":{"@type":"EntryPoint","urlTemplate":"https:\/\/rutana.lt\/?s={search_term_string}"},"query-input":{"@type":"PropertyValueSpecification","valueRequired":true,"valueName":"search_term_string"}}],"inLanguage":"en-US"},{"@type":"Organization","@id":"https:\/\/rutana.lt\/#organization","name":"Rutana - Ra\u0161tin\u0117s reikmenys","url":"https:\/\/rutana.lt\/","logo":{"@type":"ImageObject","inLanguage":"en-US","@id":"https:\/\/rutana.lt\/#\/schema\/logo\/image\/","url":"https:\/\/rutana.lt\/wp-content\/uploads\/2025\/10\/Asset-32.png","contentUrl":"https:\/\/rutana.lt\/wp-content\/uploads\/2025\/10\/Asset-32.png","width":433,"height":119,"caption":"Rutana - Ra\u0161tin\u0117s reikmenys"},"image":{"@id":"https:\/\/rutana.lt\/#\/schema\/logo\/image\/"},"sameAs":["https:\/\/www.facebook.com\/RutanaKanceliarinesPrekes\/"]}]}},"_links":{"self":[{"href":"https:\/\/rutana.lt\/en\/wp-json\/wp\/v2\/product\/8212","targetHints":{"allow":["GET"]}}],"collection":[{"href":"https:\/\/rutana.lt\/en\/wp-json\/wp\/v2\/product"}],"about":[{"href":"https:\/\/rutana.lt\/en\/wp-json\/wp\/v2\/types\/product"}],"replies":[{"embeddable":true,"href":"https:\/\/rutana.lt\/en\/wp-json\/wp\/v2\/comments?post=8212"}],"version-history":[{"count":1,"href":"https:\/\/rutana.lt\/en\/wp-json\/wp\/v2\/product\/8212\/revisions"}],"predecessor-version":[{"id":8251,"href":"https:\/\/rutana.lt\/en\/wp-json\/wp\/v2\/product\/8212\/revisions\/8251"}],"wp:featuredmedia":[{"embeddable":true,"href":"https:\/\/rutana.lt\/en\/wp-json\/wp\/v2\/media\/26397"}],"wp:attachment":[{"href":"https:\/\/rutana.lt\/en\/wp-json\/wp\/v2\/media?parent=8212"}],"wp:term":[{"taxonomy":"product_brand","embeddable":true,"href":"https:\/\/rutana.lt\/en\/wp-json\/wp\/v2\/product_brand?post=8212"},{"taxonomy":"product_cat","embeddable":true,"href":"https:\/\/rutana.lt\/en\/wp-json\/wp\/v2\/product_cat?post=8212"},{"taxonomy":"product_tag","embeddable":true,"href":"https:\/\/rutana.lt\/en\/wp-json\/wp\/v2\/product_tag?post=8212"}],"curies":[{"name":"wp","href":"https:\/\/api.w.org\/{rel}","templated":true}]}}