{"id":8145,"date":"2025-09-03T08:59:33","date_gmt":"2025-09-03T06:59:33","guid":{"rendered":"https:\/\/rutana.webdemo.lt\/?post_type=product&#038;p=8145"},"modified":"2025-10-13T15:30:35","modified_gmt":"2025-10-13T13:30:35","slug":"tusinuku-slider-edge-xb-6-spalvu-rinkinys-schneider-152276","status":"publish","type":"product","link":"https:\/\/rutana.lt\/en\/product\/tusinuku-slider-edge-xb-6-spalvu-rinkinys-schneider-152276\/","title":{"rendered":"Tu\u0161inuk\u0173 Slider Edge XB 6 spalv\u0173 rinkinys Schneider 152276"},"content":{"rendered":"<p>Tu\u0161inukai su Viscoglide technologija skirti i\u0161skirtiniam, skland\u017eiam ra\u0161ymui. Greitai d\u017ei\u016bstantis tu\u0161as ir nesitepantis kai v\u0117liau ant jo norime pa\u017eym\u0117ti teksto \u017eymekliu. Idealiai tinkami projekt\u0173 brai\u017eymui ir pie\u0161imui, kadangi specialus tu\u0161as &#8222;nenub\u0117gs&#8221; kol ne\u012fsigers \u012f popieri\u0173. Gumuotas ir trikampis tu\u0161inuko korpusas sukurtas komforti\u0161kam ra\u0161ymui, kad nepavargt\u0173 ranka ir kad nenuried\u0117t\u0173 pad\u0117tas ant stalo. D\u0117l savo plonumo puikiai telpa \u012f bet kok\u012f mokyklin\u012f penal\u0105. Slider Edge tu\u0161inuko gamyboje nebuvo naudojamas CO<span style=\"vertical-align: sub;\">2.<\/span><\/p>\n<p><span style=\"vertical-align: sub;\">Linijos br\u0117\u017eio storis: XB ( Extra broad, labai stora )<\/span><\/p>\n<p><span style=\"vertical-align: sub;\">Rinkinyje 6 spalvos: juoda, violetin\u0117, oran\u017ein\u0117, \u0161viesiai \u017ealia, \u0161viesiai m\u0117lyna, ro\u017ein\u0117<\/span><\/p>\n<p><span style=\"vertical-align: sub;\">Kilm\u0117s \u0161alis: Vokietija<\/span><\/p>","protected":false},"excerpt":{"rendered":"<p>Tu\u0161inukai su Viscoglide technologija skirti i\u0161skirtiniam, skland\u017eiam ra\u0161ymui. Greitai d\u017ei\u016bstantis tu\u0161as ir nesitepantis kai v\u0117liau ant jo norime pa\u017eym\u0117ti teksto \u017eymekliu. Idealiai tinkami projekt\u0173 brai\u017eymui ir pie\u0161imui, kadangi specialus tu\u0161as &#8222;nenub\u0117gs&#8221; kol ne\u012fsigers \u012f popieri\u0173. Gumuotas ir trikampis tu\u0161inuko korpusas sukurtas komforti\u0161kam ra\u0161ymui, kad nepavargt\u0173 ranka ir kad nenuried\u0117t\u0173 pad\u0117tas ant stalo. D\u0117l savo plonumo [&hellip;]<\/p>","protected":false},"featured_media":26386,"comment_status":"open","ping_status":"closed","template":"","meta":{"_season_start":"","_season_end":"","_season_days":"","_season_months":"","_season_auto_visibility":""},"product_brand":[202],"product_cat":[1749],"product_tag":[],"class_list":{"0":"post-8145","1":"product","2":"type-product","3":"status-publish","4":"has-post-thumbnail","6":"product_brand-schneider","7":"product_cat-vienkartiniai-rasikliai","9":"first","10":"instock","11":"taxable","12":"shipping-taxable","13":"purchasable","14":"product-type-simple"},"yoast_head":"<!-- This site is optimized with the Yoast SEO plugin v26.1.1 - https:\/\/yoast.com\/wordpress\/plugins\/seo\/ -->\n<title>Tu\u0161inuk\u0173 Slider Edge XB 6 spalv\u0173 rinkinys Schneider 152276 - Rutana - Ra\u0161tin\u0117s reikmenys<\/title>\n<meta name=\"robots\" content=\"index, follow, max-snippet:-1, max-image-preview:large, max-video-preview:-1\" \/>\n<link rel=\"canonical\" href=\"https:\/\/rutana.lt\/en\/product\/tusinuku-slider-edge-xb-6-spalvu-rinkinys-schneider-152276\/\" \/>\n<meta property=\"og:locale\" content=\"en_US\" \/>\n<meta property=\"og:type\" content=\"article\" \/>\n<meta property=\"og:title\" content=\"Tu\u0161inuk\u0173 Slider Edge XB 6 spalv\u0173 rinkinys Schneider 152276 - Rutana - Ra\u0161tin\u0117s reikmenys\" \/>\n<meta property=\"og:description\" content=\"Tu\u0161inukai su Viscoglide technologija skirti i\u0161skirtiniam, skland\u017eiam ra\u0161ymui. Greitai d\u017ei\u016bstantis tu\u0161as ir nesitepantis kai v\u0117liau ant jo norime pa\u017eym\u0117ti teksto \u017eymekliu. Idealiai tinkami projekt\u0173 brai\u017eymui ir pie\u0161imui, kadangi specialus tu\u0161as &#8222;nenub\u0117gs&#8221; kol ne\u012fsigers \u012f popieri\u0173. Gumuotas ir trikampis tu\u0161inuko korpusas sukurtas komforti\u0161kam ra\u0161ymui, kad nepavargt\u0173 ranka ir kad nenuried\u0117t\u0173 pad\u0117tas ant stalo. D\u0117l savo plonumo [&hellip;]\" \/>\n<meta property=\"og:url\" content=\"https:\/\/rutana.lt\/en\/product\/tusinuku-slider-edge-xb-6-spalvu-rinkinys-schneider-152276\/\" \/>\n<meta property=\"og:site_name\" content=\"Rutana - Ra\u0161tin\u0117s reikmenys\" \/>\n<meta property=\"article:publisher\" content=\"https:\/\/www.facebook.com\/RutanaKanceliarinesPrekes\/\" \/>\n<meta property=\"article:modified_time\" content=\"2025-10-13T13:30:35+00:00\" \/>\n<meta property=\"og:image\" content=\"https:\/\/rutana.lt\/wp-content\/uploads\/2025\/09\/C032-502.jpg\" \/>\n\t<meta property=\"og:image:width\" content=\"500\" \/>\n\t<meta property=\"og:image:height\" content=\"500\" \/>\n\t<meta property=\"og:image:type\" content=\"image\/jpeg\" \/>\n<meta name=\"twitter:card\" content=\"summary_large_image\" \/>\n<meta name=\"twitter:label1\" content=\"Est. reading time\" \/>\n\t<meta name=\"twitter:data1\" content=\"1 minute\" \/>\n<script type=\"application\/ld+json\" class=\"yoast-schema-graph\">{\"@context\":\"https:\/\/schema.org\",\"@graph\":[{\"@type\":\"WebPage\",\"@id\":\"https:\/\/rutana.lt\/produktas\/tusinuku-slider-edge-xb-6-spalvu-rinkinys-schneider-152276\/\",\"url\":\"https:\/\/rutana.lt\/produktas\/tusinuku-slider-edge-xb-6-spalvu-rinkinys-schneider-152276\/\",\"name\":\"Tu\u0161inuk\u0173 Slider Edge XB 6 spalv\u0173 rinkinys Schneider 152276 - Rutana - Ra\u0161tin\u0117s reikmenys\",\"isPartOf\":{\"@id\":\"https:\/\/rutana.lt\/#website\"},\"primaryImageOfPage\":{\"@id\":\"https:\/\/rutana.lt\/produktas\/tusinuku-slider-edge-xb-6-spalvu-rinkinys-schneider-152276\/#primaryimage\"},\"image\":{\"@id\":\"https:\/\/rutana.lt\/produktas\/tusinuku-slider-edge-xb-6-spalvu-rinkinys-schneider-152276\/#primaryimage\"},\"thumbnailUrl\":\"https:\/\/rutana.lt\/wp-content\/uploads\/2025\/09\/C032-502-2.jpg?v=1763621285\",\"datePublished\":\"2025-09-03T06:59:33+00:00\",\"dateModified\":\"2025-10-13T13:30:35+00:00\",\"breadcrumb\":{\"@id\":\"https:\/\/rutana.lt\/produktas\/tusinuku-slider-edge-xb-6-spalvu-rinkinys-schneider-152276\/#breadcrumb\"},\"inLanguage\":\"en-US\",\"potentialAction\":[{\"@type\":\"ReadAction\",\"target\":[\"https:\/\/rutana.lt\/produktas\/tusinuku-slider-edge-xb-6-spalvu-rinkinys-schneider-152276\/\"]}]},{\"@type\":\"ImageObject\",\"inLanguage\":\"en-US\",\"@id\":\"https:\/\/rutana.lt\/produktas\/tusinuku-slider-edge-xb-6-spalvu-rinkinys-schneider-152276\/#primaryimage\",\"url\":\"https:\/\/rutana.lt\/wp-content\/uploads\/2025\/09\/C032-502-2.jpg?v=1763621285\",\"contentUrl\":\"https:\/\/rutana.lt\/wp-content\/uploads\/2025\/09\/C032-502-2.jpg?v=1763621285\",\"width\":500,\"height\":500},{\"@type\":\"BreadcrumbList\",\"@id\":\"https:\/\/rutana.lt\/produktas\/tusinuku-slider-edge-xb-6-spalvu-rinkinys-schneider-152276\/#breadcrumb\",\"itemListElement\":[{\"@type\":\"ListItem\",\"position\":1,\"name\":\"Home\",\"item\":\"https:\/\/rutana.lt\/\"},{\"@type\":\"ListItem\",\"position\":2,\"name\":\"Parduotuv\u0117\",\"item\":\"https:\/\/rutana.lt\/parduotuve\/\"},{\"@type\":\"ListItem\",\"position\":3,\"name\":\"Tu\u0161inuk\u0173 Slider Edge XB 6 spalv\u0173 rinkinys Schneider 152276\"}]},{\"@type\":\"WebSite\",\"@id\":\"https:\/\/rutana.lt\/#website\",\"url\":\"https:\/\/rutana.lt\/\",\"name\":\"Rutana - Ra\u0161tin\u0117s reikmenys\",\"description\":\"Prekiaujame pasaulin\u0117je rinkoje pripa\u017eintomis, kokybi\u0161komis biuro prek\u0117mis toki\u0173  gamintoj\u0173 kaip: Schneider, Esselte, Novus, 3M, Faber-Castell, Citizen, Milan, Leitz, Colop, Zebra, Staedtler, Durable, Tork, Parker, Waterman ir kt.\",\"publisher\":{\"@id\":\"https:\/\/rutana.lt\/#organization\"},\"potentialAction\":[{\"@type\":\"SearchAction\",\"target\":{\"@type\":\"EntryPoint\",\"urlTemplate\":\"https:\/\/rutana.lt\/?s={search_term_string}\"},\"query-input\":{\"@type\":\"PropertyValueSpecification\",\"valueRequired\":true,\"valueName\":\"search_term_string\"}}],\"inLanguage\":\"en-US\"},{\"@type\":\"Organization\",\"@id\":\"https:\/\/rutana.lt\/#organization\",\"name\":\"Rutana - Ra\u0161tin\u0117s reikmenys\",\"url\":\"https:\/\/rutana.lt\/\",\"logo\":{\"@type\":\"ImageObject\",\"inLanguage\":\"en-US\",\"@id\":\"https:\/\/rutana.lt\/#\/schema\/logo\/image\/\",\"url\":\"https:\/\/rutana.lt\/wp-content\/uploads\/2025\/10\/Asset-32.png\",\"contentUrl\":\"https:\/\/rutana.lt\/wp-content\/uploads\/2025\/10\/Asset-32.png\",\"width\":433,\"height\":119,\"caption\":\"Rutana - Ra\u0161tin\u0117s reikmenys\"},\"image\":{\"@id\":\"https:\/\/rutana.lt\/#\/schema\/logo\/image\/\"},\"sameAs\":[\"https:\/\/www.facebook.com\/RutanaKanceliarinesPrekes\/\"]}]}<\/script>\n<!-- \/ Yoast SEO plugin. -->","yoast_head_json":{"title":"Tu\u0161inuk\u0173 Slider Edge XB 6 spalv\u0173 rinkinys Schneider 152276 - Rutana - Ra\u0161tin\u0117s reikmenys","robots":{"index":"index","follow":"follow","max-snippet":"max-snippet:-1","max-image-preview":"max-image-preview:large","max-video-preview":"max-video-preview:-1"},"canonical":"https:\/\/rutana.lt\/en\/product\/tusinuku-slider-edge-xb-6-spalvu-rinkinys-schneider-152276\/","og_locale":"en_US","og_type":"article","og_title":"Tu\u0161inuk\u0173 Slider Edge XB 6 spalv\u0173 rinkinys Schneider 152276 - Rutana - Ra\u0161tin\u0117s reikmenys","og_description":"Tu\u0161inukai su Viscoglide technologija skirti i\u0161skirtiniam, skland\u017eiam ra\u0161ymui. Greitai d\u017ei\u016bstantis tu\u0161as ir nesitepantis kai v\u0117liau ant jo norime pa\u017eym\u0117ti teksto \u017eymekliu. Idealiai tinkami projekt\u0173 brai\u017eymui ir pie\u0161imui, kadangi specialus tu\u0161as &#8222;nenub\u0117gs&#8221; kol ne\u012fsigers \u012f popieri\u0173. Gumuotas ir trikampis tu\u0161inuko korpusas sukurtas komforti\u0161kam ra\u0161ymui, kad nepavargt\u0173 ranka ir kad nenuried\u0117t\u0173 pad\u0117tas ant stalo. D\u0117l savo plonumo [&hellip;]","og_url":"https:\/\/rutana.lt\/en\/product\/tusinuku-slider-edge-xb-6-spalvu-rinkinys-schneider-152276\/","og_site_name":"Rutana - Ra\u0161tin\u0117s reikmenys","article_publisher":"https:\/\/www.facebook.com\/RutanaKanceliarinesPrekes\/","article_modified_time":"2025-10-13T13:30:35+00:00","og_image":[{"width":500,"height":500,"url":"https:\/\/rutana.lt\/wp-content\/uploads\/2025\/09\/C032-502.jpg","type":"image\/jpeg"}],"twitter_card":"summary_large_image","twitter_misc":{"Est. reading time":"1 minute"},"schema":{"@context":"https:\/\/schema.org","@graph":[{"@type":"WebPage","@id":"https:\/\/rutana.lt\/produktas\/tusinuku-slider-edge-xb-6-spalvu-rinkinys-schneider-152276\/","url":"https:\/\/rutana.lt\/produktas\/tusinuku-slider-edge-xb-6-spalvu-rinkinys-schneider-152276\/","name":"Tu\u0161inuk\u0173 Slider Edge XB 6 spalv\u0173 rinkinys Schneider 152276 - Rutana - Ra\u0161tin\u0117s reikmenys","isPartOf":{"@id":"https:\/\/rutana.lt\/#website"},"primaryImageOfPage":{"@id":"https:\/\/rutana.lt\/produktas\/tusinuku-slider-edge-xb-6-spalvu-rinkinys-schneider-152276\/#primaryimage"},"image":{"@id":"https:\/\/rutana.lt\/produktas\/tusinuku-slider-edge-xb-6-spalvu-rinkinys-schneider-152276\/#primaryimage"},"thumbnailUrl":"https:\/\/rutana.lt\/wp-content\/uploads\/2025\/09\/C032-502-2.jpg?v=1763621285","datePublished":"2025-09-03T06:59:33+00:00","dateModified":"2025-10-13T13:30:35+00:00","breadcrumb":{"@id":"https:\/\/rutana.lt\/produktas\/tusinuku-slider-edge-xb-6-spalvu-rinkinys-schneider-152276\/#breadcrumb"},"inLanguage":"en-US","potentialAction":[{"@type":"ReadAction","target":["https:\/\/rutana.lt\/produktas\/tusinuku-slider-edge-xb-6-spalvu-rinkinys-schneider-152276\/"]}]},{"@type":"ImageObject","inLanguage":"en-US","@id":"https:\/\/rutana.lt\/produktas\/tusinuku-slider-edge-xb-6-spalvu-rinkinys-schneider-152276\/#primaryimage","url":"https:\/\/rutana.lt\/wp-content\/uploads\/2025\/09\/C032-502-2.jpg?v=1763621285","contentUrl":"https:\/\/rutana.lt\/wp-content\/uploads\/2025\/09\/C032-502-2.jpg?v=1763621285","width":500,"height":500},{"@type":"BreadcrumbList","@id":"https:\/\/rutana.lt\/produktas\/tusinuku-slider-edge-xb-6-spalvu-rinkinys-schneider-152276\/#breadcrumb","itemListElement":[{"@type":"ListItem","position":1,"name":"Home","item":"https:\/\/rutana.lt\/"},{"@type":"ListItem","position":2,"name":"Parduotuv\u0117","item":"https:\/\/rutana.lt\/parduotuve\/"},{"@type":"ListItem","position":3,"name":"Tu\u0161inuk\u0173 Slider Edge XB 6 spalv\u0173 rinkinys Schneider 152276"}]},{"@type":"WebSite","@id":"https:\/\/rutana.lt\/#website","url":"https:\/\/rutana.lt\/","name":"Rutana - Ra\u0161tin\u0117s reikmenys","description":"Prekiaujame pasaulin\u0117je rinkoje pripa\u017eintomis, kokybi\u0161komis biuro prek\u0117mis toki\u0173  gamintoj\u0173 kaip: Schneider, Esselte, Novus, 3M, Faber-Castell, Citizen, Milan, Leitz, Colop, Zebra, Staedtler, Durable, Tork, Parker, Waterman ir kt.","publisher":{"@id":"https:\/\/rutana.lt\/#organization"},"potentialAction":[{"@type":"SearchAction","target":{"@type":"EntryPoint","urlTemplate":"https:\/\/rutana.lt\/?s={search_term_string}"},"query-input":{"@type":"PropertyValueSpecification","valueRequired":true,"valueName":"search_term_string"}}],"inLanguage":"en-US"},{"@type":"Organization","@id":"https:\/\/rutana.lt\/#organization","name":"Rutana - Ra\u0161tin\u0117s reikmenys","url":"https:\/\/rutana.lt\/","logo":{"@type":"ImageObject","inLanguage":"en-US","@id":"https:\/\/rutana.lt\/#\/schema\/logo\/image\/","url":"https:\/\/rutana.lt\/wp-content\/uploads\/2025\/10\/Asset-32.png","contentUrl":"https:\/\/rutana.lt\/wp-content\/uploads\/2025\/10\/Asset-32.png","width":433,"height":119,"caption":"Rutana - Ra\u0161tin\u0117s reikmenys"},"image":{"@id":"https:\/\/rutana.lt\/#\/schema\/logo\/image\/"},"sameAs":["https:\/\/www.facebook.com\/RutanaKanceliarinesPrekes\/"]}]}},"_links":{"self":[{"href":"https:\/\/rutana.lt\/en\/wp-json\/wp\/v2\/product\/8145","targetHints":{"allow":["GET"]}}],"collection":[{"href":"https:\/\/rutana.lt\/en\/wp-json\/wp\/v2\/product"}],"about":[{"href":"https:\/\/rutana.lt\/en\/wp-json\/wp\/v2\/types\/product"}],"replies":[{"embeddable":true,"href":"https:\/\/rutana.lt\/en\/wp-json\/wp\/v2\/comments?post=8145"}],"version-history":[{"count":1,"href":"https:\/\/rutana.lt\/en\/wp-json\/wp\/v2\/product\/8145\/revisions"}],"predecessor-version":[{"id":8201,"href":"https:\/\/rutana.lt\/en\/wp-json\/wp\/v2\/product\/8145\/revisions\/8201"}],"wp:featuredmedia":[{"embeddable":true,"href":"https:\/\/rutana.lt\/en\/wp-json\/wp\/v2\/media\/26386"}],"wp:attachment":[{"href":"https:\/\/rutana.lt\/en\/wp-json\/wp\/v2\/media?parent=8145"}],"wp:term":[{"taxonomy":"product_brand","embeddable":true,"href":"https:\/\/rutana.lt\/en\/wp-json\/wp\/v2\/product_brand?post=8145"},{"taxonomy":"product_cat","embeddable":true,"href":"https:\/\/rutana.lt\/en\/wp-json\/wp\/v2\/product_cat?post=8145"},{"taxonomy":"product_tag","embeddable":true,"href":"https:\/\/rutana.lt\/en\/wp-json\/wp\/v2\/product_tag?post=8145"}],"curies":[{"name":"wp","href":"https:\/\/api.w.org\/{rel}","templated":true}]}}