{"id":7893,"date":"2025-09-03T08:58:28","date_gmt":"2025-09-03T06:58:28","guid":{"rendered":"https:\/\/rutana.webdemo.lt\/?post_type=product&#038;p=7893"},"modified":"2025-10-13T15:29:47","modified_gmt":"2025-10-13T13:29:47","slug":"automatinis-piestukas-0-7mm-graffix-melynas-schneider-156203","status":"publish","type":"product","link":"https:\/\/rutana.lt\/en\/product\/automatinis-piestukas-0-7mm-graffix-melynas-schneider-156203\/","title":{"rendered":"Automatinis pie\u0161tukas 0.7mm Graffix m\u0117lynas Schneider 156203"},"content":{"rendered":"<p>Automatinis pie\u0161tukas idealiai tinkamas naudoti ra\u0161ymui ir tiksliam brai\u017eymui su liniuote, \u0161ablonais, lekalais. Turi gumuot\u0105 laikymo zon\u0105, metalin\u0119 \u012fseg\u0117l\u0119 ir galiuk\u0105. Pie\u0161tuko antgalyje yra ilgas ir neturintis PVC trintukas. Pie\u0161tuko grafitas atsparus l\u016b\u017eiams ir lengvai kei\u010diamas.<\/p>\n<p>Grafito storis: 0.7 mm<\/p>\n<p>Grafito kietumas: HB<\/p>\n<p>Korpuso spalva: m\u0117lyna<\/p>\n<p>Kilm\u0117s \u0161alis: Vokietija <\/p>\n<\/p>\n<p><\/p>","protected":false},"excerpt":{"rendered":"<p>Automatinis pie\u0161tukas idealiai tinkamas naudoti ra\u0161ymui ir tiksliam brai\u017eymui su liniuote, \u0161ablonais, lekalais. Turi gumuot\u0105 laikymo zon\u0105, metalin\u0119 \u012fseg\u0117l\u0119 ir galiuk\u0105. Pie\u0161tuko antgalyje yra ilgas ir neturintis PVC trintukas. Pie\u0161tuko grafitas atsparus l\u016b\u017eiams ir lengvai kei\u010diamas. Grafito storis: 0.7 mm Grafito kietumas: HB Korpuso spalva: m\u0117lyna Kilm\u0117s \u0161alis: Vokietija<\/p>","protected":false},"featured_media":26290,"comment_status":"open","ping_status":"closed","template":"","meta":{"_season_start":"","_season_end":"","_season_days":"","_season_months":"","_season_auto_visibility":""},"product_brand":[202],"product_cat":[1807],"product_tag":[],"class_list":{"0":"post-7893","1":"product","2":"type-product","3":"status-publish","4":"has-post-thumbnail","6":"product_brand-schneider","7":"product_cat-automatiniai-piestukai","9":"first","10":"instock","11":"taxable","12":"shipping-taxable","13":"purchasable","14":"product-type-simple"},"yoast_head":"<!-- This site is optimized with the Yoast SEO plugin v27.4 - https:\/\/yoast.com\/product\/yoast-seo-wordpress\/ -->\n<title>Automatinis pie\u0161tukas 0.7mm Graffix m\u0117lynas Schneider 156203 - Rutana - Ra\u0161tin\u0117s reikmenys<\/title>\n<meta name=\"robots\" content=\"index, follow, max-snippet:-1, max-image-preview:large, max-video-preview:-1\" \/>\n<link rel=\"canonical\" href=\"https:\/\/rutana.lt\/en\/product\/automatinis-piestukas-0-7mm-graffix-melynas-schneider-156203\/\" \/>\n<meta property=\"og:locale\" content=\"en_US\" \/>\n<meta property=\"og:type\" content=\"article\" \/>\n<meta property=\"og:title\" content=\"Automatinis pie\u0161tukas 0.7mm Graffix m\u0117lynas Schneider 156203 - Rutana - Ra\u0161tin\u0117s reikmenys\" \/>\n<meta property=\"og:description\" content=\"Automatinis pie\u0161tukas idealiai tinkamas naudoti ra\u0161ymui ir tiksliam brai\u017eymui su liniuote, \u0161ablonais, lekalais. Turi gumuot\u0105 laikymo zon\u0105, metalin\u0119 \u012fseg\u0117l\u0119 ir galiuk\u0105. Pie\u0161tuko antgalyje yra ilgas ir neturintis PVC trintukas. Pie\u0161tuko grafitas atsparus l\u016b\u017eiams ir lengvai kei\u010diamas. Grafito storis: 0.7 mm Grafito kietumas: HB Korpuso spalva: m\u0117lyna Kilm\u0117s \u0161alis: Vokietija\" \/>\n<meta property=\"og:url\" content=\"https:\/\/rutana.lt\/en\/product\/automatinis-piestukas-0-7mm-graffix-melynas-schneider-156203\/\" \/>\n<meta property=\"og:site_name\" content=\"Rutana - Ra\u0161tin\u0117s reikmenys\" \/>\n<meta property=\"article:publisher\" content=\"https:\/\/www.facebook.com\/RutanaKanceliarinesPrekes\/\" \/>\n<meta property=\"article:modified_time\" content=\"2025-10-13T13:29:47+00:00\" \/>\n<meta property=\"og:image\" content=\"https:\/\/rutana.lt\/wp-content\/uploads\/2025\/09\/C081-357.jpg\" \/>\n\t<meta property=\"og:image:width\" content=\"403\" \/>\n\t<meta property=\"og:image:height\" content=\"401\" \/>\n\t<meta property=\"og:image:type\" content=\"image\/jpeg\" \/>\n<meta name=\"twitter:card\" content=\"summary_large_image\" \/>\n<script type=\"application\/ld+json\" class=\"yoast-schema-graph\">{\"@context\":\"https:\\\/\\\/schema.org\",\"@graph\":[{\"@type\":\"WebPage\",\"@id\":\"https:\\\/\\\/rutana.lt\\\/produktas\\\/automatinis-piestukas-0-7mm-graffix-melynas-schneider-156203\\\/\",\"url\":\"https:\\\/\\\/rutana.lt\\\/produktas\\\/automatinis-piestukas-0-7mm-graffix-melynas-schneider-156203\\\/\",\"name\":\"Automatinis pie\u0161tukas 0.7mm Graffix m\u0117lynas Schneider 156203 - Rutana - Ra\u0161tin\u0117s reikmenys\",\"isPartOf\":{\"@id\":\"https:\\\/\\\/rutana.lt\\\/#website\"},\"primaryImageOfPage\":{\"@id\":\"https:\\\/\\\/rutana.lt\\\/produktas\\\/automatinis-piestukas-0-7mm-graffix-melynas-schneider-156203\\\/#primaryimage\"},\"image\":{\"@id\":\"https:\\\/\\\/rutana.lt\\\/produktas\\\/automatinis-piestukas-0-7mm-graffix-melynas-schneider-156203\\\/#primaryimage\"},\"thumbnailUrl\":\"https:\\\/\\\/rutana.lt\\\/wp-content\\\/uploads\\\/2025\\\/09\\\/C081-357-1.jpg?v=1763621406\",\"datePublished\":\"2025-09-03T06:58:28+00:00\",\"dateModified\":\"2025-10-13T13:29:47+00:00\",\"breadcrumb\":{\"@id\":\"https:\\\/\\\/rutana.lt\\\/produktas\\\/automatinis-piestukas-0-7mm-graffix-melynas-schneider-156203\\\/#breadcrumb\"},\"inLanguage\":\"en-US\",\"potentialAction\":[{\"@type\":\"ReadAction\",\"target\":[\"https:\\\/\\\/rutana.lt\\\/produktas\\\/automatinis-piestukas-0-7mm-graffix-melynas-schneider-156203\\\/\"]}]},{\"@type\":\"ImageObject\",\"inLanguage\":\"en-US\",\"@id\":\"https:\\\/\\\/rutana.lt\\\/produktas\\\/automatinis-piestukas-0-7mm-graffix-melynas-schneider-156203\\\/#primaryimage\",\"url\":\"https:\\\/\\\/rutana.lt\\\/wp-content\\\/uploads\\\/2025\\\/09\\\/C081-357-1.jpg?v=1763621406\",\"contentUrl\":\"https:\\\/\\\/rutana.lt\\\/wp-content\\\/uploads\\\/2025\\\/09\\\/C081-357-1.jpg?v=1763621406\",\"width\":403,\"height\":401},{\"@type\":\"BreadcrumbList\",\"@id\":\"https:\\\/\\\/rutana.lt\\\/produktas\\\/automatinis-piestukas-0-7mm-graffix-melynas-schneider-156203\\\/#breadcrumb\",\"itemListElement\":[{\"@type\":\"ListItem\",\"position\":1,\"name\":\"Home\",\"item\":\"https:\\\/\\\/rutana.lt\\\/\"},{\"@type\":\"ListItem\",\"position\":2,\"name\":\"Parduotuv\u0117\",\"item\":\"https:\\\/\\\/rutana.lt\\\/parduotuve\\\/\"},{\"@type\":\"ListItem\",\"position\":3,\"name\":\"Automatinis pie\u0161tukas 0.7mm Graffix m\u0117lynas Schneider 156203\"}]},{\"@type\":\"WebSite\",\"@id\":\"https:\\\/\\\/rutana.lt\\\/#website\",\"url\":\"https:\\\/\\\/rutana.lt\\\/\",\"name\":\"Rutana - Ra\u0161tin\u0117s reikmenys\",\"description\":\"Prekiaujame pasaulin\u0117je rinkoje pripa\u017eintomis, kokybi\u0161komis biuro prek\u0117mis toki\u0173  gamintoj\u0173 kaip: Schneider, Esselte, Novus, 3M, Faber-Castell, Citizen, Milan, Leitz, Colop, Zebra, Staedtler, Durable, Tork, Parker, Waterman ir kt.\",\"publisher\":{\"@id\":\"https:\\\/\\\/rutana.lt\\\/#organization\"},\"potentialAction\":[{\"@type\":\"SearchAction\",\"target\":{\"@type\":\"EntryPoint\",\"urlTemplate\":\"https:\\\/\\\/rutana.lt\\\/?s={search_term_string}\"},\"query-input\":{\"@type\":\"PropertyValueSpecification\",\"valueRequired\":true,\"valueName\":\"search_term_string\"}}],\"inLanguage\":\"en-US\"},{\"@type\":\"Organization\",\"@id\":\"https:\\\/\\\/rutana.lt\\\/#organization\",\"name\":\"Rutana - Ra\u0161tin\u0117s reikmenys\",\"url\":\"https:\\\/\\\/rutana.lt\\\/\",\"logo\":{\"@type\":\"ImageObject\",\"inLanguage\":\"en-US\",\"@id\":\"https:\\\/\\\/rutana.lt\\\/#\\\/schema\\\/logo\\\/image\\\/\",\"url\":\"https:\\\/\\\/rutana.lt\\\/wp-content\\\/uploads\\\/2025\\\/10\\\/Asset-32.png\",\"contentUrl\":\"https:\\\/\\\/rutana.lt\\\/wp-content\\\/uploads\\\/2025\\\/10\\\/Asset-32.png\",\"width\":433,\"height\":119,\"caption\":\"Rutana - Ra\u0161tin\u0117s reikmenys\"},\"image\":{\"@id\":\"https:\\\/\\\/rutana.lt\\\/#\\\/schema\\\/logo\\\/image\\\/\"},\"sameAs\":[\"https:\\\/\\\/www.facebook.com\\\/RutanaKanceliarinesPrekes\\\/\"]}]}<\/script>\n<!-- \/ Yoast SEO plugin. -->","yoast_head_json":{"title":"Automatinis pie\u0161tukas 0.7mm Graffix m\u0117lynas Schneider 156203 - Rutana - Ra\u0161tin\u0117s reikmenys","robots":{"index":"index","follow":"follow","max-snippet":"max-snippet:-1","max-image-preview":"max-image-preview:large","max-video-preview":"max-video-preview:-1"},"canonical":"https:\/\/rutana.lt\/en\/product\/automatinis-piestukas-0-7mm-graffix-melynas-schneider-156203\/","og_locale":"en_US","og_type":"article","og_title":"Automatinis pie\u0161tukas 0.7mm Graffix m\u0117lynas Schneider 156203 - Rutana - Ra\u0161tin\u0117s reikmenys","og_description":"Automatinis pie\u0161tukas idealiai tinkamas naudoti ra\u0161ymui ir tiksliam brai\u017eymui su liniuote, \u0161ablonais, lekalais. Turi gumuot\u0105 laikymo zon\u0105, metalin\u0119 \u012fseg\u0117l\u0119 ir galiuk\u0105. Pie\u0161tuko antgalyje yra ilgas ir neturintis PVC trintukas. Pie\u0161tuko grafitas atsparus l\u016b\u017eiams ir lengvai kei\u010diamas. Grafito storis: 0.7 mm Grafito kietumas: HB Korpuso spalva: m\u0117lyna Kilm\u0117s \u0161alis: Vokietija","og_url":"https:\/\/rutana.lt\/en\/product\/automatinis-piestukas-0-7mm-graffix-melynas-schneider-156203\/","og_site_name":"Rutana - Ra\u0161tin\u0117s reikmenys","article_publisher":"https:\/\/www.facebook.com\/RutanaKanceliarinesPrekes\/","article_modified_time":"2025-10-13T13:29:47+00:00","og_image":[{"width":403,"height":401,"url":"https:\/\/rutana.lt\/wp-content\/uploads\/2025\/09\/C081-357.jpg","type":"image\/jpeg"}],"twitter_card":"summary_large_image","schema":{"@context":"https:\/\/schema.org","@graph":[{"@type":"WebPage","@id":"https:\/\/rutana.lt\/produktas\/automatinis-piestukas-0-7mm-graffix-melynas-schneider-156203\/","url":"https:\/\/rutana.lt\/produktas\/automatinis-piestukas-0-7mm-graffix-melynas-schneider-156203\/","name":"Automatinis pie\u0161tukas 0.7mm Graffix m\u0117lynas Schneider 156203 - Rutana - Ra\u0161tin\u0117s reikmenys","isPartOf":{"@id":"https:\/\/rutana.lt\/#website"},"primaryImageOfPage":{"@id":"https:\/\/rutana.lt\/produktas\/automatinis-piestukas-0-7mm-graffix-melynas-schneider-156203\/#primaryimage"},"image":{"@id":"https:\/\/rutana.lt\/produktas\/automatinis-piestukas-0-7mm-graffix-melynas-schneider-156203\/#primaryimage"},"thumbnailUrl":"https:\/\/rutana.lt\/wp-content\/uploads\/2025\/09\/C081-357-1.jpg?v=1763621406","datePublished":"2025-09-03T06:58:28+00:00","dateModified":"2025-10-13T13:29:47+00:00","breadcrumb":{"@id":"https:\/\/rutana.lt\/produktas\/automatinis-piestukas-0-7mm-graffix-melynas-schneider-156203\/#breadcrumb"},"inLanguage":"en-US","potentialAction":[{"@type":"ReadAction","target":["https:\/\/rutana.lt\/produktas\/automatinis-piestukas-0-7mm-graffix-melynas-schneider-156203\/"]}]},{"@type":"ImageObject","inLanguage":"en-US","@id":"https:\/\/rutana.lt\/produktas\/automatinis-piestukas-0-7mm-graffix-melynas-schneider-156203\/#primaryimage","url":"https:\/\/rutana.lt\/wp-content\/uploads\/2025\/09\/C081-357-1.jpg?v=1763621406","contentUrl":"https:\/\/rutana.lt\/wp-content\/uploads\/2025\/09\/C081-357-1.jpg?v=1763621406","width":403,"height":401},{"@type":"BreadcrumbList","@id":"https:\/\/rutana.lt\/produktas\/automatinis-piestukas-0-7mm-graffix-melynas-schneider-156203\/#breadcrumb","itemListElement":[{"@type":"ListItem","position":1,"name":"Home","item":"https:\/\/rutana.lt\/"},{"@type":"ListItem","position":2,"name":"Parduotuv\u0117","item":"https:\/\/rutana.lt\/parduotuve\/"},{"@type":"ListItem","position":3,"name":"Automatinis pie\u0161tukas 0.7mm Graffix m\u0117lynas Schneider 156203"}]},{"@type":"WebSite","@id":"https:\/\/rutana.lt\/#website","url":"https:\/\/rutana.lt\/","name":"Rutana - Ra\u0161tin\u0117s reikmenys","description":"Prekiaujame pasaulin\u0117je rinkoje pripa\u017eintomis, kokybi\u0161komis biuro prek\u0117mis toki\u0173  gamintoj\u0173 kaip: Schneider, Esselte, Novus, 3M, Faber-Castell, Citizen, Milan, Leitz, Colop, Zebra, Staedtler, Durable, Tork, Parker, Waterman ir kt.","publisher":{"@id":"https:\/\/rutana.lt\/#organization"},"potentialAction":[{"@type":"SearchAction","target":{"@type":"EntryPoint","urlTemplate":"https:\/\/rutana.lt\/?s={search_term_string}"},"query-input":{"@type":"PropertyValueSpecification","valueRequired":true,"valueName":"search_term_string"}}],"inLanguage":"en-US"},{"@type":"Organization","@id":"https:\/\/rutana.lt\/#organization","name":"Rutana - Ra\u0161tin\u0117s reikmenys","url":"https:\/\/rutana.lt\/","logo":{"@type":"ImageObject","inLanguage":"en-US","@id":"https:\/\/rutana.lt\/#\/schema\/logo\/image\/","url":"https:\/\/rutana.lt\/wp-content\/uploads\/2025\/10\/Asset-32.png","contentUrl":"https:\/\/rutana.lt\/wp-content\/uploads\/2025\/10\/Asset-32.png","width":433,"height":119,"caption":"Rutana - Ra\u0161tin\u0117s reikmenys"},"image":{"@id":"https:\/\/rutana.lt\/#\/schema\/logo\/image\/"},"sameAs":["https:\/\/www.facebook.com\/RutanaKanceliarinesPrekes\/"]}]}},"_links":{"self":[{"href":"https:\/\/rutana.lt\/en\/wp-json\/wp\/v2\/product\/7893","targetHints":{"allow":["GET"]}}],"collection":[{"href":"https:\/\/rutana.lt\/en\/wp-json\/wp\/v2\/product"}],"about":[{"href":"https:\/\/rutana.lt\/en\/wp-json\/wp\/v2\/types\/product"}],"replies":[{"embeddable":true,"href":"https:\/\/rutana.lt\/en\/wp-json\/wp\/v2\/comments?post=7893"}],"version-history":[{"count":1,"href":"https:\/\/rutana.lt\/en\/wp-json\/wp\/v2\/product\/7893\/revisions"}],"predecessor-version":[{"id":7931,"href":"https:\/\/rutana.lt\/en\/wp-json\/wp\/v2\/product\/7893\/revisions\/7931"}],"wp:featuredmedia":[{"embeddable":true,"href":"https:\/\/rutana.lt\/en\/wp-json\/wp\/v2\/media\/26290"}],"wp:attachment":[{"href":"https:\/\/rutana.lt\/en\/wp-json\/wp\/v2\/media?parent=7893"}],"wp:term":[{"taxonomy":"product_brand","embeddable":true,"href":"https:\/\/rutana.lt\/en\/wp-json\/wp\/v2\/product_brand?post=7893"},{"taxonomy":"product_cat","embeddable":true,"href":"https:\/\/rutana.lt\/en\/wp-json\/wp\/v2\/product_cat?post=7893"},{"taxonomy":"product_tag","embeddable":true,"href":"https:\/\/rutana.lt\/en\/wp-json\/wp\/v2\/product_tag?post=7893"}],"curies":[{"name":"wp","href":"https:\/\/api.w.org\/{rel}","templated":true}]}}