{"id":7821,"date":"2025-09-03T08:58:04","date_gmt":"2025-09-03T06:58:04","guid":{"rendered":"https:\/\/rutana.webdemo.lt\/?post_type=product&#038;p=7821"},"modified":"2025-10-13T15:29:39","modified_gmt":"2025-10-13T13:29:39","slug":"automatinis-tusinukas-su-stovu-ir-grandinele-counter-pen-4-vnt-melynas-bic","status":"publish","type":"product","link":"https:\/\/rutana.lt\/en\/product\/automatinis-tusinukas-su-stovu-ir-grandinele-counter-pen-4-vnt-melynas-bic\/","title":{"rendered":"Automatinis tu\u0161inukas su stovu ir grandin\u0117le Counter Pen 4 vnt. m\u0117lynas BIC"},"content":{"rendered":"<p>Automatinis tu\u0161inukas plastikiniu korpusu su stabiliu, sunkiu pagrindu ir patikima grandin\u0117le ( 580 mm ilgio ). Komplekte taip pat yra lipnios juostel\u0117s, kad tu\u0161inuko stov\u0105 galima b\u016bt\u0173 priklijuoti prie stalo. Tu\u0161inuke \u012fd\u0117tos keturios m\u0117lynos spalvos \u0161erdel\u0117s. Plastikin\u0117 \u012fseg\u0117l\u0117. Kei\u010diamos \u0161erdel\u0117s.<\/p>\n<p>\u0160erdel\u0117s galvut\u0117s storis: 1.0 mm<\/p>\n<p style=\"margin-bottom: 10px;\">Tu\u0161o spalvos: m\u0117lyna<\/p>\n<p style=\"margin-bottom: 10px;\">Kilm\u0117s \u0161alis: Pranc\u016bzija \/ Tunisas<\/p>\n<p style=\"margin-bottom: 10px;\"><\/p>\n<p style=\"margin-bottom: 10px;\"><\/p>\n<p style=\"margin-bottom: 10px;\"><\/p>","protected":false},"excerpt":{"rendered":"<p>Automatinis tu\u0161inukas plastikiniu korpusu su stabiliu, sunkiu pagrindu ir patikima grandin\u0117le ( 580 mm ilgio ). Komplekte taip pat yra lipnios juostel\u0117s, kad tu\u0161inuko stov\u0105 galima b\u016bt\u0173 priklijuoti prie stalo. Tu\u0161inuke \u012fd\u0117tos keturios m\u0117lynos spalvos \u0161erdel\u0117s. Plastikin\u0117 \u012fseg\u0117l\u0117. Kei\u010diamos \u0161erdel\u0117s. \u0160erdel\u0117s galvut\u0117s storis: 1.0 mm Tu\u0161o spalvos: m\u0117lyna Kilm\u0117s \u0161alis: Pranc\u016bzija \/ Tunisas<\/p>","protected":false},"featured_media":26274,"comment_status":"open","ping_status":"closed","template":"","meta":{"_season_start":"","_season_end":"","_season_days":"","_season_months":"","_season_auto_visibility":""},"product_brand":[589],"product_cat":[1750],"product_tag":[],"class_list":{"0":"post-7821","1":"product","2":"type-product","3":"status-publish","4":"has-post-thumbnail","6":"product_brand-bic","7":"product_cat-tusinukai","9":"first","10":"instock","11":"taxable","12":"shipping-taxable","13":"purchasable","14":"product-type-simple"},"yoast_head":"<!-- This site is optimized with the Yoast SEO plugin v26.1.1 - https:\/\/yoast.com\/wordpress\/plugins\/seo\/ -->\n<title>Automatinis tu\u0161inukas su stovu ir grandin\u0117le Counter Pen 4 vnt. m\u0117lynas BIC - Rutana - Ra\u0161tin\u0117s reikmenys<\/title>\n<meta name=\"robots\" content=\"index, follow, max-snippet:-1, max-image-preview:large, max-video-preview:-1\" \/>\n<link rel=\"canonical\" href=\"https:\/\/rutana.lt\/en\/product\/automatinis-tusinukas-su-stovu-ir-grandinele-counter-pen-4-vnt-melynas-bic\/\" \/>\n<meta property=\"og:locale\" content=\"en_US\" \/>\n<meta property=\"og:type\" content=\"article\" \/>\n<meta property=\"og:title\" content=\"Automatinis tu\u0161inukas su stovu ir grandin\u0117le Counter Pen 4 vnt. m\u0117lynas BIC - Rutana - Ra\u0161tin\u0117s reikmenys\" \/>\n<meta property=\"og:description\" content=\"Automatinis tu\u0161inukas plastikiniu korpusu su stabiliu, sunkiu pagrindu ir patikima grandin\u0117le ( 580 mm ilgio ). Komplekte taip pat yra lipnios juostel\u0117s, kad tu\u0161inuko stov\u0105 galima b\u016bt\u0173 priklijuoti prie stalo. Tu\u0161inuke \u012fd\u0117tos keturios m\u0117lynos spalvos \u0161erdel\u0117s. Plastikin\u0117 \u012fseg\u0117l\u0117. Kei\u010diamos \u0161erdel\u0117s. \u0160erdel\u0117s galvut\u0117s storis: 1.0 mm Tu\u0161o spalvos: m\u0117lyna Kilm\u0117s \u0161alis: Pranc\u016bzija \/ Tunisas\" \/>\n<meta property=\"og:url\" content=\"https:\/\/rutana.lt\/en\/product\/automatinis-tusinukas-su-stovu-ir-grandinele-counter-pen-4-vnt-melynas-bic\/\" \/>\n<meta property=\"og:site_name\" content=\"Rutana - Ra\u0161tin\u0117s reikmenys\" \/>\n<meta property=\"article:publisher\" content=\"https:\/\/www.facebook.com\/RutanaKanceliarinesPrekes\/\" \/>\n<meta property=\"article:modified_time\" content=\"2025-10-13T13:29:39+00:00\" \/>\n<meta property=\"og:image\" content=\"https:\/\/rutana.lt\/wp-content\/uploads\/2025\/09\/C034-008.jpg\" \/>\n\t<meta property=\"og:image:width\" content=\"500\" \/>\n\t<meta property=\"og:image:height\" content=\"500\" \/>\n\t<meta property=\"og:image:type\" content=\"image\/jpeg\" \/>\n<meta name=\"twitter:card\" content=\"summary_large_image\" \/>\n<script type=\"application\/ld+json\" class=\"yoast-schema-graph\">{\"@context\":\"https:\/\/schema.org\",\"@graph\":[{\"@type\":\"WebPage\",\"@id\":\"https:\/\/rutana.lt\/produktas\/automatinis-tusinukas-su-stovu-ir-grandinele-counter-pen-4-vnt-melynas-bic\/\",\"url\":\"https:\/\/rutana.lt\/produktas\/automatinis-tusinukas-su-stovu-ir-grandinele-counter-pen-4-vnt-melynas-bic\/\",\"name\":\"Automatinis tu\u0161inukas su stovu ir grandin\u0117le Counter Pen 4 vnt. m\u0117lynas BIC - Rutana - Ra\u0161tin\u0117s reikmenys\",\"isPartOf\":{\"@id\":\"https:\/\/rutana.lt\/#website\"},\"primaryImageOfPage\":{\"@id\":\"https:\/\/rutana.lt\/produktas\/automatinis-tusinukas-su-stovu-ir-grandinele-counter-pen-4-vnt-melynas-bic\/#primaryimage\"},\"image\":{\"@id\":\"https:\/\/rutana.lt\/produktas\/automatinis-tusinukas-su-stovu-ir-grandinele-counter-pen-4-vnt-melynas-bic\/#primaryimage\"},\"thumbnailUrl\":\"https:\/\/rutana.lt\/wp-content\/uploads\/2025\/09\/C034-008-1.jpg?v=1763621425\",\"datePublished\":\"2025-09-03T06:58:04+00:00\",\"dateModified\":\"2025-10-13T13:29:39+00:00\",\"breadcrumb\":{\"@id\":\"https:\/\/rutana.lt\/produktas\/automatinis-tusinukas-su-stovu-ir-grandinele-counter-pen-4-vnt-melynas-bic\/#breadcrumb\"},\"inLanguage\":\"en-US\",\"potentialAction\":[{\"@type\":\"ReadAction\",\"target\":[\"https:\/\/rutana.lt\/produktas\/automatinis-tusinukas-su-stovu-ir-grandinele-counter-pen-4-vnt-melynas-bic\/\"]}]},{\"@type\":\"ImageObject\",\"inLanguage\":\"en-US\",\"@id\":\"https:\/\/rutana.lt\/produktas\/automatinis-tusinukas-su-stovu-ir-grandinele-counter-pen-4-vnt-melynas-bic\/#primaryimage\",\"url\":\"https:\/\/rutana.lt\/wp-content\/uploads\/2025\/09\/C034-008-1.jpg?v=1763621425\",\"contentUrl\":\"https:\/\/rutana.lt\/wp-content\/uploads\/2025\/09\/C034-008-1.jpg?v=1763621425\",\"width\":500,\"height\":500},{\"@type\":\"BreadcrumbList\",\"@id\":\"https:\/\/rutana.lt\/produktas\/automatinis-tusinukas-su-stovu-ir-grandinele-counter-pen-4-vnt-melynas-bic\/#breadcrumb\",\"itemListElement\":[{\"@type\":\"ListItem\",\"position\":1,\"name\":\"Home\",\"item\":\"https:\/\/rutana.lt\/\"},{\"@type\":\"ListItem\",\"position\":2,\"name\":\"Parduotuv\u0117\",\"item\":\"https:\/\/rutana.lt\/parduotuve\/\"},{\"@type\":\"ListItem\",\"position\":3,\"name\":\"Automatinis tu\u0161inukas su stovu ir grandin\u0117le Counter Pen 4 vnt. m\u0117lynas BIC\"}]},{\"@type\":\"WebSite\",\"@id\":\"https:\/\/rutana.lt\/#website\",\"url\":\"https:\/\/rutana.lt\/\",\"name\":\"Rutana - Ra\u0161tin\u0117s reikmenys\",\"description\":\"Prekiaujame pasaulin\u0117je rinkoje pripa\u017eintomis, kokybi\u0161komis biuro prek\u0117mis toki\u0173  gamintoj\u0173 kaip: Schneider, Esselte, Novus, 3M, Faber-Castell, Citizen, Milan, Leitz, Colop, Zebra, Staedtler, Durable, Tork, Parker, Waterman ir kt.\",\"publisher\":{\"@id\":\"https:\/\/rutana.lt\/#organization\"},\"potentialAction\":[{\"@type\":\"SearchAction\",\"target\":{\"@type\":\"EntryPoint\",\"urlTemplate\":\"https:\/\/rutana.lt\/?s={search_term_string}\"},\"query-input\":{\"@type\":\"PropertyValueSpecification\",\"valueRequired\":true,\"valueName\":\"search_term_string\"}}],\"inLanguage\":\"en-US\"},{\"@type\":\"Organization\",\"@id\":\"https:\/\/rutana.lt\/#organization\",\"name\":\"Rutana - Ra\u0161tin\u0117s reikmenys\",\"url\":\"https:\/\/rutana.lt\/\",\"logo\":{\"@type\":\"ImageObject\",\"inLanguage\":\"en-US\",\"@id\":\"https:\/\/rutana.lt\/#\/schema\/logo\/image\/\",\"url\":\"https:\/\/rutana.lt\/wp-content\/uploads\/2025\/10\/Asset-32.png\",\"contentUrl\":\"https:\/\/rutana.lt\/wp-content\/uploads\/2025\/10\/Asset-32.png\",\"width\":433,\"height\":119,\"caption\":\"Rutana - Ra\u0161tin\u0117s reikmenys\"},\"image\":{\"@id\":\"https:\/\/rutana.lt\/#\/schema\/logo\/image\/\"},\"sameAs\":[\"https:\/\/www.facebook.com\/RutanaKanceliarinesPrekes\/\"]}]}<\/script>\n<!-- \/ Yoast SEO plugin. -->","yoast_head_json":{"title":"Automatinis tu\u0161inukas su stovu ir grandin\u0117le Counter Pen 4 vnt. m\u0117lynas BIC - Rutana - Ra\u0161tin\u0117s reikmenys","robots":{"index":"index","follow":"follow","max-snippet":"max-snippet:-1","max-image-preview":"max-image-preview:large","max-video-preview":"max-video-preview:-1"},"canonical":"https:\/\/rutana.lt\/en\/product\/automatinis-tusinukas-su-stovu-ir-grandinele-counter-pen-4-vnt-melynas-bic\/","og_locale":"en_US","og_type":"article","og_title":"Automatinis tu\u0161inukas su stovu ir grandin\u0117le Counter Pen 4 vnt. m\u0117lynas BIC - Rutana - Ra\u0161tin\u0117s reikmenys","og_description":"Automatinis tu\u0161inukas plastikiniu korpusu su stabiliu, sunkiu pagrindu ir patikima grandin\u0117le ( 580 mm ilgio ). Komplekte taip pat yra lipnios juostel\u0117s, kad tu\u0161inuko stov\u0105 galima b\u016bt\u0173 priklijuoti prie stalo. Tu\u0161inuke \u012fd\u0117tos keturios m\u0117lynos spalvos \u0161erdel\u0117s. Plastikin\u0117 \u012fseg\u0117l\u0117. Kei\u010diamos \u0161erdel\u0117s. \u0160erdel\u0117s galvut\u0117s storis: 1.0 mm Tu\u0161o spalvos: m\u0117lyna Kilm\u0117s \u0161alis: Pranc\u016bzija \/ Tunisas","og_url":"https:\/\/rutana.lt\/en\/product\/automatinis-tusinukas-su-stovu-ir-grandinele-counter-pen-4-vnt-melynas-bic\/","og_site_name":"Rutana - Ra\u0161tin\u0117s reikmenys","article_publisher":"https:\/\/www.facebook.com\/RutanaKanceliarinesPrekes\/","article_modified_time":"2025-10-13T13:29:39+00:00","og_image":[{"width":500,"height":500,"url":"https:\/\/rutana.lt\/wp-content\/uploads\/2025\/09\/C034-008.jpg","type":"image\/jpeg"}],"twitter_card":"summary_large_image","schema":{"@context":"https:\/\/schema.org","@graph":[{"@type":"WebPage","@id":"https:\/\/rutana.lt\/produktas\/automatinis-tusinukas-su-stovu-ir-grandinele-counter-pen-4-vnt-melynas-bic\/","url":"https:\/\/rutana.lt\/produktas\/automatinis-tusinukas-su-stovu-ir-grandinele-counter-pen-4-vnt-melynas-bic\/","name":"Automatinis tu\u0161inukas su stovu ir grandin\u0117le Counter Pen 4 vnt. m\u0117lynas BIC - Rutana - Ra\u0161tin\u0117s reikmenys","isPartOf":{"@id":"https:\/\/rutana.lt\/#website"},"primaryImageOfPage":{"@id":"https:\/\/rutana.lt\/produktas\/automatinis-tusinukas-su-stovu-ir-grandinele-counter-pen-4-vnt-melynas-bic\/#primaryimage"},"image":{"@id":"https:\/\/rutana.lt\/produktas\/automatinis-tusinukas-su-stovu-ir-grandinele-counter-pen-4-vnt-melynas-bic\/#primaryimage"},"thumbnailUrl":"https:\/\/rutana.lt\/wp-content\/uploads\/2025\/09\/C034-008-1.jpg?v=1763621425","datePublished":"2025-09-03T06:58:04+00:00","dateModified":"2025-10-13T13:29:39+00:00","breadcrumb":{"@id":"https:\/\/rutana.lt\/produktas\/automatinis-tusinukas-su-stovu-ir-grandinele-counter-pen-4-vnt-melynas-bic\/#breadcrumb"},"inLanguage":"en-US","potentialAction":[{"@type":"ReadAction","target":["https:\/\/rutana.lt\/produktas\/automatinis-tusinukas-su-stovu-ir-grandinele-counter-pen-4-vnt-melynas-bic\/"]}]},{"@type":"ImageObject","inLanguage":"en-US","@id":"https:\/\/rutana.lt\/produktas\/automatinis-tusinukas-su-stovu-ir-grandinele-counter-pen-4-vnt-melynas-bic\/#primaryimage","url":"https:\/\/rutana.lt\/wp-content\/uploads\/2025\/09\/C034-008-1.jpg?v=1763621425","contentUrl":"https:\/\/rutana.lt\/wp-content\/uploads\/2025\/09\/C034-008-1.jpg?v=1763621425","width":500,"height":500},{"@type":"BreadcrumbList","@id":"https:\/\/rutana.lt\/produktas\/automatinis-tusinukas-su-stovu-ir-grandinele-counter-pen-4-vnt-melynas-bic\/#breadcrumb","itemListElement":[{"@type":"ListItem","position":1,"name":"Home","item":"https:\/\/rutana.lt\/"},{"@type":"ListItem","position":2,"name":"Parduotuv\u0117","item":"https:\/\/rutana.lt\/parduotuve\/"},{"@type":"ListItem","position":3,"name":"Automatinis tu\u0161inukas su stovu ir grandin\u0117le Counter Pen 4 vnt. m\u0117lynas BIC"}]},{"@type":"WebSite","@id":"https:\/\/rutana.lt\/#website","url":"https:\/\/rutana.lt\/","name":"Rutana - Ra\u0161tin\u0117s reikmenys","description":"Prekiaujame pasaulin\u0117je rinkoje pripa\u017eintomis, kokybi\u0161komis biuro prek\u0117mis toki\u0173  gamintoj\u0173 kaip: Schneider, Esselte, Novus, 3M, Faber-Castell, Citizen, Milan, Leitz, Colop, Zebra, Staedtler, Durable, Tork, Parker, Waterman ir kt.","publisher":{"@id":"https:\/\/rutana.lt\/#organization"},"potentialAction":[{"@type":"SearchAction","target":{"@type":"EntryPoint","urlTemplate":"https:\/\/rutana.lt\/?s={search_term_string}"},"query-input":{"@type":"PropertyValueSpecification","valueRequired":true,"valueName":"search_term_string"}}],"inLanguage":"en-US"},{"@type":"Organization","@id":"https:\/\/rutana.lt\/#organization","name":"Rutana - Ra\u0161tin\u0117s reikmenys","url":"https:\/\/rutana.lt\/","logo":{"@type":"ImageObject","inLanguage":"en-US","@id":"https:\/\/rutana.lt\/#\/schema\/logo\/image\/","url":"https:\/\/rutana.lt\/wp-content\/uploads\/2025\/10\/Asset-32.png","contentUrl":"https:\/\/rutana.lt\/wp-content\/uploads\/2025\/10\/Asset-32.png","width":433,"height":119,"caption":"Rutana - Ra\u0161tin\u0117s reikmenys"},"image":{"@id":"https:\/\/rutana.lt\/#\/schema\/logo\/image\/"},"sameAs":["https:\/\/www.facebook.com\/RutanaKanceliarinesPrekes\/"]}]}},"_links":{"self":[{"href":"https:\/\/rutana.lt\/en\/wp-json\/wp\/v2\/product\/7821","targetHints":{"allow":["GET"]}}],"collection":[{"href":"https:\/\/rutana.lt\/en\/wp-json\/wp\/v2\/product"}],"about":[{"href":"https:\/\/rutana.lt\/en\/wp-json\/wp\/v2\/types\/product"}],"replies":[{"embeddable":true,"href":"https:\/\/rutana.lt\/en\/wp-json\/wp\/v2\/comments?post=7821"}],"version-history":[{"count":1,"href":"https:\/\/rutana.lt\/en\/wp-json\/wp\/v2\/product\/7821\/revisions"}],"predecessor-version":[{"id":7871,"href":"https:\/\/rutana.lt\/en\/wp-json\/wp\/v2\/product\/7821\/revisions\/7871"}],"wp:featuredmedia":[{"embeddable":true,"href":"https:\/\/rutana.lt\/en\/wp-json\/wp\/v2\/media\/26274"}],"wp:attachment":[{"href":"https:\/\/rutana.lt\/en\/wp-json\/wp\/v2\/media?parent=7821"}],"wp:term":[{"taxonomy":"product_brand","embeddable":true,"href":"https:\/\/rutana.lt\/en\/wp-json\/wp\/v2\/product_brand?post=7821"},{"taxonomy":"product_cat","embeddable":true,"href":"https:\/\/rutana.lt\/en\/wp-json\/wp\/v2\/product_cat?post=7821"},{"taxonomy":"product_tag","embeddable":true,"href":"https:\/\/rutana.lt\/en\/wp-json\/wp\/v2\/product_tag?post=7821"}],"curies":[{"name":"wp","href":"https:\/\/api.w.org\/{rel}","templated":true}]}}