{"id":7816,"date":"2025-09-03T08:58:03","date_gmt":"2025-09-03T06:58:03","guid":{"rendered":"https:\/\/rutana.webdemo.lt\/?post_type=product&#038;p=7816"},"modified":"2025-11-14T11:11:07","modified_gmt":"2025-11-14T09:11:07","slug":"permanentinis-zymeklis-marking-2000-apvalus-4-95mm-juodas-bic","status":"publish","type":"product","link":"https:\/\/rutana.lt\/en\/product\/permanentinis-zymeklis-marking-2000-apvalus-4-95mm-juodas-bic\/","title":{"rendered":"Permanentinis \u017eymeklis Marking 2000 apvalus 4.95mm juodas BIC"},"content":{"rendered":"<p style=\"margin-bottom: 10px;\">Permanentinis \u017eymeklis skirtas ra\u0161yti ant kartono, stiklo, metalo, popieriaus, plastiko, medienos ir kit\u0173 \u012fvairi\u0173 pavir\u0161i\u0173. Tu\u0161as pagamintas spirito pagrindu, netoksi\u0161kas, taip pat greitai d\u017ei\u016bsta, atsparus vandeniui ir kar\u0161\u010diui, atsparus trynimui. Ilgai ra\u0161antis, galima nubr\u0117\u017eti daugiau nei 1 km linij\u0105. Neu\u017ed\u017ei\u016bna paliktas be kam\u0161telio vieno m\u0117nesio laikotarpyje. \u017dymeklio 51 % korpuso pagaminta i\u0161 antrini\u0173 \u017ealiav\u0173.<\/p>\n<p style=\"margin-bottom: 10px;\">Galvut\u0117s tipas: apvalus<\/p>\n<p style=\"margin-bottom: 10px;\">Galvut\u0117s storis: 4.95 mm<\/p>\n<p style=\"margin-bottom: 10px;\">Br\u0117\u017eio storis: 1.7 mm<\/p>\n<p style=\"margin-bottom: 10px;\">Ra\u0161alo spalva: juoda<\/p>\n<p style=\"margin-bottom: 10px;\">Kilm\u0117s \u0161alis: Pranc\u016bzija<\/p>\n<p style=\"margin-bottom: 10px;\">\n<p style=\"margin-bottom: 10px;\">","protected":false},"excerpt":{"rendered":"<p>Permanentinis \u017eymeklis skirtas ra\u0161yti ant kartono, stiklo, metalo, popieriaus, plastiko, medienos ir kit\u0173 \u012fvairi\u0173 pavir\u0161i\u0173.<\/p>","protected":false},"featured_media":26269,"comment_status":"open","ping_status":"closed","template":"","meta":{"_season_start":"","_season_end":"","_season_days":"","_season_months":"","_season_auto_visibility":"1"},"product_brand":[589],"product_cat":[1741],"product_tag":[],"class_list":{"0":"post-7816","1":"product","2":"type-product","3":"status-publish","4":"has-post-thumbnail","6":"product_brand-bic","7":"product_cat-permanentiniai-zymekliai","9":"first","10":"instock","11":"taxable","12":"shipping-taxable","13":"purchasable","14":"product-type-simple"},"yoast_head":"<!-- This site is optimized with the Yoast SEO plugin v27.4 - https:\/\/yoast.com\/product\/yoast-seo-wordpress\/ -->\n<title>Permanentinis \u017eymeklis Marking 2000 apvalus 4.95mm juodas BIC - Rutana - Ra\u0161tin\u0117s reikmenys<\/title>\n<meta name=\"robots\" content=\"index, follow, max-snippet:-1, max-image-preview:large, max-video-preview:-1\" \/>\n<link rel=\"canonical\" href=\"https:\/\/rutana.lt\/en\/product\/permanentinis-zymeklis-marking-2000-apvalus-4-95mm-juodas-bic\/\" \/>\n<meta property=\"og:locale\" content=\"en_US\" \/>\n<meta property=\"og:type\" content=\"article\" \/>\n<meta property=\"og:title\" content=\"Permanentinis \u017eymeklis Marking 2000 apvalus 4.95mm juodas BIC - Rutana - Ra\u0161tin\u0117s reikmenys\" \/>\n<meta property=\"og:description\" content=\"Permanentinis \u017eymeklis skirtas ra\u0161yti ant kartono, stiklo, metalo, popieriaus, plastiko, medienos ir kit\u0173 \u012fvairi\u0173 pavir\u0161i\u0173.\" \/>\n<meta property=\"og:url\" content=\"https:\/\/rutana.lt\/en\/product\/permanentinis-zymeklis-marking-2000-apvalus-4-95mm-juodas-bic\/\" \/>\n<meta property=\"og:site_name\" content=\"Rutana - Ra\u0161tin\u0117s reikmenys\" \/>\n<meta property=\"article:publisher\" content=\"https:\/\/www.facebook.com\/RutanaKanceliarinesPrekes\/\" \/>\n<meta property=\"article:modified_time\" content=\"2025-11-14T09:11:07+00:00\" \/>\n<meta property=\"og:image\" content=\"https:\/\/rutana.lt\/wp-content\/uploads\/2025\/09\/C101-027-1.jpg?v=1761816701\" \/>\n\t<meta property=\"og:image:width\" content=\"500\" \/>\n\t<meta property=\"og:image:height\" content=\"500\" \/>\n\t<meta property=\"og:image:type\" content=\"image\/jpeg\" \/>\n<meta name=\"twitter:card\" content=\"summary_large_image\" \/>\n<meta name=\"twitter:label1\" content=\"Est. reading time\" \/>\n\t<meta name=\"twitter:data1\" content=\"1 minute\" \/>\n<script type=\"application\/ld+json\" class=\"yoast-schema-graph\">{\"@context\":\"https:\\\/\\\/schema.org\",\"@graph\":[{\"@type\":\"WebPage\",\"@id\":\"https:\\\/\\\/rutana.lt\\\/produktas\\\/permanentinis-zymeklis-marking-2000-apvalus-4-95mm-juodas-bic\\\/\",\"url\":\"https:\\\/\\\/rutana.lt\\\/produktas\\\/permanentinis-zymeklis-marking-2000-apvalus-4-95mm-juodas-bic\\\/\",\"name\":\"Permanentinis \u017eymeklis Marking 2000 apvalus 4.95mm juodas BIC - Rutana - Ra\u0161tin\u0117s reikmenys\",\"isPartOf\":{\"@id\":\"https:\\\/\\\/rutana.lt\\\/#website\"},\"primaryImageOfPage\":{\"@id\":\"https:\\\/\\\/rutana.lt\\\/produktas\\\/permanentinis-zymeklis-marking-2000-apvalus-4-95mm-juodas-bic\\\/#primaryimage\"},\"image\":{\"@id\":\"https:\\\/\\\/rutana.lt\\\/produktas\\\/permanentinis-zymeklis-marking-2000-apvalus-4-95mm-juodas-bic\\\/#primaryimage\"},\"thumbnailUrl\":\"https:\\\/\\\/rutana.lt\\\/wp-content\\\/uploads\\\/2025\\\/09\\\/C101-027-1.jpg?v=1763621432\",\"datePublished\":\"2025-09-03T06:58:03+00:00\",\"dateModified\":\"2025-11-14T09:11:07+00:00\",\"breadcrumb\":{\"@id\":\"https:\\\/\\\/rutana.lt\\\/produktas\\\/permanentinis-zymeklis-marking-2000-apvalus-4-95mm-juodas-bic\\\/#breadcrumb\"},\"inLanguage\":\"en-US\",\"potentialAction\":[{\"@type\":\"ReadAction\",\"target\":[\"https:\\\/\\\/rutana.lt\\\/produktas\\\/permanentinis-zymeklis-marking-2000-apvalus-4-95mm-juodas-bic\\\/\"]}]},{\"@type\":\"ImageObject\",\"inLanguage\":\"en-US\",\"@id\":\"https:\\\/\\\/rutana.lt\\\/produktas\\\/permanentinis-zymeklis-marking-2000-apvalus-4-95mm-juodas-bic\\\/#primaryimage\",\"url\":\"https:\\\/\\\/rutana.lt\\\/wp-content\\\/uploads\\\/2025\\\/09\\\/C101-027-1.jpg?v=1763621432\",\"contentUrl\":\"https:\\\/\\\/rutana.lt\\\/wp-content\\\/uploads\\\/2025\\\/09\\\/C101-027-1.jpg?v=1763621432\",\"width\":500,\"height\":500},{\"@type\":\"BreadcrumbList\",\"@id\":\"https:\\\/\\\/rutana.lt\\\/produktas\\\/permanentinis-zymeklis-marking-2000-apvalus-4-95mm-juodas-bic\\\/#breadcrumb\",\"itemListElement\":[{\"@type\":\"ListItem\",\"position\":1,\"name\":\"Home\",\"item\":\"https:\\\/\\\/rutana.lt\\\/\"},{\"@type\":\"ListItem\",\"position\":2,\"name\":\"Parduotuv\u0117\",\"item\":\"https:\\\/\\\/rutana.lt\\\/parduotuve\\\/\"},{\"@type\":\"ListItem\",\"position\":3,\"name\":\"Permanentinis \u017eymeklis Marking 2000 apvalus 4.95mm juodas BIC\"}]},{\"@type\":\"WebSite\",\"@id\":\"https:\\\/\\\/rutana.lt\\\/#website\",\"url\":\"https:\\\/\\\/rutana.lt\\\/\",\"name\":\"Rutana - Ra\u0161tin\u0117s reikmenys\",\"description\":\"Prekiaujame pasaulin\u0117je rinkoje pripa\u017eintomis, kokybi\u0161komis biuro prek\u0117mis toki\u0173  gamintoj\u0173 kaip: Schneider, Esselte, Novus, 3M, Faber-Castell, Citizen, Milan, Leitz, Colop, Zebra, Staedtler, Durable, Tork, Parker, Waterman ir kt.\",\"publisher\":{\"@id\":\"https:\\\/\\\/rutana.lt\\\/#organization\"},\"potentialAction\":[{\"@type\":\"SearchAction\",\"target\":{\"@type\":\"EntryPoint\",\"urlTemplate\":\"https:\\\/\\\/rutana.lt\\\/?s={search_term_string}\"},\"query-input\":{\"@type\":\"PropertyValueSpecification\",\"valueRequired\":true,\"valueName\":\"search_term_string\"}}],\"inLanguage\":\"en-US\"},{\"@type\":\"Organization\",\"@id\":\"https:\\\/\\\/rutana.lt\\\/#organization\",\"name\":\"Rutana - Ra\u0161tin\u0117s reikmenys\",\"url\":\"https:\\\/\\\/rutana.lt\\\/\",\"logo\":{\"@type\":\"ImageObject\",\"inLanguage\":\"en-US\",\"@id\":\"https:\\\/\\\/rutana.lt\\\/#\\\/schema\\\/logo\\\/image\\\/\",\"url\":\"https:\\\/\\\/rutana.lt\\\/wp-content\\\/uploads\\\/2025\\\/10\\\/Asset-32.png\",\"contentUrl\":\"https:\\\/\\\/rutana.lt\\\/wp-content\\\/uploads\\\/2025\\\/10\\\/Asset-32.png\",\"width\":433,\"height\":119,\"caption\":\"Rutana - Ra\u0161tin\u0117s reikmenys\"},\"image\":{\"@id\":\"https:\\\/\\\/rutana.lt\\\/#\\\/schema\\\/logo\\\/image\\\/\"},\"sameAs\":[\"https:\\\/\\\/www.facebook.com\\\/RutanaKanceliarinesPrekes\\\/\"]}]}<\/script>\n<!-- \/ Yoast SEO plugin. -->","yoast_head_json":{"title":"Permanentinis \u017eymeklis Marking 2000 apvalus 4.95mm juodas BIC - Rutana - Ra\u0161tin\u0117s reikmenys","robots":{"index":"index","follow":"follow","max-snippet":"max-snippet:-1","max-image-preview":"max-image-preview:large","max-video-preview":"max-video-preview:-1"},"canonical":"https:\/\/rutana.lt\/en\/product\/permanentinis-zymeklis-marking-2000-apvalus-4-95mm-juodas-bic\/","og_locale":"en_US","og_type":"article","og_title":"Permanentinis \u017eymeklis Marking 2000 apvalus 4.95mm juodas BIC - Rutana - Ra\u0161tin\u0117s reikmenys","og_description":"Permanentinis \u017eymeklis skirtas ra\u0161yti ant kartono, stiklo, metalo, popieriaus, plastiko, medienos ir kit\u0173 \u012fvairi\u0173 pavir\u0161i\u0173.","og_url":"https:\/\/rutana.lt\/en\/product\/permanentinis-zymeklis-marking-2000-apvalus-4-95mm-juodas-bic\/","og_site_name":"Rutana - Ra\u0161tin\u0117s reikmenys","article_publisher":"https:\/\/www.facebook.com\/RutanaKanceliarinesPrekes\/","article_modified_time":"2025-11-14T09:11:07+00:00","og_image":[{"width":500,"height":500,"url":"https:\/\/rutana.lt\/wp-content\/uploads\/2025\/09\/C101-027-1.jpg?v=1761816701","type":"image\/jpeg"}],"twitter_card":"summary_large_image","twitter_misc":{"Est. reading time":"1 minute"},"schema":{"@context":"https:\/\/schema.org","@graph":[{"@type":"WebPage","@id":"https:\/\/rutana.lt\/produktas\/permanentinis-zymeklis-marking-2000-apvalus-4-95mm-juodas-bic\/","url":"https:\/\/rutana.lt\/produktas\/permanentinis-zymeklis-marking-2000-apvalus-4-95mm-juodas-bic\/","name":"Permanentinis \u017eymeklis Marking 2000 apvalus 4.95mm juodas BIC - Rutana - Ra\u0161tin\u0117s reikmenys","isPartOf":{"@id":"https:\/\/rutana.lt\/#website"},"primaryImageOfPage":{"@id":"https:\/\/rutana.lt\/produktas\/permanentinis-zymeklis-marking-2000-apvalus-4-95mm-juodas-bic\/#primaryimage"},"image":{"@id":"https:\/\/rutana.lt\/produktas\/permanentinis-zymeklis-marking-2000-apvalus-4-95mm-juodas-bic\/#primaryimage"},"thumbnailUrl":"https:\/\/rutana.lt\/wp-content\/uploads\/2025\/09\/C101-027-1.jpg?v=1763621432","datePublished":"2025-09-03T06:58:03+00:00","dateModified":"2025-11-14T09:11:07+00:00","breadcrumb":{"@id":"https:\/\/rutana.lt\/produktas\/permanentinis-zymeklis-marking-2000-apvalus-4-95mm-juodas-bic\/#breadcrumb"},"inLanguage":"en-US","potentialAction":[{"@type":"ReadAction","target":["https:\/\/rutana.lt\/produktas\/permanentinis-zymeklis-marking-2000-apvalus-4-95mm-juodas-bic\/"]}]},{"@type":"ImageObject","inLanguage":"en-US","@id":"https:\/\/rutana.lt\/produktas\/permanentinis-zymeklis-marking-2000-apvalus-4-95mm-juodas-bic\/#primaryimage","url":"https:\/\/rutana.lt\/wp-content\/uploads\/2025\/09\/C101-027-1.jpg?v=1763621432","contentUrl":"https:\/\/rutana.lt\/wp-content\/uploads\/2025\/09\/C101-027-1.jpg?v=1763621432","width":500,"height":500},{"@type":"BreadcrumbList","@id":"https:\/\/rutana.lt\/produktas\/permanentinis-zymeklis-marking-2000-apvalus-4-95mm-juodas-bic\/#breadcrumb","itemListElement":[{"@type":"ListItem","position":1,"name":"Home","item":"https:\/\/rutana.lt\/"},{"@type":"ListItem","position":2,"name":"Parduotuv\u0117","item":"https:\/\/rutana.lt\/parduotuve\/"},{"@type":"ListItem","position":3,"name":"Permanentinis \u017eymeklis Marking 2000 apvalus 4.95mm juodas BIC"}]},{"@type":"WebSite","@id":"https:\/\/rutana.lt\/#website","url":"https:\/\/rutana.lt\/","name":"Rutana - Ra\u0161tin\u0117s reikmenys","description":"Prekiaujame pasaulin\u0117je rinkoje pripa\u017eintomis, kokybi\u0161komis biuro prek\u0117mis toki\u0173  gamintoj\u0173 kaip: Schneider, Esselte, Novus, 3M, Faber-Castell, Citizen, Milan, Leitz, Colop, Zebra, Staedtler, Durable, Tork, Parker, Waterman ir kt.","publisher":{"@id":"https:\/\/rutana.lt\/#organization"},"potentialAction":[{"@type":"SearchAction","target":{"@type":"EntryPoint","urlTemplate":"https:\/\/rutana.lt\/?s={search_term_string}"},"query-input":{"@type":"PropertyValueSpecification","valueRequired":true,"valueName":"search_term_string"}}],"inLanguage":"en-US"},{"@type":"Organization","@id":"https:\/\/rutana.lt\/#organization","name":"Rutana - Ra\u0161tin\u0117s reikmenys","url":"https:\/\/rutana.lt\/","logo":{"@type":"ImageObject","inLanguage":"en-US","@id":"https:\/\/rutana.lt\/#\/schema\/logo\/image\/","url":"https:\/\/rutana.lt\/wp-content\/uploads\/2025\/10\/Asset-32.png","contentUrl":"https:\/\/rutana.lt\/wp-content\/uploads\/2025\/10\/Asset-32.png","width":433,"height":119,"caption":"Rutana - Ra\u0161tin\u0117s reikmenys"},"image":{"@id":"https:\/\/rutana.lt\/#\/schema\/logo\/image\/"},"sameAs":["https:\/\/www.facebook.com\/RutanaKanceliarinesPrekes\/"]}]}},"_links":{"self":[{"href":"https:\/\/rutana.lt\/en\/wp-json\/wp\/v2\/product\/7816","targetHints":{"allow":["GET"]}}],"collection":[{"href":"https:\/\/rutana.lt\/en\/wp-json\/wp\/v2\/product"}],"about":[{"href":"https:\/\/rutana.lt\/en\/wp-json\/wp\/v2\/types\/product"}],"replies":[{"embeddable":true,"href":"https:\/\/rutana.lt\/en\/wp-json\/wp\/v2\/comments?post=7816"}],"version-history":[{"count":2,"href":"https:\/\/rutana.lt\/en\/wp-json\/wp\/v2\/product\/7816\/revisions"}],"predecessor-version":[{"id":33659,"href":"https:\/\/rutana.lt\/en\/wp-json\/wp\/v2\/product\/7816\/revisions\/33659"}],"wp:featuredmedia":[{"embeddable":true,"href":"https:\/\/rutana.lt\/en\/wp-json\/wp\/v2\/media\/26269"}],"wp:attachment":[{"href":"https:\/\/rutana.lt\/en\/wp-json\/wp\/v2\/media?parent=7816"}],"wp:term":[{"taxonomy":"product_brand","embeddable":true,"href":"https:\/\/rutana.lt\/en\/wp-json\/wp\/v2\/product_brand?post=7816"},{"taxonomy":"product_cat","embeddable":true,"href":"https:\/\/rutana.lt\/en\/wp-json\/wp\/v2\/product_cat?post=7816"},{"taxonomy":"product_tag","embeddable":true,"href":"https:\/\/rutana.lt\/en\/wp-json\/wp\/v2\/product_tag?post=7816"}],"curies":[{"name":"wp","href":"https:\/\/api.w.org\/{rel}","templated":true}]}}