{"id":7747,"date":"2025-09-03T08:57:41","date_gmt":"2025-09-03T06:57:41","guid":{"rendered":"https:\/\/rutana.webdemo.lt\/?post_type=product&#038;p=7747"},"modified":"2025-10-13T15:29:29","modified_gmt":"2025-10-13T13:29:29","slug":"tusinukas-cristal-grip-1-0mm-juodas-bic","status":"publish","type":"product","link":"https:\/\/rutana.lt\/en\/product\/tusinukas-cristal-grip-1-0mm-juodas-bic\/","title":{"rendered":"Tu\u0161inukas Cristal Grip 1.0mm juodas BIC"},"content":{"rendered":"<p>Lengvas ir patogus tu\u0161inukas plastikiniu korpusu. Tu\u0161inuko kam\u0161tukas su plastikine \u012fseg\u0117le ir su skylute, kad praeit\u0173 oras. Mink\u0161ta ir patogi laikymo zona maloniam ra\u0161ymui. Skaidrus korpusas leid\u017eia steb\u0117ti tu\u0161o likut\u012f \u0161erdel\u0117je.<\/p>\n<p>Galvut\u0117s storis: 1.0 mm<\/p>\n<p style=\"margin-bottom: 10px;\">\u0160erdel\u0117s br\u0117\u017eio storis: 0.4 mm<\/p>\n<p style=\"margin-bottom: 10px;\">Tu\u0161o spalva: juoda<\/p>\n<p style=\"margin-bottom: 10px;\">Korpuso spalva: skaidrus<\/p>\n<p style=\"margin-bottom: 10px;\">Kilm\u0117s \u0161alis: Pranc\u016bzija<\/p>\n<p style=\"margin-bottom: 10px;\"><\/p>\n<p style=\"margin-bottom: 10px;\">","protected":false},"excerpt":{"rendered":"<p>Lengvas ir patogus tu\u0161inukas plastikiniu korpusu. Tu\u0161inuko kam\u0161tukas su plastikine \u012fseg\u0117le ir su skylute, kad praeit\u0173 oras. Mink\u0161ta ir patogi laikymo zona maloniam ra\u0161ymui. Skaidrus korpusas leid\u017eia steb\u0117ti tu\u0161o likut\u012f \u0161erdel\u0117je. Galvut\u0117s storis: 1.0 mm \u0160erdel\u0117s br\u0117\u017eio storis: 0.4 mm Tu\u0161o spalva: juoda Korpuso spalva: skaidrus Kilm\u0117s \u0161alis: Pranc\u016bzija<\/p>","protected":false},"featured_media":26254,"comment_status":"open","ping_status":"closed","template":"","meta":{"_season_start":"","_season_end":"","_season_days":"","_season_months":"","_season_auto_visibility":""},"product_brand":[589],"product_cat":[1750],"product_tag":[],"class_list":{"0":"post-7747","1":"product","2":"type-product","3":"status-publish","4":"has-post-thumbnail","6":"product_brand-bic","7":"product_cat-tusinukai","9":"first","10":"instock","11":"taxable","12":"shipping-taxable","13":"purchasable","14":"product-type-simple"},"yoast_head":"<!-- This site is optimized with the Yoast SEO plugin v26.1.1 - https:\/\/yoast.com\/wordpress\/plugins\/seo\/ -->\n<title>Tu\u0161inukas Cristal Grip 1.0mm juodas BIC - Rutana - Ra\u0161tin\u0117s reikmenys<\/title>\n<meta name=\"robots\" content=\"index, follow, max-snippet:-1, max-image-preview:large, max-video-preview:-1\" \/>\n<link rel=\"canonical\" href=\"https:\/\/rutana.lt\/en\/product\/tusinukas-cristal-grip-1-0mm-juodas-bic\/\" \/>\n<meta property=\"og:locale\" content=\"en_US\" \/>\n<meta property=\"og:type\" content=\"article\" \/>\n<meta property=\"og:title\" content=\"Tu\u0161inukas Cristal Grip 1.0mm juodas BIC - Rutana - Ra\u0161tin\u0117s reikmenys\" \/>\n<meta property=\"og:description\" content=\"Lengvas ir patogus tu\u0161inukas plastikiniu korpusu. Tu\u0161inuko kam\u0161tukas su plastikine \u012fseg\u0117le ir su skylute, kad praeit\u0173 oras. Mink\u0161ta ir patogi laikymo zona maloniam ra\u0161ymui. Skaidrus korpusas leid\u017eia steb\u0117ti tu\u0161o likut\u012f \u0161erdel\u0117je. Galvut\u0117s storis: 1.0 mm \u0160erdel\u0117s br\u0117\u017eio storis: 0.4 mm Tu\u0161o spalva: juoda Korpuso spalva: skaidrus Kilm\u0117s \u0161alis: Pranc\u016bzija\" \/>\n<meta property=\"og:url\" content=\"https:\/\/rutana.lt\/en\/product\/tusinukas-cristal-grip-1-0mm-juodas-bic\/\" \/>\n<meta property=\"og:site_name\" content=\"Rutana - Ra\u0161tin\u0117s reikmenys\" \/>\n<meta property=\"article:publisher\" content=\"https:\/\/www.facebook.com\/RutanaKanceliarinesPrekes\/\" \/>\n<meta property=\"article:modified_time\" content=\"2025-10-13T13:29:29+00:00\" \/>\n<meta property=\"og:image\" content=\"https:\/\/rutana.lt\/wp-content\/uploads\/2025\/09\/C032-154.jpg\" \/>\n\t<meta property=\"og:image:width\" content=\"500\" \/>\n\t<meta property=\"og:image:height\" content=\"500\" \/>\n\t<meta property=\"og:image:type\" content=\"image\/jpeg\" \/>\n<meta name=\"twitter:card\" content=\"summary_large_image\" \/>\n<script type=\"application\/ld+json\" class=\"yoast-schema-graph\">{\"@context\":\"https:\/\/schema.org\",\"@graph\":[{\"@type\":\"WebPage\",\"@id\":\"https:\/\/rutana.lt\/produktas\/tusinukas-cristal-grip-1-0mm-juodas-bic\/\",\"url\":\"https:\/\/rutana.lt\/produktas\/tusinukas-cristal-grip-1-0mm-juodas-bic\/\",\"name\":\"Tu\u0161inukas Cristal Grip 1.0mm juodas BIC - Rutana - Ra\u0161tin\u0117s reikmenys\",\"isPartOf\":{\"@id\":\"https:\/\/rutana.lt\/#website\"},\"primaryImageOfPage\":{\"@id\":\"https:\/\/rutana.lt\/produktas\/tusinukas-cristal-grip-1-0mm-juodas-bic\/#primaryimage\"},\"image\":{\"@id\":\"https:\/\/rutana.lt\/produktas\/tusinukas-cristal-grip-1-0mm-juodas-bic\/#primaryimage\"},\"thumbnailUrl\":\"https:\/\/rutana.lt\/wp-content\/uploads\/2025\/09\/C032-154-1.jpg?v=1763621449\",\"datePublished\":\"2025-09-03T06:57:41+00:00\",\"dateModified\":\"2025-10-13T13:29:29+00:00\",\"breadcrumb\":{\"@id\":\"https:\/\/rutana.lt\/produktas\/tusinukas-cristal-grip-1-0mm-juodas-bic\/#breadcrumb\"},\"inLanguage\":\"en-US\",\"potentialAction\":[{\"@type\":\"ReadAction\",\"target\":[\"https:\/\/rutana.lt\/produktas\/tusinukas-cristal-grip-1-0mm-juodas-bic\/\"]}]},{\"@type\":\"ImageObject\",\"inLanguage\":\"en-US\",\"@id\":\"https:\/\/rutana.lt\/produktas\/tusinukas-cristal-grip-1-0mm-juodas-bic\/#primaryimage\",\"url\":\"https:\/\/rutana.lt\/wp-content\/uploads\/2025\/09\/C032-154-1.jpg?v=1763621449\",\"contentUrl\":\"https:\/\/rutana.lt\/wp-content\/uploads\/2025\/09\/C032-154-1.jpg?v=1763621449\",\"width\":500,\"height\":500},{\"@type\":\"BreadcrumbList\",\"@id\":\"https:\/\/rutana.lt\/produktas\/tusinukas-cristal-grip-1-0mm-juodas-bic\/#breadcrumb\",\"itemListElement\":[{\"@type\":\"ListItem\",\"position\":1,\"name\":\"Home\",\"item\":\"https:\/\/rutana.lt\/\"},{\"@type\":\"ListItem\",\"position\":2,\"name\":\"Parduotuv\u0117\",\"item\":\"https:\/\/rutana.lt\/parduotuve\/\"},{\"@type\":\"ListItem\",\"position\":3,\"name\":\"Tu\u0161inukas Cristal Grip 1.0mm juodas BIC\"}]},{\"@type\":\"WebSite\",\"@id\":\"https:\/\/rutana.lt\/#website\",\"url\":\"https:\/\/rutana.lt\/\",\"name\":\"Rutana - Ra\u0161tin\u0117s reikmenys\",\"description\":\"Prekiaujame pasaulin\u0117je rinkoje pripa\u017eintomis, kokybi\u0161komis biuro prek\u0117mis toki\u0173  gamintoj\u0173 kaip: Schneider, Esselte, Novus, 3M, Faber-Castell, Citizen, Milan, Leitz, Colop, Zebra, Staedtler, Durable, Tork, Parker, Waterman ir kt.\",\"publisher\":{\"@id\":\"https:\/\/rutana.lt\/#organization\"},\"potentialAction\":[{\"@type\":\"SearchAction\",\"target\":{\"@type\":\"EntryPoint\",\"urlTemplate\":\"https:\/\/rutana.lt\/?s={search_term_string}\"},\"query-input\":{\"@type\":\"PropertyValueSpecification\",\"valueRequired\":true,\"valueName\":\"search_term_string\"}}],\"inLanguage\":\"en-US\"},{\"@type\":\"Organization\",\"@id\":\"https:\/\/rutana.lt\/#organization\",\"name\":\"Rutana - Ra\u0161tin\u0117s reikmenys\",\"url\":\"https:\/\/rutana.lt\/\",\"logo\":{\"@type\":\"ImageObject\",\"inLanguage\":\"en-US\",\"@id\":\"https:\/\/rutana.lt\/#\/schema\/logo\/image\/\",\"url\":\"https:\/\/rutana.lt\/wp-content\/uploads\/2025\/10\/Asset-32.png\",\"contentUrl\":\"https:\/\/rutana.lt\/wp-content\/uploads\/2025\/10\/Asset-32.png\",\"width\":433,\"height\":119,\"caption\":\"Rutana - Ra\u0161tin\u0117s reikmenys\"},\"image\":{\"@id\":\"https:\/\/rutana.lt\/#\/schema\/logo\/image\/\"},\"sameAs\":[\"https:\/\/www.facebook.com\/RutanaKanceliarinesPrekes\/\"]}]}<\/script>\n<!-- \/ Yoast SEO plugin. -->","yoast_head_json":{"title":"Tu\u0161inukas Cristal Grip 1.0mm juodas BIC - Rutana - Ra\u0161tin\u0117s reikmenys","robots":{"index":"index","follow":"follow","max-snippet":"max-snippet:-1","max-image-preview":"max-image-preview:large","max-video-preview":"max-video-preview:-1"},"canonical":"https:\/\/rutana.lt\/en\/product\/tusinukas-cristal-grip-1-0mm-juodas-bic\/","og_locale":"en_US","og_type":"article","og_title":"Tu\u0161inukas Cristal Grip 1.0mm juodas BIC - Rutana - Ra\u0161tin\u0117s reikmenys","og_description":"Lengvas ir patogus tu\u0161inukas plastikiniu korpusu. Tu\u0161inuko kam\u0161tukas su plastikine \u012fseg\u0117le ir su skylute, kad praeit\u0173 oras. Mink\u0161ta ir patogi laikymo zona maloniam ra\u0161ymui. Skaidrus korpusas leid\u017eia steb\u0117ti tu\u0161o likut\u012f \u0161erdel\u0117je. Galvut\u0117s storis: 1.0 mm \u0160erdel\u0117s br\u0117\u017eio storis: 0.4 mm Tu\u0161o spalva: juoda Korpuso spalva: skaidrus Kilm\u0117s \u0161alis: Pranc\u016bzija","og_url":"https:\/\/rutana.lt\/en\/product\/tusinukas-cristal-grip-1-0mm-juodas-bic\/","og_site_name":"Rutana - Ra\u0161tin\u0117s reikmenys","article_publisher":"https:\/\/www.facebook.com\/RutanaKanceliarinesPrekes\/","article_modified_time":"2025-10-13T13:29:29+00:00","og_image":[{"width":500,"height":500,"url":"https:\/\/rutana.lt\/wp-content\/uploads\/2025\/09\/C032-154.jpg","type":"image\/jpeg"}],"twitter_card":"summary_large_image","schema":{"@context":"https:\/\/schema.org","@graph":[{"@type":"WebPage","@id":"https:\/\/rutana.lt\/produktas\/tusinukas-cristal-grip-1-0mm-juodas-bic\/","url":"https:\/\/rutana.lt\/produktas\/tusinukas-cristal-grip-1-0mm-juodas-bic\/","name":"Tu\u0161inukas Cristal Grip 1.0mm juodas BIC - Rutana - Ra\u0161tin\u0117s reikmenys","isPartOf":{"@id":"https:\/\/rutana.lt\/#website"},"primaryImageOfPage":{"@id":"https:\/\/rutana.lt\/produktas\/tusinukas-cristal-grip-1-0mm-juodas-bic\/#primaryimage"},"image":{"@id":"https:\/\/rutana.lt\/produktas\/tusinukas-cristal-grip-1-0mm-juodas-bic\/#primaryimage"},"thumbnailUrl":"https:\/\/rutana.lt\/wp-content\/uploads\/2025\/09\/C032-154-1.jpg?v=1763621449","datePublished":"2025-09-03T06:57:41+00:00","dateModified":"2025-10-13T13:29:29+00:00","breadcrumb":{"@id":"https:\/\/rutana.lt\/produktas\/tusinukas-cristal-grip-1-0mm-juodas-bic\/#breadcrumb"},"inLanguage":"en-US","potentialAction":[{"@type":"ReadAction","target":["https:\/\/rutana.lt\/produktas\/tusinukas-cristal-grip-1-0mm-juodas-bic\/"]}]},{"@type":"ImageObject","inLanguage":"en-US","@id":"https:\/\/rutana.lt\/produktas\/tusinukas-cristal-grip-1-0mm-juodas-bic\/#primaryimage","url":"https:\/\/rutana.lt\/wp-content\/uploads\/2025\/09\/C032-154-1.jpg?v=1763621449","contentUrl":"https:\/\/rutana.lt\/wp-content\/uploads\/2025\/09\/C032-154-1.jpg?v=1763621449","width":500,"height":500},{"@type":"BreadcrumbList","@id":"https:\/\/rutana.lt\/produktas\/tusinukas-cristal-grip-1-0mm-juodas-bic\/#breadcrumb","itemListElement":[{"@type":"ListItem","position":1,"name":"Home","item":"https:\/\/rutana.lt\/"},{"@type":"ListItem","position":2,"name":"Parduotuv\u0117","item":"https:\/\/rutana.lt\/parduotuve\/"},{"@type":"ListItem","position":3,"name":"Tu\u0161inukas Cristal Grip 1.0mm juodas BIC"}]},{"@type":"WebSite","@id":"https:\/\/rutana.lt\/#website","url":"https:\/\/rutana.lt\/","name":"Rutana - Ra\u0161tin\u0117s reikmenys","description":"Prekiaujame pasaulin\u0117je rinkoje pripa\u017eintomis, kokybi\u0161komis biuro prek\u0117mis toki\u0173  gamintoj\u0173 kaip: Schneider, Esselte, Novus, 3M, Faber-Castell, Citizen, Milan, Leitz, Colop, Zebra, Staedtler, Durable, Tork, Parker, Waterman ir kt.","publisher":{"@id":"https:\/\/rutana.lt\/#organization"},"potentialAction":[{"@type":"SearchAction","target":{"@type":"EntryPoint","urlTemplate":"https:\/\/rutana.lt\/?s={search_term_string}"},"query-input":{"@type":"PropertyValueSpecification","valueRequired":true,"valueName":"search_term_string"}}],"inLanguage":"en-US"},{"@type":"Organization","@id":"https:\/\/rutana.lt\/#organization","name":"Rutana - Ra\u0161tin\u0117s reikmenys","url":"https:\/\/rutana.lt\/","logo":{"@type":"ImageObject","inLanguage":"en-US","@id":"https:\/\/rutana.lt\/#\/schema\/logo\/image\/","url":"https:\/\/rutana.lt\/wp-content\/uploads\/2025\/10\/Asset-32.png","contentUrl":"https:\/\/rutana.lt\/wp-content\/uploads\/2025\/10\/Asset-32.png","width":433,"height":119,"caption":"Rutana - Ra\u0161tin\u0117s reikmenys"},"image":{"@id":"https:\/\/rutana.lt\/#\/schema\/logo\/image\/"},"sameAs":["https:\/\/www.facebook.com\/RutanaKanceliarinesPrekes\/"]}]}},"_links":{"self":[{"href":"https:\/\/rutana.lt\/en\/wp-json\/wp\/v2\/product\/7747","targetHints":{"allow":["GET"]}}],"collection":[{"href":"https:\/\/rutana.lt\/en\/wp-json\/wp\/v2\/product"}],"about":[{"href":"https:\/\/rutana.lt\/en\/wp-json\/wp\/v2\/types\/product"}],"replies":[{"embeddable":true,"href":"https:\/\/rutana.lt\/en\/wp-json\/wp\/v2\/comments?post=7747"}],"version-history":[{"count":1,"href":"https:\/\/rutana.lt\/en\/wp-json\/wp\/v2\/product\/7747\/revisions"}],"predecessor-version":[{"id":7804,"href":"https:\/\/rutana.lt\/en\/wp-json\/wp\/v2\/product\/7747\/revisions\/7804"}],"wp:featuredmedia":[{"embeddable":true,"href":"https:\/\/rutana.lt\/en\/wp-json\/wp\/v2\/media\/26254"}],"wp:attachment":[{"href":"https:\/\/rutana.lt\/en\/wp-json\/wp\/v2\/media?parent=7747"}],"wp:term":[{"taxonomy":"product_brand","embeddable":true,"href":"https:\/\/rutana.lt\/en\/wp-json\/wp\/v2\/product_brand?post=7747"},{"taxonomy":"product_cat","embeddable":true,"href":"https:\/\/rutana.lt\/en\/wp-json\/wp\/v2\/product_cat?post=7747"},{"taxonomy":"product_tag","embeddable":true,"href":"https:\/\/rutana.lt\/en\/wp-json\/wp\/v2\/product_tag?post=7747"}],"curies":[{"name":"wp","href":"https:\/\/api.w.org\/{rel}","templated":true}]}}