{"id":7649,"date":"2025-09-03T08:57:16","date_gmt":"2025-09-03T06:57:16","guid":{"rendered":"https:\/\/rutana.webdemo.lt\/?post_type=product&#038;p=7649"},"modified":"2025-10-13T15:29:14","modified_gmt":"2025-10-13T13:29:14","slug":"lipnios-kainu-etiketes-21-5-x-12-mm-baltos-staciakampes","status":"publish","type":"product","link":"https:\/\/rutana.lt\/en\/product\/lipnios-kainu-etiketes-21-5-x-12-mm-baltos-staciakampes\/","title":{"rendered":"Lipnios kain\u0173 etiket\u0117s 21.5 x 12 mm baltos sta\u010diakamp\u0117s"},"content":{"rendered":"<p>Lipnios kain\u0173 etiket\u0117s, tinkan\u010dios vienos eilut\u0117s kain\u0173 etike\u010di\u0173 aparatams arba naudojamos ra\u0161ymui ranka.<\/p>\n<p>Etiket\u0117s matmenys: 21.5 x 12 mm<\/p>\n<p>Etiket\u0117s forma: sta\u010diakamp\u0117, lygi<\/p>\n<p>Etiket\u0117s spalva: balta<\/p>\n<p>Etike\u010di\u0173 kiekis rulon\u0117lyje: 1000 vnt.<\/p>\n<p>Kaina nurodyta u\u017e 1 vnt. rulon\u0117lio<\/p>","protected":false},"excerpt":{"rendered":"<p>Lipnios kain\u0173 etiket\u0117s, tinkan\u010dios vienos eilut\u0117s kain\u0173 etike\u010di\u0173 aparatams arba naudojamos ra\u0161ymui ranka. Etiket\u0117s matmenys: 21.5 x 12 mm Etiket\u0117s forma: sta\u010diakamp\u0117, lygi Etiket\u0117s spalva: balta Etike\u010di\u0173 kiekis rulon\u0117lyje: 1000 vnt. Kaina nurodyta u\u017e 1 vnt. rulon\u0117lio<\/p>","protected":false},"featured_media":26212,"comment_status":"open","ping_status":"closed","template":"","meta":{"_season_start":"","_season_end":"","_season_days":"","_season_months":"","_season_auto_visibility":""},"product_brand":[83],"product_cat":[1862],"product_tag":[],"class_list":{"0":"post-7649","1":"product","2":"type-product","3":"status-publish","4":"has-post-thumbnail","6":"product_brand-null","7":"product_cat-kainu-etiketes","9":"first","10":"instock","11":"taxable","12":"shipping-taxable","13":"purchasable","14":"product-type-simple"},"yoast_head":"<!-- This site is optimized with the Yoast SEO plugin v26.1.1 - https:\/\/yoast.com\/wordpress\/plugins\/seo\/ -->\n<title>Lipnios kain\u0173 etiket\u0117s 21.5 x 12 mm baltos sta\u010diakamp\u0117s - Rutana - Ra\u0161tin\u0117s reikmenys<\/title>\n<meta name=\"robots\" content=\"index, follow, max-snippet:-1, max-image-preview:large, max-video-preview:-1\" \/>\n<link rel=\"canonical\" href=\"https:\/\/rutana.lt\/en\/product\/lipnios-kainu-etiketes-21-5-x-12-mm-baltos-staciakampes\/\" \/>\n<meta property=\"og:locale\" content=\"en_US\" \/>\n<meta property=\"og:type\" content=\"article\" \/>\n<meta property=\"og:title\" content=\"Lipnios kain\u0173 etiket\u0117s 21.5 x 12 mm baltos sta\u010diakamp\u0117s - Rutana - Ra\u0161tin\u0117s reikmenys\" \/>\n<meta property=\"og:description\" content=\"Lipnios kain\u0173 etiket\u0117s, tinkan\u010dios vienos eilut\u0117s kain\u0173 etike\u010di\u0173 aparatams arba naudojamos ra\u0161ymui ranka. Etiket\u0117s matmenys: 21.5 x 12 mm Etiket\u0117s forma: sta\u010diakamp\u0117, lygi Etiket\u0117s spalva: balta Etike\u010di\u0173 kiekis rulon\u0117lyje: 1000 vnt. Kaina nurodyta u\u017e 1 vnt. rulon\u0117lio\" \/>\n<meta property=\"og:url\" content=\"https:\/\/rutana.lt\/en\/product\/lipnios-kainu-etiketes-21-5-x-12-mm-baltos-staciakampes\/\" \/>\n<meta property=\"og:site_name\" content=\"Rutana - Ra\u0161tin\u0117s reikmenys\" \/>\n<meta property=\"article:publisher\" content=\"https:\/\/www.facebook.com\/RutanaKanceliarinesPrekes\/\" \/>\n<meta property=\"article:modified_time\" content=\"2025-10-13T13:29:14+00:00\" \/>\n<meta property=\"og:image\" content=\"https:\/\/rutana.lt\/wp-content\/uploads\/2025\/09\/A112-001.jpg\" \/>\n\t<meta property=\"og:image:width\" content=\"500\" \/>\n\t<meta property=\"og:image:height\" content=\"589\" \/>\n\t<meta property=\"og:image:type\" content=\"image\/jpeg\" \/>\n<meta name=\"twitter:card\" content=\"summary_large_image\" \/>\n<script type=\"application\/ld+json\" class=\"yoast-schema-graph\">{\"@context\":\"https:\/\/schema.org\",\"@graph\":[{\"@type\":\"WebPage\",\"@id\":\"https:\/\/rutana.lt\/produktas\/lipnios-kainu-etiketes-21-5-x-12-mm-baltos-staciakampes\/\",\"url\":\"https:\/\/rutana.lt\/produktas\/lipnios-kainu-etiketes-21-5-x-12-mm-baltos-staciakampes\/\",\"name\":\"Lipnios kain\u0173 etiket\u0117s 21.5 x 12 mm baltos sta\u010diakamp\u0117s - Rutana - Ra\u0161tin\u0117s reikmenys\",\"isPartOf\":{\"@id\":\"https:\/\/rutana.lt\/#website\"},\"primaryImageOfPage\":{\"@id\":\"https:\/\/rutana.lt\/produktas\/lipnios-kainu-etiketes-21-5-x-12-mm-baltos-staciakampes\/#primaryimage\"},\"image\":{\"@id\":\"https:\/\/rutana.lt\/produktas\/lipnios-kainu-etiketes-21-5-x-12-mm-baltos-staciakampes\/#primaryimage\"},\"thumbnailUrl\":\"https:\/\/rutana.lt\/wp-content\/uploads\/2025\/09\/A112-001-1.jpg?v=1763621503\",\"datePublished\":\"2025-09-03T06:57:16+00:00\",\"dateModified\":\"2025-10-13T13:29:14+00:00\",\"breadcrumb\":{\"@id\":\"https:\/\/rutana.lt\/produktas\/lipnios-kainu-etiketes-21-5-x-12-mm-baltos-staciakampes\/#breadcrumb\"},\"inLanguage\":\"en-US\",\"potentialAction\":[{\"@type\":\"ReadAction\",\"target\":[\"https:\/\/rutana.lt\/produktas\/lipnios-kainu-etiketes-21-5-x-12-mm-baltos-staciakampes\/\"]}]},{\"@type\":\"ImageObject\",\"inLanguage\":\"en-US\",\"@id\":\"https:\/\/rutana.lt\/produktas\/lipnios-kainu-etiketes-21-5-x-12-mm-baltos-staciakampes\/#primaryimage\",\"url\":\"https:\/\/rutana.lt\/wp-content\/uploads\/2025\/09\/A112-001-1.jpg?v=1763621503\",\"contentUrl\":\"https:\/\/rutana.lt\/wp-content\/uploads\/2025\/09\/A112-001-1.jpg?v=1763621503\",\"width\":500,\"height\":589},{\"@type\":\"BreadcrumbList\",\"@id\":\"https:\/\/rutana.lt\/produktas\/lipnios-kainu-etiketes-21-5-x-12-mm-baltos-staciakampes\/#breadcrumb\",\"itemListElement\":[{\"@type\":\"ListItem\",\"position\":1,\"name\":\"Home\",\"item\":\"https:\/\/rutana.lt\/\"},{\"@type\":\"ListItem\",\"position\":2,\"name\":\"Parduotuv\u0117\",\"item\":\"https:\/\/rutana.lt\/parduotuve\/\"},{\"@type\":\"ListItem\",\"position\":3,\"name\":\"Lipnios kain\u0173 etiket\u0117s 21.5 x 12 mm baltos sta\u010diakamp\u0117s\"}]},{\"@type\":\"WebSite\",\"@id\":\"https:\/\/rutana.lt\/#website\",\"url\":\"https:\/\/rutana.lt\/\",\"name\":\"Rutana - Ra\u0161tin\u0117s reikmenys\",\"description\":\"Prekiaujame pasaulin\u0117je rinkoje pripa\u017eintomis, kokybi\u0161komis biuro prek\u0117mis toki\u0173  gamintoj\u0173 kaip: Schneider, Esselte, Novus, 3M, Faber-Castell, Citizen, Milan, Leitz, Colop, Zebra, Staedtler, Durable, Tork, Parker, Waterman ir kt.\",\"publisher\":{\"@id\":\"https:\/\/rutana.lt\/#organization\"},\"potentialAction\":[{\"@type\":\"SearchAction\",\"target\":{\"@type\":\"EntryPoint\",\"urlTemplate\":\"https:\/\/rutana.lt\/?s={search_term_string}\"},\"query-input\":{\"@type\":\"PropertyValueSpecification\",\"valueRequired\":true,\"valueName\":\"search_term_string\"}}],\"inLanguage\":\"en-US\"},{\"@type\":\"Organization\",\"@id\":\"https:\/\/rutana.lt\/#organization\",\"name\":\"Rutana - Ra\u0161tin\u0117s reikmenys\",\"url\":\"https:\/\/rutana.lt\/\",\"logo\":{\"@type\":\"ImageObject\",\"inLanguage\":\"en-US\",\"@id\":\"https:\/\/rutana.lt\/#\/schema\/logo\/image\/\",\"url\":\"https:\/\/rutana.lt\/wp-content\/uploads\/2025\/10\/Asset-32.png\",\"contentUrl\":\"https:\/\/rutana.lt\/wp-content\/uploads\/2025\/10\/Asset-32.png\",\"width\":433,\"height\":119,\"caption\":\"Rutana - Ra\u0161tin\u0117s reikmenys\"},\"image\":{\"@id\":\"https:\/\/rutana.lt\/#\/schema\/logo\/image\/\"},\"sameAs\":[\"https:\/\/www.facebook.com\/RutanaKanceliarinesPrekes\/\"]}]}<\/script>\n<!-- \/ Yoast SEO plugin. -->","yoast_head_json":{"title":"Lipnios kain\u0173 etiket\u0117s 21.5 x 12 mm baltos sta\u010diakamp\u0117s - Rutana - Ra\u0161tin\u0117s reikmenys","robots":{"index":"index","follow":"follow","max-snippet":"max-snippet:-1","max-image-preview":"max-image-preview:large","max-video-preview":"max-video-preview:-1"},"canonical":"https:\/\/rutana.lt\/en\/product\/lipnios-kainu-etiketes-21-5-x-12-mm-baltos-staciakampes\/","og_locale":"en_US","og_type":"article","og_title":"Lipnios kain\u0173 etiket\u0117s 21.5 x 12 mm baltos sta\u010diakamp\u0117s - Rutana - Ra\u0161tin\u0117s reikmenys","og_description":"Lipnios kain\u0173 etiket\u0117s, tinkan\u010dios vienos eilut\u0117s kain\u0173 etike\u010di\u0173 aparatams arba naudojamos ra\u0161ymui ranka. Etiket\u0117s matmenys: 21.5 x 12 mm Etiket\u0117s forma: sta\u010diakamp\u0117, lygi Etiket\u0117s spalva: balta Etike\u010di\u0173 kiekis rulon\u0117lyje: 1000 vnt. Kaina nurodyta u\u017e 1 vnt. rulon\u0117lio","og_url":"https:\/\/rutana.lt\/en\/product\/lipnios-kainu-etiketes-21-5-x-12-mm-baltos-staciakampes\/","og_site_name":"Rutana - Ra\u0161tin\u0117s reikmenys","article_publisher":"https:\/\/www.facebook.com\/RutanaKanceliarinesPrekes\/","article_modified_time":"2025-10-13T13:29:14+00:00","og_image":[{"width":500,"height":589,"url":"https:\/\/rutana.lt\/wp-content\/uploads\/2025\/09\/A112-001.jpg","type":"image\/jpeg"}],"twitter_card":"summary_large_image","schema":{"@context":"https:\/\/schema.org","@graph":[{"@type":"WebPage","@id":"https:\/\/rutana.lt\/produktas\/lipnios-kainu-etiketes-21-5-x-12-mm-baltos-staciakampes\/","url":"https:\/\/rutana.lt\/produktas\/lipnios-kainu-etiketes-21-5-x-12-mm-baltos-staciakampes\/","name":"Lipnios kain\u0173 etiket\u0117s 21.5 x 12 mm baltos sta\u010diakamp\u0117s - Rutana - Ra\u0161tin\u0117s reikmenys","isPartOf":{"@id":"https:\/\/rutana.lt\/#website"},"primaryImageOfPage":{"@id":"https:\/\/rutana.lt\/produktas\/lipnios-kainu-etiketes-21-5-x-12-mm-baltos-staciakampes\/#primaryimage"},"image":{"@id":"https:\/\/rutana.lt\/produktas\/lipnios-kainu-etiketes-21-5-x-12-mm-baltos-staciakampes\/#primaryimage"},"thumbnailUrl":"https:\/\/rutana.lt\/wp-content\/uploads\/2025\/09\/A112-001-1.jpg?v=1763621503","datePublished":"2025-09-03T06:57:16+00:00","dateModified":"2025-10-13T13:29:14+00:00","breadcrumb":{"@id":"https:\/\/rutana.lt\/produktas\/lipnios-kainu-etiketes-21-5-x-12-mm-baltos-staciakampes\/#breadcrumb"},"inLanguage":"en-US","potentialAction":[{"@type":"ReadAction","target":["https:\/\/rutana.lt\/produktas\/lipnios-kainu-etiketes-21-5-x-12-mm-baltos-staciakampes\/"]}]},{"@type":"ImageObject","inLanguage":"en-US","@id":"https:\/\/rutana.lt\/produktas\/lipnios-kainu-etiketes-21-5-x-12-mm-baltos-staciakampes\/#primaryimage","url":"https:\/\/rutana.lt\/wp-content\/uploads\/2025\/09\/A112-001-1.jpg?v=1763621503","contentUrl":"https:\/\/rutana.lt\/wp-content\/uploads\/2025\/09\/A112-001-1.jpg?v=1763621503","width":500,"height":589},{"@type":"BreadcrumbList","@id":"https:\/\/rutana.lt\/produktas\/lipnios-kainu-etiketes-21-5-x-12-mm-baltos-staciakampes\/#breadcrumb","itemListElement":[{"@type":"ListItem","position":1,"name":"Home","item":"https:\/\/rutana.lt\/"},{"@type":"ListItem","position":2,"name":"Parduotuv\u0117","item":"https:\/\/rutana.lt\/parduotuve\/"},{"@type":"ListItem","position":3,"name":"Lipnios kain\u0173 etiket\u0117s 21.5 x 12 mm baltos sta\u010diakamp\u0117s"}]},{"@type":"WebSite","@id":"https:\/\/rutana.lt\/#website","url":"https:\/\/rutana.lt\/","name":"Rutana - Ra\u0161tin\u0117s reikmenys","description":"Prekiaujame pasaulin\u0117je rinkoje pripa\u017eintomis, kokybi\u0161komis biuro prek\u0117mis toki\u0173  gamintoj\u0173 kaip: Schneider, Esselte, Novus, 3M, Faber-Castell, Citizen, Milan, Leitz, Colop, Zebra, Staedtler, Durable, Tork, Parker, Waterman ir kt.","publisher":{"@id":"https:\/\/rutana.lt\/#organization"},"potentialAction":[{"@type":"SearchAction","target":{"@type":"EntryPoint","urlTemplate":"https:\/\/rutana.lt\/?s={search_term_string}"},"query-input":{"@type":"PropertyValueSpecification","valueRequired":true,"valueName":"search_term_string"}}],"inLanguage":"en-US"},{"@type":"Organization","@id":"https:\/\/rutana.lt\/#organization","name":"Rutana - Ra\u0161tin\u0117s reikmenys","url":"https:\/\/rutana.lt\/","logo":{"@type":"ImageObject","inLanguage":"en-US","@id":"https:\/\/rutana.lt\/#\/schema\/logo\/image\/","url":"https:\/\/rutana.lt\/wp-content\/uploads\/2025\/10\/Asset-32.png","contentUrl":"https:\/\/rutana.lt\/wp-content\/uploads\/2025\/10\/Asset-32.png","width":433,"height":119,"caption":"Rutana - Ra\u0161tin\u0117s reikmenys"},"image":{"@id":"https:\/\/rutana.lt\/#\/schema\/logo\/image\/"},"sameAs":["https:\/\/www.facebook.com\/RutanaKanceliarinesPrekes\/"]}]}},"_links":{"self":[{"href":"https:\/\/rutana.lt\/en\/wp-json\/wp\/v2\/product\/7649","targetHints":{"allow":["GET"]}}],"collection":[{"href":"https:\/\/rutana.lt\/en\/wp-json\/wp\/v2\/product"}],"about":[{"href":"https:\/\/rutana.lt\/en\/wp-json\/wp\/v2\/types\/product"}],"replies":[{"embeddable":true,"href":"https:\/\/rutana.lt\/en\/wp-json\/wp\/v2\/comments?post=7649"}],"version-history":[{"count":1,"href":"https:\/\/rutana.lt\/en\/wp-json\/wp\/v2\/product\/7649\/revisions"}],"predecessor-version":[{"id":7692,"href":"https:\/\/rutana.lt\/en\/wp-json\/wp\/v2\/product\/7649\/revisions\/7692"}],"wp:featuredmedia":[{"embeddable":true,"href":"https:\/\/rutana.lt\/en\/wp-json\/wp\/v2\/media\/26212"}],"wp:attachment":[{"href":"https:\/\/rutana.lt\/en\/wp-json\/wp\/v2\/media?parent=7649"}],"wp:term":[{"taxonomy":"product_brand","embeddable":true,"href":"https:\/\/rutana.lt\/en\/wp-json\/wp\/v2\/product_brand?post=7649"},{"taxonomy":"product_cat","embeddable":true,"href":"https:\/\/rutana.lt\/en\/wp-json\/wp\/v2\/product_cat?post=7649"},{"taxonomy":"product_tag","embeddable":true,"href":"https:\/\/rutana.lt\/en\/wp-json\/wp\/v2\/product_tag?post=7649"}],"curies":[{"name":"wp","href":"https:\/\/api.w.org\/{rel}","templated":true}]}}