{"id":7571,"date":"2025-09-03T08:56:52","date_gmt":"2025-09-03T06:56:52","guid":{"rendered":"https:\/\/rutana.webdemo.lt\/?post_type=product&#038;p=7571"},"modified":"2025-10-13T15:28:58","modified_gmt":"2025-10-13T13:28:58","slug":"automatinis-gelio-rasiklis-sarasa-clip-0-4mm-melynas-zebra","status":"publish","type":"product","link":"https:\/\/rutana.lt\/en\/product\/automatinis-gelio-rasiklis-sarasa-clip-0-4mm-melynas-zebra\/","title":{"rendered":"Automatinis gelio ra\u0161iklis SARASA CLIP 0.4mm m\u0117lynas Zebra"},"content":{"rendered":"<p>Gelio ra\u0161iklis pagamintas i\u0161 perdirbto plastiko su mink\u0161tu plastiku laikymo zonoje, kuris prisitaiko prie pir\u0161t\u0173 ir suteikia ra\u0161ymui komfort\u0105. Turi plastikin\u0119 ir lanks\u010di\u0105 \u012fseg\u0117l\u0119, kuri leid\u017eia ra\u0161ikl\u012f prisegti prie labai storo s\u0105siuvinio ar knygos. Tu\u0161as pagamintas i\u0161 pigmentini\u0173 da\u017eikli\u0173, tod\u0117l nei\u0161blunka ir atsparus vandeniui, greitai d\u017ei\u016bsta. Idealiai tinka ir kairiarankiams. Ra\u0161o mink\u0161tai, tuo lengdamas daugel\u012f savo konkurent\u0173. Kei\u010diama \u0161erdel\u0117 Zebra JF.<\/p>\n<p>\u0160erdel\u0117s galvut\u0117s storis: 0.4 mm<\/p>\n<p>Br\u0117\u017eiamos linijos storis: 0.26 &#8211; 0.28 mm<\/p>\n<p>Tu\u0161o spalva: m\u0117lyna <\/p>\n<p>Kilm\u0117s \u0161alis: Japonija <\/p>\n<\/p>\n<p><\/p>","protected":false},"excerpt":{"rendered":"<p>Gelio ra\u0161iklis pagamintas i\u0161 perdirbto plastiko su mink\u0161tu plastiku laikymo zonoje, kuris prisitaiko prie pir\u0161t\u0173 ir suteikia ra\u0161ymui komfort\u0105. Turi plastikin\u0119 ir lanks\u010di\u0105 \u012fseg\u0117l\u0119, kuri leid\u017eia ra\u0161ikl\u012f prisegti prie labai storo s\u0105siuvinio ar knygos. Tu\u0161as pagamintas i\u0161 pigmentini\u0173 da\u017eikli\u0173, tod\u0117l nei\u0161blunka ir atsparus vandeniui, greitai d\u017ei\u016bsta. Idealiai tinka ir kairiarankiams. Ra\u0161o mink\u0161tai, tuo lengdamas daugel\u012f [&hellip;]<\/p>","protected":false},"featured_media":26186,"comment_status":"open","ping_status":"closed","template":"","meta":{"_season_start":"","_season_end":"","_season_days":"","_season_months":"","_season_auto_visibility":""},"product_brand":[203],"product_cat":[1747],"product_tag":[],"class_list":{"0":"post-7571","1":"product","2":"type-product","3":"status-publish","4":"has-post-thumbnail","6":"product_brand-zebra","7":"product_cat-geliniai-rasikliai","9":"first","10":"instock","11":"taxable","12":"shipping-taxable","13":"purchasable","14":"product-type-simple"},"yoast_head":"<!-- This site is optimized with the Yoast SEO plugin v27.4 - https:\/\/yoast.com\/product\/yoast-seo-wordpress\/ -->\n<title>Automatinis gelio ra\u0161iklis SARASA CLIP 0.4mm m\u0117lynas Zebra - Rutana - Ra\u0161tin\u0117s reikmenys<\/title>\n<meta name=\"robots\" content=\"index, follow, max-snippet:-1, max-image-preview:large, max-video-preview:-1\" \/>\n<link rel=\"canonical\" href=\"https:\/\/rutana.lt\/en\/product\/automatinis-gelio-rasiklis-sarasa-clip-0-4mm-melynas-zebra\/\" \/>\n<meta property=\"og:locale\" content=\"en_US\" \/>\n<meta property=\"og:type\" content=\"article\" \/>\n<meta property=\"og:title\" content=\"Automatinis gelio ra\u0161iklis SARASA CLIP 0.4mm m\u0117lynas Zebra - Rutana - Ra\u0161tin\u0117s reikmenys\" \/>\n<meta property=\"og:description\" content=\"Gelio ra\u0161iklis pagamintas i\u0161 perdirbto plastiko su mink\u0161tu plastiku laikymo zonoje, kuris prisitaiko prie pir\u0161t\u0173 ir suteikia ra\u0161ymui komfort\u0105. Turi plastikin\u0119 ir lanks\u010di\u0105 \u012fseg\u0117l\u0119, kuri leid\u017eia ra\u0161ikl\u012f prisegti prie labai storo s\u0105siuvinio ar knygos. Tu\u0161as pagamintas i\u0161 pigmentini\u0173 da\u017eikli\u0173, tod\u0117l nei\u0161blunka ir atsparus vandeniui, greitai d\u017ei\u016bsta. Idealiai tinka ir kairiarankiams. Ra\u0161o mink\u0161tai, tuo lengdamas daugel\u012f [&hellip;]\" \/>\n<meta property=\"og:url\" content=\"https:\/\/rutana.lt\/en\/product\/automatinis-gelio-rasiklis-sarasa-clip-0-4mm-melynas-zebra\/\" \/>\n<meta property=\"og:site_name\" content=\"Rutana - Ra\u0161tin\u0117s reikmenys\" \/>\n<meta property=\"article:publisher\" content=\"https:\/\/www.facebook.com\/RutanaKanceliarinesPrekes\/\" \/>\n<meta property=\"article:modified_time\" content=\"2025-10-13T13:28:58+00:00\" \/>\n<meta property=\"og:image\" content=\"https:\/\/rutana.lt\/wp-content\/uploads\/2025\/09\/C042-063.jpg\" \/>\n\t<meta property=\"og:image:width\" content=\"600\" \/>\n\t<meta property=\"og:image:height\" content=\"500\" \/>\n\t<meta property=\"og:image:type\" content=\"image\/jpeg\" \/>\n<meta name=\"twitter:card\" content=\"summary_large_image\" \/>\n<script type=\"application\/ld+json\" class=\"yoast-schema-graph\">{\"@context\":\"https:\\\/\\\/schema.org\",\"@graph\":[{\"@type\":\"WebPage\",\"@id\":\"https:\\\/\\\/rutana.lt\\\/produktas\\\/automatinis-gelio-rasiklis-sarasa-clip-0-4mm-melynas-zebra\\\/\",\"url\":\"https:\\\/\\\/rutana.lt\\\/produktas\\\/automatinis-gelio-rasiklis-sarasa-clip-0-4mm-melynas-zebra\\\/\",\"name\":\"Automatinis gelio ra\u0161iklis SARASA CLIP 0.4mm m\u0117lynas Zebra - Rutana - Ra\u0161tin\u0117s reikmenys\",\"isPartOf\":{\"@id\":\"https:\\\/\\\/rutana.lt\\\/#website\"},\"primaryImageOfPage\":{\"@id\":\"https:\\\/\\\/rutana.lt\\\/produktas\\\/automatinis-gelio-rasiklis-sarasa-clip-0-4mm-melynas-zebra\\\/#primaryimage\"},\"image\":{\"@id\":\"https:\\\/\\\/rutana.lt\\\/produktas\\\/automatinis-gelio-rasiklis-sarasa-clip-0-4mm-melynas-zebra\\\/#primaryimage\"},\"thumbnailUrl\":\"https:\\\/\\\/rutana.lt\\\/wp-content\\\/uploads\\\/2025\\\/09\\\/C042-063-1.jpg?v=1763621533\",\"datePublished\":\"2025-09-03T06:56:52+00:00\",\"dateModified\":\"2025-10-13T13:28:58+00:00\",\"breadcrumb\":{\"@id\":\"https:\\\/\\\/rutana.lt\\\/produktas\\\/automatinis-gelio-rasiklis-sarasa-clip-0-4mm-melynas-zebra\\\/#breadcrumb\"},\"inLanguage\":\"en-US\",\"potentialAction\":[{\"@type\":\"ReadAction\",\"target\":[\"https:\\\/\\\/rutana.lt\\\/produktas\\\/automatinis-gelio-rasiklis-sarasa-clip-0-4mm-melynas-zebra\\\/\"]}]},{\"@type\":\"ImageObject\",\"inLanguage\":\"en-US\",\"@id\":\"https:\\\/\\\/rutana.lt\\\/produktas\\\/automatinis-gelio-rasiklis-sarasa-clip-0-4mm-melynas-zebra\\\/#primaryimage\",\"url\":\"https:\\\/\\\/rutana.lt\\\/wp-content\\\/uploads\\\/2025\\\/09\\\/C042-063-1.jpg?v=1763621533\",\"contentUrl\":\"https:\\\/\\\/rutana.lt\\\/wp-content\\\/uploads\\\/2025\\\/09\\\/C042-063-1.jpg?v=1763621533\",\"width\":600,\"height\":500},{\"@type\":\"BreadcrumbList\",\"@id\":\"https:\\\/\\\/rutana.lt\\\/produktas\\\/automatinis-gelio-rasiklis-sarasa-clip-0-4mm-melynas-zebra\\\/#breadcrumb\",\"itemListElement\":[{\"@type\":\"ListItem\",\"position\":1,\"name\":\"Home\",\"item\":\"https:\\\/\\\/rutana.lt\\\/\"},{\"@type\":\"ListItem\",\"position\":2,\"name\":\"Parduotuv\u0117\",\"item\":\"https:\\\/\\\/rutana.lt\\\/parduotuve\\\/\"},{\"@type\":\"ListItem\",\"position\":3,\"name\":\"Automatinis gelio ra\u0161iklis SARASA CLIP 0.4mm m\u0117lynas Zebra\"}]},{\"@type\":\"WebSite\",\"@id\":\"https:\\\/\\\/rutana.lt\\\/#website\",\"url\":\"https:\\\/\\\/rutana.lt\\\/\",\"name\":\"Rutana - Ra\u0161tin\u0117s reikmenys\",\"description\":\"Prekiaujame pasaulin\u0117je rinkoje pripa\u017eintomis, kokybi\u0161komis biuro prek\u0117mis toki\u0173  gamintoj\u0173 kaip: Schneider, Esselte, Novus, 3M, Faber-Castell, Citizen, Milan, Leitz, Colop, Zebra, Staedtler, Durable, Tork, Parker, Waterman ir kt.\",\"publisher\":{\"@id\":\"https:\\\/\\\/rutana.lt\\\/#organization\"},\"potentialAction\":[{\"@type\":\"SearchAction\",\"target\":{\"@type\":\"EntryPoint\",\"urlTemplate\":\"https:\\\/\\\/rutana.lt\\\/?s={search_term_string}\"},\"query-input\":{\"@type\":\"PropertyValueSpecification\",\"valueRequired\":true,\"valueName\":\"search_term_string\"}}],\"inLanguage\":\"en-US\"},{\"@type\":\"Organization\",\"@id\":\"https:\\\/\\\/rutana.lt\\\/#organization\",\"name\":\"Rutana - Ra\u0161tin\u0117s reikmenys\",\"url\":\"https:\\\/\\\/rutana.lt\\\/\",\"logo\":{\"@type\":\"ImageObject\",\"inLanguage\":\"en-US\",\"@id\":\"https:\\\/\\\/rutana.lt\\\/#\\\/schema\\\/logo\\\/image\\\/\",\"url\":\"https:\\\/\\\/rutana.lt\\\/wp-content\\\/uploads\\\/2025\\\/10\\\/Asset-32.png\",\"contentUrl\":\"https:\\\/\\\/rutana.lt\\\/wp-content\\\/uploads\\\/2025\\\/10\\\/Asset-32.png\",\"width\":433,\"height\":119,\"caption\":\"Rutana - Ra\u0161tin\u0117s reikmenys\"},\"image\":{\"@id\":\"https:\\\/\\\/rutana.lt\\\/#\\\/schema\\\/logo\\\/image\\\/\"},\"sameAs\":[\"https:\\\/\\\/www.facebook.com\\\/RutanaKanceliarinesPrekes\\\/\"]}]}<\/script>\n<!-- \/ Yoast SEO plugin. -->","yoast_head_json":{"title":"Automatinis gelio ra\u0161iklis SARASA CLIP 0.4mm m\u0117lynas Zebra - Rutana - Ra\u0161tin\u0117s reikmenys","robots":{"index":"index","follow":"follow","max-snippet":"max-snippet:-1","max-image-preview":"max-image-preview:large","max-video-preview":"max-video-preview:-1"},"canonical":"https:\/\/rutana.lt\/en\/product\/automatinis-gelio-rasiklis-sarasa-clip-0-4mm-melynas-zebra\/","og_locale":"en_US","og_type":"article","og_title":"Automatinis gelio ra\u0161iklis SARASA CLIP 0.4mm m\u0117lynas Zebra - Rutana - Ra\u0161tin\u0117s reikmenys","og_description":"Gelio ra\u0161iklis pagamintas i\u0161 perdirbto plastiko su mink\u0161tu plastiku laikymo zonoje, kuris prisitaiko prie pir\u0161t\u0173 ir suteikia ra\u0161ymui komfort\u0105. Turi plastikin\u0119 ir lanks\u010di\u0105 \u012fseg\u0117l\u0119, kuri leid\u017eia ra\u0161ikl\u012f prisegti prie labai storo s\u0105siuvinio ar knygos. Tu\u0161as pagamintas i\u0161 pigmentini\u0173 da\u017eikli\u0173, tod\u0117l nei\u0161blunka ir atsparus vandeniui, greitai d\u017ei\u016bsta. Idealiai tinka ir kairiarankiams. Ra\u0161o mink\u0161tai, tuo lengdamas daugel\u012f [&hellip;]","og_url":"https:\/\/rutana.lt\/en\/product\/automatinis-gelio-rasiklis-sarasa-clip-0-4mm-melynas-zebra\/","og_site_name":"Rutana - Ra\u0161tin\u0117s reikmenys","article_publisher":"https:\/\/www.facebook.com\/RutanaKanceliarinesPrekes\/","article_modified_time":"2025-10-13T13:28:58+00:00","og_image":[{"width":600,"height":500,"url":"https:\/\/rutana.lt\/wp-content\/uploads\/2025\/09\/C042-063.jpg","type":"image\/jpeg"}],"twitter_card":"summary_large_image","schema":{"@context":"https:\/\/schema.org","@graph":[{"@type":"WebPage","@id":"https:\/\/rutana.lt\/produktas\/automatinis-gelio-rasiklis-sarasa-clip-0-4mm-melynas-zebra\/","url":"https:\/\/rutana.lt\/produktas\/automatinis-gelio-rasiklis-sarasa-clip-0-4mm-melynas-zebra\/","name":"Automatinis gelio ra\u0161iklis SARASA CLIP 0.4mm m\u0117lynas Zebra - Rutana - Ra\u0161tin\u0117s reikmenys","isPartOf":{"@id":"https:\/\/rutana.lt\/#website"},"primaryImageOfPage":{"@id":"https:\/\/rutana.lt\/produktas\/automatinis-gelio-rasiklis-sarasa-clip-0-4mm-melynas-zebra\/#primaryimage"},"image":{"@id":"https:\/\/rutana.lt\/produktas\/automatinis-gelio-rasiklis-sarasa-clip-0-4mm-melynas-zebra\/#primaryimage"},"thumbnailUrl":"https:\/\/rutana.lt\/wp-content\/uploads\/2025\/09\/C042-063-1.jpg?v=1763621533","datePublished":"2025-09-03T06:56:52+00:00","dateModified":"2025-10-13T13:28:58+00:00","breadcrumb":{"@id":"https:\/\/rutana.lt\/produktas\/automatinis-gelio-rasiklis-sarasa-clip-0-4mm-melynas-zebra\/#breadcrumb"},"inLanguage":"en-US","potentialAction":[{"@type":"ReadAction","target":["https:\/\/rutana.lt\/produktas\/automatinis-gelio-rasiklis-sarasa-clip-0-4mm-melynas-zebra\/"]}]},{"@type":"ImageObject","inLanguage":"en-US","@id":"https:\/\/rutana.lt\/produktas\/automatinis-gelio-rasiklis-sarasa-clip-0-4mm-melynas-zebra\/#primaryimage","url":"https:\/\/rutana.lt\/wp-content\/uploads\/2025\/09\/C042-063-1.jpg?v=1763621533","contentUrl":"https:\/\/rutana.lt\/wp-content\/uploads\/2025\/09\/C042-063-1.jpg?v=1763621533","width":600,"height":500},{"@type":"BreadcrumbList","@id":"https:\/\/rutana.lt\/produktas\/automatinis-gelio-rasiklis-sarasa-clip-0-4mm-melynas-zebra\/#breadcrumb","itemListElement":[{"@type":"ListItem","position":1,"name":"Home","item":"https:\/\/rutana.lt\/"},{"@type":"ListItem","position":2,"name":"Parduotuv\u0117","item":"https:\/\/rutana.lt\/parduotuve\/"},{"@type":"ListItem","position":3,"name":"Automatinis gelio ra\u0161iklis SARASA CLIP 0.4mm m\u0117lynas Zebra"}]},{"@type":"WebSite","@id":"https:\/\/rutana.lt\/#website","url":"https:\/\/rutana.lt\/","name":"Rutana - Ra\u0161tin\u0117s reikmenys","description":"Prekiaujame pasaulin\u0117je rinkoje pripa\u017eintomis, kokybi\u0161komis biuro prek\u0117mis toki\u0173  gamintoj\u0173 kaip: Schneider, Esselte, Novus, 3M, Faber-Castell, Citizen, Milan, Leitz, Colop, Zebra, Staedtler, Durable, Tork, Parker, Waterman ir kt.","publisher":{"@id":"https:\/\/rutana.lt\/#organization"},"potentialAction":[{"@type":"SearchAction","target":{"@type":"EntryPoint","urlTemplate":"https:\/\/rutana.lt\/?s={search_term_string}"},"query-input":{"@type":"PropertyValueSpecification","valueRequired":true,"valueName":"search_term_string"}}],"inLanguage":"en-US"},{"@type":"Organization","@id":"https:\/\/rutana.lt\/#organization","name":"Rutana - Ra\u0161tin\u0117s reikmenys","url":"https:\/\/rutana.lt\/","logo":{"@type":"ImageObject","inLanguage":"en-US","@id":"https:\/\/rutana.lt\/#\/schema\/logo\/image\/","url":"https:\/\/rutana.lt\/wp-content\/uploads\/2025\/10\/Asset-32.png","contentUrl":"https:\/\/rutana.lt\/wp-content\/uploads\/2025\/10\/Asset-32.png","width":433,"height":119,"caption":"Rutana - Ra\u0161tin\u0117s reikmenys"},"image":{"@id":"https:\/\/rutana.lt\/#\/schema\/logo\/image\/"},"sameAs":["https:\/\/www.facebook.com\/RutanaKanceliarinesPrekes\/"]}]}},"_links":{"self":[{"href":"https:\/\/rutana.lt\/en\/wp-json\/wp\/v2\/product\/7571","targetHints":{"allow":["GET"]}}],"collection":[{"href":"https:\/\/rutana.lt\/en\/wp-json\/wp\/v2\/product"}],"about":[{"href":"https:\/\/rutana.lt\/en\/wp-json\/wp\/v2\/types\/product"}],"replies":[{"embeddable":true,"href":"https:\/\/rutana.lt\/en\/wp-json\/wp\/v2\/comments?post=7571"}],"version-history":[{"count":1,"href":"https:\/\/rutana.lt\/en\/wp-json\/wp\/v2\/product\/7571\/revisions"}],"predecessor-version":[{"id":7614,"href":"https:\/\/rutana.lt\/en\/wp-json\/wp\/v2\/product\/7571\/revisions\/7614"}],"wp:featuredmedia":[{"embeddable":true,"href":"https:\/\/rutana.lt\/en\/wp-json\/wp\/v2\/media\/26186"}],"wp:attachment":[{"href":"https:\/\/rutana.lt\/en\/wp-json\/wp\/v2\/media?parent=7571"}],"wp:term":[{"taxonomy":"product_brand","embeddable":true,"href":"https:\/\/rutana.lt\/en\/wp-json\/wp\/v2\/product_brand?post=7571"},{"taxonomy":"product_cat","embeddable":true,"href":"https:\/\/rutana.lt\/en\/wp-json\/wp\/v2\/product_cat?post=7571"},{"taxonomy":"product_tag","embeddable":true,"href":"https:\/\/rutana.lt\/en\/wp-json\/wp\/v2\/product_tag?post=7571"}],"curies":[{"name":"wp","href":"https:\/\/api.w.org\/{rel}","templated":true}]}}