{"id":7497,"date":"2025-09-03T08:56:30","date_gmt":"2025-09-03T06:56:30","guid":{"rendered":"https:\/\/rutana.webdemo.lt\/?post_type=product&#038;p=7497"},"modified":"2025-10-13T15:28:50","modified_gmt":"2025-10-13T13:28:50","slug":"kartotekinis-vokas-a4-raudonas-esselte-90316","status":"publish","type":"product","link":"https:\/\/rutana.lt\/en\/product\/kartotekinis-vokas-a4-raudonas-esselte-90316\/","title":{"rendered":"Kartotekinis vokas A4 raudonas Esselte 90316"},"content":{"rendered":"<p>V formos vokas &#8211; aplankas skirtas laikyti dokumentus ir kabinamas \u012f speciali\u0105 kartotekin\u0119 d\u0117\u017e\u0119 arba stal\u010di\u0173. Vokas pagamintas i\u0161 100 % perdirbto, storo 210 g\/m<span style=\"vertical-align: super;\">2<\/span> kartono su tvirtais plastikiniais kabliukais. Turi skaidr\u0173, plastikin\u012f laikikl\u012f &#8211; langel\u012f, kad b\u016bt\u0173 galim\u0105 \u012fd\u0117ti etiket\u0119 su u\u017era\u0161u. Voko apa\u010dia sustiprinta plastiko juosta.<\/p>\n<p>Formatas: A4 <\/p>\n<p>Voko matmenys: 345 x 240 mm<\/p>\n<p>Voko spalva: raudona<\/p>\n<p><\/p>\n<p><\/p>","protected":false},"excerpt":{"rendered":"<p>V formos vokas &#8211; aplankas skirtas laikyti dokumentus ir kabinamas \u012f speciali\u0105 kartotekin\u0119 d\u0117\u017e\u0119 arba stal\u010di\u0173. Vokas pagamintas i\u0161 100 % perdirbto, storo 210 g\/m2 kartono su tvirtais plastikiniais kabliukais. Turi skaidr\u0173, plastikin\u012f laikikl\u012f &#8211; langel\u012f, kad b\u016bt\u0173 galim\u0105 \u012fd\u0117ti etiket\u0119 su u\u017era\u0161u. Voko apa\u010dia sustiprinta plastiko juosta. Formatas: A4 Voko matmenys: 345 x 240 [&hellip;]<\/p>","protected":false},"featured_media":26166,"comment_status":"open","ping_status":"closed","template":"","meta":{"_season_start":"","_season_end":"","_season_days":"","_season_months":"","_season_auto_visibility":""},"product_brand":[79],"product_cat":[1652],"product_tag":[],"class_list":{"0":"post-7497","1":"product","2":"type-product","3":"status-publish","4":"has-post-thumbnail","6":"product_brand-esselte","7":"product_cat-kartotekiniai-vokai","9":"first","10":"instock","11":"taxable","12":"shipping-taxable","13":"purchasable","14":"product-type-simple"},"yoast_head":"<!-- This site is optimized with the Yoast SEO plugin v26.1.1 - https:\/\/yoast.com\/wordpress\/plugins\/seo\/ -->\n<title>Kartotekinis vokas A4 raudonas Esselte 90316 - Rutana - Ra\u0161tin\u0117s reikmenys<\/title>\n<meta name=\"robots\" content=\"index, follow, max-snippet:-1, max-image-preview:large, max-video-preview:-1\" \/>\n<link rel=\"canonical\" href=\"https:\/\/rutana.lt\/en\/product\/kartotekinis-vokas-a4-raudonas-esselte-90316\/\" \/>\n<meta property=\"og:locale\" content=\"en_US\" \/>\n<meta property=\"og:type\" content=\"article\" \/>\n<meta property=\"og:title\" content=\"Kartotekinis vokas A4 raudonas Esselte 90316 - Rutana - Ra\u0161tin\u0117s reikmenys\" \/>\n<meta property=\"og:description\" content=\"V formos vokas &#8211; aplankas skirtas laikyti dokumentus ir kabinamas \u012f speciali\u0105 kartotekin\u0119 d\u0117\u017e\u0119 arba stal\u010di\u0173. Vokas pagamintas i\u0161 100 % perdirbto, storo 210 g\/m2 kartono su tvirtais plastikiniais kabliukais. Turi skaidr\u0173, plastikin\u012f laikikl\u012f &#8211; langel\u012f, kad b\u016bt\u0173 galim\u0105 \u012fd\u0117ti etiket\u0119 su u\u017era\u0161u. Voko apa\u010dia sustiprinta plastiko juosta. Formatas: A4 Voko matmenys: 345 x 240 [&hellip;]\" \/>\n<meta property=\"og:url\" content=\"https:\/\/rutana.lt\/en\/product\/kartotekinis-vokas-a4-raudonas-esselte-90316\/\" \/>\n<meta property=\"og:site_name\" content=\"Rutana - Ra\u0161tin\u0117s reikmenys\" \/>\n<meta property=\"article:publisher\" content=\"https:\/\/www.facebook.com\/RutanaKanceliarinesPrekes\/\" \/>\n<meta property=\"article:modified_time\" content=\"2025-10-13T13:28:50+00:00\" \/>\n<meta property=\"og:image\" content=\"https:\/\/rutana.lt\/wp-content\/uploads\/2025\/09\/A143-126.jpg\" \/>\n\t<meta property=\"og:image:width\" content=\"500\" \/>\n\t<meta property=\"og:image:height\" content=\"500\" \/>\n\t<meta property=\"og:image:type\" content=\"image\/jpeg\" \/>\n<meta name=\"twitter:card\" content=\"summary_large_image\" \/>\n<script type=\"application\/ld+json\" class=\"yoast-schema-graph\">{\"@context\":\"https:\/\/schema.org\",\"@graph\":[{\"@type\":\"WebPage\",\"@id\":\"https:\/\/rutana.lt\/produktas\/kartotekinis-vokas-a4-raudonas-esselte-90316\/\",\"url\":\"https:\/\/rutana.lt\/produktas\/kartotekinis-vokas-a4-raudonas-esselte-90316\/\",\"name\":\"Kartotekinis vokas A4 raudonas Esselte 90316 - Rutana - Ra\u0161tin\u0117s reikmenys\",\"isPartOf\":{\"@id\":\"https:\/\/rutana.lt\/#website\"},\"primaryImageOfPage\":{\"@id\":\"https:\/\/rutana.lt\/produktas\/kartotekinis-vokas-a4-raudonas-esselte-90316\/#primaryimage\"},\"image\":{\"@id\":\"https:\/\/rutana.lt\/produktas\/kartotekinis-vokas-a4-raudonas-esselte-90316\/#primaryimage\"},\"thumbnailUrl\":\"https:\/\/rutana.lt\/wp-content\/uploads\/2025\/09\/A143-126-1.jpg?v=1763621558\",\"datePublished\":\"2025-09-03T06:56:30+00:00\",\"dateModified\":\"2025-10-13T13:28:50+00:00\",\"breadcrumb\":{\"@id\":\"https:\/\/rutana.lt\/produktas\/kartotekinis-vokas-a4-raudonas-esselte-90316\/#breadcrumb\"},\"inLanguage\":\"en-US\",\"potentialAction\":[{\"@type\":\"ReadAction\",\"target\":[\"https:\/\/rutana.lt\/produktas\/kartotekinis-vokas-a4-raudonas-esselte-90316\/\"]}]},{\"@type\":\"ImageObject\",\"inLanguage\":\"en-US\",\"@id\":\"https:\/\/rutana.lt\/produktas\/kartotekinis-vokas-a4-raudonas-esselte-90316\/#primaryimage\",\"url\":\"https:\/\/rutana.lt\/wp-content\/uploads\/2025\/09\/A143-126-1.jpg?v=1763621558\",\"contentUrl\":\"https:\/\/rutana.lt\/wp-content\/uploads\/2025\/09\/A143-126-1.jpg?v=1763621558\",\"width\":500,\"height\":500},{\"@type\":\"BreadcrumbList\",\"@id\":\"https:\/\/rutana.lt\/produktas\/kartotekinis-vokas-a4-raudonas-esselte-90316\/#breadcrumb\",\"itemListElement\":[{\"@type\":\"ListItem\",\"position\":1,\"name\":\"Home\",\"item\":\"https:\/\/rutana.lt\/\"},{\"@type\":\"ListItem\",\"position\":2,\"name\":\"Parduotuv\u0117\",\"item\":\"https:\/\/rutana.lt\/parduotuve\/\"},{\"@type\":\"ListItem\",\"position\":3,\"name\":\"Kartotekinis vokas A4 raudonas Esselte 90316\"}]},{\"@type\":\"WebSite\",\"@id\":\"https:\/\/rutana.lt\/#website\",\"url\":\"https:\/\/rutana.lt\/\",\"name\":\"Rutana - Ra\u0161tin\u0117s reikmenys\",\"description\":\"Prekiaujame pasaulin\u0117je rinkoje pripa\u017eintomis, kokybi\u0161komis biuro prek\u0117mis toki\u0173  gamintoj\u0173 kaip: Schneider, Esselte, Novus, 3M, Faber-Castell, Citizen, Milan, Leitz, Colop, Zebra, Staedtler, Durable, Tork, Parker, Waterman ir kt.\",\"publisher\":{\"@id\":\"https:\/\/rutana.lt\/#organization\"},\"potentialAction\":[{\"@type\":\"SearchAction\",\"target\":{\"@type\":\"EntryPoint\",\"urlTemplate\":\"https:\/\/rutana.lt\/?s={search_term_string}\"},\"query-input\":{\"@type\":\"PropertyValueSpecification\",\"valueRequired\":true,\"valueName\":\"search_term_string\"}}],\"inLanguage\":\"en-US\"},{\"@type\":\"Organization\",\"@id\":\"https:\/\/rutana.lt\/#organization\",\"name\":\"Rutana - Ra\u0161tin\u0117s reikmenys\",\"url\":\"https:\/\/rutana.lt\/\",\"logo\":{\"@type\":\"ImageObject\",\"inLanguage\":\"en-US\",\"@id\":\"https:\/\/rutana.lt\/#\/schema\/logo\/image\/\",\"url\":\"https:\/\/rutana.lt\/wp-content\/uploads\/2025\/10\/Asset-32.png\",\"contentUrl\":\"https:\/\/rutana.lt\/wp-content\/uploads\/2025\/10\/Asset-32.png\",\"width\":433,\"height\":119,\"caption\":\"Rutana - Ra\u0161tin\u0117s reikmenys\"},\"image\":{\"@id\":\"https:\/\/rutana.lt\/#\/schema\/logo\/image\/\"},\"sameAs\":[\"https:\/\/www.facebook.com\/RutanaKanceliarinesPrekes\/\"]}]}<\/script>\n<!-- \/ Yoast SEO plugin. -->","yoast_head_json":{"title":"Kartotekinis vokas A4 raudonas Esselte 90316 - Rutana - Ra\u0161tin\u0117s reikmenys","robots":{"index":"index","follow":"follow","max-snippet":"max-snippet:-1","max-image-preview":"max-image-preview:large","max-video-preview":"max-video-preview:-1"},"canonical":"https:\/\/rutana.lt\/en\/product\/kartotekinis-vokas-a4-raudonas-esselte-90316\/","og_locale":"en_US","og_type":"article","og_title":"Kartotekinis vokas A4 raudonas Esselte 90316 - Rutana - Ra\u0161tin\u0117s reikmenys","og_description":"V formos vokas &#8211; aplankas skirtas laikyti dokumentus ir kabinamas \u012f speciali\u0105 kartotekin\u0119 d\u0117\u017e\u0119 arba stal\u010di\u0173. Vokas pagamintas i\u0161 100 % perdirbto, storo 210 g\/m2 kartono su tvirtais plastikiniais kabliukais. Turi skaidr\u0173, plastikin\u012f laikikl\u012f &#8211; langel\u012f, kad b\u016bt\u0173 galim\u0105 \u012fd\u0117ti etiket\u0119 su u\u017era\u0161u. Voko apa\u010dia sustiprinta plastiko juosta. Formatas: A4 Voko matmenys: 345 x 240 [&hellip;]","og_url":"https:\/\/rutana.lt\/en\/product\/kartotekinis-vokas-a4-raudonas-esselte-90316\/","og_site_name":"Rutana - Ra\u0161tin\u0117s reikmenys","article_publisher":"https:\/\/www.facebook.com\/RutanaKanceliarinesPrekes\/","article_modified_time":"2025-10-13T13:28:50+00:00","og_image":[{"width":500,"height":500,"url":"https:\/\/rutana.lt\/wp-content\/uploads\/2025\/09\/A143-126.jpg","type":"image\/jpeg"}],"twitter_card":"summary_large_image","schema":{"@context":"https:\/\/schema.org","@graph":[{"@type":"WebPage","@id":"https:\/\/rutana.lt\/produktas\/kartotekinis-vokas-a4-raudonas-esselte-90316\/","url":"https:\/\/rutana.lt\/produktas\/kartotekinis-vokas-a4-raudonas-esselte-90316\/","name":"Kartotekinis vokas A4 raudonas Esselte 90316 - Rutana - Ra\u0161tin\u0117s reikmenys","isPartOf":{"@id":"https:\/\/rutana.lt\/#website"},"primaryImageOfPage":{"@id":"https:\/\/rutana.lt\/produktas\/kartotekinis-vokas-a4-raudonas-esselte-90316\/#primaryimage"},"image":{"@id":"https:\/\/rutana.lt\/produktas\/kartotekinis-vokas-a4-raudonas-esselte-90316\/#primaryimage"},"thumbnailUrl":"https:\/\/rutana.lt\/wp-content\/uploads\/2025\/09\/A143-126-1.jpg?v=1763621558","datePublished":"2025-09-03T06:56:30+00:00","dateModified":"2025-10-13T13:28:50+00:00","breadcrumb":{"@id":"https:\/\/rutana.lt\/produktas\/kartotekinis-vokas-a4-raudonas-esselte-90316\/#breadcrumb"},"inLanguage":"en-US","potentialAction":[{"@type":"ReadAction","target":["https:\/\/rutana.lt\/produktas\/kartotekinis-vokas-a4-raudonas-esselte-90316\/"]}]},{"@type":"ImageObject","inLanguage":"en-US","@id":"https:\/\/rutana.lt\/produktas\/kartotekinis-vokas-a4-raudonas-esselte-90316\/#primaryimage","url":"https:\/\/rutana.lt\/wp-content\/uploads\/2025\/09\/A143-126-1.jpg?v=1763621558","contentUrl":"https:\/\/rutana.lt\/wp-content\/uploads\/2025\/09\/A143-126-1.jpg?v=1763621558","width":500,"height":500},{"@type":"BreadcrumbList","@id":"https:\/\/rutana.lt\/produktas\/kartotekinis-vokas-a4-raudonas-esselte-90316\/#breadcrumb","itemListElement":[{"@type":"ListItem","position":1,"name":"Home","item":"https:\/\/rutana.lt\/"},{"@type":"ListItem","position":2,"name":"Parduotuv\u0117","item":"https:\/\/rutana.lt\/parduotuve\/"},{"@type":"ListItem","position":3,"name":"Kartotekinis vokas A4 raudonas Esselte 90316"}]},{"@type":"WebSite","@id":"https:\/\/rutana.lt\/#website","url":"https:\/\/rutana.lt\/","name":"Rutana - Ra\u0161tin\u0117s reikmenys","description":"Prekiaujame pasaulin\u0117je rinkoje pripa\u017eintomis, kokybi\u0161komis biuro prek\u0117mis toki\u0173  gamintoj\u0173 kaip: Schneider, Esselte, Novus, 3M, Faber-Castell, Citizen, Milan, Leitz, Colop, Zebra, Staedtler, Durable, Tork, Parker, Waterman ir kt.","publisher":{"@id":"https:\/\/rutana.lt\/#organization"},"potentialAction":[{"@type":"SearchAction","target":{"@type":"EntryPoint","urlTemplate":"https:\/\/rutana.lt\/?s={search_term_string}"},"query-input":{"@type":"PropertyValueSpecification","valueRequired":true,"valueName":"search_term_string"}}],"inLanguage":"en-US"},{"@type":"Organization","@id":"https:\/\/rutana.lt\/#organization","name":"Rutana - Ra\u0161tin\u0117s reikmenys","url":"https:\/\/rutana.lt\/","logo":{"@type":"ImageObject","inLanguage":"en-US","@id":"https:\/\/rutana.lt\/#\/schema\/logo\/image\/","url":"https:\/\/rutana.lt\/wp-content\/uploads\/2025\/10\/Asset-32.png","contentUrl":"https:\/\/rutana.lt\/wp-content\/uploads\/2025\/10\/Asset-32.png","width":433,"height":119,"caption":"Rutana - Ra\u0161tin\u0117s reikmenys"},"image":{"@id":"https:\/\/rutana.lt\/#\/schema\/logo\/image\/"},"sameAs":["https:\/\/www.facebook.com\/RutanaKanceliarinesPrekes\/"]}]}},"_links":{"self":[{"href":"https:\/\/rutana.lt\/en\/wp-json\/wp\/v2\/product\/7497","targetHints":{"allow":["GET"]}}],"collection":[{"href":"https:\/\/rutana.lt\/en\/wp-json\/wp\/v2\/product"}],"about":[{"href":"https:\/\/rutana.lt\/en\/wp-json\/wp\/v2\/types\/product"}],"replies":[{"embeddable":true,"href":"https:\/\/rutana.lt\/en\/wp-json\/wp\/v2\/comments?post=7497"}],"version-history":[{"count":1,"href":"https:\/\/rutana.lt\/en\/wp-json\/wp\/v2\/product\/7497\/revisions"}],"predecessor-version":[{"id":7547,"href":"https:\/\/rutana.lt\/en\/wp-json\/wp\/v2\/product\/7497\/revisions\/7547"}],"wp:featuredmedia":[{"embeddable":true,"href":"https:\/\/rutana.lt\/en\/wp-json\/wp\/v2\/media\/26166"}],"wp:attachment":[{"href":"https:\/\/rutana.lt\/en\/wp-json\/wp\/v2\/media?parent=7497"}],"wp:term":[{"taxonomy":"product_brand","embeddable":true,"href":"https:\/\/rutana.lt\/en\/wp-json\/wp\/v2\/product_brand?post=7497"},{"taxonomy":"product_cat","embeddable":true,"href":"https:\/\/rutana.lt\/en\/wp-json\/wp\/v2\/product_cat?post=7497"},{"taxonomy":"product_tag","embeddable":true,"href":"https:\/\/rutana.lt\/en\/wp-json\/wp\/v2\/product_tag?post=7497"}],"curies":[{"name":"wp","href":"https:\/\/api.w.org\/{rel}","templated":true}]}}