{"id":7335,"date":"2025-09-03T08:55:44","date_gmt":"2025-09-03T06:55:44","guid":{"rendered":"https:\/\/rutana.webdemo.lt\/?post_type=product&#038;p=7335"},"modified":"2025-10-13T15:28:24","modified_gmt":"2025-10-13T13:28:24","slug":"segiklis-iki-20-lapu-b-10fc-pilkas-novus-020-2210","status":"publish","type":"product","link":"https:\/\/rutana.lt\/en\/product\/segiklis-iki-20-lapu-b-10fc-pilkas-novus-020-2210\/","title":{"rendered":"Segiklis iki 20 lap\u0173 B 10FC pilkas Novus 020-2210"},"content":{"rendered":"<p>Ma\u017eas, bet patikimas segiklis kasdieniam naudojimui pagamintas i\u0161 metalo ir plastiko. S\u0105sag\u0117l\u0119 susega u\u017edaru b\u016bdu arba prisega. Segiklis naudoja Flat-Clinch technologij\u0105, tai yra labai plok\u0161\u010diai susega lap\u0173 kiek\u012f, kas leid\u017eia padidinti naudojamo segtuvo laikom\u0173 lap\u0173 kiek\u012f iki 30 %. S\u0105sag\u0117l\u0117s papildomos atidarant segiklio vir\u0161utin\u0119 dal\u012f. Korpuse turi \u012fmontuot\u0105 metalin\u012f s\u0105sag\u0117li\u0173 i\u0161seg\u0117j\u0105. Komplekte parduodamos 200 vnt. s\u0105sag\u0117li\u0173 Nr. 10 SUPER.<\/p>\n<p style=\"margin-bottom: 10px;\">Naudojamos s\u0105sag\u0117l\u0117s: Nr. 10<\/p>\n<p style=\"margin-bottom: 10px;\">Susegam\u0173 lap\u0173 kiekis: iki 20<\/p>\n<p style=\"margin-bottom: 10px;\">Maksimalus susegimo gylis: 38 mm<\/p>\n<p style=\"margin-bottom: 10px;\">Segiklio spalva: pilka<\/p>\n<p style=\"margin-bottom: 10px;\">Segiklio svoris: apie 115 g<\/p>\n<p style=\"margin-bottom: 10px;\">Kilm\u0117s \u0161alis: Vokietija<\/p>\n<p style=\"margin-bottom: 10px;\">\n<p style=\"margin-bottom: 10px;\"><\/p>","protected":false},"excerpt":{"rendered":"<p>Ma\u017eas, bet patikimas segiklis kasdieniam naudojimui pagamintas i\u0161 metalo ir plastiko. S\u0105sag\u0117l\u0119 susega u\u017edaru b\u016bdu arba prisega. Segiklis naudoja Flat-Clinch technologij\u0105, tai yra labai plok\u0161\u010diai susega lap\u0173 kiek\u012f, kas leid\u017eia padidinti naudojamo segtuvo laikom\u0173 lap\u0173 kiek\u012f iki 30 %. S\u0105sag\u0117l\u0117s papildomos atidarant segiklio vir\u0161utin\u0119 dal\u012f. Korpuse turi \u012fmontuot\u0105 metalin\u012f s\u0105sag\u0117li\u0173 i\u0161seg\u0117j\u0105. Komplekte parduodamos 200 vnt. [&hellip;]<\/p>","protected":false},"featured_media":26106,"comment_status":"open","ping_status":"closed","template":"","meta":{"_season_start":"","_season_end":"","_season_days":"","_season_months":"","_season_auto_visibility":""},"product_brand":[577],"product_cat":[1584],"product_tag":[],"class_list":{"0":"post-7335","1":"product","2":"type-product","3":"status-publish","4":"has-post-thumbnail","6":"product_brand-novus","7":"product_cat-segikliai-ir-issegikliai","9":"first","10":"instock","11":"taxable","12":"shipping-taxable","13":"purchasable","14":"product-type-simple"},"yoast_head":"<!-- This site is optimized with the Yoast SEO plugin v26.1.1 - https:\/\/yoast.com\/wordpress\/plugins\/seo\/ -->\n<title>Segiklis iki 20 lap\u0173 B 10FC pilkas Novus 020-2210 - Rutana - Ra\u0161tin\u0117s reikmenys<\/title>\n<meta name=\"robots\" content=\"index, follow, max-snippet:-1, max-image-preview:large, max-video-preview:-1\" \/>\n<link rel=\"canonical\" href=\"https:\/\/rutana.lt\/en\/product\/segiklis-iki-20-lapu-b-10fc-pilkas-novus-020-2210\/\" \/>\n<meta property=\"og:locale\" content=\"en_US\" \/>\n<meta property=\"og:type\" content=\"article\" \/>\n<meta property=\"og:title\" content=\"Segiklis iki 20 lap\u0173 B 10FC pilkas Novus 020-2210 - Rutana - Ra\u0161tin\u0117s reikmenys\" \/>\n<meta property=\"og:description\" content=\"Ma\u017eas, bet patikimas segiklis kasdieniam naudojimui pagamintas i\u0161 metalo ir plastiko. S\u0105sag\u0117l\u0119 susega u\u017edaru b\u016bdu arba prisega. Segiklis naudoja Flat-Clinch technologij\u0105, tai yra labai plok\u0161\u010diai susega lap\u0173 kiek\u012f, kas leid\u017eia padidinti naudojamo segtuvo laikom\u0173 lap\u0173 kiek\u012f iki 30 %. S\u0105sag\u0117l\u0117s papildomos atidarant segiklio vir\u0161utin\u0119 dal\u012f. Korpuse turi \u012fmontuot\u0105 metalin\u012f s\u0105sag\u0117li\u0173 i\u0161seg\u0117j\u0105. Komplekte parduodamos 200 vnt. [&hellip;]\" \/>\n<meta property=\"og:url\" content=\"https:\/\/rutana.lt\/en\/product\/segiklis-iki-20-lapu-b-10fc-pilkas-novus-020-2210\/\" \/>\n<meta property=\"og:site_name\" content=\"Rutana - Ra\u0161tin\u0117s reikmenys\" \/>\n<meta property=\"article:publisher\" content=\"https:\/\/www.facebook.com\/RutanaKanceliarinesPrekes\/\" \/>\n<meta property=\"article:modified_time\" content=\"2025-10-13T13:28:24+00:00\" \/>\n<meta property=\"og:image\" content=\"https:\/\/rutana.lt\/wp-content\/uploads\/2025\/09\/B016-430.jpg\" \/>\n\t<meta property=\"og:image:width\" content=\"524\" \/>\n\t<meta property=\"og:image:height\" content=\"500\" \/>\n\t<meta property=\"og:image:type\" content=\"image\/jpeg\" \/>\n<meta name=\"twitter:card\" content=\"summary_large_image\" \/>\n<script type=\"application\/ld+json\" class=\"yoast-schema-graph\">{\"@context\":\"https:\/\/schema.org\",\"@graph\":[{\"@type\":\"WebPage\",\"@id\":\"https:\/\/rutana.lt\/produktas\/segiklis-iki-20-lapu-b-10fc-pilkas-novus-020-2210\/\",\"url\":\"https:\/\/rutana.lt\/produktas\/segiklis-iki-20-lapu-b-10fc-pilkas-novus-020-2210\/\",\"name\":\"Segiklis iki 20 lap\u0173 B 10FC pilkas Novus 020-2210 - Rutana - Ra\u0161tin\u0117s reikmenys\",\"isPartOf\":{\"@id\":\"https:\/\/rutana.lt\/#website\"},\"primaryImageOfPage\":{\"@id\":\"https:\/\/rutana.lt\/produktas\/segiklis-iki-20-lapu-b-10fc-pilkas-novus-020-2210\/#primaryimage\"},\"image\":{\"@id\":\"https:\/\/rutana.lt\/produktas\/segiklis-iki-20-lapu-b-10fc-pilkas-novus-020-2210\/#primaryimage\"},\"thumbnailUrl\":\"https:\/\/rutana.lt\/wp-content\/uploads\/2025\/09\/B016-430-1.jpg?v=1763621629\",\"datePublished\":\"2025-09-03T06:55:44+00:00\",\"dateModified\":\"2025-10-13T13:28:24+00:00\",\"breadcrumb\":{\"@id\":\"https:\/\/rutana.lt\/produktas\/segiklis-iki-20-lapu-b-10fc-pilkas-novus-020-2210\/#breadcrumb\"},\"inLanguage\":\"en-US\",\"potentialAction\":[{\"@type\":\"ReadAction\",\"target\":[\"https:\/\/rutana.lt\/produktas\/segiklis-iki-20-lapu-b-10fc-pilkas-novus-020-2210\/\"]}]},{\"@type\":\"ImageObject\",\"inLanguage\":\"en-US\",\"@id\":\"https:\/\/rutana.lt\/produktas\/segiklis-iki-20-lapu-b-10fc-pilkas-novus-020-2210\/#primaryimage\",\"url\":\"https:\/\/rutana.lt\/wp-content\/uploads\/2025\/09\/B016-430-1.jpg?v=1763621629\",\"contentUrl\":\"https:\/\/rutana.lt\/wp-content\/uploads\/2025\/09\/B016-430-1.jpg?v=1763621629\",\"width\":524,\"height\":500},{\"@type\":\"BreadcrumbList\",\"@id\":\"https:\/\/rutana.lt\/produktas\/segiklis-iki-20-lapu-b-10fc-pilkas-novus-020-2210\/#breadcrumb\",\"itemListElement\":[{\"@type\":\"ListItem\",\"position\":1,\"name\":\"Home\",\"item\":\"https:\/\/rutana.lt\/\"},{\"@type\":\"ListItem\",\"position\":2,\"name\":\"Parduotuv\u0117\",\"item\":\"https:\/\/rutana.lt\/parduotuve\/\"},{\"@type\":\"ListItem\",\"position\":3,\"name\":\"Segiklis iki 20 lap\u0173 B 10FC pilkas Novus 020-2210\"}]},{\"@type\":\"WebSite\",\"@id\":\"https:\/\/rutana.lt\/#website\",\"url\":\"https:\/\/rutana.lt\/\",\"name\":\"Rutana - Ra\u0161tin\u0117s reikmenys\",\"description\":\"Prekiaujame pasaulin\u0117je rinkoje pripa\u017eintomis, kokybi\u0161komis biuro prek\u0117mis toki\u0173  gamintoj\u0173 kaip: Schneider, Esselte, Novus, 3M, Faber-Castell, Citizen, Milan, Leitz, Colop, Zebra, Staedtler, Durable, Tork, Parker, Waterman ir kt.\",\"publisher\":{\"@id\":\"https:\/\/rutana.lt\/#organization\"},\"potentialAction\":[{\"@type\":\"SearchAction\",\"target\":{\"@type\":\"EntryPoint\",\"urlTemplate\":\"https:\/\/rutana.lt\/?s={search_term_string}\"},\"query-input\":{\"@type\":\"PropertyValueSpecification\",\"valueRequired\":true,\"valueName\":\"search_term_string\"}}],\"inLanguage\":\"en-US\"},{\"@type\":\"Organization\",\"@id\":\"https:\/\/rutana.lt\/#organization\",\"name\":\"Rutana - Ra\u0161tin\u0117s reikmenys\",\"url\":\"https:\/\/rutana.lt\/\",\"logo\":{\"@type\":\"ImageObject\",\"inLanguage\":\"en-US\",\"@id\":\"https:\/\/rutana.lt\/#\/schema\/logo\/image\/\",\"url\":\"https:\/\/rutana.lt\/wp-content\/uploads\/2025\/10\/Asset-32.png\",\"contentUrl\":\"https:\/\/rutana.lt\/wp-content\/uploads\/2025\/10\/Asset-32.png\",\"width\":433,\"height\":119,\"caption\":\"Rutana - Ra\u0161tin\u0117s reikmenys\"},\"image\":{\"@id\":\"https:\/\/rutana.lt\/#\/schema\/logo\/image\/\"},\"sameAs\":[\"https:\/\/www.facebook.com\/RutanaKanceliarinesPrekes\/\"]}]}<\/script>\n<!-- \/ Yoast SEO plugin. -->","yoast_head_json":{"title":"Segiklis iki 20 lap\u0173 B 10FC pilkas Novus 020-2210 - Rutana - Ra\u0161tin\u0117s reikmenys","robots":{"index":"index","follow":"follow","max-snippet":"max-snippet:-1","max-image-preview":"max-image-preview:large","max-video-preview":"max-video-preview:-1"},"canonical":"https:\/\/rutana.lt\/en\/product\/segiklis-iki-20-lapu-b-10fc-pilkas-novus-020-2210\/","og_locale":"en_US","og_type":"article","og_title":"Segiklis iki 20 lap\u0173 B 10FC pilkas Novus 020-2210 - Rutana - Ra\u0161tin\u0117s reikmenys","og_description":"Ma\u017eas, bet patikimas segiklis kasdieniam naudojimui pagamintas i\u0161 metalo ir plastiko. S\u0105sag\u0117l\u0119 susega u\u017edaru b\u016bdu arba prisega. Segiklis naudoja Flat-Clinch technologij\u0105, tai yra labai plok\u0161\u010diai susega lap\u0173 kiek\u012f, kas leid\u017eia padidinti naudojamo segtuvo laikom\u0173 lap\u0173 kiek\u012f iki 30 %. S\u0105sag\u0117l\u0117s papildomos atidarant segiklio vir\u0161utin\u0119 dal\u012f. Korpuse turi \u012fmontuot\u0105 metalin\u012f s\u0105sag\u0117li\u0173 i\u0161seg\u0117j\u0105. Komplekte parduodamos 200 vnt. [&hellip;]","og_url":"https:\/\/rutana.lt\/en\/product\/segiklis-iki-20-lapu-b-10fc-pilkas-novus-020-2210\/","og_site_name":"Rutana - Ra\u0161tin\u0117s reikmenys","article_publisher":"https:\/\/www.facebook.com\/RutanaKanceliarinesPrekes\/","article_modified_time":"2025-10-13T13:28:24+00:00","og_image":[{"width":524,"height":500,"url":"https:\/\/rutana.lt\/wp-content\/uploads\/2025\/09\/B016-430.jpg","type":"image\/jpeg"}],"twitter_card":"summary_large_image","schema":{"@context":"https:\/\/schema.org","@graph":[{"@type":"WebPage","@id":"https:\/\/rutana.lt\/produktas\/segiklis-iki-20-lapu-b-10fc-pilkas-novus-020-2210\/","url":"https:\/\/rutana.lt\/produktas\/segiklis-iki-20-lapu-b-10fc-pilkas-novus-020-2210\/","name":"Segiklis iki 20 lap\u0173 B 10FC pilkas Novus 020-2210 - Rutana - Ra\u0161tin\u0117s reikmenys","isPartOf":{"@id":"https:\/\/rutana.lt\/#website"},"primaryImageOfPage":{"@id":"https:\/\/rutana.lt\/produktas\/segiklis-iki-20-lapu-b-10fc-pilkas-novus-020-2210\/#primaryimage"},"image":{"@id":"https:\/\/rutana.lt\/produktas\/segiklis-iki-20-lapu-b-10fc-pilkas-novus-020-2210\/#primaryimage"},"thumbnailUrl":"https:\/\/rutana.lt\/wp-content\/uploads\/2025\/09\/B016-430-1.jpg?v=1763621629","datePublished":"2025-09-03T06:55:44+00:00","dateModified":"2025-10-13T13:28:24+00:00","breadcrumb":{"@id":"https:\/\/rutana.lt\/produktas\/segiklis-iki-20-lapu-b-10fc-pilkas-novus-020-2210\/#breadcrumb"},"inLanguage":"en-US","potentialAction":[{"@type":"ReadAction","target":["https:\/\/rutana.lt\/produktas\/segiklis-iki-20-lapu-b-10fc-pilkas-novus-020-2210\/"]}]},{"@type":"ImageObject","inLanguage":"en-US","@id":"https:\/\/rutana.lt\/produktas\/segiklis-iki-20-lapu-b-10fc-pilkas-novus-020-2210\/#primaryimage","url":"https:\/\/rutana.lt\/wp-content\/uploads\/2025\/09\/B016-430-1.jpg?v=1763621629","contentUrl":"https:\/\/rutana.lt\/wp-content\/uploads\/2025\/09\/B016-430-1.jpg?v=1763621629","width":524,"height":500},{"@type":"BreadcrumbList","@id":"https:\/\/rutana.lt\/produktas\/segiklis-iki-20-lapu-b-10fc-pilkas-novus-020-2210\/#breadcrumb","itemListElement":[{"@type":"ListItem","position":1,"name":"Home","item":"https:\/\/rutana.lt\/"},{"@type":"ListItem","position":2,"name":"Parduotuv\u0117","item":"https:\/\/rutana.lt\/parduotuve\/"},{"@type":"ListItem","position":3,"name":"Segiklis iki 20 lap\u0173 B 10FC pilkas Novus 020-2210"}]},{"@type":"WebSite","@id":"https:\/\/rutana.lt\/#website","url":"https:\/\/rutana.lt\/","name":"Rutana - Ra\u0161tin\u0117s reikmenys","description":"Prekiaujame pasaulin\u0117je rinkoje pripa\u017eintomis, kokybi\u0161komis biuro prek\u0117mis toki\u0173  gamintoj\u0173 kaip: Schneider, Esselte, Novus, 3M, Faber-Castell, Citizen, Milan, Leitz, Colop, Zebra, Staedtler, Durable, Tork, Parker, Waterman ir kt.","publisher":{"@id":"https:\/\/rutana.lt\/#organization"},"potentialAction":[{"@type":"SearchAction","target":{"@type":"EntryPoint","urlTemplate":"https:\/\/rutana.lt\/?s={search_term_string}"},"query-input":{"@type":"PropertyValueSpecification","valueRequired":true,"valueName":"search_term_string"}}],"inLanguage":"en-US"},{"@type":"Organization","@id":"https:\/\/rutana.lt\/#organization","name":"Rutana - Ra\u0161tin\u0117s reikmenys","url":"https:\/\/rutana.lt\/","logo":{"@type":"ImageObject","inLanguage":"en-US","@id":"https:\/\/rutana.lt\/#\/schema\/logo\/image\/","url":"https:\/\/rutana.lt\/wp-content\/uploads\/2025\/10\/Asset-32.png","contentUrl":"https:\/\/rutana.lt\/wp-content\/uploads\/2025\/10\/Asset-32.png","width":433,"height":119,"caption":"Rutana - Ra\u0161tin\u0117s reikmenys"},"image":{"@id":"https:\/\/rutana.lt\/#\/schema\/logo\/image\/"},"sameAs":["https:\/\/www.facebook.com\/RutanaKanceliarinesPrekes\/"]}]}},"_links":{"self":[{"href":"https:\/\/rutana.lt\/en\/wp-json\/wp\/v2\/product\/7335","targetHints":{"allow":["GET"]}}],"collection":[{"href":"https:\/\/rutana.lt\/en\/wp-json\/wp\/v2\/product"}],"about":[{"href":"https:\/\/rutana.lt\/en\/wp-json\/wp\/v2\/types\/product"}],"replies":[{"embeddable":true,"href":"https:\/\/rutana.lt\/en\/wp-json\/wp\/v2\/comments?post=7335"}],"version-history":[{"count":1,"href":"https:\/\/rutana.lt\/en\/wp-json\/wp\/v2\/product\/7335\/revisions"}],"predecessor-version":[{"id":7376,"href":"https:\/\/rutana.lt\/en\/wp-json\/wp\/v2\/product\/7335\/revisions\/7376"}],"wp:featuredmedia":[{"embeddable":true,"href":"https:\/\/rutana.lt\/en\/wp-json\/wp\/v2\/media\/26106"}],"wp:attachment":[{"href":"https:\/\/rutana.lt\/en\/wp-json\/wp\/v2\/media?parent=7335"}],"wp:term":[{"taxonomy":"product_brand","embeddable":true,"href":"https:\/\/rutana.lt\/en\/wp-json\/wp\/v2\/product_brand?post=7335"},{"taxonomy":"product_cat","embeddable":true,"href":"https:\/\/rutana.lt\/en\/wp-json\/wp\/v2\/product_cat?post=7335"},{"taxonomy":"product_tag","embeddable":true,"href":"https:\/\/rutana.lt\/en\/wp-json\/wp\/v2\/product_tag?post=7335"}],"curies":[{"name":"wp","href":"https:\/\/api.w.org\/{rel}","templated":true}]}}