{"id":7270,"date":"2025-09-03T08:55:22","date_gmt":"2025-09-03T06:55:22","guid":{"rendered":"https:\/\/rutana.webdemo.lt\/?post_type=product&#038;p=7270"},"modified":"2025-10-13T15:28:19","modified_gmt":"2025-10-13T13:28:19","slug":"zymeklis-aliejiniu-pagrindu-paint-1-5-mm-sidabrinis-zebra","status":"publish","type":"product","link":"https:\/\/rutana.lt\/en\/product\/zymeklis-aliejiniu-pagrindu-paint-1-5-mm-sidabrinis-zebra\/","title":{"rendered":"\u017dymeklis aliejiniu pagrindu Paint 1.5 mm sidabrinis Zebra"},"content":{"rendered":"<p>\u017dymeklis idealiai tinka \u017eym\u0117jimui ir apdailai grubiems bei lygiems pavir\u0161iams, tokiems kaip i\u0161 stiklo, metalo, plastiko, betono ir kt. \u017dymeklis taip pat atsparus \u0161viesai, vandeniui ir \u012fvairioms oro s\u0105lygoms. <\/p>\n<p>Galvut\u0117s tipas: apvalus<\/p>\n<p>Br\u0117\u017eio storis: 1.5 mm<\/p>\n<p>Tu\u0161o spalva: sidabrin\u0117<\/p>\n<p>Kilm\u0117s \u0161alis: Japonija<\/p>\n<p><\/p>\n<p><\/p>","protected":false},"excerpt":{"rendered":"<p>\u017dymeklis idealiai tinka \u017eym\u0117jimui ir apdailai grubiems bei lygiems pavir\u0161iams, tokiems kaip i\u0161 stiklo, metalo, plastiko, betono ir kt. \u017dymeklis taip pat atsparus \u0161viesai, vandeniui ir \u012fvairioms oro s\u0105lygoms. Galvut\u0117s tipas: apvalus Br\u0117\u017eio storis: 1.5 mm Tu\u0161o spalva: sidabrin\u0117 Kilm\u0117s \u0161alis: Japonija<\/p>","protected":false},"featured_media":26095,"comment_status":"open","ping_status":"closed","template":"","meta":{"_season_start":"","_season_end":"","_season_days":"","_season_months":"","_season_auto_visibility":""},"product_brand":[203],"product_cat":[1839],"product_tag":[],"class_list":{"0":"post-7270","1":"product","2":"type-product","3":"status-publish","4":"has-post-thumbnail","6":"product_brand-zebra","7":"product_cat-aliejiniu-pagrindu-zymekliai","9":"first","10":"instock","11":"taxable","12":"shipping-taxable","13":"purchasable","14":"product-type-simple"},"yoast_head":"<!-- This site is optimized with the Yoast SEO plugin v26.1.1 - https:\/\/yoast.com\/wordpress\/plugins\/seo\/ -->\n<title>\u017dymeklis aliejiniu pagrindu Paint 1.5 mm sidabrinis Zebra - Rutana - Ra\u0161tin\u0117s reikmenys<\/title>\n<meta name=\"robots\" content=\"index, follow, max-snippet:-1, max-image-preview:large, max-video-preview:-1\" \/>\n<link rel=\"canonical\" href=\"https:\/\/rutana.lt\/en\/product\/zymeklis-aliejiniu-pagrindu-paint-1-5-mm-sidabrinis-zebra\/\" \/>\n<meta property=\"og:locale\" content=\"en_US\" \/>\n<meta property=\"og:type\" content=\"article\" \/>\n<meta property=\"og:title\" content=\"\u017dymeklis aliejiniu pagrindu Paint 1.5 mm sidabrinis Zebra - Rutana - Ra\u0161tin\u0117s reikmenys\" \/>\n<meta property=\"og:description\" content=\"\u017dymeklis idealiai tinka \u017eym\u0117jimui ir apdailai grubiems bei lygiems pavir\u0161iams, tokiems kaip i\u0161 stiklo, metalo, plastiko, betono ir kt. \u017dymeklis taip pat atsparus \u0161viesai, vandeniui ir \u012fvairioms oro s\u0105lygoms. Galvut\u0117s tipas: apvalus Br\u0117\u017eio storis: 1.5 mm Tu\u0161o spalva: sidabrin\u0117 Kilm\u0117s \u0161alis: Japonija\" \/>\n<meta property=\"og:url\" content=\"https:\/\/rutana.lt\/en\/product\/zymeklis-aliejiniu-pagrindu-paint-1-5-mm-sidabrinis-zebra\/\" \/>\n<meta property=\"og:site_name\" content=\"Rutana - Ra\u0161tin\u0117s reikmenys\" \/>\n<meta property=\"article:publisher\" content=\"https:\/\/www.facebook.com\/RutanaKanceliarinesPrekes\/\" \/>\n<meta property=\"article:modified_time\" content=\"2025-10-13T13:28:19+00:00\" \/>\n<meta property=\"og:image\" content=\"https:\/\/rutana.lt\/wp-content\/uploads\/2025\/09\/C105-513.jpg\" \/>\n\t<meta property=\"og:image:width\" content=\"500\" \/>\n\t<meta property=\"og:image:height\" content=\"500\" \/>\n\t<meta property=\"og:image:type\" content=\"image\/jpeg\" \/>\n<meta name=\"twitter:card\" content=\"summary_large_image\" \/>\n<script type=\"application\/ld+json\" class=\"yoast-schema-graph\">{\"@context\":\"https:\/\/schema.org\",\"@graph\":[{\"@type\":\"WebPage\",\"@id\":\"https:\/\/rutana.lt\/produktas\/zymeklis-aliejiniu-pagrindu-paint-1-5-mm-sidabrinis-zebra\/\",\"url\":\"https:\/\/rutana.lt\/produktas\/zymeklis-aliejiniu-pagrindu-paint-1-5-mm-sidabrinis-zebra\/\",\"name\":\"\u017dymeklis aliejiniu pagrindu Paint 1.5 mm sidabrinis Zebra - Rutana - Ra\u0161tin\u0117s reikmenys\",\"isPartOf\":{\"@id\":\"https:\/\/rutana.lt\/#website\"},\"primaryImageOfPage\":{\"@id\":\"https:\/\/rutana.lt\/produktas\/zymeklis-aliejiniu-pagrindu-paint-1-5-mm-sidabrinis-zebra\/#primaryimage\"},\"image\":{\"@id\":\"https:\/\/rutana.lt\/produktas\/zymeklis-aliejiniu-pagrindu-paint-1-5-mm-sidabrinis-zebra\/#primaryimage\"},\"thumbnailUrl\":\"https:\/\/rutana.lt\/wp-content\/uploads\/2025\/09\/C105-513-1.jpg?v=1763621642\",\"datePublished\":\"2025-09-03T06:55:22+00:00\",\"dateModified\":\"2025-10-13T13:28:19+00:00\",\"breadcrumb\":{\"@id\":\"https:\/\/rutana.lt\/produktas\/zymeklis-aliejiniu-pagrindu-paint-1-5-mm-sidabrinis-zebra\/#breadcrumb\"},\"inLanguage\":\"en-US\",\"potentialAction\":[{\"@type\":\"ReadAction\",\"target\":[\"https:\/\/rutana.lt\/produktas\/zymeklis-aliejiniu-pagrindu-paint-1-5-mm-sidabrinis-zebra\/\"]}]},{\"@type\":\"ImageObject\",\"inLanguage\":\"en-US\",\"@id\":\"https:\/\/rutana.lt\/produktas\/zymeklis-aliejiniu-pagrindu-paint-1-5-mm-sidabrinis-zebra\/#primaryimage\",\"url\":\"https:\/\/rutana.lt\/wp-content\/uploads\/2025\/09\/C105-513-1.jpg?v=1763621642\",\"contentUrl\":\"https:\/\/rutana.lt\/wp-content\/uploads\/2025\/09\/C105-513-1.jpg?v=1763621642\",\"width\":500,\"height\":500},{\"@type\":\"BreadcrumbList\",\"@id\":\"https:\/\/rutana.lt\/produktas\/zymeklis-aliejiniu-pagrindu-paint-1-5-mm-sidabrinis-zebra\/#breadcrumb\",\"itemListElement\":[{\"@type\":\"ListItem\",\"position\":1,\"name\":\"Home\",\"item\":\"https:\/\/rutana.lt\/\"},{\"@type\":\"ListItem\",\"position\":2,\"name\":\"Parduotuv\u0117\",\"item\":\"https:\/\/rutana.lt\/parduotuve\/\"},{\"@type\":\"ListItem\",\"position\":3,\"name\":\"\u017dymeklis aliejiniu pagrindu Paint 1.5 mm sidabrinis Zebra\"}]},{\"@type\":\"WebSite\",\"@id\":\"https:\/\/rutana.lt\/#website\",\"url\":\"https:\/\/rutana.lt\/\",\"name\":\"Rutana - Ra\u0161tin\u0117s reikmenys\",\"description\":\"Prekiaujame pasaulin\u0117je rinkoje pripa\u017eintomis, kokybi\u0161komis biuro prek\u0117mis toki\u0173  gamintoj\u0173 kaip: Schneider, Esselte, Novus, 3M, Faber-Castell, Citizen, Milan, Leitz, Colop, Zebra, Staedtler, Durable, Tork, Parker, Waterman ir kt.\",\"publisher\":{\"@id\":\"https:\/\/rutana.lt\/#organization\"},\"potentialAction\":[{\"@type\":\"SearchAction\",\"target\":{\"@type\":\"EntryPoint\",\"urlTemplate\":\"https:\/\/rutana.lt\/?s={search_term_string}\"},\"query-input\":{\"@type\":\"PropertyValueSpecification\",\"valueRequired\":true,\"valueName\":\"search_term_string\"}}],\"inLanguage\":\"en-US\"},{\"@type\":\"Organization\",\"@id\":\"https:\/\/rutana.lt\/#organization\",\"name\":\"Rutana - Ra\u0161tin\u0117s reikmenys\",\"url\":\"https:\/\/rutana.lt\/\",\"logo\":{\"@type\":\"ImageObject\",\"inLanguage\":\"en-US\",\"@id\":\"https:\/\/rutana.lt\/#\/schema\/logo\/image\/\",\"url\":\"https:\/\/rutana.lt\/wp-content\/uploads\/2025\/10\/Asset-32.png\",\"contentUrl\":\"https:\/\/rutana.lt\/wp-content\/uploads\/2025\/10\/Asset-32.png\",\"width\":433,\"height\":119,\"caption\":\"Rutana - Ra\u0161tin\u0117s reikmenys\"},\"image\":{\"@id\":\"https:\/\/rutana.lt\/#\/schema\/logo\/image\/\"},\"sameAs\":[\"https:\/\/www.facebook.com\/RutanaKanceliarinesPrekes\/\"]}]}<\/script>\n<!-- \/ Yoast SEO plugin. -->","yoast_head_json":{"title":"\u017dymeklis aliejiniu pagrindu Paint 1.5 mm sidabrinis Zebra - Rutana - Ra\u0161tin\u0117s reikmenys","robots":{"index":"index","follow":"follow","max-snippet":"max-snippet:-1","max-image-preview":"max-image-preview:large","max-video-preview":"max-video-preview:-1"},"canonical":"https:\/\/rutana.lt\/en\/product\/zymeklis-aliejiniu-pagrindu-paint-1-5-mm-sidabrinis-zebra\/","og_locale":"en_US","og_type":"article","og_title":"\u017dymeklis aliejiniu pagrindu Paint 1.5 mm sidabrinis Zebra - Rutana - Ra\u0161tin\u0117s reikmenys","og_description":"\u017dymeklis idealiai tinka \u017eym\u0117jimui ir apdailai grubiems bei lygiems pavir\u0161iams, tokiems kaip i\u0161 stiklo, metalo, plastiko, betono ir kt. \u017dymeklis taip pat atsparus \u0161viesai, vandeniui ir \u012fvairioms oro s\u0105lygoms. Galvut\u0117s tipas: apvalus Br\u0117\u017eio storis: 1.5 mm Tu\u0161o spalva: sidabrin\u0117 Kilm\u0117s \u0161alis: Japonija","og_url":"https:\/\/rutana.lt\/en\/product\/zymeklis-aliejiniu-pagrindu-paint-1-5-mm-sidabrinis-zebra\/","og_site_name":"Rutana - Ra\u0161tin\u0117s reikmenys","article_publisher":"https:\/\/www.facebook.com\/RutanaKanceliarinesPrekes\/","article_modified_time":"2025-10-13T13:28:19+00:00","og_image":[{"width":500,"height":500,"url":"https:\/\/rutana.lt\/wp-content\/uploads\/2025\/09\/C105-513.jpg","type":"image\/jpeg"}],"twitter_card":"summary_large_image","schema":{"@context":"https:\/\/schema.org","@graph":[{"@type":"WebPage","@id":"https:\/\/rutana.lt\/produktas\/zymeklis-aliejiniu-pagrindu-paint-1-5-mm-sidabrinis-zebra\/","url":"https:\/\/rutana.lt\/produktas\/zymeklis-aliejiniu-pagrindu-paint-1-5-mm-sidabrinis-zebra\/","name":"\u017dymeklis aliejiniu pagrindu Paint 1.5 mm sidabrinis Zebra - Rutana - Ra\u0161tin\u0117s reikmenys","isPartOf":{"@id":"https:\/\/rutana.lt\/#website"},"primaryImageOfPage":{"@id":"https:\/\/rutana.lt\/produktas\/zymeklis-aliejiniu-pagrindu-paint-1-5-mm-sidabrinis-zebra\/#primaryimage"},"image":{"@id":"https:\/\/rutana.lt\/produktas\/zymeklis-aliejiniu-pagrindu-paint-1-5-mm-sidabrinis-zebra\/#primaryimage"},"thumbnailUrl":"https:\/\/rutana.lt\/wp-content\/uploads\/2025\/09\/C105-513-1.jpg?v=1763621642","datePublished":"2025-09-03T06:55:22+00:00","dateModified":"2025-10-13T13:28:19+00:00","breadcrumb":{"@id":"https:\/\/rutana.lt\/produktas\/zymeklis-aliejiniu-pagrindu-paint-1-5-mm-sidabrinis-zebra\/#breadcrumb"},"inLanguage":"en-US","potentialAction":[{"@type":"ReadAction","target":["https:\/\/rutana.lt\/produktas\/zymeklis-aliejiniu-pagrindu-paint-1-5-mm-sidabrinis-zebra\/"]}]},{"@type":"ImageObject","inLanguage":"en-US","@id":"https:\/\/rutana.lt\/produktas\/zymeklis-aliejiniu-pagrindu-paint-1-5-mm-sidabrinis-zebra\/#primaryimage","url":"https:\/\/rutana.lt\/wp-content\/uploads\/2025\/09\/C105-513-1.jpg?v=1763621642","contentUrl":"https:\/\/rutana.lt\/wp-content\/uploads\/2025\/09\/C105-513-1.jpg?v=1763621642","width":500,"height":500},{"@type":"BreadcrumbList","@id":"https:\/\/rutana.lt\/produktas\/zymeklis-aliejiniu-pagrindu-paint-1-5-mm-sidabrinis-zebra\/#breadcrumb","itemListElement":[{"@type":"ListItem","position":1,"name":"Home","item":"https:\/\/rutana.lt\/"},{"@type":"ListItem","position":2,"name":"Parduotuv\u0117","item":"https:\/\/rutana.lt\/parduotuve\/"},{"@type":"ListItem","position":3,"name":"\u017dymeklis aliejiniu pagrindu Paint 1.5 mm sidabrinis Zebra"}]},{"@type":"WebSite","@id":"https:\/\/rutana.lt\/#website","url":"https:\/\/rutana.lt\/","name":"Rutana - Ra\u0161tin\u0117s reikmenys","description":"Prekiaujame pasaulin\u0117je rinkoje pripa\u017eintomis, kokybi\u0161komis biuro prek\u0117mis toki\u0173  gamintoj\u0173 kaip: Schneider, Esselte, Novus, 3M, Faber-Castell, Citizen, Milan, Leitz, Colop, Zebra, Staedtler, Durable, Tork, Parker, Waterman ir kt.","publisher":{"@id":"https:\/\/rutana.lt\/#organization"},"potentialAction":[{"@type":"SearchAction","target":{"@type":"EntryPoint","urlTemplate":"https:\/\/rutana.lt\/?s={search_term_string}"},"query-input":{"@type":"PropertyValueSpecification","valueRequired":true,"valueName":"search_term_string"}}],"inLanguage":"en-US"},{"@type":"Organization","@id":"https:\/\/rutana.lt\/#organization","name":"Rutana - Ra\u0161tin\u0117s reikmenys","url":"https:\/\/rutana.lt\/","logo":{"@type":"ImageObject","inLanguage":"en-US","@id":"https:\/\/rutana.lt\/#\/schema\/logo\/image\/","url":"https:\/\/rutana.lt\/wp-content\/uploads\/2025\/10\/Asset-32.png","contentUrl":"https:\/\/rutana.lt\/wp-content\/uploads\/2025\/10\/Asset-32.png","width":433,"height":119,"caption":"Rutana - Ra\u0161tin\u0117s reikmenys"},"image":{"@id":"https:\/\/rutana.lt\/#\/schema\/logo\/image\/"},"sameAs":["https:\/\/www.facebook.com\/RutanaKanceliarinesPrekes\/"]}]}},"_links":{"self":[{"href":"https:\/\/rutana.lt\/en\/wp-json\/wp\/v2\/product\/7270","targetHints":{"allow":["GET"]}}],"collection":[{"href":"https:\/\/rutana.lt\/en\/wp-json\/wp\/v2\/product"}],"about":[{"href":"https:\/\/rutana.lt\/en\/wp-json\/wp\/v2\/types\/product"}],"replies":[{"embeddable":true,"href":"https:\/\/rutana.lt\/en\/wp-json\/wp\/v2\/comments?post=7270"}],"version-history":[{"count":1,"href":"https:\/\/rutana.lt\/en\/wp-json\/wp\/v2\/product\/7270\/revisions"}],"predecessor-version":[{"id":7327,"href":"https:\/\/rutana.lt\/en\/wp-json\/wp\/v2\/product\/7270\/revisions\/7327"}],"wp:featuredmedia":[{"embeddable":true,"href":"https:\/\/rutana.lt\/en\/wp-json\/wp\/v2\/media\/26095"}],"wp:attachment":[{"href":"https:\/\/rutana.lt\/en\/wp-json\/wp\/v2\/media?parent=7270"}],"wp:term":[{"taxonomy":"product_brand","embeddable":true,"href":"https:\/\/rutana.lt\/en\/wp-json\/wp\/v2\/product_brand?post=7270"},{"taxonomy":"product_cat","embeddable":true,"href":"https:\/\/rutana.lt\/en\/wp-json\/wp\/v2\/product_cat?post=7270"},{"taxonomy":"product_tag","embeddable":true,"href":"https:\/\/rutana.lt\/en\/wp-json\/wp\/v2\/product_tag?post=7270"}],"curies":[{"name":"wp","href":"https:\/\/api.w.org\/{rel}","templated":true}]}}