{"id":6567,"date":"2025-09-03T08:51:51","date_gmt":"2025-09-03T06:51:51","guid":{"rendered":"https:\/\/rutana.webdemo.lt\/?post_type=product&#038;p=6567"},"modified":"2025-10-13T15:26:17","modified_gmt":"2025-10-13T13:26:17","slug":"rasalo-kapsule-1-vnt-melyna-cresco","status":"publish","type":"product","link":"https:\/\/rutana.lt\/en\/product\/rasalo-kapsule-1-vnt-melyna-cresco\/","title":{"rendered":"Ra\u0161alo kapsul\u0117 1 vnt. m\u0117lyna Cresco"},"content":{"rendered":"<p>Ra\u0161alo kapsul\u0117 tinka visiems standartiniams kapsuliniams parkeriams. Supakuotos plastikiniame mai\u0161elyje.<\/p>\n<p>Ra\u0161alo spalva: m\u0117lyna<\/p>\n<p>Pakuot\u0117je 100 vnt. ( kaina nurodyta u\u017e 1 vnt., parduodame ne tik pakuot\u0117mis )<\/p>","protected":false},"excerpt":{"rendered":"<p>Ra\u0161alo kapsul\u0117 tinka visiems standartiniams kapsuliniams parkeriams. Supakuotos plastikiniame mai\u0161elyje. Ra\u0161alo spalva: m\u0117lyna Pakuot\u0117je 100 vnt. ( kaina nurodyta u\u017e 1 vnt., parduodame ne tik pakuot\u0117mis )<\/p>","protected":false},"featured_media":25849,"comment_status":"open","ping_status":"closed","template":"","meta":{"_season_start":"","_season_end":"","_season_days":"","_season_months":"","_season_auto_visibility":""},"product_brand":[552],"product_cat":[1667,1666,555],"product_tag":[],"class_list":{"0":"post-6567","1":"product","2":"type-product","3":"status-publish","4":"has-post-thumbnail","6":"product_brand-cresco","7":"product_cat-kapsules","8":"product_cat-rasalas","9":"product_cat-tusas","11":"first","12":"instock","13":"taxable","14":"shipping-taxable","15":"purchasable","16":"product-type-simple"},"yoast_head":"<!-- This site is optimized with the Yoast SEO plugin v26.1.1 - https:\/\/yoast.com\/wordpress\/plugins\/seo\/ -->\n<title>Ra\u0161alo kapsul\u0117 1 vnt. m\u0117lyna Cresco - Rutana - Ra\u0161tin\u0117s reikmenys<\/title>\n<meta name=\"robots\" content=\"index, follow, max-snippet:-1, max-image-preview:large, max-video-preview:-1\" \/>\n<link rel=\"canonical\" href=\"https:\/\/rutana.lt\/en\/product\/rasalo-kapsule-1-vnt-melyna-cresco\/\" \/>\n<meta property=\"og:locale\" content=\"en_US\" \/>\n<meta property=\"og:type\" content=\"article\" \/>\n<meta property=\"og:title\" content=\"Ra\u0161alo kapsul\u0117 1 vnt. m\u0117lyna Cresco - Rutana - Ra\u0161tin\u0117s reikmenys\" \/>\n<meta property=\"og:description\" content=\"Ra\u0161alo kapsul\u0117 tinka visiems standartiniams kapsuliniams parkeriams. Supakuotos plastikiniame mai\u0161elyje. Ra\u0161alo spalva: m\u0117lyna Pakuot\u0117je 100 vnt. ( kaina nurodyta u\u017e 1 vnt., parduodame ne tik pakuot\u0117mis )\" \/>\n<meta property=\"og:url\" content=\"https:\/\/rutana.lt\/en\/product\/rasalo-kapsule-1-vnt-melyna-cresco\/\" \/>\n<meta property=\"og:site_name\" content=\"Rutana - Ra\u0161tin\u0117s reikmenys\" \/>\n<meta property=\"article:publisher\" content=\"https:\/\/www.facebook.com\/RutanaKanceliarinesPrekes\/\" \/>\n<meta property=\"article:modified_time\" content=\"2025-10-13T13:26:17+00:00\" \/>\n<meta property=\"og:image\" content=\"https:\/\/rutana.lt\/wp-content\/uploads\/2025\/09\/C071-003.jpg\" \/>\n\t<meta property=\"og:image:width\" content=\"500\" \/>\n\t<meta property=\"og:image:height\" content=\"415\" \/>\n\t<meta property=\"og:image:type\" content=\"image\/jpeg\" \/>\n<meta name=\"twitter:card\" content=\"summary_large_image\" \/>\n<script type=\"application\/ld+json\" class=\"yoast-schema-graph\">{\"@context\":\"https:\/\/schema.org\",\"@graph\":[{\"@type\":\"WebPage\",\"@id\":\"https:\/\/rutana.lt\/produktas\/rasalo-kapsule-1-vnt-melyna-cresco\/\",\"url\":\"https:\/\/rutana.lt\/produktas\/rasalo-kapsule-1-vnt-melyna-cresco\/\",\"name\":\"Ra\u0161alo kapsul\u0117 1 vnt. m\u0117lyna Cresco - Rutana - Ra\u0161tin\u0117s reikmenys\",\"isPartOf\":{\"@id\":\"https:\/\/rutana.lt\/#website\"},\"primaryImageOfPage\":{\"@id\":\"https:\/\/rutana.lt\/produktas\/rasalo-kapsule-1-vnt-melyna-cresco\/#primaryimage\"},\"image\":{\"@id\":\"https:\/\/rutana.lt\/produktas\/rasalo-kapsule-1-vnt-melyna-cresco\/#primaryimage\"},\"thumbnailUrl\":\"https:\/\/rutana.lt\/wp-content\/uploads\/2025\/09\/C071-003-1.jpg?v=1763621958\",\"datePublished\":\"2025-09-03T06:51:51+00:00\",\"dateModified\":\"2025-10-13T13:26:17+00:00\",\"breadcrumb\":{\"@id\":\"https:\/\/rutana.lt\/produktas\/rasalo-kapsule-1-vnt-melyna-cresco\/#breadcrumb\"},\"inLanguage\":\"en-US\",\"potentialAction\":[{\"@type\":\"ReadAction\",\"target\":[\"https:\/\/rutana.lt\/produktas\/rasalo-kapsule-1-vnt-melyna-cresco\/\"]}]},{\"@type\":\"ImageObject\",\"inLanguage\":\"en-US\",\"@id\":\"https:\/\/rutana.lt\/produktas\/rasalo-kapsule-1-vnt-melyna-cresco\/#primaryimage\",\"url\":\"https:\/\/rutana.lt\/wp-content\/uploads\/2025\/09\/C071-003-1.jpg?v=1763621958\",\"contentUrl\":\"https:\/\/rutana.lt\/wp-content\/uploads\/2025\/09\/C071-003-1.jpg?v=1763621958\",\"width\":500,\"height\":415},{\"@type\":\"BreadcrumbList\",\"@id\":\"https:\/\/rutana.lt\/produktas\/rasalo-kapsule-1-vnt-melyna-cresco\/#breadcrumb\",\"itemListElement\":[{\"@type\":\"ListItem\",\"position\":1,\"name\":\"Home\",\"item\":\"https:\/\/rutana.lt\/\"},{\"@type\":\"ListItem\",\"position\":2,\"name\":\"Parduotuv\u0117\",\"item\":\"https:\/\/rutana.lt\/parduotuve\/\"},{\"@type\":\"ListItem\",\"position\":3,\"name\":\"Ra\u0161alo kapsul\u0117 1 vnt. m\u0117lyna Cresco\"}]},{\"@type\":\"WebSite\",\"@id\":\"https:\/\/rutana.lt\/#website\",\"url\":\"https:\/\/rutana.lt\/\",\"name\":\"Rutana - Ra\u0161tin\u0117s reikmenys\",\"description\":\"Prekiaujame pasaulin\u0117je rinkoje pripa\u017eintomis, kokybi\u0161komis biuro prek\u0117mis toki\u0173  gamintoj\u0173 kaip: Schneider, Esselte, Novus, 3M, Faber-Castell, Citizen, Milan, Leitz, Colop, Zebra, Staedtler, Durable, Tork, Parker, Waterman ir kt.\",\"publisher\":{\"@id\":\"https:\/\/rutana.lt\/#organization\"},\"potentialAction\":[{\"@type\":\"SearchAction\",\"target\":{\"@type\":\"EntryPoint\",\"urlTemplate\":\"https:\/\/rutana.lt\/?s={search_term_string}\"},\"query-input\":{\"@type\":\"PropertyValueSpecification\",\"valueRequired\":true,\"valueName\":\"search_term_string\"}}],\"inLanguage\":\"en-US\"},{\"@type\":\"Organization\",\"@id\":\"https:\/\/rutana.lt\/#organization\",\"name\":\"Rutana - Ra\u0161tin\u0117s reikmenys\",\"url\":\"https:\/\/rutana.lt\/\",\"logo\":{\"@type\":\"ImageObject\",\"inLanguage\":\"en-US\",\"@id\":\"https:\/\/rutana.lt\/#\/schema\/logo\/image\/\",\"url\":\"https:\/\/rutana.lt\/wp-content\/uploads\/2025\/10\/Asset-32.png\",\"contentUrl\":\"https:\/\/rutana.lt\/wp-content\/uploads\/2025\/10\/Asset-32.png\",\"width\":433,\"height\":119,\"caption\":\"Rutana - Ra\u0161tin\u0117s reikmenys\"},\"image\":{\"@id\":\"https:\/\/rutana.lt\/#\/schema\/logo\/image\/\"},\"sameAs\":[\"https:\/\/www.facebook.com\/RutanaKanceliarinesPrekes\/\"]}]}<\/script>\n<!-- \/ Yoast SEO plugin. -->","yoast_head_json":{"title":"Ra\u0161alo kapsul\u0117 1 vnt. m\u0117lyna Cresco - Rutana - Ra\u0161tin\u0117s reikmenys","robots":{"index":"index","follow":"follow","max-snippet":"max-snippet:-1","max-image-preview":"max-image-preview:large","max-video-preview":"max-video-preview:-1"},"canonical":"https:\/\/rutana.lt\/en\/product\/rasalo-kapsule-1-vnt-melyna-cresco\/","og_locale":"en_US","og_type":"article","og_title":"Ra\u0161alo kapsul\u0117 1 vnt. m\u0117lyna Cresco - Rutana - Ra\u0161tin\u0117s reikmenys","og_description":"Ra\u0161alo kapsul\u0117 tinka visiems standartiniams kapsuliniams parkeriams. Supakuotos plastikiniame mai\u0161elyje. Ra\u0161alo spalva: m\u0117lyna Pakuot\u0117je 100 vnt. ( kaina nurodyta u\u017e 1 vnt., parduodame ne tik pakuot\u0117mis )","og_url":"https:\/\/rutana.lt\/en\/product\/rasalo-kapsule-1-vnt-melyna-cresco\/","og_site_name":"Rutana - Ra\u0161tin\u0117s reikmenys","article_publisher":"https:\/\/www.facebook.com\/RutanaKanceliarinesPrekes\/","article_modified_time":"2025-10-13T13:26:17+00:00","og_image":[{"width":500,"height":415,"url":"https:\/\/rutana.lt\/wp-content\/uploads\/2025\/09\/C071-003.jpg","type":"image\/jpeg"}],"twitter_card":"summary_large_image","schema":{"@context":"https:\/\/schema.org","@graph":[{"@type":"WebPage","@id":"https:\/\/rutana.lt\/produktas\/rasalo-kapsule-1-vnt-melyna-cresco\/","url":"https:\/\/rutana.lt\/produktas\/rasalo-kapsule-1-vnt-melyna-cresco\/","name":"Ra\u0161alo kapsul\u0117 1 vnt. m\u0117lyna Cresco - Rutana - Ra\u0161tin\u0117s reikmenys","isPartOf":{"@id":"https:\/\/rutana.lt\/#website"},"primaryImageOfPage":{"@id":"https:\/\/rutana.lt\/produktas\/rasalo-kapsule-1-vnt-melyna-cresco\/#primaryimage"},"image":{"@id":"https:\/\/rutana.lt\/produktas\/rasalo-kapsule-1-vnt-melyna-cresco\/#primaryimage"},"thumbnailUrl":"https:\/\/rutana.lt\/wp-content\/uploads\/2025\/09\/C071-003-1.jpg?v=1763621958","datePublished":"2025-09-03T06:51:51+00:00","dateModified":"2025-10-13T13:26:17+00:00","breadcrumb":{"@id":"https:\/\/rutana.lt\/produktas\/rasalo-kapsule-1-vnt-melyna-cresco\/#breadcrumb"},"inLanguage":"en-US","potentialAction":[{"@type":"ReadAction","target":["https:\/\/rutana.lt\/produktas\/rasalo-kapsule-1-vnt-melyna-cresco\/"]}]},{"@type":"ImageObject","inLanguage":"en-US","@id":"https:\/\/rutana.lt\/produktas\/rasalo-kapsule-1-vnt-melyna-cresco\/#primaryimage","url":"https:\/\/rutana.lt\/wp-content\/uploads\/2025\/09\/C071-003-1.jpg?v=1763621958","contentUrl":"https:\/\/rutana.lt\/wp-content\/uploads\/2025\/09\/C071-003-1.jpg?v=1763621958","width":500,"height":415},{"@type":"BreadcrumbList","@id":"https:\/\/rutana.lt\/produktas\/rasalo-kapsule-1-vnt-melyna-cresco\/#breadcrumb","itemListElement":[{"@type":"ListItem","position":1,"name":"Home","item":"https:\/\/rutana.lt\/"},{"@type":"ListItem","position":2,"name":"Parduotuv\u0117","item":"https:\/\/rutana.lt\/parduotuve\/"},{"@type":"ListItem","position":3,"name":"Ra\u0161alo kapsul\u0117 1 vnt. m\u0117lyna Cresco"}]},{"@type":"WebSite","@id":"https:\/\/rutana.lt\/#website","url":"https:\/\/rutana.lt\/","name":"Rutana - Ra\u0161tin\u0117s reikmenys","description":"Prekiaujame pasaulin\u0117je rinkoje pripa\u017eintomis, kokybi\u0161komis biuro prek\u0117mis toki\u0173  gamintoj\u0173 kaip: Schneider, Esselte, Novus, 3M, Faber-Castell, Citizen, Milan, Leitz, Colop, Zebra, Staedtler, Durable, Tork, Parker, Waterman ir kt.","publisher":{"@id":"https:\/\/rutana.lt\/#organization"},"potentialAction":[{"@type":"SearchAction","target":{"@type":"EntryPoint","urlTemplate":"https:\/\/rutana.lt\/?s={search_term_string}"},"query-input":{"@type":"PropertyValueSpecification","valueRequired":true,"valueName":"search_term_string"}}],"inLanguage":"en-US"},{"@type":"Organization","@id":"https:\/\/rutana.lt\/#organization","name":"Rutana - Ra\u0161tin\u0117s reikmenys","url":"https:\/\/rutana.lt\/","logo":{"@type":"ImageObject","inLanguage":"en-US","@id":"https:\/\/rutana.lt\/#\/schema\/logo\/image\/","url":"https:\/\/rutana.lt\/wp-content\/uploads\/2025\/10\/Asset-32.png","contentUrl":"https:\/\/rutana.lt\/wp-content\/uploads\/2025\/10\/Asset-32.png","width":433,"height":119,"caption":"Rutana - Ra\u0161tin\u0117s reikmenys"},"image":{"@id":"https:\/\/rutana.lt\/#\/schema\/logo\/image\/"},"sameAs":["https:\/\/www.facebook.com\/RutanaKanceliarinesPrekes\/"]}]}},"_links":{"self":[{"href":"https:\/\/rutana.lt\/en\/wp-json\/wp\/v2\/product\/6567","targetHints":{"allow":["GET"]}}],"collection":[{"href":"https:\/\/rutana.lt\/en\/wp-json\/wp\/v2\/product"}],"about":[{"href":"https:\/\/rutana.lt\/en\/wp-json\/wp\/v2\/types\/product"}],"replies":[{"embeddable":true,"href":"https:\/\/rutana.lt\/en\/wp-json\/wp\/v2\/comments?post=6567"}],"version-history":[{"count":1,"href":"https:\/\/rutana.lt\/en\/wp-json\/wp\/v2\/product\/6567\/revisions"}],"predecessor-version":[{"id":6606,"href":"https:\/\/rutana.lt\/en\/wp-json\/wp\/v2\/product\/6567\/revisions\/6606"}],"wp:featuredmedia":[{"embeddable":true,"href":"https:\/\/rutana.lt\/en\/wp-json\/wp\/v2\/media\/25849"}],"wp:attachment":[{"href":"https:\/\/rutana.lt\/en\/wp-json\/wp\/v2\/media?parent=6567"}],"wp:term":[{"taxonomy":"product_brand","embeddable":true,"href":"https:\/\/rutana.lt\/en\/wp-json\/wp\/v2\/product_brand?post=6567"},{"taxonomy":"product_cat","embeddable":true,"href":"https:\/\/rutana.lt\/en\/wp-json\/wp\/v2\/product_cat?post=6567"},{"taxonomy":"product_tag","embeddable":true,"href":"https:\/\/rutana.lt\/en\/wp-json\/wp\/v2\/product_tag?post=6567"}],"curies":[{"name":"wp","href":"https:\/\/api.w.org\/{rel}","templated":true}]}}