{"id":6416,"date":"2025-09-03T08:51:05","date_gmt":"2025-09-03T06:51:05","guid":{"rendered":"https:\/\/rutana.webdemo.lt\/?post_type=product&#038;p=6416"},"modified":"2025-10-13T15:26:02","modified_gmt":"2025-10-13T13:26:02","slug":"spalvotas-biuro-popierius-rey-adagio-nr-3-kanareles-sp-a3-80g-500l","status":"publish","type":"product","link":"https:\/\/rutana.lt\/en\/product\/spalvotas-biuro-popierius-rey-adagio-nr-3-kanareles-sp-a3-80g-500l\/","title":{"rendered":"Spalvotas biuro popierius Rey Adagio Nr.3 kanar\u0117l\u0117s sp. A3 80g 500l."},"content":{"rendered":"<p>Auk\u0161tos kokyb\u0117s spalvotas biuro popierius, tinkantis vis\u0173 tip\u0173 spausdintuvams, kopijavimo aparatams. I\u0161spausdinta informacija yra ry\u0161ki ir lengvai skaitoma. Vartotojui draugi\u0161ka pakuot\u0117: skaidri pakuot\u0117 supaprastina inventorizacij\u0105, nes popieriaus spalva yra matoma neatidarius pakuot\u0117s. Kar\u0161\u010diui atspari pakuot\u0117 saugesniam sand\u0117liavimui ir transportavimui. Specialus lipdukas leid\u017eiantis atidarin\u0117ti ir u\u017edarin\u0117ti pakuot\u0119 nepa\u017eeid\u017eiant jos turinio. <\/p>\n<p>Popierius yra sertifikuotas pagal standartus: <a href=\"http:\/\/www.internationalpaper.com\/ru\/\u043a\u043e\u043c\u043f\u0430\u043d\u0438\u044f\/\u043e\u0431\u043b\u0430\u0441\u0442\u0438\/\u0435\u0432\u0440\u043e\u043f\u0430-\u0431\u043b\u0438\u0436\u043d\u0438\u0439-\u0432\u043e\u0441\u0442\u043e\u043a-\u0438-\u0430\u0444\u0440\u0438\u043a\u0430\/\u0443\u0441\u0442\u043e\u0439\u0447\u0438\u0432\u043e\u0435-\u0440\u0430\u0437\u0432\u0438\u0442\u0438\u0435\/\u0441\u0435\u0440\u0442\u0438\u0444\u0438\u043a\u0430\u0442\u044b\"><u><font color=\"#0066cc\">PEFC\u2122<\/font><\/u><\/a>, EU Ecolabel ir ISO 9706.<\/p>\n<p>Popieriaus spalva: kanar\u0117l\u0117s \/ canary<\/p>\n<p>Formatas: A3 ( 297 x 420 mm )<\/p>\n<p>Gramat\u016bra: 80 g\/m<sup><font size=\"2\">2<\/font><\/sup><\/p>\n<p>Lap\u0173 kiekis pakuot\u0117je: 500<\/p>\n<\/p>\n<p><\/p>","protected":false},"excerpt":{"rendered":"<p>Auk\u0161tos kokyb\u0117s spalvotas biuro popierius, tinkantis vis\u0173 tip\u0173 spausdintuvams, kopijavimo aparatams. I\u0161spausdinta informacija yra ry\u0161ki ir lengvai skaitoma. Vartotojui draugi\u0161ka pakuot\u0117: skaidri pakuot\u0117 supaprastina inventorizacij\u0105, nes popieriaus spalva yra matoma neatidarius pakuot\u0117s. Kar\u0161\u010diui atspari pakuot\u0117 saugesniam sand\u0117liavimui ir transportavimui. Specialus lipdukas leid\u017eiantis atidarin\u0117ti ir u\u017edarin\u0117ti pakuot\u0119 nepa\u017eeid\u017eiant jos turinio. Popierius yra sertifikuotas pagal standartus: PEFC\u2122, [&hellip;]<\/p>","protected":false},"featured_media":25811,"comment_status":"open","ping_status":"closed","template":"","meta":{"_season_start":"","_season_end":"","_season_days":"","_season_months":"","_season_auto_visibility":""},"product_brand":[83],"product_cat":[1802],"product_tag":[],"class_list":{"0":"post-6416","1":"product","2":"type-product","3":"status-publish","4":"has-post-thumbnail","6":"product_brand-null","7":"product_cat-80-g","9":"first","10":"instock","11":"taxable","12":"shipping-taxable","13":"purchasable","14":"product-type-simple"},"yoast_head":"<!-- This site is optimized with the Yoast SEO plugin v27.4 - https:\/\/yoast.com\/product\/yoast-seo-wordpress\/ -->\n<title>Spalvotas biuro popierius Rey Adagio Nr.3 kanar\u0117l\u0117s sp. A3 80g 500l. - Rutana - Ra\u0161tin\u0117s reikmenys<\/title>\n<meta name=\"robots\" content=\"index, follow, max-snippet:-1, max-image-preview:large, max-video-preview:-1\" \/>\n<link rel=\"canonical\" href=\"https:\/\/rutana.lt\/en\/product\/spalvotas-biuro-popierius-rey-adagio-nr-3-kanareles-sp-a3-80g-500l\/\" \/>\n<meta property=\"og:locale\" content=\"en_US\" \/>\n<meta property=\"og:type\" content=\"article\" \/>\n<meta property=\"og:title\" content=\"Spalvotas biuro popierius Rey Adagio Nr.3 kanar\u0117l\u0117s sp. A3 80g 500l. - Rutana - Ra\u0161tin\u0117s reikmenys\" \/>\n<meta property=\"og:description\" content=\"Auk\u0161tos kokyb\u0117s spalvotas biuro popierius, tinkantis vis\u0173 tip\u0173 spausdintuvams, kopijavimo aparatams. I\u0161spausdinta informacija yra ry\u0161ki ir lengvai skaitoma. Vartotojui draugi\u0161ka pakuot\u0117: skaidri pakuot\u0117 supaprastina inventorizacij\u0105, nes popieriaus spalva yra matoma neatidarius pakuot\u0117s. Kar\u0161\u010diui atspari pakuot\u0117 saugesniam sand\u0117liavimui ir transportavimui. Specialus lipdukas leid\u017eiantis atidarin\u0117ti ir u\u017edarin\u0117ti pakuot\u0119 nepa\u017eeid\u017eiant jos turinio. Popierius yra sertifikuotas pagal standartus: PEFC\u2122, [&hellip;]\" \/>\n<meta property=\"og:url\" content=\"https:\/\/rutana.lt\/en\/product\/spalvotas-biuro-popierius-rey-adagio-nr-3-kanareles-sp-a3-80g-500l\/\" \/>\n<meta property=\"og:site_name\" content=\"Rutana - Ra\u0161tin\u0117s reikmenys\" \/>\n<meta property=\"article:publisher\" content=\"https:\/\/www.facebook.com\/RutanaKanceliarinesPrekes\/\" \/>\n<meta property=\"article:modified_time\" content=\"2025-10-13T13:26:02+00:00\" \/>\n<meta property=\"og:image\" content=\"https:\/\/rutana.lt\/wp-content\/uploads\/2025\/09\/A072-006.jpg\" \/>\n\t<meta property=\"og:image:width\" content=\"500\" \/>\n\t<meta property=\"og:image:height\" content=\"500\" \/>\n\t<meta property=\"og:image:type\" content=\"image\/jpeg\" \/>\n<meta name=\"twitter:card\" content=\"summary_large_image\" \/>\n<script type=\"application\/ld+json\" class=\"yoast-schema-graph\">{\"@context\":\"https:\\\/\\\/schema.org\",\"@graph\":[{\"@type\":\"WebPage\",\"@id\":\"https:\\\/\\\/rutana.lt\\\/produktas\\\/spalvotas-biuro-popierius-rey-adagio-nr-3-kanareles-sp-a3-80g-500l\\\/\",\"url\":\"https:\\\/\\\/rutana.lt\\\/produktas\\\/spalvotas-biuro-popierius-rey-adagio-nr-3-kanareles-sp-a3-80g-500l\\\/\",\"name\":\"Spalvotas biuro popierius Rey Adagio Nr.3 kanar\u0117l\u0117s sp. A3 80g 500l. - Rutana - Ra\u0161tin\u0117s reikmenys\",\"isPartOf\":{\"@id\":\"https:\\\/\\\/rutana.lt\\\/#website\"},\"primaryImageOfPage\":{\"@id\":\"https:\\\/\\\/rutana.lt\\\/produktas\\\/spalvotas-biuro-popierius-rey-adagio-nr-3-kanareles-sp-a3-80g-500l\\\/#primaryimage\"},\"image\":{\"@id\":\"https:\\\/\\\/rutana.lt\\\/produktas\\\/spalvotas-biuro-popierius-rey-adagio-nr-3-kanareles-sp-a3-80g-500l\\\/#primaryimage\"},\"thumbnailUrl\":\"https:\\\/\\\/rutana.lt\\\/wp-content\\\/uploads\\\/2025\\\/09\\\/A072-006-1.jpg?v=1763622004\",\"datePublished\":\"2025-09-03T06:51:05+00:00\",\"dateModified\":\"2025-10-13T13:26:02+00:00\",\"breadcrumb\":{\"@id\":\"https:\\\/\\\/rutana.lt\\\/produktas\\\/spalvotas-biuro-popierius-rey-adagio-nr-3-kanareles-sp-a3-80g-500l\\\/#breadcrumb\"},\"inLanguage\":\"en-US\",\"potentialAction\":[{\"@type\":\"ReadAction\",\"target\":[\"https:\\\/\\\/rutana.lt\\\/produktas\\\/spalvotas-biuro-popierius-rey-adagio-nr-3-kanareles-sp-a3-80g-500l\\\/\"]}]},{\"@type\":\"ImageObject\",\"inLanguage\":\"en-US\",\"@id\":\"https:\\\/\\\/rutana.lt\\\/produktas\\\/spalvotas-biuro-popierius-rey-adagio-nr-3-kanareles-sp-a3-80g-500l\\\/#primaryimage\",\"url\":\"https:\\\/\\\/rutana.lt\\\/wp-content\\\/uploads\\\/2025\\\/09\\\/A072-006-1.jpg?v=1763622004\",\"contentUrl\":\"https:\\\/\\\/rutana.lt\\\/wp-content\\\/uploads\\\/2025\\\/09\\\/A072-006-1.jpg?v=1763622004\",\"width\":500,\"height\":500},{\"@type\":\"BreadcrumbList\",\"@id\":\"https:\\\/\\\/rutana.lt\\\/produktas\\\/spalvotas-biuro-popierius-rey-adagio-nr-3-kanareles-sp-a3-80g-500l\\\/#breadcrumb\",\"itemListElement\":[{\"@type\":\"ListItem\",\"position\":1,\"name\":\"Home\",\"item\":\"https:\\\/\\\/rutana.lt\\\/\"},{\"@type\":\"ListItem\",\"position\":2,\"name\":\"Parduotuv\u0117\",\"item\":\"https:\\\/\\\/rutana.lt\\\/parduotuve\\\/\"},{\"@type\":\"ListItem\",\"position\":3,\"name\":\"Spalvotas biuro popierius Rey Adagio Nr.3 kanar\u0117l\u0117s sp. A3 80g 500l.\"}]},{\"@type\":\"WebSite\",\"@id\":\"https:\\\/\\\/rutana.lt\\\/#website\",\"url\":\"https:\\\/\\\/rutana.lt\\\/\",\"name\":\"Rutana - Ra\u0161tin\u0117s reikmenys\",\"description\":\"Prekiaujame pasaulin\u0117je rinkoje pripa\u017eintomis, kokybi\u0161komis biuro prek\u0117mis toki\u0173  gamintoj\u0173 kaip: Schneider, Esselte, Novus, 3M, Faber-Castell, Citizen, Milan, Leitz, Colop, Zebra, Staedtler, Durable, Tork, Parker, Waterman ir kt.\",\"publisher\":{\"@id\":\"https:\\\/\\\/rutana.lt\\\/#organization\"},\"potentialAction\":[{\"@type\":\"SearchAction\",\"target\":{\"@type\":\"EntryPoint\",\"urlTemplate\":\"https:\\\/\\\/rutana.lt\\\/?s={search_term_string}\"},\"query-input\":{\"@type\":\"PropertyValueSpecification\",\"valueRequired\":true,\"valueName\":\"search_term_string\"}}],\"inLanguage\":\"en-US\"},{\"@type\":\"Organization\",\"@id\":\"https:\\\/\\\/rutana.lt\\\/#organization\",\"name\":\"Rutana - Ra\u0161tin\u0117s reikmenys\",\"url\":\"https:\\\/\\\/rutana.lt\\\/\",\"logo\":{\"@type\":\"ImageObject\",\"inLanguage\":\"en-US\",\"@id\":\"https:\\\/\\\/rutana.lt\\\/#\\\/schema\\\/logo\\\/image\\\/\",\"url\":\"https:\\\/\\\/rutana.lt\\\/wp-content\\\/uploads\\\/2025\\\/10\\\/Asset-32.png\",\"contentUrl\":\"https:\\\/\\\/rutana.lt\\\/wp-content\\\/uploads\\\/2025\\\/10\\\/Asset-32.png\",\"width\":433,\"height\":119,\"caption\":\"Rutana - Ra\u0161tin\u0117s reikmenys\"},\"image\":{\"@id\":\"https:\\\/\\\/rutana.lt\\\/#\\\/schema\\\/logo\\\/image\\\/\"},\"sameAs\":[\"https:\\\/\\\/www.facebook.com\\\/RutanaKanceliarinesPrekes\\\/\"]}]}<\/script>\n<!-- \/ Yoast SEO plugin. -->","yoast_head_json":{"title":"Spalvotas biuro popierius Rey Adagio Nr.3 kanar\u0117l\u0117s sp. A3 80g 500l. - Rutana - Ra\u0161tin\u0117s reikmenys","robots":{"index":"index","follow":"follow","max-snippet":"max-snippet:-1","max-image-preview":"max-image-preview:large","max-video-preview":"max-video-preview:-1"},"canonical":"https:\/\/rutana.lt\/en\/product\/spalvotas-biuro-popierius-rey-adagio-nr-3-kanareles-sp-a3-80g-500l\/","og_locale":"en_US","og_type":"article","og_title":"Spalvotas biuro popierius Rey Adagio Nr.3 kanar\u0117l\u0117s sp. A3 80g 500l. - Rutana - Ra\u0161tin\u0117s reikmenys","og_description":"Auk\u0161tos kokyb\u0117s spalvotas biuro popierius, tinkantis vis\u0173 tip\u0173 spausdintuvams, kopijavimo aparatams. I\u0161spausdinta informacija yra ry\u0161ki ir lengvai skaitoma. Vartotojui draugi\u0161ka pakuot\u0117: skaidri pakuot\u0117 supaprastina inventorizacij\u0105, nes popieriaus spalva yra matoma neatidarius pakuot\u0117s. Kar\u0161\u010diui atspari pakuot\u0117 saugesniam sand\u0117liavimui ir transportavimui. Specialus lipdukas leid\u017eiantis atidarin\u0117ti ir u\u017edarin\u0117ti pakuot\u0119 nepa\u017eeid\u017eiant jos turinio. Popierius yra sertifikuotas pagal standartus: PEFC\u2122, [&hellip;]","og_url":"https:\/\/rutana.lt\/en\/product\/spalvotas-biuro-popierius-rey-adagio-nr-3-kanareles-sp-a3-80g-500l\/","og_site_name":"Rutana - Ra\u0161tin\u0117s reikmenys","article_publisher":"https:\/\/www.facebook.com\/RutanaKanceliarinesPrekes\/","article_modified_time":"2025-10-13T13:26:02+00:00","og_image":[{"width":500,"height":500,"url":"https:\/\/rutana.lt\/wp-content\/uploads\/2025\/09\/A072-006.jpg","type":"image\/jpeg"}],"twitter_card":"summary_large_image","schema":{"@context":"https:\/\/schema.org","@graph":[{"@type":"WebPage","@id":"https:\/\/rutana.lt\/produktas\/spalvotas-biuro-popierius-rey-adagio-nr-3-kanareles-sp-a3-80g-500l\/","url":"https:\/\/rutana.lt\/produktas\/spalvotas-biuro-popierius-rey-adagio-nr-3-kanareles-sp-a3-80g-500l\/","name":"Spalvotas biuro popierius Rey Adagio Nr.3 kanar\u0117l\u0117s sp. A3 80g 500l. - Rutana - Ra\u0161tin\u0117s reikmenys","isPartOf":{"@id":"https:\/\/rutana.lt\/#website"},"primaryImageOfPage":{"@id":"https:\/\/rutana.lt\/produktas\/spalvotas-biuro-popierius-rey-adagio-nr-3-kanareles-sp-a3-80g-500l\/#primaryimage"},"image":{"@id":"https:\/\/rutana.lt\/produktas\/spalvotas-biuro-popierius-rey-adagio-nr-3-kanareles-sp-a3-80g-500l\/#primaryimage"},"thumbnailUrl":"https:\/\/rutana.lt\/wp-content\/uploads\/2025\/09\/A072-006-1.jpg?v=1763622004","datePublished":"2025-09-03T06:51:05+00:00","dateModified":"2025-10-13T13:26:02+00:00","breadcrumb":{"@id":"https:\/\/rutana.lt\/produktas\/spalvotas-biuro-popierius-rey-adagio-nr-3-kanareles-sp-a3-80g-500l\/#breadcrumb"},"inLanguage":"en-US","potentialAction":[{"@type":"ReadAction","target":["https:\/\/rutana.lt\/produktas\/spalvotas-biuro-popierius-rey-adagio-nr-3-kanareles-sp-a3-80g-500l\/"]}]},{"@type":"ImageObject","inLanguage":"en-US","@id":"https:\/\/rutana.lt\/produktas\/spalvotas-biuro-popierius-rey-adagio-nr-3-kanareles-sp-a3-80g-500l\/#primaryimage","url":"https:\/\/rutana.lt\/wp-content\/uploads\/2025\/09\/A072-006-1.jpg?v=1763622004","contentUrl":"https:\/\/rutana.lt\/wp-content\/uploads\/2025\/09\/A072-006-1.jpg?v=1763622004","width":500,"height":500},{"@type":"BreadcrumbList","@id":"https:\/\/rutana.lt\/produktas\/spalvotas-biuro-popierius-rey-adagio-nr-3-kanareles-sp-a3-80g-500l\/#breadcrumb","itemListElement":[{"@type":"ListItem","position":1,"name":"Home","item":"https:\/\/rutana.lt\/"},{"@type":"ListItem","position":2,"name":"Parduotuv\u0117","item":"https:\/\/rutana.lt\/parduotuve\/"},{"@type":"ListItem","position":3,"name":"Spalvotas biuro popierius Rey Adagio Nr.3 kanar\u0117l\u0117s sp. A3 80g 500l."}]},{"@type":"WebSite","@id":"https:\/\/rutana.lt\/#website","url":"https:\/\/rutana.lt\/","name":"Rutana - Ra\u0161tin\u0117s reikmenys","description":"Prekiaujame pasaulin\u0117je rinkoje pripa\u017eintomis, kokybi\u0161komis biuro prek\u0117mis toki\u0173  gamintoj\u0173 kaip: Schneider, Esselte, Novus, 3M, Faber-Castell, Citizen, Milan, Leitz, Colop, Zebra, Staedtler, Durable, Tork, Parker, Waterman ir kt.","publisher":{"@id":"https:\/\/rutana.lt\/#organization"},"potentialAction":[{"@type":"SearchAction","target":{"@type":"EntryPoint","urlTemplate":"https:\/\/rutana.lt\/?s={search_term_string}"},"query-input":{"@type":"PropertyValueSpecification","valueRequired":true,"valueName":"search_term_string"}}],"inLanguage":"en-US"},{"@type":"Organization","@id":"https:\/\/rutana.lt\/#organization","name":"Rutana - Ra\u0161tin\u0117s reikmenys","url":"https:\/\/rutana.lt\/","logo":{"@type":"ImageObject","inLanguage":"en-US","@id":"https:\/\/rutana.lt\/#\/schema\/logo\/image\/","url":"https:\/\/rutana.lt\/wp-content\/uploads\/2025\/10\/Asset-32.png","contentUrl":"https:\/\/rutana.lt\/wp-content\/uploads\/2025\/10\/Asset-32.png","width":433,"height":119,"caption":"Rutana - Ra\u0161tin\u0117s reikmenys"},"image":{"@id":"https:\/\/rutana.lt\/#\/schema\/logo\/image\/"},"sameAs":["https:\/\/www.facebook.com\/RutanaKanceliarinesPrekes\/"]}]}},"_links":{"self":[{"href":"https:\/\/rutana.lt\/en\/wp-json\/wp\/v2\/product\/6416","targetHints":{"allow":["GET"]}}],"collection":[{"href":"https:\/\/rutana.lt\/en\/wp-json\/wp\/v2\/product"}],"about":[{"href":"https:\/\/rutana.lt\/en\/wp-json\/wp\/v2\/types\/product"}],"replies":[{"embeddable":true,"href":"https:\/\/rutana.lt\/en\/wp-json\/wp\/v2\/comments?post=6416"}],"version-history":[{"count":1,"href":"https:\/\/rutana.lt\/en\/wp-json\/wp\/v2\/product\/6416\/revisions"}],"predecessor-version":[{"id":6473,"href":"https:\/\/rutana.lt\/en\/wp-json\/wp\/v2\/product\/6416\/revisions\/6473"}],"wp:featuredmedia":[{"embeddable":true,"href":"https:\/\/rutana.lt\/en\/wp-json\/wp\/v2\/media\/25811"}],"wp:attachment":[{"href":"https:\/\/rutana.lt\/en\/wp-json\/wp\/v2\/media?parent=6416"}],"wp:term":[{"taxonomy":"product_brand","embeddable":true,"href":"https:\/\/rutana.lt\/en\/wp-json\/wp\/v2\/product_brand?post=6416"},{"taxonomy":"product_cat","embeddable":true,"href":"https:\/\/rutana.lt\/en\/wp-json\/wp\/v2\/product_cat?post=6416"},{"taxonomy":"product_tag","embeddable":true,"href":"https:\/\/rutana.lt\/en\/wp-json\/wp\/v2\/product_tag?post=6416"}],"curies":[{"name":"wp","href":"https:\/\/api.w.org\/{rel}","templated":true}]}}