{"id":6412,"date":"2025-09-03T08:51:04","date_gmt":"2025-09-03T06:51:04","guid":{"rendered":"https:\/\/rutana.webdemo.lt\/?post_type=product&#038;p=6412"},"modified":"2025-10-13T15:25:54","modified_gmt":"2025-10-13T13:25:54","slug":"biuro-popierius-navigator-office-card-160g-a3-250l","status":"publish","type":"product","link":"https:\/\/rutana.lt\/en\/product\/biuro-popierius-navigator-office-card-160g-a3-250l\/","title":{"rendered":"Biuro popierius Navigator Office Card 160g A3 250l."},"content":{"rendered":"<p style=\"margin-bottom: 10px;\">Auk\u0161\u010diausios kokyb\u0117s ( A klas\u0117 ) universalus popierius biurui, tenkinantis visus biuro technikos reikalavimus. Tinka vis\u0173 r\u016b\u0161i\u0173 spausdintuvams ir kopijavimo aparatams. Gamyboje naudojama eukalipt\u0173 celiulioz\u0117 suteikia \u0161iam popieriui ypatingo baltumo, tvirtumo ir lygumo. Skirtas patiems svarbiausiems spaudiniams. Tai puikus reprezentacinis popierius vidinei ir i\u0161orinei komunikacijai.<\/p>\n<p style=\"margin-bottom: 10px;\">Formatas: A3 ( 297 x 420 mm )<\/p>\n<p style=\"margin-bottom: 10px;\">Gramat\u016bra: 160 g\/m<span style=\"line-height: 0; position: relative; vertical-align: baseline; top: -0.5em;\">2<\/span><\/p>\n<p style=\"margin-bottom: 10px;\">Lap\u0173 kiekis pakuot\u0117je: 250<\/p>\n<table width=\"409\" class=\"param\" border=\"0\" cellspacing=\"2\" cellpadding=\"0\" style=\"width: 409px; height: 109px;\">\n<tbody>\n<tr>\n<td width=\"165\" class=\"atr\">\n<p align=\"left\" style=\"margin-bottom: 10px;\">Tankis ISO 536 , g\/m<span style=\"line-height: 0; position: relative; vertical-align: baseline; top: -0.5em;\">2<\/span>    <\/p>\n<\/td>\n<td>\n<p align=\"center\" style=\"margin-bottom: 10px;\">160<\/p>\n<\/td>\n<td>\n<p align=\"center\" style=\"margin-bottom: 10px;\">\n<\/td>\n<td>\n<p align=\"center\" style=\"margin-bottom: 10px;\">\n<\/td>\n<td>\n<p align=\"center\" style=\"margin-bottom: 10px;\">\n<\/td>\n<td>\n<p align=\"center\" style=\"margin-bottom: 10px;\">\n<\/td>\n<\/tr>\n<tr>\n<td width=\"165\" class=\"atr\">\n<p align=\"left\" style=\"margin-bottom: 10px;\">Storis ISO 534<\/p>\n<\/td>\n<td>\n<p align=\"center\" style=\"margin-bottom: 10px;\">170<\/p>\n<\/td>\n<td>\n<p align=\"center\" style=\"margin-bottom: 10px;\">\n<\/td>\n<td>\n<p align=\"center\" style=\"margin-bottom: 10px;\">\n<\/td>\n<td>\n<p align=\"center\" style=\"margin-bottom: 10px;\">\n<\/td>\n<td>\n<p align=\"center\" style=\"margin-bottom: 10px;\">\n<\/td>\n<\/tr>\n<tr>\n<td width=\"165\" class=\"atr\">\n<p align=\"left\" style=\"margin-bottom: 10px;\">Nepermatomumas ISO 2471, % <\/p>\n<\/td>\n<td>\n<p align=\"center\" style=\"margin-bottom: 10px;\">97.5<\/p>\n<\/td>\n<td>\n<p align=\"center\" style=\"margin-bottom: 10px;\">\n<\/td>\n<td>\n<p align=\"center\" style=\"margin-bottom: 10px;\">\n<\/td>\n<td>\n<p align=\"center\" style=\"margin-bottom: 10px;\">\n<\/td>\n<td>\n<p align=\"center\" style=\"margin-bottom: 10px;\">\n<\/td>\n<\/tr>\n<tr>\n<td width=\"165\" class=\"atr\">\n<p align=\"left\" style=\"margin-bottom: 10px;\">Baltumas  CIE ISO 11475<\/p>\n<\/td>\n<td>\n<p align=\"center\" style=\"margin-bottom: 10px;\"> 169<\/p>\n<\/td>\n<td>\n<p align=\"center\" style=\"margin-bottom: 10px;\">\n<\/td>\n<td>\n<p align=\"center\" style=\"margin-bottom: 10px;\">\n<\/td>\n<td>\n<p align=\"center\" style=\"margin-bottom: 10px;\">\n<\/td>\n<td>\n<p align=\"center\" style=\"margin-bottom: 10px;\">\n<\/td>\n<\/tr>\n<tr>\n<td width=\"165\" class=\"atr\">\n<p align=\"left\" style=\"margin-bottom: 10px;\">Lygumas pagal Bendtsen&#8217;\u0105 ISO 8791-2 , ml\/min<\/p>\n<\/td>\n<td>\n<p align=\"center\" style=\"margin-bottom: 10px;\">50   <\/p>\n<\/td>\n<\/tr>\n<\/tbody>\n<\/table>\n<p style=\"margin-bottom: 10px;\">FSC, ECF, BLI sertifikatas<\/p>\n<p style=\"margin-bottom: 10px;\">ISO 9706 (archyvavimo laikotarpis >200met\u0173)<\/p>\n<p style=\"margin-bottom: 10px;\">ISO 9001:2008 kokyb\u0117s vadyba<\/p>\n<p style=\"margin-bottom: 10px;\">ISO 14001:2004 ekologijos vadyba<\/p>\n<p style=\"margin-bottom: 10px;\">Kilm\u0117s \u0161alis: Portugalija<\/p>\n<p style=\"margin-bottom: 10px;\">\n<p style=\"margin-bottom: 10px;\"><\/p>","protected":false},"excerpt":{"rendered":"<p>Auk\u0161\u010diausios kokyb\u0117s ( A klas\u0117 ) universalus popierius biurui, tenkinantis visus biuro technikos reikalavimus. Tinka vis\u0173 r\u016b\u0161i\u0173 spausdintuvams ir kopijavimo aparatams. Gamyboje naudojama eukalipt\u0173 celiulioz\u0117 suteikia \u0161iam popieriui ypatingo baltumo, tvirtumo ir lygumo. Skirtas patiems svarbiausiems spaudiniams. Tai puikus reprezentacinis popierius vidinei ir i\u0161orinei komunikacijai. Formatas: A3 ( 297 x 420 mm ) Gramat\u016bra: 160 [&hellip;]<\/p>","protected":false},"featured_media":25807,"comment_status":"open","ping_status":"closed","template":"","meta":{"_season_start":"","_season_end":"","_season_days":"","_season_months":"","_season_auto_visibility":""},"product_brand":[83],"product_cat":[1851],"product_tag":[],"class_list":{"0":"post-6412","1":"product","2":"type-product","3":"status-publish","4":"has-post-thumbnail","6":"product_brand-null","7":"product_cat-a3-formato","9":"first","10":"instock","11":"taxable","12":"shipping-taxable","13":"purchasable","14":"product-type-simple"},"yoast_head":"<!-- This site is optimized with the Yoast SEO plugin v27.4 - https:\/\/yoast.com\/product\/yoast-seo-wordpress\/ -->\n<title>Biuro popierius Navigator Office Card 160g A3 250l. - Rutana - Ra\u0161tin\u0117s reikmenys<\/title>\n<meta name=\"robots\" content=\"index, follow, max-snippet:-1, max-image-preview:large, max-video-preview:-1\" \/>\n<link rel=\"canonical\" href=\"https:\/\/rutana.lt\/en\/product\/biuro-popierius-navigator-office-card-160g-a3-250l\/\" \/>\n<meta property=\"og:locale\" content=\"en_US\" \/>\n<meta property=\"og:type\" content=\"article\" \/>\n<meta property=\"og:title\" content=\"Biuro popierius Navigator Office Card 160g A3 250l. - Rutana - Ra\u0161tin\u0117s reikmenys\" \/>\n<meta property=\"og:description\" content=\"Auk\u0161\u010diausios kokyb\u0117s ( A klas\u0117 ) universalus popierius biurui, tenkinantis visus biuro technikos reikalavimus. Tinka vis\u0173 r\u016b\u0161i\u0173 spausdintuvams ir kopijavimo aparatams. Gamyboje naudojama eukalipt\u0173 celiulioz\u0117 suteikia \u0161iam popieriui ypatingo baltumo, tvirtumo ir lygumo. Skirtas patiems svarbiausiems spaudiniams. Tai puikus reprezentacinis popierius vidinei ir i\u0161orinei komunikacijai. Formatas: A3 ( 297 x 420 mm ) Gramat\u016bra: 160 [&hellip;]\" \/>\n<meta property=\"og:url\" content=\"https:\/\/rutana.lt\/en\/product\/biuro-popierius-navigator-office-card-160g-a3-250l\/\" \/>\n<meta property=\"og:site_name\" content=\"Rutana - Ra\u0161tin\u0117s reikmenys\" \/>\n<meta property=\"article:publisher\" content=\"https:\/\/www.facebook.com\/RutanaKanceliarinesPrekes\/\" \/>\n<meta property=\"article:modified_time\" content=\"2025-10-13T13:25:54+00:00\" \/>\n<meta property=\"og:image\" content=\"https:\/\/rutana.lt\/wp-content\/uploads\/2025\/09\/A063-003-1.jpg\" \/>\n\t<meta property=\"og:image:width\" content=\"500\" \/>\n\t<meta property=\"og:image:height\" content=\"500\" \/>\n\t<meta property=\"og:image:type\" content=\"image\/jpeg\" \/>\n<meta name=\"twitter:card\" content=\"summary_large_image\" \/>\n<script type=\"application\/ld+json\" class=\"yoast-schema-graph\">{\"@context\":\"https:\\\/\\\/schema.org\",\"@graph\":[{\"@type\":\"WebPage\",\"@id\":\"https:\\\/\\\/rutana.lt\\\/produktas\\\/biuro-popierius-navigator-office-card-160g-a3-250l\\\/\",\"url\":\"https:\\\/\\\/rutana.lt\\\/produktas\\\/biuro-popierius-navigator-office-card-160g-a3-250l\\\/\",\"name\":\"Biuro popierius Navigator Office Card 160g A3 250l. - Rutana - Ra\u0161tin\u0117s reikmenys\",\"isPartOf\":{\"@id\":\"https:\\\/\\\/rutana.lt\\\/#website\"},\"primaryImageOfPage\":{\"@id\":\"https:\\\/\\\/rutana.lt\\\/produktas\\\/biuro-popierius-navigator-office-card-160g-a3-250l\\\/#primaryimage\"},\"image\":{\"@id\":\"https:\\\/\\\/rutana.lt\\\/produktas\\\/biuro-popierius-navigator-office-card-160g-a3-250l\\\/#primaryimage\"},\"thumbnailUrl\":\"https:\\\/\\\/rutana.lt\\\/wp-content\\\/uploads\\\/2025\\\/09\\\/A063-003-1-1.jpg?v=1763622006\",\"datePublished\":\"2025-09-03T06:51:04+00:00\",\"dateModified\":\"2025-10-13T13:25:54+00:00\",\"breadcrumb\":{\"@id\":\"https:\\\/\\\/rutana.lt\\\/produktas\\\/biuro-popierius-navigator-office-card-160g-a3-250l\\\/#breadcrumb\"},\"inLanguage\":\"en-US\",\"potentialAction\":[{\"@type\":\"ReadAction\",\"target\":[\"https:\\\/\\\/rutana.lt\\\/produktas\\\/biuro-popierius-navigator-office-card-160g-a3-250l\\\/\"]}]},{\"@type\":\"ImageObject\",\"inLanguage\":\"en-US\",\"@id\":\"https:\\\/\\\/rutana.lt\\\/produktas\\\/biuro-popierius-navigator-office-card-160g-a3-250l\\\/#primaryimage\",\"url\":\"https:\\\/\\\/rutana.lt\\\/wp-content\\\/uploads\\\/2025\\\/09\\\/A063-003-1-1.jpg?v=1763622006\",\"contentUrl\":\"https:\\\/\\\/rutana.lt\\\/wp-content\\\/uploads\\\/2025\\\/09\\\/A063-003-1-1.jpg?v=1763622006\",\"width\":500,\"height\":500},{\"@type\":\"BreadcrumbList\",\"@id\":\"https:\\\/\\\/rutana.lt\\\/produktas\\\/biuro-popierius-navigator-office-card-160g-a3-250l\\\/#breadcrumb\",\"itemListElement\":[{\"@type\":\"ListItem\",\"position\":1,\"name\":\"Home\",\"item\":\"https:\\\/\\\/rutana.lt\\\/\"},{\"@type\":\"ListItem\",\"position\":2,\"name\":\"Parduotuv\u0117\",\"item\":\"https:\\\/\\\/rutana.lt\\\/parduotuve\\\/\"},{\"@type\":\"ListItem\",\"position\":3,\"name\":\"Biuro popierius Navigator Office Card 160g A3 250l.\"}]},{\"@type\":\"WebSite\",\"@id\":\"https:\\\/\\\/rutana.lt\\\/#website\",\"url\":\"https:\\\/\\\/rutana.lt\\\/\",\"name\":\"Rutana - Ra\u0161tin\u0117s reikmenys\",\"description\":\"Prekiaujame pasaulin\u0117je rinkoje pripa\u017eintomis, kokybi\u0161komis biuro prek\u0117mis toki\u0173  gamintoj\u0173 kaip: Schneider, Esselte, Novus, 3M, Faber-Castell, Citizen, Milan, Leitz, Colop, Zebra, Staedtler, Durable, Tork, Parker, Waterman ir kt.\",\"publisher\":{\"@id\":\"https:\\\/\\\/rutana.lt\\\/#organization\"},\"potentialAction\":[{\"@type\":\"SearchAction\",\"target\":{\"@type\":\"EntryPoint\",\"urlTemplate\":\"https:\\\/\\\/rutana.lt\\\/?s={search_term_string}\"},\"query-input\":{\"@type\":\"PropertyValueSpecification\",\"valueRequired\":true,\"valueName\":\"search_term_string\"}}],\"inLanguage\":\"en-US\"},{\"@type\":\"Organization\",\"@id\":\"https:\\\/\\\/rutana.lt\\\/#organization\",\"name\":\"Rutana - Ra\u0161tin\u0117s reikmenys\",\"url\":\"https:\\\/\\\/rutana.lt\\\/\",\"logo\":{\"@type\":\"ImageObject\",\"inLanguage\":\"en-US\",\"@id\":\"https:\\\/\\\/rutana.lt\\\/#\\\/schema\\\/logo\\\/image\\\/\",\"url\":\"https:\\\/\\\/rutana.lt\\\/wp-content\\\/uploads\\\/2025\\\/10\\\/Asset-32.png\",\"contentUrl\":\"https:\\\/\\\/rutana.lt\\\/wp-content\\\/uploads\\\/2025\\\/10\\\/Asset-32.png\",\"width\":433,\"height\":119,\"caption\":\"Rutana - Ra\u0161tin\u0117s reikmenys\"},\"image\":{\"@id\":\"https:\\\/\\\/rutana.lt\\\/#\\\/schema\\\/logo\\\/image\\\/\"},\"sameAs\":[\"https:\\\/\\\/www.facebook.com\\\/RutanaKanceliarinesPrekes\\\/\"]}]}<\/script>\n<!-- \/ Yoast SEO plugin. -->","yoast_head_json":{"title":"Biuro popierius Navigator Office Card 160g A3 250l. - Rutana - Ra\u0161tin\u0117s reikmenys","robots":{"index":"index","follow":"follow","max-snippet":"max-snippet:-1","max-image-preview":"max-image-preview:large","max-video-preview":"max-video-preview:-1"},"canonical":"https:\/\/rutana.lt\/en\/product\/biuro-popierius-navigator-office-card-160g-a3-250l\/","og_locale":"en_US","og_type":"article","og_title":"Biuro popierius Navigator Office Card 160g A3 250l. - Rutana - Ra\u0161tin\u0117s reikmenys","og_description":"Auk\u0161\u010diausios kokyb\u0117s ( A klas\u0117 ) universalus popierius biurui, tenkinantis visus biuro technikos reikalavimus. Tinka vis\u0173 r\u016b\u0161i\u0173 spausdintuvams ir kopijavimo aparatams. Gamyboje naudojama eukalipt\u0173 celiulioz\u0117 suteikia \u0161iam popieriui ypatingo baltumo, tvirtumo ir lygumo. Skirtas patiems svarbiausiems spaudiniams. Tai puikus reprezentacinis popierius vidinei ir i\u0161orinei komunikacijai. Formatas: A3 ( 297 x 420 mm ) Gramat\u016bra: 160 [&hellip;]","og_url":"https:\/\/rutana.lt\/en\/product\/biuro-popierius-navigator-office-card-160g-a3-250l\/","og_site_name":"Rutana - Ra\u0161tin\u0117s reikmenys","article_publisher":"https:\/\/www.facebook.com\/RutanaKanceliarinesPrekes\/","article_modified_time":"2025-10-13T13:25:54+00:00","og_image":[{"width":500,"height":500,"url":"https:\/\/rutana.lt\/wp-content\/uploads\/2025\/09\/A063-003-1.jpg","type":"image\/jpeg"}],"twitter_card":"summary_large_image","schema":{"@context":"https:\/\/schema.org","@graph":[{"@type":"WebPage","@id":"https:\/\/rutana.lt\/produktas\/biuro-popierius-navigator-office-card-160g-a3-250l\/","url":"https:\/\/rutana.lt\/produktas\/biuro-popierius-navigator-office-card-160g-a3-250l\/","name":"Biuro popierius Navigator Office Card 160g A3 250l. - Rutana - Ra\u0161tin\u0117s reikmenys","isPartOf":{"@id":"https:\/\/rutana.lt\/#website"},"primaryImageOfPage":{"@id":"https:\/\/rutana.lt\/produktas\/biuro-popierius-navigator-office-card-160g-a3-250l\/#primaryimage"},"image":{"@id":"https:\/\/rutana.lt\/produktas\/biuro-popierius-navigator-office-card-160g-a3-250l\/#primaryimage"},"thumbnailUrl":"https:\/\/rutana.lt\/wp-content\/uploads\/2025\/09\/A063-003-1-1.jpg?v=1763622006","datePublished":"2025-09-03T06:51:04+00:00","dateModified":"2025-10-13T13:25:54+00:00","breadcrumb":{"@id":"https:\/\/rutana.lt\/produktas\/biuro-popierius-navigator-office-card-160g-a3-250l\/#breadcrumb"},"inLanguage":"en-US","potentialAction":[{"@type":"ReadAction","target":["https:\/\/rutana.lt\/produktas\/biuro-popierius-navigator-office-card-160g-a3-250l\/"]}]},{"@type":"ImageObject","inLanguage":"en-US","@id":"https:\/\/rutana.lt\/produktas\/biuro-popierius-navigator-office-card-160g-a3-250l\/#primaryimage","url":"https:\/\/rutana.lt\/wp-content\/uploads\/2025\/09\/A063-003-1-1.jpg?v=1763622006","contentUrl":"https:\/\/rutana.lt\/wp-content\/uploads\/2025\/09\/A063-003-1-1.jpg?v=1763622006","width":500,"height":500},{"@type":"BreadcrumbList","@id":"https:\/\/rutana.lt\/produktas\/biuro-popierius-navigator-office-card-160g-a3-250l\/#breadcrumb","itemListElement":[{"@type":"ListItem","position":1,"name":"Home","item":"https:\/\/rutana.lt\/"},{"@type":"ListItem","position":2,"name":"Parduotuv\u0117","item":"https:\/\/rutana.lt\/parduotuve\/"},{"@type":"ListItem","position":3,"name":"Biuro popierius Navigator Office Card 160g A3 250l."}]},{"@type":"WebSite","@id":"https:\/\/rutana.lt\/#website","url":"https:\/\/rutana.lt\/","name":"Rutana - Ra\u0161tin\u0117s reikmenys","description":"Prekiaujame pasaulin\u0117je rinkoje pripa\u017eintomis, kokybi\u0161komis biuro prek\u0117mis toki\u0173  gamintoj\u0173 kaip: Schneider, Esselte, Novus, 3M, Faber-Castell, Citizen, Milan, Leitz, Colop, Zebra, Staedtler, Durable, Tork, Parker, Waterman ir kt.","publisher":{"@id":"https:\/\/rutana.lt\/#organization"},"potentialAction":[{"@type":"SearchAction","target":{"@type":"EntryPoint","urlTemplate":"https:\/\/rutana.lt\/?s={search_term_string}"},"query-input":{"@type":"PropertyValueSpecification","valueRequired":true,"valueName":"search_term_string"}}],"inLanguage":"en-US"},{"@type":"Organization","@id":"https:\/\/rutana.lt\/#organization","name":"Rutana - Ra\u0161tin\u0117s reikmenys","url":"https:\/\/rutana.lt\/","logo":{"@type":"ImageObject","inLanguage":"en-US","@id":"https:\/\/rutana.lt\/#\/schema\/logo\/image\/","url":"https:\/\/rutana.lt\/wp-content\/uploads\/2025\/10\/Asset-32.png","contentUrl":"https:\/\/rutana.lt\/wp-content\/uploads\/2025\/10\/Asset-32.png","width":433,"height":119,"caption":"Rutana - Ra\u0161tin\u0117s reikmenys"},"image":{"@id":"https:\/\/rutana.lt\/#\/schema\/logo\/image\/"},"sameAs":["https:\/\/www.facebook.com\/RutanaKanceliarinesPrekes\/"]}]}},"_links":{"self":[{"href":"https:\/\/rutana.lt\/en\/wp-json\/wp\/v2\/product\/6412","targetHints":{"allow":["GET"]}}],"collection":[{"href":"https:\/\/rutana.lt\/en\/wp-json\/wp\/v2\/product"}],"about":[{"href":"https:\/\/rutana.lt\/en\/wp-json\/wp\/v2\/types\/product"}],"replies":[{"embeddable":true,"href":"https:\/\/rutana.lt\/en\/wp-json\/wp\/v2\/comments?post=6412"}],"version-history":[{"count":1,"href":"https:\/\/rutana.lt\/en\/wp-json\/wp\/v2\/product\/6412\/revisions"}],"predecessor-version":[{"id":6465,"href":"https:\/\/rutana.lt\/en\/wp-json\/wp\/v2\/product\/6412\/revisions\/6465"}],"wp:featuredmedia":[{"embeddable":true,"href":"https:\/\/rutana.lt\/en\/wp-json\/wp\/v2\/media\/25807"}],"wp:attachment":[{"href":"https:\/\/rutana.lt\/en\/wp-json\/wp\/v2\/media?parent=6412"}],"wp:term":[{"taxonomy":"product_brand","embeddable":true,"href":"https:\/\/rutana.lt\/en\/wp-json\/wp\/v2\/product_brand?post=6412"},{"taxonomy":"product_cat","embeddable":true,"href":"https:\/\/rutana.lt\/en\/wp-json\/wp\/v2\/product_cat?post=6412"},{"taxonomy":"product_tag","embeddable":true,"href":"https:\/\/rutana.lt\/en\/wp-json\/wp\/v2\/product_tag?post=6412"}],"curies":[{"name":"wp","href":"https:\/\/api.w.org\/{rel}","templated":true}]}}