{"id":6411,"date":"2025-09-03T08:51:04","date_gmt":"2025-09-03T06:51:04","guid":{"rendered":"https:\/\/rutana.webdemo.lt\/?post_type=product&#038;p=6411"},"modified":"2025-10-13T15:25:53","modified_gmt":"2025-10-13T13:25:53","slug":"universalus-biuro-popierius-double-a-80g-a3-500l","status":"publish","type":"product","link":"https:\/\/rutana.lt\/en\/product\/universalus-biuro-popierius-double-a-80g-a3-500l\/","title":{"rendered":"Universalus biuro popierius DOUBLE A 80g A3 500l."},"content":{"rendered":"<p>Ekologi\u0161kas popierius DOUBLE A ( A klas\u0117 ), pagamintas i\u0161 greitai augan\u010di\u0173 medeli\u0173 \u2013 eukalipt\u0173. Auk\u0161\u010diausios kokyb\u0117s, \u0161ilko \u0161velnumo popierius. Ry\u0161kus ir kontrastingas vaizdas. Kokybi\u0161kos \u017ealiavos ir modernios technologijos suteikia nat\u016bral\u0173 baltum\u0105, blizgum\u0105 ir tiksliai perteikiamos spalvos. D\u0117l i\u0161skirtinio pavir\u0161iaus lygumo l\u0117tina kopijavimo bei spausdinimo aparat\u0173 susid\u0117v\u0117jim\u0105, ma\u017eiau dulka, ma\u017e\u0117ja eksploatacin\u0117s i\u0161laidos. Tinka dvipusiam spausdinimui, kopijavimui.<\/p>\n<p>Formatas: A3 ( 297 x 420 mm )<\/p>\n<p>Gramat\u016bra: 80 g\/m<sup><font size=\"2\">2<\/font><\/sup><\/p>\n<p>Lap\u0173 kiekis pakuot\u0117je: 500<\/p>\n<table width=\"409\" class=\"param\" style=\"width: 409px; height: 109px;\" border=\"0\" cellspacing=\"2\" cellpadding=\"0\">\n<tbody>\n<tr>\n<td width=\"165\" class=\"atr\">\n<p align=\"left\">Tankis ISO 536 , g\/m<sup><font size=\"2\">2<\/font><\/sup>     <\/p>\n<\/td>\n<td>\n<p align=\"center\">\t\t\t80 \t\t\t <\/p>\n<\/td>\n<td>\n<p align=\"center\">\n<\/td>\n<td>\n<p align=\"center\">\n<\/td>\n<td>\n<p align=\"center\">\n<\/td>\n<td>\n<p align=\"center\">\n<\/td>\n<\/tr>\n<tr>\n<td width=\"165\" class=\"atr\">\n<p align=\"left\">\t\t\tStoris ISO 534 \t\t\t <\/p>\n<\/td>\n<td>\n<p align=\"center\">\t\t\t103 &#8211; 110 \t\t\t <\/p>\n<\/td>\n<td>\n<p align=\"center\">\n<\/td>\n<td>\n<p align=\"center\">\n<\/td>\n<td>\n<p align=\"center\">\n<\/td>\n<td>\n<p align=\"center\">\n<\/td>\n<\/tr>\n<tr>\n<td width=\"165\" class=\"atr\">\n<p align=\"left\">\t\t\tNepermatomumas ISO 2471, %  \t\t\t <\/p>\n<\/td>\n<td>\n<p align=\"center\">\t\t\t>94     <\/p>\n<\/td>\n<td>\n<p align=\"center\">\n<\/td>\n<td>\n<p align=\"center\">\n<\/td>\n<td>\n<p align=\"center\">\n<\/td>\n<td>\n<p align=\"center\">\n<\/td>\n<\/tr>\n<tr>\n<td width=\"165\" class=\"atr\">\n<p align=\"left\">\t\t\tBaltumas  CIE ISO 11475 \t\t\t <\/p>\n<\/td>\n<td>\n<p align=\"center\">\t\t\t 160     <\/p>\n<\/td>\n<td>\n<p align=\"center\">\n<\/td>\n<td>\n<p align=\"center\">\n<\/td>\n<td>\n<p align=\"center\">\n<\/td>\n<td>\n<p align=\"center\">\n<\/td>\n<\/tr>\n<tr>\n<td width=\"165\" class=\"atr\">\n<p align=\"left\">\t\t\tLygumas pagal Bendtsen&#8217;\u0105 ISO 8791-2 , ml\/min \t\t\t <\/p>\n<\/td>\n<td>\n<p align=\"center\">\t\t\t100 &#8211; 200   <\/p>\n<\/td>\n<\/tr>\n<\/tbody>\n<\/table>\n<p>ECF sertifikatas <\/p>\n<p>ISO 9706 (archyvavimo laikotarpis >200met\u0173) <\/p>\n<p>ISO 9001:2008 kokyb\u0117s vadyba<\/p>\n<p>ISO 14001:2004 ekologijos vadyba<\/p>\n<\/p>\n<p>D\u0117\u017e\u0117je 5 pak. <\/p>","protected":false},"excerpt":{"rendered":"<p>Ekologi\u0161kas popierius DOUBLE A ( A klas\u0117 ), pagamintas i\u0161 greitai augan\u010di\u0173 medeli\u0173 \u2013 eukalipt\u0173. Auk\u0161\u010diausios kokyb\u0117s, \u0161ilko \u0161velnumo popierius. Ry\u0161kus ir kontrastingas vaizdas. Kokybi\u0161kos \u017ealiavos ir modernios technologijos suteikia nat\u016bral\u0173 baltum\u0105, blizgum\u0105 ir tiksliai perteikiamos spalvos. D\u0117l i\u0161skirtinio pavir\u0161iaus lygumo l\u0117tina kopijavimo bei spausdinimo aparat\u0173 susid\u0117v\u0117jim\u0105, ma\u017eiau dulka, ma\u017e\u0117ja eksploatacin\u0117s i\u0161laidos. Tinka dvipusiam spausdinimui, [&hellip;]<\/p>","protected":false},"featured_media":25806,"comment_status":"open","ping_status":"closed","template":"","meta":{"_season_start":"","_season_end":"","_season_days":"","_season_months":"","_season_auto_visibility":""},"product_brand":[83],"product_cat":[1851],"product_tag":[],"class_list":{"0":"post-6411","1":"product","2":"type-product","3":"status-publish","4":"has-post-thumbnail","6":"product_brand-null","7":"product_cat-a3-formato","9":"first","10":"instock","11":"taxable","12":"shipping-taxable","13":"purchasable","14":"product-type-simple"},"yoast_head":"<!-- This site is optimized with the Yoast SEO plugin v27.4 - https:\/\/yoast.com\/product\/yoast-seo-wordpress\/ -->\n<title>Universalus biuro popierius DOUBLE A 80g A3 500l. - Rutana - Ra\u0161tin\u0117s reikmenys<\/title>\n<meta name=\"robots\" content=\"index, follow, max-snippet:-1, max-image-preview:large, max-video-preview:-1\" \/>\n<link rel=\"canonical\" href=\"https:\/\/rutana.lt\/en\/product\/universalus-biuro-popierius-double-a-80g-a3-500l\/\" \/>\n<meta property=\"og:locale\" content=\"en_US\" \/>\n<meta property=\"og:type\" content=\"article\" \/>\n<meta property=\"og:title\" content=\"Universalus biuro popierius DOUBLE A 80g A3 500l. - Rutana - Ra\u0161tin\u0117s reikmenys\" \/>\n<meta property=\"og:description\" content=\"Ekologi\u0161kas popierius DOUBLE A ( A klas\u0117 ), pagamintas i\u0161 greitai augan\u010di\u0173 medeli\u0173 \u2013 eukalipt\u0173. Auk\u0161\u010diausios kokyb\u0117s, \u0161ilko \u0161velnumo popierius. Ry\u0161kus ir kontrastingas vaizdas. Kokybi\u0161kos \u017ealiavos ir modernios technologijos suteikia nat\u016bral\u0173 baltum\u0105, blizgum\u0105 ir tiksliai perteikiamos spalvos. D\u0117l i\u0161skirtinio pavir\u0161iaus lygumo l\u0117tina kopijavimo bei spausdinimo aparat\u0173 susid\u0117v\u0117jim\u0105, ma\u017eiau dulka, ma\u017e\u0117ja eksploatacin\u0117s i\u0161laidos. Tinka dvipusiam spausdinimui, [&hellip;]\" \/>\n<meta property=\"og:url\" content=\"https:\/\/rutana.lt\/en\/product\/universalus-biuro-popierius-double-a-80g-a3-500l\/\" \/>\n<meta property=\"og:site_name\" content=\"Rutana - Ra\u0161tin\u0117s reikmenys\" \/>\n<meta property=\"article:publisher\" content=\"https:\/\/www.facebook.com\/RutanaKanceliarinesPrekes\/\" \/>\n<meta property=\"article:modified_time\" content=\"2025-10-13T13:25:53+00:00\" \/>\n<meta property=\"og:image\" content=\"https:\/\/rutana.lt\/wp-content\/uploads\/2025\/09\/A063-005N.jpg\" \/>\n\t<meta property=\"og:image:width\" content=\"500\" \/>\n\t<meta property=\"og:image:height\" content=\"594\" \/>\n\t<meta property=\"og:image:type\" content=\"image\/jpeg\" \/>\n<meta name=\"twitter:card\" content=\"summary_large_image\" \/>\n<meta name=\"twitter:label1\" content=\"Est. reading time\" \/>\n\t<meta name=\"twitter:data1\" content=\"1 minute\" \/>\n<script type=\"application\/ld+json\" class=\"yoast-schema-graph\">{\"@context\":\"https:\\\/\\\/schema.org\",\"@graph\":[{\"@type\":\"WebPage\",\"@id\":\"https:\\\/\\\/rutana.lt\\\/produktas\\\/universalus-biuro-popierius-double-a-80g-a3-500l\\\/\",\"url\":\"https:\\\/\\\/rutana.lt\\\/produktas\\\/universalus-biuro-popierius-double-a-80g-a3-500l\\\/\",\"name\":\"Universalus biuro popierius DOUBLE A 80g A3 500l. - Rutana - Ra\u0161tin\u0117s reikmenys\",\"isPartOf\":{\"@id\":\"https:\\\/\\\/rutana.lt\\\/#website\"},\"primaryImageOfPage\":{\"@id\":\"https:\\\/\\\/rutana.lt\\\/produktas\\\/universalus-biuro-popierius-double-a-80g-a3-500l\\\/#primaryimage\"},\"image\":{\"@id\":\"https:\\\/\\\/rutana.lt\\\/produktas\\\/universalus-biuro-popierius-double-a-80g-a3-500l\\\/#primaryimage\"},\"thumbnailUrl\":\"https:\\\/\\\/rutana.lt\\\/wp-content\\\/uploads\\\/2025\\\/09\\\/A063-005N-1.jpg?v=1763622009\",\"datePublished\":\"2025-09-03T06:51:04+00:00\",\"dateModified\":\"2025-10-13T13:25:53+00:00\",\"breadcrumb\":{\"@id\":\"https:\\\/\\\/rutana.lt\\\/produktas\\\/universalus-biuro-popierius-double-a-80g-a3-500l\\\/#breadcrumb\"},\"inLanguage\":\"en-US\",\"potentialAction\":[{\"@type\":\"ReadAction\",\"target\":[\"https:\\\/\\\/rutana.lt\\\/produktas\\\/universalus-biuro-popierius-double-a-80g-a3-500l\\\/\"]}]},{\"@type\":\"ImageObject\",\"inLanguage\":\"en-US\",\"@id\":\"https:\\\/\\\/rutana.lt\\\/produktas\\\/universalus-biuro-popierius-double-a-80g-a3-500l\\\/#primaryimage\",\"url\":\"https:\\\/\\\/rutana.lt\\\/wp-content\\\/uploads\\\/2025\\\/09\\\/A063-005N-1.jpg?v=1763622009\",\"contentUrl\":\"https:\\\/\\\/rutana.lt\\\/wp-content\\\/uploads\\\/2025\\\/09\\\/A063-005N-1.jpg?v=1763622009\",\"width\":500,\"height\":594},{\"@type\":\"BreadcrumbList\",\"@id\":\"https:\\\/\\\/rutana.lt\\\/produktas\\\/universalus-biuro-popierius-double-a-80g-a3-500l\\\/#breadcrumb\",\"itemListElement\":[{\"@type\":\"ListItem\",\"position\":1,\"name\":\"Home\",\"item\":\"https:\\\/\\\/rutana.lt\\\/\"},{\"@type\":\"ListItem\",\"position\":2,\"name\":\"Parduotuv\u0117\",\"item\":\"https:\\\/\\\/rutana.lt\\\/parduotuve\\\/\"},{\"@type\":\"ListItem\",\"position\":3,\"name\":\"Universalus biuro popierius DOUBLE A 80g A3 500l.\"}]},{\"@type\":\"WebSite\",\"@id\":\"https:\\\/\\\/rutana.lt\\\/#website\",\"url\":\"https:\\\/\\\/rutana.lt\\\/\",\"name\":\"Rutana - Ra\u0161tin\u0117s reikmenys\",\"description\":\"Prekiaujame pasaulin\u0117je rinkoje pripa\u017eintomis, kokybi\u0161komis biuro prek\u0117mis toki\u0173  gamintoj\u0173 kaip: Schneider, Esselte, Novus, 3M, Faber-Castell, Citizen, Milan, Leitz, Colop, Zebra, Staedtler, Durable, Tork, Parker, Waterman ir kt.\",\"publisher\":{\"@id\":\"https:\\\/\\\/rutana.lt\\\/#organization\"},\"potentialAction\":[{\"@type\":\"SearchAction\",\"target\":{\"@type\":\"EntryPoint\",\"urlTemplate\":\"https:\\\/\\\/rutana.lt\\\/?s={search_term_string}\"},\"query-input\":{\"@type\":\"PropertyValueSpecification\",\"valueRequired\":true,\"valueName\":\"search_term_string\"}}],\"inLanguage\":\"en-US\"},{\"@type\":\"Organization\",\"@id\":\"https:\\\/\\\/rutana.lt\\\/#organization\",\"name\":\"Rutana - Ra\u0161tin\u0117s reikmenys\",\"url\":\"https:\\\/\\\/rutana.lt\\\/\",\"logo\":{\"@type\":\"ImageObject\",\"inLanguage\":\"en-US\",\"@id\":\"https:\\\/\\\/rutana.lt\\\/#\\\/schema\\\/logo\\\/image\\\/\",\"url\":\"https:\\\/\\\/rutana.lt\\\/wp-content\\\/uploads\\\/2025\\\/10\\\/Asset-32.png\",\"contentUrl\":\"https:\\\/\\\/rutana.lt\\\/wp-content\\\/uploads\\\/2025\\\/10\\\/Asset-32.png\",\"width\":433,\"height\":119,\"caption\":\"Rutana - Ra\u0161tin\u0117s reikmenys\"},\"image\":{\"@id\":\"https:\\\/\\\/rutana.lt\\\/#\\\/schema\\\/logo\\\/image\\\/\"},\"sameAs\":[\"https:\\\/\\\/www.facebook.com\\\/RutanaKanceliarinesPrekes\\\/\"]}]}<\/script>\n<!-- \/ Yoast SEO plugin. -->","yoast_head_json":{"title":"Universalus biuro popierius DOUBLE A 80g A3 500l. - Rutana - Ra\u0161tin\u0117s reikmenys","robots":{"index":"index","follow":"follow","max-snippet":"max-snippet:-1","max-image-preview":"max-image-preview:large","max-video-preview":"max-video-preview:-1"},"canonical":"https:\/\/rutana.lt\/en\/product\/universalus-biuro-popierius-double-a-80g-a3-500l\/","og_locale":"en_US","og_type":"article","og_title":"Universalus biuro popierius DOUBLE A 80g A3 500l. - Rutana - Ra\u0161tin\u0117s reikmenys","og_description":"Ekologi\u0161kas popierius DOUBLE A ( A klas\u0117 ), pagamintas i\u0161 greitai augan\u010di\u0173 medeli\u0173 \u2013 eukalipt\u0173. Auk\u0161\u010diausios kokyb\u0117s, \u0161ilko \u0161velnumo popierius. Ry\u0161kus ir kontrastingas vaizdas. Kokybi\u0161kos \u017ealiavos ir modernios technologijos suteikia nat\u016bral\u0173 baltum\u0105, blizgum\u0105 ir tiksliai perteikiamos spalvos. D\u0117l i\u0161skirtinio pavir\u0161iaus lygumo l\u0117tina kopijavimo bei spausdinimo aparat\u0173 susid\u0117v\u0117jim\u0105, ma\u017eiau dulka, ma\u017e\u0117ja eksploatacin\u0117s i\u0161laidos. Tinka dvipusiam spausdinimui, [&hellip;]","og_url":"https:\/\/rutana.lt\/en\/product\/universalus-biuro-popierius-double-a-80g-a3-500l\/","og_site_name":"Rutana - Ra\u0161tin\u0117s reikmenys","article_publisher":"https:\/\/www.facebook.com\/RutanaKanceliarinesPrekes\/","article_modified_time":"2025-10-13T13:25:53+00:00","og_image":[{"width":500,"height":594,"url":"https:\/\/rutana.lt\/wp-content\/uploads\/2025\/09\/A063-005N.jpg","type":"image\/jpeg"}],"twitter_card":"summary_large_image","twitter_misc":{"Est. reading time":"1 minute"},"schema":{"@context":"https:\/\/schema.org","@graph":[{"@type":"WebPage","@id":"https:\/\/rutana.lt\/produktas\/universalus-biuro-popierius-double-a-80g-a3-500l\/","url":"https:\/\/rutana.lt\/produktas\/universalus-biuro-popierius-double-a-80g-a3-500l\/","name":"Universalus biuro popierius DOUBLE A 80g A3 500l. - Rutana - Ra\u0161tin\u0117s reikmenys","isPartOf":{"@id":"https:\/\/rutana.lt\/#website"},"primaryImageOfPage":{"@id":"https:\/\/rutana.lt\/produktas\/universalus-biuro-popierius-double-a-80g-a3-500l\/#primaryimage"},"image":{"@id":"https:\/\/rutana.lt\/produktas\/universalus-biuro-popierius-double-a-80g-a3-500l\/#primaryimage"},"thumbnailUrl":"https:\/\/rutana.lt\/wp-content\/uploads\/2025\/09\/A063-005N-1.jpg?v=1763622009","datePublished":"2025-09-03T06:51:04+00:00","dateModified":"2025-10-13T13:25:53+00:00","breadcrumb":{"@id":"https:\/\/rutana.lt\/produktas\/universalus-biuro-popierius-double-a-80g-a3-500l\/#breadcrumb"},"inLanguage":"en-US","potentialAction":[{"@type":"ReadAction","target":["https:\/\/rutana.lt\/produktas\/universalus-biuro-popierius-double-a-80g-a3-500l\/"]}]},{"@type":"ImageObject","inLanguage":"en-US","@id":"https:\/\/rutana.lt\/produktas\/universalus-biuro-popierius-double-a-80g-a3-500l\/#primaryimage","url":"https:\/\/rutana.lt\/wp-content\/uploads\/2025\/09\/A063-005N-1.jpg?v=1763622009","contentUrl":"https:\/\/rutana.lt\/wp-content\/uploads\/2025\/09\/A063-005N-1.jpg?v=1763622009","width":500,"height":594},{"@type":"BreadcrumbList","@id":"https:\/\/rutana.lt\/produktas\/universalus-biuro-popierius-double-a-80g-a3-500l\/#breadcrumb","itemListElement":[{"@type":"ListItem","position":1,"name":"Home","item":"https:\/\/rutana.lt\/"},{"@type":"ListItem","position":2,"name":"Parduotuv\u0117","item":"https:\/\/rutana.lt\/parduotuve\/"},{"@type":"ListItem","position":3,"name":"Universalus biuro popierius DOUBLE A 80g A3 500l."}]},{"@type":"WebSite","@id":"https:\/\/rutana.lt\/#website","url":"https:\/\/rutana.lt\/","name":"Rutana - Ra\u0161tin\u0117s reikmenys","description":"Prekiaujame pasaulin\u0117je rinkoje pripa\u017eintomis, kokybi\u0161komis biuro prek\u0117mis toki\u0173  gamintoj\u0173 kaip: Schneider, Esselte, Novus, 3M, Faber-Castell, Citizen, Milan, Leitz, Colop, Zebra, Staedtler, Durable, Tork, Parker, Waterman ir kt.","publisher":{"@id":"https:\/\/rutana.lt\/#organization"},"potentialAction":[{"@type":"SearchAction","target":{"@type":"EntryPoint","urlTemplate":"https:\/\/rutana.lt\/?s={search_term_string}"},"query-input":{"@type":"PropertyValueSpecification","valueRequired":true,"valueName":"search_term_string"}}],"inLanguage":"en-US"},{"@type":"Organization","@id":"https:\/\/rutana.lt\/#organization","name":"Rutana - Ra\u0161tin\u0117s reikmenys","url":"https:\/\/rutana.lt\/","logo":{"@type":"ImageObject","inLanguage":"en-US","@id":"https:\/\/rutana.lt\/#\/schema\/logo\/image\/","url":"https:\/\/rutana.lt\/wp-content\/uploads\/2025\/10\/Asset-32.png","contentUrl":"https:\/\/rutana.lt\/wp-content\/uploads\/2025\/10\/Asset-32.png","width":433,"height":119,"caption":"Rutana - Ra\u0161tin\u0117s reikmenys"},"image":{"@id":"https:\/\/rutana.lt\/#\/schema\/logo\/image\/"},"sameAs":["https:\/\/www.facebook.com\/RutanaKanceliarinesPrekes\/"]}]}},"_links":{"self":[{"href":"https:\/\/rutana.lt\/en\/wp-json\/wp\/v2\/product\/6411","targetHints":{"allow":["GET"]}}],"collection":[{"href":"https:\/\/rutana.lt\/en\/wp-json\/wp\/v2\/product"}],"about":[{"href":"https:\/\/rutana.lt\/en\/wp-json\/wp\/v2\/types\/product"}],"replies":[{"embeddable":true,"href":"https:\/\/rutana.lt\/en\/wp-json\/wp\/v2\/comments?post=6411"}],"version-history":[{"count":1,"href":"https:\/\/rutana.lt\/en\/wp-json\/wp\/v2\/product\/6411\/revisions"}],"predecessor-version":[{"id":6463,"href":"https:\/\/rutana.lt\/en\/wp-json\/wp\/v2\/product\/6411\/revisions\/6463"}],"wp:featuredmedia":[{"embeddable":true,"href":"https:\/\/rutana.lt\/en\/wp-json\/wp\/v2\/media\/25806"}],"wp:attachment":[{"href":"https:\/\/rutana.lt\/en\/wp-json\/wp\/v2\/media?parent=6411"}],"wp:term":[{"taxonomy":"product_brand","embeddable":true,"href":"https:\/\/rutana.lt\/en\/wp-json\/wp\/v2\/product_brand?post=6411"},{"taxonomy":"product_cat","embeddable":true,"href":"https:\/\/rutana.lt\/en\/wp-json\/wp\/v2\/product_cat?post=6411"},{"taxonomy":"product_tag","embeddable":true,"href":"https:\/\/rutana.lt\/en\/wp-json\/wp\/v2\/product_tag?post=6411"}],"curies":[{"name":"wp","href":"https:\/\/api.w.org\/{rel}","templated":true}]}}