{"id":6410,"date":"2025-09-03T08:51:04","date_gmt":"2025-09-03T06:51:04","guid":{"rendered":"https:\/\/rutana.webdemo.lt\/?post_type=product&#038;p=6410"},"modified":"2025-10-13T15:25:53","modified_gmt":"2025-10-13T13:25:53","slug":"universalus-biuro-popierius-data-copy-80g-a3-500l","status":"publish","type":"product","link":"https:\/\/rutana.lt\/en\/product\/universalus-biuro-popierius-data-copy-80g-a3-500l\/","title":{"rendered":"Universalus biuro popierius DATA COPY 80g A3 500l."},"content":{"rendered":"<p>Gaukite geriausius spalvotus spaudinius su Data Copy ( A klas\u0117 ) &#8211; auk\u0161\u010diausios kokyb\u0117s daugiafunkciu nekreidiniu spausdinimo ir kopijavimo popieriumi. J\u016bs\u0173 nuotraukos ir grafika \u0161okte i\u0161\u0161oks i\u0161 puslapio, apstulbindama sodriomis spalvomis, juodos spalvos ry\u0161kumu ir pritrenkian\u010diu spalv\u0173 kontrastu. Puiki grafikos ir vaizd\u0173 spalv\u0173 apr\u0117ptis. Nuostabiai baltas ir glotnus \u2013 ypa\u010d gra\u017eiai atrodantis ir malonus paliesti. <\/p>\n<p>Formatas: A3 ( 297 x 420 mm )<\/p>\n<p>Gramat\u016bra: 80 g\/m<sup><font size=\"2\">2<\/font><\/sup><\/p>\n<p>Lap\u0173 kiekis pakuot\u0117je: 500<\/p>\n<table width=\"409\" class=\"param\" style=\"width: 409px; height: 109px;\" border=\"0\" cellspacing=\"2\" cellpadding=\"0\">\n<tbody>\n<tr>\n<td width=\"165\" class=\"atr\">\n<p align=\"left\">Tankis ISO 536 , g\/m<sup><font size=\"2\">2<\/font><\/sup>     <\/p>\n<\/td>\n<td>\n<p align=\"center\">\t\t\t80 \t\t\t <\/p>\n<\/td>\n<td>\n<p align=\"center\">\n<\/td>\n<td>\n<p align=\"center\">\n<\/td>\n<td>\n<p align=\"center\">\n<\/td>\n<td>\n<p align=\"center\">\n<\/td>\n<\/tr>\n<tr>\n<td width=\"165\" class=\"atr\">\n<p align=\"left\">\t\t\tStoris ISO 534 \t\t\t <\/p>\n<\/td>\n<td>\n<p align=\"center\">\t\t\t105    <\/p>\n<\/td>\n<td>\n<p align=\"center\">\n<\/td>\n<td>\n<p align=\"center\">\n<\/td>\n<td>\n<p align=\"center\">\n<\/td>\n<td>\n<p align=\"center\">\n<\/td>\n<\/tr>\n<tr>\n<td width=\"165\" class=\"atr\">\n<p align=\"left\">\t\t\tNepermatomumas ISO 2471, %  \t\t\t <\/p>\n<\/td>\n<td>\n<p align=\"center\">\t\t\t95 \t\t\t <\/p>\n<\/td>\n<td>\n<p align=\"center\">\n<\/td>\n<td>\n<p align=\"center\">\n<\/td>\n<td>\n<p align=\"center\">\n<\/td>\n<td>\n<p align=\"center\">\n<\/td>\n<\/tr>\n<tr>\n<td width=\"165\" class=\"atr\">\n<p align=\"left\">\t\t\tBaltumas  CIE ISO 11475 \t\t\t <\/p>\n<\/td>\n<td>\n<p align=\"center\">\t\t\t 170     <\/p>\n<\/td>\n<td>\n<p align=\"center\">\n<\/td>\n<td>\n<p align=\"center\">\n<\/td>\n<td>\n<p align=\"center\">\n<\/td>\n<td>\n<p align=\"center\">\n<\/td>\n<\/tr>\n<tr>\n<td width=\"165\" class=\"atr\">\n<p align=\"left\">\t\t\tLygumas pagal Bendtsen&#8217;\u0105 ISO 8791-2 , ml\/min \t\t\t <\/p>\n<\/td>\n<td>\n<p align=\"center\">\t\t\t150   <\/p>\n<\/td>\n<\/tr>\n<\/tbody>\n<\/table>\n<p>FSC, ECF sertifikatai <\/p>\n<p>ISO 9706 (archyvavimo laikotarpis >200met\u0173) <\/p>\n<p>ISO 9001:2008 kokyb\u0117s vadyba<\/p>\n<p>ISO 14001:2004 ekologijos vadyba<\/p>\n<\/p>\n<p><\/p>","protected":false},"excerpt":{"rendered":"<p>Gaukite geriausius spalvotus spaudinius su Data Copy ( A klas\u0117 ) &#8211; auk\u0161\u010diausios kokyb\u0117s daugiafunkciu nekreidiniu spausdinimo ir kopijavimo popieriumi. J\u016bs\u0173 nuotraukos ir grafika \u0161okte i\u0161\u0161oks i\u0161 puslapio, apstulbindama sodriomis spalvomis, juodos spalvos ry\u0161kumu ir pritrenkian\u010diu spalv\u0173 kontrastu. Puiki grafikos ir vaizd\u0173 spalv\u0173 apr\u0117ptis. Nuostabiai baltas ir glotnus \u2013 ypa\u010d gra\u017eiai atrodantis ir malonus paliesti. [&hellip;]<\/p>","protected":false},"featured_media":25805,"comment_status":"open","ping_status":"closed","template":"","meta":{"_season_start":"","_season_end":"","_season_days":"","_season_months":"","_season_auto_visibility":""},"product_brand":[83],"product_cat":[1851],"product_tag":[],"class_list":{"0":"post-6410","1":"product","2":"type-product","3":"status-publish","4":"has-post-thumbnail","6":"product_brand-null","7":"product_cat-a3-formato","9":"first","10":"instock","11":"taxable","12":"shipping-taxable","13":"purchasable","14":"product-type-simple"},"yoast_head":"<!-- This site is optimized with the Yoast SEO plugin v27.4 - https:\/\/yoast.com\/product\/yoast-seo-wordpress\/ -->\n<title>Universalus biuro popierius DATA COPY 80g A3 500l. - Rutana - Ra\u0161tin\u0117s reikmenys<\/title>\n<meta name=\"robots\" content=\"index, follow, max-snippet:-1, max-image-preview:large, max-video-preview:-1\" \/>\n<link rel=\"canonical\" href=\"https:\/\/rutana.lt\/en\/product\/universalus-biuro-popierius-data-copy-80g-a3-500l\/\" \/>\n<meta property=\"og:locale\" content=\"en_US\" \/>\n<meta property=\"og:type\" content=\"article\" \/>\n<meta property=\"og:title\" content=\"Universalus biuro popierius DATA COPY 80g A3 500l. - Rutana - Ra\u0161tin\u0117s reikmenys\" \/>\n<meta property=\"og:description\" content=\"Gaukite geriausius spalvotus spaudinius su Data Copy ( A klas\u0117 ) &#8211; auk\u0161\u010diausios kokyb\u0117s daugiafunkciu nekreidiniu spausdinimo ir kopijavimo popieriumi. J\u016bs\u0173 nuotraukos ir grafika \u0161okte i\u0161\u0161oks i\u0161 puslapio, apstulbindama sodriomis spalvomis, juodos spalvos ry\u0161kumu ir pritrenkian\u010diu spalv\u0173 kontrastu. Puiki grafikos ir vaizd\u0173 spalv\u0173 apr\u0117ptis. Nuostabiai baltas ir glotnus \u2013 ypa\u010d gra\u017eiai atrodantis ir malonus paliesti. [&hellip;]\" \/>\n<meta property=\"og:url\" content=\"https:\/\/rutana.lt\/en\/product\/universalus-biuro-popierius-data-copy-80g-a3-500l\/\" \/>\n<meta property=\"og:site_name\" content=\"Rutana - Ra\u0161tin\u0117s reikmenys\" \/>\n<meta property=\"article:publisher\" content=\"https:\/\/www.facebook.com\/RutanaKanceliarinesPrekes\/\" \/>\n<meta property=\"article:modified_time\" content=\"2025-10-13T13:25:53+00:00\" \/>\n<meta property=\"og:image\" content=\"https:\/\/rutana.lt\/wp-content\/uploads\/2025\/09\/A063-701.jpg\" \/>\n\t<meta property=\"og:image:width\" content=\"500\" \/>\n\t<meta property=\"og:image:height\" content=\"500\" \/>\n\t<meta property=\"og:image:type\" content=\"image\/jpeg\" \/>\n<meta name=\"twitter:card\" content=\"summary_large_image\" \/>\n<meta name=\"twitter:label1\" content=\"Est. reading time\" \/>\n\t<meta name=\"twitter:data1\" content=\"1 minute\" \/>\n<script type=\"application\/ld+json\" class=\"yoast-schema-graph\">{\"@context\":\"https:\\\/\\\/schema.org\",\"@graph\":[{\"@type\":\"WebPage\",\"@id\":\"https:\\\/\\\/rutana.lt\\\/produktas\\\/universalus-biuro-popierius-data-copy-80g-a3-500l\\\/\",\"url\":\"https:\\\/\\\/rutana.lt\\\/produktas\\\/universalus-biuro-popierius-data-copy-80g-a3-500l\\\/\",\"name\":\"Universalus biuro popierius DATA COPY 80g A3 500l. - Rutana - Ra\u0161tin\u0117s reikmenys\",\"isPartOf\":{\"@id\":\"https:\\\/\\\/rutana.lt\\\/#website\"},\"primaryImageOfPage\":{\"@id\":\"https:\\\/\\\/rutana.lt\\\/produktas\\\/universalus-biuro-popierius-data-copy-80g-a3-500l\\\/#primaryimage\"},\"image\":{\"@id\":\"https:\\\/\\\/rutana.lt\\\/produktas\\\/universalus-biuro-popierius-data-copy-80g-a3-500l\\\/#primaryimage\"},\"thumbnailUrl\":\"https:\\\/\\\/rutana.lt\\\/wp-content\\\/uploads\\\/2025\\\/09\\\/A063-701-1.jpg?v=1763622012\",\"datePublished\":\"2025-09-03T06:51:04+00:00\",\"dateModified\":\"2025-10-13T13:25:53+00:00\",\"breadcrumb\":{\"@id\":\"https:\\\/\\\/rutana.lt\\\/produktas\\\/universalus-biuro-popierius-data-copy-80g-a3-500l\\\/#breadcrumb\"},\"inLanguage\":\"en-US\",\"potentialAction\":[{\"@type\":\"ReadAction\",\"target\":[\"https:\\\/\\\/rutana.lt\\\/produktas\\\/universalus-biuro-popierius-data-copy-80g-a3-500l\\\/\"]}]},{\"@type\":\"ImageObject\",\"inLanguage\":\"en-US\",\"@id\":\"https:\\\/\\\/rutana.lt\\\/produktas\\\/universalus-biuro-popierius-data-copy-80g-a3-500l\\\/#primaryimage\",\"url\":\"https:\\\/\\\/rutana.lt\\\/wp-content\\\/uploads\\\/2025\\\/09\\\/A063-701-1.jpg?v=1763622012\",\"contentUrl\":\"https:\\\/\\\/rutana.lt\\\/wp-content\\\/uploads\\\/2025\\\/09\\\/A063-701-1.jpg?v=1763622012\",\"width\":500,\"height\":500},{\"@type\":\"BreadcrumbList\",\"@id\":\"https:\\\/\\\/rutana.lt\\\/produktas\\\/universalus-biuro-popierius-data-copy-80g-a3-500l\\\/#breadcrumb\",\"itemListElement\":[{\"@type\":\"ListItem\",\"position\":1,\"name\":\"Home\",\"item\":\"https:\\\/\\\/rutana.lt\\\/\"},{\"@type\":\"ListItem\",\"position\":2,\"name\":\"Parduotuv\u0117\",\"item\":\"https:\\\/\\\/rutana.lt\\\/parduotuve\\\/\"},{\"@type\":\"ListItem\",\"position\":3,\"name\":\"Universalus biuro popierius DATA COPY 80g A3 500l.\"}]},{\"@type\":\"WebSite\",\"@id\":\"https:\\\/\\\/rutana.lt\\\/#website\",\"url\":\"https:\\\/\\\/rutana.lt\\\/\",\"name\":\"Rutana - Ra\u0161tin\u0117s reikmenys\",\"description\":\"Prekiaujame pasaulin\u0117je rinkoje pripa\u017eintomis, kokybi\u0161komis biuro prek\u0117mis toki\u0173  gamintoj\u0173 kaip: Schneider, Esselte, Novus, 3M, Faber-Castell, Citizen, Milan, Leitz, Colop, Zebra, Staedtler, Durable, Tork, Parker, Waterman ir kt.\",\"publisher\":{\"@id\":\"https:\\\/\\\/rutana.lt\\\/#organization\"},\"potentialAction\":[{\"@type\":\"SearchAction\",\"target\":{\"@type\":\"EntryPoint\",\"urlTemplate\":\"https:\\\/\\\/rutana.lt\\\/?s={search_term_string}\"},\"query-input\":{\"@type\":\"PropertyValueSpecification\",\"valueRequired\":true,\"valueName\":\"search_term_string\"}}],\"inLanguage\":\"en-US\"},{\"@type\":\"Organization\",\"@id\":\"https:\\\/\\\/rutana.lt\\\/#organization\",\"name\":\"Rutana - Ra\u0161tin\u0117s reikmenys\",\"url\":\"https:\\\/\\\/rutana.lt\\\/\",\"logo\":{\"@type\":\"ImageObject\",\"inLanguage\":\"en-US\",\"@id\":\"https:\\\/\\\/rutana.lt\\\/#\\\/schema\\\/logo\\\/image\\\/\",\"url\":\"https:\\\/\\\/rutana.lt\\\/wp-content\\\/uploads\\\/2025\\\/10\\\/Asset-32.png\",\"contentUrl\":\"https:\\\/\\\/rutana.lt\\\/wp-content\\\/uploads\\\/2025\\\/10\\\/Asset-32.png\",\"width\":433,\"height\":119,\"caption\":\"Rutana - Ra\u0161tin\u0117s reikmenys\"},\"image\":{\"@id\":\"https:\\\/\\\/rutana.lt\\\/#\\\/schema\\\/logo\\\/image\\\/\"},\"sameAs\":[\"https:\\\/\\\/www.facebook.com\\\/RutanaKanceliarinesPrekes\\\/\"]}]}<\/script>\n<!-- \/ Yoast SEO plugin. -->","yoast_head_json":{"title":"Universalus biuro popierius DATA COPY 80g A3 500l. - Rutana - Ra\u0161tin\u0117s reikmenys","robots":{"index":"index","follow":"follow","max-snippet":"max-snippet:-1","max-image-preview":"max-image-preview:large","max-video-preview":"max-video-preview:-1"},"canonical":"https:\/\/rutana.lt\/en\/product\/universalus-biuro-popierius-data-copy-80g-a3-500l\/","og_locale":"en_US","og_type":"article","og_title":"Universalus biuro popierius DATA COPY 80g A3 500l. - Rutana - Ra\u0161tin\u0117s reikmenys","og_description":"Gaukite geriausius spalvotus spaudinius su Data Copy ( A klas\u0117 ) &#8211; auk\u0161\u010diausios kokyb\u0117s daugiafunkciu nekreidiniu spausdinimo ir kopijavimo popieriumi. J\u016bs\u0173 nuotraukos ir grafika \u0161okte i\u0161\u0161oks i\u0161 puslapio, apstulbindama sodriomis spalvomis, juodos spalvos ry\u0161kumu ir pritrenkian\u010diu spalv\u0173 kontrastu. Puiki grafikos ir vaizd\u0173 spalv\u0173 apr\u0117ptis. Nuostabiai baltas ir glotnus \u2013 ypa\u010d gra\u017eiai atrodantis ir malonus paliesti. [&hellip;]","og_url":"https:\/\/rutana.lt\/en\/product\/universalus-biuro-popierius-data-copy-80g-a3-500l\/","og_site_name":"Rutana - Ra\u0161tin\u0117s reikmenys","article_publisher":"https:\/\/www.facebook.com\/RutanaKanceliarinesPrekes\/","article_modified_time":"2025-10-13T13:25:53+00:00","og_image":[{"width":500,"height":500,"url":"https:\/\/rutana.lt\/wp-content\/uploads\/2025\/09\/A063-701.jpg","type":"image\/jpeg"}],"twitter_card":"summary_large_image","twitter_misc":{"Est. reading time":"1 minute"},"schema":{"@context":"https:\/\/schema.org","@graph":[{"@type":"WebPage","@id":"https:\/\/rutana.lt\/produktas\/universalus-biuro-popierius-data-copy-80g-a3-500l\/","url":"https:\/\/rutana.lt\/produktas\/universalus-biuro-popierius-data-copy-80g-a3-500l\/","name":"Universalus biuro popierius DATA COPY 80g A3 500l. - Rutana - Ra\u0161tin\u0117s reikmenys","isPartOf":{"@id":"https:\/\/rutana.lt\/#website"},"primaryImageOfPage":{"@id":"https:\/\/rutana.lt\/produktas\/universalus-biuro-popierius-data-copy-80g-a3-500l\/#primaryimage"},"image":{"@id":"https:\/\/rutana.lt\/produktas\/universalus-biuro-popierius-data-copy-80g-a3-500l\/#primaryimage"},"thumbnailUrl":"https:\/\/rutana.lt\/wp-content\/uploads\/2025\/09\/A063-701-1.jpg?v=1763622012","datePublished":"2025-09-03T06:51:04+00:00","dateModified":"2025-10-13T13:25:53+00:00","breadcrumb":{"@id":"https:\/\/rutana.lt\/produktas\/universalus-biuro-popierius-data-copy-80g-a3-500l\/#breadcrumb"},"inLanguage":"en-US","potentialAction":[{"@type":"ReadAction","target":["https:\/\/rutana.lt\/produktas\/universalus-biuro-popierius-data-copy-80g-a3-500l\/"]}]},{"@type":"ImageObject","inLanguage":"en-US","@id":"https:\/\/rutana.lt\/produktas\/universalus-biuro-popierius-data-copy-80g-a3-500l\/#primaryimage","url":"https:\/\/rutana.lt\/wp-content\/uploads\/2025\/09\/A063-701-1.jpg?v=1763622012","contentUrl":"https:\/\/rutana.lt\/wp-content\/uploads\/2025\/09\/A063-701-1.jpg?v=1763622012","width":500,"height":500},{"@type":"BreadcrumbList","@id":"https:\/\/rutana.lt\/produktas\/universalus-biuro-popierius-data-copy-80g-a3-500l\/#breadcrumb","itemListElement":[{"@type":"ListItem","position":1,"name":"Home","item":"https:\/\/rutana.lt\/"},{"@type":"ListItem","position":2,"name":"Parduotuv\u0117","item":"https:\/\/rutana.lt\/parduotuve\/"},{"@type":"ListItem","position":3,"name":"Universalus biuro popierius DATA COPY 80g A3 500l."}]},{"@type":"WebSite","@id":"https:\/\/rutana.lt\/#website","url":"https:\/\/rutana.lt\/","name":"Rutana - Ra\u0161tin\u0117s reikmenys","description":"Prekiaujame pasaulin\u0117je rinkoje pripa\u017eintomis, kokybi\u0161komis biuro prek\u0117mis toki\u0173  gamintoj\u0173 kaip: Schneider, Esselte, Novus, 3M, Faber-Castell, Citizen, Milan, Leitz, Colop, Zebra, Staedtler, Durable, Tork, Parker, Waterman ir kt.","publisher":{"@id":"https:\/\/rutana.lt\/#organization"},"potentialAction":[{"@type":"SearchAction","target":{"@type":"EntryPoint","urlTemplate":"https:\/\/rutana.lt\/?s={search_term_string}"},"query-input":{"@type":"PropertyValueSpecification","valueRequired":true,"valueName":"search_term_string"}}],"inLanguage":"en-US"},{"@type":"Organization","@id":"https:\/\/rutana.lt\/#organization","name":"Rutana - Ra\u0161tin\u0117s reikmenys","url":"https:\/\/rutana.lt\/","logo":{"@type":"ImageObject","inLanguage":"en-US","@id":"https:\/\/rutana.lt\/#\/schema\/logo\/image\/","url":"https:\/\/rutana.lt\/wp-content\/uploads\/2025\/10\/Asset-32.png","contentUrl":"https:\/\/rutana.lt\/wp-content\/uploads\/2025\/10\/Asset-32.png","width":433,"height":119,"caption":"Rutana - Ra\u0161tin\u0117s reikmenys"},"image":{"@id":"https:\/\/rutana.lt\/#\/schema\/logo\/image\/"},"sameAs":["https:\/\/www.facebook.com\/RutanaKanceliarinesPrekes\/"]}]}},"_links":{"self":[{"href":"https:\/\/rutana.lt\/en\/wp-json\/wp\/v2\/product\/6410","targetHints":{"allow":["GET"]}}],"collection":[{"href":"https:\/\/rutana.lt\/en\/wp-json\/wp\/v2\/product"}],"about":[{"href":"https:\/\/rutana.lt\/en\/wp-json\/wp\/v2\/types\/product"}],"replies":[{"embeddable":true,"href":"https:\/\/rutana.lt\/en\/wp-json\/wp\/v2\/comments?post=6410"}],"version-history":[{"count":1,"href":"https:\/\/rutana.lt\/en\/wp-json\/wp\/v2\/product\/6410\/revisions"}],"predecessor-version":[{"id":6461,"href":"https:\/\/rutana.lt\/en\/wp-json\/wp\/v2\/product\/6410\/revisions\/6461"}],"wp:featuredmedia":[{"embeddable":true,"href":"https:\/\/rutana.lt\/en\/wp-json\/wp\/v2\/media\/25805"}],"wp:attachment":[{"href":"https:\/\/rutana.lt\/en\/wp-json\/wp\/v2\/media?parent=6410"}],"wp:term":[{"taxonomy":"product_brand","embeddable":true,"href":"https:\/\/rutana.lt\/en\/wp-json\/wp\/v2\/product_brand?post=6410"},{"taxonomy":"product_cat","embeddable":true,"href":"https:\/\/rutana.lt\/en\/wp-json\/wp\/v2\/product_cat?post=6410"},{"taxonomy":"product_tag","embeddable":true,"href":"https:\/\/rutana.lt\/en\/wp-json\/wp\/v2\/product_tag?post=6410"}],"curies":[{"name":"wp","href":"https:\/\/api.w.org\/{rel}","templated":true}]}}