{"id":6395,"date":"2025-09-03T08:51:03","date_gmt":"2025-09-03T06:51:03","guid":{"rendered":"https:\/\/rutana.webdemo.lt\/?post_type=product&#038;p=6395"},"modified":"2025-10-13T15:25:48","modified_gmt":"2025-10-13T13:25:48","slug":"stovas-dokumentams-a4-3-daliu-juodas-forpus-30568","status":"publish","type":"product","link":"https:\/\/rutana.lt\/en\/product\/stovas-dokumentams-a4-3-daliu-juodas-forpus-30568\/","title":{"rendered":"Stovas dokumentams A4 3 dali\u0173 juodas Forpus 30568"},"content":{"rendered":"<p>Eleganti\u0161kas stovas i\u0161 3 dali\u0173, pagamintas i\u0161 perforuoto metalo. Skirtas dokument\u0173 laikymui.<\/p>\n<p>Stovo formatas: A4<\/p>\n<p>Stovo spalva: juoda<\/p>\n<p><\/p>\n<p><\/p>","protected":false},"excerpt":{"rendered":"<p>Eleganti\u0161kas stovas i\u0161 3 dali\u0173, pagamintas i\u0161 perforuoto metalo. Skirtas dokument\u0173 laikymui. Stovo formatas: A4 Stovo spalva: juoda<\/p>","protected":false},"featured_media":25790,"comment_status":"open","ping_status":"closed","template":"","meta":{"_season_start":"","_season_end":"","_season_days":"","_season_months":"","_season_auto_visibility":""},"product_brand":[74],"product_cat":[1570],"product_tag":[],"class_list":{"0":"post-6395","1":"product","2":"type-product","3":"status-publish","4":"has-post-thumbnail","6":"product_brand-forpus","7":"product_cat-dokumentu-stovai","9":"first","10":"instock","11":"taxable","12":"shipping-taxable","13":"purchasable","14":"product-type-simple"},"yoast_head":"<!-- This site is optimized with the Yoast SEO plugin v27.4 - https:\/\/yoast.com\/product\/yoast-seo-wordpress\/ -->\n<title>Stovas dokumentams A4 3 dali\u0173 juodas Forpus 30568 - Rutana - Ra\u0161tin\u0117s reikmenys<\/title>\n<meta name=\"robots\" content=\"index, follow, max-snippet:-1, max-image-preview:large, max-video-preview:-1\" \/>\n<link rel=\"canonical\" href=\"https:\/\/rutana.lt\/en\/product\/stovas-dokumentams-a4-3-daliu-juodas-forpus-30568\/\" \/>\n<meta property=\"og:locale\" content=\"en_US\" \/>\n<meta property=\"og:type\" content=\"article\" \/>\n<meta property=\"og:title\" content=\"Stovas dokumentams A4 3 dali\u0173 juodas Forpus 30568 - Rutana - Ra\u0161tin\u0117s reikmenys\" \/>\n<meta property=\"og:description\" content=\"Eleganti\u0161kas stovas i\u0161 3 dali\u0173, pagamintas i\u0161 perforuoto metalo. Skirtas dokument\u0173 laikymui. Stovo formatas: A4 Stovo spalva: juoda\" \/>\n<meta property=\"og:url\" content=\"https:\/\/rutana.lt\/en\/product\/stovas-dokumentams-a4-3-daliu-juodas-forpus-30568\/\" \/>\n<meta property=\"og:site_name\" content=\"Rutana - Ra\u0161tin\u0117s reikmenys\" \/>\n<meta property=\"article:publisher\" content=\"https:\/\/www.facebook.com\/RutanaKanceliarinesPrekes\/\" \/>\n<meta property=\"article:modified_time\" content=\"2025-10-13T13:25:48+00:00\" \/>\n<meta property=\"og:image\" content=\"https:\/\/rutana.lt\/wp-content\/uploads\/2025\/09\/B042-803.jpg\" \/>\n\t<meta property=\"og:image:width\" content=\"600\" \/>\n\t<meta property=\"og:image:height\" content=\"400\" \/>\n\t<meta property=\"og:image:type\" content=\"image\/jpeg\" \/>\n<meta name=\"twitter:card\" content=\"summary_large_image\" \/>\n<script type=\"application\/ld+json\" class=\"yoast-schema-graph\">{\"@context\":\"https:\\\/\\\/schema.org\",\"@graph\":[{\"@type\":\"WebPage\",\"@id\":\"https:\\\/\\\/rutana.lt\\\/produktas\\\/stovas-dokumentams-a4-3-daliu-juodas-forpus-30568\\\/\",\"url\":\"https:\\\/\\\/rutana.lt\\\/produktas\\\/stovas-dokumentams-a4-3-daliu-juodas-forpus-30568\\\/\",\"name\":\"Stovas dokumentams A4 3 dali\u0173 juodas Forpus 30568 - Rutana - Ra\u0161tin\u0117s reikmenys\",\"isPartOf\":{\"@id\":\"https:\\\/\\\/rutana.lt\\\/#website\"},\"primaryImageOfPage\":{\"@id\":\"https:\\\/\\\/rutana.lt\\\/produktas\\\/stovas-dokumentams-a4-3-daliu-juodas-forpus-30568\\\/#primaryimage\"},\"image\":{\"@id\":\"https:\\\/\\\/rutana.lt\\\/produktas\\\/stovas-dokumentams-a4-3-daliu-juodas-forpus-30568\\\/#primaryimage\"},\"thumbnailUrl\":\"https:\\\/\\\/rutana.lt\\\/wp-content\\\/uploads\\\/2025\\\/09\\\/B042-803-1.jpg?v=1763622028\",\"datePublished\":\"2025-09-03T06:51:03+00:00\",\"dateModified\":\"2025-10-13T13:25:48+00:00\",\"breadcrumb\":{\"@id\":\"https:\\\/\\\/rutana.lt\\\/produktas\\\/stovas-dokumentams-a4-3-daliu-juodas-forpus-30568\\\/#breadcrumb\"},\"inLanguage\":\"en-US\",\"potentialAction\":[{\"@type\":\"ReadAction\",\"target\":[\"https:\\\/\\\/rutana.lt\\\/produktas\\\/stovas-dokumentams-a4-3-daliu-juodas-forpus-30568\\\/\"]}]},{\"@type\":\"ImageObject\",\"inLanguage\":\"en-US\",\"@id\":\"https:\\\/\\\/rutana.lt\\\/produktas\\\/stovas-dokumentams-a4-3-daliu-juodas-forpus-30568\\\/#primaryimage\",\"url\":\"https:\\\/\\\/rutana.lt\\\/wp-content\\\/uploads\\\/2025\\\/09\\\/B042-803-1.jpg?v=1763622028\",\"contentUrl\":\"https:\\\/\\\/rutana.lt\\\/wp-content\\\/uploads\\\/2025\\\/09\\\/B042-803-1.jpg?v=1763622028\",\"width\":600,\"height\":400},{\"@type\":\"BreadcrumbList\",\"@id\":\"https:\\\/\\\/rutana.lt\\\/produktas\\\/stovas-dokumentams-a4-3-daliu-juodas-forpus-30568\\\/#breadcrumb\",\"itemListElement\":[{\"@type\":\"ListItem\",\"position\":1,\"name\":\"Home\",\"item\":\"https:\\\/\\\/rutana.lt\\\/\"},{\"@type\":\"ListItem\",\"position\":2,\"name\":\"Parduotuv\u0117\",\"item\":\"https:\\\/\\\/rutana.lt\\\/parduotuve\\\/\"},{\"@type\":\"ListItem\",\"position\":3,\"name\":\"Stovas dokumentams A4 3 dali\u0173 juodas Forpus 30568\"}]},{\"@type\":\"WebSite\",\"@id\":\"https:\\\/\\\/rutana.lt\\\/#website\",\"url\":\"https:\\\/\\\/rutana.lt\\\/\",\"name\":\"Rutana - Ra\u0161tin\u0117s reikmenys\",\"description\":\"Prekiaujame pasaulin\u0117je rinkoje pripa\u017eintomis, kokybi\u0161komis biuro prek\u0117mis toki\u0173  gamintoj\u0173 kaip: Schneider, Esselte, Novus, 3M, Faber-Castell, Citizen, Milan, Leitz, Colop, Zebra, Staedtler, Durable, Tork, Parker, Waterman ir kt.\",\"publisher\":{\"@id\":\"https:\\\/\\\/rutana.lt\\\/#organization\"},\"potentialAction\":[{\"@type\":\"SearchAction\",\"target\":{\"@type\":\"EntryPoint\",\"urlTemplate\":\"https:\\\/\\\/rutana.lt\\\/?s={search_term_string}\"},\"query-input\":{\"@type\":\"PropertyValueSpecification\",\"valueRequired\":true,\"valueName\":\"search_term_string\"}}],\"inLanguage\":\"en-US\"},{\"@type\":\"Organization\",\"@id\":\"https:\\\/\\\/rutana.lt\\\/#organization\",\"name\":\"Rutana - Ra\u0161tin\u0117s reikmenys\",\"url\":\"https:\\\/\\\/rutana.lt\\\/\",\"logo\":{\"@type\":\"ImageObject\",\"inLanguage\":\"en-US\",\"@id\":\"https:\\\/\\\/rutana.lt\\\/#\\\/schema\\\/logo\\\/image\\\/\",\"url\":\"https:\\\/\\\/rutana.lt\\\/wp-content\\\/uploads\\\/2025\\\/10\\\/Asset-32.png\",\"contentUrl\":\"https:\\\/\\\/rutana.lt\\\/wp-content\\\/uploads\\\/2025\\\/10\\\/Asset-32.png\",\"width\":433,\"height\":119,\"caption\":\"Rutana - Ra\u0161tin\u0117s reikmenys\"},\"image\":{\"@id\":\"https:\\\/\\\/rutana.lt\\\/#\\\/schema\\\/logo\\\/image\\\/\"},\"sameAs\":[\"https:\\\/\\\/www.facebook.com\\\/RutanaKanceliarinesPrekes\\\/\"]}]}<\/script>\n<!-- \/ Yoast SEO plugin. -->","yoast_head_json":{"title":"Stovas dokumentams A4 3 dali\u0173 juodas Forpus 30568 - Rutana - Ra\u0161tin\u0117s reikmenys","robots":{"index":"index","follow":"follow","max-snippet":"max-snippet:-1","max-image-preview":"max-image-preview:large","max-video-preview":"max-video-preview:-1"},"canonical":"https:\/\/rutana.lt\/en\/product\/stovas-dokumentams-a4-3-daliu-juodas-forpus-30568\/","og_locale":"en_US","og_type":"article","og_title":"Stovas dokumentams A4 3 dali\u0173 juodas Forpus 30568 - Rutana - Ra\u0161tin\u0117s reikmenys","og_description":"Eleganti\u0161kas stovas i\u0161 3 dali\u0173, pagamintas i\u0161 perforuoto metalo. Skirtas dokument\u0173 laikymui. Stovo formatas: A4 Stovo spalva: juoda","og_url":"https:\/\/rutana.lt\/en\/product\/stovas-dokumentams-a4-3-daliu-juodas-forpus-30568\/","og_site_name":"Rutana - Ra\u0161tin\u0117s reikmenys","article_publisher":"https:\/\/www.facebook.com\/RutanaKanceliarinesPrekes\/","article_modified_time":"2025-10-13T13:25:48+00:00","og_image":[{"width":600,"height":400,"url":"https:\/\/rutana.lt\/wp-content\/uploads\/2025\/09\/B042-803.jpg","type":"image\/jpeg"}],"twitter_card":"summary_large_image","schema":{"@context":"https:\/\/schema.org","@graph":[{"@type":"WebPage","@id":"https:\/\/rutana.lt\/produktas\/stovas-dokumentams-a4-3-daliu-juodas-forpus-30568\/","url":"https:\/\/rutana.lt\/produktas\/stovas-dokumentams-a4-3-daliu-juodas-forpus-30568\/","name":"Stovas dokumentams A4 3 dali\u0173 juodas Forpus 30568 - Rutana - Ra\u0161tin\u0117s reikmenys","isPartOf":{"@id":"https:\/\/rutana.lt\/#website"},"primaryImageOfPage":{"@id":"https:\/\/rutana.lt\/produktas\/stovas-dokumentams-a4-3-daliu-juodas-forpus-30568\/#primaryimage"},"image":{"@id":"https:\/\/rutana.lt\/produktas\/stovas-dokumentams-a4-3-daliu-juodas-forpus-30568\/#primaryimage"},"thumbnailUrl":"https:\/\/rutana.lt\/wp-content\/uploads\/2025\/09\/B042-803-1.jpg?v=1763622028","datePublished":"2025-09-03T06:51:03+00:00","dateModified":"2025-10-13T13:25:48+00:00","breadcrumb":{"@id":"https:\/\/rutana.lt\/produktas\/stovas-dokumentams-a4-3-daliu-juodas-forpus-30568\/#breadcrumb"},"inLanguage":"en-US","potentialAction":[{"@type":"ReadAction","target":["https:\/\/rutana.lt\/produktas\/stovas-dokumentams-a4-3-daliu-juodas-forpus-30568\/"]}]},{"@type":"ImageObject","inLanguage":"en-US","@id":"https:\/\/rutana.lt\/produktas\/stovas-dokumentams-a4-3-daliu-juodas-forpus-30568\/#primaryimage","url":"https:\/\/rutana.lt\/wp-content\/uploads\/2025\/09\/B042-803-1.jpg?v=1763622028","contentUrl":"https:\/\/rutana.lt\/wp-content\/uploads\/2025\/09\/B042-803-1.jpg?v=1763622028","width":600,"height":400},{"@type":"BreadcrumbList","@id":"https:\/\/rutana.lt\/produktas\/stovas-dokumentams-a4-3-daliu-juodas-forpus-30568\/#breadcrumb","itemListElement":[{"@type":"ListItem","position":1,"name":"Home","item":"https:\/\/rutana.lt\/"},{"@type":"ListItem","position":2,"name":"Parduotuv\u0117","item":"https:\/\/rutana.lt\/parduotuve\/"},{"@type":"ListItem","position":3,"name":"Stovas dokumentams A4 3 dali\u0173 juodas Forpus 30568"}]},{"@type":"WebSite","@id":"https:\/\/rutana.lt\/#website","url":"https:\/\/rutana.lt\/","name":"Rutana - Ra\u0161tin\u0117s reikmenys","description":"Prekiaujame pasaulin\u0117je rinkoje pripa\u017eintomis, kokybi\u0161komis biuro prek\u0117mis toki\u0173  gamintoj\u0173 kaip: Schneider, Esselte, Novus, 3M, Faber-Castell, Citizen, Milan, Leitz, Colop, Zebra, Staedtler, Durable, Tork, Parker, Waterman ir kt.","publisher":{"@id":"https:\/\/rutana.lt\/#organization"},"potentialAction":[{"@type":"SearchAction","target":{"@type":"EntryPoint","urlTemplate":"https:\/\/rutana.lt\/?s={search_term_string}"},"query-input":{"@type":"PropertyValueSpecification","valueRequired":true,"valueName":"search_term_string"}}],"inLanguage":"en-US"},{"@type":"Organization","@id":"https:\/\/rutana.lt\/#organization","name":"Rutana - Ra\u0161tin\u0117s reikmenys","url":"https:\/\/rutana.lt\/","logo":{"@type":"ImageObject","inLanguage":"en-US","@id":"https:\/\/rutana.lt\/#\/schema\/logo\/image\/","url":"https:\/\/rutana.lt\/wp-content\/uploads\/2025\/10\/Asset-32.png","contentUrl":"https:\/\/rutana.lt\/wp-content\/uploads\/2025\/10\/Asset-32.png","width":433,"height":119,"caption":"Rutana - Ra\u0161tin\u0117s reikmenys"},"image":{"@id":"https:\/\/rutana.lt\/#\/schema\/logo\/image\/"},"sameAs":["https:\/\/www.facebook.com\/RutanaKanceliarinesPrekes\/"]}]}},"_links":{"self":[{"href":"https:\/\/rutana.lt\/en\/wp-json\/wp\/v2\/product\/6395","targetHints":{"allow":["GET"]}}],"collection":[{"href":"https:\/\/rutana.lt\/en\/wp-json\/wp\/v2\/product"}],"about":[{"href":"https:\/\/rutana.lt\/en\/wp-json\/wp\/v2\/types\/product"}],"replies":[{"embeddable":true,"href":"https:\/\/rutana.lt\/en\/wp-json\/wp\/v2\/comments?post=6395"}],"version-history":[{"count":1,"href":"https:\/\/rutana.lt\/en\/wp-json\/wp\/v2\/product\/6395\/revisions"}],"predecessor-version":[{"id":6431,"href":"https:\/\/rutana.lt\/en\/wp-json\/wp\/v2\/product\/6395\/revisions\/6431"}],"wp:featuredmedia":[{"embeddable":true,"href":"https:\/\/rutana.lt\/en\/wp-json\/wp\/v2\/media\/25790"}],"wp:attachment":[{"href":"https:\/\/rutana.lt\/en\/wp-json\/wp\/v2\/media?parent=6395"}],"wp:term":[{"taxonomy":"product_brand","embeddable":true,"href":"https:\/\/rutana.lt\/en\/wp-json\/wp\/v2\/product_brand?post=6395"},{"taxonomy":"product_cat","embeddable":true,"href":"https:\/\/rutana.lt\/en\/wp-json\/wp\/v2\/product_cat?post=6395"},{"taxonomy":"product_tag","embeddable":true,"href":"https:\/\/rutana.lt\/en\/wp-json\/wp\/v2\/product_tag?post=6395"}],"curies":[{"name":"wp","href":"https:\/\/api.w.org\/{rel}","templated":true}]}}