{"id":6255,"date":"2025-09-03T08:50:20","date_gmt":"2025-09-03T06:50:20","guid":{"rendered":"https:\/\/rutana.webdemo.lt\/?post_type=product&#038;p=6255"},"modified":"2025-11-26T19:07:44","modified_gmt":"2025-11-26T17:07:44","slug":"irisimo-nugareles-a4-250g-chromo-baltos-sp-100-vnt-25002","status":"publish","type":"product","link":"https:\/\/rutana.lt\/en\/product\/irisimo-nugareles-a4-250g-chromo-baltos-sp-100-vnt-25002\/","title":{"rendered":"\u012eri\u0161imo nugar\u0117l\u0117s A4 250g Chromo baltos sp. 100 vnt. 25002"},"content":{"rendered":"<p>Kartonin\u0117s, blizgaus pavir\u0161iaus nugar\u0117l\u0117s u\u017etikrina suri\u0161t\u0173 dokument\u0173 ilgaam\u017ei\u0161kum\u0105 ir profesionali\u0105 i\u0161vaizd\u0105.<\/p>\n<p>Formatas: A4<\/p>\n<p>Spalva: balta<\/p>\n<p>Storis: 250 g<\/p>\n<p>Pakelyje: 100 lap\u0173<\/p>\n<p>&nbsp;<\/p>\n<p>&nbsp;<\/p>","protected":false},"excerpt":{"rendered":"<p>Kartonin\u0117s, blizgaus pavir\u0161iaus nugar\u0117l\u0117s u\u017etikrina suri\u0161t\u0173 dokument\u0173 ilgaam\u017ei\u0161kum\u0105 ir profesionali\u0105 i\u0161vaizd\u0105.<\/p>","protected":false},"featured_media":25758,"comment_status":"open","ping_status":"closed","template":"","meta":{"_season_start":"","_season_end":"","_season_days":"","_season_months":"","_season_auto_visibility":"1"},"product_brand":[251],"product_cat":[1665],"product_tag":[],"class_list":{"0":"post-6255","1":"product","2":"type-product","3":"status-publish","4":"has-post-thumbnail","6":"product_brand-argo","7":"product_cat-irisimo-virseliai-ir-nugareles","9":"first","10":"instock","11":"taxable","12":"shipping-taxable","13":"purchasable","14":"product-type-simple"},"yoast_head":"<!-- This site is optimized with the Yoast SEO plugin v26.1.1 - https:\/\/yoast.com\/wordpress\/plugins\/seo\/ -->\n<title>\u012eri\u0161imo nugar\u0117l\u0117s A4 250g Chromo baltos sp. 100 vnt. 25002 - Rutana - Ra\u0161tin\u0117s reikmenys<\/title>\n<meta name=\"robots\" content=\"index, follow, max-snippet:-1, max-image-preview:large, max-video-preview:-1\" \/>\n<link rel=\"canonical\" href=\"https:\/\/rutana.lt\/en\/product\/irisimo-nugareles-a4-250g-chromo-baltos-sp-100-vnt-25002\/\" \/>\n<meta property=\"og:locale\" content=\"en_US\" \/>\n<meta property=\"og:type\" content=\"article\" \/>\n<meta property=\"og:title\" content=\"\u012eri\u0161imo nugar\u0117l\u0117s A4 250g Chromo baltos sp. 100 vnt. 25002 - Rutana - Ra\u0161tin\u0117s reikmenys\" \/>\n<meta property=\"og:description\" content=\"Kartonin\u0117s, blizgaus pavir\u0161iaus nugar\u0117l\u0117s u\u017etikrina suri\u0161t\u0173 dokument\u0173 ilgaam\u017ei\u0161kum\u0105 ir profesionali\u0105 i\u0161vaizd\u0105.\" \/>\n<meta property=\"og:url\" content=\"https:\/\/rutana.lt\/en\/product\/irisimo-nugareles-a4-250g-chromo-baltos-sp-100-vnt-25002\/\" \/>\n<meta property=\"og:site_name\" content=\"Rutana - Ra\u0161tin\u0117s reikmenys\" \/>\n<meta property=\"article:publisher\" content=\"https:\/\/www.facebook.com\/RutanaKanceliarinesPrekes\/\" \/>\n<meta property=\"article:modified_time\" content=\"2025-11-26T17:07:44+00:00\" \/>\n<meta property=\"og:image\" content=\"https:\/\/rutana.lt\/wp-content\/uploads\/2025\/09\/B087-202-1.jpg?v=1763622072\" \/>\n\t<meta property=\"og:image:width\" content=\"600\" \/>\n\t<meta property=\"og:image:height\" content=\"339\" \/>\n\t<meta property=\"og:image:type\" content=\"image\/jpeg\" \/>\n<meta name=\"twitter:card\" content=\"summary_large_image\" \/>\n<meta name=\"twitter:label1\" content=\"Est. reading time\" \/>\n\t<meta name=\"twitter:data1\" content=\"1 minute\" \/>\n<script type=\"application\/ld+json\" class=\"yoast-schema-graph\">{\"@context\":\"https:\/\/schema.org\",\"@graph\":[{\"@type\":\"WebPage\",\"@id\":\"https:\/\/rutana.lt\/produktas\/irisimo-nugareles-a4-250g-chromo-baltos-sp-100-vnt-25002\/\",\"url\":\"https:\/\/rutana.lt\/produktas\/irisimo-nugareles-a4-250g-chromo-baltos-sp-100-vnt-25002\/\",\"name\":\"\u012eri\u0161imo nugar\u0117l\u0117s A4 250g Chromo baltos sp. 100 vnt. 25002 - Rutana - Ra\u0161tin\u0117s reikmenys\",\"isPartOf\":{\"@id\":\"https:\/\/rutana.lt\/#website\"},\"primaryImageOfPage\":{\"@id\":\"https:\/\/rutana.lt\/produktas\/irisimo-nugareles-a4-250g-chromo-baltos-sp-100-vnt-25002\/#primaryimage\"},\"image\":{\"@id\":\"https:\/\/rutana.lt\/produktas\/irisimo-nugareles-a4-250g-chromo-baltos-sp-100-vnt-25002\/#primaryimage\"},\"thumbnailUrl\":\"https:\/\/rutana.lt\/wp-content\/uploads\/2025\/09\/B087-202-1.jpg?v=1763622072\",\"datePublished\":\"2025-09-03T06:50:20+00:00\",\"dateModified\":\"2025-11-26T17:07:44+00:00\",\"breadcrumb\":{\"@id\":\"https:\/\/rutana.lt\/produktas\/irisimo-nugareles-a4-250g-chromo-baltos-sp-100-vnt-25002\/#breadcrumb\"},\"inLanguage\":\"en-US\",\"potentialAction\":[{\"@type\":\"ReadAction\",\"target\":[\"https:\/\/rutana.lt\/produktas\/irisimo-nugareles-a4-250g-chromo-baltos-sp-100-vnt-25002\/\"]}]},{\"@type\":\"ImageObject\",\"inLanguage\":\"en-US\",\"@id\":\"https:\/\/rutana.lt\/produktas\/irisimo-nugareles-a4-250g-chromo-baltos-sp-100-vnt-25002\/#primaryimage\",\"url\":\"https:\/\/rutana.lt\/wp-content\/uploads\/2025\/09\/B087-202-1.jpg?v=1763622072\",\"contentUrl\":\"https:\/\/rutana.lt\/wp-content\/uploads\/2025\/09\/B087-202-1.jpg?v=1763622072\",\"width\":600,\"height\":339},{\"@type\":\"BreadcrumbList\",\"@id\":\"https:\/\/rutana.lt\/produktas\/irisimo-nugareles-a4-250g-chromo-baltos-sp-100-vnt-25002\/#breadcrumb\",\"itemListElement\":[{\"@type\":\"ListItem\",\"position\":1,\"name\":\"Home\",\"item\":\"https:\/\/rutana.lt\/\"},{\"@type\":\"ListItem\",\"position\":2,\"name\":\"Parduotuv\u0117\",\"item\":\"https:\/\/rutana.lt\/parduotuve\/\"},{\"@type\":\"ListItem\",\"position\":3,\"name\":\"\u012eri\u0161imo nugar\u0117l\u0117s A4 250g Chromo baltos sp. 100 vnt. 25002\"}]},{\"@type\":\"WebSite\",\"@id\":\"https:\/\/rutana.lt\/#website\",\"url\":\"https:\/\/rutana.lt\/\",\"name\":\"Rutana - Ra\u0161tin\u0117s reikmenys\",\"description\":\"Prekiaujame pasaulin\u0117je rinkoje pripa\u017eintomis, kokybi\u0161komis biuro prek\u0117mis toki\u0173  gamintoj\u0173 kaip: Schneider, Esselte, Novus, 3M, Faber-Castell, Citizen, Milan, Leitz, Colop, Zebra, Staedtler, Durable, Tork, Parker, Waterman ir kt.\",\"publisher\":{\"@id\":\"https:\/\/rutana.lt\/#organization\"},\"potentialAction\":[{\"@type\":\"SearchAction\",\"target\":{\"@type\":\"EntryPoint\",\"urlTemplate\":\"https:\/\/rutana.lt\/?s={search_term_string}\"},\"query-input\":{\"@type\":\"PropertyValueSpecification\",\"valueRequired\":true,\"valueName\":\"search_term_string\"}}],\"inLanguage\":\"en-US\"},{\"@type\":\"Organization\",\"@id\":\"https:\/\/rutana.lt\/#organization\",\"name\":\"Rutana - Ra\u0161tin\u0117s reikmenys\",\"url\":\"https:\/\/rutana.lt\/\",\"logo\":{\"@type\":\"ImageObject\",\"inLanguage\":\"en-US\",\"@id\":\"https:\/\/rutana.lt\/#\/schema\/logo\/image\/\",\"url\":\"https:\/\/rutana.lt\/wp-content\/uploads\/2025\/10\/Asset-32.png\",\"contentUrl\":\"https:\/\/rutana.lt\/wp-content\/uploads\/2025\/10\/Asset-32.png\",\"width\":433,\"height\":119,\"caption\":\"Rutana - Ra\u0161tin\u0117s reikmenys\"},\"image\":{\"@id\":\"https:\/\/rutana.lt\/#\/schema\/logo\/image\/\"},\"sameAs\":[\"https:\/\/www.facebook.com\/RutanaKanceliarinesPrekes\/\"]}]}<\/script>\n<!-- \/ Yoast SEO plugin. -->","yoast_head_json":{"title":"\u012eri\u0161imo nugar\u0117l\u0117s A4 250g Chromo baltos sp. 100 vnt. 25002 - Rutana - Ra\u0161tin\u0117s reikmenys","robots":{"index":"index","follow":"follow","max-snippet":"max-snippet:-1","max-image-preview":"max-image-preview:large","max-video-preview":"max-video-preview:-1"},"canonical":"https:\/\/rutana.lt\/en\/product\/irisimo-nugareles-a4-250g-chromo-baltos-sp-100-vnt-25002\/","og_locale":"en_US","og_type":"article","og_title":"\u012eri\u0161imo nugar\u0117l\u0117s A4 250g Chromo baltos sp. 100 vnt. 25002 - Rutana - Ra\u0161tin\u0117s reikmenys","og_description":"Kartonin\u0117s, blizgaus pavir\u0161iaus nugar\u0117l\u0117s u\u017etikrina suri\u0161t\u0173 dokument\u0173 ilgaam\u017ei\u0161kum\u0105 ir profesionali\u0105 i\u0161vaizd\u0105.","og_url":"https:\/\/rutana.lt\/en\/product\/irisimo-nugareles-a4-250g-chromo-baltos-sp-100-vnt-25002\/","og_site_name":"Rutana - Ra\u0161tin\u0117s reikmenys","article_publisher":"https:\/\/www.facebook.com\/RutanaKanceliarinesPrekes\/","article_modified_time":"2025-11-26T17:07:44+00:00","og_image":[{"width":600,"height":339,"url":"https:\/\/rutana.lt\/wp-content\/uploads\/2025\/09\/B087-202-1.jpg?v=1763622072","type":"image\/jpeg"}],"twitter_card":"summary_large_image","twitter_misc":{"Est. reading time":"1 minute"},"schema":{"@context":"https:\/\/schema.org","@graph":[{"@type":"WebPage","@id":"https:\/\/rutana.lt\/produktas\/irisimo-nugareles-a4-250g-chromo-baltos-sp-100-vnt-25002\/","url":"https:\/\/rutana.lt\/produktas\/irisimo-nugareles-a4-250g-chromo-baltos-sp-100-vnt-25002\/","name":"\u012eri\u0161imo nugar\u0117l\u0117s A4 250g Chromo baltos sp. 100 vnt. 25002 - Rutana - Ra\u0161tin\u0117s reikmenys","isPartOf":{"@id":"https:\/\/rutana.lt\/#website"},"primaryImageOfPage":{"@id":"https:\/\/rutana.lt\/produktas\/irisimo-nugareles-a4-250g-chromo-baltos-sp-100-vnt-25002\/#primaryimage"},"image":{"@id":"https:\/\/rutana.lt\/produktas\/irisimo-nugareles-a4-250g-chromo-baltos-sp-100-vnt-25002\/#primaryimage"},"thumbnailUrl":"https:\/\/rutana.lt\/wp-content\/uploads\/2025\/09\/B087-202-1.jpg?v=1763622072","datePublished":"2025-09-03T06:50:20+00:00","dateModified":"2025-11-26T17:07:44+00:00","breadcrumb":{"@id":"https:\/\/rutana.lt\/produktas\/irisimo-nugareles-a4-250g-chromo-baltos-sp-100-vnt-25002\/#breadcrumb"},"inLanguage":"en-US","potentialAction":[{"@type":"ReadAction","target":["https:\/\/rutana.lt\/produktas\/irisimo-nugareles-a4-250g-chromo-baltos-sp-100-vnt-25002\/"]}]},{"@type":"ImageObject","inLanguage":"en-US","@id":"https:\/\/rutana.lt\/produktas\/irisimo-nugareles-a4-250g-chromo-baltos-sp-100-vnt-25002\/#primaryimage","url":"https:\/\/rutana.lt\/wp-content\/uploads\/2025\/09\/B087-202-1.jpg?v=1763622072","contentUrl":"https:\/\/rutana.lt\/wp-content\/uploads\/2025\/09\/B087-202-1.jpg?v=1763622072","width":600,"height":339},{"@type":"BreadcrumbList","@id":"https:\/\/rutana.lt\/produktas\/irisimo-nugareles-a4-250g-chromo-baltos-sp-100-vnt-25002\/#breadcrumb","itemListElement":[{"@type":"ListItem","position":1,"name":"Home","item":"https:\/\/rutana.lt\/"},{"@type":"ListItem","position":2,"name":"Parduotuv\u0117","item":"https:\/\/rutana.lt\/parduotuve\/"},{"@type":"ListItem","position":3,"name":"\u012eri\u0161imo nugar\u0117l\u0117s A4 250g Chromo baltos sp. 100 vnt. 25002"}]},{"@type":"WebSite","@id":"https:\/\/rutana.lt\/#website","url":"https:\/\/rutana.lt\/","name":"Rutana - Ra\u0161tin\u0117s reikmenys","description":"Prekiaujame pasaulin\u0117je rinkoje pripa\u017eintomis, kokybi\u0161komis biuro prek\u0117mis toki\u0173  gamintoj\u0173 kaip: Schneider, Esselte, Novus, 3M, Faber-Castell, Citizen, Milan, Leitz, Colop, Zebra, Staedtler, Durable, Tork, Parker, Waterman ir kt.","publisher":{"@id":"https:\/\/rutana.lt\/#organization"},"potentialAction":[{"@type":"SearchAction","target":{"@type":"EntryPoint","urlTemplate":"https:\/\/rutana.lt\/?s={search_term_string}"},"query-input":{"@type":"PropertyValueSpecification","valueRequired":true,"valueName":"search_term_string"}}],"inLanguage":"en-US"},{"@type":"Organization","@id":"https:\/\/rutana.lt\/#organization","name":"Rutana - Ra\u0161tin\u0117s reikmenys","url":"https:\/\/rutana.lt\/","logo":{"@type":"ImageObject","inLanguage":"en-US","@id":"https:\/\/rutana.lt\/#\/schema\/logo\/image\/","url":"https:\/\/rutana.lt\/wp-content\/uploads\/2025\/10\/Asset-32.png","contentUrl":"https:\/\/rutana.lt\/wp-content\/uploads\/2025\/10\/Asset-32.png","width":433,"height":119,"caption":"Rutana - Ra\u0161tin\u0117s reikmenys"},"image":{"@id":"https:\/\/rutana.lt\/#\/schema\/logo\/image\/"},"sameAs":["https:\/\/www.facebook.com\/RutanaKanceliarinesPrekes\/"]}]}},"_links":{"self":[{"href":"https:\/\/rutana.lt\/en\/wp-json\/wp\/v2\/product\/6255","targetHints":{"allow":["GET"]}}],"collection":[{"href":"https:\/\/rutana.lt\/en\/wp-json\/wp\/v2\/product"}],"about":[{"href":"https:\/\/rutana.lt\/en\/wp-json\/wp\/v2\/types\/product"}],"replies":[{"embeddable":true,"href":"https:\/\/rutana.lt\/en\/wp-json\/wp\/v2\/comments?post=6255"}],"version-history":[{"count":2,"href":"https:\/\/rutana.lt\/en\/wp-json\/wp\/v2\/product\/6255\/revisions"}],"predecessor-version":[{"id":33887,"href":"https:\/\/rutana.lt\/en\/wp-json\/wp\/v2\/product\/6255\/revisions\/33887"}],"wp:featuredmedia":[{"embeddable":true,"href":"https:\/\/rutana.lt\/en\/wp-json\/wp\/v2\/media\/25758"}],"wp:attachment":[{"href":"https:\/\/rutana.lt\/en\/wp-json\/wp\/v2\/media?parent=6255"}],"wp:term":[{"taxonomy":"product_brand","embeddable":true,"href":"https:\/\/rutana.lt\/en\/wp-json\/wp\/v2\/product_brand?post=6255"},{"taxonomy":"product_cat","embeddable":true,"href":"https:\/\/rutana.lt\/en\/wp-json\/wp\/v2\/product_cat?post=6255"},{"taxonomy":"product_tag","embeddable":true,"href":"https:\/\/rutana.lt\/en\/wp-json\/wp\/v2\/product_tag?post=6255"}],"curies":[{"name":"wp","href":"https:\/\/api.w.org\/{rel}","templated":true}]}}