{"id":5762,"date":"2025-09-03T08:47:52","date_gmt":"2025-09-03T06:47:52","guid":{"rendered":"https:\/\/rutana.webdemo.lt\/?post_type=product&#038;p=5762"},"modified":"2025-10-13T15:24:23","modified_gmt":"2025-10-13T13:24:23","slug":"akvarele-18-spalvu-klasika-luc","status":"publish","type":"product","link":"https:\/\/rutana.lt\/en\/product\/akvarele-18-spalvu-klasika-luc\/","title":{"rendered":"Akvarel\u0117 18 spalv\u0173 &#8222;Klasika&#8221; Lu\u010d"},"content":{"rendered":"<p>Akvarelini\u0173 da\u017e\u0173 serija &#8222;Klasika&#8221; skirta mokyklinio am\u017eiaus vaikams, k\u016brybos darbams mokyklose arba b\u016breliuose, taip pat gali b\u016bti naudojama ir vaik\u0173 dar\u017eeliuose. Da\u017eai pagaminti medaus, kit\u0173 nat\u016brali\u0173 ingridient\u0173 ir auk\u0161tos kokyb\u0117s pigment\u0173 pagrindu. Savyb\u0117s: da\u017eai yra pusiau sausi, sodrios ir ry\u0161kios spalvos. Plastikin\u0117 pakuot\u0117, be teptuko. Tinka vaikams nuo 3 met\u0173 am\u017eiaus. Atitinka CE reikalavimams.<\/p>\n<p>Spalvos: 18<\/p>\n<p><\/p>\n<p><span style=\"color: rgb(74, 76, 63); font-family: Arial; font-size: 13.3333px;\"><br \/><\/span><\/p>","protected":false},"excerpt":{"rendered":"<p>Akvarelini\u0173 da\u017e\u0173 serija &#8222;Klasika&#8221; skirta mokyklinio am\u017eiaus vaikams, k\u016brybos darbams mokyklose arba b\u016breliuose, taip pat gali b\u016bti naudojama ir vaik\u0173 dar\u017eeliuose. Da\u017eai pagaminti medaus, kit\u0173 nat\u016brali\u0173 ingridient\u0173 ir auk\u0161tos kokyb\u0117s pigment\u0173 pagrindu. Savyb\u0117s: da\u017eai yra pusiau sausi, sodrios ir ry\u0161kios spalvos. Plastikin\u0117 pakuot\u0117, be teptuko. Tinka vaikams nuo 3 met\u0173 am\u017eiaus. Atitinka CE reikalavimams. Spalvos: [&hellip;]<\/p>","protected":false},"featured_media":25589,"comment_status":"open","ping_status":"closed","template":"","meta":{"_season_start":"","_season_end":"","_season_days":"","_season_months":"","_season_auto_visibility":""},"product_brand":[516],"product_cat":[1660],"product_tag":[],"class_list":{"0":"post-5762","1":"product","2":"type-product","3":"status-publish","4":"has-post-thumbnail","6":"product_brand-luc","7":"product_cat-akvarele","9":"first","10":"instock","11":"taxable","12":"shipping-taxable","13":"purchasable","14":"product-type-simple"},"yoast_head":"<!-- This site is optimized with the Yoast SEO plugin v27.4 - https:\/\/yoast.com\/product\/yoast-seo-wordpress\/ -->\n<title>Akvarel\u0117 18 spalv\u0173 &quot;Klasika&quot; Lu\u010d - Rutana - Ra\u0161tin\u0117s reikmenys<\/title>\n<meta name=\"robots\" content=\"index, follow, max-snippet:-1, max-image-preview:large, max-video-preview:-1\" \/>\n<link rel=\"canonical\" href=\"https:\/\/rutana.lt\/en\/product\/akvarele-18-spalvu-klasika-luc\/\" \/>\n<meta property=\"og:locale\" content=\"en_US\" \/>\n<meta property=\"og:type\" content=\"article\" \/>\n<meta property=\"og:title\" content=\"Akvarel\u0117 18 spalv\u0173 &quot;Klasika&quot; Lu\u010d - Rutana - Ra\u0161tin\u0117s reikmenys\" \/>\n<meta property=\"og:description\" content=\"Akvarelini\u0173 da\u017e\u0173 serija &#8222;Klasika&#8221; skirta mokyklinio am\u017eiaus vaikams, k\u016brybos darbams mokyklose arba b\u016breliuose, taip pat gali b\u016bti naudojama ir vaik\u0173 dar\u017eeliuose. Da\u017eai pagaminti medaus, kit\u0173 nat\u016brali\u0173 ingridient\u0173 ir auk\u0161tos kokyb\u0117s pigment\u0173 pagrindu. Savyb\u0117s: da\u017eai yra pusiau sausi, sodrios ir ry\u0161kios spalvos. Plastikin\u0117 pakuot\u0117, be teptuko. Tinka vaikams nuo 3 met\u0173 am\u017eiaus. Atitinka CE reikalavimams. Spalvos: [&hellip;]\" \/>\n<meta property=\"og:url\" content=\"https:\/\/rutana.lt\/en\/product\/akvarele-18-spalvu-klasika-luc\/\" \/>\n<meta property=\"og:site_name\" content=\"Rutana - Ra\u0161tin\u0117s reikmenys\" \/>\n<meta property=\"article:publisher\" content=\"https:\/\/www.facebook.com\/RutanaKanceliarinesPrekes\/\" \/>\n<meta property=\"article:modified_time\" content=\"2025-10-13T13:24:23+00:00\" \/>\n<meta property=\"og:image\" content=\"https:\/\/rutana.lt\/wp-content\/uploads\/2025\/09\/D031-701.jpg\" \/>\n\t<meta property=\"og:image:width\" content=\"600\" \/>\n\t<meta property=\"og:image:height\" content=\"600\" \/>\n\t<meta property=\"og:image:type\" content=\"image\/jpeg\" \/>\n<meta name=\"twitter:card\" content=\"summary_large_image\" \/>\n<script type=\"application\/ld+json\" class=\"yoast-schema-graph\">{\"@context\":\"https:\\\/\\\/schema.org\",\"@graph\":[{\"@type\":\"WebPage\",\"@id\":\"https:\\\/\\\/rutana.lt\\\/produktas\\\/akvarele-18-spalvu-klasika-luc\\\/\",\"url\":\"https:\\\/\\\/rutana.lt\\\/produktas\\\/akvarele-18-spalvu-klasika-luc\\\/\",\"name\":\"Akvarel\u0117 18 spalv\u0173 \\\"Klasika\\\" Lu\u010d - Rutana - Ra\u0161tin\u0117s reikmenys\",\"isPartOf\":{\"@id\":\"https:\\\/\\\/rutana.lt\\\/#website\"},\"primaryImageOfPage\":{\"@id\":\"https:\\\/\\\/rutana.lt\\\/produktas\\\/akvarele-18-spalvu-klasika-luc\\\/#primaryimage\"},\"image\":{\"@id\":\"https:\\\/\\\/rutana.lt\\\/produktas\\\/akvarele-18-spalvu-klasika-luc\\\/#primaryimage\"},\"thumbnailUrl\":\"https:\\\/\\\/rutana.lt\\\/wp-content\\\/uploads\\\/2025\\\/09\\\/D031-701-1.jpg?v=1763622285\",\"datePublished\":\"2025-09-03T06:47:52+00:00\",\"dateModified\":\"2025-10-13T13:24:23+00:00\",\"breadcrumb\":{\"@id\":\"https:\\\/\\\/rutana.lt\\\/produktas\\\/akvarele-18-spalvu-klasika-luc\\\/#breadcrumb\"},\"inLanguage\":\"en-US\",\"potentialAction\":[{\"@type\":\"ReadAction\",\"target\":[\"https:\\\/\\\/rutana.lt\\\/produktas\\\/akvarele-18-spalvu-klasika-luc\\\/\"]}]},{\"@type\":\"ImageObject\",\"inLanguage\":\"en-US\",\"@id\":\"https:\\\/\\\/rutana.lt\\\/produktas\\\/akvarele-18-spalvu-klasika-luc\\\/#primaryimage\",\"url\":\"https:\\\/\\\/rutana.lt\\\/wp-content\\\/uploads\\\/2025\\\/09\\\/D031-701-1.jpg?v=1763622285\",\"contentUrl\":\"https:\\\/\\\/rutana.lt\\\/wp-content\\\/uploads\\\/2025\\\/09\\\/D031-701-1.jpg?v=1763622285\",\"width\":600,\"height\":600},{\"@type\":\"BreadcrumbList\",\"@id\":\"https:\\\/\\\/rutana.lt\\\/produktas\\\/akvarele-18-spalvu-klasika-luc\\\/#breadcrumb\",\"itemListElement\":[{\"@type\":\"ListItem\",\"position\":1,\"name\":\"Home\",\"item\":\"https:\\\/\\\/rutana.lt\\\/\"},{\"@type\":\"ListItem\",\"position\":2,\"name\":\"Parduotuv\u0117\",\"item\":\"https:\\\/\\\/rutana.lt\\\/parduotuve\\\/\"},{\"@type\":\"ListItem\",\"position\":3,\"name\":\"Akvarel\u0117 18 spalv\u0173 &#8222;Klasika&#8221; Lu\u010d\"}]},{\"@type\":\"WebSite\",\"@id\":\"https:\\\/\\\/rutana.lt\\\/#website\",\"url\":\"https:\\\/\\\/rutana.lt\\\/\",\"name\":\"Rutana - Ra\u0161tin\u0117s reikmenys\",\"description\":\"Prekiaujame pasaulin\u0117je rinkoje pripa\u017eintomis, kokybi\u0161komis biuro prek\u0117mis toki\u0173  gamintoj\u0173 kaip: Schneider, Esselte, Novus, 3M, Faber-Castell, Citizen, Milan, Leitz, Colop, Zebra, Staedtler, Durable, Tork, Parker, Waterman ir kt.\",\"publisher\":{\"@id\":\"https:\\\/\\\/rutana.lt\\\/#organization\"},\"potentialAction\":[{\"@type\":\"SearchAction\",\"target\":{\"@type\":\"EntryPoint\",\"urlTemplate\":\"https:\\\/\\\/rutana.lt\\\/?s={search_term_string}\"},\"query-input\":{\"@type\":\"PropertyValueSpecification\",\"valueRequired\":true,\"valueName\":\"search_term_string\"}}],\"inLanguage\":\"en-US\"},{\"@type\":\"Organization\",\"@id\":\"https:\\\/\\\/rutana.lt\\\/#organization\",\"name\":\"Rutana - Ra\u0161tin\u0117s reikmenys\",\"url\":\"https:\\\/\\\/rutana.lt\\\/\",\"logo\":{\"@type\":\"ImageObject\",\"inLanguage\":\"en-US\",\"@id\":\"https:\\\/\\\/rutana.lt\\\/#\\\/schema\\\/logo\\\/image\\\/\",\"url\":\"https:\\\/\\\/rutana.lt\\\/wp-content\\\/uploads\\\/2025\\\/10\\\/Asset-32.png\",\"contentUrl\":\"https:\\\/\\\/rutana.lt\\\/wp-content\\\/uploads\\\/2025\\\/10\\\/Asset-32.png\",\"width\":433,\"height\":119,\"caption\":\"Rutana - Ra\u0161tin\u0117s reikmenys\"},\"image\":{\"@id\":\"https:\\\/\\\/rutana.lt\\\/#\\\/schema\\\/logo\\\/image\\\/\"},\"sameAs\":[\"https:\\\/\\\/www.facebook.com\\\/RutanaKanceliarinesPrekes\\\/\"]}]}<\/script>\n<!-- \/ Yoast SEO plugin. -->","yoast_head_json":{"title":"Akvarel\u0117 18 spalv\u0173 \"Klasika\" Lu\u010d - Rutana - Ra\u0161tin\u0117s reikmenys","robots":{"index":"index","follow":"follow","max-snippet":"max-snippet:-1","max-image-preview":"max-image-preview:large","max-video-preview":"max-video-preview:-1"},"canonical":"https:\/\/rutana.lt\/en\/product\/akvarele-18-spalvu-klasika-luc\/","og_locale":"en_US","og_type":"article","og_title":"Akvarel\u0117 18 spalv\u0173 \"Klasika\" Lu\u010d - Rutana - Ra\u0161tin\u0117s reikmenys","og_description":"Akvarelini\u0173 da\u017e\u0173 serija &#8222;Klasika&#8221; skirta mokyklinio am\u017eiaus vaikams, k\u016brybos darbams mokyklose arba b\u016breliuose, taip pat gali b\u016bti naudojama ir vaik\u0173 dar\u017eeliuose. Da\u017eai pagaminti medaus, kit\u0173 nat\u016brali\u0173 ingridient\u0173 ir auk\u0161tos kokyb\u0117s pigment\u0173 pagrindu. Savyb\u0117s: da\u017eai yra pusiau sausi, sodrios ir ry\u0161kios spalvos. Plastikin\u0117 pakuot\u0117, be teptuko. Tinka vaikams nuo 3 met\u0173 am\u017eiaus. Atitinka CE reikalavimams. Spalvos: [&hellip;]","og_url":"https:\/\/rutana.lt\/en\/product\/akvarele-18-spalvu-klasika-luc\/","og_site_name":"Rutana - Ra\u0161tin\u0117s reikmenys","article_publisher":"https:\/\/www.facebook.com\/RutanaKanceliarinesPrekes\/","article_modified_time":"2025-10-13T13:24:23+00:00","og_image":[{"width":600,"height":600,"url":"https:\/\/rutana.lt\/wp-content\/uploads\/2025\/09\/D031-701.jpg","type":"image\/jpeg"}],"twitter_card":"summary_large_image","schema":{"@context":"https:\/\/schema.org","@graph":[{"@type":"WebPage","@id":"https:\/\/rutana.lt\/produktas\/akvarele-18-spalvu-klasika-luc\/","url":"https:\/\/rutana.lt\/produktas\/akvarele-18-spalvu-klasika-luc\/","name":"Akvarel\u0117 18 spalv\u0173 \"Klasika\" Lu\u010d - Rutana - Ra\u0161tin\u0117s reikmenys","isPartOf":{"@id":"https:\/\/rutana.lt\/#website"},"primaryImageOfPage":{"@id":"https:\/\/rutana.lt\/produktas\/akvarele-18-spalvu-klasika-luc\/#primaryimage"},"image":{"@id":"https:\/\/rutana.lt\/produktas\/akvarele-18-spalvu-klasika-luc\/#primaryimage"},"thumbnailUrl":"https:\/\/rutana.lt\/wp-content\/uploads\/2025\/09\/D031-701-1.jpg?v=1763622285","datePublished":"2025-09-03T06:47:52+00:00","dateModified":"2025-10-13T13:24:23+00:00","breadcrumb":{"@id":"https:\/\/rutana.lt\/produktas\/akvarele-18-spalvu-klasika-luc\/#breadcrumb"},"inLanguage":"en-US","potentialAction":[{"@type":"ReadAction","target":["https:\/\/rutana.lt\/produktas\/akvarele-18-spalvu-klasika-luc\/"]}]},{"@type":"ImageObject","inLanguage":"en-US","@id":"https:\/\/rutana.lt\/produktas\/akvarele-18-spalvu-klasika-luc\/#primaryimage","url":"https:\/\/rutana.lt\/wp-content\/uploads\/2025\/09\/D031-701-1.jpg?v=1763622285","contentUrl":"https:\/\/rutana.lt\/wp-content\/uploads\/2025\/09\/D031-701-1.jpg?v=1763622285","width":600,"height":600},{"@type":"BreadcrumbList","@id":"https:\/\/rutana.lt\/produktas\/akvarele-18-spalvu-klasika-luc\/#breadcrumb","itemListElement":[{"@type":"ListItem","position":1,"name":"Home","item":"https:\/\/rutana.lt\/"},{"@type":"ListItem","position":2,"name":"Parduotuv\u0117","item":"https:\/\/rutana.lt\/parduotuve\/"},{"@type":"ListItem","position":3,"name":"Akvarel\u0117 18 spalv\u0173 &#8222;Klasika&#8221; Lu\u010d"}]},{"@type":"WebSite","@id":"https:\/\/rutana.lt\/#website","url":"https:\/\/rutana.lt\/","name":"Rutana - Ra\u0161tin\u0117s reikmenys","description":"Prekiaujame pasaulin\u0117je rinkoje pripa\u017eintomis, kokybi\u0161komis biuro prek\u0117mis toki\u0173  gamintoj\u0173 kaip: Schneider, Esselte, Novus, 3M, Faber-Castell, Citizen, Milan, Leitz, Colop, Zebra, Staedtler, Durable, Tork, Parker, Waterman ir kt.","publisher":{"@id":"https:\/\/rutana.lt\/#organization"},"potentialAction":[{"@type":"SearchAction","target":{"@type":"EntryPoint","urlTemplate":"https:\/\/rutana.lt\/?s={search_term_string}"},"query-input":{"@type":"PropertyValueSpecification","valueRequired":true,"valueName":"search_term_string"}}],"inLanguage":"en-US"},{"@type":"Organization","@id":"https:\/\/rutana.lt\/#organization","name":"Rutana - Ra\u0161tin\u0117s reikmenys","url":"https:\/\/rutana.lt\/","logo":{"@type":"ImageObject","inLanguage":"en-US","@id":"https:\/\/rutana.lt\/#\/schema\/logo\/image\/","url":"https:\/\/rutana.lt\/wp-content\/uploads\/2025\/10\/Asset-32.png","contentUrl":"https:\/\/rutana.lt\/wp-content\/uploads\/2025\/10\/Asset-32.png","width":433,"height":119,"caption":"Rutana - Ra\u0161tin\u0117s reikmenys"},"image":{"@id":"https:\/\/rutana.lt\/#\/schema\/logo\/image\/"},"sameAs":["https:\/\/www.facebook.com\/RutanaKanceliarinesPrekes\/"]}]}},"_links":{"self":[{"href":"https:\/\/rutana.lt\/en\/wp-json\/wp\/v2\/product\/5762","targetHints":{"allow":["GET"]}}],"collection":[{"href":"https:\/\/rutana.lt\/en\/wp-json\/wp\/v2\/product"}],"about":[{"href":"https:\/\/rutana.lt\/en\/wp-json\/wp\/v2\/types\/product"}],"replies":[{"embeddable":true,"href":"https:\/\/rutana.lt\/en\/wp-json\/wp\/v2\/comments?post=5762"}],"version-history":[{"count":1,"href":"https:\/\/rutana.lt\/en\/wp-json\/wp\/v2\/product\/5762\/revisions"}],"predecessor-version":[{"id":5809,"href":"https:\/\/rutana.lt\/en\/wp-json\/wp\/v2\/product\/5762\/revisions\/5809"}],"wp:featuredmedia":[{"embeddable":true,"href":"https:\/\/rutana.lt\/en\/wp-json\/wp\/v2\/media\/25589"}],"wp:attachment":[{"href":"https:\/\/rutana.lt\/en\/wp-json\/wp\/v2\/media?parent=5762"}],"wp:term":[{"taxonomy":"product_brand","embeddable":true,"href":"https:\/\/rutana.lt\/en\/wp-json\/wp\/v2\/product_brand?post=5762"},{"taxonomy":"product_cat","embeddable":true,"href":"https:\/\/rutana.lt\/en\/wp-json\/wp\/v2\/product_cat?post=5762"},{"taxonomy":"product_tag","embeddable":true,"href":"https:\/\/rutana.lt\/en\/wp-json\/wp\/v2\/product_tag?post=5762"}],"curies":[{"name":"wp","href":"https:\/\/api.w.org\/{rel}","templated":true}]}}