{"id":5755,"date":"2025-09-03T08:47:52","date_gmt":"2025-09-03T06:47:52","guid":{"rendered":"https:\/\/rutana.webdemo.lt\/?post_type=product&#038;p=5755"},"modified":"2025-10-13T15:24:22","modified_gmt":"2025-10-13T13:24:22","slug":"modelinas-fimo-500g-baltos-spalvos-staedtler-8100-0","status":"publish","type":"product","link":"https:\/\/rutana.lt\/en\/product\/modelinas-fimo-500g-baltos-spalvos-staedtler-8100-0\/","title":{"rendered":"Modelinas Fimo 500g baltos spalvos Staedtler 8100-0"},"content":{"rendered":"<p>Ore stingstantis modelinas &#8222;Fimo Air Basic&#8221;. Savyb\u0117s: lengvas, mink\u0161tas, lengvai formuojamas, pana\u0161us \u012f porcelianin\u012f modelin\u0105 ( china clay ). Modelin\u0105 galima gr\u0119\u017eti, rai\u017eyti, \u0161lifuoti, poliruoti, lakuoti. Puikiai tinka papuo\u0161al\u0173 gamybai ir kitokiems darbams. Modelino kaitinti nereikia.<\/p>\n<p>Spalva: balta<\/p>\n<p>Svoris: 500 g<\/p>\n<p>Kilm\u0117s \u0161alis: Vokietija<\/p>\n<p><\/p>\n<p><\/p>","protected":false},"excerpt":{"rendered":"<p>Ore stingstantis modelinas &#8222;Fimo Air Basic&#8221;. Savyb\u0117s: lengvas, mink\u0161tas, lengvai formuojamas, pana\u0161us \u012f porcelianin\u012f modelin\u0105 ( china clay ). Modelin\u0105 galima gr\u0119\u017eti, rai\u017eyti, \u0161lifuoti, poliruoti, lakuoti. Puikiai tinka papuo\u0161al\u0173 gamybai ir kitokiems darbams. Modelino kaitinti nereikia. Spalva: balta Svoris: 500 g Kilm\u0117s \u0161alis: Vokietija<\/p>","protected":false},"featured_media":25582,"comment_status":"open","ping_status":"closed","template":"","meta":{"_season_start":"","_season_end":"","_season_days":"","_season_months":"","_season_auto_visibility":""},"product_brand":[209],"product_cat":[1658,1657],"product_tag":[],"class_list":{"0":"post-5755","1":"product","2":"type-product","3":"status-publish","4":"has-post-thumbnail","6":"product_brand-staedtler","7":"product_cat-modelinas","8":"product_cat-plastilinas","10":"first","11":"instock","12":"taxable","13":"shipping-taxable","14":"purchasable","15":"product-type-simple"},"yoast_head":"<!-- This site is optimized with the Yoast SEO plugin v27.4 - https:\/\/yoast.com\/product\/yoast-seo-wordpress\/ -->\n<title>Modelinas Fimo 500g baltos spalvos Staedtler 8100-0 - Rutana - Ra\u0161tin\u0117s reikmenys<\/title>\n<meta name=\"robots\" content=\"index, follow, max-snippet:-1, max-image-preview:large, max-video-preview:-1\" \/>\n<link rel=\"canonical\" href=\"https:\/\/rutana.lt\/en\/product\/modelinas-fimo-500g-baltos-spalvos-staedtler-8100-0\/\" \/>\n<meta property=\"og:locale\" content=\"en_US\" \/>\n<meta property=\"og:type\" content=\"article\" \/>\n<meta property=\"og:title\" content=\"Modelinas Fimo 500g baltos spalvos Staedtler 8100-0 - Rutana - Ra\u0161tin\u0117s reikmenys\" \/>\n<meta property=\"og:description\" content=\"Ore stingstantis modelinas &#8222;Fimo Air Basic&#8221;. Savyb\u0117s: lengvas, mink\u0161tas, lengvai formuojamas, pana\u0161us \u012f porcelianin\u012f modelin\u0105 ( china clay ). Modelin\u0105 galima gr\u0119\u017eti, rai\u017eyti, \u0161lifuoti, poliruoti, lakuoti. Puikiai tinka papuo\u0161al\u0173 gamybai ir kitokiems darbams. Modelino kaitinti nereikia. Spalva: balta Svoris: 500 g Kilm\u0117s \u0161alis: Vokietija\" \/>\n<meta property=\"og:url\" content=\"https:\/\/rutana.lt\/en\/product\/modelinas-fimo-500g-baltos-spalvos-staedtler-8100-0\/\" \/>\n<meta property=\"og:site_name\" content=\"Rutana - Ra\u0161tin\u0117s reikmenys\" \/>\n<meta property=\"article:publisher\" content=\"https:\/\/www.facebook.com\/RutanaKanceliarinesPrekes\/\" \/>\n<meta property=\"article:modified_time\" content=\"2025-10-13T13:24:22+00:00\" \/>\n<meta property=\"og:image\" content=\"https:\/\/rutana.lt\/wp-content\/uploads\/2025\/09\/D026-516-1.jpg\" \/>\n\t<meta property=\"og:image:width\" content=\"600\" \/>\n\t<meta property=\"og:image:height\" content=\"600\" \/>\n\t<meta property=\"og:image:type\" content=\"image\/jpeg\" \/>\n<meta name=\"twitter:card\" content=\"summary_large_image\" \/>\n<script type=\"application\/ld+json\" class=\"yoast-schema-graph\">{\"@context\":\"https:\\\/\\\/schema.org\",\"@graph\":[{\"@type\":\"WebPage\",\"@id\":\"https:\\\/\\\/rutana.lt\\\/produktas\\\/modelinas-fimo-500g-baltos-spalvos-staedtler-8100-0\\\/\",\"url\":\"https:\\\/\\\/rutana.lt\\\/produktas\\\/modelinas-fimo-500g-baltos-spalvos-staedtler-8100-0\\\/\",\"name\":\"Modelinas Fimo 500g baltos spalvos Staedtler 8100-0 - Rutana - Ra\u0161tin\u0117s reikmenys\",\"isPartOf\":{\"@id\":\"https:\\\/\\\/rutana.lt\\\/#website\"},\"primaryImageOfPage\":{\"@id\":\"https:\\\/\\\/rutana.lt\\\/produktas\\\/modelinas-fimo-500g-baltos-spalvos-staedtler-8100-0\\\/#primaryimage\"},\"image\":{\"@id\":\"https:\\\/\\\/rutana.lt\\\/produktas\\\/modelinas-fimo-500g-baltos-spalvos-staedtler-8100-0\\\/#primaryimage\"},\"thumbnailUrl\":\"https:\\\/\\\/rutana.lt\\\/wp-content\\\/uploads\\\/2025\\\/09\\\/D026-516-1-1.jpg?v=1763622297\",\"datePublished\":\"2025-09-03T06:47:52+00:00\",\"dateModified\":\"2025-10-13T13:24:22+00:00\",\"breadcrumb\":{\"@id\":\"https:\\\/\\\/rutana.lt\\\/produktas\\\/modelinas-fimo-500g-baltos-spalvos-staedtler-8100-0\\\/#breadcrumb\"},\"inLanguage\":\"en-US\",\"potentialAction\":[{\"@type\":\"ReadAction\",\"target\":[\"https:\\\/\\\/rutana.lt\\\/produktas\\\/modelinas-fimo-500g-baltos-spalvos-staedtler-8100-0\\\/\"]}]},{\"@type\":\"ImageObject\",\"inLanguage\":\"en-US\",\"@id\":\"https:\\\/\\\/rutana.lt\\\/produktas\\\/modelinas-fimo-500g-baltos-spalvos-staedtler-8100-0\\\/#primaryimage\",\"url\":\"https:\\\/\\\/rutana.lt\\\/wp-content\\\/uploads\\\/2025\\\/09\\\/D026-516-1-1.jpg?v=1763622297\",\"contentUrl\":\"https:\\\/\\\/rutana.lt\\\/wp-content\\\/uploads\\\/2025\\\/09\\\/D026-516-1-1.jpg?v=1763622297\",\"width\":600,\"height\":600},{\"@type\":\"BreadcrumbList\",\"@id\":\"https:\\\/\\\/rutana.lt\\\/produktas\\\/modelinas-fimo-500g-baltos-spalvos-staedtler-8100-0\\\/#breadcrumb\",\"itemListElement\":[{\"@type\":\"ListItem\",\"position\":1,\"name\":\"Home\",\"item\":\"https:\\\/\\\/rutana.lt\\\/\"},{\"@type\":\"ListItem\",\"position\":2,\"name\":\"Parduotuv\u0117\",\"item\":\"https:\\\/\\\/rutana.lt\\\/parduotuve\\\/\"},{\"@type\":\"ListItem\",\"position\":3,\"name\":\"Modelinas Fimo 500g baltos spalvos Staedtler 8100-0\"}]},{\"@type\":\"WebSite\",\"@id\":\"https:\\\/\\\/rutana.lt\\\/#website\",\"url\":\"https:\\\/\\\/rutana.lt\\\/\",\"name\":\"Rutana - Ra\u0161tin\u0117s reikmenys\",\"description\":\"Prekiaujame pasaulin\u0117je rinkoje pripa\u017eintomis, kokybi\u0161komis biuro prek\u0117mis toki\u0173  gamintoj\u0173 kaip: Schneider, Esselte, Novus, 3M, Faber-Castell, Citizen, Milan, Leitz, Colop, Zebra, Staedtler, Durable, Tork, Parker, Waterman ir kt.\",\"publisher\":{\"@id\":\"https:\\\/\\\/rutana.lt\\\/#organization\"},\"potentialAction\":[{\"@type\":\"SearchAction\",\"target\":{\"@type\":\"EntryPoint\",\"urlTemplate\":\"https:\\\/\\\/rutana.lt\\\/?s={search_term_string}\"},\"query-input\":{\"@type\":\"PropertyValueSpecification\",\"valueRequired\":true,\"valueName\":\"search_term_string\"}}],\"inLanguage\":\"en-US\"},{\"@type\":\"Organization\",\"@id\":\"https:\\\/\\\/rutana.lt\\\/#organization\",\"name\":\"Rutana - Ra\u0161tin\u0117s reikmenys\",\"url\":\"https:\\\/\\\/rutana.lt\\\/\",\"logo\":{\"@type\":\"ImageObject\",\"inLanguage\":\"en-US\",\"@id\":\"https:\\\/\\\/rutana.lt\\\/#\\\/schema\\\/logo\\\/image\\\/\",\"url\":\"https:\\\/\\\/rutana.lt\\\/wp-content\\\/uploads\\\/2025\\\/10\\\/Asset-32.png\",\"contentUrl\":\"https:\\\/\\\/rutana.lt\\\/wp-content\\\/uploads\\\/2025\\\/10\\\/Asset-32.png\",\"width\":433,\"height\":119,\"caption\":\"Rutana - Ra\u0161tin\u0117s reikmenys\"},\"image\":{\"@id\":\"https:\\\/\\\/rutana.lt\\\/#\\\/schema\\\/logo\\\/image\\\/\"},\"sameAs\":[\"https:\\\/\\\/www.facebook.com\\\/RutanaKanceliarinesPrekes\\\/\"]}]}<\/script>\n<!-- \/ Yoast SEO plugin. -->","yoast_head_json":{"title":"Modelinas Fimo 500g baltos spalvos Staedtler 8100-0 - Rutana - Ra\u0161tin\u0117s reikmenys","robots":{"index":"index","follow":"follow","max-snippet":"max-snippet:-1","max-image-preview":"max-image-preview:large","max-video-preview":"max-video-preview:-1"},"canonical":"https:\/\/rutana.lt\/en\/product\/modelinas-fimo-500g-baltos-spalvos-staedtler-8100-0\/","og_locale":"en_US","og_type":"article","og_title":"Modelinas Fimo 500g baltos spalvos Staedtler 8100-0 - Rutana - Ra\u0161tin\u0117s reikmenys","og_description":"Ore stingstantis modelinas &#8222;Fimo Air Basic&#8221;. Savyb\u0117s: lengvas, mink\u0161tas, lengvai formuojamas, pana\u0161us \u012f porcelianin\u012f modelin\u0105 ( china clay ). Modelin\u0105 galima gr\u0119\u017eti, rai\u017eyti, \u0161lifuoti, poliruoti, lakuoti. Puikiai tinka papuo\u0161al\u0173 gamybai ir kitokiems darbams. Modelino kaitinti nereikia. Spalva: balta Svoris: 500 g Kilm\u0117s \u0161alis: Vokietija","og_url":"https:\/\/rutana.lt\/en\/product\/modelinas-fimo-500g-baltos-spalvos-staedtler-8100-0\/","og_site_name":"Rutana - Ra\u0161tin\u0117s reikmenys","article_publisher":"https:\/\/www.facebook.com\/RutanaKanceliarinesPrekes\/","article_modified_time":"2025-10-13T13:24:22+00:00","og_image":[{"width":600,"height":600,"url":"https:\/\/rutana.lt\/wp-content\/uploads\/2025\/09\/D026-516-1.jpg","type":"image\/jpeg"}],"twitter_card":"summary_large_image","schema":{"@context":"https:\/\/schema.org","@graph":[{"@type":"WebPage","@id":"https:\/\/rutana.lt\/produktas\/modelinas-fimo-500g-baltos-spalvos-staedtler-8100-0\/","url":"https:\/\/rutana.lt\/produktas\/modelinas-fimo-500g-baltos-spalvos-staedtler-8100-0\/","name":"Modelinas Fimo 500g baltos spalvos Staedtler 8100-0 - Rutana - Ra\u0161tin\u0117s reikmenys","isPartOf":{"@id":"https:\/\/rutana.lt\/#website"},"primaryImageOfPage":{"@id":"https:\/\/rutana.lt\/produktas\/modelinas-fimo-500g-baltos-spalvos-staedtler-8100-0\/#primaryimage"},"image":{"@id":"https:\/\/rutana.lt\/produktas\/modelinas-fimo-500g-baltos-spalvos-staedtler-8100-0\/#primaryimage"},"thumbnailUrl":"https:\/\/rutana.lt\/wp-content\/uploads\/2025\/09\/D026-516-1-1.jpg?v=1763622297","datePublished":"2025-09-03T06:47:52+00:00","dateModified":"2025-10-13T13:24:22+00:00","breadcrumb":{"@id":"https:\/\/rutana.lt\/produktas\/modelinas-fimo-500g-baltos-spalvos-staedtler-8100-0\/#breadcrumb"},"inLanguage":"en-US","potentialAction":[{"@type":"ReadAction","target":["https:\/\/rutana.lt\/produktas\/modelinas-fimo-500g-baltos-spalvos-staedtler-8100-0\/"]}]},{"@type":"ImageObject","inLanguage":"en-US","@id":"https:\/\/rutana.lt\/produktas\/modelinas-fimo-500g-baltos-spalvos-staedtler-8100-0\/#primaryimage","url":"https:\/\/rutana.lt\/wp-content\/uploads\/2025\/09\/D026-516-1-1.jpg?v=1763622297","contentUrl":"https:\/\/rutana.lt\/wp-content\/uploads\/2025\/09\/D026-516-1-1.jpg?v=1763622297","width":600,"height":600},{"@type":"BreadcrumbList","@id":"https:\/\/rutana.lt\/produktas\/modelinas-fimo-500g-baltos-spalvos-staedtler-8100-0\/#breadcrumb","itemListElement":[{"@type":"ListItem","position":1,"name":"Home","item":"https:\/\/rutana.lt\/"},{"@type":"ListItem","position":2,"name":"Parduotuv\u0117","item":"https:\/\/rutana.lt\/parduotuve\/"},{"@type":"ListItem","position":3,"name":"Modelinas Fimo 500g baltos spalvos Staedtler 8100-0"}]},{"@type":"WebSite","@id":"https:\/\/rutana.lt\/#website","url":"https:\/\/rutana.lt\/","name":"Rutana - Ra\u0161tin\u0117s reikmenys","description":"Prekiaujame pasaulin\u0117je rinkoje pripa\u017eintomis, kokybi\u0161komis biuro prek\u0117mis toki\u0173  gamintoj\u0173 kaip: Schneider, Esselte, Novus, 3M, Faber-Castell, Citizen, Milan, Leitz, Colop, Zebra, Staedtler, Durable, Tork, Parker, Waterman ir kt.","publisher":{"@id":"https:\/\/rutana.lt\/#organization"},"potentialAction":[{"@type":"SearchAction","target":{"@type":"EntryPoint","urlTemplate":"https:\/\/rutana.lt\/?s={search_term_string}"},"query-input":{"@type":"PropertyValueSpecification","valueRequired":true,"valueName":"search_term_string"}}],"inLanguage":"en-US"},{"@type":"Organization","@id":"https:\/\/rutana.lt\/#organization","name":"Rutana - Ra\u0161tin\u0117s reikmenys","url":"https:\/\/rutana.lt\/","logo":{"@type":"ImageObject","inLanguage":"en-US","@id":"https:\/\/rutana.lt\/#\/schema\/logo\/image\/","url":"https:\/\/rutana.lt\/wp-content\/uploads\/2025\/10\/Asset-32.png","contentUrl":"https:\/\/rutana.lt\/wp-content\/uploads\/2025\/10\/Asset-32.png","width":433,"height":119,"caption":"Rutana - Ra\u0161tin\u0117s reikmenys"},"image":{"@id":"https:\/\/rutana.lt\/#\/schema\/logo\/image\/"},"sameAs":["https:\/\/www.facebook.com\/RutanaKanceliarinesPrekes\/"]}]}},"_links":{"self":[{"href":"https:\/\/rutana.lt\/en\/wp-json\/wp\/v2\/product\/5755","targetHints":{"allow":["GET"]}}],"collection":[{"href":"https:\/\/rutana.lt\/en\/wp-json\/wp\/v2\/product"}],"about":[{"href":"https:\/\/rutana.lt\/en\/wp-json\/wp\/v2\/types\/product"}],"replies":[{"embeddable":true,"href":"https:\/\/rutana.lt\/en\/wp-json\/wp\/v2\/comments?post=5755"}],"version-history":[{"count":1,"href":"https:\/\/rutana.lt\/en\/wp-json\/wp\/v2\/product\/5755\/revisions"}],"predecessor-version":[{"id":5795,"href":"https:\/\/rutana.lt\/en\/wp-json\/wp\/v2\/product\/5755\/revisions\/5795"}],"wp:featuredmedia":[{"embeddable":true,"href":"https:\/\/rutana.lt\/en\/wp-json\/wp\/v2\/media\/25582"}],"wp:attachment":[{"href":"https:\/\/rutana.lt\/en\/wp-json\/wp\/v2\/media?parent=5755"}],"wp:term":[{"taxonomy":"product_brand","embeddable":true,"href":"https:\/\/rutana.lt\/en\/wp-json\/wp\/v2\/product_brand?post=5755"},{"taxonomy":"product_cat","embeddable":true,"href":"https:\/\/rutana.lt\/en\/wp-json\/wp\/v2\/product_cat?post=5755"},{"taxonomy":"product_tag","embeddable":true,"href":"https:\/\/rutana.lt\/en\/wp-json\/wp\/v2\/product_tag?post=5755"}],"curies":[{"name":"wp","href":"https:\/\/api.w.org\/{rel}","templated":true}]}}