{"id":5683,"date":"2025-09-03T08:47:28","date_gmt":"2025-09-03T06:47:28","guid":{"rendered":"https:\/\/rutana.webdemo.lt\/?post_type=product&#038;p=5683"},"modified":"2026-02-08T18:47:12","modified_gmt":"2026-02-08T16:47:12","slug":"informacinis-meniu-stovas-100-x-200-mm-t-formos-k-683","status":"publish","type":"product","link":"https:\/\/rutana.lt\/en\/product\/informacinis-meniu-stovas-100-x-200-mm-t-formos-k-683\/","title":{"rendered":"Informacinis meniu stovas 100 x 200 mm &#8222;T&#8221; formos K &#8211; 683"},"content":{"rendered":"<p>Tiesus ir vertikalus &#8222;T&#8221; formos stovas skirtas meniu ar informacijos pateikimui i\u0161 dviej\u0173 pusi\u0173. Pagamintas i\u0161 labai tvirto ir ypatingai skaidraus plastiko su eleganti\u0161ku juodos spalvos pagrindu, kuris suteikia stovui solidumo. Gali b\u016bti naudojamas vie\u0161butyje, kavin\u0117je, u\u017ekandin\u0117je ir t.t.<\/p>\n<p>Stovo matmenys: 100 x 200 mm<\/p>\n<p>&nbsp;<\/p>\n<p>&nbsp;<\/p>","protected":false},"excerpt":{"rendered":"<p>Tiesus ir vertikalus &#8222;T&#8221; formos stovas skirtas meniu ar informacijos pateikimui i\u0161 dviej\u0173 pusi\u0173.<\/p>","protected":false},"featured_media":25562,"comment_status":"open","ping_status":"closed","template":"","meta":{"_season_start":"","_season_end":"","_season_days":"","_season_months":"","_season_auto_visibility":"1"},"product_brand":[494],"product_cat":[1654,1655,1653],"product_tag":[],"class_list":{"0":"post-5683","1":"product","2":"type-product","3":"status-publish","4":"has-post-thumbnail","6":"product_brand-kejea","7":"product_cat-brosiuru-deklai","8":"product_cat-informacines-lentynos","9":"product_cat-informaciniai-stovai","11":"first","12":"instock","13":"taxable","14":"shipping-taxable","15":"purchasable","16":"product-type-simple"},"yoast_head":"<!-- This site is optimized with the Yoast SEO plugin v27.4 - https:\/\/yoast.com\/product\/yoast-seo-wordpress\/ -->\n<title>Informacinis meniu stovas 100 x 200 mm &quot;T&quot; formos K - 683 - Rutana - Ra\u0161tin\u0117s reikmenys<\/title>\n<meta name=\"robots\" content=\"index, follow, max-snippet:-1, max-image-preview:large, max-video-preview:-1\" \/>\n<link rel=\"canonical\" href=\"https:\/\/rutana.lt\/en\/product\/informacinis-meniu-stovas-100-x-200-mm-t-formos-k-683\/\" \/>\n<meta property=\"og:locale\" content=\"en_US\" \/>\n<meta property=\"og:type\" content=\"article\" \/>\n<meta property=\"og:title\" content=\"Informacinis meniu stovas 100 x 200 mm &quot;T&quot; formos K - 683 - Rutana - Ra\u0161tin\u0117s reikmenys\" \/>\n<meta property=\"og:description\" content=\"Tiesus ir vertikalus &quot;T&quot; formos stovas skirtas meniu ar informacijos pateikimui i\u0161 dviej\u0173 pusi\u0173.\" \/>\n<meta property=\"og:url\" content=\"https:\/\/rutana.lt\/en\/product\/informacinis-meniu-stovas-100-x-200-mm-t-formos-k-683\/\" \/>\n<meta property=\"og:site_name\" content=\"Rutana - Ra\u0161tin\u0117s reikmenys\" \/>\n<meta property=\"article:publisher\" content=\"https:\/\/www.facebook.com\/RutanaKanceliarinesPrekes\/\" \/>\n<meta property=\"article:modified_time\" content=\"2026-02-08T16:47:12+00:00\" \/>\n<meta property=\"og:image\" content=\"https:\/\/rutana.lt\/wp-content\/uploads\/2025\/09\/B043-124-1.jpg?v=1763622324\" \/>\n\t<meta property=\"og:image:width\" content=\"600\" \/>\n\t<meta property=\"og:image:height\" content=\"450\" \/>\n\t<meta property=\"og:image:type\" content=\"image\/jpeg\" \/>\n<meta name=\"twitter:card\" content=\"summary_large_image\" \/>\n<meta name=\"twitter:label1\" content=\"Est. reading time\" \/>\n\t<meta name=\"twitter:data1\" content=\"1 minute\" \/>\n<script type=\"application\/ld+json\" class=\"yoast-schema-graph\">{\"@context\":\"https:\\\/\\\/schema.org\",\"@graph\":[{\"@type\":\"WebPage\",\"@id\":\"https:\\\/\\\/rutana.lt\\\/produktas\\\/informacinis-meniu-stovas-100-x-200-mm-t-formos-k-683\\\/\",\"url\":\"https:\\\/\\\/rutana.lt\\\/produktas\\\/informacinis-meniu-stovas-100-x-200-mm-t-formos-k-683\\\/\",\"name\":\"Informacinis meniu stovas 100 x 200 mm \\\"T\\\" formos K - 683 - Rutana - Ra\u0161tin\u0117s reikmenys\",\"isPartOf\":{\"@id\":\"https:\\\/\\\/rutana.lt\\\/#website\"},\"primaryImageOfPage\":{\"@id\":\"https:\\\/\\\/rutana.lt\\\/produktas\\\/informacinis-meniu-stovas-100-x-200-mm-t-formos-k-683\\\/#primaryimage\"},\"image\":{\"@id\":\"https:\\\/\\\/rutana.lt\\\/produktas\\\/informacinis-meniu-stovas-100-x-200-mm-t-formos-k-683\\\/#primaryimage\"},\"thumbnailUrl\":\"https:\\\/\\\/rutana.lt\\\/wp-content\\\/uploads\\\/2025\\\/09\\\/B043-124-1.jpg?v=1763622324\",\"datePublished\":\"2025-09-03T06:47:28+00:00\",\"dateModified\":\"2026-02-08T16:47:12+00:00\",\"breadcrumb\":{\"@id\":\"https:\\\/\\\/rutana.lt\\\/produktas\\\/informacinis-meniu-stovas-100-x-200-mm-t-formos-k-683\\\/#breadcrumb\"},\"inLanguage\":\"en-US\",\"potentialAction\":[{\"@type\":\"ReadAction\",\"target\":[\"https:\\\/\\\/rutana.lt\\\/produktas\\\/informacinis-meniu-stovas-100-x-200-mm-t-formos-k-683\\\/\"]}]},{\"@type\":\"ImageObject\",\"inLanguage\":\"en-US\",\"@id\":\"https:\\\/\\\/rutana.lt\\\/produktas\\\/informacinis-meniu-stovas-100-x-200-mm-t-formos-k-683\\\/#primaryimage\",\"url\":\"https:\\\/\\\/rutana.lt\\\/wp-content\\\/uploads\\\/2025\\\/09\\\/B043-124-1.jpg?v=1763622324\",\"contentUrl\":\"https:\\\/\\\/rutana.lt\\\/wp-content\\\/uploads\\\/2025\\\/09\\\/B043-124-1.jpg?v=1763622324\",\"width\":600,\"height\":450},{\"@type\":\"BreadcrumbList\",\"@id\":\"https:\\\/\\\/rutana.lt\\\/produktas\\\/informacinis-meniu-stovas-100-x-200-mm-t-formos-k-683\\\/#breadcrumb\",\"itemListElement\":[{\"@type\":\"ListItem\",\"position\":1,\"name\":\"Home\",\"item\":\"https:\\\/\\\/rutana.lt\\\/\"},{\"@type\":\"ListItem\",\"position\":2,\"name\":\"Parduotuv\u0117\",\"item\":\"https:\\\/\\\/rutana.lt\\\/parduotuve\\\/\"},{\"@type\":\"ListItem\",\"position\":3,\"name\":\"Informacinis meniu stovas 100 x 200 mm &#8222;T&#8221; formos K &#8211; 683\"}]},{\"@type\":\"WebSite\",\"@id\":\"https:\\\/\\\/rutana.lt\\\/#website\",\"url\":\"https:\\\/\\\/rutana.lt\\\/\",\"name\":\"Rutana - Ra\u0161tin\u0117s reikmenys\",\"description\":\"Prekiaujame pasaulin\u0117je rinkoje pripa\u017eintomis, kokybi\u0161komis biuro prek\u0117mis toki\u0173  gamintoj\u0173 kaip: Schneider, Esselte, Novus, 3M, Faber-Castell, Citizen, Milan, Leitz, Colop, Zebra, Staedtler, Durable, Tork, Parker, Waterman ir kt.\",\"publisher\":{\"@id\":\"https:\\\/\\\/rutana.lt\\\/#organization\"},\"potentialAction\":[{\"@type\":\"SearchAction\",\"target\":{\"@type\":\"EntryPoint\",\"urlTemplate\":\"https:\\\/\\\/rutana.lt\\\/?s={search_term_string}\"},\"query-input\":{\"@type\":\"PropertyValueSpecification\",\"valueRequired\":true,\"valueName\":\"search_term_string\"}}],\"inLanguage\":\"en-US\"},{\"@type\":\"Organization\",\"@id\":\"https:\\\/\\\/rutana.lt\\\/#organization\",\"name\":\"Rutana - Ra\u0161tin\u0117s reikmenys\",\"url\":\"https:\\\/\\\/rutana.lt\\\/\",\"logo\":{\"@type\":\"ImageObject\",\"inLanguage\":\"en-US\",\"@id\":\"https:\\\/\\\/rutana.lt\\\/#\\\/schema\\\/logo\\\/image\\\/\",\"url\":\"https:\\\/\\\/rutana.lt\\\/wp-content\\\/uploads\\\/2025\\\/10\\\/Asset-32.png\",\"contentUrl\":\"https:\\\/\\\/rutana.lt\\\/wp-content\\\/uploads\\\/2025\\\/10\\\/Asset-32.png\",\"width\":433,\"height\":119,\"caption\":\"Rutana - Ra\u0161tin\u0117s reikmenys\"},\"image\":{\"@id\":\"https:\\\/\\\/rutana.lt\\\/#\\\/schema\\\/logo\\\/image\\\/\"},\"sameAs\":[\"https:\\\/\\\/www.facebook.com\\\/RutanaKanceliarinesPrekes\\\/\"]}]}<\/script>\n<!-- \/ Yoast SEO plugin. -->","yoast_head_json":{"title":"Informacinis meniu stovas 100 x 200 mm \"T\" formos K - 683 - Rutana - Ra\u0161tin\u0117s reikmenys","robots":{"index":"index","follow":"follow","max-snippet":"max-snippet:-1","max-image-preview":"max-image-preview:large","max-video-preview":"max-video-preview:-1"},"canonical":"https:\/\/rutana.lt\/en\/product\/informacinis-meniu-stovas-100-x-200-mm-t-formos-k-683\/","og_locale":"en_US","og_type":"article","og_title":"Informacinis meniu stovas 100 x 200 mm \"T\" formos K - 683 - Rutana - Ra\u0161tin\u0117s reikmenys","og_description":"Tiesus ir vertikalus \"T\" formos stovas skirtas meniu ar informacijos pateikimui i\u0161 dviej\u0173 pusi\u0173.","og_url":"https:\/\/rutana.lt\/en\/product\/informacinis-meniu-stovas-100-x-200-mm-t-formos-k-683\/","og_site_name":"Rutana - Ra\u0161tin\u0117s reikmenys","article_publisher":"https:\/\/www.facebook.com\/RutanaKanceliarinesPrekes\/","article_modified_time":"2026-02-08T16:47:12+00:00","og_image":[{"width":600,"height":450,"url":"https:\/\/rutana.lt\/wp-content\/uploads\/2025\/09\/B043-124-1.jpg?v=1763622324","type":"image\/jpeg"}],"twitter_card":"summary_large_image","twitter_misc":{"Est. reading time":"1 minute"},"schema":{"@context":"https:\/\/schema.org","@graph":[{"@type":"WebPage","@id":"https:\/\/rutana.lt\/produktas\/informacinis-meniu-stovas-100-x-200-mm-t-formos-k-683\/","url":"https:\/\/rutana.lt\/produktas\/informacinis-meniu-stovas-100-x-200-mm-t-formos-k-683\/","name":"Informacinis meniu stovas 100 x 200 mm \"T\" formos K - 683 - Rutana - Ra\u0161tin\u0117s reikmenys","isPartOf":{"@id":"https:\/\/rutana.lt\/#website"},"primaryImageOfPage":{"@id":"https:\/\/rutana.lt\/produktas\/informacinis-meniu-stovas-100-x-200-mm-t-formos-k-683\/#primaryimage"},"image":{"@id":"https:\/\/rutana.lt\/produktas\/informacinis-meniu-stovas-100-x-200-mm-t-formos-k-683\/#primaryimage"},"thumbnailUrl":"https:\/\/rutana.lt\/wp-content\/uploads\/2025\/09\/B043-124-1.jpg?v=1763622324","datePublished":"2025-09-03T06:47:28+00:00","dateModified":"2026-02-08T16:47:12+00:00","breadcrumb":{"@id":"https:\/\/rutana.lt\/produktas\/informacinis-meniu-stovas-100-x-200-mm-t-formos-k-683\/#breadcrumb"},"inLanguage":"en-US","potentialAction":[{"@type":"ReadAction","target":["https:\/\/rutana.lt\/produktas\/informacinis-meniu-stovas-100-x-200-mm-t-formos-k-683\/"]}]},{"@type":"ImageObject","inLanguage":"en-US","@id":"https:\/\/rutana.lt\/produktas\/informacinis-meniu-stovas-100-x-200-mm-t-formos-k-683\/#primaryimage","url":"https:\/\/rutana.lt\/wp-content\/uploads\/2025\/09\/B043-124-1.jpg?v=1763622324","contentUrl":"https:\/\/rutana.lt\/wp-content\/uploads\/2025\/09\/B043-124-1.jpg?v=1763622324","width":600,"height":450},{"@type":"BreadcrumbList","@id":"https:\/\/rutana.lt\/produktas\/informacinis-meniu-stovas-100-x-200-mm-t-formos-k-683\/#breadcrumb","itemListElement":[{"@type":"ListItem","position":1,"name":"Home","item":"https:\/\/rutana.lt\/"},{"@type":"ListItem","position":2,"name":"Parduotuv\u0117","item":"https:\/\/rutana.lt\/parduotuve\/"},{"@type":"ListItem","position":3,"name":"Informacinis meniu stovas 100 x 200 mm &#8222;T&#8221; formos K &#8211; 683"}]},{"@type":"WebSite","@id":"https:\/\/rutana.lt\/#website","url":"https:\/\/rutana.lt\/","name":"Rutana - Ra\u0161tin\u0117s reikmenys","description":"Prekiaujame pasaulin\u0117je rinkoje pripa\u017eintomis, kokybi\u0161komis biuro prek\u0117mis toki\u0173  gamintoj\u0173 kaip: Schneider, Esselte, Novus, 3M, Faber-Castell, Citizen, Milan, Leitz, Colop, Zebra, Staedtler, Durable, Tork, Parker, Waterman ir kt.","publisher":{"@id":"https:\/\/rutana.lt\/#organization"},"potentialAction":[{"@type":"SearchAction","target":{"@type":"EntryPoint","urlTemplate":"https:\/\/rutana.lt\/?s={search_term_string}"},"query-input":{"@type":"PropertyValueSpecification","valueRequired":true,"valueName":"search_term_string"}}],"inLanguage":"en-US"},{"@type":"Organization","@id":"https:\/\/rutana.lt\/#organization","name":"Rutana - Ra\u0161tin\u0117s reikmenys","url":"https:\/\/rutana.lt\/","logo":{"@type":"ImageObject","inLanguage":"en-US","@id":"https:\/\/rutana.lt\/#\/schema\/logo\/image\/","url":"https:\/\/rutana.lt\/wp-content\/uploads\/2025\/10\/Asset-32.png","contentUrl":"https:\/\/rutana.lt\/wp-content\/uploads\/2025\/10\/Asset-32.png","width":433,"height":119,"caption":"Rutana - Ra\u0161tin\u0117s reikmenys"},"image":{"@id":"https:\/\/rutana.lt\/#\/schema\/logo\/image\/"},"sameAs":["https:\/\/www.facebook.com\/RutanaKanceliarinesPrekes\/"]}]}},"_links":{"self":[{"href":"https:\/\/rutana.lt\/en\/wp-json\/wp\/v2\/product\/5683","targetHints":{"allow":["GET"]}}],"collection":[{"href":"https:\/\/rutana.lt\/en\/wp-json\/wp\/v2\/product"}],"about":[{"href":"https:\/\/rutana.lt\/en\/wp-json\/wp\/v2\/types\/product"}],"replies":[{"embeddable":true,"href":"https:\/\/rutana.lt\/en\/wp-json\/wp\/v2\/comments?post=5683"}],"version-history":[{"count":3,"href":"https:\/\/rutana.lt\/en\/wp-json\/wp\/v2\/product\/5683\/revisions"}],"predecessor-version":[{"id":34868,"href":"https:\/\/rutana.lt\/en\/wp-json\/wp\/v2\/product\/5683\/revisions\/34868"}],"wp:featuredmedia":[{"embeddable":true,"href":"https:\/\/rutana.lt\/en\/wp-json\/wp\/v2\/media\/25562"}],"wp:attachment":[{"href":"https:\/\/rutana.lt\/en\/wp-json\/wp\/v2\/media?parent=5683"}],"wp:term":[{"taxonomy":"product_brand","embeddable":true,"href":"https:\/\/rutana.lt\/en\/wp-json\/wp\/v2\/product_brand?post=5683"},{"taxonomy":"product_cat","embeddable":true,"href":"https:\/\/rutana.lt\/en\/wp-json\/wp\/v2\/product_cat?post=5683"},{"taxonomy":"product_tag","embeddable":true,"href":"https:\/\/rutana.lt\/en\/wp-json\/wp\/v2\/product_tag?post=5683"}],"curies":[{"name":"wp","href":"https:\/\/api.w.org\/{rel}","templated":true}]}}