{"id":5596,"date":"2025-09-03T08:47:04","date_gmt":"2025-09-03T06:47:04","guid":{"rendered":"https:\/\/rutana.webdemo.lt\/?post_type=product&#038;p=5596"},"modified":"2025-10-13T15:24:04","modified_gmt":"2025-10-13T13:24:04","slug":"informacinis-stovas-a5-l-formos-k-470v","status":"publish","type":"product","link":"https:\/\/rutana.lt\/en\/product\/informacinis-stovas-a5-l-formos-k-470v\/","title":{"rendered":"Informacinis stovas A5 &#8222;L&#8221; formos K &#8211; 470V"},"content":{"rendered":"<p>Tiesus ir vertikalus &#8222;L&#8221; formos stovas skirtas reklamos ar informacijos pateikimui. Informacija pateikiama i\u0161 vienos pus\u0117s. Pagamintas i\u0161 labai tvirto ir ypatingai skaidraus plastiko. Gali b\u016bti naudojamas vie\u0161butyje, biure, mokykloje, ligonin\u0117je, konferencijose, parduotuv\u0117se ir t.t.<\/p>\n<p>Formatas: A5 ( 148 x 210 mm )<\/p>\n<p><\/p>\n<p><\/p>","protected":false},"excerpt":{"rendered":"<p>Tiesus ir vertikalus &#8222;L&#8221; formos stovas skirtas reklamos ar informacijos pateikimui. Informacija pateikiama i\u0161 vienos pus\u0117s. Pagamintas i\u0161 labai tvirto ir ypatingai skaidraus plastiko. Gali b\u016bti naudojamas vie\u0161butyje, biure, mokykloje, ligonin\u0117je, konferencijose, parduotuv\u0117se ir t.t. Formatas: A5 ( 148 x 210 mm )<\/p>","protected":false},"featured_media":25529,"comment_status":"open","ping_status":"closed","template":"","meta":{"_season_start":"","_season_end":"","_season_days":"","_season_months":"","_season_auto_visibility":""},"product_brand":[494],"product_cat":[1654,1655,1653],"product_tag":[],"class_list":{"0":"post-5596","1":"product","2":"type-product","3":"status-publish","4":"has-post-thumbnail","6":"product_brand-kejea","7":"product_cat-brosiuru-deklai","8":"product_cat-informacines-lentynos","9":"product_cat-informaciniai-stovai","11":"first","12":"instock","13":"taxable","14":"shipping-taxable","15":"purchasable","16":"product-type-simple"},"yoast_head":"<!-- This site is optimized with the Yoast SEO plugin v27.4 - https:\/\/yoast.com\/product\/yoast-seo-wordpress\/ -->\n<title>Informacinis stovas A5 &quot;L&quot; formos K - 470V - Rutana - Ra\u0161tin\u0117s reikmenys<\/title>\n<meta name=\"robots\" content=\"index, follow, max-snippet:-1, max-image-preview:large, max-video-preview:-1\" \/>\n<link rel=\"canonical\" href=\"https:\/\/rutana.lt\/en\/product\/informacinis-stovas-a5-l-formos-k-470v\/\" \/>\n<meta property=\"og:locale\" content=\"en_US\" \/>\n<meta property=\"og:type\" content=\"article\" \/>\n<meta property=\"og:title\" content=\"Informacinis stovas A5 &quot;L&quot; formos K - 470V - Rutana - Ra\u0161tin\u0117s reikmenys\" \/>\n<meta property=\"og:description\" content=\"Tiesus ir vertikalus &#8222;L&#8221; formos stovas skirtas reklamos ar informacijos pateikimui. Informacija pateikiama i\u0161 vienos pus\u0117s. Pagamintas i\u0161 labai tvirto ir ypatingai skaidraus plastiko. Gali b\u016bti naudojamas vie\u0161butyje, biure, mokykloje, ligonin\u0117je, konferencijose, parduotuv\u0117se ir t.t. Formatas: A5 ( 148 x 210 mm )\" \/>\n<meta property=\"og:url\" content=\"https:\/\/rutana.lt\/en\/product\/informacinis-stovas-a5-l-formos-k-470v\/\" \/>\n<meta property=\"og:site_name\" content=\"Rutana - Ra\u0161tin\u0117s reikmenys\" \/>\n<meta property=\"article:publisher\" content=\"https:\/\/www.facebook.com\/RutanaKanceliarinesPrekes\/\" \/>\n<meta property=\"article:modified_time\" content=\"2025-10-13T13:24:04+00:00\" \/>\n<meta property=\"og:image\" content=\"https:\/\/rutana.lt\/wp-content\/uploads\/2025\/09\/B043-120.jpg\" \/>\n\t<meta property=\"og:image:width\" content=\"600\" \/>\n\t<meta property=\"og:image:height\" content=\"600\" \/>\n\t<meta property=\"og:image:type\" content=\"image\/jpeg\" \/>\n<meta name=\"twitter:card\" content=\"summary_large_image\" \/>\n<script type=\"application\/ld+json\" class=\"yoast-schema-graph\">{\"@context\":\"https:\\\/\\\/schema.org\",\"@graph\":[{\"@type\":\"WebPage\",\"@id\":\"https:\\\/\\\/rutana.lt\\\/produktas\\\/informacinis-stovas-a5-l-formos-k-470v\\\/\",\"url\":\"https:\\\/\\\/rutana.lt\\\/produktas\\\/informacinis-stovas-a5-l-formos-k-470v\\\/\",\"name\":\"Informacinis stovas A5 \\\"L\\\" formos K - 470V - Rutana - Ra\u0161tin\u0117s reikmenys\",\"isPartOf\":{\"@id\":\"https:\\\/\\\/rutana.lt\\\/#website\"},\"primaryImageOfPage\":{\"@id\":\"https:\\\/\\\/rutana.lt\\\/produktas\\\/informacinis-stovas-a5-l-formos-k-470v\\\/#primaryimage\"},\"image\":{\"@id\":\"https:\\\/\\\/rutana.lt\\\/produktas\\\/informacinis-stovas-a5-l-formos-k-470v\\\/#primaryimage\"},\"thumbnailUrl\":\"https:\\\/\\\/rutana.lt\\\/wp-content\\\/uploads\\\/2025\\\/09\\\/B043-120-1.jpg?v=1763622366\",\"datePublished\":\"2025-09-03T06:47:04+00:00\",\"dateModified\":\"2025-10-13T13:24:04+00:00\",\"breadcrumb\":{\"@id\":\"https:\\\/\\\/rutana.lt\\\/produktas\\\/informacinis-stovas-a5-l-formos-k-470v\\\/#breadcrumb\"},\"inLanguage\":\"en-US\",\"potentialAction\":[{\"@type\":\"ReadAction\",\"target\":[\"https:\\\/\\\/rutana.lt\\\/produktas\\\/informacinis-stovas-a5-l-formos-k-470v\\\/\"]}]},{\"@type\":\"ImageObject\",\"inLanguage\":\"en-US\",\"@id\":\"https:\\\/\\\/rutana.lt\\\/produktas\\\/informacinis-stovas-a5-l-formos-k-470v\\\/#primaryimage\",\"url\":\"https:\\\/\\\/rutana.lt\\\/wp-content\\\/uploads\\\/2025\\\/09\\\/B043-120-1.jpg?v=1763622366\",\"contentUrl\":\"https:\\\/\\\/rutana.lt\\\/wp-content\\\/uploads\\\/2025\\\/09\\\/B043-120-1.jpg?v=1763622366\",\"width\":600,\"height\":600},{\"@type\":\"BreadcrumbList\",\"@id\":\"https:\\\/\\\/rutana.lt\\\/produktas\\\/informacinis-stovas-a5-l-formos-k-470v\\\/#breadcrumb\",\"itemListElement\":[{\"@type\":\"ListItem\",\"position\":1,\"name\":\"Home\",\"item\":\"https:\\\/\\\/rutana.lt\\\/\"},{\"@type\":\"ListItem\",\"position\":2,\"name\":\"Parduotuv\u0117\",\"item\":\"https:\\\/\\\/rutana.lt\\\/parduotuve\\\/\"},{\"@type\":\"ListItem\",\"position\":3,\"name\":\"Informacinis stovas A5 &#8222;L&#8221; formos K &#8211; 470V\"}]},{\"@type\":\"WebSite\",\"@id\":\"https:\\\/\\\/rutana.lt\\\/#website\",\"url\":\"https:\\\/\\\/rutana.lt\\\/\",\"name\":\"Rutana - Ra\u0161tin\u0117s reikmenys\",\"description\":\"Prekiaujame pasaulin\u0117je rinkoje pripa\u017eintomis, kokybi\u0161komis biuro prek\u0117mis toki\u0173  gamintoj\u0173 kaip: Schneider, Esselte, Novus, 3M, Faber-Castell, Citizen, Milan, Leitz, Colop, Zebra, Staedtler, Durable, Tork, Parker, Waterman ir kt.\",\"publisher\":{\"@id\":\"https:\\\/\\\/rutana.lt\\\/#organization\"},\"potentialAction\":[{\"@type\":\"SearchAction\",\"target\":{\"@type\":\"EntryPoint\",\"urlTemplate\":\"https:\\\/\\\/rutana.lt\\\/?s={search_term_string}\"},\"query-input\":{\"@type\":\"PropertyValueSpecification\",\"valueRequired\":true,\"valueName\":\"search_term_string\"}}],\"inLanguage\":\"en-US\"},{\"@type\":\"Organization\",\"@id\":\"https:\\\/\\\/rutana.lt\\\/#organization\",\"name\":\"Rutana - Ra\u0161tin\u0117s reikmenys\",\"url\":\"https:\\\/\\\/rutana.lt\\\/\",\"logo\":{\"@type\":\"ImageObject\",\"inLanguage\":\"en-US\",\"@id\":\"https:\\\/\\\/rutana.lt\\\/#\\\/schema\\\/logo\\\/image\\\/\",\"url\":\"https:\\\/\\\/rutana.lt\\\/wp-content\\\/uploads\\\/2025\\\/10\\\/Asset-32.png\",\"contentUrl\":\"https:\\\/\\\/rutana.lt\\\/wp-content\\\/uploads\\\/2025\\\/10\\\/Asset-32.png\",\"width\":433,\"height\":119,\"caption\":\"Rutana - Ra\u0161tin\u0117s reikmenys\"},\"image\":{\"@id\":\"https:\\\/\\\/rutana.lt\\\/#\\\/schema\\\/logo\\\/image\\\/\"},\"sameAs\":[\"https:\\\/\\\/www.facebook.com\\\/RutanaKanceliarinesPrekes\\\/\"]}]}<\/script>\n<!-- \/ Yoast SEO plugin. -->","yoast_head_json":{"title":"Informacinis stovas A5 \"L\" formos K - 470V - Rutana - Ra\u0161tin\u0117s reikmenys","robots":{"index":"index","follow":"follow","max-snippet":"max-snippet:-1","max-image-preview":"max-image-preview:large","max-video-preview":"max-video-preview:-1"},"canonical":"https:\/\/rutana.lt\/en\/product\/informacinis-stovas-a5-l-formos-k-470v\/","og_locale":"en_US","og_type":"article","og_title":"Informacinis stovas A5 \"L\" formos K - 470V - Rutana - Ra\u0161tin\u0117s reikmenys","og_description":"Tiesus ir vertikalus &#8222;L&#8221; formos stovas skirtas reklamos ar informacijos pateikimui. Informacija pateikiama i\u0161 vienos pus\u0117s. Pagamintas i\u0161 labai tvirto ir ypatingai skaidraus plastiko. Gali b\u016bti naudojamas vie\u0161butyje, biure, mokykloje, ligonin\u0117je, konferencijose, parduotuv\u0117se ir t.t. Formatas: A5 ( 148 x 210 mm )","og_url":"https:\/\/rutana.lt\/en\/product\/informacinis-stovas-a5-l-formos-k-470v\/","og_site_name":"Rutana - Ra\u0161tin\u0117s reikmenys","article_publisher":"https:\/\/www.facebook.com\/RutanaKanceliarinesPrekes\/","article_modified_time":"2025-10-13T13:24:04+00:00","og_image":[{"width":600,"height":600,"url":"https:\/\/rutana.lt\/wp-content\/uploads\/2025\/09\/B043-120.jpg","type":"image\/jpeg"}],"twitter_card":"summary_large_image","schema":{"@context":"https:\/\/schema.org","@graph":[{"@type":"WebPage","@id":"https:\/\/rutana.lt\/produktas\/informacinis-stovas-a5-l-formos-k-470v\/","url":"https:\/\/rutana.lt\/produktas\/informacinis-stovas-a5-l-formos-k-470v\/","name":"Informacinis stovas A5 \"L\" formos K - 470V - Rutana - Ra\u0161tin\u0117s reikmenys","isPartOf":{"@id":"https:\/\/rutana.lt\/#website"},"primaryImageOfPage":{"@id":"https:\/\/rutana.lt\/produktas\/informacinis-stovas-a5-l-formos-k-470v\/#primaryimage"},"image":{"@id":"https:\/\/rutana.lt\/produktas\/informacinis-stovas-a5-l-formos-k-470v\/#primaryimage"},"thumbnailUrl":"https:\/\/rutana.lt\/wp-content\/uploads\/2025\/09\/B043-120-1.jpg?v=1763622366","datePublished":"2025-09-03T06:47:04+00:00","dateModified":"2025-10-13T13:24:04+00:00","breadcrumb":{"@id":"https:\/\/rutana.lt\/produktas\/informacinis-stovas-a5-l-formos-k-470v\/#breadcrumb"},"inLanguage":"en-US","potentialAction":[{"@type":"ReadAction","target":["https:\/\/rutana.lt\/produktas\/informacinis-stovas-a5-l-formos-k-470v\/"]}]},{"@type":"ImageObject","inLanguage":"en-US","@id":"https:\/\/rutana.lt\/produktas\/informacinis-stovas-a5-l-formos-k-470v\/#primaryimage","url":"https:\/\/rutana.lt\/wp-content\/uploads\/2025\/09\/B043-120-1.jpg?v=1763622366","contentUrl":"https:\/\/rutana.lt\/wp-content\/uploads\/2025\/09\/B043-120-1.jpg?v=1763622366","width":600,"height":600},{"@type":"BreadcrumbList","@id":"https:\/\/rutana.lt\/produktas\/informacinis-stovas-a5-l-formos-k-470v\/#breadcrumb","itemListElement":[{"@type":"ListItem","position":1,"name":"Home","item":"https:\/\/rutana.lt\/"},{"@type":"ListItem","position":2,"name":"Parduotuv\u0117","item":"https:\/\/rutana.lt\/parduotuve\/"},{"@type":"ListItem","position":3,"name":"Informacinis stovas A5 &#8222;L&#8221; formos K &#8211; 470V"}]},{"@type":"WebSite","@id":"https:\/\/rutana.lt\/#website","url":"https:\/\/rutana.lt\/","name":"Rutana - Ra\u0161tin\u0117s reikmenys","description":"Prekiaujame pasaulin\u0117je rinkoje pripa\u017eintomis, kokybi\u0161komis biuro prek\u0117mis toki\u0173  gamintoj\u0173 kaip: Schneider, Esselte, Novus, 3M, Faber-Castell, Citizen, Milan, Leitz, Colop, Zebra, Staedtler, Durable, Tork, Parker, Waterman ir kt.","publisher":{"@id":"https:\/\/rutana.lt\/#organization"},"potentialAction":[{"@type":"SearchAction","target":{"@type":"EntryPoint","urlTemplate":"https:\/\/rutana.lt\/?s={search_term_string}"},"query-input":{"@type":"PropertyValueSpecification","valueRequired":true,"valueName":"search_term_string"}}],"inLanguage":"en-US"},{"@type":"Organization","@id":"https:\/\/rutana.lt\/#organization","name":"Rutana - Ra\u0161tin\u0117s reikmenys","url":"https:\/\/rutana.lt\/","logo":{"@type":"ImageObject","inLanguage":"en-US","@id":"https:\/\/rutana.lt\/#\/schema\/logo\/image\/","url":"https:\/\/rutana.lt\/wp-content\/uploads\/2025\/10\/Asset-32.png","contentUrl":"https:\/\/rutana.lt\/wp-content\/uploads\/2025\/10\/Asset-32.png","width":433,"height":119,"caption":"Rutana - Ra\u0161tin\u0117s reikmenys"},"image":{"@id":"https:\/\/rutana.lt\/#\/schema\/logo\/image\/"},"sameAs":["https:\/\/www.facebook.com\/RutanaKanceliarinesPrekes\/"]}]}},"_links":{"self":[{"href":"https:\/\/rutana.lt\/en\/wp-json\/wp\/v2\/product\/5596","targetHints":{"allow":["GET"]}}],"collection":[{"href":"https:\/\/rutana.lt\/en\/wp-json\/wp\/v2\/product"}],"about":[{"href":"https:\/\/rutana.lt\/en\/wp-json\/wp\/v2\/types\/product"}],"replies":[{"embeddable":true,"href":"https:\/\/rutana.lt\/en\/wp-json\/wp\/v2\/comments?post=5596"}],"version-history":[{"count":1,"href":"https:\/\/rutana.lt\/en\/wp-json\/wp\/v2\/product\/5596\/revisions"}],"predecessor-version":[{"id":5635,"href":"https:\/\/rutana.lt\/en\/wp-json\/wp\/v2\/product\/5596\/revisions\/5635"}],"wp:featuredmedia":[{"embeddable":true,"href":"https:\/\/rutana.lt\/en\/wp-json\/wp\/v2\/media\/25529"}],"wp:attachment":[{"href":"https:\/\/rutana.lt\/en\/wp-json\/wp\/v2\/media?parent=5596"}],"wp:term":[{"taxonomy":"product_brand","embeddable":true,"href":"https:\/\/rutana.lt\/en\/wp-json\/wp\/v2\/product_brand?post=5596"},{"taxonomy":"product_cat","embeddable":true,"href":"https:\/\/rutana.lt\/en\/wp-json\/wp\/v2\/product_cat?post=5596"},{"taxonomy":"product_tag","embeddable":true,"href":"https:\/\/rutana.lt\/en\/wp-json\/wp\/v2\/product_tag?post=5596"}],"curies":[{"name":"wp","href":"https:\/\/api.w.org\/{rel}","templated":true}]}}