{"id":5443,"date":"2025-09-03T08:46:17","date_gmt":"2025-09-03T06:46:17","guid":{"rendered":"https:\/\/rutana.webdemo.lt\/?post_type=product&#038;p=5443"},"modified":"2025-10-13T15:23:43","modified_gmt":"2025-10-13T13:23:43","slug":"kartoninis-aplankas-su-gumele-a4-zalias-forpus-21502","status":"publish","type":"product","link":"https:\/\/rutana.lt\/en\/product\/kartoninis-aplankas-su-gumele-a4-zalias-forpus-21502\/","title":{"rendered":"Kartoninis aplankas su gumele A4 \u017ealias Forpus 21502"},"content":{"rendered":"<p>Aplankas, pagamintas i\u0161 auk\u0161tos kokyb\u0117s 400 g\/m<span style=\"vertical-align: super;\">2 <\/span>kartono, skirtas dokument\u0173 laikymui ir perne\u0161imui. Aplanko viduje yra 3 plat\u016bs atvartai, o i\u0161or\u0117je &#8211; 2 elastingos gumel\u0117s, kad patikimai u\u017edaryt\u0173 aplank\u0105. \u012e aplank\u0105 telpa iki 300 standartini\u0173 lap\u0173.<\/p>\n<p>Formatas: A4<\/p>\n<p>Aplanko spalva: \u017ealia<\/p>\n<p><\/p>\n<p><\/p>","protected":false},"excerpt":{"rendered":"<p>Aplankas, pagamintas i\u0161 auk\u0161tos kokyb\u0117s 400 g\/m2 kartono, skirtas dokument\u0173 laikymui ir perne\u0161imui. Aplanko viduje yra 3 plat\u016bs atvartai, o i\u0161or\u0117je &#8211; 2 elastingos gumel\u0117s, kad patikimai u\u017edaryt\u0173 aplank\u0105. \u012e aplank\u0105 telpa iki 300 standartini\u0173 lap\u0173. Formatas: A4 Aplanko spalva: \u017ealia<\/p>","protected":false},"featured_media":25486,"comment_status":"open","ping_status":"closed","template":"","meta":{"_season_start":"","_season_end":"","_season_days":"","_season_months":"","_season_auto_visibility":""},"product_brand":[74],"product_cat":[1610],"product_tag":[],"class_list":{"0":"post-5443","1":"product","2":"type-product","3":"status-publish","4":"has-post-thumbnail","6":"product_brand-forpus","7":"product_cat-kartoniniai-segtuvai-ir-aplankai","9":"first","10":"instock","11":"taxable","12":"shipping-taxable","13":"purchasable","14":"product-type-simple"},"yoast_head":"<!-- This site is optimized with the Yoast SEO plugin v26.1.1 - https:\/\/yoast.com\/wordpress\/plugins\/seo\/ -->\n<title>Kartoninis aplankas su gumele A4 \u017ealias Forpus 21502 - Rutana - Ra\u0161tin\u0117s reikmenys<\/title>\n<meta name=\"robots\" content=\"index, follow, max-snippet:-1, max-image-preview:large, max-video-preview:-1\" \/>\n<link rel=\"canonical\" href=\"https:\/\/rutana.lt\/en\/product\/kartoninis-aplankas-su-gumele-a4-zalias-forpus-21502\/\" \/>\n<meta property=\"og:locale\" content=\"en_US\" \/>\n<meta property=\"og:type\" content=\"article\" \/>\n<meta property=\"og:title\" content=\"Kartoninis aplankas su gumele A4 \u017ealias Forpus 21502 - Rutana - Ra\u0161tin\u0117s reikmenys\" \/>\n<meta property=\"og:description\" content=\"Aplankas, pagamintas i\u0161 auk\u0161tos kokyb\u0117s 400 g\/m2 kartono, skirtas dokument\u0173 laikymui ir perne\u0161imui. Aplanko viduje yra 3 plat\u016bs atvartai, o i\u0161or\u0117je &#8211; 2 elastingos gumel\u0117s, kad patikimai u\u017edaryt\u0173 aplank\u0105. \u012e aplank\u0105 telpa iki 300 standartini\u0173 lap\u0173. Formatas: A4 Aplanko spalva: \u017ealia\" \/>\n<meta property=\"og:url\" content=\"https:\/\/rutana.lt\/en\/product\/kartoninis-aplankas-su-gumele-a4-zalias-forpus-21502\/\" \/>\n<meta property=\"og:site_name\" content=\"Rutana - Ra\u0161tin\u0117s reikmenys\" \/>\n<meta property=\"article:publisher\" content=\"https:\/\/www.facebook.com\/RutanaKanceliarinesPrekes\/\" \/>\n<meta property=\"article:modified_time\" content=\"2025-10-13T13:23:43+00:00\" \/>\n<meta property=\"og:image\" content=\"https:\/\/rutana.lt\/wp-content\/uploads\/2025\/09\/A165-002.jpg\" \/>\n\t<meta property=\"og:image:width\" content=\"600\" \/>\n\t<meta property=\"og:image:height\" content=\"438\" \/>\n\t<meta property=\"og:image:type\" content=\"image\/jpeg\" \/>\n<meta name=\"twitter:card\" content=\"summary_large_image\" \/>\n<script type=\"application\/ld+json\" class=\"yoast-schema-graph\">{\"@context\":\"https:\/\/schema.org\",\"@graph\":[{\"@type\":\"WebPage\",\"@id\":\"https:\/\/rutana.lt\/produktas\/kartoninis-aplankas-su-gumele-a4-zalias-forpus-21502\/\",\"url\":\"https:\/\/rutana.lt\/produktas\/kartoninis-aplankas-su-gumele-a4-zalias-forpus-21502\/\",\"name\":\"Kartoninis aplankas su gumele A4 \u017ealias Forpus 21502 - Rutana - Ra\u0161tin\u0117s reikmenys\",\"isPartOf\":{\"@id\":\"https:\/\/rutana.lt\/#website\"},\"primaryImageOfPage\":{\"@id\":\"https:\/\/rutana.lt\/produktas\/kartoninis-aplankas-su-gumele-a4-zalias-forpus-21502\/#primaryimage\"},\"image\":{\"@id\":\"https:\/\/rutana.lt\/produktas\/kartoninis-aplankas-su-gumele-a4-zalias-forpus-21502\/#primaryimage\"},\"thumbnailUrl\":\"https:\/\/rutana.lt\/wp-content\/uploads\/2025\/09\/A165-002-1.jpg?v=1763622419\",\"datePublished\":\"2025-09-03T06:46:17+00:00\",\"dateModified\":\"2025-10-13T13:23:43+00:00\",\"breadcrumb\":{\"@id\":\"https:\/\/rutana.lt\/produktas\/kartoninis-aplankas-su-gumele-a4-zalias-forpus-21502\/#breadcrumb\"},\"inLanguage\":\"en-US\",\"potentialAction\":[{\"@type\":\"ReadAction\",\"target\":[\"https:\/\/rutana.lt\/produktas\/kartoninis-aplankas-su-gumele-a4-zalias-forpus-21502\/\"]}]},{\"@type\":\"ImageObject\",\"inLanguage\":\"en-US\",\"@id\":\"https:\/\/rutana.lt\/produktas\/kartoninis-aplankas-su-gumele-a4-zalias-forpus-21502\/#primaryimage\",\"url\":\"https:\/\/rutana.lt\/wp-content\/uploads\/2025\/09\/A165-002-1.jpg?v=1763622419\",\"contentUrl\":\"https:\/\/rutana.lt\/wp-content\/uploads\/2025\/09\/A165-002-1.jpg?v=1763622419\",\"width\":600,\"height\":438},{\"@type\":\"BreadcrumbList\",\"@id\":\"https:\/\/rutana.lt\/produktas\/kartoninis-aplankas-su-gumele-a4-zalias-forpus-21502\/#breadcrumb\",\"itemListElement\":[{\"@type\":\"ListItem\",\"position\":1,\"name\":\"Home\",\"item\":\"https:\/\/rutana.lt\/\"},{\"@type\":\"ListItem\",\"position\":2,\"name\":\"Parduotuv\u0117\",\"item\":\"https:\/\/rutana.lt\/parduotuve\/\"},{\"@type\":\"ListItem\",\"position\":3,\"name\":\"Kartoninis aplankas su gumele A4 \u017ealias Forpus 21502\"}]},{\"@type\":\"WebSite\",\"@id\":\"https:\/\/rutana.lt\/#website\",\"url\":\"https:\/\/rutana.lt\/\",\"name\":\"Rutana - Ra\u0161tin\u0117s reikmenys\",\"description\":\"Prekiaujame pasaulin\u0117je rinkoje pripa\u017eintomis, kokybi\u0161komis biuro prek\u0117mis toki\u0173  gamintoj\u0173 kaip: Schneider, Esselte, Novus, 3M, Faber-Castell, Citizen, Milan, Leitz, Colop, Zebra, Staedtler, Durable, Tork, Parker, Waterman ir kt.\",\"publisher\":{\"@id\":\"https:\/\/rutana.lt\/#organization\"},\"potentialAction\":[{\"@type\":\"SearchAction\",\"target\":{\"@type\":\"EntryPoint\",\"urlTemplate\":\"https:\/\/rutana.lt\/?s={search_term_string}\"},\"query-input\":{\"@type\":\"PropertyValueSpecification\",\"valueRequired\":true,\"valueName\":\"search_term_string\"}}],\"inLanguage\":\"en-US\"},{\"@type\":\"Organization\",\"@id\":\"https:\/\/rutana.lt\/#organization\",\"name\":\"Rutana - Ra\u0161tin\u0117s reikmenys\",\"url\":\"https:\/\/rutana.lt\/\",\"logo\":{\"@type\":\"ImageObject\",\"inLanguage\":\"en-US\",\"@id\":\"https:\/\/rutana.lt\/#\/schema\/logo\/image\/\",\"url\":\"https:\/\/rutana.lt\/wp-content\/uploads\/2025\/10\/Asset-32.png\",\"contentUrl\":\"https:\/\/rutana.lt\/wp-content\/uploads\/2025\/10\/Asset-32.png\",\"width\":433,\"height\":119,\"caption\":\"Rutana - Ra\u0161tin\u0117s reikmenys\"},\"image\":{\"@id\":\"https:\/\/rutana.lt\/#\/schema\/logo\/image\/\"},\"sameAs\":[\"https:\/\/www.facebook.com\/RutanaKanceliarinesPrekes\/\"]}]}<\/script>\n<!-- \/ Yoast SEO plugin. -->","yoast_head_json":{"title":"Kartoninis aplankas su gumele A4 \u017ealias Forpus 21502 - Rutana - Ra\u0161tin\u0117s reikmenys","robots":{"index":"index","follow":"follow","max-snippet":"max-snippet:-1","max-image-preview":"max-image-preview:large","max-video-preview":"max-video-preview:-1"},"canonical":"https:\/\/rutana.lt\/en\/product\/kartoninis-aplankas-su-gumele-a4-zalias-forpus-21502\/","og_locale":"en_US","og_type":"article","og_title":"Kartoninis aplankas su gumele A4 \u017ealias Forpus 21502 - Rutana - Ra\u0161tin\u0117s reikmenys","og_description":"Aplankas, pagamintas i\u0161 auk\u0161tos kokyb\u0117s 400 g\/m2 kartono, skirtas dokument\u0173 laikymui ir perne\u0161imui. Aplanko viduje yra 3 plat\u016bs atvartai, o i\u0161or\u0117je &#8211; 2 elastingos gumel\u0117s, kad patikimai u\u017edaryt\u0173 aplank\u0105. \u012e aplank\u0105 telpa iki 300 standartini\u0173 lap\u0173. Formatas: A4 Aplanko spalva: \u017ealia","og_url":"https:\/\/rutana.lt\/en\/product\/kartoninis-aplankas-su-gumele-a4-zalias-forpus-21502\/","og_site_name":"Rutana - Ra\u0161tin\u0117s reikmenys","article_publisher":"https:\/\/www.facebook.com\/RutanaKanceliarinesPrekes\/","article_modified_time":"2025-10-13T13:23:43+00:00","og_image":[{"width":600,"height":438,"url":"https:\/\/rutana.lt\/wp-content\/uploads\/2025\/09\/A165-002.jpg","type":"image\/jpeg"}],"twitter_card":"summary_large_image","schema":{"@context":"https:\/\/schema.org","@graph":[{"@type":"WebPage","@id":"https:\/\/rutana.lt\/produktas\/kartoninis-aplankas-su-gumele-a4-zalias-forpus-21502\/","url":"https:\/\/rutana.lt\/produktas\/kartoninis-aplankas-su-gumele-a4-zalias-forpus-21502\/","name":"Kartoninis aplankas su gumele A4 \u017ealias Forpus 21502 - Rutana - Ra\u0161tin\u0117s reikmenys","isPartOf":{"@id":"https:\/\/rutana.lt\/#website"},"primaryImageOfPage":{"@id":"https:\/\/rutana.lt\/produktas\/kartoninis-aplankas-su-gumele-a4-zalias-forpus-21502\/#primaryimage"},"image":{"@id":"https:\/\/rutana.lt\/produktas\/kartoninis-aplankas-su-gumele-a4-zalias-forpus-21502\/#primaryimage"},"thumbnailUrl":"https:\/\/rutana.lt\/wp-content\/uploads\/2025\/09\/A165-002-1.jpg?v=1763622419","datePublished":"2025-09-03T06:46:17+00:00","dateModified":"2025-10-13T13:23:43+00:00","breadcrumb":{"@id":"https:\/\/rutana.lt\/produktas\/kartoninis-aplankas-su-gumele-a4-zalias-forpus-21502\/#breadcrumb"},"inLanguage":"en-US","potentialAction":[{"@type":"ReadAction","target":["https:\/\/rutana.lt\/produktas\/kartoninis-aplankas-su-gumele-a4-zalias-forpus-21502\/"]}]},{"@type":"ImageObject","inLanguage":"en-US","@id":"https:\/\/rutana.lt\/produktas\/kartoninis-aplankas-su-gumele-a4-zalias-forpus-21502\/#primaryimage","url":"https:\/\/rutana.lt\/wp-content\/uploads\/2025\/09\/A165-002-1.jpg?v=1763622419","contentUrl":"https:\/\/rutana.lt\/wp-content\/uploads\/2025\/09\/A165-002-1.jpg?v=1763622419","width":600,"height":438},{"@type":"BreadcrumbList","@id":"https:\/\/rutana.lt\/produktas\/kartoninis-aplankas-su-gumele-a4-zalias-forpus-21502\/#breadcrumb","itemListElement":[{"@type":"ListItem","position":1,"name":"Home","item":"https:\/\/rutana.lt\/"},{"@type":"ListItem","position":2,"name":"Parduotuv\u0117","item":"https:\/\/rutana.lt\/parduotuve\/"},{"@type":"ListItem","position":3,"name":"Kartoninis aplankas su gumele A4 \u017ealias Forpus 21502"}]},{"@type":"WebSite","@id":"https:\/\/rutana.lt\/#website","url":"https:\/\/rutana.lt\/","name":"Rutana - Ra\u0161tin\u0117s reikmenys","description":"Prekiaujame pasaulin\u0117je rinkoje pripa\u017eintomis, kokybi\u0161komis biuro prek\u0117mis toki\u0173  gamintoj\u0173 kaip: Schneider, Esselte, Novus, 3M, Faber-Castell, Citizen, Milan, Leitz, Colop, Zebra, Staedtler, Durable, Tork, Parker, Waterman ir kt.","publisher":{"@id":"https:\/\/rutana.lt\/#organization"},"potentialAction":[{"@type":"SearchAction","target":{"@type":"EntryPoint","urlTemplate":"https:\/\/rutana.lt\/?s={search_term_string}"},"query-input":{"@type":"PropertyValueSpecification","valueRequired":true,"valueName":"search_term_string"}}],"inLanguage":"en-US"},{"@type":"Organization","@id":"https:\/\/rutana.lt\/#organization","name":"Rutana - Ra\u0161tin\u0117s reikmenys","url":"https:\/\/rutana.lt\/","logo":{"@type":"ImageObject","inLanguage":"en-US","@id":"https:\/\/rutana.lt\/#\/schema\/logo\/image\/","url":"https:\/\/rutana.lt\/wp-content\/uploads\/2025\/10\/Asset-32.png","contentUrl":"https:\/\/rutana.lt\/wp-content\/uploads\/2025\/10\/Asset-32.png","width":433,"height":119,"caption":"Rutana - Ra\u0161tin\u0117s reikmenys"},"image":{"@id":"https:\/\/rutana.lt\/#\/schema\/logo\/image\/"},"sameAs":["https:\/\/www.facebook.com\/RutanaKanceliarinesPrekes\/"]}]}},"_links":{"self":[{"href":"https:\/\/rutana.lt\/en\/wp-json\/wp\/v2\/product\/5443","targetHints":{"allow":["GET"]}}],"collection":[{"href":"https:\/\/rutana.lt\/en\/wp-json\/wp\/v2\/product"}],"about":[{"href":"https:\/\/rutana.lt\/en\/wp-json\/wp\/v2\/types\/product"}],"replies":[{"embeddable":true,"href":"https:\/\/rutana.lt\/en\/wp-json\/wp\/v2\/comments?post=5443"}],"version-history":[{"count":1,"href":"https:\/\/rutana.lt\/en\/wp-json\/wp\/v2\/product\/5443\/revisions"}],"predecessor-version":[{"id":5494,"href":"https:\/\/rutana.lt\/en\/wp-json\/wp\/v2\/product\/5443\/revisions\/5494"}],"wp:featuredmedia":[{"embeddable":true,"href":"https:\/\/rutana.lt\/en\/wp-json\/wp\/v2\/media\/25486"}],"wp:attachment":[{"href":"https:\/\/rutana.lt\/en\/wp-json\/wp\/v2\/media?parent=5443"}],"wp:term":[{"taxonomy":"product_brand","embeddable":true,"href":"https:\/\/rutana.lt\/en\/wp-json\/wp\/v2\/product_brand?post=5443"},{"taxonomy":"product_cat","embeddable":true,"href":"https:\/\/rutana.lt\/en\/wp-json\/wp\/v2\/product_cat?post=5443"},{"taxonomy":"product_tag","embeddable":true,"href":"https:\/\/rutana.lt\/en\/wp-json\/wp\/v2\/product_tag?post=5443"}],"curies":[{"name":"wp","href":"https:\/\/api.w.org\/{rel}","templated":true}]}}