{"id":5439,"date":"2025-09-03T08:46:17","date_gmt":"2025-09-03T06:46:17","guid":{"rendered":"https:\/\/rutana.webdemo.lt\/?post_type=product&#038;p=5439"},"modified":"2025-10-13T15:23:41","modified_gmt":"2025-10-13T13:23:41","slug":"plastikinis-segtuvas-su-2-ziedais-a4-20-mm-zalias-forpus-20333","status":"publish","type":"product","link":"https:\/\/rutana.lt\/en\/product\/plastikinis-segtuvas-su-2-ziedais-a4-20-mm-zalias-forpus-20333\/","title":{"rendered":"Plastikinis segtuvas su 2 \u017eiedais A4 20 mm \u017ealias Forpus 20333"},"content":{"rendered":"<p>Prakti\u0161kas, patogus plastikinis segtuvas su 2 \u017eied\u0173 susegimo mechanizmu skirtas dokument\u0173 laikymui ar perne\u0161imui. Pagamintas i\u0161 storo, perdirbto plastiko. Plastiko storis 0.75 mm. Viduje yra apvali\u0173 \u017eied\u0173 tipo susegimo mechanizmas. Segtuvas turi 3 ki\u0161enes: ant priekinio vir\u0161elio i\u0161or\u0117je bei viduje ir ant nugar\u0117l\u0117s.<\/p>\n<p style=\"margin-bottom: 10px;\">Formatas: A4<\/p>\n<p style=\"margin-bottom: 10px;\">\u017died\u0173 kiekis: 2<\/p>\n<p style=\"margin-bottom: 10px;\">\u017diedo skersmuo: 16 mm<\/p>\n<p style=\"margin-bottom: 10px;\">Nugar\u0117l\u0117s plotis: 20 mm<\/p>\n<p style=\"margin-bottom: 10px;\">Segtuvo spalva: \u017ealia<\/p>\n<p style=\"margin-bottom: 10px;\"><\/p>\n<p style=\"margin-bottom: 10px;\"><\/p>","protected":false},"excerpt":{"rendered":"<p>Prakti\u0161kas, patogus plastikinis segtuvas su 2 \u017eied\u0173 susegimo mechanizmu skirtas dokument\u0173 laikymui ar perne\u0161imui. Pagamintas i\u0161 storo, perdirbto plastiko. Plastiko storis 0.75 mm. Viduje yra apvali\u0173 \u017eied\u0173 tipo susegimo mechanizmas. Segtuvas turi 3 ki\u0161enes: ant priekinio vir\u0161elio i\u0161or\u0117je bei viduje ir ant nugar\u0117l\u0117s. Formatas: A4 \u017died\u0173 kiekis: 2 \u017diedo skersmuo: 16 mm Nugar\u0117l\u0117s plotis: 20 [&hellip;]<\/p>","protected":false},"featured_media":25482,"comment_status":"open","ping_status":"closed","template":"","meta":{"_season_start":"","_season_end":"","_season_days":"","_season_months":"","_season_auto_visibility":""},"product_brand":[74],"product_cat":[1844],"product_tag":[],"class_list":{"0":"post-5439","1":"product","2":"type-product","3":"status-publish","4":"has-post-thumbnail","6":"product_brand-forpus","7":"product_cat-segtuvai-su-2-ziedais","9":"first","10":"instock","11":"taxable","12":"shipping-taxable","13":"purchasable","14":"product-type-simple"},"yoast_head":"<!-- This site is optimized with the Yoast SEO plugin v26.1.1 - https:\/\/yoast.com\/wordpress\/plugins\/seo\/ -->\n<title>Plastikinis segtuvas su 2 \u017eiedais A4 20 mm \u017ealias Forpus 20333 - Rutana - Ra\u0161tin\u0117s reikmenys<\/title>\n<meta name=\"robots\" content=\"index, follow, max-snippet:-1, max-image-preview:large, max-video-preview:-1\" \/>\n<link rel=\"canonical\" href=\"https:\/\/rutana.lt\/en\/product\/plastikinis-segtuvas-su-2-ziedais-a4-20-mm-zalias-forpus-20333\/\" \/>\n<meta property=\"og:locale\" content=\"en_US\" \/>\n<meta property=\"og:type\" content=\"article\" \/>\n<meta property=\"og:title\" content=\"Plastikinis segtuvas su 2 \u017eiedais A4 20 mm \u017ealias Forpus 20333 - Rutana - Ra\u0161tin\u0117s reikmenys\" \/>\n<meta property=\"og:description\" content=\"Prakti\u0161kas, patogus plastikinis segtuvas su 2 \u017eied\u0173 susegimo mechanizmu skirtas dokument\u0173 laikymui ar perne\u0161imui. Pagamintas i\u0161 storo, perdirbto plastiko. Plastiko storis 0.75 mm. Viduje yra apvali\u0173 \u017eied\u0173 tipo susegimo mechanizmas. Segtuvas turi 3 ki\u0161enes: ant priekinio vir\u0161elio i\u0161or\u0117je bei viduje ir ant nugar\u0117l\u0117s. Formatas: A4 \u017died\u0173 kiekis: 2 \u017diedo skersmuo: 16 mm Nugar\u0117l\u0117s plotis: 20 [&hellip;]\" \/>\n<meta property=\"og:url\" content=\"https:\/\/rutana.lt\/en\/product\/plastikinis-segtuvas-su-2-ziedais-a4-20-mm-zalias-forpus-20333\/\" \/>\n<meta property=\"og:site_name\" content=\"Rutana - Ra\u0161tin\u0117s reikmenys\" \/>\n<meta property=\"article:publisher\" content=\"https:\/\/www.facebook.com\/RutanaKanceliarinesPrekes\/\" \/>\n<meta property=\"article:modified_time\" content=\"2025-10-13T13:23:41+00:00\" \/>\n<meta property=\"og:image\" content=\"https:\/\/rutana.lt\/wp-content\/uploads\/2025\/09\/C019-508.jpg\" \/>\n\t<meta property=\"og:image:width\" content=\"600\" \/>\n\t<meta property=\"og:image:height\" content=\"460\" \/>\n\t<meta property=\"og:image:type\" content=\"image\/jpeg\" \/>\n<meta name=\"twitter:card\" content=\"summary_large_image\" \/>\n<script type=\"application\/ld+json\" class=\"yoast-schema-graph\">{\"@context\":\"https:\/\/schema.org\",\"@graph\":[{\"@type\":\"WebPage\",\"@id\":\"https:\/\/rutana.lt\/produktas\/plastikinis-segtuvas-su-2-ziedais-a4-20-mm-zalias-forpus-20333\/\",\"url\":\"https:\/\/rutana.lt\/produktas\/plastikinis-segtuvas-su-2-ziedais-a4-20-mm-zalias-forpus-20333\/\",\"name\":\"Plastikinis segtuvas su 2 \u017eiedais A4 20 mm \u017ealias Forpus 20333 - Rutana - Ra\u0161tin\u0117s reikmenys\",\"isPartOf\":{\"@id\":\"https:\/\/rutana.lt\/#website\"},\"primaryImageOfPage\":{\"@id\":\"https:\/\/rutana.lt\/produktas\/plastikinis-segtuvas-su-2-ziedais-a4-20-mm-zalias-forpus-20333\/#primaryimage\"},\"image\":{\"@id\":\"https:\/\/rutana.lt\/produktas\/plastikinis-segtuvas-su-2-ziedais-a4-20-mm-zalias-forpus-20333\/#primaryimage\"},\"thumbnailUrl\":\"https:\/\/rutana.lt\/wp-content\/uploads\/2025\/09\/C019-508-1.jpg?v=1763622426\",\"datePublished\":\"2025-09-03T06:46:17+00:00\",\"dateModified\":\"2025-10-13T13:23:41+00:00\",\"breadcrumb\":{\"@id\":\"https:\/\/rutana.lt\/produktas\/plastikinis-segtuvas-su-2-ziedais-a4-20-mm-zalias-forpus-20333\/#breadcrumb\"},\"inLanguage\":\"en-US\",\"potentialAction\":[{\"@type\":\"ReadAction\",\"target\":[\"https:\/\/rutana.lt\/produktas\/plastikinis-segtuvas-su-2-ziedais-a4-20-mm-zalias-forpus-20333\/\"]}]},{\"@type\":\"ImageObject\",\"inLanguage\":\"en-US\",\"@id\":\"https:\/\/rutana.lt\/produktas\/plastikinis-segtuvas-su-2-ziedais-a4-20-mm-zalias-forpus-20333\/#primaryimage\",\"url\":\"https:\/\/rutana.lt\/wp-content\/uploads\/2025\/09\/C019-508-1.jpg?v=1763622426\",\"contentUrl\":\"https:\/\/rutana.lt\/wp-content\/uploads\/2025\/09\/C019-508-1.jpg?v=1763622426\",\"width\":600,\"height\":460},{\"@type\":\"BreadcrumbList\",\"@id\":\"https:\/\/rutana.lt\/produktas\/plastikinis-segtuvas-su-2-ziedais-a4-20-mm-zalias-forpus-20333\/#breadcrumb\",\"itemListElement\":[{\"@type\":\"ListItem\",\"position\":1,\"name\":\"Home\",\"item\":\"https:\/\/rutana.lt\/\"},{\"@type\":\"ListItem\",\"position\":2,\"name\":\"Parduotuv\u0117\",\"item\":\"https:\/\/rutana.lt\/parduotuve\/\"},{\"@type\":\"ListItem\",\"position\":3,\"name\":\"Plastikinis segtuvas su 2 \u017eiedais A4 20 mm \u017ealias Forpus 20333\"}]},{\"@type\":\"WebSite\",\"@id\":\"https:\/\/rutana.lt\/#website\",\"url\":\"https:\/\/rutana.lt\/\",\"name\":\"Rutana - Ra\u0161tin\u0117s reikmenys\",\"description\":\"Prekiaujame pasaulin\u0117je rinkoje pripa\u017eintomis, kokybi\u0161komis biuro prek\u0117mis toki\u0173  gamintoj\u0173 kaip: Schneider, Esselte, Novus, 3M, Faber-Castell, Citizen, Milan, Leitz, Colop, Zebra, Staedtler, Durable, Tork, Parker, Waterman ir kt.\",\"publisher\":{\"@id\":\"https:\/\/rutana.lt\/#organization\"},\"potentialAction\":[{\"@type\":\"SearchAction\",\"target\":{\"@type\":\"EntryPoint\",\"urlTemplate\":\"https:\/\/rutana.lt\/?s={search_term_string}\"},\"query-input\":{\"@type\":\"PropertyValueSpecification\",\"valueRequired\":true,\"valueName\":\"search_term_string\"}}],\"inLanguage\":\"en-US\"},{\"@type\":\"Organization\",\"@id\":\"https:\/\/rutana.lt\/#organization\",\"name\":\"Rutana - Ra\u0161tin\u0117s reikmenys\",\"url\":\"https:\/\/rutana.lt\/\",\"logo\":{\"@type\":\"ImageObject\",\"inLanguage\":\"en-US\",\"@id\":\"https:\/\/rutana.lt\/#\/schema\/logo\/image\/\",\"url\":\"https:\/\/rutana.lt\/wp-content\/uploads\/2025\/10\/Asset-32.png\",\"contentUrl\":\"https:\/\/rutana.lt\/wp-content\/uploads\/2025\/10\/Asset-32.png\",\"width\":433,\"height\":119,\"caption\":\"Rutana - Ra\u0161tin\u0117s reikmenys\"},\"image\":{\"@id\":\"https:\/\/rutana.lt\/#\/schema\/logo\/image\/\"},\"sameAs\":[\"https:\/\/www.facebook.com\/RutanaKanceliarinesPrekes\/\"]}]}<\/script>\n<!-- \/ Yoast SEO plugin. -->","yoast_head_json":{"title":"Plastikinis segtuvas su 2 \u017eiedais A4 20 mm \u017ealias Forpus 20333 - Rutana - Ra\u0161tin\u0117s reikmenys","robots":{"index":"index","follow":"follow","max-snippet":"max-snippet:-1","max-image-preview":"max-image-preview:large","max-video-preview":"max-video-preview:-1"},"canonical":"https:\/\/rutana.lt\/en\/product\/plastikinis-segtuvas-su-2-ziedais-a4-20-mm-zalias-forpus-20333\/","og_locale":"en_US","og_type":"article","og_title":"Plastikinis segtuvas su 2 \u017eiedais A4 20 mm \u017ealias Forpus 20333 - Rutana - Ra\u0161tin\u0117s reikmenys","og_description":"Prakti\u0161kas, patogus plastikinis segtuvas su 2 \u017eied\u0173 susegimo mechanizmu skirtas dokument\u0173 laikymui ar perne\u0161imui. Pagamintas i\u0161 storo, perdirbto plastiko. Plastiko storis 0.75 mm. Viduje yra apvali\u0173 \u017eied\u0173 tipo susegimo mechanizmas. Segtuvas turi 3 ki\u0161enes: ant priekinio vir\u0161elio i\u0161or\u0117je bei viduje ir ant nugar\u0117l\u0117s. Formatas: A4 \u017died\u0173 kiekis: 2 \u017diedo skersmuo: 16 mm Nugar\u0117l\u0117s plotis: 20 [&hellip;]","og_url":"https:\/\/rutana.lt\/en\/product\/plastikinis-segtuvas-su-2-ziedais-a4-20-mm-zalias-forpus-20333\/","og_site_name":"Rutana - Ra\u0161tin\u0117s reikmenys","article_publisher":"https:\/\/www.facebook.com\/RutanaKanceliarinesPrekes\/","article_modified_time":"2025-10-13T13:23:41+00:00","og_image":[{"width":600,"height":460,"url":"https:\/\/rutana.lt\/wp-content\/uploads\/2025\/09\/C019-508.jpg","type":"image\/jpeg"}],"twitter_card":"summary_large_image","schema":{"@context":"https:\/\/schema.org","@graph":[{"@type":"WebPage","@id":"https:\/\/rutana.lt\/produktas\/plastikinis-segtuvas-su-2-ziedais-a4-20-mm-zalias-forpus-20333\/","url":"https:\/\/rutana.lt\/produktas\/plastikinis-segtuvas-su-2-ziedais-a4-20-mm-zalias-forpus-20333\/","name":"Plastikinis segtuvas su 2 \u017eiedais A4 20 mm \u017ealias Forpus 20333 - Rutana - Ra\u0161tin\u0117s reikmenys","isPartOf":{"@id":"https:\/\/rutana.lt\/#website"},"primaryImageOfPage":{"@id":"https:\/\/rutana.lt\/produktas\/plastikinis-segtuvas-su-2-ziedais-a4-20-mm-zalias-forpus-20333\/#primaryimage"},"image":{"@id":"https:\/\/rutana.lt\/produktas\/plastikinis-segtuvas-su-2-ziedais-a4-20-mm-zalias-forpus-20333\/#primaryimage"},"thumbnailUrl":"https:\/\/rutana.lt\/wp-content\/uploads\/2025\/09\/C019-508-1.jpg?v=1763622426","datePublished":"2025-09-03T06:46:17+00:00","dateModified":"2025-10-13T13:23:41+00:00","breadcrumb":{"@id":"https:\/\/rutana.lt\/produktas\/plastikinis-segtuvas-su-2-ziedais-a4-20-mm-zalias-forpus-20333\/#breadcrumb"},"inLanguage":"en-US","potentialAction":[{"@type":"ReadAction","target":["https:\/\/rutana.lt\/produktas\/plastikinis-segtuvas-su-2-ziedais-a4-20-mm-zalias-forpus-20333\/"]}]},{"@type":"ImageObject","inLanguage":"en-US","@id":"https:\/\/rutana.lt\/produktas\/plastikinis-segtuvas-su-2-ziedais-a4-20-mm-zalias-forpus-20333\/#primaryimage","url":"https:\/\/rutana.lt\/wp-content\/uploads\/2025\/09\/C019-508-1.jpg?v=1763622426","contentUrl":"https:\/\/rutana.lt\/wp-content\/uploads\/2025\/09\/C019-508-1.jpg?v=1763622426","width":600,"height":460},{"@type":"BreadcrumbList","@id":"https:\/\/rutana.lt\/produktas\/plastikinis-segtuvas-su-2-ziedais-a4-20-mm-zalias-forpus-20333\/#breadcrumb","itemListElement":[{"@type":"ListItem","position":1,"name":"Home","item":"https:\/\/rutana.lt\/"},{"@type":"ListItem","position":2,"name":"Parduotuv\u0117","item":"https:\/\/rutana.lt\/parduotuve\/"},{"@type":"ListItem","position":3,"name":"Plastikinis segtuvas su 2 \u017eiedais A4 20 mm \u017ealias Forpus 20333"}]},{"@type":"WebSite","@id":"https:\/\/rutana.lt\/#website","url":"https:\/\/rutana.lt\/","name":"Rutana - Ra\u0161tin\u0117s reikmenys","description":"Prekiaujame pasaulin\u0117je rinkoje pripa\u017eintomis, kokybi\u0161komis biuro prek\u0117mis toki\u0173  gamintoj\u0173 kaip: Schneider, Esselte, Novus, 3M, Faber-Castell, Citizen, Milan, Leitz, Colop, Zebra, Staedtler, Durable, Tork, Parker, Waterman ir kt.","publisher":{"@id":"https:\/\/rutana.lt\/#organization"},"potentialAction":[{"@type":"SearchAction","target":{"@type":"EntryPoint","urlTemplate":"https:\/\/rutana.lt\/?s={search_term_string}"},"query-input":{"@type":"PropertyValueSpecification","valueRequired":true,"valueName":"search_term_string"}}],"inLanguage":"en-US"},{"@type":"Organization","@id":"https:\/\/rutana.lt\/#organization","name":"Rutana - Ra\u0161tin\u0117s reikmenys","url":"https:\/\/rutana.lt\/","logo":{"@type":"ImageObject","inLanguage":"en-US","@id":"https:\/\/rutana.lt\/#\/schema\/logo\/image\/","url":"https:\/\/rutana.lt\/wp-content\/uploads\/2025\/10\/Asset-32.png","contentUrl":"https:\/\/rutana.lt\/wp-content\/uploads\/2025\/10\/Asset-32.png","width":433,"height":119,"caption":"Rutana - Ra\u0161tin\u0117s reikmenys"},"image":{"@id":"https:\/\/rutana.lt\/#\/schema\/logo\/image\/"},"sameAs":["https:\/\/www.facebook.com\/RutanaKanceliarinesPrekes\/"]}]}},"_links":{"self":[{"href":"https:\/\/rutana.lt\/en\/wp-json\/wp\/v2\/product\/5439","targetHints":{"allow":["GET"]}}],"collection":[{"href":"https:\/\/rutana.lt\/en\/wp-json\/wp\/v2\/product"}],"about":[{"href":"https:\/\/rutana.lt\/en\/wp-json\/wp\/v2\/types\/product"}],"replies":[{"embeddable":true,"href":"https:\/\/rutana.lt\/en\/wp-json\/wp\/v2\/comments?post=5439"}],"version-history":[{"count":1,"href":"https:\/\/rutana.lt\/en\/wp-json\/wp\/v2\/product\/5439\/revisions"}],"predecessor-version":[{"id":5486,"href":"https:\/\/rutana.lt\/en\/wp-json\/wp\/v2\/product\/5439\/revisions\/5486"}],"wp:featuredmedia":[{"embeddable":true,"href":"https:\/\/rutana.lt\/en\/wp-json\/wp\/v2\/media\/25482"}],"wp:attachment":[{"href":"https:\/\/rutana.lt\/en\/wp-json\/wp\/v2\/media?parent=5439"}],"wp:term":[{"taxonomy":"product_brand","embeddable":true,"href":"https:\/\/rutana.lt\/en\/wp-json\/wp\/v2\/product_brand?post=5439"},{"taxonomy":"product_cat","embeddable":true,"href":"https:\/\/rutana.lt\/en\/wp-json\/wp\/v2\/product_cat?post=5439"},{"taxonomy":"product_tag","embeddable":true,"href":"https:\/\/rutana.lt\/en\/wp-json\/wp\/v2\/product_tag?post=5439"}],"curies":[{"name":"wp","href":"https:\/\/api.w.org\/{rel}","templated":true}]}}