{"id":5434,"date":"2025-09-03T08:46:17","date_gmt":"2025-09-03T06:46:17","guid":{"rendered":"https:\/\/rutana.webdemo.lt\/?post_type=product&#038;p=5434"},"modified":"2025-10-13T15:23:35","modified_gmt":"2025-10-13T13:23:35","slug":"segtuvas-prezentacinis-su-4d-ziedais-a4-40-mm-baltas-forpus-20061","status":"publish","type":"product","link":"https:\/\/rutana.lt\/en\/product\/segtuvas-prezentacinis-su-4d-ziedais-a4-40-mm-baltas-forpus-20061\/","title":{"rendered":"Segtuvas prezentacinis su 4D \u017eiedais A4 40 mm baltas Forpus 20061"},"content":{"rendered":"<p>Tvirtas, auk\u0161tos kokyb\u0117s segtuvas su 4D \u017eied\u0173 susegimo mechanizmu skirtas dokument\u0173 laikymui ir pristatymui. Segtuvas pagamintas i\u0161 tvirto kartono ir padengtas pl\u0117vele i\u0161 vidin\u0117s bei i\u0161orin\u0117s segtuvo pus\u0117s. Ant priekinio vir\u0161elio ir nugar\u0117l\u0117s yra skaidrios ki\u0161en\u0117l\u0117s spausdintai informacijai \u012fd\u0117ti. Segtuvo viduje yra tvirtas ir patikimas D tipo \u017eied\u0173 susegimo mechanizmas ir ki\u0161en\u0117l\u0117 priekiniame vir\u0161elyje.<\/p>\n<p style=\"margin-bottom: 10px;\">Formatas: A4<\/p>\n<p style=\"margin-bottom: 10px;\">\u017died\u0173 kiekis: 4<\/p>\n<p style=\"margin-bottom: 10px;\">Nugar\u0117l\u0117s plotis: 40 mm<\/p>\n<p style=\"margin-bottom: 10px;\">Segtuvo spalva: balta<\/p>\n<p style=\"margin-bottom: 10px;\"><\/p>\n<p style=\"margin-bottom: 10px;\">Pakuot\u0117je 18 vnt.<\/p>","protected":false},"excerpt":{"rendered":"<p>Tvirtas, auk\u0161tos kokyb\u0117s segtuvas su 4D \u017eied\u0173 susegimo mechanizmu skirtas dokument\u0173 laikymui ir pristatymui. Segtuvas pagamintas i\u0161 tvirto kartono ir padengtas pl\u0117vele i\u0161 vidin\u0117s bei i\u0161orin\u0117s segtuvo pus\u0117s. Ant priekinio vir\u0161elio ir nugar\u0117l\u0117s yra skaidrios ki\u0161en\u0117l\u0117s spausdintai informacijai \u012fd\u0117ti. Segtuvo viduje yra tvirtas ir patikimas D tipo \u017eied\u0173 susegimo mechanizmas ir ki\u0161en\u0117l\u0117 priekiniame vir\u0161elyje. Formatas: [&hellip;]<\/p>","protected":false},"featured_media":25477,"comment_status":"open","ping_status":"closed","template":"","meta":{"_season_start":"","_season_end":"","_season_days":"","_season_months":"","_season_auto_visibility":""},"product_brand":[74],"product_cat":[1845],"product_tag":[],"class_list":{"0":"post-5434","1":"product","2":"type-product","3":"status-publish","4":"has-post-thumbnail","6":"product_brand-forpus","7":"product_cat-segtuvai-su-4-ziedais","9":"first","10":"instock","11":"taxable","12":"shipping-taxable","13":"purchasable","14":"product-type-simple"},"yoast_head":"<!-- This site is optimized with the Yoast SEO plugin v26.1.1 - https:\/\/yoast.com\/wordpress\/plugins\/seo\/ -->\n<title>Segtuvas prezentacinis su 4D \u017eiedais A4 40 mm baltas Forpus 20061 - Rutana - Ra\u0161tin\u0117s reikmenys<\/title>\n<meta name=\"robots\" content=\"index, follow, max-snippet:-1, max-image-preview:large, max-video-preview:-1\" \/>\n<link rel=\"canonical\" href=\"https:\/\/rutana.lt\/en\/product\/segtuvas-prezentacinis-su-4d-ziedais-a4-40-mm-baltas-forpus-20061\/\" \/>\n<meta property=\"og:locale\" content=\"en_US\" \/>\n<meta property=\"og:type\" content=\"article\" \/>\n<meta property=\"og:title\" content=\"Segtuvas prezentacinis su 4D \u017eiedais A4 40 mm baltas Forpus 20061 - Rutana - Ra\u0161tin\u0117s reikmenys\" \/>\n<meta property=\"og:description\" content=\"Tvirtas, auk\u0161tos kokyb\u0117s segtuvas su 4D \u017eied\u0173 susegimo mechanizmu skirtas dokument\u0173 laikymui ir pristatymui. Segtuvas pagamintas i\u0161 tvirto kartono ir padengtas pl\u0117vele i\u0161 vidin\u0117s bei i\u0161orin\u0117s segtuvo pus\u0117s. Ant priekinio vir\u0161elio ir nugar\u0117l\u0117s yra skaidrios ki\u0161en\u0117l\u0117s spausdintai informacijai \u012fd\u0117ti. Segtuvo viduje yra tvirtas ir patikimas D tipo \u017eied\u0173 susegimo mechanizmas ir ki\u0161en\u0117l\u0117 priekiniame vir\u0161elyje. Formatas: [&hellip;]\" \/>\n<meta property=\"og:url\" content=\"https:\/\/rutana.lt\/en\/product\/segtuvas-prezentacinis-su-4d-ziedais-a4-40-mm-baltas-forpus-20061\/\" \/>\n<meta property=\"og:site_name\" content=\"Rutana - Ra\u0161tin\u0117s reikmenys\" \/>\n<meta property=\"article:publisher\" content=\"https:\/\/www.facebook.com\/RutanaKanceliarinesPrekes\/\" \/>\n<meta property=\"article:modified_time\" content=\"2025-10-13T13:23:35+00:00\" \/>\n<meta property=\"og:image\" content=\"https:\/\/rutana.lt\/wp-content\/uploads\/2025\/09\/A162-132.jpg\" \/>\n\t<meta property=\"og:image:width\" content=\"600\" \/>\n\t<meta property=\"og:image:height\" content=\"441\" \/>\n\t<meta property=\"og:image:type\" content=\"image\/jpeg\" \/>\n<meta name=\"twitter:card\" content=\"summary_large_image\" \/>\n<script type=\"application\/ld+json\" class=\"yoast-schema-graph\">{\"@context\":\"https:\/\/schema.org\",\"@graph\":[{\"@type\":\"WebPage\",\"@id\":\"https:\/\/rutana.lt\/produktas\/segtuvas-prezentacinis-su-4d-ziedais-a4-40-mm-baltas-forpus-20061\/\",\"url\":\"https:\/\/rutana.lt\/produktas\/segtuvas-prezentacinis-su-4d-ziedais-a4-40-mm-baltas-forpus-20061\/\",\"name\":\"Segtuvas prezentacinis su 4D \u017eiedais A4 40 mm baltas Forpus 20061 - Rutana - Ra\u0161tin\u0117s reikmenys\",\"isPartOf\":{\"@id\":\"https:\/\/rutana.lt\/#website\"},\"primaryImageOfPage\":{\"@id\":\"https:\/\/rutana.lt\/produktas\/segtuvas-prezentacinis-su-4d-ziedais-a4-40-mm-baltas-forpus-20061\/#primaryimage\"},\"image\":{\"@id\":\"https:\/\/rutana.lt\/produktas\/segtuvas-prezentacinis-su-4d-ziedais-a4-40-mm-baltas-forpus-20061\/#primaryimage\"},\"thumbnailUrl\":\"https:\/\/rutana.lt\/wp-content\/uploads\/2025\/09\/A162-132-1.jpg?v=1763622433\",\"datePublished\":\"2025-09-03T06:46:17+00:00\",\"dateModified\":\"2025-10-13T13:23:35+00:00\",\"breadcrumb\":{\"@id\":\"https:\/\/rutana.lt\/produktas\/segtuvas-prezentacinis-su-4d-ziedais-a4-40-mm-baltas-forpus-20061\/#breadcrumb\"},\"inLanguage\":\"en-US\",\"potentialAction\":[{\"@type\":\"ReadAction\",\"target\":[\"https:\/\/rutana.lt\/produktas\/segtuvas-prezentacinis-su-4d-ziedais-a4-40-mm-baltas-forpus-20061\/\"]}]},{\"@type\":\"ImageObject\",\"inLanguage\":\"en-US\",\"@id\":\"https:\/\/rutana.lt\/produktas\/segtuvas-prezentacinis-su-4d-ziedais-a4-40-mm-baltas-forpus-20061\/#primaryimage\",\"url\":\"https:\/\/rutana.lt\/wp-content\/uploads\/2025\/09\/A162-132-1.jpg?v=1763622433\",\"contentUrl\":\"https:\/\/rutana.lt\/wp-content\/uploads\/2025\/09\/A162-132-1.jpg?v=1763622433\",\"width\":600,\"height\":441},{\"@type\":\"BreadcrumbList\",\"@id\":\"https:\/\/rutana.lt\/produktas\/segtuvas-prezentacinis-su-4d-ziedais-a4-40-mm-baltas-forpus-20061\/#breadcrumb\",\"itemListElement\":[{\"@type\":\"ListItem\",\"position\":1,\"name\":\"Home\",\"item\":\"https:\/\/rutana.lt\/\"},{\"@type\":\"ListItem\",\"position\":2,\"name\":\"Parduotuv\u0117\",\"item\":\"https:\/\/rutana.lt\/parduotuve\/\"},{\"@type\":\"ListItem\",\"position\":3,\"name\":\"Segtuvas prezentacinis su 4D \u017eiedais A4 40 mm baltas Forpus 20061\"}]},{\"@type\":\"WebSite\",\"@id\":\"https:\/\/rutana.lt\/#website\",\"url\":\"https:\/\/rutana.lt\/\",\"name\":\"Rutana - Ra\u0161tin\u0117s reikmenys\",\"description\":\"Prekiaujame pasaulin\u0117je rinkoje pripa\u017eintomis, kokybi\u0161komis biuro prek\u0117mis toki\u0173  gamintoj\u0173 kaip: Schneider, Esselte, Novus, 3M, Faber-Castell, Citizen, Milan, Leitz, Colop, Zebra, Staedtler, Durable, Tork, Parker, Waterman ir kt.\",\"publisher\":{\"@id\":\"https:\/\/rutana.lt\/#organization\"},\"potentialAction\":[{\"@type\":\"SearchAction\",\"target\":{\"@type\":\"EntryPoint\",\"urlTemplate\":\"https:\/\/rutana.lt\/?s={search_term_string}\"},\"query-input\":{\"@type\":\"PropertyValueSpecification\",\"valueRequired\":true,\"valueName\":\"search_term_string\"}}],\"inLanguage\":\"en-US\"},{\"@type\":\"Organization\",\"@id\":\"https:\/\/rutana.lt\/#organization\",\"name\":\"Rutana - Ra\u0161tin\u0117s reikmenys\",\"url\":\"https:\/\/rutana.lt\/\",\"logo\":{\"@type\":\"ImageObject\",\"inLanguage\":\"en-US\",\"@id\":\"https:\/\/rutana.lt\/#\/schema\/logo\/image\/\",\"url\":\"https:\/\/rutana.lt\/wp-content\/uploads\/2025\/10\/Asset-32.png\",\"contentUrl\":\"https:\/\/rutana.lt\/wp-content\/uploads\/2025\/10\/Asset-32.png\",\"width\":433,\"height\":119,\"caption\":\"Rutana - Ra\u0161tin\u0117s reikmenys\"},\"image\":{\"@id\":\"https:\/\/rutana.lt\/#\/schema\/logo\/image\/\"},\"sameAs\":[\"https:\/\/www.facebook.com\/RutanaKanceliarinesPrekes\/\"]}]}<\/script>\n<!-- \/ Yoast SEO plugin. -->","yoast_head_json":{"title":"Segtuvas prezentacinis su 4D \u017eiedais A4 40 mm baltas Forpus 20061 - Rutana - Ra\u0161tin\u0117s reikmenys","robots":{"index":"index","follow":"follow","max-snippet":"max-snippet:-1","max-image-preview":"max-image-preview:large","max-video-preview":"max-video-preview:-1"},"canonical":"https:\/\/rutana.lt\/en\/product\/segtuvas-prezentacinis-su-4d-ziedais-a4-40-mm-baltas-forpus-20061\/","og_locale":"en_US","og_type":"article","og_title":"Segtuvas prezentacinis su 4D \u017eiedais A4 40 mm baltas Forpus 20061 - Rutana - Ra\u0161tin\u0117s reikmenys","og_description":"Tvirtas, auk\u0161tos kokyb\u0117s segtuvas su 4D \u017eied\u0173 susegimo mechanizmu skirtas dokument\u0173 laikymui ir pristatymui. Segtuvas pagamintas i\u0161 tvirto kartono ir padengtas pl\u0117vele i\u0161 vidin\u0117s bei i\u0161orin\u0117s segtuvo pus\u0117s. Ant priekinio vir\u0161elio ir nugar\u0117l\u0117s yra skaidrios ki\u0161en\u0117l\u0117s spausdintai informacijai \u012fd\u0117ti. Segtuvo viduje yra tvirtas ir patikimas D tipo \u017eied\u0173 susegimo mechanizmas ir ki\u0161en\u0117l\u0117 priekiniame vir\u0161elyje. Formatas: [&hellip;]","og_url":"https:\/\/rutana.lt\/en\/product\/segtuvas-prezentacinis-su-4d-ziedais-a4-40-mm-baltas-forpus-20061\/","og_site_name":"Rutana - Ra\u0161tin\u0117s reikmenys","article_publisher":"https:\/\/www.facebook.com\/RutanaKanceliarinesPrekes\/","article_modified_time":"2025-10-13T13:23:35+00:00","og_image":[{"width":600,"height":441,"url":"https:\/\/rutana.lt\/wp-content\/uploads\/2025\/09\/A162-132.jpg","type":"image\/jpeg"}],"twitter_card":"summary_large_image","schema":{"@context":"https:\/\/schema.org","@graph":[{"@type":"WebPage","@id":"https:\/\/rutana.lt\/produktas\/segtuvas-prezentacinis-su-4d-ziedais-a4-40-mm-baltas-forpus-20061\/","url":"https:\/\/rutana.lt\/produktas\/segtuvas-prezentacinis-su-4d-ziedais-a4-40-mm-baltas-forpus-20061\/","name":"Segtuvas prezentacinis su 4D \u017eiedais A4 40 mm baltas Forpus 20061 - Rutana - Ra\u0161tin\u0117s reikmenys","isPartOf":{"@id":"https:\/\/rutana.lt\/#website"},"primaryImageOfPage":{"@id":"https:\/\/rutana.lt\/produktas\/segtuvas-prezentacinis-su-4d-ziedais-a4-40-mm-baltas-forpus-20061\/#primaryimage"},"image":{"@id":"https:\/\/rutana.lt\/produktas\/segtuvas-prezentacinis-su-4d-ziedais-a4-40-mm-baltas-forpus-20061\/#primaryimage"},"thumbnailUrl":"https:\/\/rutana.lt\/wp-content\/uploads\/2025\/09\/A162-132-1.jpg?v=1763622433","datePublished":"2025-09-03T06:46:17+00:00","dateModified":"2025-10-13T13:23:35+00:00","breadcrumb":{"@id":"https:\/\/rutana.lt\/produktas\/segtuvas-prezentacinis-su-4d-ziedais-a4-40-mm-baltas-forpus-20061\/#breadcrumb"},"inLanguage":"en-US","potentialAction":[{"@type":"ReadAction","target":["https:\/\/rutana.lt\/produktas\/segtuvas-prezentacinis-su-4d-ziedais-a4-40-mm-baltas-forpus-20061\/"]}]},{"@type":"ImageObject","inLanguage":"en-US","@id":"https:\/\/rutana.lt\/produktas\/segtuvas-prezentacinis-su-4d-ziedais-a4-40-mm-baltas-forpus-20061\/#primaryimage","url":"https:\/\/rutana.lt\/wp-content\/uploads\/2025\/09\/A162-132-1.jpg?v=1763622433","contentUrl":"https:\/\/rutana.lt\/wp-content\/uploads\/2025\/09\/A162-132-1.jpg?v=1763622433","width":600,"height":441},{"@type":"BreadcrumbList","@id":"https:\/\/rutana.lt\/produktas\/segtuvas-prezentacinis-su-4d-ziedais-a4-40-mm-baltas-forpus-20061\/#breadcrumb","itemListElement":[{"@type":"ListItem","position":1,"name":"Home","item":"https:\/\/rutana.lt\/"},{"@type":"ListItem","position":2,"name":"Parduotuv\u0117","item":"https:\/\/rutana.lt\/parduotuve\/"},{"@type":"ListItem","position":3,"name":"Segtuvas prezentacinis su 4D \u017eiedais A4 40 mm baltas Forpus 20061"}]},{"@type":"WebSite","@id":"https:\/\/rutana.lt\/#website","url":"https:\/\/rutana.lt\/","name":"Rutana - Ra\u0161tin\u0117s reikmenys","description":"Prekiaujame pasaulin\u0117je rinkoje pripa\u017eintomis, kokybi\u0161komis biuro prek\u0117mis toki\u0173  gamintoj\u0173 kaip: Schneider, Esselte, Novus, 3M, Faber-Castell, Citizen, Milan, Leitz, Colop, Zebra, Staedtler, Durable, Tork, Parker, Waterman ir kt.","publisher":{"@id":"https:\/\/rutana.lt\/#organization"},"potentialAction":[{"@type":"SearchAction","target":{"@type":"EntryPoint","urlTemplate":"https:\/\/rutana.lt\/?s={search_term_string}"},"query-input":{"@type":"PropertyValueSpecification","valueRequired":true,"valueName":"search_term_string"}}],"inLanguage":"en-US"},{"@type":"Organization","@id":"https:\/\/rutana.lt\/#organization","name":"Rutana - Ra\u0161tin\u0117s reikmenys","url":"https:\/\/rutana.lt\/","logo":{"@type":"ImageObject","inLanguage":"en-US","@id":"https:\/\/rutana.lt\/#\/schema\/logo\/image\/","url":"https:\/\/rutana.lt\/wp-content\/uploads\/2025\/10\/Asset-32.png","contentUrl":"https:\/\/rutana.lt\/wp-content\/uploads\/2025\/10\/Asset-32.png","width":433,"height":119,"caption":"Rutana - Ra\u0161tin\u0117s reikmenys"},"image":{"@id":"https:\/\/rutana.lt\/#\/schema\/logo\/image\/"},"sameAs":["https:\/\/www.facebook.com\/RutanaKanceliarinesPrekes\/"]}]}},"_links":{"self":[{"href":"https:\/\/rutana.lt\/en\/wp-json\/wp\/v2\/product\/5434","targetHints":{"allow":["GET"]}}],"collection":[{"href":"https:\/\/rutana.lt\/en\/wp-json\/wp\/v2\/product"}],"about":[{"href":"https:\/\/rutana.lt\/en\/wp-json\/wp\/v2\/types\/product"}],"replies":[{"embeddable":true,"href":"https:\/\/rutana.lt\/en\/wp-json\/wp\/v2\/comments?post=5434"}],"version-history":[{"count":1,"href":"https:\/\/rutana.lt\/en\/wp-json\/wp\/v2\/product\/5434\/revisions"}],"predecessor-version":[{"id":5476,"href":"https:\/\/rutana.lt\/en\/wp-json\/wp\/v2\/product\/5434\/revisions\/5476"}],"wp:featuredmedia":[{"embeddable":true,"href":"https:\/\/rutana.lt\/en\/wp-json\/wp\/v2\/media\/25477"}],"wp:attachment":[{"href":"https:\/\/rutana.lt\/en\/wp-json\/wp\/v2\/media?parent=5434"}],"wp:term":[{"taxonomy":"product_brand","embeddable":true,"href":"https:\/\/rutana.lt\/en\/wp-json\/wp\/v2\/product_brand?post=5434"},{"taxonomy":"product_cat","embeddable":true,"href":"https:\/\/rutana.lt\/en\/wp-json\/wp\/v2\/product_cat?post=5434"},{"taxonomy":"product_tag","embeddable":true,"href":"https:\/\/rutana.lt\/en\/wp-json\/wp\/v2\/product_tag?post=5434"}],"curies":[{"name":"wp","href":"https:\/\/api.w.org\/{rel}","templated":true}]}}