{"id":5360,"date":"2025-09-03T08:45:54","date_gmt":"2025-09-03T06:45:54","guid":{"rendered":"https:\/\/rutana.webdemo.lt\/?post_type=product&#038;p=5360"},"modified":"2025-10-13T15:23:28","modified_gmt":"2025-10-13T13:23:28","slug":"maisai-siukslems-60-litru-10-vnt-uzrisami-juodi-plasta-84609","status":"publish","type":"product","link":"https:\/\/rutana.lt\/en\/product\/maisai-siukslems-60-litru-10-vnt-uzrisami-juodi-plasta-84609\/","title":{"rendered":"Mai\u0161ai \u0161iuk\u0161l\u0117ms 60 litr\u0173 10 vnt. u\u017eri\u0161ami juodi Plasta 84609"},"content":{"rendered":"<p>\u0160iuk\u0161li\u0173 mai\u0161ai pagaminti i\u0161 \u017eemo tankio polietileno ( LDPE ), kuris yra stiprus ir tamprus, tod\u0117l neply\u0161ta taip greitai, kaip plonesni mai\u0161ai. B\u016bsite tikri, kad ne\u0161ant \u0161iuk\u0161les nei\u0161birs ir nesugadins Jums nuotaikos. Mai\u0161ai pagaminti i\u0161 perdirbtos \u017ealiavos. Turi plastikin\u0119 juostel\u0119 &#8211; ver\u017etuk\u0105, kad b\u016bt\u0173 galima u\u017eri\u0161ti mai\u0161\u0105 ir patogiai ne\u0161ti.<\/p>\n<p>Mai\u0161o talpa: 60 litr\u0173<\/p>\n<p>Mai\u0161o i\u0161matavimai: 60 x 72 cm<\/p>\n<p>Pl\u0117vel\u0117s storis: 35 mikronai<\/p>\n<p>Mai\u0161o spalva: juoda<\/p>\n<p>Kilm\u0117s \u0161alis: Lietuva<\/p>\n<p><\/p>\n<p><\/p>","protected":false},"excerpt":{"rendered":"<p>\u0160iuk\u0161li\u0173 mai\u0161ai pagaminti i\u0161 \u017eemo tankio polietileno ( LDPE ), kuris yra stiprus ir tamprus, tod\u0117l neply\u0161ta taip greitai, kaip plonesni mai\u0161ai. B\u016bsite tikri, kad ne\u0161ant \u0161iuk\u0161les nei\u0161birs ir nesugadins Jums nuotaikos. Mai\u0161ai pagaminti i\u0161 perdirbtos \u017ealiavos. Turi plastikin\u0119 juostel\u0119 &#8211; ver\u017etuk\u0105, kad b\u016bt\u0173 galima u\u017eri\u0161ti mai\u0161\u0105 ir patogiai ne\u0161ti. Mai\u0161o talpa: 60 litr\u0173 Mai\u0161o [&hellip;]<\/p>","protected":false},"featured_media":25455,"comment_status":"open","ping_status":"closed","template":"","meta":{"_season_start":"","_season_end":"","_season_days":"","_season_months":"","_season_auto_visibility":""},"product_brand":[485],"product_cat":[1650],"product_tag":[],"class_list":{"0":"post-5360","1":"product","2":"type-product","3":"status-publish","4":"has-post-thumbnail","6":"product_brand-plasta","7":"product_cat-maisai-siukslems","9":"first","10":"instock","11":"taxable","12":"shipping-taxable","13":"purchasable","14":"product-type-simple"},"yoast_head":"<!-- This site is optimized with the Yoast SEO plugin v26.1.1 - https:\/\/yoast.com\/wordpress\/plugins\/seo\/ -->\n<title>Mai\u0161ai \u0161iuk\u0161l\u0117ms 60 litr\u0173 10 vnt. u\u017eri\u0161ami juodi Plasta 84609 - Rutana - Ra\u0161tin\u0117s reikmenys<\/title>\n<meta name=\"robots\" content=\"index, follow, max-snippet:-1, max-image-preview:large, max-video-preview:-1\" \/>\n<link rel=\"canonical\" href=\"https:\/\/rutana.lt\/en\/product\/maisai-siukslems-60-litru-10-vnt-uzrisami-juodi-plasta-84609\/\" \/>\n<meta property=\"og:locale\" content=\"en_US\" \/>\n<meta property=\"og:type\" content=\"article\" \/>\n<meta property=\"og:title\" content=\"Mai\u0161ai \u0161iuk\u0161l\u0117ms 60 litr\u0173 10 vnt. u\u017eri\u0161ami juodi Plasta 84609 - Rutana - Ra\u0161tin\u0117s reikmenys\" \/>\n<meta property=\"og:description\" content=\"\u0160iuk\u0161li\u0173 mai\u0161ai pagaminti i\u0161 \u017eemo tankio polietileno ( LDPE ), kuris yra stiprus ir tamprus, tod\u0117l neply\u0161ta taip greitai, kaip plonesni mai\u0161ai. B\u016bsite tikri, kad ne\u0161ant \u0161iuk\u0161les nei\u0161birs ir nesugadins Jums nuotaikos. Mai\u0161ai pagaminti i\u0161 perdirbtos \u017ealiavos. Turi plastikin\u0119 juostel\u0119 &#8211; ver\u017etuk\u0105, kad b\u016bt\u0173 galima u\u017eri\u0161ti mai\u0161\u0105 ir patogiai ne\u0161ti. Mai\u0161o talpa: 60 litr\u0173 Mai\u0161o [&hellip;]\" \/>\n<meta property=\"og:url\" content=\"https:\/\/rutana.lt\/en\/product\/maisai-siukslems-60-litru-10-vnt-uzrisami-juodi-plasta-84609\/\" \/>\n<meta property=\"og:site_name\" content=\"Rutana - Ra\u0161tin\u0117s reikmenys\" \/>\n<meta property=\"article:publisher\" content=\"https:\/\/www.facebook.com\/RutanaKanceliarinesPrekes\/\" \/>\n<meta property=\"article:modified_time\" content=\"2025-10-13T13:23:28+00:00\" \/>\n<meta property=\"og:image\" content=\"https:\/\/rutana.lt\/wp-content\/uploads\/2025\/09\/B047-304-1.jpg\" \/>\n\t<meta property=\"og:image:width\" content=\"500\" \/>\n\t<meta property=\"og:image:height\" content=\"517\" \/>\n\t<meta property=\"og:image:type\" content=\"image\/jpeg\" \/>\n<meta name=\"twitter:card\" content=\"summary_large_image\" \/>\n<script type=\"application\/ld+json\" class=\"yoast-schema-graph\">{\"@context\":\"https:\/\/schema.org\",\"@graph\":[{\"@type\":\"WebPage\",\"@id\":\"https:\/\/rutana.lt\/produktas\/maisai-siukslems-60-litru-10-vnt-uzrisami-juodi-plasta-84609\/\",\"url\":\"https:\/\/rutana.lt\/produktas\/maisai-siukslems-60-litru-10-vnt-uzrisami-juodi-plasta-84609\/\",\"name\":\"Mai\u0161ai \u0161iuk\u0161l\u0117ms 60 litr\u0173 10 vnt. u\u017eri\u0161ami juodi Plasta 84609 - Rutana - Ra\u0161tin\u0117s reikmenys\",\"isPartOf\":{\"@id\":\"https:\/\/rutana.lt\/#website\"},\"primaryImageOfPage\":{\"@id\":\"https:\/\/rutana.lt\/produktas\/maisai-siukslems-60-litru-10-vnt-uzrisami-juodi-plasta-84609\/#primaryimage\"},\"image\":{\"@id\":\"https:\/\/rutana.lt\/produktas\/maisai-siukslems-60-litru-10-vnt-uzrisami-juodi-plasta-84609\/#primaryimage\"},\"thumbnailUrl\":\"https:\/\/rutana.lt\/wp-content\/uploads\/2025\/09\/B047-304-1-1.jpg?v=1763622462\",\"datePublished\":\"2025-09-03T06:45:54+00:00\",\"dateModified\":\"2025-10-13T13:23:28+00:00\",\"breadcrumb\":{\"@id\":\"https:\/\/rutana.lt\/produktas\/maisai-siukslems-60-litru-10-vnt-uzrisami-juodi-plasta-84609\/#breadcrumb\"},\"inLanguage\":\"en-US\",\"potentialAction\":[{\"@type\":\"ReadAction\",\"target\":[\"https:\/\/rutana.lt\/produktas\/maisai-siukslems-60-litru-10-vnt-uzrisami-juodi-plasta-84609\/\"]}]},{\"@type\":\"ImageObject\",\"inLanguage\":\"en-US\",\"@id\":\"https:\/\/rutana.lt\/produktas\/maisai-siukslems-60-litru-10-vnt-uzrisami-juodi-plasta-84609\/#primaryimage\",\"url\":\"https:\/\/rutana.lt\/wp-content\/uploads\/2025\/09\/B047-304-1-1.jpg?v=1763622462\",\"contentUrl\":\"https:\/\/rutana.lt\/wp-content\/uploads\/2025\/09\/B047-304-1-1.jpg?v=1763622462\",\"width\":500,\"height\":517},{\"@type\":\"BreadcrumbList\",\"@id\":\"https:\/\/rutana.lt\/produktas\/maisai-siukslems-60-litru-10-vnt-uzrisami-juodi-plasta-84609\/#breadcrumb\",\"itemListElement\":[{\"@type\":\"ListItem\",\"position\":1,\"name\":\"Home\",\"item\":\"https:\/\/rutana.lt\/\"},{\"@type\":\"ListItem\",\"position\":2,\"name\":\"Parduotuv\u0117\",\"item\":\"https:\/\/rutana.lt\/parduotuve\/\"},{\"@type\":\"ListItem\",\"position\":3,\"name\":\"Mai\u0161ai \u0161iuk\u0161l\u0117ms 60 litr\u0173 10 vnt. u\u017eri\u0161ami juodi Plasta 84609\"}]},{\"@type\":\"WebSite\",\"@id\":\"https:\/\/rutana.lt\/#website\",\"url\":\"https:\/\/rutana.lt\/\",\"name\":\"Rutana - Ra\u0161tin\u0117s reikmenys\",\"description\":\"Prekiaujame pasaulin\u0117je rinkoje pripa\u017eintomis, kokybi\u0161komis biuro prek\u0117mis toki\u0173  gamintoj\u0173 kaip: Schneider, Esselte, Novus, 3M, Faber-Castell, Citizen, Milan, Leitz, Colop, Zebra, Staedtler, Durable, Tork, Parker, Waterman ir kt.\",\"publisher\":{\"@id\":\"https:\/\/rutana.lt\/#organization\"},\"potentialAction\":[{\"@type\":\"SearchAction\",\"target\":{\"@type\":\"EntryPoint\",\"urlTemplate\":\"https:\/\/rutana.lt\/?s={search_term_string}\"},\"query-input\":{\"@type\":\"PropertyValueSpecification\",\"valueRequired\":true,\"valueName\":\"search_term_string\"}}],\"inLanguage\":\"en-US\"},{\"@type\":\"Organization\",\"@id\":\"https:\/\/rutana.lt\/#organization\",\"name\":\"Rutana - Ra\u0161tin\u0117s reikmenys\",\"url\":\"https:\/\/rutana.lt\/\",\"logo\":{\"@type\":\"ImageObject\",\"inLanguage\":\"en-US\",\"@id\":\"https:\/\/rutana.lt\/#\/schema\/logo\/image\/\",\"url\":\"https:\/\/rutana.lt\/wp-content\/uploads\/2025\/10\/Asset-32.png\",\"contentUrl\":\"https:\/\/rutana.lt\/wp-content\/uploads\/2025\/10\/Asset-32.png\",\"width\":433,\"height\":119,\"caption\":\"Rutana - Ra\u0161tin\u0117s reikmenys\"},\"image\":{\"@id\":\"https:\/\/rutana.lt\/#\/schema\/logo\/image\/\"},\"sameAs\":[\"https:\/\/www.facebook.com\/RutanaKanceliarinesPrekes\/\"]}]}<\/script>\n<!-- \/ Yoast SEO plugin. -->","yoast_head_json":{"title":"Mai\u0161ai \u0161iuk\u0161l\u0117ms 60 litr\u0173 10 vnt. u\u017eri\u0161ami juodi Plasta 84609 - Rutana - Ra\u0161tin\u0117s reikmenys","robots":{"index":"index","follow":"follow","max-snippet":"max-snippet:-1","max-image-preview":"max-image-preview:large","max-video-preview":"max-video-preview:-1"},"canonical":"https:\/\/rutana.lt\/en\/product\/maisai-siukslems-60-litru-10-vnt-uzrisami-juodi-plasta-84609\/","og_locale":"en_US","og_type":"article","og_title":"Mai\u0161ai \u0161iuk\u0161l\u0117ms 60 litr\u0173 10 vnt. u\u017eri\u0161ami juodi Plasta 84609 - Rutana - Ra\u0161tin\u0117s reikmenys","og_description":"\u0160iuk\u0161li\u0173 mai\u0161ai pagaminti i\u0161 \u017eemo tankio polietileno ( LDPE ), kuris yra stiprus ir tamprus, tod\u0117l neply\u0161ta taip greitai, kaip plonesni mai\u0161ai. B\u016bsite tikri, kad ne\u0161ant \u0161iuk\u0161les nei\u0161birs ir nesugadins Jums nuotaikos. Mai\u0161ai pagaminti i\u0161 perdirbtos \u017ealiavos. Turi plastikin\u0119 juostel\u0119 &#8211; ver\u017etuk\u0105, kad b\u016bt\u0173 galima u\u017eri\u0161ti mai\u0161\u0105 ir patogiai ne\u0161ti. Mai\u0161o talpa: 60 litr\u0173 Mai\u0161o [&hellip;]","og_url":"https:\/\/rutana.lt\/en\/product\/maisai-siukslems-60-litru-10-vnt-uzrisami-juodi-plasta-84609\/","og_site_name":"Rutana - Ra\u0161tin\u0117s reikmenys","article_publisher":"https:\/\/www.facebook.com\/RutanaKanceliarinesPrekes\/","article_modified_time":"2025-10-13T13:23:28+00:00","og_image":[{"width":500,"height":517,"url":"https:\/\/rutana.lt\/wp-content\/uploads\/2025\/09\/B047-304-1.jpg","type":"image\/jpeg"}],"twitter_card":"summary_large_image","schema":{"@context":"https:\/\/schema.org","@graph":[{"@type":"WebPage","@id":"https:\/\/rutana.lt\/produktas\/maisai-siukslems-60-litru-10-vnt-uzrisami-juodi-plasta-84609\/","url":"https:\/\/rutana.lt\/produktas\/maisai-siukslems-60-litru-10-vnt-uzrisami-juodi-plasta-84609\/","name":"Mai\u0161ai \u0161iuk\u0161l\u0117ms 60 litr\u0173 10 vnt. u\u017eri\u0161ami juodi Plasta 84609 - Rutana - Ra\u0161tin\u0117s reikmenys","isPartOf":{"@id":"https:\/\/rutana.lt\/#website"},"primaryImageOfPage":{"@id":"https:\/\/rutana.lt\/produktas\/maisai-siukslems-60-litru-10-vnt-uzrisami-juodi-plasta-84609\/#primaryimage"},"image":{"@id":"https:\/\/rutana.lt\/produktas\/maisai-siukslems-60-litru-10-vnt-uzrisami-juodi-plasta-84609\/#primaryimage"},"thumbnailUrl":"https:\/\/rutana.lt\/wp-content\/uploads\/2025\/09\/B047-304-1-1.jpg?v=1763622462","datePublished":"2025-09-03T06:45:54+00:00","dateModified":"2025-10-13T13:23:28+00:00","breadcrumb":{"@id":"https:\/\/rutana.lt\/produktas\/maisai-siukslems-60-litru-10-vnt-uzrisami-juodi-plasta-84609\/#breadcrumb"},"inLanguage":"en-US","potentialAction":[{"@type":"ReadAction","target":["https:\/\/rutana.lt\/produktas\/maisai-siukslems-60-litru-10-vnt-uzrisami-juodi-plasta-84609\/"]}]},{"@type":"ImageObject","inLanguage":"en-US","@id":"https:\/\/rutana.lt\/produktas\/maisai-siukslems-60-litru-10-vnt-uzrisami-juodi-plasta-84609\/#primaryimage","url":"https:\/\/rutana.lt\/wp-content\/uploads\/2025\/09\/B047-304-1-1.jpg?v=1763622462","contentUrl":"https:\/\/rutana.lt\/wp-content\/uploads\/2025\/09\/B047-304-1-1.jpg?v=1763622462","width":500,"height":517},{"@type":"BreadcrumbList","@id":"https:\/\/rutana.lt\/produktas\/maisai-siukslems-60-litru-10-vnt-uzrisami-juodi-plasta-84609\/#breadcrumb","itemListElement":[{"@type":"ListItem","position":1,"name":"Home","item":"https:\/\/rutana.lt\/"},{"@type":"ListItem","position":2,"name":"Parduotuv\u0117","item":"https:\/\/rutana.lt\/parduotuve\/"},{"@type":"ListItem","position":3,"name":"Mai\u0161ai \u0161iuk\u0161l\u0117ms 60 litr\u0173 10 vnt. u\u017eri\u0161ami juodi Plasta 84609"}]},{"@type":"WebSite","@id":"https:\/\/rutana.lt\/#website","url":"https:\/\/rutana.lt\/","name":"Rutana - Ra\u0161tin\u0117s reikmenys","description":"Prekiaujame pasaulin\u0117je rinkoje pripa\u017eintomis, kokybi\u0161komis biuro prek\u0117mis toki\u0173  gamintoj\u0173 kaip: Schneider, Esselte, Novus, 3M, Faber-Castell, Citizen, Milan, Leitz, Colop, Zebra, Staedtler, Durable, Tork, Parker, Waterman ir kt.","publisher":{"@id":"https:\/\/rutana.lt\/#organization"},"potentialAction":[{"@type":"SearchAction","target":{"@type":"EntryPoint","urlTemplate":"https:\/\/rutana.lt\/?s={search_term_string}"},"query-input":{"@type":"PropertyValueSpecification","valueRequired":true,"valueName":"search_term_string"}}],"inLanguage":"en-US"},{"@type":"Organization","@id":"https:\/\/rutana.lt\/#organization","name":"Rutana - Ra\u0161tin\u0117s reikmenys","url":"https:\/\/rutana.lt\/","logo":{"@type":"ImageObject","inLanguage":"en-US","@id":"https:\/\/rutana.lt\/#\/schema\/logo\/image\/","url":"https:\/\/rutana.lt\/wp-content\/uploads\/2025\/10\/Asset-32.png","contentUrl":"https:\/\/rutana.lt\/wp-content\/uploads\/2025\/10\/Asset-32.png","width":433,"height":119,"caption":"Rutana - Ra\u0161tin\u0117s reikmenys"},"image":{"@id":"https:\/\/rutana.lt\/#\/schema\/logo\/image\/"},"sameAs":["https:\/\/www.facebook.com\/RutanaKanceliarinesPrekes\/"]}]}},"_links":{"self":[{"href":"https:\/\/rutana.lt\/en\/wp-json\/wp\/v2\/product\/5360","targetHints":{"allow":["GET"]}}],"collection":[{"href":"https:\/\/rutana.lt\/en\/wp-json\/wp\/v2\/product"}],"about":[{"href":"https:\/\/rutana.lt\/en\/wp-json\/wp\/v2\/types\/product"}],"replies":[{"embeddable":true,"href":"https:\/\/rutana.lt\/en\/wp-json\/wp\/v2\/comments?post=5360"}],"version-history":[{"count":1,"href":"https:\/\/rutana.lt\/en\/wp-json\/wp\/v2\/product\/5360\/revisions"}],"predecessor-version":[{"id":5406,"href":"https:\/\/rutana.lt\/en\/wp-json\/wp\/v2\/product\/5360\/revisions\/5406"}],"wp:featuredmedia":[{"embeddable":true,"href":"https:\/\/rutana.lt\/en\/wp-json\/wp\/v2\/media\/25455"}],"wp:attachment":[{"href":"https:\/\/rutana.lt\/en\/wp-json\/wp\/v2\/media?parent=5360"}],"wp:term":[{"taxonomy":"product_brand","embeddable":true,"href":"https:\/\/rutana.lt\/en\/wp-json\/wp\/v2\/product_brand?post=5360"},{"taxonomy":"product_cat","embeddable":true,"href":"https:\/\/rutana.lt\/en\/wp-json\/wp\/v2\/product_cat?post=5360"},{"taxonomy":"product_tag","embeddable":true,"href":"https:\/\/rutana.lt\/en\/wp-json\/wp\/v2\/product_tag?post=5360"}],"curies":[{"name":"wp","href":"https:\/\/api.w.org\/{rel}","templated":true}]}}