{"id":5184,"date":"2025-09-03T08:45:05","date_gmt":"2025-09-03T06:45:05","guid":{"rendered":"https:\/\/rutana.webdemo.lt\/?post_type=product&#038;p=5184"},"modified":"2025-10-13T15:22:56","modified_gmt":"2025-10-13T13:22:56","slug":"kniedziu-susegejas-skylamusis-ep-20-iki-20-lapu-kangaro-376224","status":"publish","type":"product","link":"https:\/\/rutana.lt\/en\/product\/kniedziu-susegejas-skylamusis-ep-20-iki-20-lapu-kangaro-376224\/","title":{"rendered":"Knied\u017ei\u0173 suseg\u0117jas &#8211; skylamu\u0161is EP-20 iki 20 lap\u0173 Kangaro 376224"},"content":{"rendered":"<p>Metalinis knied\u017ei\u0173 suseg\u0117jas pramu\u0161a vien\u0105 skyl\u0119 popieriaus pluo\u0161te ir suspaud\u017eia 4.0 mm diametro knied\u0119. Tinkamas naudoti notariniams dokumentams susegti, taip pat kitiems svarbiems dokumentams, kuriuos reikia susegti ir suri\u0161ti. Labai tvirtas chromuotas, metalinis korpusas ir mechanizmas. Komplekte yra tinkam\u0173 100 vnt. knied\u017ei\u0173.<\/p>\n<p>Pramu\u0161am\u0173 lap\u0173 kiekis: iki 20<\/p>\n<p>Pramu\u0161amo popieriaus pluo\u0161to storis: 2 mm<\/p>\n<p>Pramu\u0161amos skyl\u0117s diametras: 4.5 mm<\/p>\n<p>Tinkamos knied\u0117s: 4.0 mm<\/p>\n<p>Suseg\u0117jo ilgis: 167 mm<\/p>\n<p>Spalva: sidabrin\u0117<\/p>\n<p><\/p>\n<p><\/p>","protected":false},"excerpt":{"rendered":"<p>Metalinis knied\u017ei\u0173 suseg\u0117jas pramu\u0161a vien\u0105 skyl\u0119 popieriaus pluo\u0161te ir suspaud\u017eia 4.0 mm diametro knied\u0119. Tinkamas naudoti notariniams dokumentams susegti, taip pat kitiems svarbiems dokumentams, kuriuos reikia susegti ir suri\u0161ti. Labai tvirtas chromuotas, metalinis korpusas ir mechanizmas. Komplekte yra tinkam\u0173 100 vnt. knied\u017ei\u0173. Pramu\u0161am\u0173 lap\u0173 kiekis: iki 20 Pramu\u0161amo popieriaus pluo\u0161to storis: 2 mm Pramu\u0161amos skyl\u0117s [&hellip;]<\/p>","protected":false},"featured_media":25389,"comment_status":"open","ping_status":"closed","template":"","meta":{"_season_start":"","_season_end":"","_season_days":"","_season_months":"","_season_auto_visibility":""},"product_brand":[476],"product_cat":[1647],"product_tag":[],"class_list":{"0":"post-5184","1":"product","2":"type-product","3":"status-publish","4":"has-post-thumbnail","6":"product_brand-kangaro","7":"product_cat-reikmenys-notarams","9":"first","10":"instock","11":"taxable","12":"shipping-taxable","13":"purchasable","14":"product-type-simple"},"yoast_head":"<!-- This site is optimized with the Yoast SEO plugin v26.1.1 - https:\/\/yoast.com\/wordpress\/plugins\/seo\/ -->\n<title>Knied\u017ei\u0173 suseg\u0117jas - skylamu\u0161is EP-20 iki 20 lap\u0173 Kangaro 376224 - Rutana - Ra\u0161tin\u0117s reikmenys<\/title>\n<meta name=\"robots\" content=\"index, follow, max-snippet:-1, max-image-preview:large, max-video-preview:-1\" \/>\n<link rel=\"canonical\" href=\"https:\/\/rutana.lt\/en\/product\/kniedziu-susegejas-skylamusis-ep-20-iki-20-lapu-kangaro-376224\/\" \/>\n<meta property=\"og:locale\" content=\"en_US\" \/>\n<meta property=\"og:type\" content=\"article\" \/>\n<meta property=\"og:title\" content=\"Knied\u017ei\u0173 suseg\u0117jas - skylamu\u0161is EP-20 iki 20 lap\u0173 Kangaro 376224 - Rutana - Ra\u0161tin\u0117s reikmenys\" \/>\n<meta property=\"og:description\" content=\"Metalinis knied\u017ei\u0173 suseg\u0117jas pramu\u0161a vien\u0105 skyl\u0119 popieriaus pluo\u0161te ir suspaud\u017eia 4.0 mm diametro knied\u0119. Tinkamas naudoti notariniams dokumentams susegti, taip pat kitiems svarbiems dokumentams, kuriuos reikia susegti ir suri\u0161ti. Labai tvirtas chromuotas, metalinis korpusas ir mechanizmas. Komplekte yra tinkam\u0173 100 vnt. knied\u017ei\u0173. Pramu\u0161am\u0173 lap\u0173 kiekis: iki 20 Pramu\u0161amo popieriaus pluo\u0161to storis: 2 mm Pramu\u0161amos skyl\u0117s [&hellip;]\" \/>\n<meta property=\"og:url\" content=\"https:\/\/rutana.lt\/en\/product\/kniedziu-susegejas-skylamusis-ep-20-iki-20-lapu-kangaro-376224\/\" \/>\n<meta property=\"og:site_name\" content=\"Rutana - Ra\u0161tin\u0117s reikmenys\" \/>\n<meta property=\"article:publisher\" content=\"https:\/\/www.facebook.com\/RutanaKanceliarinesPrekes\/\" \/>\n<meta property=\"article:modified_time\" content=\"2025-10-13T13:22:56+00:00\" \/>\n<meta property=\"og:image\" content=\"https:\/\/rutana.lt\/wp-content\/uploads\/2025\/09\/B019-751.jpg\" \/>\n\t<meta property=\"og:image:width\" content=\"572\" \/>\n\t<meta property=\"og:image:height\" content=\"481\" \/>\n\t<meta property=\"og:image:type\" content=\"image\/jpeg\" \/>\n<meta name=\"twitter:card\" content=\"summary_large_image\" \/>\n<script type=\"application\/ld+json\" class=\"yoast-schema-graph\">{\"@context\":\"https:\/\/schema.org\",\"@graph\":[{\"@type\":\"WebPage\",\"@id\":\"https:\/\/rutana.lt\/produktas\/kniedziu-susegejas-skylamusis-ep-20-iki-20-lapu-kangaro-376224\/\",\"url\":\"https:\/\/rutana.lt\/produktas\/kniedziu-susegejas-skylamusis-ep-20-iki-20-lapu-kangaro-376224\/\",\"name\":\"Knied\u017ei\u0173 suseg\u0117jas - skylamu\u0161is EP-20 iki 20 lap\u0173 Kangaro 376224 - Rutana - Ra\u0161tin\u0117s reikmenys\",\"isPartOf\":{\"@id\":\"https:\/\/rutana.lt\/#website\"},\"primaryImageOfPage\":{\"@id\":\"https:\/\/rutana.lt\/produktas\/kniedziu-susegejas-skylamusis-ep-20-iki-20-lapu-kangaro-376224\/#primaryimage\"},\"image\":{\"@id\":\"https:\/\/rutana.lt\/produktas\/kniedziu-susegejas-skylamusis-ep-20-iki-20-lapu-kangaro-376224\/#primaryimage\"},\"thumbnailUrl\":\"https:\/\/rutana.lt\/wp-content\/uploads\/2025\/09\/B019-751-1.jpg?v=1763622550\",\"datePublished\":\"2025-09-03T06:45:05+00:00\",\"dateModified\":\"2025-10-13T13:22:56+00:00\",\"breadcrumb\":{\"@id\":\"https:\/\/rutana.lt\/produktas\/kniedziu-susegejas-skylamusis-ep-20-iki-20-lapu-kangaro-376224\/#breadcrumb\"},\"inLanguage\":\"en-US\",\"potentialAction\":[{\"@type\":\"ReadAction\",\"target\":[\"https:\/\/rutana.lt\/produktas\/kniedziu-susegejas-skylamusis-ep-20-iki-20-lapu-kangaro-376224\/\"]}]},{\"@type\":\"ImageObject\",\"inLanguage\":\"en-US\",\"@id\":\"https:\/\/rutana.lt\/produktas\/kniedziu-susegejas-skylamusis-ep-20-iki-20-lapu-kangaro-376224\/#primaryimage\",\"url\":\"https:\/\/rutana.lt\/wp-content\/uploads\/2025\/09\/B019-751-1.jpg?v=1763622550\",\"contentUrl\":\"https:\/\/rutana.lt\/wp-content\/uploads\/2025\/09\/B019-751-1.jpg?v=1763622550\",\"width\":572,\"height\":481},{\"@type\":\"BreadcrumbList\",\"@id\":\"https:\/\/rutana.lt\/produktas\/kniedziu-susegejas-skylamusis-ep-20-iki-20-lapu-kangaro-376224\/#breadcrumb\",\"itemListElement\":[{\"@type\":\"ListItem\",\"position\":1,\"name\":\"Home\",\"item\":\"https:\/\/rutana.lt\/\"},{\"@type\":\"ListItem\",\"position\":2,\"name\":\"Parduotuv\u0117\",\"item\":\"https:\/\/rutana.lt\/parduotuve\/\"},{\"@type\":\"ListItem\",\"position\":3,\"name\":\"Knied\u017ei\u0173 suseg\u0117jas &#8211; skylamu\u0161is EP-20 iki 20 lap\u0173 Kangaro 376224\"}]},{\"@type\":\"WebSite\",\"@id\":\"https:\/\/rutana.lt\/#website\",\"url\":\"https:\/\/rutana.lt\/\",\"name\":\"Rutana - Ra\u0161tin\u0117s reikmenys\",\"description\":\"Prekiaujame pasaulin\u0117je rinkoje pripa\u017eintomis, kokybi\u0161komis biuro prek\u0117mis toki\u0173  gamintoj\u0173 kaip: Schneider, Esselte, Novus, 3M, Faber-Castell, Citizen, Milan, Leitz, Colop, Zebra, Staedtler, Durable, Tork, Parker, Waterman ir kt.\",\"publisher\":{\"@id\":\"https:\/\/rutana.lt\/#organization\"},\"potentialAction\":[{\"@type\":\"SearchAction\",\"target\":{\"@type\":\"EntryPoint\",\"urlTemplate\":\"https:\/\/rutana.lt\/?s={search_term_string}\"},\"query-input\":{\"@type\":\"PropertyValueSpecification\",\"valueRequired\":true,\"valueName\":\"search_term_string\"}}],\"inLanguage\":\"en-US\"},{\"@type\":\"Organization\",\"@id\":\"https:\/\/rutana.lt\/#organization\",\"name\":\"Rutana - Ra\u0161tin\u0117s reikmenys\",\"url\":\"https:\/\/rutana.lt\/\",\"logo\":{\"@type\":\"ImageObject\",\"inLanguage\":\"en-US\",\"@id\":\"https:\/\/rutana.lt\/#\/schema\/logo\/image\/\",\"url\":\"https:\/\/rutana.lt\/wp-content\/uploads\/2025\/10\/Asset-32.png\",\"contentUrl\":\"https:\/\/rutana.lt\/wp-content\/uploads\/2025\/10\/Asset-32.png\",\"width\":433,\"height\":119,\"caption\":\"Rutana - Ra\u0161tin\u0117s reikmenys\"},\"image\":{\"@id\":\"https:\/\/rutana.lt\/#\/schema\/logo\/image\/\"},\"sameAs\":[\"https:\/\/www.facebook.com\/RutanaKanceliarinesPrekes\/\"]}]}<\/script>\n<!-- \/ Yoast SEO plugin. -->","yoast_head_json":{"title":"Knied\u017ei\u0173 suseg\u0117jas - skylamu\u0161is EP-20 iki 20 lap\u0173 Kangaro 376224 - Rutana - Ra\u0161tin\u0117s reikmenys","robots":{"index":"index","follow":"follow","max-snippet":"max-snippet:-1","max-image-preview":"max-image-preview:large","max-video-preview":"max-video-preview:-1"},"canonical":"https:\/\/rutana.lt\/en\/product\/kniedziu-susegejas-skylamusis-ep-20-iki-20-lapu-kangaro-376224\/","og_locale":"en_US","og_type":"article","og_title":"Knied\u017ei\u0173 suseg\u0117jas - skylamu\u0161is EP-20 iki 20 lap\u0173 Kangaro 376224 - Rutana - Ra\u0161tin\u0117s reikmenys","og_description":"Metalinis knied\u017ei\u0173 suseg\u0117jas pramu\u0161a vien\u0105 skyl\u0119 popieriaus pluo\u0161te ir suspaud\u017eia 4.0 mm diametro knied\u0119. Tinkamas naudoti notariniams dokumentams susegti, taip pat kitiems svarbiems dokumentams, kuriuos reikia susegti ir suri\u0161ti. Labai tvirtas chromuotas, metalinis korpusas ir mechanizmas. Komplekte yra tinkam\u0173 100 vnt. knied\u017ei\u0173. Pramu\u0161am\u0173 lap\u0173 kiekis: iki 20 Pramu\u0161amo popieriaus pluo\u0161to storis: 2 mm Pramu\u0161amos skyl\u0117s [&hellip;]","og_url":"https:\/\/rutana.lt\/en\/product\/kniedziu-susegejas-skylamusis-ep-20-iki-20-lapu-kangaro-376224\/","og_site_name":"Rutana - Ra\u0161tin\u0117s reikmenys","article_publisher":"https:\/\/www.facebook.com\/RutanaKanceliarinesPrekes\/","article_modified_time":"2025-10-13T13:22:56+00:00","og_image":[{"width":572,"height":481,"url":"https:\/\/rutana.lt\/wp-content\/uploads\/2025\/09\/B019-751.jpg","type":"image\/jpeg"}],"twitter_card":"summary_large_image","schema":{"@context":"https:\/\/schema.org","@graph":[{"@type":"WebPage","@id":"https:\/\/rutana.lt\/produktas\/kniedziu-susegejas-skylamusis-ep-20-iki-20-lapu-kangaro-376224\/","url":"https:\/\/rutana.lt\/produktas\/kniedziu-susegejas-skylamusis-ep-20-iki-20-lapu-kangaro-376224\/","name":"Knied\u017ei\u0173 suseg\u0117jas - skylamu\u0161is EP-20 iki 20 lap\u0173 Kangaro 376224 - Rutana - Ra\u0161tin\u0117s reikmenys","isPartOf":{"@id":"https:\/\/rutana.lt\/#website"},"primaryImageOfPage":{"@id":"https:\/\/rutana.lt\/produktas\/kniedziu-susegejas-skylamusis-ep-20-iki-20-lapu-kangaro-376224\/#primaryimage"},"image":{"@id":"https:\/\/rutana.lt\/produktas\/kniedziu-susegejas-skylamusis-ep-20-iki-20-lapu-kangaro-376224\/#primaryimage"},"thumbnailUrl":"https:\/\/rutana.lt\/wp-content\/uploads\/2025\/09\/B019-751-1.jpg?v=1763622550","datePublished":"2025-09-03T06:45:05+00:00","dateModified":"2025-10-13T13:22:56+00:00","breadcrumb":{"@id":"https:\/\/rutana.lt\/produktas\/kniedziu-susegejas-skylamusis-ep-20-iki-20-lapu-kangaro-376224\/#breadcrumb"},"inLanguage":"en-US","potentialAction":[{"@type":"ReadAction","target":["https:\/\/rutana.lt\/produktas\/kniedziu-susegejas-skylamusis-ep-20-iki-20-lapu-kangaro-376224\/"]}]},{"@type":"ImageObject","inLanguage":"en-US","@id":"https:\/\/rutana.lt\/produktas\/kniedziu-susegejas-skylamusis-ep-20-iki-20-lapu-kangaro-376224\/#primaryimage","url":"https:\/\/rutana.lt\/wp-content\/uploads\/2025\/09\/B019-751-1.jpg?v=1763622550","contentUrl":"https:\/\/rutana.lt\/wp-content\/uploads\/2025\/09\/B019-751-1.jpg?v=1763622550","width":572,"height":481},{"@type":"BreadcrumbList","@id":"https:\/\/rutana.lt\/produktas\/kniedziu-susegejas-skylamusis-ep-20-iki-20-lapu-kangaro-376224\/#breadcrumb","itemListElement":[{"@type":"ListItem","position":1,"name":"Home","item":"https:\/\/rutana.lt\/"},{"@type":"ListItem","position":2,"name":"Parduotuv\u0117","item":"https:\/\/rutana.lt\/parduotuve\/"},{"@type":"ListItem","position":3,"name":"Knied\u017ei\u0173 suseg\u0117jas &#8211; skylamu\u0161is EP-20 iki 20 lap\u0173 Kangaro 376224"}]},{"@type":"WebSite","@id":"https:\/\/rutana.lt\/#website","url":"https:\/\/rutana.lt\/","name":"Rutana - Ra\u0161tin\u0117s reikmenys","description":"Prekiaujame pasaulin\u0117je rinkoje pripa\u017eintomis, kokybi\u0161komis biuro prek\u0117mis toki\u0173  gamintoj\u0173 kaip: Schneider, Esselte, Novus, 3M, Faber-Castell, Citizen, Milan, Leitz, Colop, Zebra, Staedtler, Durable, Tork, Parker, Waterman ir kt.","publisher":{"@id":"https:\/\/rutana.lt\/#organization"},"potentialAction":[{"@type":"SearchAction","target":{"@type":"EntryPoint","urlTemplate":"https:\/\/rutana.lt\/?s={search_term_string}"},"query-input":{"@type":"PropertyValueSpecification","valueRequired":true,"valueName":"search_term_string"}}],"inLanguage":"en-US"},{"@type":"Organization","@id":"https:\/\/rutana.lt\/#organization","name":"Rutana - Ra\u0161tin\u0117s reikmenys","url":"https:\/\/rutana.lt\/","logo":{"@type":"ImageObject","inLanguage":"en-US","@id":"https:\/\/rutana.lt\/#\/schema\/logo\/image\/","url":"https:\/\/rutana.lt\/wp-content\/uploads\/2025\/10\/Asset-32.png","contentUrl":"https:\/\/rutana.lt\/wp-content\/uploads\/2025\/10\/Asset-32.png","width":433,"height":119,"caption":"Rutana - Ra\u0161tin\u0117s reikmenys"},"image":{"@id":"https:\/\/rutana.lt\/#\/schema\/logo\/image\/"},"sameAs":["https:\/\/www.facebook.com\/RutanaKanceliarinesPrekes\/"]}]}},"_links":{"self":[{"href":"https:\/\/rutana.lt\/en\/wp-json\/wp\/v2\/product\/5184","targetHints":{"allow":["GET"]}}],"collection":[{"href":"https:\/\/rutana.lt\/en\/wp-json\/wp\/v2\/product"}],"about":[{"href":"https:\/\/rutana.lt\/en\/wp-json\/wp\/v2\/types\/product"}],"replies":[{"embeddable":true,"href":"https:\/\/rutana.lt\/en\/wp-json\/wp\/v2\/comments?post=5184"}],"version-history":[{"count":1,"href":"https:\/\/rutana.lt\/en\/wp-json\/wp\/v2\/product\/5184\/revisions"}],"predecessor-version":[{"id":5219,"href":"https:\/\/rutana.lt\/en\/wp-json\/wp\/v2\/product\/5184\/revisions\/5219"}],"wp:featuredmedia":[{"embeddable":true,"href":"https:\/\/rutana.lt\/en\/wp-json\/wp\/v2\/media\/25389"}],"wp:attachment":[{"href":"https:\/\/rutana.lt\/en\/wp-json\/wp\/v2\/media?parent=5184"}],"wp:term":[{"taxonomy":"product_brand","embeddable":true,"href":"https:\/\/rutana.lt\/en\/wp-json\/wp\/v2\/product_brand?post=5184"},{"taxonomy":"product_cat","embeddable":true,"href":"https:\/\/rutana.lt\/en\/wp-json\/wp\/v2\/product_cat?post=5184"},{"taxonomy":"product_tag","embeddable":true,"href":"https:\/\/rutana.lt\/en\/wp-json\/wp\/v2\/product_tag?post=5184"}],"curies":[{"name":"wp","href":"https:\/\/api.w.org\/{rel}","templated":true}]}}