{"id":5124,"date":"2025-09-03T08:44:42","date_gmt":"2025-09-03T06:44:42","guid":{"rendered":"https:\/\/rutana.webdemo.lt\/?post_type=product&#038;p=5124"},"modified":"2025-10-13T15:22:55","modified_gmt":"2025-10-13T13:22:55","slug":"plunksnakotis-expert-stainless-steel-gt-waterman-s0951940","status":"publish","type":"product","link":"https:\/\/rutana.lt\/en\/product\/plunksnakotis-expert-stainless-steel-gt-waterman-s0951940\/","title":{"rendered":"Plunksnakotis Expert Stainless Steel GT Waterman S0951940"},"content":{"rendered":"<p style=\"margin-bottom: 10px;\">Prabangus Waterman Expert kolekcijos parkeris suteiks stilingos Pary\u017eiaus elegancijos J\u016bs\u0173 darbo dienai. Prabangios apdailos detal\u0117s pabr\u0117\u017eia parkerio savinink\u0105 kaip svarbi\u0105 asmenyb\u0119. Korpusas pagamintas i\u0161 ner\u016bdijan\u010dio plieno, apdailos detal\u0117s padengtos 23K auksu. Ner\u016bdijan\u010dio plieno plunksna, padengta 23K auksu, u\u017etikrina optimal\u0173 ra\u0161ymo komfort\u0105. Plunksnako\u010diui naudojamos Waterman ra\u0161alo kapsul\u0117s arba pritraukimo mechanizmas. Parduodamas prabangioje Waterman dovan\u0173 d\u0117\u017eut\u0117je.<\/p>\n<p style=\"margin-bottom: 10px;\">Plunksna: ner\u016bdijantis plienas padengtas 23K auksu<\/p>\n<p style=\"margin-bottom: 10px;\">Plunksnos br\u0117\u017eio storis: F<\/p>\n<p style=\"margin-bottom: 10px;\">Korpusas: ner\u016bdijantis plienas<\/p>\n<p style=\"margin-bottom: 10px;\"><\/p>\n<p style=\"margin-bottom: 10px;\"><\/p>","protected":false},"excerpt":{"rendered":"<p>Prabangus Waterman Expert kolekcijos parkeris suteiks stilingos Pary\u017eiaus elegancijos J\u016bs\u0173 darbo dienai. Prabangios apdailos detal\u0117s pabr\u0117\u017eia parkerio savinink\u0105 kaip svarbi\u0105 asmenyb\u0119. Korpusas pagamintas i\u0161 ner\u016bdijan\u010dio plieno, apdailos detal\u0117s padengtos 23K auksu. Ner\u016bdijan\u010dio plieno plunksna, padengta 23K auksu, u\u017etikrina optimal\u0173 ra\u0161ymo komfort\u0105. Plunksnako\u010diui naudojamos Waterman ra\u0161alo kapsul\u0117s arba pritraukimo mechanizmas. Parduodamas prabangioje Waterman dovan\u0173 d\u0117\u017eut\u0117je. Plunksna: [&hellip;]<\/p>","protected":false},"featured_media":25379,"comment_status":"open","ping_status":"closed","template":"","meta":{"_season_start":"","_season_end":"","_season_days":"","_season_months":"","_season_auto_visibility":""},"product_brand":[459],"product_cat":[1836],"product_tag":[],"class_list":{"0":"post-5124","1":"product","2":"type-product","3":"status-publish","4":"has-post-thumbnail","6":"product_brand-waterman","7":"product_cat-parkeriai","9":"first","10":"instock","11":"taxable","12":"shipping-taxable","13":"purchasable","14":"product-type-simple"},"yoast_head":"<!-- This site is optimized with the Yoast SEO plugin v26.1.1 - https:\/\/yoast.com\/wordpress\/plugins\/seo\/ -->\n<title>Plunksnakotis Expert Stainless Steel GT Waterman S0951940 - Rutana - Ra\u0161tin\u0117s reikmenys<\/title>\n<meta name=\"robots\" content=\"index, follow, max-snippet:-1, max-image-preview:large, max-video-preview:-1\" \/>\n<link rel=\"canonical\" href=\"https:\/\/rutana.lt\/en\/product\/plunksnakotis-expert-stainless-steel-gt-waterman-s0951940\/\" \/>\n<meta property=\"og:locale\" content=\"en_US\" \/>\n<meta property=\"og:type\" content=\"article\" \/>\n<meta property=\"og:title\" content=\"Plunksnakotis Expert Stainless Steel GT Waterman S0951940 - Rutana - Ra\u0161tin\u0117s reikmenys\" \/>\n<meta property=\"og:description\" content=\"Prabangus Waterman Expert kolekcijos parkeris suteiks stilingos Pary\u017eiaus elegancijos J\u016bs\u0173 darbo dienai. Prabangios apdailos detal\u0117s pabr\u0117\u017eia parkerio savinink\u0105 kaip svarbi\u0105 asmenyb\u0119. Korpusas pagamintas i\u0161 ner\u016bdijan\u010dio plieno, apdailos detal\u0117s padengtos 23K auksu. Ner\u016bdijan\u010dio plieno plunksna, padengta 23K auksu, u\u017etikrina optimal\u0173 ra\u0161ymo komfort\u0105. Plunksnako\u010diui naudojamos Waterman ra\u0161alo kapsul\u0117s arba pritraukimo mechanizmas. Parduodamas prabangioje Waterman dovan\u0173 d\u0117\u017eut\u0117je. Plunksna: [&hellip;]\" \/>\n<meta property=\"og:url\" content=\"https:\/\/rutana.lt\/en\/product\/plunksnakotis-expert-stainless-steel-gt-waterman-s0951940\/\" \/>\n<meta property=\"og:site_name\" content=\"Rutana - Ra\u0161tin\u0117s reikmenys\" \/>\n<meta property=\"article:publisher\" content=\"https:\/\/www.facebook.com\/RutanaKanceliarinesPrekes\/\" \/>\n<meta property=\"article:modified_time\" content=\"2025-10-13T13:22:55+00:00\" \/>\n<meta property=\"og:image\" content=\"https:\/\/rutana.lt\/wp-content\/uploads\/2025\/09\/C051-311.jpg\" \/>\n\t<meta property=\"og:image:width\" content=\"600\" \/>\n\t<meta property=\"og:image:height\" content=\"600\" \/>\n\t<meta property=\"og:image:type\" content=\"image\/jpeg\" \/>\n<meta name=\"twitter:card\" content=\"summary_large_image\" \/>\n<script type=\"application\/ld+json\" class=\"yoast-schema-graph\">{\"@context\":\"https:\/\/schema.org\",\"@graph\":[{\"@type\":\"WebPage\",\"@id\":\"https:\/\/rutana.lt\/produktas\/plunksnakotis-expert-stainless-steel-gt-waterman-s0951940\/\",\"url\":\"https:\/\/rutana.lt\/produktas\/plunksnakotis-expert-stainless-steel-gt-waterman-s0951940\/\",\"name\":\"Plunksnakotis Expert Stainless Steel GT Waterman S0951940 - Rutana - Ra\u0161tin\u0117s reikmenys\",\"isPartOf\":{\"@id\":\"https:\/\/rutana.lt\/#website\"},\"primaryImageOfPage\":{\"@id\":\"https:\/\/rutana.lt\/produktas\/plunksnakotis-expert-stainless-steel-gt-waterman-s0951940\/#primaryimage\"},\"image\":{\"@id\":\"https:\/\/rutana.lt\/produktas\/plunksnakotis-expert-stainless-steel-gt-waterman-s0951940\/#primaryimage\"},\"thumbnailUrl\":\"https:\/\/rutana.lt\/wp-content\/uploads\/2025\/09\/C051-311-2.jpg?v=1763622563\",\"datePublished\":\"2025-09-03T06:44:42+00:00\",\"dateModified\":\"2025-10-13T13:22:55+00:00\",\"breadcrumb\":{\"@id\":\"https:\/\/rutana.lt\/produktas\/plunksnakotis-expert-stainless-steel-gt-waterman-s0951940\/#breadcrumb\"},\"inLanguage\":\"en-US\",\"potentialAction\":[{\"@type\":\"ReadAction\",\"target\":[\"https:\/\/rutana.lt\/produktas\/plunksnakotis-expert-stainless-steel-gt-waterman-s0951940\/\"]}]},{\"@type\":\"ImageObject\",\"inLanguage\":\"en-US\",\"@id\":\"https:\/\/rutana.lt\/produktas\/plunksnakotis-expert-stainless-steel-gt-waterman-s0951940\/#primaryimage\",\"url\":\"https:\/\/rutana.lt\/wp-content\/uploads\/2025\/09\/C051-311-2.jpg?v=1763622563\",\"contentUrl\":\"https:\/\/rutana.lt\/wp-content\/uploads\/2025\/09\/C051-311-2.jpg?v=1763622563\",\"width\":600,\"height\":600},{\"@type\":\"BreadcrumbList\",\"@id\":\"https:\/\/rutana.lt\/produktas\/plunksnakotis-expert-stainless-steel-gt-waterman-s0951940\/#breadcrumb\",\"itemListElement\":[{\"@type\":\"ListItem\",\"position\":1,\"name\":\"Home\",\"item\":\"https:\/\/rutana.lt\/\"},{\"@type\":\"ListItem\",\"position\":2,\"name\":\"Parduotuv\u0117\",\"item\":\"https:\/\/rutana.lt\/parduotuve\/\"},{\"@type\":\"ListItem\",\"position\":3,\"name\":\"Plunksnakotis Expert Stainless Steel GT Waterman S0951940\"}]},{\"@type\":\"WebSite\",\"@id\":\"https:\/\/rutana.lt\/#website\",\"url\":\"https:\/\/rutana.lt\/\",\"name\":\"Rutana - Ra\u0161tin\u0117s reikmenys\",\"description\":\"Prekiaujame pasaulin\u0117je rinkoje pripa\u017eintomis, kokybi\u0161komis biuro prek\u0117mis toki\u0173  gamintoj\u0173 kaip: Schneider, Esselte, Novus, 3M, Faber-Castell, Citizen, Milan, Leitz, Colop, Zebra, Staedtler, Durable, Tork, Parker, Waterman ir kt.\",\"publisher\":{\"@id\":\"https:\/\/rutana.lt\/#organization\"},\"potentialAction\":[{\"@type\":\"SearchAction\",\"target\":{\"@type\":\"EntryPoint\",\"urlTemplate\":\"https:\/\/rutana.lt\/?s={search_term_string}\"},\"query-input\":{\"@type\":\"PropertyValueSpecification\",\"valueRequired\":true,\"valueName\":\"search_term_string\"}}],\"inLanguage\":\"en-US\"},{\"@type\":\"Organization\",\"@id\":\"https:\/\/rutana.lt\/#organization\",\"name\":\"Rutana - Ra\u0161tin\u0117s reikmenys\",\"url\":\"https:\/\/rutana.lt\/\",\"logo\":{\"@type\":\"ImageObject\",\"inLanguage\":\"en-US\",\"@id\":\"https:\/\/rutana.lt\/#\/schema\/logo\/image\/\",\"url\":\"https:\/\/rutana.lt\/wp-content\/uploads\/2025\/10\/Asset-32.png\",\"contentUrl\":\"https:\/\/rutana.lt\/wp-content\/uploads\/2025\/10\/Asset-32.png\",\"width\":433,\"height\":119,\"caption\":\"Rutana - Ra\u0161tin\u0117s reikmenys\"},\"image\":{\"@id\":\"https:\/\/rutana.lt\/#\/schema\/logo\/image\/\"},\"sameAs\":[\"https:\/\/www.facebook.com\/RutanaKanceliarinesPrekes\/\"]}]}<\/script>\n<!-- \/ Yoast SEO plugin. -->","yoast_head_json":{"title":"Plunksnakotis Expert Stainless Steel GT Waterman S0951940 - Rutana - Ra\u0161tin\u0117s reikmenys","robots":{"index":"index","follow":"follow","max-snippet":"max-snippet:-1","max-image-preview":"max-image-preview:large","max-video-preview":"max-video-preview:-1"},"canonical":"https:\/\/rutana.lt\/en\/product\/plunksnakotis-expert-stainless-steel-gt-waterman-s0951940\/","og_locale":"en_US","og_type":"article","og_title":"Plunksnakotis Expert Stainless Steel GT Waterman S0951940 - Rutana - Ra\u0161tin\u0117s reikmenys","og_description":"Prabangus Waterman Expert kolekcijos parkeris suteiks stilingos Pary\u017eiaus elegancijos J\u016bs\u0173 darbo dienai. Prabangios apdailos detal\u0117s pabr\u0117\u017eia parkerio savinink\u0105 kaip svarbi\u0105 asmenyb\u0119. Korpusas pagamintas i\u0161 ner\u016bdijan\u010dio plieno, apdailos detal\u0117s padengtos 23K auksu. Ner\u016bdijan\u010dio plieno plunksna, padengta 23K auksu, u\u017etikrina optimal\u0173 ra\u0161ymo komfort\u0105. Plunksnako\u010diui naudojamos Waterman ra\u0161alo kapsul\u0117s arba pritraukimo mechanizmas. Parduodamas prabangioje Waterman dovan\u0173 d\u0117\u017eut\u0117je. Plunksna: [&hellip;]","og_url":"https:\/\/rutana.lt\/en\/product\/plunksnakotis-expert-stainless-steel-gt-waterman-s0951940\/","og_site_name":"Rutana - Ra\u0161tin\u0117s reikmenys","article_publisher":"https:\/\/www.facebook.com\/RutanaKanceliarinesPrekes\/","article_modified_time":"2025-10-13T13:22:55+00:00","og_image":[{"width":600,"height":600,"url":"https:\/\/rutana.lt\/wp-content\/uploads\/2025\/09\/C051-311.jpg","type":"image\/jpeg"}],"twitter_card":"summary_large_image","schema":{"@context":"https:\/\/schema.org","@graph":[{"@type":"WebPage","@id":"https:\/\/rutana.lt\/produktas\/plunksnakotis-expert-stainless-steel-gt-waterman-s0951940\/","url":"https:\/\/rutana.lt\/produktas\/plunksnakotis-expert-stainless-steel-gt-waterman-s0951940\/","name":"Plunksnakotis Expert Stainless Steel GT Waterman S0951940 - Rutana - Ra\u0161tin\u0117s reikmenys","isPartOf":{"@id":"https:\/\/rutana.lt\/#website"},"primaryImageOfPage":{"@id":"https:\/\/rutana.lt\/produktas\/plunksnakotis-expert-stainless-steel-gt-waterman-s0951940\/#primaryimage"},"image":{"@id":"https:\/\/rutana.lt\/produktas\/plunksnakotis-expert-stainless-steel-gt-waterman-s0951940\/#primaryimage"},"thumbnailUrl":"https:\/\/rutana.lt\/wp-content\/uploads\/2025\/09\/C051-311-2.jpg?v=1763622563","datePublished":"2025-09-03T06:44:42+00:00","dateModified":"2025-10-13T13:22:55+00:00","breadcrumb":{"@id":"https:\/\/rutana.lt\/produktas\/plunksnakotis-expert-stainless-steel-gt-waterman-s0951940\/#breadcrumb"},"inLanguage":"en-US","potentialAction":[{"@type":"ReadAction","target":["https:\/\/rutana.lt\/produktas\/plunksnakotis-expert-stainless-steel-gt-waterman-s0951940\/"]}]},{"@type":"ImageObject","inLanguage":"en-US","@id":"https:\/\/rutana.lt\/produktas\/plunksnakotis-expert-stainless-steel-gt-waterman-s0951940\/#primaryimage","url":"https:\/\/rutana.lt\/wp-content\/uploads\/2025\/09\/C051-311-2.jpg?v=1763622563","contentUrl":"https:\/\/rutana.lt\/wp-content\/uploads\/2025\/09\/C051-311-2.jpg?v=1763622563","width":600,"height":600},{"@type":"BreadcrumbList","@id":"https:\/\/rutana.lt\/produktas\/plunksnakotis-expert-stainless-steel-gt-waterman-s0951940\/#breadcrumb","itemListElement":[{"@type":"ListItem","position":1,"name":"Home","item":"https:\/\/rutana.lt\/"},{"@type":"ListItem","position":2,"name":"Parduotuv\u0117","item":"https:\/\/rutana.lt\/parduotuve\/"},{"@type":"ListItem","position":3,"name":"Plunksnakotis Expert Stainless Steel GT Waterman S0951940"}]},{"@type":"WebSite","@id":"https:\/\/rutana.lt\/#website","url":"https:\/\/rutana.lt\/","name":"Rutana - Ra\u0161tin\u0117s reikmenys","description":"Prekiaujame pasaulin\u0117je rinkoje pripa\u017eintomis, kokybi\u0161komis biuro prek\u0117mis toki\u0173  gamintoj\u0173 kaip: Schneider, Esselte, Novus, 3M, Faber-Castell, Citizen, Milan, Leitz, Colop, Zebra, Staedtler, Durable, Tork, Parker, Waterman ir kt.","publisher":{"@id":"https:\/\/rutana.lt\/#organization"},"potentialAction":[{"@type":"SearchAction","target":{"@type":"EntryPoint","urlTemplate":"https:\/\/rutana.lt\/?s={search_term_string}"},"query-input":{"@type":"PropertyValueSpecification","valueRequired":true,"valueName":"search_term_string"}}],"inLanguage":"en-US"},{"@type":"Organization","@id":"https:\/\/rutana.lt\/#organization","name":"Rutana - Ra\u0161tin\u0117s reikmenys","url":"https:\/\/rutana.lt\/","logo":{"@type":"ImageObject","inLanguage":"en-US","@id":"https:\/\/rutana.lt\/#\/schema\/logo\/image\/","url":"https:\/\/rutana.lt\/wp-content\/uploads\/2025\/10\/Asset-32.png","contentUrl":"https:\/\/rutana.lt\/wp-content\/uploads\/2025\/10\/Asset-32.png","width":433,"height":119,"caption":"Rutana - Ra\u0161tin\u0117s reikmenys"},"image":{"@id":"https:\/\/rutana.lt\/#\/schema\/logo\/image\/"},"sameAs":["https:\/\/www.facebook.com\/RutanaKanceliarinesPrekes\/"]}]}},"_links":{"self":[{"href":"https:\/\/rutana.lt\/en\/wp-json\/wp\/v2\/product\/5124","targetHints":{"allow":["GET"]}}],"collection":[{"href":"https:\/\/rutana.lt\/en\/wp-json\/wp\/v2\/product"}],"about":[{"href":"https:\/\/rutana.lt\/en\/wp-json\/wp\/v2\/types\/product"}],"replies":[{"embeddable":true,"href":"https:\/\/rutana.lt\/en\/wp-json\/wp\/v2\/comments?post=5124"}],"version-history":[{"count":1,"href":"https:\/\/rutana.lt\/en\/wp-json\/wp\/v2\/product\/5124\/revisions"}],"predecessor-version":[{"id":5174,"href":"https:\/\/rutana.lt\/en\/wp-json\/wp\/v2\/product\/5124\/revisions\/5174"}],"wp:featuredmedia":[{"embeddable":true,"href":"https:\/\/rutana.lt\/en\/wp-json\/wp\/v2\/media\/25379"}],"wp:attachment":[{"href":"https:\/\/rutana.lt\/en\/wp-json\/wp\/v2\/media?parent=5124"}],"wp:term":[{"taxonomy":"product_brand","embeddable":true,"href":"https:\/\/rutana.lt\/en\/wp-json\/wp\/v2\/product_brand?post=5124"},{"taxonomy":"product_cat","embeddable":true,"href":"https:\/\/rutana.lt\/en\/wp-json\/wp\/v2\/product_cat?post=5124"},{"taxonomy":"product_tag","embeddable":true,"href":"https:\/\/rutana.lt\/en\/wp-json\/wp\/v2\/product_tag?post=5124"}],"curies":[{"name":"wp","href":"https:\/\/api.w.org\/{rel}","templated":true}]}}