{"id":4963,"date":"2025-09-03T08:43:54","date_gmt":"2025-09-03T06:43:54","guid":{"rendered":"https:\/\/rutana.webdemo.lt\/?post_type=product&#038;p=4963"},"modified":"2025-10-13T15:22:17","modified_gmt":"2025-10-13T13:22:17","slug":"plunksnakotis-expert-3-black-laque-gt-waterman-s0951640","status":"publish","type":"product","link":"https:\/\/rutana.lt\/en\/product\/plunksnakotis-expert-3-black-laque-gt-waterman-s0951640\/","title":{"rendered":"Plunksnakotis Expert 3 Black Laque GT Waterman S0951640"},"content":{"rendered":"<p style=\"margin-bottom: 10px;\">Prabangus Waterman Expert kolekcijos parkeris suteiks stilingos Pary\u017eiaus elegancijos J\u016bs\u0173 darbo dienai. Cigaro formos modelis ir prabangios apdailos detal\u0117s pabr\u0117\u017eia parkerio savinink\u0105 kaip svarbi\u0105 asmenyb\u0119. Juodos spalvos lakuotas korpusas, apdailos detal\u0117s padengtos 23K auksu. Plunksnako\u010diui naudojamos Waterman ra\u0161alo kapsul\u0117s arba pritraukimo mechanizmas. Parduodamas prabangioje Waterman dovan\u0173 d\u0117\u017eut\u0117je.<\/p>\n<p style=\"margin-bottom: 10px;\">Plunksna: ner\u016bdijantis plienas padengtas 23K auksu<\/p>\n<p style=\"margin-bottom: 10px;\">Plunksnos br\u0117\u017eio storis: F<\/p>\n<p style=\"margin-bottom: 10px;\">Korpusas: juodas, lakuotas<\/p>\n<p style=\"margin-bottom: 10px;\"><\/p>\n<p style=\"margin-bottom: 10px;\"><\/p>","protected":false},"excerpt":{"rendered":"<p>Prabangus Waterman Expert kolekcijos parkeris suteiks stilingos Pary\u017eiaus elegancijos J\u016bs\u0173 darbo dienai. Cigaro formos modelis ir prabangios apdailos detal\u0117s pabr\u0117\u017eia parkerio savinink\u0105 kaip svarbi\u0105 asmenyb\u0119. Juodos spalvos lakuotas korpusas, apdailos detal\u0117s padengtos 23K auksu. Plunksnako\u010diui naudojamos Waterman ra\u0161alo kapsul\u0117s arba pritraukimo mechanizmas. Parduodamas prabangioje Waterman dovan\u0173 d\u0117\u017eut\u0117je. Plunksna: ner\u016bdijantis plienas padengtas 23K auksu Plunksnos br\u0117\u017eio [&hellip;]<\/p>","protected":false},"featured_media":25320,"comment_status":"open","ping_status":"closed","template":"","meta":{"_season_start":"","_season_end":"","_season_days":"","_season_months":"","_season_auto_visibility":""},"product_brand":[459],"product_cat":[1836],"product_tag":[],"class_list":{"0":"post-4963","1":"product","2":"type-product","3":"status-publish","4":"has-post-thumbnail","6":"product_brand-waterman","7":"product_cat-parkeriai","9":"first","10":"instock","11":"taxable","12":"shipping-taxable","13":"purchasable","14":"product-type-simple"},"yoast_head":"<!-- This site is optimized with the Yoast SEO plugin v26.1.1 - https:\/\/yoast.com\/wordpress\/plugins\/seo\/ -->\n<title>Plunksnakotis Expert 3 Black Laque GT Waterman S0951640 - Rutana - Ra\u0161tin\u0117s reikmenys<\/title>\n<meta name=\"robots\" content=\"index, follow, max-snippet:-1, max-image-preview:large, max-video-preview:-1\" \/>\n<link rel=\"canonical\" href=\"https:\/\/rutana.lt\/en\/product\/plunksnakotis-expert-3-black-laque-gt-waterman-s0951640\/\" \/>\n<meta property=\"og:locale\" content=\"en_US\" \/>\n<meta property=\"og:type\" content=\"article\" \/>\n<meta property=\"og:title\" content=\"Plunksnakotis Expert 3 Black Laque GT Waterman S0951640 - Rutana - Ra\u0161tin\u0117s reikmenys\" \/>\n<meta property=\"og:description\" content=\"Prabangus Waterman Expert kolekcijos parkeris suteiks stilingos Pary\u017eiaus elegancijos J\u016bs\u0173 darbo dienai. Cigaro formos modelis ir prabangios apdailos detal\u0117s pabr\u0117\u017eia parkerio savinink\u0105 kaip svarbi\u0105 asmenyb\u0119. Juodos spalvos lakuotas korpusas, apdailos detal\u0117s padengtos 23K auksu. Plunksnako\u010diui naudojamos Waterman ra\u0161alo kapsul\u0117s arba pritraukimo mechanizmas. Parduodamas prabangioje Waterman dovan\u0173 d\u0117\u017eut\u0117je. Plunksna: ner\u016bdijantis plienas padengtas 23K auksu Plunksnos br\u0117\u017eio [&hellip;]\" \/>\n<meta property=\"og:url\" content=\"https:\/\/rutana.lt\/en\/product\/plunksnakotis-expert-3-black-laque-gt-waterman-s0951640\/\" \/>\n<meta property=\"og:site_name\" content=\"Rutana - Ra\u0161tin\u0117s reikmenys\" \/>\n<meta property=\"article:publisher\" content=\"https:\/\/www.facebook.com\/RutanaKanceliarinesPrekes\/\" \/>\n<meta property=\"article:modified_time\" content=\"2025-10-13T13:22:17+00:00\" \/>\n<meta property=\"og:image\" content=\"https:\/\/rutana.lt\/wp-content\/uploads\/2025\/09\/C051-310.jpg\" \/>\n\t<meta property=\"og:image:width\" content=\"604\" \/>\n\t<meta property=\"og:image:height\" content=\"487\" \/>\n\t<meta property=\"og:image:type\" content=\"image\/jpeg\" \/>\n<meta name=\"twitter:card\" content=\"summary_large_image\" \/>\n<script type=\"application\/ld+json\" class=\"yoast-schema-graph\">{\"@context\":\"https:\/\/schema.org\",\"@graph\":[{\"@type\":\"WebPage\",\"@id\":\"https:\/\/rutana.lt\/produktas\/plunksnakotis-expert-3-black-laque-gt-waterman-s0951640\/\",\"url\":\"https:\/\/rutana.lt\/produktas\/plunksnakotis-expert-3-black-laque-gt-waterman-s0951640\/\",\"name\":\"Plunksnakotis Expert 3 Black Laque GT Waterman S0951640 - Rutana - Ra\u0161tin\u0117s reikmenys\",\"isPartOf\":{\"@id\":\"https:\/\/rutana.lt\/#website\"},\"primaryImageOfPage\":{\"@id\":\"https:\/\/rutana.lt\/produktas\/plunksnakotis-expert-3-black-laque-gt-waterman-s0951640\/#primaryimage\"},\"image\":{\"@id\":\"https:\/\/rutana.lt\/produktas\/plunksnakotis-expert-3-black-laque-gt-waterman-s0951640\/#primaryimage\"},\"thumbnailUrl\":\"https:\/\/rutana.lt\/wp-content\/uploads\/2025\/09\/C051-310-3.jpg?v=1763622648\",\"datePublished\":\"2025-09-03T06:43:54+00:00\",\"dateModified\":\"2025-10-13T13:22:17+00:00\",\"breadcrumb\":{\"@id\":\"https:\/\/rutana.lt\/produktas\/plunksnakotis-expert-3-black-laque-gt-waterman-s0951640\/#breadcrumb\"},\"inLanguage\":\"en-US\",\"potentialAction\":[{\"@type\":\"ReadAction\",\"target\":[\"https:\/\/rutana.lt\/produktas\/plunksnakotis-expert-3-black-laque-gt-waterman-s0951640\/\"]}]},{\"@type\":\"ImageObject\",\"inLanguage\":\"en-US\",\"@id\":\"https:\/\/rutana.lt\/produktas\/plunksnakotis-expert-3-black-laque-gt-waterman-s0951640\/#primaryimage\",\"url\":\"https:\/\/rutana.lt\/wp-content\/uploads\/2025\/09\/C051-310-3.jpg?v=1763622648\",\"contentUrl\":\"https:\/\/rutana.lt\/wp-content\/uploads\/2025\/09\/C051-310-3.jpg?v=1763622648\",\"width\":604,\"height\":487},{\"@type\":\"BreadcrumbList\",\"@id\":\"https:\/\/rutana.lt\/produktas\/plunksnakotis-expert-3-black-laque-gt-waterman-s0951640\/#breadcrumb\",\"itemListElement\":[{\"@type\":\"ListItem\",\"position\":1,\"name\":\"Home\",\"item\":\"https:\/\/rutana.lt\/\"},{\"@type\":\"ListItem\",\"position\":2,\"name\":\"Parduotuv\u0117\",\"item\":\"https:\/\/rutana.lt\/parduotuve\/\"},{\"@type\":\"ListItem\",\"position\":3,\"name\":\"Plunksnakotis Expert 3 Black Laque GT Waterman S0951640\"}]},{\"@type\":\"WebSite\",\"@id\":\"https:\/\/rutana.lt\/#website\",\"url\":\"https:\/\/rutana.lt\/\",\"name\":\"Rutana - Ra\u0161tin\u0117s reikmenys\",\"description\":\"Prekiaujame pasaulin\u0117je rinkoje pripa\u017eintomis, kokybi\u0161komis biuro prek\u0117mis toki\u0173  gamintoj\u0173 kaip: Schneider, Esselte, Novus, 3M, Faber-Castell, Citizen, Milan, Leitz, Colop, Zebra, Staedtler, Durable, Tork, Parker, Waterman ir kt.\",\"publisher\":{\"@id\":\"https:\/\/rutana.lt\/#organization\"},\"potentialAction\":[{\"@type\":\"SearchAction\",\"target\":{\"@type\":\"EntryPoint\",\"urlTemplate\":\"https:\/\/rutana.lt\/?s={search_term_string}\"},\"query-input\":{\"@type\":\"PropertyValueSpecification\",\"valueRequired\":true,\"valueName\":\"search_term_string\"}}],\"inLanguage\":\"en-US\"},{\"@type\":\"Organization\",\"@id\":\"https:\/\/rutana.lt\/#organization\",\"name\":\"Rutana - Ra\u0161tin\u0117s reikmenys\",\"url\":\"https:\/\/rutana.lt\/\",\"logo\":{\"@type\":\"ImageObject\",\"inLanguage\":\"en-US\",\"@id\":\"https:\/\/rutana.lt\/#\/schema\/logo\/image\/\",\"url\":\"https:\/\/rutana.lt\/wp-content\/uploads\/2025\/10\/Asset-32.png\",\"contentUrl\":\"https:\/\/rutana.lt\/wp-content\/uploads\/2025\/10\/Asset-32.png\",\"width\":433,\"height\":119,\"caption\":\"Rutana - Ra\u0161tin\u0117s reikmenys\"},\"image\":{\"@id\":\"https:\/\/rutana.lt\/#\/schema\/logo\/image\/\"},\"sameAs\":[\"https:\/\/www.facebook.com\/RutanaKanceliarinesPrekes\/\"]}]}<\/script>\n<!-- \/ Yoast SEO plugin. -->","yoast_head_json":{"title":"Plunksnakotis Expert 3 Black Laque GT Waterman S0951640 - Rutana - Ra\u0161tin\u0117s reikmenys","robots":{"index":"index","follow":"follow","max-snippet":"max-snippet:-1","max-image-preview":"max-image-preview:large","max-video-preview":"max-video-preview:-1"},"canonical":"https:\/\/rutana.lt\/en\/product\/plunksnakotis-expert-3-black-laque-gt-waterman-s0951640\/","og_locale":"en_US","og_type":"article","og_title":"Plunksnakotis Expert 3 Black Laque GT Waterman S0951640 - Rutana - Ra\u0161tin\u0117s reikmenys","og_description":"Prabangus Waterman Expert kolekcijos parkeris suteiks stilingos Pary\u017eiaus elegancijos J\u016bs\u0173 darbo dienai. Cigaro formos modelis ir prabangios apdailos detal\u0117s pabr\u0117\u017eia parkerio savinink\u0105 kaip svarbi\u0105 asmenyb\u0119. Juodos spalvos lakuotas korpusas, apdailos detal\u0117s padengtos 23K auksu. Plunksnako\u010diui naudojamos Waterman ra\u0161alo kapsul\u0117s arba pritraukimo mechanizmas. Parduodamas prabangioje Waterman dovan\u0173 d\u0117\u017eut\u0117je. Plunksna: ner\u016bdijantis plienas padengtas 23K auksu Plunksnos br\u0117\u017eio [&hellip;]","og_url":"https:\/\/rutana.lt\/en\/product\/plunksnakotis-expert-3-black-laque-gt-waterman-s0951640\/","og_site_name":"Rutana - Ra\u0161tin\u0117s reikmenys","article_publisher":"https:\/\/www.facebook.com\/RutanaKanceliarinesPrekes\/","article_modified_time":"2025-10-13T13:22:17+00:00","og_image":[{"width":604,"height":487,"url":"https:\/\/rutana.lt\/wp-content\/uploads\/2025\/09\/C051-310.jpg","type":"image\/jpeg"}],"twitter_card":"summary_large_image","schema":{"@context":"https:\/\/schema.org","@graph":[{"@type":"WebPage","@id":"https:\/\/rutana.lt\/produktas\/plunksnakotis-expert-3-black-laque-gt-waterman-s0951640\/","url":"https:\/\/rutana.lt\/produktas\/plunksnakotis-expert-3-black-laque-gt-waterman-s0951640\/","name":"Plunksnakotis Expert 3 Black Laque GT Waterman S0951640 - Rutana - Ra\u0161tin\u0117s reikmenys","isPartOf":{"@id":"https:\/\/rutana.lt\/#website"},"primaryImageOfPage":{"@id":"https:\/\/rutana.lt\/produktas\/plunksnakotis-expert-3-black-laque-gt-waterman-s0951640\/#primaryimage"},"image":{"@id":"https:\/\/rutana.lt\/produktas\/plunksnakotis-expert-3-black-laque-gt-waterman-s0951640\/#primaryimage"},"thumbnailUrl":"https:\/\/rutana.lt\/wp-content\/uploads\/2025\/09\/C051-310-3.jpg?v=1763622648","datePublished":"2025-09-03T06:43:54+00:00","dateModified":"2025-10-13T13:22:17+00:00","breadcrumb":{"@id":"https:\/\/rutana.lt\/produktas\/plunksnakotis-expert-3-black-laque-gt-waterman-s0951640\/#breadcrumb"},"inLanguage":"en-US","potentialAction":[{"@type":"ReadAction","target":["https:\/\/rutana.lt\/produktas\/plunksnakotis-expert-3-black-laque-gt-waterman-s0951640\/"]}]},{"@type":"ImageObject","inLanguage":"en-US","@id":"https:\/\/rutana.lt\/produktas\/plunksnakotis-expert-3-black-laque-gt-waterman-s0951640\/#primaryimage","url":"https:\/\/rutana.lt\/wp-content\/uploads\/2025\/09\/C051-310-3.jpg?v=1763622648","contentUrl":"https:\/\/rutana.lt\/wp-content\/uploads\/2025\/09\/C051-310-3.jpg?v=1763622648","width":604,"height":487},{"@type":"BreadcrumbList","@id":"https:\/\/rutana.lt\/produktas\/plunksnakotis-expert-3-black-laque-gt-waterman-s0951640\/#breadcrumb","itemListElement":[{"@type":"ListItem","position":1,"name":"Home","item":"https:\/\/rutana.lt\/"},{"@type":"ListItem","position":2,"name":"Parduotuv\u0117","item":"https:\/\/rutana.lt\/parduotuve\/"},{"@type":"ListItem","position":3,"name":"Plunksnakotis Expert 3 Black Laque GT Waterman S0951640"}]},{"@type":"WebSite","@id":"https:\/\/rutana.lt\/#website","url":"https:\/\/rutana.lt\/","name":"Rutana - Ra\u0161tin\u0117s reikmenys","description":"Prekiaujame pasaulin\u0117je rinkoje pripa\u017eintomis, kokybi\u0161komis biuro prek\u0117mis toki\u0173  gamintoj\u0173 kaip: Schneider, Esselte, Novus, 3M, Faber-Castell, Citizen, Milan, Leitz, Colop, Zebra, Staedtler, Durable, Tork, Parker, Waterman ir kt.","publisher":{"@id":"https:\/\/rutana.lt\/#organization"},"potentialAction":[{"@type":"SearchAction","target":{"@type":"EntryPoint","urlTemplate":"https:\/\/rutana.lt\/?s={search_term_string}"},"query-input":{"@type":"PropertyValueSpecification","valueRequired":true,"valueName":"search_term_string"}}],"inLanguage":"en-US"},{"@type":"Organization","@id":"https:\/\/rutana.lt\/#organization","name":"Rutana - Ra\u0161tin\u0117s reikmenys","url":"https:\/\/rutana.lt\/","logo":{"@type":"ImageObject","inLanguage":"en-US","@id":"https:\/\/rutana.lt\/#\/schema\/logo\/image\/","url":"https:\/\/rutana.lt\/wp-content\/uploads\/2025\/10\/Asset-32.png","contentUrl":"https:\/\/rutana.lt\/wp-content\/uploads\/2025\/10\/Asset-32.png","width":433,"height":119,"caption":"Rutana - Ra\u0161tin\u0117s reikmenys"},"image":{"@id":"https:\/\/rutana.lt\/#\/schema\/logo\/image\/"},"sameAs":["https:\/\/www.facebook.com\/RutanaKanceliarinesPrekes\/"]}]}},"_links":{"self":[{"href":"https:\/\/rutana.lt\/en\/wp-json\/wp\/v2\/product\/4963","targetHints":{"allow":["GET"]}}],"collection":[{"href":"https:\/\/rutana.lt\/en\/wp-json\/wp\/v2\/product"}],"about":[{"href":"https:\/\/rutana.lt\/en\/wp-json\/wp\/v2\/types\/product"}],"replies":[{"embeddable":true,"href":"https:\/\/rutana.lt\/en\/wp-json\/wp\/v2\/comments?post=4963"}],"version-history":[{"count":1,"href":"https:\/\/rutana.lt\/en\/wp-json\/wp\/v2\/product\/4963\/revisions"}],"predecessor-version":[{"id":5005,"href":"https:\/\/rutana.lt\/en\/wp-json\/wp\/v2\/product\/4963\/revisions\/5005"}],"wp:featuredmedia":[{"embeddable":true,"href":"https:\/\/rutana.lt\/en\/wp-json\/wp\/v2\/media\/25320"}],"wp:attachment":[{"href":"https:\/\/rutana.lt\/en\/wp-json\/wp\/v2\/media?parent=4963"}],"wp:term":[{"taxonomy":"product_brand","embeddable":true,"href":"https:\/\/rutana.lt\/en\/wp-json\/wp\/v2\/product_brand?post=4963"},{"taxonomy":"product_cat","embeddable":true,"href":"https:\/\/rutana.lt\/en\/wp-json\/wp\/v2\/product_cat?post=4963"},{"taxonomy":"product_tag","embeddable":true,"href":"https:\/\/rutana.lt\/en\/wp-json\/wp\/v2\/product_tag?post=4963"}],"curies":[{"name":"wp","href":"https:\/\/api.w.org\/{rel}","templated":true}]}}